{"id":334976,"date":"2022-03-01T07:38:48","date_gmt":"2022-03-01T07:38:48","guid":{"rendered":"https:\/\/www.purejewels.com\/?post_type=product&#038;p=334976"},"modified":"2026-01-19T11:11:41","modified_gmt":"2026-01-19T11:11:41","slug":"22-ayar-altin-parti-kiyafeti-kada-41362","status":"publish","type":"product","link":"https:\/\/www.purejewels.com\/tr\/product\/22ct-gold-party-wear-kada-41362\/","title":{"rendered":"22 Ayar Alt\u0131n Parti K\u0131yafeti Kada | 2.4 | Rozet Koleksiyonu"},"content":{"rendered":"<h2>Tarih<\/h2>\n<p>Bileklik ismi, ki\u015finin hayat\u0131na g\u00fcvenlik ve \u015fans getirme e\u011filiminde olan cam anlam\u0131na gelen 'bungri' kelimesinden t\u00fcretilmi\u015ftir. <a href=\"https:\/\/www.purejewels.com\/tr\/how-to-measure-bangle-size-2\/\">Bilezikler<\/a> her biri kendi ba\u015f\u0131na \u00f6nemli bir anlam ve geleneksel \u00f6neme sahip olan \u00e7e\u015fitli tasar\u0131m ve stillerde \u00fcretilmi\u015ftir ve bu \u00f6zellikle bilekli\u011fin geli\u015fmi\u015f bir versiyonu olarak bilinen <strong>kada<\/strong>. Bu alt\u0131n <a href=\"https:\/\/www.purejewels.com\/tr\/product\/22ct-gold-bangles-27134\/\">bileklik seti<\/a> kendine \u00f6zg\u00fc sanatsal bir yetene\u011fe sahiptir. Cesur, g\u00fczel ve bu festival sezonunda t\u00fcm geleneksel ve d\u00fc\u011f\u00fcn k\u0131yafetlerinizle stil olu\u015fturman\u0131z i\u00e7in m\u00fckemmel.<\/p>\n<h2>Tasar\u0131m<\/h2>\n<p>Bu <strong>geli\u0307n kada bi\u0307lezi\u0307k <a href=\"https:\/\/www.purejewels.com\/tr\/product-category\/22ct-gold-jewellery\/\">22 Karat<\/a> alt\u0131n<\/strong> cesurdur ve her zaman bir a\u00e7\u0131klama yapar. Kada, el yap\u0131m\u0131 minyat\u00fcr rawalar ve topraks\u0131 \u00e7i\u00e7ek desenlerinde y\u00fczeyin her taraf\u0131na karma\u015f\u0131k bir \u015fekilde yerle\u015ftirilmi\u015f di\u011fer unsurlarla elde edilen g\u00fczel kabartmal\u0131 unsurlar\u0131 \u00e7evreleyen iki dairesel alt\u0131n telle ba\u015flar. Kada'n\u0131n g\u00f6r\u00fcn\u00fcm\u00fc ve hissi, muhte\u015fem alt\u0131n tellerle daha da zenginle\u015ftirilmi\u015ftir. <a href=\"https:\/\/www.purejewels.com\/tr\/a-guide-to-die-stamping\/\">zanaatkarl\u0131k<\/a> Bilekli\u011fi \u00e7evirip bakt\u0131k\u00e7a b\u00fcy\u00fclenirsiniz. Antika bir g\u00f6r\u00fcn\u00fcm veren yumu\u015fak alt\u0131n tonu, g\u00f6rkemli g\u00f6r\u00fcnmelerini sa\u011flar.<\/p>\n<h2>Stil<\/h2>\n<p>Gelinin di\u011fer k\u0131yafetleriyle birlikte stil olu\u015fturmas\u0131 i\u00e7in m\u00fckemmel <strong>geli\u0307n m\u00fccevherleri\u0307<\/strong> ve \u015fenliklerin devam etmesini sa\u011flamak i\u00e7in Hint k\u0131yafetlerinizle ba\u011f\u0131ms\u0131z olarak da \u015fekillendirilebilir. Sadece bunlar de\u011fil, web sitemizde kendinizi s\u00fcslemek ve \u015fekillendirmek i\u00e7in bu t\u00fcr stillerden daha fazlas\u0131n\u0131 bulabilirsiniz.<\/p>","protected":false},"excerpt":{"rendered":"<div class=\"woocommerce-product-details__short-description\">\n<table class=\"sh_desc\">\n<tbody>\n<tr>\n<td>Bileklik T\u00fcr\u00fc<\/td>\n<td>Gelin Giyim Kada<\/td>\n<\/tr>\n<tr>\n<td>SKU<\/td>\n<td>41362<\/td>\n<\/tr>\n<tr>\n<td>A\u011f\u0131rl\u0131k<\/td>\n<td>\u00a023,5 Gms<\/td>\n<\/tr>\n<tr>\n<td>Metal<\/td>\n<td>22 Ayar Alt\u0131n<\/td>\n<\/tr>\n<tr>\n<td>Bileklik \u00d6l\u00e7\u00fcs\u00fc<\/td>\n<td>2.4 (Ek boyutlar i\u00e7in l\u00fctfen sorunuz)<\/td>\n<\/tr>\n<tr>\n<td>Koleksiyon<\/td>\n<td><strong>Rozet Koleksiyonu<\/strong><\/td>\n<\/tr>\n<tr>\n<td>Hallmark<\/td>\n<td>Londra Tahlil Ofisi Taraf\u0131ndan Damgalanm\u0131\u015f 22 Ayar Alt\u0131n<\/td>\n<\/tr>\n<tr>\n<td>\u00dccretler<\/td>\n<td>Teslimat ve KDV Dahil<\/td>\n<\/tr>\n<tr>\n<td>Paketleme<\/td>\n<td>Sunum Kutusu ile Birlikte Gelir<\/td>\n<\/tr>\n<tr>\n<td>Daha Fazla Bilgi<\/td>\n<td>\n<ul>\n<li>Not: Burada belirtilen fiyat Tek Kada i\u00e7indir<\/li>\n<li>M\u00fcsaitlik durumu ve daha fazla resim i\u00e7in bizimle canl\u0131 sohbet edin<\/li>\n<\/ul>\n<\/td>\n<\/tr>\n<\/tbody>\n<\/table>\n<\/div>\n<p>&nbsp;<\/p>","protected":false},"featured_media":334986,"comment_status":"closed","ping_status":"closed","template":"","meta":{"_eb_attr":"","_crsspst_to_jayantr4sg-hostcom":false},"product_brand":[],"product_cat":[1233,5271,5273,1656,5349],"product_tag":[66],"class_list":{"0":"post-334976","1":"product","2":"type-product","3":"status-publish","4":"has-post-thumbnail","6":"product_cat-gold-bangles","7":"product_cat-occasion-wear-bangles","8":"product_cat-22ct-gold-poncha-bracelet","9":"product_cat-rosettes-collections","10":"product_cat-yellow-gold-jewellery","11":"product_tag-earrings","13":"first","14":"onbackorder","15":"taxable","16":"shipping-taxable","17":"product-type-simple","18":"add-to-wishlist-before_image"},"yoast_head":"<!-- This site is optimized with the Yoast SEO plugin v27.3 - https:\/\/yoast.com\/product\/yoast-seo-wordpress\/ -->\n<title>Partywear Kada Bangle in 22ct Gold | PureJewels.com<\/title>\n<meta name=\"description\" content=\"22ct Gold Indian Bangle | Bridal Bangle | Partywear Bangle Online in London | Order 22ct Gold Bangle | Free Delivery\" \/>\n<meta name=\"robots\" content=\"index, follow, max-snippet:-1, max-image-preview:large, max-video-preview:-1\" \/>\n<link rel=\"canonical\" href=\"https:\/\/www.purejewels.com\/tr\/urun\/22-ayar-altin-parti-kiyafeti-kada-41362\/\" \/>\n<meta property=\"og:locale\" content=\"tr_TR\" \/>\n<meta property=\"og:type\" content=\"article\" \/>\n<meta property=\"og:title\" content=\"Partywear Kada Bangle in 22ct Gold | PureJewels.com\" \/>\n<meta property=\"og:description\" content=\"22ct Gold Indian Bangle | Bridal Bangle | Partywear Bangle Online in London | Order 22ct Gold Bangle | Free Delivery\" \/>\n<meta property=\"og:url\" content=\"https:\/\/www.purejewels.com\/tr\/urun\/22-ayar-altin-parti-kiyafeti-kada-41362\/\" \/>\n<meta property=\"og:site_name\" content=\"PureJewels UK\" \/>\n<meta property=\"article:modified_time\" content=\"2026-01-19T11:11:41+00:00\" \/>\n<meta property=\"og:image\" content=\"https:\/\/static.purejewels.com\/wp-content\/uploads\/2022\/03\/41362-1.jpg\" \/>\n\t<meta property=\"og:image:width\" content=\"1000\" \/>\n\t<meta property=\"og:image:height\" content=\"1000\" \/>\n\t<meta property=\"og:image:type\" content=\"image\/jpeg\" \/>\n<meta name=\"twitter:card\" content=\"summary_large_image\" \/>\n<meta name=\"twitter:label1\" content=\"Tahmini okuma s\u00fcresi\" \/>\n\t<meta name=\"twitter:data1\" content=\"1 dakika\" \/>\n<script type=\"application\/ld+json\" class=\"yoast-schema-graph\">{\"@context\":\"https:\\\/\\\/schema.org\",\"@graph\":[{\"@type\":[\"WebPage\",\"ItemPage\"],\"@id\":\"https:\\\/\\\/www.purejewels.com\\\/product\\\/22ct-gold-party-wear-kada-41362\\\/\",\"url\":\"https:\\\/\\\/www.purejewels.com\\\/product\\\/22ct-gold-party-wear-kada-41362\\\/\",\"name\":\"Partywear Kada Bangle in 22ct Gold | PureJewels.com\",\"isPartOf\":{\"@id\":\"https:\\\/\\\/www.purejewels.com\\\/#website\"},\"primaryImageOfPage\":{\"@id\":\"https:\\\/\\\/www.purejewels.com\\\/product\\\/22ct-gold-party-wear-kada-41362\\\/#primaryimage\"},\"image\":{\"@id\":\"https:\\\/\\\/www.purejewels.com\\\/product\\\/22ct-gold-party-wear-kada-41362\\\/#primaryimage\"},\"thumbnailUrl\":\"https:\\\/\\\/static.purejewels.com\\\/wp-content\\\/uploads\\\/2022\\\/03\\\/41362-1.jpg\",\"datePublished\":\"2022-03-01T07:38:48+00:00\",\"dateModified\":\"2026-01-19T11:11:41+00:00\",\"description\":\"22ct Gold Indian Bangle | Bridal Bangle | Partywear Bangle Online in London | Order 22ct Gold Bangle | Free Delivery\",\"breadcrumb\":{\"@id\":\"https:\\\/\\\/www.purejewels.com\\\/product\\\/22ct-gold-party-wear-kada-41362\\\/#breadcrumb\"},\"inLanguage\":\"tr\",\"potentialAction\":[{\"@type\":\"ReadAction\",\"target\":[\"https:\\\/\\\/www.purejewels.com\\\/product\\\/22ct-gold-party-wear-kada-41362\\\/\"]}]},{\"@type\":\"ImageObject\",\"inLanguage\":\"tr\",\"@id\":\"https:\\\/\\\/www.purejewels.com\\\/product\\\/22ct-gold-party-wear-kada-41362\\\/#primaryimage\",\"url\":\"https:\\\/\\\/static.purejewels.com\\\/wp-content\\\/uploads\\\/2022\\\/03\\\/41362-1.jpg\",\"contentUrl\":\"https:\\\/\\\/static.purejewels.com\\\/wp-content\\\/uploads\\\/2022\\\/03\\\/41362-1.jpg\",\"width\":1000,\"height\":1000,\"caption\":\"22ct Gold Party Wear Kada | Rosettes Collection\"},{\"@type\":\"BreadcrumbList\",\"@id\":\"https:\\\/\\\/www.purejewels.com\\\/product\\\/22ct-gold-party-wear-kada-41362\\\/#breadcrumb\",\"itemListElement\":[{\"@type\":\"ListItem\",\"position\":1,\"name\":\"Home\",\"item\":\"https:\\\/\\\/www.purejewels.com\\\/\"},{\"@type\":\"ListItem\",\"position\":2,\"name\":\"Shop\",\"item\":\"https:\\\/\\\/www.purejewels.com\\\/shop\\\/\"},{\"@type\":\"ListItem\",\"position\":3,\"name\":\"22ct Gold Party Wear Kada | 2.4 | Rosettes Collection\"}]},{\"@type\":\"WebSite\",\"@id\":\"https:\\\/\\\/www.purejewels.com\\\/#website\",\"url\":\"https:\\\/\\\/www.purejewels.com\\\/\",\"name\":\"PureJewels UK\",\"description\":\"Share the Love\",\"publisher\":{\"@id\":\"https:\\\/\\\/www.purejewels.com\\\/#organization\"},\"potentialAction\":[{\"@type\":\"SearchAction\",\"target\":{\"@type\":\"EntryPoint\",\"urlTemplate\":\"https:\\\/\\\/www.purejewels.com\\\/?s={search_term_string}\"},\"query-input\":{\"@type\":\"PropertyValueSpecification\",\"valueRequired\":true,\"valueName\":\"search_term_string\"}}],\"inLanguage\":\"tr\"},{\"@type\":\"Organization\",\"@id\":\"https:\\\/\\\/www.purejewels.com\\\/#organization\",\"name\":\"PureJewels UK\",\"url\":\"https:\\\/\\\/www.purejewels.com\\\/\",\"logo\":{\"@type\":\"ImageObject\",\"inLanguage\":\"tr\",\"@id\":\"https:\\\/\\\/www.purejewels.com\\\/#\\\/schema\\\/logo\\\/image\\\/\",\"url\":\"https:\\\/\\\/static.purejewels.com\\\/wp-content\\\/uploads\\\/2020\\\/11\\\/Logo-PJ-New-1.png\",\"contentUrl\":\"https:\\\/\\\/static.purejewels.com\\\/wp-content\\\/uploads\\\/2020\\\/11\\\/Logo-PJ-New-1.png\",\"width\":150,\"height\":80,\"caption\":\"PureJewels UK\"},\"image\":{\"@id\":\"https:\\\/\\\/www.purejewels.com\\\/#\\\/schema\\\/logo\\\/image\\\/\"}}]}<\/script>\n<!-- \/ Yoast SEO plugin. -->","yoast_head_json":{"title":"Partywear Kada Bileklik 22 Ayar Alt\u0131n | PureJewels.com","description":"22 Ayar Alt\u0131n Hint Bileklik | Gelin Bileklik | Parti K\u0131yafeti Bileklik Londra'da Online | 22 Ayar Alt\u0131n Bileklik Sipari\u015fi | \u00dccretsiz Teslimat","robots":{"index":"index","follow":"follow","max-snippet":"max-snippet:-1","max-image-preview":"max-image-preview:large","max-video-preview":"max-video-preview:-1"},"canonical":"https:\/\/www.purejewels.com\/tr\/urun\/22-ayar-altin-parti-kiyafeti-kada-41362\/","og_locale":"tr_TR","og_type":"article","og_title":"Partywear Kada Bangle in 22ct Gold | PureJewels.com","og_description":"22ct Gold Indian Bangle | Bridal Bangle | Partywear Bangle Online in London | Order 22ct Gold Bangle | Free Delivery","og_url":"https:\/\/www.purejewels.com\/tr\/urun\/22-ayar-altin-parti-kiyafeti-kada-41362\/","og_site_name":"PureJewels UK","article_modified_time":"2026-01-19T11:11:41+00:00","og_image":[{"width":1000,"height":1000,"url":"https:\/\/static.purejewels.com\/wp-content\/uploads\/2022\/03\/41362-1.jpg","type":"image\/jpeg"}],"twitter_card":"summary_large_image","twitter_misc":{"Tahmini okuma s\u00fcresi":"1 dakika"},"schema":{"@context":"https:\/\/schema.org","@graph":[{"@type":["WebPage","ItemPage"],"@id":"https:\/\/www.purejewels.com\/product\/22ct-gold-party-wear-kada-41362\/","url":"https:\/\/www.purejewels.com\/product\/22ct-gold-party-wear-kada-41362\/","name":"Partywear Kada Bileklik 22 Ayar Alt\u0131n | PureJewels.com","isPartOf":{"@id":"https:\/\/www.purejewels.com\/#website"},"primaryImageOfPage":{"@id":"https:\/\/www.purejewels.com\/product\/22ct-gold-party-wear-kada-41362\/#primaryimage"},"image":{"@id":"https:\/\/www.purejewels.com\/product\/22ct-gold-party-wear-kada-41362\/#primaryimage"},"thumbnailUrl":"https:\/\/static.purejewels.com\/wp-content\/uploads\/2022\/03\/41362-1.jpg","datePublished":"2022-03-01T07:38:48+00:00","dateModified":"2026-01-19T11:11:41+00:00","description":"22 Ayar Alt\u0131n Hint Bileklik | Gelin Bileklik | Parti K\u0131yafeti Bileklik Londra'da Online | 22 Ayar Alt\u0131n Bileklik Sipari\u015fi | \u00dccretsiz Teslimat","breadcrumb":{"@id":"https:\/\/www.purejewels.com\/product\/22ct-gold-party-wear-kada-41362\/#breadcrumb"},"inLanguage":"tr","potentialAction":[{"@type":"ReadAction","target":["https:\/\/www.purejewels.com\/product\/22ct-gold-party-wear-kada-41362\/"]}]},{"@type":"ImageObject","inLanguage":"tr","@id":"https:\/\/www.purejewels.com\/product\/22ct-gold-party-wear-kada-41362\/#primaryimage","url":"https:\/\/static.purejewels.com\/wp-content\/uploads\/2022\/03\/41362-1.jpg","contentUrl":"https:\/\/static.purejewels.com\/wp-content\/uploads\/2022\/03\/41362-1.jpg","width":1000,"height":1000,"caption":"22ct Gold Party Wear Kada | Rosettes Collection"},{"@type":"BreadcrumbList","@id":"https:\/\/www.purejewels.com\/product\/22ct-gold-party-wear-kada-41362\/#breadcrumb","itemListElement":[{"@type":"ListItem","position":1,"name":"Home","item":"https:\/\/www.purejewels.com\/"},{"@type":"ListItem","position":2,"name":"Shop","item":"https:\/\/www.purejewels.com\/shop\/"},{"@type":"ListItem","position":3,"name":"22ct Gold Party Wear Kada | 2.4 | Rosettes Collection"}]},{"@type":"WebSite","@id":"https:\/\/www.purejewels.com\/#website","url":"https:\/\/www.purejewels.com\/","name":"PureJewels \u0130ngiltere","description":"Sevgiyi Payla\u015f\u0131n","publisher":{"@id":"https:\/\/www.purejewels.com\/#organization"},"potentialAction":[{"@type":"SearchAction","target":{"@type":"EntryPoint","urlTemplate":"https:\/\/www.purejewels.com\/?s={search_term_string}"},"query-input":{"@type":"PropertyValueSpecification","valueRequired":true,"valueName":"search_term_string"}}],"inLanguage":"tr"},{"@type":"Organization","@id":"https:\/\/www.purejewels.com\/#organization","name":"PureJewels \u0130ngiltere","url":"https:\/\/www.purejewels.com\/","logo":{"@type":"ImageObject","inLanguage":"tr","@id":"https:\/\/www.purejewels.com\/#\/schema\/logo\/image\/","url":"https:\/\/static.purejewels.com\/wp-content\/uploads\/2020\/11\/Logo-PJ-New-1.png","contentUrl":"https:\/\/static.purejewels.com\/wp-content\/uploads\/2020\/11\/Logo-PJ-New-1.png","width":150,"height":80,"caption":"PureJewels UK"},"image":{"@id":"https:\/\/www.purejewels.com\/#\/schema\/logo\/image\/"}}]}},"_links":{"self":[{"href":"https:\/\/www.purejewels.com\/tr\/wp-json\/wp\/v2\/product\/334976","targetHints":{"allow":["GET"]}}],"collection":[{"href":"https:\/\/www.purejewels.com\/tr\/wp-json\/wp\/v2\/product"}],"about":[{"href":"https:\/\/www.purejewels.com\/tr\/wp-json\/wp\/v2\/types\/product"}],"replies":[{"embeddable":true,"href":"https:\/\/www.purejewels.com\/tr\/wp-json\/wp\/v2\/comments?post=334976"}],"version-history":[{"count":2,"href":"https:\/\/www.purejewels.com\/tr\/wp-json\/wp\/v2\/product\/334976\/revisions"}],"predecessor-version":[{"id":388462,"href":"https:\/\/www.purejewels.com\/tr\/wp-json\/wp\/v2\/product\/334976\/revisions\/388462"}],"wp:featuredmedia":[{"embeddable":true,"href":"https:\/\/www.purejewels.com\/tr\/wp-json\/wp\/v2\/media\/334986"}],"wp:attachment":[{"href":"https:\/\/www.purejewels.com\/tr\/wp-json\/wp\/v2\/media?parent=334976"}],"wp:term":[{"taxonomy":"product_brand","embeddable":true,"href":"https:\/\/www.purejewels.com\/tr\/wp-json\/wp\/v2\/product_brand?post=334976"},{"taxonomy":"product_cat","embeddable":true,"href":"https:\/\/www.purejewels.com\/tr\/wp-json\/wp\/v2\/product_cat?post=334976"},{"taxonomy":"product_tag","embeddable":true,"href":"https:\/\/www.purejewels.com\/tr\/wp-json\/wp\/v2\/product_tag?post=334976"}],"curies":[{"name":"wp","href":"https:\/\/api.w.org\/{rel}","templated":true}]}}