{"id":335024,"date":"2022-03-02T07:53:51","date_gmt":"2022-03-02T07:53:51","guid":{"rendered":"https:\/\/www.purejewels.com\/?post_type=product&#038;p=335024"},"modified":"2025-11-12T05:11:32","modified_gmt":"2025-11-12T05:11:32","slug":"22-ayar-altindan-bas-harf-e-32486","status":"publish","type":"product","link":"https:\/\/www.purejewels.com\/tr\/product\/initial-e-in-22ct-gold-32486\/","title":{"rendered":"22 Ayar Alt\u0131nda E Harfi"},"content":{"rendered":"<p>Bu zarif Alt\u0131n E Harfli Kolye, her k\u0131yafete ki\u015fisel bir dokunu\u015f katan zamans\u0131z bir alfabe tak\u0131 par\u00e7as\u0131d\u0131r. 22 ayar alt\u0131ndan \u00fcretilen ve \u0131\u015f\u0131lt\u0131l\u0131 bir CZ ta\u015fla s\u00fcslenen bu kolye ucu, t\u00fcm durumlar i\u00e7in m\u00fckemmel bir hediyedir. \u0130ster sevdi\u011finiz biri i\u00e7in d\u00fc\u015f\u00fcnceli bir hediye ar\u0131yor olun, ister sadece kendinizi \u015f\u0131martmak istiyor olun, bu zarif kolyenin etkileyici olaca\u011f\u0131ndan emin olabilirsiniz.<\/p>\n<p>Her bir alfabe kolye ucu \u00f6zenle tasarlanm\u0131\u015f ve en y\u00fcksek kaliteyi sa\u011flamak i\u00e7in titizlikle \u00fcretilmi\u015ftir. Bu kolyenin a\u011f\u0131rl\u0131\u011f\u0131 1 gramd\u0131r, bu da onu her g\u00fcn takmak i\u00e7in hafif ve rahat bir aksesuar haline getirir. L\u00fctfen zincirin dahil olmad\u0131\u011f\u0131n\u0131, ancak resimde g\u00f6sterilen tilki kuyru\u011fu zincirinin ayr\u0131ca sat\u0131n al\u0131nabilece\u011fini unutmay\u0131n.<\/p>\n<p>T\u00fcm \u00fcr\u00fcnlerimiz Londra Tahlil Ofisi taraf\u0131ndan damgalanarak \u00f6zg\u00fcnl\u00fck ve kaliteyi garanti eder. Kolyeniz bir hediye kutusu i\u00e7inde g\u00fczel bir \u015fekilde sunulacak ve size kolayl\u0131k sa\u011flamak i\u00e7in teslimat dahil olacakt\u0131r.<\/p>\n<p><span data-sheets-root=\"1\">Sorular\u0131n\u0131z i\u00e7in veya daha h\u0131zl\u0131 teslimat talep etmek i\u00e7in bizimle ileti\u015fime ge\u00e7mekten veya canl\u0131 sohbet \u00f6zelli\u011fimizi kullanmaktan \u00e7ekinmeyin. Alfabe tak\u0131 koleksiyonumuzu ke\u015ffedin ve bug\u00fcn kendiniz veya sevdi\u011finiz biri i\u00e7in m\u00fckemmel par\u00e7ay\u0131 bulun.<\/span><\/p>","protected":false},"excerpt":{"rendered":"<ul>\n<li>CZ ta\u015fl\u0131 Alt\u0131n Alfabe Kolye<\/li>\n<li>\u0130lk E<\/li>\n<li>T\u00fcm durumlar i\u00e7in m\u00fckemmel bir hediye<\/li>\n<li>T\u00fcm Alfabeler ma\u011fazada mevcuttur<\/li>\n<li>A\u011f\u0131rl\u0131k 1 gms<\/li>\n<li>Sku 32486<\/li>\n<li>Zincir dahil de\u011fildir<\/li>\n<li>Resimde g\u00f6sterilen zincir bir <strong>Tilki Kuyru\u011fu Zinciri<\/strong><\/li>\n<li>T\u00fcm \u00fcr\u00fcnlerimiz London Assay Office taraf\u0131ndan damgalanm\u0131\u015ft\u0131r<\/li>\n<li>Sunum Kutusu ile Birlikte Gelir<\/li>\n<li>Teslimat Dahil<\/li>\n<li>T\u00fcm fiyatlara KDV dahildir<\/li>\n<li>T\u00fcm M\u00fccevher Hediyelerini g\u00f6rmek i\u00e7in bize ula\u015f\u0131n \/ bizimle canl\u0131 sohbet edin<\/li>\n<\/ul>","protected":false},"featured_media":333780,"comment_status":"closed","ping_status":"closed","template":"","meta":{"_eb_attr":"","_crsspst_to_jayantr4sg-hostcom":false},"product_brand":[],"product_cat":[1576,1794,1255,5342,1769,1767,1575,1569],"product_tag":[],"class_list":{"0":"post-335024","1":"product","2":"type-product","3":"status-publish","4":"has-post-thumbnail","6":"product_cat-childrens-jewellery","7":"product_cat-christmas-gifts","8":"product_cat-gold-pendants","9":"product_cat-jewellery-under-250","10":"product_cat-kids-pendants","11":"product_cat-ladies-pendants","12":"product_cat-teenage-jewellery","13":"product_cat-valentine-day-gifts","15":"first","16":"outofstock","17":"taxable","18":"shipping-taxable","19":"product-type-simple","20":"add-to-wishlist-before_image"},"yoast_head":"<!-- This site is optimized with the Yoast SEO plugin v27.5 - https:\/\/yoast.com\/product\/yoast-seo-wordpress\/ -->\n<title>Initial E Pendant in Gold | Alphabet Jewellery | PureJewels<\/title>\n<meta name=\"description\" content=\"Buy Initial Pendant with Chain. This initial E pendant is suitable for everyday use. Order online for free next working day UK delivery.\" \/>\n<meta name=\"robots\" content=\"index, follow, max-snippet:-1, max-image-preview:large, max-video-preview:-1\" \/>\n<link rel=\"canonical\" href=\"https:\/\/www.purejewels.com\/tr\/urun\/22-ayar-altindan-bas-harf-e-32486\/\" \/>\n<meta property=\"og:locale\" content=\"tr_TR\" \/>\n<meta property=\"og:type\" content=\"article\" \/>\n<meta property=\"og:title\" content=\"Initial E Pendant in Gold | Alphabet Jewellery | PureJewels\" \/>\n<meta property=\"og:description\" content=\"Buy Initial Pendant with Chain. This initial E pendant is suitable for everyday use. Order online for free next working day UK delivery.\" \/>\n<meta property=\"og:url\" content=\"https:\/\/www.purejewels.com\/tr\/urun\/22-ayar-altindan-bas-harf-e-32486\/\" \/>\n<meta property=\"og:site_name\" content=\"PureJewels UK\" \/>\n<meta property=\"article:modified_time\" content=\"2025-11-12T05:11:32+00:00\" \/>\n<meta property=\"og:image\" content=\"https:\/\/www.purejewels.com\/wp-content\/uploads\/2022\/02\/41210-32046-1.jpg\" \/>\n\t<meta property=\"og:image:width\" content=\"1000\" \/>\n\t<meta property=\"og:image:height\" content=\"1000\" \/>\n\t<meta property=\"og:image:type\" content=\"image\/jpeg\" \/>\n<meta name=\"twitter:card\" content=\"summary_large_image\" \/>\n<meta name=\"twitter:label1\" content=\"Tahmini okuma s\u00fcresi\" \/>\n\t<meta name=\"twitter:data1\" content=\"2 dakika\" \/>\n<script type=\"application\/ld+json\" class=\"yoast-schema-graph\">{\"@context\":\"https:\\\/\\\/schema.org\",\"@graph\":[{\"@type\":[\"WebPage\",\"ItemPage\"],\"@id\":\"https:\\\/\\\/www.purejewels.com\\\/product\\\/initial-e-in-22ct-gold-32486\\\/\",\"url\":\"https:\\\/\\\/www.purejewels.com\\\/product\\\/initial-e-in-22ct-gold-32486\\\/\",\"name\":\"Initial E Pendant in Gold | Alphabet Jewellery | PureJewels\",\"isPartOf\":{\"@id\":\"https:\\\/\\\/www.purejewels.com\\\/#website\"},\"primaryImageOfPage\":{\"@id\":\"https:\\\/\\\/www.purejewels.com\\\/product\\\/initial-e-in-22ct-gold-32486\\\/#primaryimage\"},\"image\":{\"@id\":\"https:\\\/\\\/www.purejewels.com\\\/product\\\/initial-e-in-22ct-gold-32486\\\/#primaryimage\"},\"thumbnailUrl\":\"https:\\\/\\\/static.purejewels.com\\\/wp-content\\\/uploads\\\/2022\\\/02\\\/41210-32046-1.jpg\",\"datePublished\":\"2022-03-02T07:53:51+00:00\",\"dateModified\":\"2025-11-12T05:11:32+00:00\",\"description\":\"Buy Initial Pendant with Chain. This initial E pendant is suitable for everyday use. Order online for free next working day UK delivery.\",\"breadcrumb\":{\"@id\":\"https:\\\/\\\/www.purejewels.com\\\/product\\\/initial-e-in-22ct-gold-32486\\\/#breadcrumb\"},\"inLanguage\":\"tr\",\"potentialAction\":[{\"@type\":\"ReadAction\",\"target\":[\"https:\\\/\\\/www.purejewels.com\\\/product\\\/initial-e-in-22ct-gold-32486\\\/\"]}]},{\"@type\":\"ImageObject\",\"inLanguage\":\"tr\",\"@id\":\"https:\\\/\\\/www.purejewels.com\\\/product\\\/initial-e-in-22ct-gold-32486\\\/#primaryimage\",\"url\":\"https:\\\/\\\/static.purejewels.com\\\/wp-content\\\/uploads\\\/2022\\\/02\\\/41210-32046-1.jpg\",\"contentUrl\":\"https:\\\/\\\/static.purejewels.com\\\/wp-content\\\/uploads\\\/2022\\\/02\\\/41210-32046-1.jpg\",\"width\":1000,\"height\":1000,\"caption\":\"22 Carat Gold Pendant Initial E 41210-32046-1\"},{\"@type\":\"BreadcrumbList\",\"@id\":\"https:\\\/\\\/www.purejewels.com\\\/product\\\/initial-e-in-22ct-gold-32486\\\/#breadcrumb\",\"itemListElement\":[{\"@type\":\"ListItem\",\"position\":1,\"name\":\"Home\",\"item\":\"https:\\\/\\\/www.purejewels.com\\\/\"},{\"@type\":\"ListItem\",\"position\":2,\"name\":\"Shop\",\"item\":\"https:\\\/\\\/www.purejewels.com\\\/shop\\\/\"},{\"@type\":\"ListItem\",\"position\":3,\"name\":\"Initial E in 22ct Gold\"}]},{\"@type\":\"WebSite\",\"@id\":\"https:\\\/\\\/www.purejewels.com\\\/#website\",\"url\":\"https:\\\/\\\/www.purejewels.com\\\/\",\"name\":\"PureJewels UK\",\"description\":\"Share the Love\",\"publisher\":{\"@id\":\"https:\\\/\\\/www.purejewels.com\\\/#organization\"},\"potentialAction\":[{\"@type\":\"SearchAction\",\"target\":{\"@type\":\"EntryPoint\",\"urlTemplate\":\"https:\\\/\\\/www.purejewels.com\\\/?s={search_term_string}\"},\"query-input\":{\"@type\":\"PropertyValueSpecification\",\"valueRequired\":true,\"valueName\":\"search_term_string\"}}],\"inLanguage\":\"tr\"},{\"@type\":\"Organization\",\"@id\":\"https:\\\/\\\/www.purejewels.com\\\/#organization\",\"name\":\"PureJewels UK\",\"url\":\"https:\\\/\\\/www.purejewels.com\\\/\",\"logo\":{\"@type\":\"ImageObject\",\"inLanguage\":\"tr\",\"@id\":\"https:\\\/\\\/www.purejewels.com\\\/#\\\/schema\\\/logo\\\/image\\\/\",\"url\":\"https:\\\/\\\/static.purejewels.com\\\/wp-content\\\/uploads\\\/2020\\\/11\\\/Logo-PJ-New-1.png\",\"contentUrl\":\"https:\\\/\\\/static.purejewels.com\\\/wp-content\\\/uploads\\\/2020\\\/11\\\/Logo-PJ-New-1.png\",\"width\":150,\"height\":80,\"caption\":\"PureJewels UK\"},\"image\":{\"@id\":\"https:\\\/\\\/www.purejewels.com\\\/#\\\/schema\\\/logo\\\/image\\\/\"}}]}<\/script>\n<!-- \/ Yoast SEO plugin. -->","yoast_head_json":{"title":"Alt\u0131n Ba\u015f Harfi E Kolye Ucu | Alfabe Tak\u0131lar | PureJewels","description":"Zincirli Ba\u015f Harf Kolye Sat\u0131n Al\u0131n. Bu E harfli kolye ucu g\u00fcnl\u00fck kullan\u0131m i\u00e7in uygundur. \u00dccretsiz ertesi i\u015f g\u00fcn\u00fc \u0130ngiltere teslimat\u0131 i\u00e7in online sipari\u015f verin.","robots":{"index":"index","follow":"follow","max-snippet":"max-snippet:-1","max-image-preview":"max-image-preview:large","max-video-preview":"max-video-preview:-1"},"canonical":"https:\/\/www.purejewels.com\/tr\/urun\/22-ayar-altindan-bas-harf-e-32486\/","og_locale":"tr_TR","og_type":"article","og_title":"Initial E Pendant in Gold | Alphabet Jewellery | PureJewels","og_description":"Buy Initial Pendant with Chain. This initial E pendant is suitable for everyday use. Order online for free next working day UK delivery.","og_url":"https:\/\/www.purejewels.com\/tr\/urun\/22-ayar-altindan-bas-harf-e-32486\/","og_site_name":"PureJewels UK","article_modified_time":"2025-11-12T05:11:32+00:00","og_image":[{"width":1000,"height":1000,"url":"https:\/\/www.purejewels.com\/wp-content\/uploads\/2022\/02\/41210-32046-1.jpg","type":"image\/jpeg"}],"twitter_card":"summary_large_image","twitter_misc":{"Tahmini okuma s\u00fcresi":"2 dakika"},"schema":{"@context":"https:\/\/schema.org","@graph":[{"@type":["WebPage","ItemPage"],"@id":"https:\/\/www.purejewels.com\/product\/initial-e-in-22ct-gold-32486\/","url":"https:\/\/www.purejewels.com\/product\/initial-e-in-22ct-gold-32486\/","name":"Alt\u0131n Ba\u015f Harfi E Kolye Ucu | Alfabe Tak\u0131lar | PureJewels","isPartOf":{"@id":"https:\/\/www.purejewels.com\/#website"},"primaryImageOfPage":{"@id":"https:\/\/www.purejewels.com\/product\/initial-e-in-22ct-gold-32486\/#primaryimage"},"image":{"@id":"https:\/\/www.purejewels.com\/product\/initial-e-in-22ct-gold-32486\/#primaryimage"},"thumbnailUrl":"https:\/\/static.purejewels.com\/wp-content\/uploads\/2022\/02\/41210-32046-1.jpg","datePublished":"2022-03-02T07:53:51+00:00","dateModified":"2025-11-12T05:11:32+00:00","description":"Zincirli Ba\u015f Harf Kolye Sat\u0131n Al\u0131n. Bu E harfli kolye ucu g\u00fcnl\u00fck kullan\u0131m i\u00e7in uygundur. \u00dccretsiz ertesi i\u015f g\u00fcn\u00fc \u0130ngiltere teslimat\u0131 i\u00e7in online sipari\u015f verin.","breadcrumb":{"@id":"https:\/\/www.purejewels.com\/product\/initial-e-in-22ct-gold-32486\/#breadcrumb"},"inLanguage":"tr","potentialAction":[{"@type":"ReadAction","target":["https:\/\/www.purejewels.com\/product\/initial-e-in-22ct-gold-32486\/"]}]},{"@type":"ImageObject","inLanguage":"tr","@id":"https:\/\/www.purejewels.com\/product\/initial-e-in-22ct-gold-32486\/#primaryimage","url":"https:\/\/static.purejewels.com\/wp-content\/uploads\/2022\/02\/41210-32046-1.jpg","contentUrl":"https:\/\/static.purejewels.com\/wp-content\/uploads\/2022\/02\/41210-32046-1.jpg","width":1000,"height":1000,"caption":"22 Carat Gold Pendant Initial E 41210-32046-1"},{"@type":"BreadcrumbList","@id":"https:\/\/www.purejewels.com\/product\/initial-e-in-22ct-gold-32486\/#breadcrumb","itemListElement":[{"@type":"ListItem","position":1,"name":"Home","item":"https:\/\/www.purejewels.com\/"},{"@type":"ListItem","position":2,"name":"Shop","item":"https:\/\/www.purejewels.com\/shop\/"},{"@type":"ListItem","position":3,"name":"Initial E in 22ct Gold"}]},{"@type":"WebSite","@id":"https:\/\/www.purejewels.com\/#website","url":"https:\/\/www.purejewels.com\/","name":"PureJewels \u0130ngiltere","description":"Sevgiyi Payla\u015f\u0131n","publisher":{"@id":"https:\/\/www.purejewels.com\/#organization"},"potentialAction":[{"@type":"SearchAction","target":{"@type":"EntryPoint","urlTemplate":"https:\/\/www.purejewels.com\/?s={search_term_string}"},"query-input":{"@type":"PropertyValueSpecification","valueRequired":true,"valueName":"search_term_string"}}],"inLanguage":"tr"},{"@type":"Organization","@id":"https:\/\/www.purejewels.com\/#organization","name":"PureJewels \u0130ngiltere","url":"https:\/\/www.purejewels.com\/","logo":{"@type":"ImageObject","inLanguage":"tr","@id":"https:\/\/www.purejewels.com\/#\/schema\/logo\/image\/","url":"https:\/\/static.purejewels.com\/wp-content\/uploads\/2020\/11\/Logo-PJ-New-1.png","contentUrl":"https:\/\/static.purejewels.com\/wp-content\/uploads\/2020\/11\/Logo-PJ-New-1.png","width":150,"height":80,"caption":"PureJewels UK"},"image":{"@id":"https:\/\/www.purejewels.com\/#\/schema\/logo\/image\/"}}]}},"_links":{"self":[{"href":"https:\/\/www.purejewels.com\/tr\/wp-json\/wp\/v2\/product\/335024","targetHints":{"allow":["GET"]}}],"collection":[{"href":"https:\/\/www.purejewels.com\/tr\/wp-json\/wp\/v2\/product"}],"about":[{"href":"https:\/\/www.purejewels.com\/tr\/wp-json\/wp\/v2\/types\/product"}],"replies":[{"embeddable":true,"href":"https:\/\/www.purejewels.com\/tr\/wp-json\/wp\/v2\/comments?post=335024"}],"version-history":[{"count":1,"href":"https:\/\/www.purejewels.com\/tr\/wp-json\/wp\/v2\/product\/335024\/revisions"}],"predecessor-version":[{"id":420822,"href":"https:\/\/www.purejewels.com\/tr\/wp-json\/wp\/v2\/product\/335024\/revisions\/420822"}],"wp:featuredmedia":[{"embeddable":true,"href":"https:\/\/www.purejewels.com\/tr\/wp-json\/wp\/v2\/media\/333780"}],"wp:attachment":[{"href":"https:\/\/www.purejewels.com\/tr\/wp-json\/wp\/v2\/media?parent=335024"}],"wp:term":[{"taxonomy":"product_brand","embeddable":true,"href":"https:\/\/www.purejewels.com\/tr\/wp-json\/wp\/v2\/product_brand?post=335024"},{"taxonomy":"product_cat","embeddable":true,"href":"https:\/\/www.purejewels.com\/tr\/wp-json\/wp\/v2\/product_cat?post=335024"},{"taxonomy":"product_tag","embeddable":true,"href":"https:\/\/www.purejewels.com\/tr\/wp-json\/wp\/v2\/product_tag?post=335024"}],"curies":[{"name":"wp","href":"https:\/\/api.w.org\/{rel}","templated":true}]}}