{"id":335168,"date":"2022-03-10T03:32:40","date_gmt":"2022-03-10T03:32:40","guid":{"rendered":"https:\/\/www.purejewels.com\/?post_type=product&#038;p=335168"},"modified":"2025-11-07T08:05:26","modified_gmt":"2025-11-07T08:05:26","slug":"dugun-icin-22-ayar-altin-kupe-24564","status":"publish","type":"product","link":"https:\/\/www.purejewels.com\/tr\/product\/22ct-gold-earring-for-wedding-24564\/","title":{"rendered":"D\u00fc\u011f\u00fcn \u0130\u00e7in 22 Ayar Alt\u0131n K\u00fcpe"},"content":{"rendered":"<p>Bu \u00e7arp\u0131c\u0131 22 ayar alt\u0131n k\u00fcpeler, d\u00fc\u011f\u00fcn g\u00fcn\u00fcne zarafet ve geleneksel bir dokunu\u015f katmak isteyen t\u00fcm gelinler i\u00e7in m\u00fckemmel bir se\u00e7imdir. Londra'da el i\u015f\u00e7ili\u011fiyle \u00fcretilen bu Hint k\u00fcpeleri, karma\u015f\u0131k telkari i\u015f\u00e7ili\u011fi ve zamans\u0131z tasar\u0131m\u0131yla bilinen zarif Jali Koleksiyonumuzun bir par\u00e7as\u0131d\u0131r.<\/p>\n<p>10,8 gram a\u011f\u0131rl\u0131\u011f\u0131ndaki bu k\u00fcpeler y\u00fcksek kaliteli 22 ayar sar\u0131 alt\u0131ndan yap\u0131lm\u0131\u015ft\u0131r ve orijinalli\u011fi Londra Assay Ofisi taraf\u0131ndan onaylanm\u0131\u015ft\u0131r. Her bir \u00e7ift k\u00fcpe hediye kutusunda g\u00fczel bir \u015fekilde sunulmakta olup, d\u00fc\u011f\u00fcn gibi \u00f6zel g\u00fcnler i\u00e7in ideal bir se\u00e7imdir.<\/p>\n<p>\u0130ster gelin, ister nedime ya da misafir olun, bu alt\u0131n k\u00fcpelerin b\u00fcy\u00fck g\u00fcn\u00fcn\u00fczde fark yarataca\u011f\u0131ndan emin olabilirsiniz. Dikkatleri \u00fczerinize \u00e7ekecek \u00e7ok y\u00f6nl\u00fc bir g\u00f6r\u00fcn\u00fcm i\u00e7in bu k\u00fcpeleri geleneksel bir Hint k\u0131yafeti veya \u00e7a\u011fda\u015f bir Bat\u0131 elbisesi ile e\u015fle\u015ftirin.<\/p>\n<p>Kullan\u0131labilirlik ve benzer tasar\u0131mlar hakk\u0131nda daha fazla bilgi i\u00e7in bizimle canl\u0131 sohbet etmekten \u00e7ekinmeyin. Bu zarif alt\u0131n k\u00fcpelerle d\u00fc\u011f\u00fcn g\u00fcn\u00fcn\u00fcz\u00fc ger\u00e7ekten \u00f6zel k\u0131l\u0131n.<\/p>","protected":false},"excerpt":{"rendered":"<ul>\n<li>22 Ayar Alt\u0131n Hint K\u00fcpesi<\/li>\n<li>22 Ayar Sar\u0131 Alt\u0131ndan \u00dcretilmi\u015ftir<\/li>\n<li>Bizim\u00a0<strong>Jali Koleksiyonu<\/strong><\/li>\n<li>A\u011f\u0131rl\u0131k  10.8 gms<\/li>\n<li>SKU: 24564<\/li>\n<li>T\u00fcm fiyatlara KDV dahildir<\/li>\n<li>T\u00fcm \u00fcr\u00fcnlerimiz London Assay Office taraf\u0131ndan damgalanm\u0131\u015ft\u0131r<\/li>\n<li>T\u00fcm K\u00fcpeler sunum kutusu ile birlikte gelir<\/li>\n<li>Teslimat Dahil<\/li>\n<li>Koleksiyonumuzu ke\u015ffedin\u00a0<strong>geli\u0307n ve d\u00fc\u011f\u00fcn k\u00fcpeleri\u0307<\/strong><\/li>\n<li>Stok durumu ve stokta bulunan benzer tasar\u0131mlar\u0131n daha fazla g\u00f6r\u00fcnt\u00fcs\u00fc i\u00e7in bizimle canl\u0131 sohbet edin<\/li>\n<\/ul>","protected":false},"featured_media":335169,"comment_status":"closed","ping_status":"closed","template":"","meta":{"_eb_attr":"","_crsspst_to_jayantr4sg-hostcom":true},"product_brand":[],"product_cat":[5315,236,1685,1790,1254,252,1573,1574],"product_tag":[66,4122],"class_list":{"0":"post-335168","1":"product","2":"type-product","3":"status-publish","4":"has-post-thumbnail","6":"product_cat-bridal-and-wedding-earrings","7":"product_cat-collections","8":"product_cat-drop-earrings","9":"product_cat-for-whom-when","10":"product_cat-gold-earrings","11":"product_cat-jali-collections","12":"product_cat-wedding-gifts","13":"product_cat-womens-jewellery","14":"product_tag-earrings","15":"product_tag-earrings-for-sale","17":"first","18":"outofstock","19":"sale","20":"taxable","21":"shipping-taxable","22":"product-type-simple","23":"add-to-wishlist-before_image"},"yoast_head":"<!-- This site is optimized with the Yoast SEO plugin v27.3 - https:\/\/yoast.com\/product\/yoast-seo-wordpress\/ -->\n<title>Yellow Gold Earrings | 22ct Gold Earrings in London<\/title>\n<meta name=\"description\" content=\"View our collection of Earring. Purchase 22ct Pure Gold Yellow Earrings in London | PureJewels.com | Free Delivery across UK\" \/>\n<meta name=\"robots\" content=\"index, follow, max-snippet:-1, max-image-preview:large, max-video-preview:-1\" \/>\n<link rel=\"canonical\" href=\"https:\/\/www.purejewels.com\/tr\/urun\/dugun-icin-22-ayar-altin-kupe-24564\/\" \/>\n<meta property=\"og:locale\" content=\"tr_TR\" \/>\n<meta property=\"og:type\" content=\"article\" \/>\n<meta property=\"og:title\" content=\"Yellow Gold Earrings | 22ct Gold Earrings in London\" \/>\n<meta property=\"og:description\" content=\"View our collection of Earring. Purchase 22ct Pure Gold Yellow Earrings in London | PureJewels.com | Free Delivery across UK\" \/>\n<meta property=\"og:url\" content=\"https:\/\/www.purejewels.com\/tr\/urun\/dugun-icin-22-ayar-altin-kupe-24564\/\" \/>\n<meta property=\"og:site_name\" content=\"PureJewels UK\" \/>\n<meta property=\"article:modified_time\" content=\"2025-11-07T08:05:26+00:00\" \/>\n<meta property=\"og:image\" content=\"https:\/\/www.purejewels.com\/wp-content\/uploads\/2022\/03\/24564-1.jpg\" \/>\n\t<meta property=\"og:image:width\" content=\"1000\" \/>\n\t<meta property=\"og:image:height\" content=\"1000\" \/>\n\t<meta property=\"og:image:type\" content=\"image\/jpeg\" \/>\n<meta name=\"twitter:card\" content=\"summary_large_image\" \/>\n<meta name=\"twitter:label1\" content=\"Tahmini okuma s\u00fcresi\" \/>\n\t<meta name=\"twitter:data1\" content=\"1 dakika\" \/>\n<script type=\"application\/ld+json\" class=\"yoast-schema-graph\">{\"@context\":\"https:\\\/\\\/schema.org\",\"@graph\":[{\"@type\":[\"WebPage\",\"ItemPage\"],\"@id\":\"https:\\\/\\\/www.purejewels.com\\\/product\\\/22ct-gold-earring-for-wedding-24564\\\/\",\"url\":\"https:\\\/\\\/www.purejewels.com\\\/product\\\/22ct-gold-earring-for-wedding-24564\\\/\",\"name\":\"Yellow Gold Earrings | 22ct Gold Earrings in London\",\"isPartOf\":{\"@id\":\"https:\\\/\\\/www.purejewels.com\\\/#website\"},\"primaryImageOfPage\":{\"@id\":\"https:\\\/\\\/www.purejewels.com\\\/product\\\/22ct-gold-earring-for-wedding-24564\\\/#primaryimage\"},\"image\":{\"@id\":\"https:\\\/\\\/www.purejewels.com\\\/product\\\/22ct-gold-earring-for-wedding-24564\\\/#primaryimage\"},\"thumbnailUrl\":\"https:\\\/\\\/static.purejewels.com\\\/wp-content\\\/uploads\\\/2022\\\/03\\\/24564-1.jpg\",\"datePublished\":\"2022-03-10T03:32:40+00:00\",\"dateModified\":\"2025-11-07T08:05:26+00:00\",\"description\":\"View our collection of Earring. Purchase 22ct Pure Gold Yellow Earrings in London | PureJewels.com | Free Delivery across UK\",\"breadcrumb\":{\"@id\":\"https:\\\/\\\/www.purejewels.com\\\/product\\\/22ct-gold-earring-for-wedding-24564\\\/#breadcrumb\"},\"inLanguage\":\"tr\",\"potentialAction\":[{\"@type\":\"ReadAction\",\"target\":[\"https:\\\/\\\/www.purejewels.com\\\/product\\\/22ct-gold-earring-for-wedding-24564\\\/\"]}]},{\"@type\":\"ImageObject\",\"inLanguage\":\"tr\",\"@id\":\"https:\\\/\\\/www.purejewels.com\\\/product\\\/22ct-gold-earring-for-wedding-24564\\\/#primaryimage\",\"url\":\"https:\\\/\\\/static.purejewels.com\\\/wp-content\\\/uploads\\\/2022\\\/03\\\/24564-1.jpg\",\"contentUrl\":\"https:\\\/\\\/static.purejewels.com\\\/wp-content\\\/uploads\\\/2022\\\/03\\\/24564-1.jpg\",\"width\":1000,\"height\":1000,\"caption\":\"22ct Gold Earring 24564-1\"},{\"@type\":\"BreadcrumbList\",\"@id\":\"https:\\\/\\\/www.purejewels.com\\\/product\\\/22ct-gold-earring-for-wedding-24564\\\/#breadcrumb\",\"itemListElement\":[{\"@type\":\"ListItem\",\"position\":1,\"name\":\"Home\",\"item\":\"https:\\\/\\\/www.purejewels.com\\\/\"},{\"@type\":\"ListItem\",\"position\":2,\"name\":\"Shop\",\"item\":\"https:\\\/\\\/www.purejewels.com\\\/shop\\\/\"},{\"@type\":\"ListItem\",\"position\":3,\"name\":\"22ct Gold Earring For Wedding\"}]},{\"@type\":\"WebSite\",\"@id\":\"https:\\\/\\\/www.purejewels.com\\\/#website\",\"url\":\"https:\\\/\\\/www.purejewels.com\\\/\",\"name\":\"PureJewels UK\",\"description\":\"Share the Love\",\"publisher\":{\"@id\":\"https:\\\/\\\/www.purejewels.com\\\/#organization\"},\"potentialAction\":[{\"@type\":\"SearchAction\",\"target\":{\"@type\":\"EntryPoint\",\"urlTemplate\":\"https:\\\/\\\/www.purejewels.com\\\/?s={search_term_string}\"},\"query-input\":{\"@type\":\"PropertyValueSpecification\",\"valueRequired\":true,\"valueName\":\"search_term_string\"}}],\"inLanguage\":\"tr\"},{\"@type\":\"Organization\",\"@id\":\"https:\\\/\\\/www.purejewels.com\\\/#organization\",\"name\":\"PureJewels UK\",\"url\":\"https:\\\/\\\/www.purejewels.com\\\/\",\"logo\":{\"@type\":\"ImageObject\",\"inLanguage\":\"tr\",\"@id\":\"https:\\\/\\\/www.purejewels.com\\\/#\\\/schema\\\/logo\\\/image\\\/\",\"url\":\"https:\\\/\\\/static.purejewels.com\\\/wp-content\\\/uploads\\\/2020\\\/11\\\/Logo-PJ-New-1.png\",\"contentUrl\":\"https:\\\/\\\/static.purejewels.com\\\/wp-content\\\/uploads\\\/2020\\\/11\\\/Logo-PJ-New-1.png\",\"width\":150,\"height\":80,\"caption\":\"PureJewels UK\"},\"image\":{\"@id\":\"https:\\\/\\\/www.purejewels.com\\\/#\\\/schema\\\/logo\\\/image\\\/\"}}]}<\/script>\n<!-- \/ Yoast SEO plugin. -->","yoast_head_json":{"title":"Sar\u0131 Alt\u0131n K\u00fcpeler | Londra'da 22 Ayar Alt\u0131n K\u00fcpeler","description":"K\u00fcpe koleksiyonumuzu inceleyin. Londra'da 22 Ayar Saf Alt\u0131n Sar\u0131 K\u00fcpe Sat\u0131n Al\u0131n | PureJewels.com | \u0130ngiltere \u00c7ap\u0131nda \u00dccretsiz Teslimat","robots":{"index":"index","follow":"follow","max-snippet":"max-snippet:-1","max-image-preview":"max-image-preview:large","max-video-preview":"max-video-preview:-1"},"canonical":"https:\/\/www.purejewels.com\/tr\/urun\/dugun-icin-22-ayar-altin-kupe-24564\/","og_locale":"tr_TR","og_type":"article","og_title":"Yellow Gold Earrings | 22ct Gold Earrings in London","og_description":"View our collection of Earring. Purchase 22ct Pure Gold Yellow Earrings in London | PureJewels.com | Free Delivery across UK","og_url":"https:\/\/www.purejewels.com\/tr\/urun\/dugun-icin-22-ayar-altin-kupe-24564\/","og_site_name":"PureJewels UK","article_modified_time":"2025-11-07T08:05:26+00:00","og_image":[{"width":1000,"height":1000,"url":"https:\/\/www.purejewels.com\/wp-content\/uploads\/2022\/03\/24564-1.jpg","type":"image\/jpeg"}],"twitter_card":"summary_large_image","twitter_misc":{"Tahmini okuma s\u00fcresi":"1 dakika"},"schema":{"@context":"https:\/\/schema.org","@graph":[{"@type":["WebPage","ItemPage"],"@id":"https:\/\/www.purejewels.com\/product\/22ct-gold-earring-for-wedding-24564\/","url":"https:\/\/www.purejewels.com\/product\/22ct-gold-earring-for-wedding-24564\/","name":"Sar\u0131 Alt\u0131n K\u00fcpeler | Londra'da 22 Ayar Alt\u0131n K\u00fcpeler","isPartOf":{"@id":"https:\/\/www.purejewels.com\/#website"},"primaryImageOfPage":{"@id":"https:\/\/www.purejewels.com\/product\/22ct-gold-earring-for-wedding-24564\/#primaryimage"},"image":{"@id":"https:\/\/www.purejewels.com\/product\/22ct-gold-earring-for-wedding-24564\/#primaryimage"},"thumbnailUrl":"https:\/\/static.purejewels.com\/wp-content\/uploads\/2022\/03\/24564-1.jpg","datePublished":"2022-03-10T03:32:40+00:00","dateModified":"2025-11-07T08:05:26+00:00","description":"K\u00fcpe koleksiyonumuzu inceleyin. Londra'da 22 Ayar Saf Alt\u0131n Sar\u0131 K\u00fcpe Sat\u0131n Al\u0131n | PureJewels.com | \u0130ngiltere \u00c7ap\u0131nda \u00dccretsiz Teslimat","breadcrumb":{"@id":"https:\/\/www.purejewels.com\/product\/22ct-gold-earring-for-wedding-24564\/#breadcrumb"},"inLanguage":"tr","potentialAction":[{"@type":"ReadAction","target":["https:\/\/www.purejewels.com\/product\/22ct-gold-earring-for-wedding-24564\/"]}]},{"@type":"ImageObject","inLanguage":"tr","@id":"https:\/\/www.purejewels.com\/product\/22ct-gold-earring-for-wedding-24564\/#primaryimage","url":"https:\/\/static.purejewels.com\/wp-content\/uploads\/2022\/03\/24564-1.jpg","contentUrl":"https:\/\/static.purejewels.com\/wp-content\/uploads\/2022\/03\/24564-1.jpg","width":1000,"height":1000,"caption":"22ct Gold Earring 24564-1"},{"@type":"BreadcrumbList","@id":"https:\/\/www.purejewels.com\/product\/22ct-gold-earring-for-wedding-24564\/#breadcrumb","itemListElement":[{"@type":"ListItem","position":1,"name":"Home","item":"https:\/\/www.purejewels.com\/"},{"@type":"ListItem","position":2,"name":"Shop","item":"https:\/\/www.purejewels.com\/shop\/"},{"@type":"ListItem","position":3,"name":"22ct Gold Earring For Wedding"}]},{"@type":"WebSite","@id":"https:\/\/www.purejewels.com\/#website","url":"https:\/\/www.purejewels.com\/","name":"PureJewels \u0130ngiltere","description":"Sevgiyi Payla\u015f\u0131n","publisher":{"@id":"https:\/\/www.purejewels.com\/#organization"},"potentialAction":[{"@type":"SearchAction","target":{"@type":"EntryPoint","urlTemplate":"https:\/\/www.purejewels.com\/?s={search_term_string}"},"query-input":{"@type":"PropertyValueSpecification","valueRequired":true,"valueName":"search_term_string"}}],"inLanguage":"tr"},{"@type":"Organization","@id":"https:\/\/www.purejewels.com\/#organization","name":"PureJewels \u0130ngiltere","url":"https:\/\/www.purejewels.com\/","logo":{"@type":"ImageObject","inLanguage":"tr","@id":"https:\/\/www.purejewels.com\/#\/schema\/logo\/image\/","url":"https:\/\/static.purejewels.com\/wp-content\/uploads\/2020\/11\/Logo-PJ-New-1.png","contentUrl":"https:\/\/static.purejewels.com\/wp-content\/uploads\/2020\/11\/Logo-PJ-New-1.png","width":150,"height":80,"caption":"PureJewels UK"},"image":{"@id":"https:\/\/www.purejewels.com\/#\/schema\/logo\/image\/"}}]}},"_links":{"self":[{"href":"https:\/\/www.purejewels.com\/tr\/wp-json\/wp\/v2\/product\/335168","targetHints":{"allow":["GET"]}}],"collection":[{"href":"https:\/\/www.purejewels.com\/tr\/wp-json\/wp\/v2\/product"}],"about":[{"href":"https:\/\/www.purejewels.com\/tr\/wp-json\/wp\/v2\/types\/product"}],"replies":[{"embeddable":true,"href":"https:\/\/www.purejewels.com\/tr\/wp-json\/wp\/v2\/comments?post=335168"}],"version-history":[{"count":3,"href":"https:\/\/www.purejewels.com\/tr\/wp-json\/wp\/v2\/product\/335168\/revisions"}],"predecessor-version":[{"id":420451,"href":"https:\/\/www.purejewels.com\/tr\/wp-json\/wp\/v2\/product\/335168\/revisions\/420451"}],"wp:featuredmedia":[{"embeddable":true,"href":"https:\/\/www.purejewels.com\/tr\/wp-json\/wp\/v2\/media\/335169"}],"wp:attachment":[{"href":"https:\/\/www.purejewels.com\/tr\/wp-json\/wp\/v2\/media?parent=335168"}],"wp:term":[{"taxonomy":"product_brand","embeddable":true,"href":"https:\/\/www.purejewels.com\/tr\/wp-json\/wp\/v2\/product_brand?post=335168"},{"taxonomy":"product_cat","embeddable":true,"href":"https:\/\/www.purejewels.com\/tr\/wp-json\/wp\/v2\/product_cat?post=335168"},{"taxonomy":"product_tag","embeddable":true,"href":"https:\/\/www.purejewels.com\/tr\/wp-json\/wp\/v2\/product_tag?post=335168"}],"curies":[{"name":"wp","href":"https:\/\/api.w.org\/{rel}","templated":true}]}}