{"id":335181,"date":"2022-03-10T04:50:35","date_gmt":"2022-03-10T04:50:35","guid":{"rendered":"https:\/\/www.purejewels.com\/?post_type=product&#038;p=335181"},"modified":"2025-05-22T11:21:49","modified_gmt":"2025-05-22T10:21:49","slug":"22-ayar-altin-dugun-kupeleri-28127","status":"publish","type":"product","link":"https:\/\/www.purejewels.com\/tr\/product\/wedding-earrings-in-22ct-gold-28127\/","title":{"rendered":"22 Ayar Alt\u0131n D\u00fc\u011f\u00fcn K\u00fcpeleri"},"content":{"rendered":"<h2>S\u00fcslemek<\/h2>\n<p><a href=\"https:\/\/www.purejewels.com\/tr\/product-category\/22ct-gold-jewellery\/gold-earrings\/\">K\u00fcpeler<\/a> g\u00f6r\u00fcn\u00fcm\u00fcn\u00fcz\u00fc de\u011fi\u015ftirme ya da bozma g\u00fcc\u00fcne sahiptir. Zevkle ve zarafetle tak\u0131ld\u0131klar\u0131nda t\u00fcm g\u00f6r\u00fcn\u00fcm\u00fcn\u00fcz\u00fc yukar\u0131 \u00e7ekebilirler. Takmay\u0131 se\u00e7ti\u011finiz k\u00fcpeler yerinde ve muhte\u015femse, bir kolyeye veya ba\u015fka bir m\u00fccevher par\u00e7as\u0131na ger\u00e7ekten ihtiyac\u0131n\u0131z yoktur. \u0130yi bir <a href=\"https:\/\/www.purejewels.com\/tr\/product\/gold-wedding-earrings\/\">alt\u0131n d\u00fc\u011f\u00fcn k\u00fcpeleri<\/a> tasar\u0131m g\u00f6r\u00fcn\u00fcm\u00fcn\u00fcze ekstra bir avantaj sa\u011flayabilir, baz\u0131lar\u0131 sizin ince bir resminizi \u00e7izebilir, di\u011ferleri ise daha \u00f6nce hi\u00e7 olmad\u0131\u011f\u0131 gibi bir a\u00e7\u0131klama yapabilir.<\/p>\n<h2>Tasar\u0131m<\/h2>\n<p>Purejewels'in bu alt\u0131n d\u00fc\u011f\u00fcn k\u00fcpeleri l\u00fcks 22 ayar alt\u0131ndan \u00fcretilmi\u015ftir. Bu g\u00f6z al\u0131c\u0131 <a href=\"https:\/\/www.purejewels.com\/tr\/product\/22ct-gold-jali-filigree-ring-jali-collection-31926\/\">22ct<\/a> <a href=\"https:\/\/www.purejewels.com\/tr\/armari-collection\/\">alt\u0131n k\u00fcpeler<\/a> sizi s\u00fcsl\u00fc hissettirmek, ancak \u00e7ok ihtiya\u00e7 duyulan inceli\u011fi korumak i\u00e7in buradalar, b\u00f6ylece arad\u0131\u011f\u0131n\u0131z m\u00fckemmel dengeyi yakalayabilirsiniz. Hen\u00fcz a\u00e7mam\u0131\u015f tomurcuklanan bir \u00e7i\u00e7e\u011fi and\u0131ran tasar\u0131m, kademeli alt\u0131n hamas ile detayland\u0131r\u0131lm\u0131\u015f s\u00fcper karma\u015f\u0131k bir bile\u015fenle ba\u015flar ve ard\u0131ndan geleneksel kesme i\u015fi ve alt\u0131n hamas kar\u0131\u015f\u0131m\u0131na sahip ana unsur gelir. Bu alt\u0131n d\u00fc\u011f\u00fcn k\u00fcpeleri minyat\u00fcr sark\u0131tlarla son bulmakta, bu da onlar\u0131 narin ve zarif hale getirerek s\u00fcsleyen ki\u015fiyi ve di\u011fer herkesi hayran b\u0131rakmaktad\u0131r.<\/p>\n<h2>Stil<\/h2>\n<p>Purejewels'in bu el yap\u0131m\u0131 alt\u0131n k\u00fcpe \u00e7ifti, ince benli\u011finizi g\u00f6z \u00f6n\u00fcnde bulundurarak \u015fenlikli Hint geleneklerinden ve d\u00fc\u011f\u00fcn g\u00f6r\u00fcn\u00fcmlerinden ilham ald\u0131. D\u00fc\u015f\u00fcnceli bir \u015fekilde <a href=\"https:\/\/www.purejewels.com\/tr\/handmade-gold-jewellery\/\">el yap\u0131m\u0131<\/a> Bu 22 ayar k\u00fcpeler sizi her zamankinden daha \u0131\u015f\u0131lt\u0131l\u0131 g\u00f6sterecek.<\/p>","protected":false},"excerpt":{"rendered":"<ul>\n<li>Sar\u0131 Alt\u0131n K\u00fcpe<\/li>\n<li>22 Ayar Sar\u0131 Alt\u0131ndan \u00dcretilmi\u015ftir<\/li>\n<li>Bizim\u00a0<strong>Jali Koleksiyonu<\/strong><\/li>\n<li>A\u011f\u0131rl\u0131k  15,6 gms<\/li>\n<li>SKU: 28127<\/li>\n<li>T\u00fcm fiyatlara KDV dahildir<\/li>\n<li>T\u00fcm \u00fcr\u00fcnlerimiz London Assay Office taraf\u0131ndan damgalanm\u0131\u015ft\u0131r<\/li>\n<li>T\u00fcm K\u00fcpeler sunum kutusu ile birlikte gelir<\/li>\n<li>Teslimat Dahil<\/li>\n<li>Stok durumu ve stokta bulunan benzer tasar\u0131mlar\u0131n daha fazla g\u00f6r\u00fcnt\u00fcs\u00fc i\u00e7in bizimle canl\u0131 sohbet edin<\/li>\n<\/ul>","protected":false},"featured_media":335182,"comment_status":"closed","ping_status":"closed","template":"","meta":{"_eb_attr":"","_crsspst_to_jayantr4sg-hostcom":true},"product_brand":[],"product_cat":[5315,236,1685,1254,252,1574],"product_tag":[66],"class_list":{"0":"post-335181","1":"product","2":"type-product","3":"status-publish","4":"has-post-thumbnail","6":"product_cat-bridal-and-wedding-earrings","7":"product_cat-collections","8":"product_cat-drop-earrings","9":"product_cat-gold-earrings","10":"product_cat-jali-collections","11":"product_cat-womens-jewellery","12":"product_tag-earrings","14":"first","15":"outofstock","16":"taxable","17":"shipping-taxable","18":"product-type-simple","19":"add-to-wishlist-before_image"},"yoast_head":"<!-- This site is optimized with the Yoast SEO plugin v27.3 - https:\/\/yoast.com\/product\/yoast-seo-wordpress\/ -->\n<title>Bridal &amp; Wedding Earrings Design | Wedding Jewellery UK<\/title>\n<meta name=\"description\" content=\"View our latest collection of Bridal &amp; Wedding Earrings .Shop Yellow Gold Wedding Earrings online. Free delivery across UK.\" \/>\n<meta name=\"robots\" content=\"index, follow, max-snippet:-1, max-image-preview:large, max-video-preview:-1\" \/>\n<link rel=\"canonical\" href=\"https:\/\/www.purejewels.com\/tr\/urun\/22-ayar-altin-dugun-kupeleri-28127\/\" \/>\n<meta property=\"og:locale\" content=\"tr_TR\" \/>\n<meta property=\"og:type\" content=\"article\" \/>\n<meta property=\"og:title\" content=\"Bridal &amp; Wedding Earrings Design | Wedding Jewellery UK\" \/>\n<meta property=\"og:description\" content=\"View our latest collection of Bridal &amp; Wedding Earrings .Shop Yellow Gold Wedding Earrings online. Free delivery across UK.\" \/>\n<meta property=\"og:url\" content=\"https:\/\/www.purejewels.com\/tr\/urun\/22-ayar-altin-dugun-kupeleri-28127\/\" \/>\n<meta property=\"og:site_name\" content=\"PureJewels UK\" \/>\n<meta property=\"article:modified_time\" content=\"2025-05-22T10:21:49+00:00\" \/>\n<meta property=\"og:image\" content=\"https:\/\/www.purejewels.com\/wp-content\/uploads\/2022\/03\/28127-1.jpg\" \/>\n\t<meta property=\"og:image:width\" content=\"1000\" \/>\n\t<meta property=\"og:image:height\" content=\"1000\" \/>\n\t<meta property=\"og:image:type\" content=\"image\/jpeg\" \/>\n<meta name=\"twitter:card\" content=\"summary_large_image\" \/>\n<meta name=\"twitter:label1\" content=\"Tahmini okuma s\u00fcresi\" \/>\n\t<meta name=\"twitter:data1\" content=\"1 dakika\" \/>\n<script type=\"application\/ld+json\" class=\"yoast-schema-graph\">{\"@context\":\"https:\\\/\\\/schema.org\",\"@graph\":[{\"@type\":[\"WebPage\",\"ItemPage\"],\"@id\":\"https:\\\/\\\/www.purejewels.com\\\/product\\\/wedding-earrings-in-22ct-gold-28127\\\/\",\"url\":\"https:\\\/\\\/www.purejewels.com\\\/product\\\/wedding-earrings-in-22ct-gold-28127\\\/\",\"name\":\"Bridal & Wedding Earrings Design | Wedding Jewellery UK\",\"isPartOf\":{\"@id\":\"https:\\\/\\\/www.purejewels.com\\\/#website\"},\"primaryImageOfPage\":{\"@id\":\"https:\\\/\\\/www.purejewels.com\\\/product\\\/wedding-earrings-in-22ct-gold-28127\\\/#primaryimage\"},\"image\":{\"@id\":\"https:\\\/\\\/www.purejewels.com\\\/product\\\/wedding-earrings-in-22ct-gold-28127\\\/#primaryimage\"},\"thumbnailUrl\":\"https:\\\/\\\/static.purejewels.com\\\/wp-content\\\/uploads\\\/2022\\\/03\\\/28127-1.jpg\",\"datePublished\":\"2022-03-10T04:50:35+00:00\",\"dateModified\":\"2025-05-22T10:21:49+00:00\",\"description\":\"View our latest collection of Bridal & Wedding Earrings .Shop Yellow Gold Wedding Earrings online. Free delivery across UK.\",\"breadcrumb\":{\"@id\":\"https:\\\/\\\/www.purejewels.com\\\/product\\\/wedding-earrings-in-22ct-gold-28127\\\/#breadcrumb\"},\"inLanguage\":\"tr\",\"potentialAction\":[{\"@type\":\"ReadAction\",\"target\":[\"https:\\\/\\\/www.purejewels.com\\\/product\\\/wedding-earrings-in-22ct-gold-28127\\\/\"]}]},{\"@type\":\"ImageObject\",\"inLanguage\":\"tr\",\"@id\":\"https:\\\/\\\/www.purejewels.com\\\/product\\\/wedding-earrings-in-22ct-gold-28127\\\/#primaryimage\",\"url\":\"https:\\\/\\\/static.purejewels.com\\\/wp-content\\\/uploads\\\/2022\\\/03\\\/28127-1.jpg\",\"contentUrl\":\"https:\\\/\\\/static.purejewels.com\\\/wp-content\\\/uploads\\\/2022\\\/03\\\/28127-1.jpg\",\"width\":1000,\"height\":1000,\"caption\":\"Wedding Earrings in 22ct Gold 28127-1\"},{\"@type\":\"BreadcrumbList\",\"@id\":\"https:\\\/\\\/www.purejewels.com\\\/product\\\/wedding-earrings-in-22ct-gold-28127\\\/#breadcrumb\",\"itemListElement\":[{\"@type\":\"ListItem\",\"position\":1,\"name\":\"Home\",\"item\":\"https:\\\/\\\/www.purejewels.com\\\/\"},{\"@type\":\"ListItem\",\"position\":2,\"name\":\"Shop\",\"item\":\"https:\\\/\\\/www.purejewels.com\\\/shop\\\/\"},{\"@type\":\"ListItem\",\"position\":3,\"name\":\"Wedding Earrings in 22ct Gold\"}]},{\"@type\":\"WebSite\",\"@id\":\"https:\\\/\\\/www.purejewels.com\\\/#website\",\"url\":\"https:\\\/\\\/www.purejewels.com\\\/\",\"name\":\"PureJewels UK\",\"description\":\"Share the Love\",\"publisher\":{\"@id\":\"https:\\\/\\\/www.purejewels.com\\\/#organization\"},\"potentialAction\":[{\"@type\":\"SearchAction\",\"target\":{\"@type\":\"EntryPoint\",\"urlTemplate\":\"https:\\\/\\\/www.purejewels.com\\\/?s={search_term_string}\"},\"query-input\":{\"@type\":\"PropertyValueSpecification\",\"valueRequired\":true,\"valueName\":\"search_term_string\"}}],\"inLanguage\":\"tr\"},{\"@type\":\"Organization\",\"@id\":\"https:\\\/\\\/www.purejewels.com\\\/#organization\",\"name\":\"PureJewels UK\",\"url\":\"https:\\\/\\\/www.purejewels.com\\\/\",\"logo\":{\"@type\":\"ImageObject\",\"inLanguage\":\"tr\",\"@id\":\"https:\\\/\\\/www.purejewels.com\\\/#\\\/schema\\\/logo\\\/image\\\/\",\"url\":\"https:\\\/\\\/static.purejewels.com\\\/wp-content\\\/uploads\\\/2020\\\/11\\\/Logo-PJ-New-1.png\",\"contentUrl\":\"https:\\\/\\\/static.purejewels.com\\\/wp-content\\\/uploads\\\/2020\\\/11\\\/Logo-PJ-New-1.png\",\"width\":150,\"height\":80,\"caption\":\"PureJewels UK\"},\"image\":{\"@id\":\"https:\\\/\\\/www.purejewels.com\\\/#\\\/schema\\\/logo\\\/image\\\/\"}}]}<\/script>\n<!-- \/ Yoast SEO plugin. -->","yoast_head_json":{"title":"Gelin ve D\u00fc\u011f\u00fcn K\u00fcpeleri Tasar\u0131m\u0131 | D\u00fc\u011f\u00fcn Tak\u0131lar\u0131 \u0130ngiltere","description":"En yeni Gelin ve D\u00fc\u011f\u00fcn K\u00fcpeleri koleksiyonumuzu inceleyin. Sar\u0131 Alt\u0131n D\u00fc\u011f\u00fcn K\u00fcpelerini online sat\u0131n al\u0131n. \u0130ngiltere genelinde \u00fccretsiz teslimat.","robots":{"index":"index","follow":"follow","max-snippet":"max-snippet:-1","max-image-preview":"max-image-preview:large","max-video-preview":"max-video-preview:-1"},"canonical":"https:\/\/www.purejewels.com\/tr\/urun\/22-ayar-altin-dugun-kupeleri-28127\/","og_locale":"tr_TR","og_type":"article","og_title":"Bridal & Wedding Earrings Design | Wedding Jewellery UK","og_description":"View our latest collection of Bridal & Wedding Earrings .Shop Yellow Gold Wedding Earrings online. Free delivery across UK.","og_url":"https:\/\/www.purejewels.com\/tr\/urun\/22-ayar-altin-dugun-kupeleri-28127\/","og_site_name":"PureJewels UK","article_modified_time":"2025-05-22T10:21:49+00:00","og_image":[{"width":1000,"height":1000,"url":"https:\/\/www.purejewels.com\/wp-content\/uploads\/2022\/03\/28127-1.jpg","type":"image\/jpeg"}],"twitter_card":"summary_large_image","twitter_misc":{"Tahmini okuma s\u00fcresi":"1 dakika"},"schema":{"@context":"https:\/\/schema.org","@graph":[{"@type":["WebPage","ItemPage"],"@id":"https:\/\/www.purejewels.com\/product\/wedding-earrings-in-22ct-gold-28127\/","url":"https:\/\/www.purejewels.com\/product\/wedding-earrings-in-22ct-gold-28127\/","name":"Gelin ve D\u00fc\u011f\u00fcn K\u00fcpeleri Tasar\u0131m\u0131 | D\u00fc\u011f\u00fcn Tak\u0131lar\u0131 \u0130ngiltere","isPartOf":{"@id":"https:\/\/www.purejewels.com\/#website"},"primaryImageOfPage":{"@id":"https:\/\/www.purejewels.com\/product\/wedding-earrings-in-22ct-gold-28127\/#primaryimage"},"image":{"@id":"https:\/\/www.purejewels.com\/product\/wedding-earrings-in-22ct-gold-28127\/#primaryimage"},"thumbnailUrl":"https:\/\/static.purejewels.com\/wp-content\/uploads\/2022\/03\/28127-1.jpg","datePublished":"2022-03-10T04:50:35+00:00","dateModified":"2025-05-22T10:21:49+00:00","description":"En yeni Gelin ve D\u00fc\u011f\u00fcn K\u00fcpeleri koleksiyonumuzu inceleyin. Sar\u0131 Alt\u0131n D\u00fc\u011f\u00fcn K\u00fcpelerini online sat\u0131n al\u0131n. \u0130ngiltere genelinde \u00fccretsiz teslimat.","breadcrumb":{"@id":"https:\/\/www.purejewels.com\/product\/wedding-earrings-in-22ct-gold-28127\/#breadcrumb"},"inLanguage":"tr","potentialAction":[{"@type":"ReadAction","target":["https:\/\/www.purejewels.com\/product\/wedding-earrings-in-22ct-gold-28127\/"]}]},{"@type":"ImageObject","inLanguage":"tr","@id":"https:\/\/www.purejewels.com\/product\/wedding-earrings-in-22ct-gold-28127\/#primaryimage","url":"https:\/\/static.purejewels.com\/wp-content\/uploads\/2022\/03\/28127-1.jpg","contentUrl":"https:\/\/static.purejewels.com\/wp-content\/uploads\/2022\/03\/28127-1.jpg","width":1000,"height":1000,"caption":"Wedding Earrings in 22ct Gold 28127-1"},{"@type":"BreadcrumbList","@id":"https:\/\/www.purejewels.com\/product\/wedding-earrings-in-22ct-gold-28127\/#breadcrumb","itemListElement":[{"@type":"ListItem","position":1,"name":"Home","item":"https:\/\/www.purejewels.com\/"},{"@type":"ListItem","position":2,"name":"Shop","item":"https:\/\/www.purejewels.com\/shop\/"},{"@type":"ListItem","position":3,"name":"Wedding Earrings in 22ct Gold"}]},{"@type":"WebSite","@id":"https:\/\/www.purejewels.com\/#website","url":"https:\/\/www.purejewels.com\/","name":"PureJewels \u0130ngiltere","description":"Sevgiyi Payla\u015f\u0131n","publisher":{"@id":"https:\/\/www.purejewels.com\/#organization"},"potentialAction":[{"@type":"SearchAction","target":{"@type":"EntryPoint","urlTemplate":"https:\/\/www.purejewels.com\/?s={search_term_string}"},"query-input":{"@type":"PropertyValueSpecification","valueRequired":true,"valueName":"search_term_string"}}],"inLanguage":"tr"},{"@type":"Organization","@id":"https:\/\/www.purejewels.com\/#organization","name":"PureJewels \u0130ngiltere","url":"https:\/\/www.purejewels.com\/","logo":{"@type":"ImageObject","inLanguage":"tr","@id":"https:\/\/www.purejewels.com\/#\/schema\/logo\/image\/","url":"https:\/\/static.purejewels.com\/wp-content\/uploads\/2020\/11\/Logo-PJ-New-1.png","contentUrl":"https:\/\/static.purejewels.com\/wp-content\/uploads\/2020\/11\/Logo-PJ-New-1.png","width":150,"height":80,"caption":"PureJewels UK"},"image":{"@id":"https:\/\/www.purejewels.com\/#\/schema\/logo\/image\/"}}]}},"_links":{"self":[{"href":"https:\/\/www.purejewels.com\/tr\/wp-json\/wp\/v2\/product\/335181","targetHints":{"allow":["GET"]}}],"collection":[{"href":"https:\/\/www.purejewels.com\/tr\/wp-json\/wp\/v2\/product"}],"about":[{"href":"https:\/\/www.purejewels.com\/tr\/wp-json\/wp\/v2\/types\/product"}],"replies":[{"embeddable":true,"href":"https:\/\/www.purejewels.com\/tr\/wp-json\/wp\/v2\/comments?post=335181"}],"version-history":[{"count":2,"href":"https:\/\/www.purejewels.com\/tr\/wp-json\/wp\/v2\/product\/335181\/revisions"}],"predecessor-version":[{"id":387787,"href":"https:\/\/www.purejewels.com\/tr\/wp-json\/wp\/v2\/product\/335181\/revisions\/387787"}],"wp:featuredmedia":[{"embeddable":true,"href":"https:\/\/www.purejewels.com\/tr\/wp-json\/wp\/v2\/media\/335182"}],"wp:attachment":[{"href":"https:\/\/www.purejewels.com\/tr\/wp-json\/wp\/v2\/media?parent=335181"}],"wp:term":[{"taxonomy":"product_brand","embeddable":true,"href":"https:\/\/www.purejewels.com\/tr\/wp-json\/wp\/v2\/product_brand?post=335181"},{"taxonomy":"product_cat","embeddable":true,"href":"https:\/\/www.purejewels.com\/tr\/wp-json\/wp\/v2\/product_cat?post=335181"},{"taxonomy":"product_tag","embeddable":true,"href":"https:\/\/www.purejewels.com\/tr\/wp-json\/wp\/v2\/product_tag?post=335181"}],"curies":[{"name":"wp","href":"https:\/\/api.w.org\/{rel}","templated":true}]}}