{"id":335351,"date":"2022-03-21T10:03:46","date_gmt":"2022-03-21T10:03:46","guid":{"rendered":"https:\/\/www.purejewels.com\/?post_type=product&#038;p=335351"},"modified":"2022-04-28T07:24:24","modified_gmt":"2022-04-28T06:24:24","slug":"22-ayar-altin-saplama-kupe-mat-kaplama","status":"publish","type":"product","link":"https:\/\/www.purejewels.com\/tr\/product\/22ct-gold-stud-earring-matte-finish\/","title":{"rendered":"22 Ayar Alt\u0131n Saplama K\u00fcpe | Mat Kaplama"},"content":{"rendered":"<h2>Vogue<\/h2>\n<p>Bu modern \u00e7\u0131t\u00e7\u0131t \u00e7ifti kendinden ge\u00e7mi\u015f ve g\u00fczel g\u00f6r\u00fcn\u00fcyor. \u00c7\u0131t\u00e7\u0131tl\u0131 kulaklar zahmetsiz, cesur ve muhte\u015femdir. Temelde daha uzun kulak k\u00fcpelerinin daha k\u00fc\u00e7\u00fck versiyonlar\u0131d\u0131r. <a href=\"https:\/\/www.purejewels.com\/tr\/product-category\/22ct-gold-jewellery\/gold-earrings\/\">K\u00fcpeler<\/a> kulak memelerinin alt\u0131na d\u00fc\u015fer. \u00c7ok fazla dram katmadan kulak memelerinizi zahmetsizce kapatacak \u015fekilde \u00fcretilmi\u015flerdir. G\u00fcn\u00fcm\u00fczde, bir tak\u0131 ya da ta\u015f damla \u015feklinde biraz daha uzun olan k\u00fcpeler de bulabilirsiniz.<\/p>\n<h2>Tasar\u0131m<\/h2>\n<p>Bu yaprak d\u00f6kmeyen mat kaplama <a href=\"https:\/\/www.purejewels.com\/tr\/armari-collection\/\">alt\u0131n k\u00fcpeler<\/a> vintage g\u00f6r\u00fcn\u00fcml\u00fc ve s\u00fcper zariftir. Bu mat y\u00fczeyli online k\u00fcpeler, \"modern zaman \"dan ilham alsa da eski tekniklerden esinlenerek geleneksel m\u00fccevher yap\u0131m sanat\u0131n\u0131 canl\u0131 tutuyor. Bunlar <a href=\"https:\/\/www.purejewels.com\/tr\/rosette-collection\/\">antika alt\u0131n<\/a> Online k\u00fcpeler, vintage m\u00fccevher koleksiyonumuzun bir par\u00e7as\u0131d\u0131r ve oyma gibi teknikler kullan\u0131larak alt\u0131ndan el i\u015f\u00e7ili\u011fiyle \u00fcretilmi\u015ftir, <a href=\"https:\/\/www.purejewels.com\/tr\/a-guide-to-die-stamping\/\">kabartma<\/a> ve \u00e7ivili. Tasar\u0131m, mat bir y\u00fczeye sahip ve \u00fcst k\u0131sm\u0131 kabartmal\u0131 \u00fc\u00e7 karma\u015f\u0131k detayl\u0131 ta\u00e7 yapra\u011f\u0131 ile ba\u015flar. Tasar\u0131m, yar\u0131m daire \u015feklinde yerle\u015ftirilmi\u015f yemye\u015fil polkilerden olu\u015fan b\u00fcy\u00fcleyici bir \u00e7izginin alt\u0131ndaki merkezde b\u00fck\u00fclm\u00fc\u015f telli bir yap\u0131 ile zarif bir \u015fekilde y\u00fckselir. Bu saplaman\u0131n merkezi, tasar\u0131ma biraz daha parlakl\u0131k katan benzer yuvarlak polkilerle g\u00f6z kama\u015ft\u0131r\u0131yor. Bu g\u00fczellikler Anusha koleksiyonumuzun bir par\u00e7as\u0131d\u0131r.<\/p>\n<h2>Hazine<\/h2>\n<p>Bu 22K <a href=\"https:\/\/www.purejewels.com\/tr\/product\/gold-stud-earrings-42487\/\">alt\u0131n saplama k\u00fcpeler<\/a> hi\u00e7 eskimiyor ve d\u00fcnyan\u0131n d\u00f6rt bir yan\u0131nda kalplere dokunuyor. Bu \u00e7\u0131t\u00e7\u0131tlar bir kez eve getirildi\u011finde, \u00f6nemli ve g\u00fczel anlarda takt\u0131\u011f\u0131n\u0131z m\u00fccevher koleksiyonunuzun bir par\u00e7as\u0131 haline gelecektir. Web sitemize g\u00f6z atabilir ve bu t\u00fcr daha fazla ifade par\u00e7as\u0131n\u0131 ke\u015ffedebilir ve favorilerinizi eve getirebilirsiniz.<\/p>","protected":false},"excerpt":{"rendered":"<ul>\n<li>22 Ayar Alt\u0131n Antik Saplama K\u00fcpe<\/li>\n<li>A\u011f\u0131rl\u0131k 4,3 gms<\/li>\n<li>SKU. 28823<\/li>\n<li>T\u00fcm fiyatlara KDV dahildir<\/li>\n<li>Londra Tahlil Ofisi Taraf\u0131ndan Damgalanm\u0131\u015f 22 Ayar Alt\u0131n<\/li>\n<li>Sunum Kutusu ile Birlikte Gelir<\/li>\n<li>Teslimat Dahil<\/li>\n<li>Stok durumu ve stokta bulunan benzer tasar\u0131mlar\u0131n daha fazla g\u00f6r\u00fcnt\u00fcs\u00fc i\u00e7in bizimle canl\u0131 sohbet edin<\/li>\n<\/ul>","protected":false},"featured_media":335496,"comment_status":"closed","ping_status":"closed","template":"","meta":{"_eb_attr":"","_crsspst_to_jayantr4sg-hostcom":false},"product_brand":[],"product_cat":[256,236,1790,1254,1577,1573,1574],"product_tag":[],"class_list":{"0":"post-335351","1":"product","2":"type-product","3":"status-publish","4":"has-post-thumbnail","6":"product_cat-anusha-collections","7":"product_cat-collections","8":"product_cat-for-whom-when","9":"product_cat-gold-earrings","10":"product_cat-stud-earrings","11":"product_cat-wedding-gifts","12":"product_cat-womens-jewellery","14":"first","15":"outofstock","16":"taxable","17":"shipping-taxable","18":"product-type-simple","19":"add-to-wishlist-before_image"},"yoast_head":"<!-- This site is optimized with the Yoast SEO plugin v27.3 - https:\/\/yoast.com\/product\/yoast-seo-wordpress\/ -->\n<title>Antique Stud Earrings Online in UK | PureJewels.com<\/title>\n<meta name=\"description\" content=\"Indian Gold Stud Earrings | Shop Latest Antique Jewellery Online in London | Quick Delivery | Hassle Free Returns.\" \/>\n<meta name=\"robots\" content=\"index, follow, max-snippet:-1, max-image-preview:large, max-video-preview:-1\" \/>\n<link rel=\"canonical\" href=\"https:\/\/www.purejewels.com\/tr\/urun\/22-ayar-altin-saplama-kupe-mat-kaplama\/\" \/>\n<meta property=\"og:locale\" content=\"tr_TR\" \/>\n<meta property=\"og:type\" content=\"article\" \/>\n<meta property=\"og:title\" content=\"Antique Stud Earrings Online in UK | PureJewels.com\" \/>\n<meta property=\"og:description\" content=\"Indian Gold Stud Earrings | Shop Latest Antique Jewellery Online in London | Quick Delivery | Hassle Free Returns.\" \/>\n<meta property=\"og:url\" content=\"https:\/\/www.purejewels.com\/tr\/urun\/22-ayar-altin-saplama-kupe-mat-kaplama\/\" \/>\n<meta property=\"og:site_name\" content=\"PureJewels UK\" \/>\n<meta property=\"article:modified_time\" content=\"2022-04-28T06:24:24+00:00\" \/>\n<meta property=\"og:image\" content=\"https:\/\/www.purejewels.com\/wp-content\/uploads\/2022\/03\/28823-1-1.jpg\" \/>\n\t<meta property=\"og:image:width\" content=\"1000\" \/>\n\t<meta property=\"og:image:height\" content=\"1000\" \/>\n\t<meta property=\"og:image:type\" content=\"image\/jpeg\" \/>\n<meta name=\"twitter:card\" content=\"summary_large_image\" \/>\n<meta name=\"twitter:label1\" content=\"Tahmini okuma s\u00fcresi\" \/>\n\t<meta name=\"twitter:data1\" content=\"2 dakika\" \/>\n<script type=\"application\/ld+json\" class=\"yoast-schema-graph\">{\"@context\":\"https:\\\/\\\/schema.org\",\"@graph\":[{\"@type\":[\"WebPage\",\"ItemPage\"],\"@id\":\"https:\\\/\\\/www.purejewels.com\\\/product\\\/22ct-gold-stud-earring-matte-finish\\\/\",\"url\":\"https:\\\/\\\/www.purejewels.com\\\/product\\\/22ct-gold-stud-earring-matte-finish\\\/\",\"name\":\"Antique Stud Earrings Online in UK | PureJewels.com\",\"isPartOf\":{\"@id\":\"https:\\\/\\\/www.purejewels.com\\\/#website\"},\"primaryImageOfPage\":{\"@id\":\"https:\\\/\\\/www.purejewels.com\\\/product\\\/22ct-gold-stud-earring-matte-finish\\\/#primaryimage\"},\"image\":{\"@id\":\"https:\\\/\\\/www.purejewels.com\\\/product\\\/22ct-gold-stud-earring-matte-finish\\\/#primaryimage\"},\"thumbnailUrl\":\"https:\\\/\\\/static.purejewels.com\\\/wp-content\\\/uploads\\\/2022\\\/03\\\/28823-1-1.jpg\",\"datePublished\":\"2022-03-21T10:03:46+00:00\",\"dateModified\":\"2022-04-28T06:24:24+00:00\",\"description\":\"Indian Gold Stud Earrings | Shop Latest Antique Jewellery Online in London | Quick Delivery | Hassle Free Returns.\",\"breadcrumb\":{\"@id\":\"https:\\\/\\\/www.purejewels.com\\\/product\\\/22ct-gold-stud-earring-matte-finish\\\/#breadcrumb\"},\"inLanguage\":\"tr\",\"potentialAction\":[{\"@type\":\"ReadAction\",\"target\":[\"https:\\\/\\\/www.purejewels.com\\\/product\\\/22ct-gold-stud-earring-matte-finish\\\/\"]}]},{\"@type\":\"ImageObject\",\"inLanguage\":\"tr\",\"@id\":\"https:\\\/\\\/www.purejewels.com\\\/product\\\/22ct-gold-stud-earring-matte-finish\\\/#primaryimage\",\"url\":\"https:\\\/\\\/static.purejewels.com\\\/wp-content\\\/uploads\\\/2022\\\/03\\\/28823-1-1.jpg\",\"contentUrl\":\"https:\\\/\\\/static.purejewels.com\\\/wp-content\\\/uploads\\\/2022\\\/03\\\/28823-1-1.jpg\",\"width\":1000,\"height\":1000,\"caption\":\"22ct Gold Stud Earring\"},{\"@type\":\"BreadcrumbList\",\"@id\":\"https:\\\/\\\/www.purejewels.com\\\/product\\\/22ct-gold-stud-earring-matte-finish\\\/#breadcrumb\",\"itemListElement\":[{\"@type\":\"ListItem\",\"position\":1,\"name\":\"Home\",\"item\":\"https:\\\/\\\/www.purejewels.com\\\/\"},{\"@type\":\"ListItem\",\"position\":2,\"name\":\"Shop\",\"item\":\"https:\\\/\\\/www.purejewels.com\\\/shop\\\/\"},{\"@type\":\"ListItem\",\"position\":3,\"name\":\"22ct Gold Stud Earring | Matte Finish\"}]},{\"@type\":\"WebSite\",\"@id\":\"https:\\\/\\\/www.purejewels.com\\\/#website\",\"url\":\"https:\\\/\\\/www.purejewels.com\\\/\",\"name\":\"PureJewels UK\",\"description\":\"Share the Love\",\"publisher\":{\"@id\":\"https:\\\/\\\/www.purejewels.com\\\/#organization\"},\"potentialAction\":[{\"@type\":\"SearchAction\",\"target\":{\"@type\":\"EntryPoint\",\"urlTemplate\":\"https:\\\/\\\/www.purejewels.com\\\/?s={search_term_string}\"},\"query-input\":{\"@type\":\"PropertyValueSpecification\",\"valueRequired\":true,\"valueName\":\"search_term_string\"}}],\"inLanguage\":\"tr\"},{\"@type\":\"Organization\",\"@id\":\"https:\\\/\\\/www.purejewels.com\\\/#organization\",\"name\":\"PureJewels UK\",\"url\":\"https:\\\/\\\/www.purejewels.com\\\/\",\"logo\":{\"@type\":\"ImageObject\",\"inLanguage\":\"tr\",\"@id\":\"https:\\\/\\\/www.purejewels.com\\\/#\\\/schema\\\/logo\\\/image\\\/\",\"url\":\"https:\\\/\\\/static.purejewels.com\\\/wp-content\\\/uploads\\\/2020\\\/11\\\/Logo-PJ-New-1.png\",\"contentUrl\":\"https:\\\/\\\/static.purejewels.com\\\/wp-content\\\/uploads\\\/2020\\\/11\\\/Logo-PJ-New-1.png\",\"width\":150,\"height\":80,\"caption\":\"PureJewels UK\"},\"image\":{\"@id\":\"https:\\\/\\\/www.purejewels.com\\\/#\\\/schema\\\/logo\\\/image\\\/\"}}]}<\/script>\n<!-- \/ Yoast SEO plugin. -->","yoast_head_json":{"title":"Antika Saplama K\u00fcpeler \u0130ngiltere'de Online | PureJewels.com","description":"Hint Alt\u0131n Saplama K\u00fcpe | Londra'da Online Son Antika M\u00fccevher Al\u0131\u015fveri\u015fi | H\u0131zl\u0131 Teslimat | Sorunsuz \u0130ade.","robots":{"index":"index","follow":"follow","max-snippet":"max-snippet:-1","max-image-preview":"max-image-preview:large","max-video-preview":"max-video-preview:-1"},"canonical":"https:\/\/www.purejewels.com\/tr\/urun\/22-ayar-altin-saplama-kupe-mat-kaplama\/","og_locale":"tr_TR","og_type":"article","og_title":"Antique Stud Earrings Online in UK | PureJewels.com","og_description":"Indian Gold Stud Earrings | Shop Latest Antique Jewellery Online in London | Quick Delivery | Hassle Free Returns.","og_url":"https:\/\/www.purejewels.com\/tr\/urun\/22-ayar-altin-saplama-kupe-mat-kaplama\/","og_site_name":"PureJewels UK","article_modified_time":"2022-04-28T06:24:24+00:00","og_image":[{"width":1000,"height":1000,"url":"https:\/\/www.purejewels.com\/wp-content\/uploads\/2022\/03\/28823-1-1.jpg","type":"image\/jpeg"}],"twitter_card":"summary_large_image","twitter_misc":{"Tahmini okuma s\u00fcresi":"2 dakika"},"schema":{"@context":"https:\/\/schema.org","@graph":[{"@type":["WebPage","ItemPage"],"@id":"https:\/\/www.purejewels.com\/product\/22ct-gold-stud-earring-matte-finish\/","url":"https:\/\/www.purejewels.com\/product\/22ct-gold-stud-earring-matte-finish\/","name":"Antika Saplama K\u00fcpeler \u0130ngiltere'de Online | PureJewels.com","isPartOf":{"@id":"https:\/\/www.purejewels.com\/#website"},"primaryImageOfPage":{"@id":"https:\/\/www.purejewels.com\/product\/22ct-gold-stud-earring-matte-finish\/#primaryimage"},"image":{"@id":"https:\/\/www.purejewels.com\/product\/22ct-gold-stud-earring-matte-finish\/#primaryimage"},"thumbnailUrl":"https:\/\/static.purejewels.com\/wp-content\/uploads\/2022\/03\/28823-1-1.jpg","datePublished":"2022-03-21T10:03:46+00:00","dateModified":"2022-04-28T06:24:24+00:00","description":"Hint Alt\u0131n Saplama K\u00fcpe | Londra'da Online Son Antika M\u00fccevher Al\u0131\u015fveri\u015fi | H\u0131zl\u0131 Teslimat | Sorunsuz \u0130ade.","breadcrumb":{"@id":"https:\/\/www.purejewels.com\/product\/22ct-gold-stud-earring-matte-finish\/#breadcrumb"},"inLanguage":"tr","potentialAction":[{"@type":"ReadAction","target":["https:\/\/www.purejewels.com\/product\/22ct-gold-stud-earring-matte-finish\/"]}]},{"@type":"ImageObject","inLanguage":"tr","@id":"https:\/\/www.purejewels.com\/product\/22ct-gold-stud-earring-matte-finish\/#primaryimage","url":"https:\/\/static.purejewels.com\/wp-content\/uploads\/2022\/03\/28823-1-1.jpg","contentUrl":"https:\/\/static.purejewels.com\/wp-content\/uploads\/2022\/03\/28823-1-1.jpg","width":1000,"height":1000,"caption":"22ct Gold Stud Earring"},{"@type":"BreadcrumbList","@id":"https:\/\/www.purejewels.com\/product\/22ct-gold-stud-earring-matte-finish\/#breadcrumb","itemListElement":[{"@type":"ListItem","position":1,"name":"Home","item":"https:\/\/www.purejewels.com\/"},{"@type":"ListItem","position":2,"name":"Shop","item":"https:\/\/www.purejewels.com\/shop\/"},{"@type":"ListItem","position":3,"name":"22ct Gold Stud Earring | Matte Finish"}]},{"@type":"WebSite","@id":"https:\/\/www.purejewels.com\/#website","url":"https:\/\/www.purejewels.com\/","name":"PureJewels \u0130ngiltere","description":"Sevgiyi Payla\u015f\u0131n","publisher":{"@id":"https:\/\/www.purejewels.com\/#organization"},"potentialAction":[{"@type":"SearchAction","target":{"@type":"EntryPoint","urlTemplate":"https:\/\/www.purejewels.com\/?s={search_term_string}"},"query-input":{"@type":"PropertyValueSpecification","valueRequired":true,"valueName":"search_term_string"}}],"inLanguage":"tr"},{"@type":"Organization","@id":"https:\/\/www.purejewels.com\/#organization","name":"PureJewels \u0130ngiltere","url":"https:\/\/www.purejewels.com\/","logo":{"@type":"ImageObject","inLanguage":"tr","@id":"https:\/\/www.purejewels.com\/#\/schema\/logo\/image\/","url":"https:\/\/static.purejewels.com\/wp-content\/uploads\/2020\/11\/Logo-PJ-New-1.png","contentUrl":"https:\/\/static.purejewels.com\/wp-content\/uploads\/2020\/11\/Logo-PJ-New-1.png","width":150,"height":80,"caption":"PureJewels UK"},"image":{"@id":"https:\/\/www.purejewels.com\/#\/schema\/logo\/image\/"}}]}},"_links":{"self":[{"href":"https:\/\/www.purejewels.com\/tr\/wp-json\/wp\/v2\/product\/335351","targetHints":{"allow":["GET"]}}],"collection":[{"href":"https:\/\/www.purejewels.com\/tr\/wp-json\/wp\/v2\/product"}],"about":[{"href":"https:\/\/www.purejewels.com\/tr\/wp-json\/wp\/v2\/types\/product"}],"replies":[{"embeddable":true,"href":"https:\/\/www.purejewels.com\/tr\/wp-json\/wp\/v2\/comments?post=335351"}],"version-history":[{"count":0,"href":"https:\/\/www.purejewels.com\/tr\/wp-json\/wp\/v2\/product\/335351\/revisions"}],"wp:featuredmedia":[{"embeddable":true,"href":"https:\/\/www.purejewels.com\/tr\/wp-json\/wp\/v2\/media\/335496"}],"wp:attachment":[{"href":"https:\/\/www.purejewels.com\/tr\/wp-json\/wp\/v2\/media?parent=335351"}],"wp:term":[{"taxonomy":"product_brand","embeddable":true,"href":"https:\/\/www.purejewels.com\/tr\/wp-json\/wp\/v2\/product_brand?post=335351"},{"taxonomy":"product_cat","embeddable":true,"href":"https:\/\/www.purejewels.com\/tr\/wp-json\/wp\/v2\/product_cat?post=335351"},{"taxonomy":"product_tag","embeddable":true,"href":"https:\/\/www.purejewels.com\/tr\/wp-json\/wp\/v2\/product_tag?post=335351"}],"curies":[{"name":"wp","href":"https:\/\/api.w.org\/{rel}","templated":true}]}}