{"id":335361,"date":"2024-09-20T06:45:52","date_gmt":"2024-09-20T05:45:52","guid":{"rendered":"https:\/\/www.purejewels.com\/?post_type=product&#038;p=335361"},"modified":"2025-01-30T19:54:54","modified_gmt":"2025-01-30T19:54:54","slug":"22-ayar-altin-gerdanlik-kolye-7","status":"publish","type":"product","link":"https:\/\/www.purejewels.com\/tr\/product\/22-carat-gold-choker-necklace-7\/","title":{"rendered":"22 Ayar Alt\u0131n Gerdanl\u0131k Kolye"},"content":{"rendered":"<h2>Gelenek<\/h2>\n<p>Eski zamanlarda boyuna muska veya t\u0131ls\u0131m takma uygulamas\u0131 vard\u0131. Bu ilkel uygulamalar, insanlar\u0131n di\u015flerden, ta\u015flardan ve deniz kabuklar\u0131ndan yap\u0131lm\u0131\u015f birka\u00e7 nesneyi geli\u015fig\u00fczel boyunlar\u0131na ast\u0131klar\u0131 Ta\u015f Devri'ne kadar uzanmaktad\u0131r.<\/p>\n<h2>\u0130lham kayna\u011f\u0131<\/h2>\n<p>Bu yaprak d\u00f6kmeyen <a href=\"https:\/\/www.purejewels.com\/tr\/product\/22-carat-gold-choker-necklace-5\/\">alt\u0131n gerdanl\u0131k<\/a> Kolye ham, g\u00f6rkemli ve zarif g\u00f6r\u00fcn\u00fcyor. Bu <a href=\"https:\/\/www.purejewels.com\/tr\/product\/22ct-gold-choker-chain-2\/\">alt\u0131n gerdanl\u0131k kolye<\/a> Birle\u015fik Krall\u0131k, g\u00fcn\u00fcm\u00fcz k\u00fclt\u00fcr\u00fcyle bir araya gelen ge\u00e7mi\u015fin zengin Hint k\u00fclt\u00fcrlerinden ilham al\u0131yor. Saf 22 ayar sar\u0131 alt\u0131n\u0131m\u0131z <a href=\"https:\/\/www.purejewels.com\/tr\/product\/22ct-gold-fancy-choker-chain-with-pendant-18-inch-43022\/\">gerdanl\u0131k<\/a> P\u0131rlanta m\u00fccevherlerden olu\u015fan d\u00fc\u011f\u00fcn ve bayram koleksiyonumuzun bir par\u00e7as\u0131 olan kolye, oyma gibi geleneksel teknikler kullan\u0131larak el i\u015f\u00e7ili\u011fiyle alt\u0131n olarak \u00fcretilmi\u015ftir, <a href=\"https:\/\/www.purejewels.com\/tr\/a-guide-to-die-stamping\/\">kabartma<\/a>ve \u00e7ivili. Tasar\u0131m, oyulmu\u015f, minelenmi\u015f ve sarkan renkli de\u011ferli ta\u015flarla tamamlanm\u0131\u015f karma\u015f\u0131k bir orta par\u00e7a ile ba\u015flar. Yakaya bak\u0131ld\u0131\u011f\u0131nda, geleneksel bile\u015fenlerle yap\u0131lm\u0131\u015f klasik bir akorun etrafta zarif\u00e7e \u00e7i\u00e7ek a\u00e7t\u0131\u011f\u0131 fark edilebilir.<\/p>\n<h2>Stil<\/h2>\n<p>Purejewels'in bu muhte\u015fem kolyesi ham bir y\u00fczeye sahip olsa da her zaman ye\u015fil ve kalplere dokunabilir. Eve getirildi\u011finde, \u00f6nemli ve g\u00fczel anlar i\u00e7in s\u00fcslerken aile yadigar\u0131 koleksiyonunuzun bir par\u00e7as\u0131 haline gelecektir.<\/p>","protected":false},"excerpt":{"rendered":"<ul>\n<li>22 Ayar Alt\u0131n Gelin Gerdanl\u0131k Kolye<\/li>\n<li>A\u011f\u0131rl\u0131k 57,3 gms<\/li>\n<li>SKU. 31179<\/li>\n<li>T\u00fcm fiyatlara KDV dahildir<\/li>\n<li>Londra Tahlil Ofisi Taraf\u0131ndan Damgalanm\u0131\u015f 22 Ayar Alt\u0131n<\/li>\n<li>Sunum Kutusu ile Birlikte Gelir<\/li>\n<li>Teslimat Dahil<\/li>\n<li>Koleksiyonumuzu g\u00f6r\u00fcnt\u00fcleyin <strong>gerdanl\u0131k kolyeler<\/strong><\/li>\n<li>Stok durumu ve stokta bulunan benzer tasar\u0131mlar\u0131n daha fazla g\u00f6r\u00fcnt\u00fcs\u00fc i\u00e7in bizimle canl\u0131 sohbet edin<\/li>\n<\/ul>","protected":false},"featured_media":335412,"comment_status":"closed","ping_status":"closed","template":"","meta":{"_eb_attr":"","_crsspst_to_jayantr4sg-hostcom":false},"product_brand":[],"product_cat":[1780,1781,1790,1253,1778,1573,1574],"product_tag":[],"class_list":{"0":"post-335361","1":"product","2":"type-product","3":"status-publish","4":"has-post-thumbnail","6":"product_cat-antique-style-necklaces","7":"product_cat-filligree-necklaces","8":"product_cat-for-whom-when","9":"product_cat-gold-necklaces","10":"product_cat-short-necklaces","11":"product_cat-wedding-gifts","12":"product_cat-womens-jewellery","14":"first","15":"outofstock","16":"sale","17":"taxable","18":"shipping-taxable","19":"product-type-simple","20":"add-to-wishlist-before_image"},"yoast_head":"<!-- This site is optimized with the Yoast SEO plugin v27.5 - https:\/\/yoast.com\/product\/yoast-seo-wordpress\/ -->\n<title>Gold Choker Necklace | PureJewels.com<\/title>\n<meta name=\"description\" content=\"22 Carat Gold Choker Necklace | Perfect Wedding Necklaces In Uk | Pure Gold Necklaces In Uk | Order Now | Fast Delivery\" \/>\n<meta name=\"robots\" content=\"index, follow, max-snippet:-1, max-image-preview:large, max-video-preview:-1\" \/>\n<link rel=\"canonical\" href=\"https:\/\/www.purejewels.com\/tr\/urun\/22-ayar-altin-gerdanlik-kolye-7\/\" \/>\n<meta property=\"og:locale\" content=\"tr_TR\" \/>\n<meta property=\"og:type\" content=\"article\" \/>\n<meta property=\"og:title\" content=\"Gold Choker Necklace | PureJewels.com\" \/>\n<meta property=\"og:description\" content=\"22 Carat Gold Choker Necklace | Perfect Wedding Necklaces In Uk | Pure Gold Necklaces In Uk | Order Now | Fast Delivery\" \/>\n<meta property=\"og:url\" content=\"https:\/\/www.purejewels.com\/tr\/urun\/22-ayar-altin-gerdanlik-kolye-7\/\" \/>\n<meta property=\"og:site_name\" content=\"PureJewels UK\" \/>\n<meta property=\"article:modified_time\" content=\"2025-01-30T19:54:54+00:00\" \/>\n<meta property=\"og:image\" content=\"https:\/\/www.purejewels.com\/wp-content\/uploads\/2022\/03\/31179-1.jpg\" \/>\n\t<meta property=\"og:image:width\" content=\"1000\" \/>\n\t<meta property=\"og:image:height\" content=\"1000\" \/>\n\t<meta property=\"og:image:type\" content=\"image\/jpeg\" \/>\n<meta name=\"twitter:card\" content=\"summary_large_image\" \/>\n<meta name=\"twitter:label1\" content=\"Tahmini okuma s\u00fcresi\" \/>\n\t<meta name=\"twitter:data1\" content=\"1 dakika\" \/>\n<script type=\"application\/ld+json\" class=\"yoast-schema-graph\">{\"@context\":\"https:\\\/\\\/schema.org\",\"@graph\":[{\"@type\":[\"WebPage\",\"ItemPage\"],\"@id\":\"https:\\\/\\\/www.purejewels.com\\\/product\\\/22-carat-gold-choker-necklace-7\\\/\",\"url\":\"https:\\\/\\\/www.purejewels.com\\\/product\\\/22-carat-gold-choker-necklace-7\\\/\",\"name\":\"Gold Choker Necklace | PureJewels.com\",\"isPartOf\":{\"@id\":\"https:\\\/\\\/www.purejewels.com\\\/#website\"},\"primaryImageOfPage\":{\"@id\":\"https:\\\/\\\/www.purejewels.com\\\/product\\\/22-carat-gold-choker-necklace-7\\\/#primaryimage\"},\"image\":{\"@id\":\"https:\\\/\\\/www.purejewels.com\\\/product\\\/22-carat-gold-choker-necklace-7\\\/#primaryimage\"},\"thumbnailUrl\":\"https:\\\/\\\/static.purejewels.com\\\/wp-content\\\/uploads\\\/2022\\\/03\\\/31179-1.jpg\",\"datePublished\":\"2024-09-20T05:45:52+00:00\",\"dateModified\":\"2025-01-30T19:54:54+00:00\",\"description\":\"22 Carat Gold Choker Necklace | Perfect Wedding Necklaces In Uk | Pure Gold Necklaces In Uk | Order Now | Fast Delivery\",\"breadcrumb\":{\"@id\":\"https:\\\/\\\/www.purejewels.com\\\/product\\\/22-carat-gold-choker-necklace-7\\\/#breadcrumb\"},\"inLanguage\":\"tr\",\"potentialAction\":[{\"@type\":\"ReadAction\",\"target\":[\"https:\\\/\\\/www.purejewels.com\\\/product\\\/22-carat-gold-choker-necklace-7\\\/\"]}]},{\"@type\":\"ImageObject\",\"inLanguage\":\"tr\",\"@id\":\"https:\\\/\\\/www.purejewels.com\\\/product\\\/22-carat-gold-choker-necklace-7\\\/#primaryimage\",\"url\":\"https:\\\/\\\/static.purejewels.com\\\/wp-content\\\/uploads\\\/2022\\\/03\\\/31179-1.jpg\",\"contentUrl\":\"https:\\\/\\\/static.purejewels.com\\\/wp-content\\\/uploads\\\/2022\\\/03\\\/31179-1.jpg\",\"width\":1000,\"height\":1000,\"caption\":\"22 Carat Gold Choker Necklace\"},{\"@type\":\"BreadcrumbList\",\"@id\":\"https:\\\/\\\/www.purejewels.com\\\/product\\\/22-carat-gold-choker-necklace-7\\\/#breadcrumb\",\"itemListElement\":[{\"@type\":\"ListItem\",\"position\":1,\"name\":\"Home\",\"item\":\"https:\\\/\\\/www.purejewels.com\\\/\"},{\"@type\":\"ListItem\",\"position\":2,\"name\":\"Shop\",\"item\":\"https:\\\/\\\/www.purejewels.com\\\/shop\\\/\"},{\"@type\":\"ListItem\",\"position\":3,\"name\":\"22 Carat Gold Choker Necklace\"}]},{\"@type\":\"WebSite\",\"@id\":\"https:\\\/\\\/www.purejewels.com\\\/#website\",\"url\":\"https:\\\/\\\/www.purejewels.com\\\/\",\"name\":\"PureJewels UK\",\"description\":\"Share the Love\",\"publisher\":{\"@id\":\"https:\\\/\\\/www.purejewels.com\\\/#organization\"},\"potentialAction\":[{\"@type\":\"SearchAction\",\"target\":{\"@type\":\"EntryPoint\",\"urlTemplate\":\"https:\\\/\\\/www.purejewels.com\\\/?s={search_term_string}\"},\"query-input\":{\"@type\":\"PropertyValueSpecification\",\"valueRequired\":true,\"valueName\":\"search_term_string\"}}],\"inLanguage\":\"tr\"},{\"@type\":\"Organization\",\"@id\":\"https:\\\/\\\/www.purejewels.com\\\/#organization\",\"name\":\"PureJewels UK\",\"url\":\"https:\\\/\\\/www.purejewels.com\\\/\",\"logo\":{\"@type\":\"ImageObject\",\"inLanguage\":\"tr\",\"@id\":\"https:\\\/\\\/www.purejewels.com\\\/#\\\/schema\\\/logo\\\/image\\\/\",\"url\":\"https:\\\/\\\/static.purejewels.com\\\/wp-content\\\/uploads\\\/2020\\\/11\\\/Logo-PJ-New-1.png\",\"contentUrl\":\"https:\\\/\\\/static.purejewels.com\\\/wp-content\\\/uploads\\\/2020\\\/11\\\/Logo-PJ-New-1.png\",\"width\":150,\"height\":80,\"caption\":\"PureJewels UK\"},\"image\":{\"@id\":\"https:\\\/\\\/www.purejewels.com\\\/#\\\/schema\\\/logo\\\/image\\\/\"}}]}<\/script>\n<!-- \/ Yoast SEO plugin. -->","yoast_head_json":{"title":"Alt\u0131n Gerdanl\u0131k Kolye | PureJewels.com","description":"22 Ayar Alt\u0131n Gerdanl\u0131k Kolye | \u0130ngiltere'de M\u00fckemmel D\u00fc\u011f\u00fcn Kolyeleri | \u0130ngiltere'de Saf Alt\u0131n Kolyeler | \u015eimdi Sipari\u015f Verin | H\u0131zl\u0131 Teslimat","robots":{"index":"index","follow":"follow","max-snippet":"max-snippet:-1","max-image-preview":"max-image-preview:large","max-video-preview":"max-video-preview:-1"},"canonical":"https:\/\/www.purejewels.com\/tr\/urun\/22-ayar-altin-gerdanlik-kolye-7\/","og_locale":"tr_TR","og_type":"article","og_title":"Gold Choker Necklace | PureJewels.com","og_description":"22 Carat Gold Choker Necklace | Perfect Wedding Necklaces In Uk | Pure Gold Necklaces In Uk | Order Now | Fast Delivery","og_url":"https:\/\/www.purejewels.com\/tr\/urun\/22-ayar-altin-gerdanlik-kolye-7\/","og_site_name":"PureJewels UK","article_modified_time":"2025-01-30T19:54:54+00:00","og_image":[{"width":1000,"height":1000,"url":"https:\/\/www.purejewels.com\/wp-content\/uploads\/2022\/03\/31179-1.jpg","type":"image\/jpeg"}],"twitter_card":"summary_large_image","twitter_misc":{"Tahmini okuma s\u00fcresi":"1 dakika"},"schema":{"@context":"https:\/\/schema.org","@graph":[{"@type":["WebPage","ItemPage"],"@id":"https:\/\/www.purejewels.com\/product\/22-carat-gold-choker-necklace-7\/","url":"https:\/\/www.purejewels.com\/product\/22-carat-gold-choker-necklace-7\/","name":"Alt\u0131n Gerdanl\u0131k Kolye | PureJewels.com","isPartOf":{"@id":"https:\/\/www.purejewels.com\/#website"},"primaryImageOfPage":{"@id":"https:\/\/www.purejewels.com\/product\/22-carat-gold-choker-necklace-7\/#primaryimage"},"image":{"@id":"https:\/\/www.purejewels.com\/product\/22-carat-gold-choker-necklace-7\/#primaryimage"},"thumbnailUrl":"https:\/\/static.purejewels.com\/wp-content\/uploads\/2022\/03\/31179-1.jpg","datePublished":"2024-09-20T05:45:52+00:00","dateModified":"2025-01-30T19:54:54+00:00","description":"22 Ayar Alt\u0131n Gerdanl\u0131k Kolye | \u0130ngiltere'de M\u00fckemmel D\u00fc\u011f\u00fcn Kolyeleri | \u0130ngiltere'de Saf Alt\u0131n Kolyeler | \u015eimdi Sipari\u015f Verin | H\u0131zl\u0131 Teslimat","breadcrumb":{"@id":"https:\/\/www.purejewels.com\/product\/22-carat-gold-choker-necklace-7\/#breadcrumb"},"inLanguage":"tr","potentialAction":[{"@type":"ReadAction","target":["https:\/\/www.purejewels.com\/product\/22-carat-gold-choker-necklace-7\/"]}]},{"@type":"ImageObject","inLanguage":"tr","@id":"https:\/\/www.purejewels.com\/product\/22-carat-gold-choker-necklace-7\/#primaryimage","url":"https:\/\/static.purejewels.com\/wp-content\/uploads\/2022\/03\/31179-1.jpg","contentUrl":"https:\/\/static.purejewels.com\/wp-content\/uploads\/2022\/03\/31179-1.jpg","width":1000,"height":1000,"caption":"22 Carat Gold Choker Necklace"},{"@type":"BreadcrumbList","@id":"https:\/\/www.purejewels.com\/product\/22-carat-gold-choker-necklace-7\/#breadcrumb","itemListElement":[{"@type":"ListItem","position":1,"name":"Home","item":"https:\/\/www.purejewels.com\/"},{"@type":"ListItem","position":2,"name":"Shop","item":"https:\/\/www.purejewels.com\/shop\/"},{"@type":"ListItem","position":3,"name":"22 Carat Gold Choker Necklace"}]},{"@type":"WebSite","@id":"https:\/\/www.purejewels.com\/#website","url":"https:\/\/www.purejewels.com\/","name":"PureJewels \u0130ngiltere","description":"Sevgiyi Payla\u015f\u0131n","publisher":{"@id":"https:\/\/www.purejewels.com\/#organization"},"potentialAction":[{"@type":"SearchAction","target":{"@type":"EntryPoint","urlTemplate":"https:\/\/www.purejewels.com\/?s={search_term_string}"},"query-input":{"@type":"PropertyValueSpecification","valueRequired":true,"valueName":"search_term_string"}}],"inLanguage":"tr"},{"@type":"Organization","@id":"https:\/\/www.purejewels.com\/#organization","name":"PureJewels \u0130ngiltere","url":"https:\/\/www.purejewels.com\/","logo":{"@type":"ImageObject","inLanguage":"tr","@id":"https:\/\/www.purejewels.com\/#\/schema\/logo\/image\/","url":"https:\/\/static.purejewels.com\/wp-content\/uploads\/2020\/11\/Logo-PJ-New-1.png","contentUrl":"https:\/\/static.purejewels.com\/wp-content\/uploads\/2020\/11\/Logo-PJ-New-1.png","width":150,"height":80,"caption":"PureJewels UK"},"image":{"@id":"https:\/\/www.purejewels.com\/#\/schema\/logo\/image\/"}}]}},"_links":{"self":[{"href":"https:\/\/www.purejewels.com\/tr\/wp-json\/wp\/v2\/product\/335361","targetHints":{"allow":["GET"]}}],"collection":[{"href":"https:\/\/www.purejewels.com\/tr\/wp-json\/wp\/v2\/product"}],"about":[{"href":"https:\/\/www.purejewels.com\/tr\/wp-json\/wp\/v2\/types\/product"}],"replies":[{"embeddable":true,"href":"https:\/\/www.purejewels.com\/tr\/wp-json\/wp\/v2\/comments?post=335361"}],"version-history":[{"count":2,"href":"https:\/\/www.purejewels.com\/tr\/wp-json\/wp\/v2\/product\/335361\/revisions"}],"predecessor-version":[{"id":368128,"href":"https:\/\/www.purejewels.com\/tr\/wp-json\/wp\/v2\/product\/335361\/revisions\/368128"}],"wp:featuredmedia":[{"embeddable":true,"href":"https:\/\/www.purejewels.com\/tr\/wp-json\/wp\/v2\/media\/335412"}],"wp:attachment":[{"href":"https:\/\/www.purejewels.com\/tr\/wp-json\/wp\/v2\/media?parent=335361"}],"wp:term":[{"taxonomy":"product_brand","embeddable":true,"href":"https:\/\/www.purejewels.com\/tr\/wp-json\/wp\/v2\/product_brand?post=335361"},{"taxonomy":"product_cat","embeddable":true,"href":"https:\/\/www.purejewels.com\/tr\/wp-json\/wp\/v2\/product_cat?post=335361"},{"taxonomy":"product_tag","embeddable":true,"href":"https:\/\/www.purejewels.com\/tr\/wp-json\/wp\/v2\/product_tag?post=335361"}],"curies":[{"name":"wp","href":"https:\/\/api.w.org\/{rel}","templated":true}]}}