{"id":335530,"date":"2024-01-25T06:57:46","date_gmt":"2024-01-25T06:57:46","guid":{"rendered":"https:\/\/www.purejewels.com\/?post_type=product&#038;p=335530"},"modified":"2026-01-06T08:09:04","modified_gmt":"2026-01-06T08:09:04","slug":"22-ayar-altin-bas-harf-l-kolye-unisex-30409","status":"publish","type":"product","link":"https:\/\/www.purejewels.com\/tr\/product\/22ct-gold-initial-l-pendant-unisex-30409\/","title":{"rendered":"22 Ayar Alt\u0131n Ba\u015f Harfi L Kolye | Unisex"},"content":{"rendered":"<p>SKU: 44247, 30409<br \/>\nA\u011f\u0131rl\u0131k 0,8 gms<\/p>\n<p>Kolye ucu, isminin ba\u015f harfini ta\u015f\u0131yan birine olan sevginizi g\u00f6stermenin m\u00fckemmel bir yoludur. Ayr\u0131ca do\u011fum g\u00fcn\u00fc, y\u0131ld\u00f6n\u00fcm\u00fc veya mezuniyet gibi her durum i\u00e7in harika bir hediyedir.<\/p>\n<p>Bu kolye ucu y\u00fcksek kaliteli malzemelerden \u00fcretilmi\u015ftir ve uzun \u00f6m\u00fcrl\u00fcd\u00fcr. G\u00fcnl\u00fck g\u00f6r\u00fcn\u00fcm\u00fcn\u00fcze l\u00fcks ve sofistike bir dokunu\u015f katman\u0131n m\u00fckemmel bir yoludur.<\/p>\n<p><strong>\u00d6zellikler:<\/strong><\/p>\n<ul>\n<li><a href=\"https:\/\/www.purejewels.com\/tr\/product\/22ct-gold-jali-filigree-ring-jali-collection-31926\/\">22ct<\/a> Alt\u0131n<\/li>\n<li>Basit ama zarif tasar\u0131m<\/li>\n<li>Klasik yaz\u0131 tipinde L harfi<\/li>\n<\/ul>\n<p><strong>Avantajlar:<\/strong><\/p>\n<ul>\n<li>G\u00fczel ve zarif bir m\u00fccevher par\u00e7as\u0131<\/li>\n<li>Birine olan sevginizi g\u00f6stermenin m\u00fckemmel yolu<\/li>\n<li>Her durum i\u00e7in harika bir hediye<\/li>\n<li>Y\u00fcksek kaliteli 22 ayar alt\u0131ndan yap\u0131lm\u0131\u015ft\u0131r<\/li>\n<li>Uzun \u00f6m\u00fcrl\u00fc<\/li>\n<li>London Assay Office taraf\u0131ndan damgalanm\u0131\u015ft\u0131r<\/li>\n<\/ul>\n<p><strong>Garanti:<\/strong><\/p>\n<p>Bu kolyeyi sevece\u011finizden o kadar eminiz ki 100% memnuniyet garantisi sunuyoruz. Herhangi bir nedenle sat\u0131n alma i\u015fleminizden memnun kalmazsan\u0131z, tam bir geri \u00f6deme i\u00e7in iade etmeniz yeterlidir.<\/p>","protected":false},"excerpt":{"rendered":"<ul>\n<li>CZ ta\u015fl\u0131 ba\u015f harfli kolye ucu<\/li>\n<li>22 ayar sar\u0131 alt\u0131n<\/li>\n<li>T\u00fcm durumlar i\u00e7in m\u00fckemmel bir hediye<\/li>\n<li>T\u00fcm Alfabeler ma\u011fazada mevcuttur<\/li>\n<li>A\u011f\u0131rl\u0131k 0,8 gms<\/li>\n<li>Sku 44247, 30409<\/li>\n<li>Zincir dahil de\u011fildir<\/li>\n<li>Bizim g\u00f6r\u00fcnt\u00fcleyin<strong> Tilki Kuyru\u011fu Zinciri<\/strong>\u00a0koleksiyon<\/li>\n<li>T\u00fcm \u00fcr\u00fcnlerimiz London Assay Office taraf\u0131ndan damgalanm\u0131\u015ft\u0131r<\/li>\n<li>Sunum Kutusu ile Birlikte Gelir<\/li>\n<li>Teslimat Dahil<\/li>\n<li>T\u00fcm fiyatlara KDV dahildir<\/li>\n<li>T\u00fcm Alfabe Tak\u0131lar\u0131n\u0131 g\u00f6rmek i\u00e7in bizimle ileti\u015fime ge\u00e7in\/canl\u0131 sohbet edin<\/li>\n<\/ul>","protected":false},"featured_media":408983,"comment_status":"closed","ping_status":"closed","template":"","meta":{"_eb_attr":"","_crsspst_to_jayantr4sg-hostcom":true},"product_brand":[],"product_cat":[1576,1794,1770,1255,5598,5342,1767,5338,1575,1574],"product_tag":[],"class_list":{"0":"post-335530","1":"product","2":"type-product","3":"status-publish","4":"has-post-thumbnail","6":"product_cat-childrens-jewellery","7":"product_cat-christmas-gifts","8":"product_cat-fancy-pendants","9":"product_cat-gold-pendants","10":"product_cat-initial-pendant","11":"product_cat-jewellery-under-250","12":"product_cat-ladies-pendants","13":"product_cat-shop-by-price","14":"product_cat-teenage-jewellery","15":"product_cat-womens-jewellery","17":"first","18":"outofstock","19":"taxable","20":"shipping-taxable","21":"product-type-simple","22":"add-to-wishlist-before_image"},"yoast_head":"<!-- This site is optimized with the Yoast SEO plugin v27.5 - https:\/\/yoast.com\/product\/yoast-seo-wordpress\/ -->\n<title>Alphabet Pendant in Real Gold| Letter L Pendant | PureJewels UK<\/title>\n<meta name=\"description\" content=\"L Letter Pendant | Unisex Pendants Online | Explore Wide Range of Alphabet Pendants | Pure Gold Lightweight Pendants | Quick Delivery.\" \/>\n<meta name=\"robots\" content=\"index, follow, max-snippet:-1, max-image-preview:large, max-video-preview:-1\" \/>\n<link rel=\"canonical\" href=\"https:\/\/www.purejewels.com\/tr\/urun\/22-ayar-altin-bas-harf-l-kolye-unisex-30409\/\" \/>\n<meta property=\"og:locale\" content=\"tr_TR\" \/>\n<meta property=\"og:type\" content=\"article\" \/>\n<meta property=\"og:title\" content=\"Alphabet Pendant in Real Gold| Letter L Pendant | PureJewels UK\" \/>\n<meta property=\"og:description\" content=\"L Letter Pendant | Unisex Pendants Online | Explore Wide Range of Alphabet Pendants | Pure Gold Lightweight Pendants | Quick Delivery.\" \/>\n<meta property=\"og:url\" content=\"https:\/\/www.purejewels.com\/tr\/urun\/22-ayar-altin-bas-harf-l-kolye-unisex-30409\/\" \/>\n<meta property=\"og:site_name\" content=\"PureJewels UK\" \/>\n<meta property=\"article:modified_time\" content=\"2026-01-06T08:09:04+00:00\" \/>\n<meta property=\"og:image\" content=\"https:\/\/www.purejewels.com\/wp-content\/uploads\/2024\/01\/SKU-30409.jpg\" \/>\n\t<meta property=\"og:image:width\" content=\"1000\" \/>\n\t<meta property=\"og:image:height\" content=\"1000\" \/>\n\t<meta property=\"og:image:type\" content=\"image\/jpeg\" \/>\n<meta name=\"twitter:card\" content=\"summary_large_image\" \/>\n<meta name=\"twitter:label1\" content=\"Tahmini okuma s\u00fcresi\" \/>\n\t<meta name=\"twitter:data1\" content=\"1 dakika\" \/>\n<script type=\"application\/ld+json\" class=\"yoast-schema-graph\">{\"@context\":\"https:\\\/\\\/schema.org\",\"@graph\":[{\"@type\":[\"WebPage\",\"ItemPage\"],\"@id\":\"https:\\\/\\\/www.purejewels.com\\\/product\\\/22ct-gold-initial-l-pendant-unisex-30409\\\/\",\"url\":\"https:\\\/\\\/www.purejewels.com\\\/product\\\/22ct-gold-initial-l-pendant-unisex-30409\\\/\",\"name\":\"Alphabet Pendant in Real Gold| Letter L Pendant | PureJewels UK\",\"isPartOf\":{\"@id\":\"https:\\\/\\\/www.purejewels.com\\\/#website\"},\"primaryImageOfPage\":{\"@id\":\"https:\\\/\\\/www.purejewels.com\\\/product\\\/22ct-gold-initial-l-pendant-unisex-30409\\\/#primaryimage\"},\"image\":{\"@id\":\"https:\\\/\\\/www.purejewels.com\\\/product\\\/22ct-gold-initial-l-pendant-unisex-30409\\\/#primaryimage\"},\"thumbnailUrl\":\"https:\\\/\\\/static.purejewels.com\\\/wp-content\\\/uploads\\\/2024\\\/01\\\/SKU-30409.jpg\",\"datePublished\":\"2024-01-25T06:57:46+00:00\",\"dateModified\":\"2026-01-06T08:09:04+00:00\",\"description\":\"L Letter Pendant | Unisex Pendants Online | Explore Wide Range of Alphabet Pendants | Pure Gold Lightweight Pendants | Quick Delivery.\",\"breadcrumb\":{\"@id\":\"https:\\\/\\\/www.purejewels.com\\\/product\\\/22ct-gold-initial-l-pendant-unisex-30409\\\/#breadcrumb\"},\"inLanguage\":\"tr\",\"potentialAction\":[{\"@type\":\"ReadAction\",\"target\":[\"https:\\\/\\\/www.purejewels.com\\\/product\\\/22ct-gold-initial-l-pendant-unisex-30409\\\/\"]}]},{\"@type\":\"ImageObject\",\"inLanguage\":\"tr\",\"@id\":\"https:\\\/\\\/www.purejewels.com\\\/product\\\/22ct-gold-initial-l-pendant-unisex-30409\\\/#primaryimage\",\"url\":\"https:\\\/\\\/static.purejewels.com\\\/wp-content\\\/uploads\\\/2024\\\/01\\\/SKU-30409.jpg\",\"contentUrl\":\"https:\\\/\\\/static.purejewels.com\\\/wp-content\\\/uploads\\\/2024\\\/01\\\/SKU-30409.jpg\",\"width\":1000,\"height\":1000,\"caption\":\"Stacked from 6 images. Method=B (R=8,S=4)\"},{\"@type\":\"BreadcrumbList\",\"@id\":\"https:\\\/\\\/www.purejewels.com\\\/product\\\/22ct-gold-initial-l-pendant-unisex-30409\\\/#breadcrumb\",\"itemListElement\":[{\"@type\":\"ListItem\",\"position\":1,\"name\":\"Home\",\"item\":\"https:\\\/\\\/www.purejewels.com\\\/\"},{\"@type\":\"ListItem\",\"position\":2,\"name\":\"Shop\",\"item\":\"https:\\\/\\\/www.purejewels.com\\\/shop\\\/\"},{\"@type\":\"ListItem\",\"position\":3,\"name\":\"22ct Gold Initial L Pendant | Unisex\"}]},{\"@type\":\"WebSite\",\"@id\":\"https:\\\/\\\/www.purejewels.com\\\/#website\",\"url\":\"https:\\\/\\\/www.purejewels.com\\\/\",\"name\":\"PureJewels UK\",\"description\":\"Share the Love\",\"publisher\":{\"@id\":\"https:\\\/\\\/www.purejewels.com\\\/#organization\"},\"potentialAction\":[{\"@type\":\"SearchAction\",\"target\":{\"@type\":\"EntryPoint\",\"urlTemplate\":\"https:\\\/\\\/www.purejewels.com\\\/?s={search_term_string}\"},\"query-input\":{\"@type\":\"PropertyValueSpecification\",\"valueRequired\":true,\"valueName\":\"search_term_string\"}}],\"inLanguage\":\"tr\"},{\"@type\":\"Organization\",\"@id\":\"https:\\\/\\\/www.purejewels.com\\\/#organization\",\"name\":\"PureJewels UK\",\"url\":\"https:\\\/\\\/www.purejewels.com\\\/\",\"logo\":{\"@type\":\"ImageObject\",\"inLanguage\":\"tr\",\"@id\":\"https:\\\/\\\/www.purejewels.com\\\/#\\\/schema\\\/logo\\\/image\\\/\",\"url\":\"https:\\\/\\\/static.purejewels.com\\\/wp-content\\\/uploads\\\/2020\\\/11\\\/Logo-PJ-New-1.png\",\"contentUrl\":\"https:\\\/\\\/static.purejewels.com\\\/wp-content\\\/uploads\\\/2020\\\/11\\\/Logo-PJ-New-1.png\",\"width\":150,\"height\":80,\"caption\":\"PureJewels UK\"},\"image\":{\"@id\":\"https:\\\/\\\/www.purejewels.com\\\/#\\\/schema\\\/logo\\\/image\\\/\"}}]}<\/script>\n<!-- \/ Yoast SEO plugin. -->","yoast_head_json":{"title":"Ger\u00e7ek Alt\u0131ndan Alfabe Kolyesi| L Harfi Kolyesi | PureJewels UK","description":"L Harf Kolye | Unisex Kolyeler Online | \u00c7ok \u00c7e\u015fitli Alfabe Kolyelerini Ke\u015ffedin | Saf Alt\u0131n Hafif Kolyeler | H\u0131zl\u0131 Teslimat.","robots":{"index":"index","follow":"follow","max-snippet":"max-snippet:-1","max-image-preview":"max-image-preview:large","max-video-preview":"max-video-preview:-1"},"canonical":"https:\/\/www.purejewels.com\/tr\/urun\/22-ayar-altin-bas-harf-l-kolye-unisex-30409\/","og_locale":"tr_TR","og_type":"article","og_title":"Alphabet Pendant in Real Gold| Letter L Pendant | PureJewels UK","og_description":"L Letter Pendant | Unisex Pendants Online | Explore Wide Range of Alphabet Pendants | Pure Gold Lightweight Pendants | Quick Delivery.","og_url":"https:\/\/www.purejewels.com\/tr\/urun\/22-ayar-altin-bas-harf-l-kolye-unisex-30409\/","og_site_name":"PureJewels UK","article_modified_time":"2026-01-06T08:09:04+00:00","og_image":[{"width":1000,"height":1000,"url":"https:\/\/www.purejewels.com\/wp-content\/uploads\/2024\/01\/SKU-30409.jpg","type":"image\/jpeg"}],"twitter_card":"summary_large_image","twitter_misc":{"Tahmini okuma s\u00fcresi":"1 dakika"},"schema":{"@context":"https:\/\/schema.org","@graph":[{"@type":["WebPage","ItemPage"],"@id":"https:\/\/www.purejewels.com\/product\/22ct-gold-initial-l-pendant-unisex-30409\/","url":"https:\/\/www.purejewels.com\/product\/22ct-gold-initial-l-pendant-unisex-30409\/","name":"Ger\u00e7ek Alt\u0131ndan Alfabe Kolyesi| L Harfi Kolyesi | PureJewels UK","isPartOf":{"@id":"https:\/\/www.purejewels.com\/#website"},"primaryImageOfPage":{"@id":"https:\/\/www.purejewels.com\/product\/22ct-gold-initial-l-pendant-unisex-30409\/#primaryimage"},"image":{"@id":"https:\/\/www.purejewels.com\/product\/22ct-gold-initial-l-pendant-unisex-30409\/#primaryimage"},"thumbnailUrl":"https:\/\/static.purejewels.com\/wp-content\/uploads\/2024\/01\/SKU-30409.jpg","datePublished":"2024-01-25T06:57:46+00:00","dateModified":"2026-01-06T08:09:04+00:00","description":"L Harf Kolye | Unisex Kolyeler Online | \u00c7ok \u00c7e\u015fitli Alfabe Kolyelerini Ke\u015ffedin | Saf Alt\u0131n Hafif Kolyeler | H\u0131zl\u0131 Teslimat.","breadcrumb":{"@id":"https:\/\/www.purejewels.com\/product\/22ct-gold-initial-l-pendant-unisex-30409\/#breadcrumb"},"inLanguage":"tr","potentialAction":[{"@type":"ReadAction","target":["https:\/\/www.purejewels.com\/product\/22ct-gold-initial-l-pendant-unisex-30409\/"]}]},{"@type":"ImageObject","inLanguage":"tr","@id":"https:\/\/www.purejewels.com\/product\/22ct-gold-initial-l-pendant-unisex-30409\/#primaryimage","url":"https:\/\/static.purejewels.com\/wp-content\/uploads\/2024\/01\/SKU-30409.jpg","contentUrl":"https:\/\/static.purejewels.com\/wp-content\/uploads\/2024\/01\/SKU-30409.jpg","width":1000,"height":1000,"caption":"Stacked from 6 images. Method=B (R=8,S=4)"},{"@type":"BreadcrumbList","@id":"https:\/\/www.purejewels.com\/product\/22ct-gold-initial-l-pendant-unisex-30409\/#breadcrumb","itemListElement":[{"@type":"ListItem","position":1,"name":"Home","item":"https:\/\/www.purejewels.com\/"},{"@type":"ListItem","position":2,"name":"Shop","item":"https:\/\/www.purejewels.com\/shop\/"},{"@type":"ListItem","position":3,"name":"22ct Gold Initial L Pendant | Unisex"}]},{"@type":"WebSite","@id":"https:\/\/www.purejewels.com\/#website","url":"https:\/\/www.purejewels.com\/","name":"PureJewels \u0130ngiltere","description":"Sevgiyi Payla\u015f\u0131n","publisher":{"@id":"https:\/\/www.purejewels.com\/#organization"},"potentialAction":[{"@type":"SearchAction","target":{"@type":"EntryPoint","urlTemplate":"https:\/\/www.purejewels.com\/?s={search_term_string}"},"query-input":{"@type":"PropertyValueSpecification","valueRequired":true,"valueName":"search_term_string"}}],"inLanguage":"tr"},{"@type":"Organization","@id":"https:\/\/www.purejewels.com\/#organization","name":"PureJewels \u0130ngiltere","url":"https:\/\/www.purejewels.com\/","logo":{"@type":"ImageObject","inLanguage":"tr","@id":"https:\/\/www.purejewels.com\/#\/schema\/logo\/image\/","url":"https:\/\/static.purejewels.com\/wp-content\/uploads\/2020\/11\/Logo-PJ-New-1.png","contentUrl":"https:\/\/static.purejewels.com\/wp-content\/uploads\/2020\/11\/Logo-PJ-New-1.png","width":150,"height":80,"caption":"PureJewels UK"},"image":{"@id":"https:\/\/www.purejewels.com\/#\/schema\/logo\/image\/"}}]}},"_links":{"self":[{"href":"https:\/\/www.purejewels.com\/tr\/wp-json\/wp\/v2\/product\/335530","targetHints":{"allow":["GET"]}}],"collection":[{"href":"https:\/\/www.purejewels.com\/tr\/wp-json\/wp\/v2\/product"}],"about":[{"href":"https:\/\/www.purejewels.com\/tr\/wp-json\/wp\/v2\/types\/product"}],"replies":[{"embeddable":true,"href":"https:\/\/www.purejewels.com\/tr\/wp-json\/wp\/v2\/comments?post=335530"}],"version-history":[{"count":3,"href":"https:\/\/www.purejewels.com\/tr\/wp-json\/wp\/v2\/product\/335530\/revisions"}],"predecessor-version":[{"id":415464,"href":"https:\/\/www.purejewels.com\/tr\/wp-json\/wp\/v2\/product\/335530\/revisions\/415464"}],"wp:featuredmedia":[{"embeddable":true,"href":"https:\/\/www.purejewels.com\/tr\/wp-json\/wp\/v2\/media\/408983"}],"wp:attachment":[{"href":"https:\/\/www.purejewels.com\/tr\/wp-json\/wp\/v2\/media?parent=335530"}],"wp:term":[{"taxonomy":"product_brand","embeddable":true,"href":"https:\/\/www.purejewels.com\/tr\/wp-json\/wp\/v2\/product_brand?post=335530"},{"taxonomy":"product_cat","embeddable":true,"href":"https:\/\/www.purejewels.com\/tr\/wp-json\/wp\/v2\/product_cat?post=335530"},{"taxonomy":"product_tag","embeddable":true,"href":"https:\/\/www.purejewels.com\/tr\/wp-json\/wp\/v2\/product_tag?post=335530"}],"curies":[{"name":"wp","href":"https:\/\/api.w.org\/{rel}","templated":true}]}}