{"id":335606,"date":"2024-10-25T05:17:13","date_gmt":"2024-10-25T04:17:13","guid":{"rendered":"https:\/\/www.purejewels.com\/?post_type=product&#038;p=335606"},"modified":"2026-04-27T10:06:39","modified_gmt":"2026-04-27T09:06:39","slug":"22-ayar-som-altin-bas-harf-f-kolye-unisex","status":"publish","type":"product","link":"https:\/\/www.purejewels.com\/tr\/product\/22ct-solid-gold-initial-f-pendant-unisex\/","title":{"rendered":"22 Ayar Alt\u0131n Ba\u015f Harfi F Kolye | Unisex"},"content":{"rendered":"<h4 data-start=\"315\" data-end=\"340\"><strong data-start=\"320\" data-end=\"338\">Tasar\u0131m Konsepti<\/strong><\/h4>\n<p data-start=\"341\" data-end=\"695\">Ba\u015f Harfi \u201cF\u201d Kolye, kimli\u011fin bir kutlamas\u0131d\u0131r - cesur, anlaml\u0131 ve zamans\u0131z. \u0130ster bir ismi, ister bir an\u0131y\u0131 ya da kalbinize yak\u0131n bir duyguyu temsil etsin, bu unisex par\u00e7a ki\u015fisel stilin \u00f6z\u00fcn\u00fc yakalar. Sade \u00e7izgileri ve \u0131\u015f\u0131lt\u0131l\u0131 alt\u0131n formuyla sadeli\u011fin zarafetini yans\u0131tan bu kolye, her g\u00fcn tak\u0131labilecek ve asla s\u0131radan hissettirmeyecek \u015fekilde \u00fcretilmi\u015ftir.<\/p>\n<h4 data-start=\"697\" data-end=\"721\"><strong data-start=\"702\" data-end=\"719\">Zanaatkarl\u0131k<\/strong><\/h4>\n<p data-start=\"722\" data-end=\"1065\">Som 22 ayar alt\u0131ndan titizlikle d\u00f6k\u00fclen bu kolye ucu, PureJewels'in safl\u0131k ve hassasiyete olan ba\u011fl\u0131l\u0131\u011f\u0131n\u0131 yans\u0131tmaktad\u0131r. 1 gram a\u011f\u0131rl\u0131\u011f\u0131yla hafif ve zahmetsizce tak\u0131labilirken, cesur silueti zarif bir ifade yarat\u0131r. Londra Assay Ofisi taraf\u0131ndan \u0130ngiliz damgas\u0131 ta\u015f\u0131yan bu kolye, kalite, men\u015fe ve i\u015f\u00e7ili\u011fin garantisidir.<\/p>\n<h4 data-start=\"1383\" data-end=\"1413\"><strong data-start=\"1388\" data-end=\"1411\">Stil \u0130lham\u0131<\/strong><\/h4>\n<ul>\n<li data-start=\"1416\" data-end=\"1503\">G\u00fcnl\u00fck imza: \u015e\u0131k ve ki\u015fisel bir g\u00f6r\u00fcn\u00fcm i\u00e7in basit bir zincir \u00fczerinde tek ba\u015f\u0131na parlamas\u0131na izin verin.<\/li>\n<li data-start=\"1506\" data-end=\"1602\">Katmanl\u0131 hikaye: Benzersiz bir anlat\u0131 olu\u015fturmak i\u00e7in di\u011fer ba\u015f harfler veya sembollerle birle\u015ftirin.<\/li>\n<li data-start=\"1605\" data-end=\"1699\">Hediye fikri: Do\u011fum g\u00fcnleri, y\u0131l d\u00f6n\u00fcmleri veya anlaml\u0131 d\u00f6n\u00fcm noktalar\u0131 i\u00e7in d\u00fc\u015f\u00fcnceli bir jest.<\/li>\n<\/ul>","protected":false},"excerpt":{"rendered":"<p>Unisex \u00e7ekicilik i\u00e7in tasarlanan bu 22 Ayar Som Alt\u0131n Ba\u015f Harfi F Kolye ile ki\u015fiselle\u015ftirin. Saf alt\u0131ndan cesur ve sade tasar\u0131m\u0131, onu g\u00fcnl\u00fck kullan\u0131m veya hediye i\u00e7in \u015f\u0131k ve anlaml\u0131 bir aksesuar haline getirir.<\/p>\n<p><strong>Malzeme:<\/strong>\u00a022 Ayar Alt\u0131n<strong><br \/>\nHallmark:\u00a0<\/strong>\u0130ngiliz Damgas\u0131<strong><br \/>\n<\/strong><strong>Br\u00fct A\u011f\u0131rl\u0131k: <\/strong>1 Gms<strong><br \/>\nSKU: <\/strong>52072<\/p>\n<p><strong>Fiyat ve Teslimat<\/strong>: KDV ve teslimat \u00fccretleri dahil<br \/>\n<strong>Not<\/strong>: Zincir dahil de\u011fildir<\/p>","protected":false},"featured_media":400667,"comment_status":"closed","ping_status":"closed","template":"","meta":{"_eb_attr":"","_crsspst_to_jayantr4sg-hostcom":true},"product_brand":[],"product_cat":[1559,1576,1794,1790,1229,1255,6122,5598,5342,5943,1769,1767,5906,6051,5338,5353,6120,1575,5349],"product_tag":[],"class_list":{"0":"post-335606","1":"product","2":"type-product","3":"status-publish","4":"has-post-thumbnail","6":"product_cat-birthday-gifts","7":"product_cat-childrens-jewellery","8":"product_cat-christmas-gifts","9":"product_cat-for-whom-when","10":"product_cat-22ct-gold-jewellery","11":"product_cat-gold-pendants","12":"product_cat-initial","13":"product_cat-initial-pendant","14":"product_cat-jewellery-under-250","15":"product_cat-kids-jewellery","16":"product_cat-kids-pendants","17":"product_cat-ladies-pendants","18":"product_cat-personalised-jewellery","19":"product_cat-personalised-pendant","20":"product_cat-shop-by-price","21":"product_cat-shop-by","22":"product_cat-shop-by-style","23":"product_cat-teenage-jewellery","24":"product_cat-yellow-gold-jewellery","26":"first","27":"instock","28":"taxable","29":"shipping-taxable","30":"purchasable","31":"product-type-simple","32":"add-to-wishlist-before_image"},"yoast_head":"<!-- This site is optimized with the Yoast SEO plugin v27.5 - https:\/\/yoast.com\/product\/yoast-seo-wordpress\/ -->\n<title>Solid Gold Pendants Online | PureJewels.com<\/title>\n<meta name=\"description\" content=\"F Letter Pendant | Solid Pendants | Mens Pendant | Unisex Pendant in 22ct Gold Online in UK | Free Delivery Over \u00a3100.\" \/>\n<meta name=\"robots\" content=\"index, follow, max-snippet:-1, max-image-preview:large, max-video-preview:-1\" \/>\n<link rel=\"canonical\" href=\"https:\/\/www.purejewels.com\/tr\/urun\/22-ayar-som-altin-bas-harf-f-kolye-unisex\/\" \/>\n<meta property=\"og:locale\" content=\"tr_TR\" \/>\n<meta property=\"og:type\" content=\"article\" \/>\n<meta property=\"og:title\" content=\"Solid Gold Pendants Online | PureJewels.com\" \/>\n<meta property=\"og:description\" content=\"F Letter Pendant | Solid Pendants | Mens Pendant | Unisex Pendant in 22ct Gold Online in UK | Free Delivery Over \u00a3100.\" \/>\n<meta property=\"og:url\" content=\"https:\/\/www.purejewels.com\/tr\/urun\/22-ayar-som-altin-bas-harf-f-kolye-unisex\/\" \/>\n<meta property=\"og:site_name\" content=\"PureJewels UK\" \/>\n<meta property=\"article:modified_time\" content=\"2026-04-27T09:06:39+00:00\" \/>\n<meta property=\"og:image\" content=\"https:\/\/static.purejewels.com\/wp-content\/uploads\/2024\/10\/SKU-52072.png\" \/>\n\t<meta property=\"og:image:width\" content=\"1000\" \/>\n\t<meta property=\"og:image:height\" content=\"1000\" \/>\n\t<meta property=\"og:image:type\" content=\"image\/png\" \/>\n<meta name=\"twitter:card\" content=\"summary_large_image\" \/>\n<meta name=\"twitter:label1\" content=\"Tahmini okuma s\u00fcresi\" \/>\n\t<meta name=\"twitter:data1\" content=\"1 dakika\" \/>\n<script type=\"application\/ld+json\" class=\"yoast-schema-graph\">{\"@context\":\"https:\\\/\\\/schema.org\",\"@graph\":[{\"@type\":[\"WebPage\",\"ItemPage\"],\"@id\":\"https:\\\/\\\/www.purejewels.com\\\/product\\\/22ct-solid-gold-initial-f-pendant-unisex\\\/\",\"url\":\"https:\\\/\\\/www.purejewels.com\\\/product\\\/22ct-solid-gold-initial-f-pendant-unisex\\\/\",\"name\":\"Solid Gold Pendants Online | PureJewels.com\",\"isPartOf\":{\"@id\":\"https:\\\/\\\/www.purejewels.com\\\/#website\"},\"primaryImageOfPage\":{\"@id\":\"https:\\\/\\\/www.purejewels.com\\\/product\\\/22ct-solid-gold-initial-f-pendant-unisex\\\/#primaryimage\"},\"image\":{\"@id\":\"https:\\\/\\\/www.purejewels.com\\\/product\\\/22ct-solid-gold-initial-f-pendant-unisex\\\/#primaryimage\"},\"thumbnailUrl\":\"https:\\\/\\\/static.purejewels.com\\\/wp-content\\\/uploads\\\/2024\\\/10\\\/SKU-52072.png\",\"datePublished\":\"2024-10-25T04:17:13+00:00\",\"dateModified\":\"2026-04-27T09:06:39+00:00\",\"description\":\"F Letter Pendant | Solid Pendants | Mens Pendant | Unisex Pendant in 22ct Gold Online in UK | Free Delivery Over \u00a3100.\",\"breadcrumb\":{\"@id\":\"https:\\\/\\\/www.purejewels.com\\\/product\\\/22ct-solid-gold-initial-f-pendant-unisex\\\/#breadcrumb\"},\"inLanguage\":\"tr\",\"potentialAction\":[{\"@type\":\"ReadAction\",\"target\":[\"https:\\\/\\\/www.purejewels.com\\\/product\\\/22ct-solid-gold-initial-f-pendant-unisex\\\/\"]}]},{\"@type\":\"ImageObject\",\"inLanguage\":\"tr\",\"@id\":\"https:\\\/\\\/www.purejewels.com\\\/product\\\/22ct-solid-gold-initial-f-pendant-unisex\\\/#primaryimage\",\"url\":\"https:\\\/\\\/static.purejewels.com\\\/wp-content\\\/uploads\\\/2024\\\/10\\\/SKU-52072.png\",\"contentUrl\":\"https:\\\/\\\/static.purejewels.com\\\/wp-content\\\/uploads\\\/2024\\\/10\\\/SKU-52072.png\",\"width\":1000,\"height\":1000,\"caption\":\"22ct Gold Initial F Pendant\"},{\"@type\":\"BreadcrumbList\",\"@id\":\"https:\\\/\\\/www.purejewels.com\\\/product\\\/22ct-solid-gold-initial-f-pendant-unisex\\\/#breadcrumb\",\"itemListElement\":[{\"@type\":\"ListItem\",\"position\":1,\"name\":\"Home\",\"item\":\"https:\\\/\\\/www.purejewels.com\\\/\"},{\"@type\":\"ListItem\",\"position\":2,\"name\":\"Shop\",\"item\":\"https:\\\/\\\/www.purejewels.com\\\/shop\\\/\"},{\"@type\":\"ListItem\",\"position\":3,\"name\":\"22ct Gold Initial F Pendant | Unisex\"}]},{\"@type\":\"WebSite\",\"@id\":\"https:\\\/\\\/www.purejewels.com\\\/#website\",\"url\":\"https:\\\/\\\/www.purejewels.com\\\/\",\"name\":\"PureJewels UK\",\"description\":\"Share the Love\",\"publisher\":{\"@id\":\"https:\\\/\\\/www.purejewels.com\\\/#organization\"},\"potentialAction\":[{\"@type\":\"SearchAction\",\"target\":{\"@type\":\"EntryPoint\",\"urlTemplate\":\"https:\\\/\\\/www.purejewels.com\\\/?s={search_term_string}\"},\"query-input\":{\"@type\":\"PropertyValueSpecification\",\"valueRequired\":true,\"valueName\":\"search_term_string\"}}],\"inLanguage\":\"tr\"},{\"@type\":\"Organization\",\"@id\":\"https:\\\/\\\/www.purejewels.com\\\/#organization\",\"name\":\"PureJewels UK\",\"url\":\"https:\\\/\\\/www.purejewels.com\\\/\",\"logo\":{\"@type\":\"ImageObject\",\"inLanguage\":\"tr\",\"@id\":\"https:\\\/\\\/www.purejewels.com\\\/#\\\/schema\\\/logo\\\/image\\\/\",\"url\":\"https:\\\/\\\/static.purejewels.com\\\/wp-content\\\/uploads\\\/2020\\\/11\\\/Logo-PJ-New-1.png\",\"contentUrl\":\"https:\\\/\\\/static.purejewels.com\\\/wp-content\\\/uploads\\\/2020\\\/11\\\/Logo-PJ-New-1.png\",\"width\":150,\"height\":80,\"caption\":\"PureJewels UK\"},\"image\":{\"@id\":\"https:\\\/\\\/www.purejewels.com\\\/#\\\/schema\\\/logo\\\/image\\\/\"}}]}<\/script>\n<!-- \/ Yoast SEO plugin. -->","yoast_head_json":{"title":"Som Alt\u0131n Kolyeler Online | PureJewels.com","description":"F Harfli Kolye Ucu | Som Kolyeler | Erkek Kolye Ucu | 22 Ayar Alt\u0131ndan Unisex Kolye Ucu \u0130ngiltere'de Online | 100 \u00a3 \u00dczeri \u00dccretsiz Teslimat.","robots":{"index":"index","follow":"follow","max-snippet":"max-snippet:-1","max-image-preview":"max-image-preview:large","max-video-preview":"max-video-preview:-1"},"canonical":"https:\/\/www.purejewels.com\/tr\/urun\/22-ayar-som-altin-bas-harf-f-kolye-unisex\/","og_locale":"tr_TR","og_type":"article","og_title":"Solid Gold Pendants Online | PureJewels.com","og_description":"F Letter Pendant | Solid Pendants | Mens Pendant | Unisex Pendant in 22ct Gold Online in UK | Free Delivery Over \u00a3100.","og_url":"https:\/\/www.purejewels.com\/tr\/urun\/22-ayar-som-altin-bas-harf-f-kolye-unisex\/","og_site_name":"PureJewels UK","article_modified_time":"2026-04-27T09:06:39+00:00","og_image":[{"width":1000,"height":1000,"url":"https:\/\/static.purejewels.com\/wp-content\/uploads\/2024\/10\/SKU-52072.png","type":"image\/png"}],"twitter_card":"summary_large_image","twitter_misc":{"Tahmini okuma s\u00fcresi":"1 dakika"},"schema":{"@context":"https:\/\/schema.org","@graph":[{"@type":["WebPage","ItemPage"],"@id":"https:\/\/www.purejewels.com\/product\/22ct-solid-gold-initial-f-pendant-unisex\/","url":"https:\/\/www.purejewels.com\/product\/22ct-solid-gold-initial-f-pendant-unisex\/","name":"Som Alt\u0131n Kolyeler Online | PureJewels.com","isPartOf":{"@id":"https:\/\/www.purejewels.com\/#website"},"primaryImageOfPage":{"@id":"https:\/\/www.purejewels.com\/product\/22ct-solid-gold-initial-f-pendant-unisex\/#primaryimage"},"image":{"@id":"https:\/\/www.purejewels.com\/product\/22ct-solid-gold-initial-f-pendant-unisex\/#primaryimage"},"thumbnailUrl":"https:\/\/static.purejewels.com\/wp-content\/uploads\/2024\/10\/SKU-52072.png","datePublished":"2024-10-25T04:17:13+00:00","dateModified":"2026-04-27T09:06:39+00:00","description":"F Harfli Kolye Ucu | Som Kolyeler | Erkek Kolye Ucu | 22 Ayar Alt\u0131ndan Unisex Kolye Ucu \u0130ngiltere'de Online | 100 \u00a3 \u00dczeri \u00dccretsiz Teslimat.","breadcrumb":{"@id":"https:\/\/www.purejewels.com\/product\/22ct-solid-gold-initial-f-pendant-unisex\/#breadcrumb"},"inLanguage":"tr","potentialAction":[{"@type":"ReadAction","target":["https:\/\/www.purejewels.com\/product\/22ct-solid-gold-initial-f-pendant-unisex\/"]}]},{"@type":"ImageObject","inLanguage":"tr","@id":"https:\/\/www.purejewels.com\/product\/22ct-solid-gold-initial-f-pendant-unisex\/#primaryimage","url":"https:\/\/static.purejewels.com\/wp-content\/uploads\/2024\/10\/SKU-52072.png","contentUrl":"https:\/\/static.purejewels.com\/wp-content\/uploads\/2024\/10\/SKU-52072.png","width":1000,"height":1000,"caption":"22ct Gold Initial F Pendant"},{"@type":"BreadcrumbList","@id":"https:\/\/www.purejewels.com\/product\/22ct-solid-gold-initial-f-pendant-unisex\/#breadcrumb","itemListElement":[{"@type":"ListItem","position":1,"name":"Home","item":"https:\/\/www.purejewels.com\/"},{"@type":"ListItem","position":2,"name":"Shop","item":"https:\/\/www.purejewels.com\/shop\/"},{"@type":"ListItem","position":3,"name":"22ct Gold Initial F Pendant | Unisex"}]},{"@type":"WebSite","@id":"https:\/\/www.purejewels.com\/#website","url":"https:\/\/www.purejewels.com\/","name":"PureJewels \u0130ngiltere","description":"Sevgiyi Payla\u015f\u0131n","publisher":{"@id":"https:\/\/www.purejewels.com\/#organization"},"potentialAction":[{"@type":"SearchAction","target":{"@type":"EntryPoint","urlTemplate":"https:\/\/www.purejewels.com\/?s={search_term_string}"},"query-input":{"@type":"PropertyValueSpecification","valueRequired":true,"valueName":"search_term_string"}}],"inLanguage":"tr"},{"@type":"Organization","@id":"https:\/\/www.purejewels.com\/#organization","name":"PureJewels \u0130ngiltere","url":"https:\/\/www.purejewels.com\/","logo":{"@type":"ImageObject","inLanguage":"tr","@id":"https:\/\/www.purejewels.com\/#\/schema\/logo\/image\/","url":"https:\/\/static.purejewels.com\/wp-content\/uploads\/2020\/11\/Logo-PJ-New-1.png","contentUrl":"https:\/\/static.purejewels.com\/wp-content\/uploads\/2020\/11\/Logo-PJ-New-1.png","width":150,"height":80,"caption":"PureJewels UK"},"image":{"@id":"https:\/\/www.purejewels.com\/#\/schema\/logo\/image\/"}}]}},"_links":{"self":[{"href":"https:\/\/www.purejewels.com\/tr\/wp-json\/wp\/v2\/product\/335606","targetHints":{"allow":["GET"]}}],"collection":[{"href":"https:\/\/www.purejewels.com\/tr\/wp-json\/wp\/v2\/product"}],"about":[{"href":"https:\/\/www.purejewels.com\/tr\/wp-json\/wp\/v2\/types\/product"}],"replies":[{"embeddable":true,"href":"https:\/\/www.purejewels.com\/tr\/wp-json\/wp\/v2\/comments?post=335606"}],"version-history":[{"count":3,"href":"https:\/\/www.purejewels.com\/tr\/wp-json\/wp\/v2\/product\/335606\/revisions"}],"predecessor-version":[{"id":420742,"href":"https:\/\/www.purejewels.com\/tr\/wp-json\/wp\/v2\/product\/335606\/revisions\/420742"}],"wp:featuredmedia":[{"embeddable":true,"href":"https:\/\/www.purejewels.com\/tr\/wp-json\/wp\/v2\/media\/400667"}],"wp:attachment":[{"href":"https:\/\/www.purejewels.com\/tr\/wp-json\/wp\/v2\/media?parent=335606"}],"wp:term":[{"taxonomy":"product_brand","embeddable":true,"href":"https:\/\/www.purejewels.com\/tr\/wp-json\/wp\/v2\/product_brand?post=335606"},{"taxonomy":"product_cat","embeddable":true,"href":"https:\/\/www.purejewels.com\/tr\/wp-json\/wp\/v2\/product_cat?post=335606"},{"taxonomy":"product_tag","embeddable":true,"href":"https:\/\/www.purejewels.com\/tr\/wp-json\/wp\/v2\/product_tag?post=335606"}],"curies":[{"name":"wp","href":"https:\/\/api.w.org\/{rel}","templated":true}]}}