{"id":335641,"date":"2025-08-25T12:42:00","date_gmt":"2025-08-25T11:42:00","guid":{"rendered":"https:\/\/www.purejewels.com\/?post_type=product&#038;p=335641"},"modified":"2026-01-08T21:19:17","modified_gmt":"2026-01-08T21:19:17","slug":"22-ayar-altin-bas-harf-a-kolye-50627","status":"publish","type":"product","link":"https:\/\/www.purejewels.com\/tr\/product\/22ct-gold-initial-a-pendant-necklace-50627\/","title":{"rendered":"22 Ayar Alt\u0131n A Harfli Kolye | Unisex"},"content":{"rendered":"<h4 data-start=\"360\" data-end=\"385\"><strong data-start=\"365\" data-end=\"383\">Tasar\u0131m Konsepti<\/strong><\/h4>\n<p data-start=\"386\" data-end=\"772\">Trendleri a\u015fan ki\u015fiselle\u015ftirilmi\u015f bir sembol olan bu zarif \u201cA\u201d Harfli Kolye ile kimli\u011finizi ve niyetinizi kutlay\u0131n. \u0130ster kendi ad\u0131n\u0131z\u0131, ister sevdi\u011finiz birinin ad\u0131n\u0131 ya da anlaml\u0131 bir an\u0131y\u0131 i\u015faret etsin, bu par\u00e7a modern bir yadigara d\u00f6n\u00fc\u015f\u00fcr; samimi, kal\u0131c\u0131 ve etkileyici. Unisex tasar\u0131m\u0131, PureJewels'in m\u00fccevherin evrensel bir ba\u011flant\u0131 dili oldu\u011funa olan inanc\u0131n\u0131 yans\u0131t\u0131yor.<\/p>\n<h4 data-start=\"774\" data-end=\"798\"><strong data-start=\"779\" data-end=\"796\">Zanaatkarl\u0131k<\/strong><\/h4>\n<p data-start=\"799\" data-end=\"1173\">PureJewels'e \u00f6zel s\u0131cak tonlu bir ala\u015f\u0131m olan 22 ayar Sunrise Alt\u0131ndan ustal\u0131kla el i\u015f\u00e7ili\u011fiyle \u00fcretilen bu kolye, ince bir \u0131\u015f\u0131lt\u0131yla parl\u0131yor. Temiz \u00e7izgiler ve yumu\u015fak k\u0131vr\u0131mlarla \u015fekillendirilmi\u015f, m\u00fckemmel bir \u015fekilde parlat\u0131lm\u0131\u015f ve 16 in\u00e7lik narin bir zincire as\u0131lm\u0131\u015ft\u0131r. Par\u00e7an\u0131n tamam\u0131 Londra Assay Ofisi taraf\u0131ndan damgalanarak hem kalite hem de \u00f6zg\u00fcnl\u00fck g\u00fcvence alt\u0131na al\u0131nm\u0131\u015ft\u0131r.<\/p>\n<h4 data-start=\"1409\" data-end=\"1439\"><strong data-start=\"1414\" data-end=\"1437\">Stil \u0130lham\u0131<\/strong><\/h4>\n<ul>\n<li data-start=\"1442\" data-end=\"1535\"><strong data-start=\"1442\" data-end=\"1464\">Everyday Signature<\/strong>: Zahmetsiz \u015f\u0131kl\u0131k i\u00e7in net bir g\u00f6mlek veya ipek bluzla tek ba\u015f\u0131na giyin<\/li>\n<li data-start=\"1538\" data-end=\"1650\"><strong data-start=\"1538\" data-end=\"1560\">Katmanl\u0131 \u0130fade<\/strong>: Di\u011fer ba\u015f harfler, tak\u0131lar veya daha uzun harflerle birle\u015ftirin <a href=\"https:\/\/www.purejewels.com\/tr\/product-category\/22ct-gold-jewellery\/gold-chains\/\">Zincirler<\/a> k\u00fcrat\u00f6rl\u00fc, hikaye anlat\u0131ml\u0131 bir g\u00f6r\u00fcn\u00fcm i\u00e7in<\/li>\n<li data-start=\"1653\" data-end=\"1780\"><strong data-start=\"1653\" data-end=\"1671\">Hediye Verme An\u0131<\/strong>: \u015eunlar i\u00e7in idealdir <strong data-start=\"1683\" data-end=\"1700\">y\u0131ld\u00f6n\u00fcmleri<\/strong>, <strong data-start=\"1702\" data-end=\"1715\">do\u011fum g\u00fcnleri\u0307<\/strong>veya <strong data-start=\"1720\" data-end=\"1739\">Sevgililer G\u00fcn\u00fc<\/strong>-anlam ta\u015f\u0131yan i\u00e7ten bir jest<\/li>\n<\/ul>","protected":false},"excerpt":{"rendered":"<table class=\"sh_desc\">\n<tbody>\n<tr>\n<td>Kolye Tipi<\/td>\n<td>Ba\u015f Harfi A Kolye<\/td>\n<\/tr>\n<tr>\n<td>SKU<\/td>\n<td>50627<\/td>\n<\/tr>\n<tr>\n<td>A\u011f\u0131rl\u0131k<\/td>\n<td>3.9 Gms<\/td>\n<\/tr>\n<tr>\n<td>Metal<\/td>\n<td>22 Ayar G\u00fcndo\u011fumu Alt\u0131n<\/td>\n<\/tr>\n<tr>\n<td>Uzunluk<\/td>\n<td>16 \u0130n\u00e7<\/td>\n<\/tr>\n<tr>\n<td>\u00dccretler<\/td>\n<td>Teslimat ve KDV Dahil<\/td>\n<\/tr>\n<tr>\n<td>Paketleme<\/td>\n<td>Sunum Kutusu ile Birlikte Gelir<\/td>\n<\/tr>\n<tr>\n<td>Daha Fazla Bilgi<\/td>\n<td>M\u00fcsaitlik durumu ve daha fazla resim i\u00e7in bizimle canl\u0131 sohbet edin<\/td>\n<\/tr>\n<\/tbody>\n<\/table>\n<div class=\"pls-deliver-return-ask-questions\"><\/div>\n<div class=\"pls-sticky-add-to-cart\">\n<div class=\"container\">\n<div class=\"row\">\n<div class=\"col pls-sticky-add-to-cart-left\">\n<div class=\"pls-sticky-product-info\">\n<p>&nbsp;<\/p>\n<\/div>\n<\/div>\n<div class=\"col-auto pls-sticky-add-to-cart-right\"><\/div>\n<\/div>\n<\/div>\n<\/div>","protected":false},"featured_media":386178,"comment_status":"closed","ping_status":"closed","template":"","meta":{"_eb_attr":"","_crsspst_to_jayantr4sg-hostcom":false},"product_brand":[],"product_cat":[1791,1559,1576,1229,1253,5346,1255,6122,5598,5347,5906,5908,6120,1575,1569,1574,5349],"product_tag":[],"class_list":{"0":"post-335641","1":"product","2":"type-product","3":"status-publish","4":"has-post-thumbnail","6":"product_cat-anniversary-gifts","7":"product_cat-birthday-gifts","8":"product_cat-childrens-jewellery","9":"product_cat-22ct-gold-jewellery","10":"product_cat-gold-necklaces","11":"product_cat-gold-pendant-necklace","12":"product_cat-gold-pendants","13":"product_cat-initial","14":"product_cat-initial-pendant","15":"product_cat-shop-by-metal","16":"product_cat-personalised-jewellery","17":"product_cat-personalised-necklace","18":"product_cat-shop-by-style","19":"product_cat-teenage-jewellery","20":"product_cat-valentine-day-gifts","21":"product_cat-womens-jewellery","22":"product_cat-yellow-gold-jewellery","24":"first","25":"outofstock","26":"taxable","27":"shipping-taxable","28":"product-type-simple","29":"add-to-wishlist-before_image"},"yoast_head":"<!-- This site is optimized with the Yoast SEO plugin v27.5 - https:\/\/yoast.com\/product\/yoast-seo-wordpress\/ -->\n<title>Initial A Letter Pendant Necklace | PureJewels.com<\/title>\n<meta name=\"description\" content=\"Initial pendant Necklace Online in 22ct | Browse Wide Range Initial Pendants For Men &amp; Women Online | Free online delivery in the UK\" \/>\n<meta name=\"robots\" content=\"index, follow, max-snippet:-1, max-image-preview:large, max-video-preview:-1\" \/>\n<link rel=\"canonical\" href=\"https:\/\/www.purejewels.com\/tr\/urun\/22-ayar-altin-bas-harf-a-kolye-50627\/\" \/>\n<meta property=\"og:locale\" content=\"tr_TR\" \/>\n<meta property=\"og:type\" content=\"article\" \/>\n<meta property=\"og:title\" content=\"Initial A Letter Pendant Necklace | PureJewels.com\" \/>\n<meta property=\"og:description\" content=\"Initial pendant Necklace Online in 22ct | Browse Wide Range Initial Pendants For Men &amp; Women Online | Free online delivery in the UK\" \/>\n<meta property=\"og:url\" content=\"https:\/\/www.purejewels.com\/tr\/urun\/22-ayar-altin-bas-harf-a-kolye-50627\/\" \/>\n<meta property=\"og:site_name\" content=\"PureJewels UK\" \/>\n<meta property=\"article:modified_time\" content=\"2026-01-08T21:19:17+00:00\" \/>\n<meta property=\"og:image\" content=\"https:\/\/www.purejewels.com\/wp-content\/uploads\/2025\/01\/50627.png\" \/>\n\t<meta property=\"og:image:width\" content=\"1000\" \/>\n\t<meta property=\"og:image:height\" content=\"1000\" \/>\n\t<meta property=\"og:image:type\" content=\"image\/png\" \/>\n<meta name=\"twitter:card\" content=\"summary_large_image\" \/>\n<meta name=\"twitter:label1\" content=\"Tahmini okuma s\u00fcresi\" \/>\n\t<meta name=\"twitter:data1\" content=\"1 dakika\" \/>\n<script type=\"application\/ld+json\" class=\"yoast-schema-graph\">{\"@context\":\"https:\\\/\\\/schema.org\",\"@graph\":[{\"@type\":[\"WebPage\",\"ItemPage\"],\"@id\":\"https:\\\/\\\/www.purejewels.com\\\/product\\\/22ct-gold-initial-a-pendant-necklace-50627\\\/\",\"url\":\"https:\\\/\\\/www.purejewels.com\\\/product\\\/22ct-gold-initial-a-pendant-necklace-50627\\\/\",\"name\":\"Initial A Letter Pendant Necklace | PureJewels.com\",\"isPartOf\":{\"@id\":\"https:\\\/\\\/www.purejewels.com\\\/#website\"},\"primaryImageOfPage\":{\"@id\":\"https:\\\/\\\/www.purejewels.com\\\/product\\\/22ct-gold-initial-a-pendant-necklace-50627\\\/#primaryimage\"},\"image\":{\"@id\":\"https:\\\/\\\/www.purejewels.com\\\/product\\\/22ct-gold-initial-a-pendant-necklace-50627\\\/#primaryimage\"},\"thumbnailUrl\":\"https:\\\/\\\/static.purejewels.com\\\/wp-content\\\/uploads\\\/2025\\\/01\\\/50627.png\",\"datePublished\":\"2025-08-25T11:42:00+00:00\",\"dateModified\":\"2026-01-08T21:19:17+00:00\",\"description\":\"Initial pendant Necklace Online in 22ct | Browse Wide Range Initial Pendants For Men & Women Online | Free online delivery in the UK\",\"breadcrumb\":{\"@id\":\"https:\\\/\\\/www.purejewels.com\\\/product\\\/22ct-gold-initial-a-pendant-necklace-50627\\\/#breadcrumb\"},\"inLanguage\":\"tr\",\"potentialAction\":[{\"@type\":\"ReadAction\",\"target\":[\"https:\\\/\\\/www.purejewels.com\\\/product\\\/22ct-gold-initial-a-pendant-necklace-50627\\\/\"]}]},{\"@type\":\"ImageObject\",\"inLanguage\":\"tr\",\"@id\":\"https:\\\/\\\/www.purejewels.com\\\/product\\\/22ct-gold-initial-a-pendant-necklace-50627\\\/#primaryimage\",\"url\":\"https:\\\/\\\/static.purejewels.com\\\/wp-content\\\/uploads\\\/2025\\\/01\\\/50627.png\",\"contentUrl\":\"https:\\\/\\\/static.purejewels.com\\\/wp-content\\\/uploads\\\/2025\\\/01\\\/50627.png\",\"width\":1000,\"height\":1000,\"caption\":\"22ct Gold Initial A Pendant Necklace | Unisex\"},{\"@type\":\"BreadcrumbList\",\"@id\":\"https:\\\/\\\/www.purejewels.com\\\/product\\\/22ct-gold-initial-a-pendant-necklace-50627\\\/#breadcrumb\",\"itemListElement\":[{\"@type\":\"ListItem\",\"position\":1,\"name\":\"Home\",\"item\":\"https:\\\/\\\/www.purejewels.com\\\/\"},{\"@type\":\"ListItem\",\"position\":2,\"name\":\"Shop\",\"item\":\"https:\\\/\\\/www.purejewels.com\\\/shop\\\/\"},{\"@type\":\"ListItem\",\"position\":3,\"name\":\"22ct Gold Initial A Pendant Necklace | Unisex\"}]},{\"@type\":\"WebSite\",\"@id\":\"https:\\\/\\\/www.purejewels.com\\\/#website\",\"url\":\"https:\\\/\\\/www.purejewels.com\\\/\",\"name\":\"PureJewels UK\",\"description\":\"Share the Love\",\"publisher\":{\"@id\":\"https:\\\/\\\/www.purejewels.com\\\/#organization\"},\"potentialAction\":[{\"@type\":\"SearchAction\",\"target\":{\"@type\":\"EntryPoint\",\"urlTemplate\":\"https:\\\/\\\/www.purejewels.com\\\/?s={search_term_string}\"},\"query-input\":{\"@type\":\"PropertyValueSpecification\",\"valueRequired\":true,\"valueName\":\"search_term_string\"}}],\"inLanguage\":\"tr\"},{\"@type\":\"Organization\",\"@id\":\"https:\\\/\\\/www.purejewels.com\\\/#organization\",\"name\":\"PureJewels UK\",\"url\":\"https:\\\/\\\/www.purejewels.com\\\/\",\"logo\":{\"@type\":\"ImageObject\",\"inLanguage\":\"tr\",\"@id\":\"https:\\\/\\\/www.purejewels.com\\\/#\\\/schema\\\/logo\\\/image\\\/\",\"url\":\"https:\\\/\\\/static.purejewels.com\\\/wp-content\\\/uploads\\\/2020\\\/11\\\/Logo-PJ-New-1.png\",\"contentUrl\":\"https:\\\/\\\/static.purejewels.com\\\/wp-content\\\/uploads\\\/2020\\\/11\\\/Logo-PJ-New-1.png\",\"width\":150,\"height\":80,\"caption\":\"PureJewels UK\"},\"image\":{\"@id\":\"https:\\\/\\\/www.purejewels.com\\\/#\\\/schema\\\/logo\\\/image\\\/\"}}]}<\/script>\n<!-- \/ Yoast SEO plugin. -->","yoast_head_json":{"title":"Ba\u015f Harf A Harf Kolye Kolye | PureJewels.com","description":"Ba\u015f harfli kolye ucu 22ct | Erkekler ve Kad\u0131nlar \u0130\u00e7in \u00c7ok \u00c7e\u015fitli Ba\u015f Harf Kolyelerine \u00c7evrimi\u00e7i G\u00f6z At\u0131n | \u0130ngiltere'de \u00fccretsiz \u00e7evrimi\u00e7i teslimat","robots":{"index":"index","follow":"follow","max-snippet":"max-snippet:-1","max-image-preview":"max-image-preview:large","max-video-preview":"max-video-preview:-1"},"canonical":"https:\/\/www.purejewels.com\/tr\/urun\/22-ayar-altin-bas-harf-a-kolye-50627\/","og_locale":"tr_TR","og_type":"article","og_title":"Initial A Letter Pendant Necklace | PureJewels.com","og_description":"Initial pendant Necklace Online in 22ct | Browse Wide Range Initial Pendants For Men & Women Online | Free online delivery in the UK","og_url":"https:\/\/www.purejewels.com\/tr\/urun\/22-ayar-altin-bas-harf-a-kolye-50627\/","og_site_name":"PureJewels UK","article_modified_time":"2026-01-08T21:19:17+00:00","og_image":[{"width":1000,"height":1000,"url":"https:\/\/www.purejewels.com\/wp-content\/uploads\/2025\/01\/50627.png","type":"image\/png"}],"twitter_card":"summary_large_image","twitter_misc":{"Tahmini okuma s\u00fcresi":"1 dakika"},"schema":{"@context":"https:\/\/schema.org","@graph":[{"@type":["WebPage","ItemPage"],"@id":"https:\/\/www.purejewels.com\/product\/22ct-gold-initial-a-pendant-necklace-50627\/","url":"https:\/\/www.purejewels.com\/product\/22ct-gold-initial-a-pendant-necklace-50627\/","name":"Ba\u015f Harf A Harf Kolye Kolye | PureJewels.com","isPartOf":{"@id":"https:\/\/www.purejewels.com\/#website"},"primaryImageOfPage":{"@id":"https:\/\/www.purejewels.com\/product\/22ct-gold-initial-a-pendant-necklace-50627\/#primaryimage"},"image":{"@id":"https:\/\/www.purejewels.com\/product\/22ct-gold-initial-a-pendant-necklace-50627\/#primaryimage"},"thumbnailUrl":"https:\/\/static.purejewels.com\/wp-content\/uploads\/2025\/01\/50627.png","datePublished":"2025-08-25T11:42:00+00:00","dateModified":"2026-01-08T21:19:17+00:00","description":"Ba\u015f harfli kolye ucu 22ct | Erkekler ve Kad\u0131nlar \u0130\u00e7in \u00c7ok \u00c7e\u015fitli Ba\u015f Harf Kolyelerine \u00c7evrimi\u00e7i G\u00f6z At\u0131n | \u0130ngiltere'de \u00fccretsiz \u00e7evrimi\u00e7i teslimat","breadcrumb":{"@id":"https:\/\/www.purejewels.com\/product\/22ct-gold-initial-a-pendant-necklace-50627\/#breadcrumb"},"inLanguage":"tr","potentialAction":[{"@type":"ReadAction","target":["https:\/\/www.purejewels.com\/product\/22ct-gold-initial-a-pendant-necklace-50627\/"]}]},{"@type":"ImageObject","inLanguage":"tr","@id":"https:\/\/www.purejewels.com\/product\/22ct-gold-initial-a-pendant-necklace-50627\/#primaryimage","url":"https:\/\/static.purejewels.com\/wp-content\/uploads\/2025\/01\/50627.png","contentUrl":"https:\/\/static.purejewels.com\/wp-content\/uploads\/2025\/01\/50627.png","width":1000,"height":1000,"caption":"22ct Gold Initial A Pendant Necklace | Unisex"},{"@type":"BreadcrumbList","@id":"https:\/\/www.purejewels.com\/product\/22ct-gold-initial-a-pendant-necklace-50627\/#breadcrumb","itemListElement":[{"@type":"ListItem","position":1,"name":"Home","item":"https:\/\/www.purejewels.com\/"},{"@type":"ListItem","position":2,"name":"Shop","item":"https:\/\/www.purejewels.com\/shop\/"},{"@type":"ListItem","position":3,"name":"22ct Gold Initial A Pendant Necklace | Unisex"}]},{"@type":"WebSite","@id":"https:\/\/www.purejewels.com\/#website","url":"https:\/\/www.purejewels.com\/","name":"PureJewels \u0130ngiltere","description":"Sevgiyi Payla\u015f\u0131n","publisher":{"@id":"https:\/\/www.purejewels.com\/#organization"},"potentialAction":[{"@type":"SearchAction","target":{"@type":"EntryPoint","urlTemplate":"https:\/\/www.purejewels.com\/?s={search_term_string}"},"query-input":{"@type":"PropertyValueSpecification","valueRequired":true,"valueName":"search_term_string"}}],"inLanguage":"tr"},{"@type":"Organization","@id":"https:\/\/www.purejewels.com\/#organization","name":"PureJewels \u0130ngiltere","url":"https:\/\/www.purejewels.com\/","logo":{"@type":"ImageObject","inLanguage":"tr","@id":"https:\/\/www.purejewels.com\/#\/schema\/logo\/image\/","url":"https:\/\/static.purejewels.com\/wp-content\/uploads\/2020\/11\/Logo-PJ-New-1.png","contentUrl":"https:\/\/static.purejewels.com\/wp-content\/uploads\/2020\/11\/Logo-PJ-New-1.png","width":150,"height":80,"caption":"PureJewels UK"},"image":{"@id":"https:\/\/www.purejewels.com\/#\/schema\/logo\/image\/"}}]}},"_links":{"self":[{"href":"https:\/\/www.purejewels.com\/tr\/wp-json\/wp\/v2\/product\/335641","targetHints":{"allow":["GET"]}}],"collection":[{"href":"https:\/\/www.purejewels.com\/tr\/wp-json\/wp\/v2\/product"}],"about":[{"href":"https:\/\/www.purejewels.com\/tr\/wp-json\/wp\/v2\/types\/product"}],"replies":[{"embeddable":true,"href":"https:\/\/www.purejewels.com\/tr\/wp-json\/wp\/v2\/comments?post=335641"}],"version-history":[{"count":4,"href":"https:\/\/www.purejewels.com\/tr\/wp-json\/wp\/v2\/product\/335641\/revisions"}],"predecessor-version":[{"id":424414,"href":"https:\/\/www.purejewels.com\/tr\/wp-json\/wp\/v2\/product\/335641\/revisions\/424414"}],"wp:featuredmedia":[{"embeddable":true,"href":"https:\/\/www.purejewels.com\/tr\/wp-json\/wp\/v2\/media\/386178"}],"wp:attachment":[{"href":"https:\/\/www.purejewels.com\/tr\/wp-json\/wp\/v2\/media?parent=335641"}],"wp:term":[{"taxonomy":"product_brand","embeddable":true,"href":"https:\/\/www.purejewels.com\/tr\/wp-json\/wp\/v2\/product_brand?post=335641"},{"taxonomy":"product_cat","embeddable":true,"href":"https:\/\/www.purejewels.com\/tr\/wp-json\/wp\/v2\/product_cat?post=335641"},{"taxonomy":"product_tag","embeddable":true,"href":"https:\/\/www.purejewels.com\/tr\/wp-json\/wp\/v2\/product_tag?post=335641"}],"curies":[{"name":"wp","href":"https:\/\/api.w.org\/{rel}","templated":true}]}}