{"id":335664,"date":"2024-10-29T07:00:10","date_gmt":"2024-10-29T07:00:10","guid":{"rendered":"https:\/\/www.purejewels.com\/?post_type=product&#038;p=335664"},"modified":"2026-04-27T10:05:54","modified_gmt":"2026-04-27T09:05:54","slug":"22-ayar-altindan-om-kolye-ucu-unisex","status":"publish","type":"product","link":"https:\/\/www.purejewels.com\/tr\/product\/om-pendant-in-22ct-gold-unisex\/","title":{"rendered":"Om Kolye 22 Ayar Alt\u0131n | Unisex"},"content":{"rendered":"<p data-start=\"293\" data-end=\"623\">Evrenin kutsal sesini bu g\u00fczel el i\u015fi ile kutlay\u0131n <strong data-start=\"370\" data-end=\"384\">Om Kolye<\/strong>Saf 22 ayar sar\u0131 alt\u0131ndan titizlikle \u00fcretilmi\u015ftir. Kalp \u015feklinde bir \u00e7er\u00e7eve i\u00e7ine yerle\u015ftirilmi\u015f olan ve merkezindeki detayl\u0131 Om motifi huzur ve ruhani g\u00fc\u00e7 yayarak m\u00fccevherlerinde daha derin anlamlara \u00f6nem verenler i\u00e7in de\u011ferli bir par\u00e7a haline geliyor.<\/p>\n<p data-start=\"625\" data-end=\"959\">Hassas kesim ve ince dokular kolyenin i\u015f\u00e7ili\u011fini vurgularken, unisex tasar\u0131m\u0131 gelenek ve i\u00e7 huzurla ba\u011flant\u0131 kurmak isteyen herkes taraf\u0131ndan tak\u0131lmas\u0131na olanak tan\u0131r. \u0130ster bir <a href=\"https:\/\/www.purejewels.com\/tr\/product\/22ct-gold-foxtail-chain-43297\/\">alt\u0131n zincir<\/a> ya da sevdi\u011finiz birine hediye etti\u011finizde, bu kolye s\u00fcslemenin \u00f6tesinde \u0131\u015f\u0131\u011f\u0131n, ba\u011fl\u0131l\u0131\u011f\u0131n ve evrensel uyumun sembol\u00fcd\u00fcr.<\/p>\n<p data-start=\"961\" data-end=\"1111\">Aralar\u0131nda d\u00fc\u015f\u00fcnceli ve i\u00e7ten bir se\u00e7im <strong data-start=\"1001\" data-end=\"1020\">Diwali hediyeleri<\/strong>I\u015f\u0131k mevsiminde huzur ve hay\u0131rl\u0131 ba\u015flang\u0131\u00e7lar\u0131n kutsamalar\u0131n\u0131 sunar.<\/p>","protected":false},"excerpt":{"rendered":"<table class=\"sh_desc\">\n<tbody>\n<tr>\n<td>Kolye Tipi<\/td>\n<td>Dini Kolye<\/td>\n<\/tr>\n<tr>\n<td>SKU<\/td>\n<td>6057<\/td>\n<\/tr>\n<tr>\n<td>A\u011f\u0131rl\u0131k<\/td>\n<td>2.3 Gms<\/td>\n<\/tr>\n<tr>\n<td>Metal<\/td>\n<td>22 Ayar Alt\u0131n<\/td>\n<\/tr>\n<tr>\n<td>\u00dccretler<\/td>\n<td>Teslimat ve KDV Dahil<\/td>\n<\/tr>\n<tr>\n<td>Paketleme<\/td>\n<td>Sunum Kutusu ile Birlikte Gelir<\/td>\n<\/tr>\n<tr>\n<td>Daha Fazla Bilgi<\/td>\n<td>\n<ul>\n<li>Zincir dahil de\u011fildir<\/li>\n<li>Resimde g\u00f6sterilen Zincir bir\u00a0<strong>Spiga Zincir<\/strong><\/li>\n<li>M\u00fcsaitlik durumu ve daha fazla resim i\u00e7in bizimle canl\u0131 sohbet edin<\/li>\n<\/ul>\n<\/td>\n<\/tr>\n<\/tbody>\n<\/table>","protected":false},"featured_media":351853,"comment_status":"closed","ping_status":"closed","template":"","meta":{"_eb_attr":"","_crsspst_to_jayantr4sg-hostcom":true},"product_brand":[],"product_cat":[1576,1793,1229,1255,5343,1572,5600,5338,1701,1574,5349],"product_tag":[1430,5413],"class_list":{"0":"post-335664","1":"product","2":"type-product","3":"status-publish","4":"has-post-thumbnail","6":"product_cat-childrens-jewellery","7":"product_cat-diwali-gifts","8":"product_cat-22ct-gold-jewellery","9":"product_cat-gold-pendants","10":"product_cat-jewellery-under-550","11":"product_cat-mens-jewellery","12":"product_cat-om-pendants","13":"product_cat-shop-by-price","14":"product_cat-religious-pendants","15":"product_cat-womens-jewellery","16":"product_cat-yellow-gold-jewellery","17":"product_tag-diwali-gift","18":"product_tag-om-pendant-in-22ct-gold","20":"first","21":"instock","22":"taxable","23":"shipping-taxable","24":"purchasable","25":"product-type-simple","26":"add-to-wishlist-before_image"},"yoast_head":"<!-- This site is optimized with the Yoast SEO plugin v27.6 - https:\/\/yoast.com\/product\/yoast-seo-wordpress\/ -->\n<title>Om Pendant | Religious Pendants | PureJewels.com<\/title>\n<meta name=\"description\" content=\"Religious Pendants Online in London | 22ct Gold Pendants Online in UK | Buy Pendants For Men, Kids &amp; Women | Quick Delivery\" \/>\n<meta name=\"robots\" content=\"index, follow, max-snippet:-1, max-image-preview:large, max-video-preview:-1\" \/>\n<link rel=\"canonical\" href=\"https:\/\/www.purejewels.com\/tr\/urun\/22-ayar-altindan-om-kolye-ucu-unisex\/\" \/>\n<meta property=\"og:locale\" content=\"tr_TR\" \/>\n<meta property=\"og:type\" content=\"article\" \/>\n<meta property=\"og:title\" content=\"Om Pendant | Religious Pendants | PureJewels.com\" \/>\n<meta property=\"og:description\" content=\"Religious Pendants Online in London | 22ct Gold Pendants Online in UK | Buy Pendants For Men, Kids &amp; Women | Quick Delivery\" \/>\n<meta property=\"og:url\" content=\"https:\/\/www.purejewels.com\/tr\/urun\/22-ayar-altindan-om-kolye-ucu-unisex\/\" \/>\n<meta property=\"og:site_name\" content=\"PureJewels UK\" \/>\n<meta property=\"article:modified_time\" content=\"2026-04-27T09:05:54+00:00\" \/>\n<meta property=\"og:image\" content=\"https:\/\/static.purejewels.com\/wp-content\/uploads\/2023\/09\/SKU-6057.png\" \/>\n\t<meta property=\"og:image:width\" content=\"1000\" \/>\n\t<meta property=\"og:image:height\" content=\"1000\" \/>\n\t<meta property=\"og:image:type\" content=\"image\/png\" \/>\n<meta name=\"twitter:card\" content=\"summary_large_image\" \/>\n<meta name=\"twitter:label1\" content=\"Tahmini okuma s\u00fcresi\" \/>\n\t<meta name=\"twitter:data1\" content=\"1 dakika\" \/>\n<script type=\"application\/ld+json\" class=\"yoast-schema-graph\">{\"@context\":\"https:\\\/\\\/schema.org\",\"@graph\":[{\"@type\":[\"WebPage\",\"ItemPage\"],\"@id\":\"https:\\\/\\\/www.purejewels.com\\\/product\\\/om-pendant-in-22ct-gold-unisex\\\/\",\"url\":\"https:\\\/\\\/www.purejewels.com\\\/product\\\/om-pendant-in-22ct-gold-unisex\\\/\",\"name\":\"Om Pendant | Religious Pendants | PureJewels.com\",\"isPartOf\":{\"@id\":\"https:\\\/\\\/www.purejewels.com\\\/#website\"},\"primaryImageOfPage\":{\"@id\":\"https:\\\/\\\/www.purejewels.com\\\/product\\\/om-pendant-in-22ct-gold-unisex\\\/#primaryimage\"},\"image\":{\"@id\":\"https:\\\/\\\/www.purejewels.com\\\/product\\\/om-pendant-in-22ct-gold-unisex\\\/#primaryimage\"},\"thumbnailUrl\":\"https:\\\/\\\/static.purejewels.com\\\/wp-content\\\/uploads\\\/2023\\\/09\\\/SKU-6057.png\",\"datePublished\":\"2024-10-29T07:00:10+00:00\",\"dateModified\":\"2026-04-27T09:05:54+00:00\",\"description\":\"Religious Pendants Online in London | 22ct Gold Pendants Online in UK | Buy Pendants For Men, Kids & Women | Quick Delivery\",\"breadcrumb\":{\"@id\":\"https:\\\/\\\/www.purejewels.com\\\/product\\\/om-pendant-in-22ct-gold-unisex\\\/#breadcrumb\"},\"inLanguage\":\"tr\",\"potentialAction\":[{\"@type\":\"ReadAction\",\"target\":[\"https:\\\/\\\/www.purejewels.com\\\/product\\\/om-pendant-in-22ct-gold-unisex\\\/\"]}]},{\"@type\":\"ImageObject\",\"inLanguage\":\"tr\",\"@id\":\"https:\\\/\\\/www.purejewels.com\\\/product\\\/om-pendant-in-22ct-gold-unisex\\\/#primaryimage\",\"url\":\"https:\\\/\\\/static.purejewels.com\\\/wp-content\\\/uploads\\\/2023\\\/09\\\/SKU-6057.png\",\"contentUrl\":\"https:\\\/\\\/static.purejewels.com\\\/wp-content\\\/uploads\\\/2023\\\/09\\\/SKU-6057.png\",\"width\":1000,\"height\":1000,\"caption\":\"Om Pendant in 22ct Gold\"},{\"@type\":\"BreadcrumbList\",\"@id\":\"https:\\\/\\\/www.purejewels.com\\\/product\\\/om-pendant-in-22ct-gold-unisex\\\/#breadcrumb\",\"itemListElement\":[{\"@type\":\"ListItem\",\"position\":1,\"name\":\"Home\",\"item\":\"https:\\\/\\\/www.purejewels.com\\\/\"},{\"@type\":\"ListItem\",\"position\":2,\"name\":\"Shop\",\"item\":\"https:\\\/\\\/www.purejewels.com\\\/shop\\\/\"},{\"@type\":\"ListItem\",\"position\":3,\"name\":\"Om Pendant in 22ct Gold | Unisex\"}]},{\"@type\":\"WebSite\",\"@id\":\"https:\\\/\\\/www.purejewels.com\\\/#website\",\"url\":\"https:\\\/\\\/www.purejewels.com\\\/\",\"name\":\"PureJewels UK\",\"description\":\"Share the Love\",\"publisher\":{\"@id\":\"https:\\\/\\\/www.purejewels.com\\\/#organization\"},\"potentialAction\":[{\"@type\":\"SearchAction\",\"target\":{\"@type\":\"EntryPoint\",\"urlTemplate\":\"https:\\\/\\\/www.purejewels.com\\\/?s={search_term_string}\"},\"query-input\":{\"@type\":\"PropertyValueSpecification\",\"valueRequired\":true,\"valueName\":\"search_term_string\"}}],\"inLanguage\":\"tr\"},{\"@type\":\"Organization\",\"@id\":\"https:\\\/\\\/www.purejewels.com\\\/#organization\",\"name\":\"PureJewels UK\",\"url\":\"https:\\\/\\\/www.purejewels.com\\\/\",\"logo\":{\"@type\":\"ImageObject\",\"inLanguage\":\"tr\",\"@id\":\"https:\\\/\\\/www.purejewels.com\\\/#\\\/schema\\\/logo\\\/image\\\/\",\"url\":\"https:\\\/\\\/static.purejewels.com\\\/wp-content\\\/uploads\\\/2020\\\/11\\\/Logo-PJ-New-1.png\",\"contentUrl\":\"https:\\\/\\\/static.purejewels.com\\\/wp-content\\\/uploads\\\/2020\\\/11\\\/Logo-PJ-New-1.png\",\"width\":150,\"height\":80,\"caption\":\"PureJewels UK\"},\"image\":{\"@id\":\"https:\\\/\\\/www.purejewels.com\\\/#\\\/schema\\\/logo\\\/image\\\/\"}}]}<\/script>\n<!-- \/ Yoast SEO plugin. -->","yoast_head_json":{"title":"Om Kolye | Dini Kolyeler | PureJewels.com","description":"Londra'da Online Dini Kolyeler | \u0130ngiltere'de Online 22 Ayar Alt\u0131n Kolyeler | Erkekler, \u00c7ocuklar ve Kad\u0131nlar \u0130\u00e7in Kolye Sat\u0131n Al\u0131n | H\u0131zl\u0131 Teslimat","robots":{"index":"index","follow":"follow","max-snippet":"max-snippet:-1","max-image-preview":"max-image-preview:large","max-video-preview":"max-video-preview:-1"},"canonical":"https:\/\/www.purejewels.com\/tr\/urun\/22-ayar-altindan-om-kolye-ucu-unisex\/","og_locale":"tr_TR","og_type":"article","og_title":"Om Pendant | Religious Pendants | PureJewels.com","og_description":"Religious Pendants Online in London | 22ct Gold Pendants Online in UK | Buy Pendants For Men, Kids & Women | Quick Delivery","og_url":"https:\/\/www.purejewels.com\/tr\/urun\/22-ayar-altindan-om-kolye-ucu-unisex\/","og_site_name":"PureJewels UK","article_modified_time":"2026-04-27T09:05:54+00:00","og_image":[{"width":1000,"height":1000,"url":"https:\/\/static.purejewels.com\/wp-content\/uploads\/2023\/09\/SKU-6057.png","type":"image\/png"}],"twitter_card":"summary_large_image","twitter_misc":{"Tahmini okuma s\u00fcresi":"1 dakika"},"schema":{"@context":"https:\/\/schema.org","@graph":[{"@type":["WebPage","ItemPage"],"@id":"https:\/\/www.purejewels.com\/product\/om-pendant-in-22ct-gold-unisex\/","url":"https:\/\/www.purejewels.com\/product\/om-pendant-in-22ct-gold-unisex\/","name":"Om Kolye | Dini Kolyeler | PureJewels.com","isPartOf":{"@id":"https:\/\/www.purejewels.com\/#website"},"primaryImageOfPage":{"@id":"https:\/\/www.purejewels.com\/product\/om-pendant-in-22ct-gold-unisex\/#primaryimage"},"image":{"@id":"https:\/\/www.purejewels.com\/product\/om-pendant-in-22ct-gold-unisex\/#primaryimage"},"thumbnailUrl":"https:\/\/static.purejewels.com\/wp-content\/uploads\/2023\/09\/SKU-6057.png","datePublished":"2024-10-29T07:00:10+00:00","dateModified":"2026-04-27T09:05:54+00:00","description":"Londra'da Online Dini Kolyeler | \u0130ngiltere'de Online 22 Ayar Alt\u0131n Kolyeler | Erkekler, \u00c7ocuklar ve Kad\u0131nlar \u0130\u00e7in Kolye Sat\u0131n Al\u0131n | H\u0131zl\u0131 Teslimat","breadcrumb":{"@id":"https:\/\/www.purejewels.com\/product\/om-pendant-in-22ct-gold-unisex\/#breadcrumb"},"inLanguage":"tr","potentialAction":[{"@type":"ReadAction","target":["https:\/\/www.purejewels.com\/product\/om-pendant-in-22ct-gold-unisex\/"]}]},{"@type":"ImageObject","inLanguage":"tr","@id":"https:\/\/www.purejewels.com\/product\/om-pendant-in-22ct-gold-unisex\/#primaryimage","url":"https:\/\/static.purejewels.com\/wp-content\/uploads\/2023\/09\/SKU-6057.png","contentUrl":"https:\/\/static.purejewels.com\/wp-content\/uploads\/2023\/09\/SKU-6057.png","width":1000,"height":1000,"caption":"Om Pendant in 22ct Gold"},{"@type":"BreadcrumbList","@id":"https:\/\/www.purejewels.com\/product\/om-pendant-in-22ct-gold-unisex\/#breadcrumb","itemListElement":[{"@type":"ListItem","position":1,"name":"Home","item":"https:\/\/www.purejewels.com\/"},{"@type":"ListItem","position":2,"name":"Shop","item":"https:\/\/www.purejewels.com\/shop\/"},{"@type":"ListItem","position":3,"name":"Om Pendant in 22ct Gold | Unisex"}]},{"@type":"WebSite","@id":"https:\/\/www.purejewels.com\/#website","url":"https:\/\/www.purejewels.com\/","name":"PureJewels \u0130ngiltere","description":"Sevgiyi Payla\u015f\u0131n","publisher":{"@id":"https:\/\/www.purejewels.com\/#organization"},"potentialAction":[{"@type":"SearchAction","target":{"@type":"EntryPoint","urlTemplate":"https:\/\/www.purejewels.com\/?s={search_term_string}"},"query-input":{"@type":"PropertyValueSpecification","valueRequired":true,"valueName":"search_term_string"}}],"inLanguage":"tr"},{"@type":"Organization","@id":"https:\/\/www.purejewels.com\/#organization","name":"PureJewels \u0130ngiltere","url":"https:\/\/www.purejewels.com\/","logo":{"@type":"ImageObject","inLanguage":"tr","@id":"https:\/\/www.purejewels.com\/#\/schema\/logo\/image\/","url":"https:\/\/static.purejewels.com\/wp-content\/uploads\/2020\/11\/Logo-PJ-New-1.png","contentUrl":"https:\/\/static.purejewels.com\/wp-content\/uploads\/2020\/11\/Logo-PJ-New-1.png","width":150,"height":80,"caption":"PureJewels UK"},"image":{"@id":"https:\/\/www.purejewels.com\/#\/schema\/logo\/image\/"}}]}},"_links":{"self":[{"href":"https:\/\/www.purejewels.com\/tr\/wp-json\/wp\/v2\/product\/335664","targetHints":{"allow":["GET"]}}],"collection":[{"href":"https:\/\/www.purejewels.com\/tr\/wp-json\/wp\/v2\/product"}],"about":[{"href":"https:\/\/www.purejewels.com\/tr\/wp-json\/wp\/v2\/types\/product"}],"replies":[{"embeddable":true,"href":"https:\/\/www.purejewels.com\/tr\/wp-json\/wp\/v2\/comments?post=335664"}],"version-history":[{"count":3,"href":"https:\/\/www.purejewels.com\/tr\/wp-json\/wp\/v2\/product\/335664\/revisions"}],"predecessor-version":[{"id":415737,"href":"https:\/\/www.purejewels.com\/tr\/wp-json\/wp\/v2\/product\/335664\/revisions\/415737"}],"wp:featuredmedia":[{"embeddable":true,"href":"https:\/\/www.purejewels.com\/tr\/wp-json\/wp\/v2\/media\/351853"}],"wp:attachment":[{"href":"https:\/\/www.purejewels.com\/tr\/wp-json\/wp\/v2\/media?parent=335664"}],"wp:term":[{"taxonomy":"product_brand","embeddable":true,"href":"https:\/\/www.purejewels.com\/tr\/wp-json\/wp\/v2\/product_brand?post=335664"},{"taxonomy":"product_cat","embeddable":true,"href":"https:\/\/www.purejewels.com\/tr\/wp-json\/wp\/v2\/product_cat?post=335664"},{"taxonomy":"product_tag","embeddable":true,"href":"https:\/\/www.purejewels.com\/tr\/wp-json\/wp\/v2\/product_tag?post=335664"}],"curies":[{"name":"wp","href":"https:\/\/api.w.org\/{rel}","templated":true}]}}