{"id":335739,"date":"2023-06-22T05:09:31","date_gmt":"2023-06-22T04:09:31","guid":{"rendered":"https:\/\/www.purejewels.com\/?post_type=product&#038;p=335739"},"modified":"2025-03-12T05:17:56","modified_gmt":"2025-03-12T05:17:56","slug":"22-ayar-altin-boncuklu-gerdanlik-zinciri-18-inc-42346","status":"publish","type":"product","link":"https:\/\/www.purejewels.com\/tr\/product\/22ct-gold-beaded-choker-chain-18-inches-42346\/","title":{"rendered":"22 Ayar Alt\u0131n Boncuklu Gerdanl\u0131k Zinciri | 18 \u0130n\u00e7"},"content":{"rendered":"<ul>\n<li>SKU: 44141<\/li>\n<li><b>Aral\u0131k Kimli\u011fi . YGCH165<i class=\"fa fa-info-circle text-info hover-q no-print\" title=\"\" aria-hidden=\"true\" data-container=\"body\" data-toggle=\"popover\" data-placement=\"auto bottom\" data-content=\"Range ID is a combine ID of Level One ID, Level Two ID, Level Three ID, Level Four ID &amp; Level Five ID. This code is optional and can be used with label printer to track and manage product family or catalog tree\" data-html=\"true\" data-trigger=\"hover\" data-original-title=\"\"><\/i><\/b><\/li>\n<\/ul>","protected":false},"excerpt":{"rendered":"<table class=\"sh_desc\">\n<tbody>\n<tr>\n<td>Zincir Tipi<\/td>\n<td>Alt\u0131n Boncuklu Zincir<\/td>\n<\/tr>\n<tr>\n<td>SKU<\/td>\n<td>44141<\/td>\n<\/tr>\n<tr>\n<td>A\u011f\u0131rl\u0131k<\/td>\n<td>6.2 Gms<\/td>\n<\/tr>\n<tr>\n<td>Metal<\/td>\n<td>22 Ayar Alt\u0131n<\/td>\n<\/tr>\n<tr>\n<td>Hallmark<\/td>\n<td>Londra Tahlil Ofisi Taraf\u0131ndan Damgalanm\u0131\u015f 22 Ayar Alt\u0131n<\/td>\n<\/tr>\n<tr>\n<td>\u00dccretler<\/td>\n<td>Teslimat ve KDV Dahil<\/td>\n<\/tr>\n<tr>\n<td>Paketleme<\/td>\n<td>Sunum Kutusu ile Birlikte Gelir<\/td>\n<\/tr>\n<tr>\n<td>Daha Fazla Bilgi<\/td>\n<td>M\u00fcsaitlik durumu ve daha fazla resim i\u00e7in bizimle canl\u0131 sohbet edin<\/td>\n<\/tr>\n<\/tbody>\n<\/table>","protected":false},"featured_media":348021,"comment_status":"closed","ping_status":"closed","template":"","meta":{"_eb_attr":"","_crsspst_to_jayantr4sg-hostcom":true},"product_brand":[],"product_cat":[5025,5264,1791,5313,1698,1793,3628,5338,1574,5349],"product_tag":[],"class_list":{"0":"post-335739","1":"product","2":"type-product","3":"status-publish","4":"has-post-thumbnail","6":"product_cat-18-inch-choker-chain","7":"product_cat-22ct-gold-chain","8":"product_cat-anniversary-gifts","9":"product_cat-chains-2","10":"product_cat-choker-chains","11":"product_cat-diwali-gifts","12":"product_cat-glow-collections","13":"product_cat-shop-by-price","14":"product_cat-womens-jewellery","15":"product_cat-yellow-gold-jewellery","17":"first","18":"outofstock","19":"taxable","20":"shipping-taxable","21":"product-type-simple","22":"add-to-wishlist-before_image"},"yoast_head":"<!-- This site is optimized with the Yoast SEO plugin v27.5 - https:\/\/yoast.com\/product\/yoast-seo-wordpress\/ -->\n<title>Beaded Choker Chain in 22ct Gold | PureJewels.com<\/title>\n<meta name=\"description\" content=\"Choker Chains Online in London | Browse Wide Range Of Choker Chains Online in UK | Certified Jewellers | Fast Delivery | Purejewels UK\" \/>\n<meta name=\"robots\" content=\"index, follow, max-snippet:-1, max-image-preview:large, max-video-preview:-1\" \/>\n<link rel=\"canonical\" href=\"https:\/\/www.purejewels.com\/tr\/urun\/22-ayar-altin-boncuklu-gerdanlik-zinciri-18-inc-42346\/\" \/>\n<meta property=\"og:locale\" content=\"tr_TR\" \/>\n<meta property=\"og:type\" content=\"article\" \/>\n<meta property=\"og:title\" content=\"Beaded Choker Chain in 22ct Gold | PureJewels.com\" \/>\n<meta property=\"og:description\" content=\"Choker Chains Online in London | Browse Wide Range Of Choker Chains Online in UK | Certified Jewellers | Fast Delivery | Purejewels UK\" \/>\n<meta property=\"og:url\" content=\"https:\/\/www.purejewels.com\/tr\/urun\/22-ayar-altin-boncuklu-gerdanlik-zinciri-18-inc-42346\/\" \/>\n<meta property=\"og:site_name\" content=\"PureJewels UK\" \/>\n<meta property=\"article:modified_time\" content=\"2025-03-12T05:17:56+00:00\" \/>\n<meta property=\"og:image\" content=\"https:\/\/www.purejewels.com\/wp-content\/uploads\/2022\/09\/SKU-44141-scaled.jpg\" \/>\n\t<meta property=\"og:image:width\" content=\"2560\" \/>\n\t<meta property=\"og:image:height\" content=\"2560\" \/>\n\t<meta property=\"og:image:type\" content=\"image\/jpeg\" \/>\n<meta name=\"twitter:card\" content=\"summary_large_image\" \/>\n<script type=\"application\/ld+json\" class=\"yoast-schema-graph\">{\"@context\":\"https:\\\/\\\/schema.org\",\"@graph\":[{\"@type\":[\"WebPage\",\"ItemPage\"],\"@id\":\"https:\\\/\\\/www.purejewels.com\\\/product\\\/22ct-gold-beaded-choker-chain-18-inches-42346\\\/\",\"url\":\"https:\\\/\\\/www.purejewels.com\\\/product\\\/22ct-gold-beaded-choker-chain-18-inches-42346\\\/\",\"name\":\"Beaded Choker Chain in 22ct Gold | PureJewels.com\",\"isPartOf\":{\"@id\":\"https:\\\/\\\/www.purejewels.com\\\/#website\"},\"primaryImageOfPage\":{\"@id\":\"https:\\\/\\\/www.purejewels.com\\\/product\\\/22ct-gold-beaded-choker-chain-18-inches-42346\\\/#primaryimage\"},\"image\":{\"@id\":\"https:\\\/\\\/www.purejewels.com\\\/product\\\/22ct-gold-beaded-choker-chain-18-inches-42346\\\/#primaryimage\"},\"thumbnailUrl\":\"https:\\\/\\\/static.purejewels.com\\\/wp-content\\\/uploads\\\/2022\\\/09\\\/SKU-44141-scaled.jpg\",\"datePublished\":\"2023-06-22T04:09:31+00:00\",\"dateModified\":\"2025-03-12T05:17:56+00:00\",\"description\":\"Choker Chains Online in London | Browse Wide Range Of Choker Chains Online in UK | Certified Jewellers | Fast Delivery | Purejewels UK\",\"breadcrumb\":{\"@id\":\"https:\\\/\\\/www.purejewels.com\\\/product\\\/22ct-gold-beaded-choker-chain-18-inches-42346\\\/#breadcrumb\"},\"inLanguage\":\"tr\",\"potentialAction\":[{\"@type\":\"ReadAction\",\"target\":[\"https:\\\/\\\/www.purejewels.com\\\/product\\\/22ct-gold-beaded-choker-chain-18-inches-42346\\\/\"]}]},{\"@type\":\"ImageObject\",\"inLanguage\":\"tr\",\"@id\":\"https:\\\/\\\/www.purejewels.com\\\/product\\\/22ct-gold-beaded-choker-chain-18-inches-42346\\\/#primaryimage\",\"url\":\"https:\\\/\\\/static.purejewels.com\\\/wp-content\\\/uploads\\\/2022\\\/09\\\/SKU-44141-scaled.jpg\",\"contentUrl\":\"https:\\\/\\\/static.purejewels.com\\\/wp-content\\\/uploads\\\/2022\\\/09\\\/SKU-44141-scaled.jpg\",\"width\":2560,\"height\":2560,\"caption\":\"22ct Gold Beaded Choker Chain\"},{\"@type\":\"BreadcrumbList\",\"@id\":\"https:\\\/\\\/www.purejewels.com\\\/product\\\/22ct-gold-beaded-choker-chain-18-inches-42346\\\/#breadcrumb\",\"itemListElement\":[{\"@type\":\"ListItem\",\"position\":1,\"name\":\"Home\",\"item\":\"https:\\\/\\\/www.purejewels.com\\\/\"},{\"@type\":\"ListItem\",\"position\":2,\"name\":\"Shop\",\"item\":\"https:\\\/\\\/www.purejewels.com\\\/shop\\\/\"},{\"@type\":\"ListItem\",\"position\":3,\"name\":\"22ct Gold Beaded Choker Chain | 18 Inches\"}]},{\"@type\":\"WebSite\",\"@id\":\"https:\\\/\\\/www.purejewels.com\\\/#website\",\"url\":\"https:\\\/\\\/www.purejewels.com\\\/\",\"name\":\"PureJewels UK\",\"description\":\"Share the Love\",\"publisher\":{\"@id\":\"https:\\\/\\\/www.purejewels.com\\\/#organization\"},\"potentialAction\":[{\"@type\":\"SearchAction\",\"target\":{\"@type\":\"EntryPoint\",\"urlTemplate\":\"https:\\\/\\\/www.purejewels.com\\\/?s={search_term_string}\"},\"query-input\":{\"@type\":\"PropertyValueSpecification\",\"valueRequired\":true,\"valueName\":\"search_term_string\"}}],\"inLanguage\":\"tr\"},{\"@type\":\"Organization\",\"@id\":\"https:\\\/\\\/www.purejewels.com\\\/#organization\",\"name\":\"PureJewels UK\",\"url\":\"https:\\\/\\\/www.purejewels.com\\\/\",\"logo\":{\"@type\":\"ImageObject\",\"inLanguage\":\"tr\",\"@id\":\"https:\\\/\\\/www.purejewels.com\\\/#\\\/schema\\\/logo\\\/image\\\/\",\"url\":\"https:\\\/\\\/static.purejewels.com\\\/wp-content\\\/uploads\\\/2020\\\/11\\\/Logo-PJ-New-1.png\",\"contentUrl\":\"https:\\\/\\\/static.purejewels.com\\\/wp-content\\\/uploads\\\/2020\\\/11\\\/Logo-PJ-New-1.png\",\"width\":150,\"height\":80,\"caption\":\"PureJewels UK\"},\"image\":{\"@id\":\"https:\\\/\\\/www.purejewels.com\\\/#\\\/schema\\\/logo\\\/image\\\/\"}}]}<\/script>\n<!-- \/ Yoast SEO plugin. -->","yoast_head_json":{"title":"22 Ayar Alt\u0131n Boncuklu Gerdanl\u0131k Zinciri | PureJewels.com","description":"Londra'da \u00c7evrimi\u00e7i Gerdanl\u0131k Zincirleri | \u0130ngiltere'de \u00c7evrimi\u00e7i Geni\u015f Gerdanl\u0131k Zinciri Yelpazesine G\u00f6z At\u0131n | Sertifikal\u0131 Kuyumcular | H\u0131zl\u0131 Teslimat | Purejewels UK","robots":{"index":"index","follow":"follow","max-snippet":"max-snippet:-1","max-image-preview":"max-image-preview:large","max-video-preview":"max-video-preview:-1"},"canonical":"https:\/\/www.purejewels.com\/tr\/urun\/22-ayar-altin-boncuklu-gerdanlik-zinciri-18-inc-42346\/","og_locale":"tr_TR","og_type":"article","og_title":"Beaded Choker Chain in 22ct Gold | PureJewels.com","og_description":"Choker Chains Online in London | Browse Wide Range Of Choker Chains Online in UK | Certified Jewellers | Fast Delivery | Purejewels UK","og_url":"https:\/\/www.purejewels.com\/tr\/urun\/22-ayar-altin-boncuklu-gerdanlik-zinciri-18-inc-42346\/","og_site_name":"PureJewels UK","article_modified_time":"2025-03-12T05:17:56+00:00","og_image":[{"width":2560,"height":2560,"url":"https:\/\/www.purejewels.com\/wp-content\/uploads\/2022\/09\/SKU-44141-scaled.jpg","type":"image\/jpeg"}],"twitter_card":"summary_large_image","schema":{"@context":"https:\/\/schema.org","@graph":[{"@type":["WebPage","ItemPage"],"@id":"https:\/\/www.purejewels.com\/product\/22ct-gold-beaded-choker-chain-18-inches-42346\/","url":"https:\/\/www.purejewels.com\/product\/22ct-gold-beaded-choker-chain-18-inches-42346\/","name":"22 Ayar Alt\u0131n Boncuklu Gerdanl\u0131k Zinciri | PureJewels.com","isPartOf":{"@id":"https:\/\/www.purejewels.com\/#website"},"primaryImageOfPage":{"@id":"https:\/\/www.purejewels.com\/product\/22ct-gold-beaded-choker-chain-18-inches-42346\/#primaryimage"},"image":{"@id":"https:\/\/www.purejewels.com\/product\/22ct-gold-beaded-choker-chain-18-inches-42346\/#primaryimage"},"thumbnailUrl":"https:\/\/static.purejewels.com\/wp-content\/uploads\/2022\/09\/SKU-44141-scaled.jpg","datePublished":"2023-06-22T04:09:31+00:00","dateModified":"2025-03-12T05:17:56+00:00","description":"Londra'da \u00c7evrimi\u00e7i Gerdanl\u0131k Zincirleri | \u0130ngiltere'de \u00c7evrimi\u00e7i Geni\u015f Gerdanl\u0131k Zinciri Yelpazesine G\u00f6z At\u0131n | Sertifikal\u0131 Kuyumcular | H\u0131zl\u0131 Teslimat | Purejewels UK","breadcrumb":{"@id":"https:\/\/www.purejewels.com\/product\/22ct-gold-beaded-choker-chain-18-inches-42346\/#breadcrumb"},"inLanguage":"tr","potentialAction":[{"@type":"ReadAction","target":["https:\/\/www.purejewels.com\/product\/22ct-gold-beaded-choker-chain-18-inches-42346\/"]}]},{"@type":"ImageObject","inLanguage":"tr","@id":"https:\/\/www.purejewels.com\/product\/22ct-gold-beaded-choker-chain-18-inches-42346\/#primaryimage","url":"https:\/\/static.purejewels.com\/wp-content\/uploads\/2022\/09\/SKU-44141-scaled.jpg","contentUrl":"https:\/\/static.purejewels.com\/wp-content\/uploads\/2022\/09\/SKU-44141-scaled.jpg","width":2560,"height":2560,"caption":"22ct Gold Beaded Choker Chain"},{"@type":"BreadcrumbList","@id":"https:\/\/www.purejewels.com\/product\/22ct-gold-beaded-choker-chain-18-inches-42346\/#breadcrumb","itemListElement":[{"@type":"ListItem","position":1,"name":"Home","item":"https:\/\/www.purejewels.com\/"},{"@type":"ListItem","position":2,"name":"Shop","item":"https:\/\/www.purejewels.com\/shop\/"},{"@type":"ListItem","position":3,"name":"22ct Gold Beaded Choker Chain | 18 Inches"}]},{"@type":"WebSite","@id":"https:\/\/www.purejewels.com\/#website","url":"https:\/\/www.purejewels.com\/","name":"PureJewels \u0130ngiltere","description":"Sevgiyi Payla\u015f\u0131n","publisher":{"@id":"https:\/\/www.purejewels.com\/#organization"},"potentialAction":[{"@type":"SearchAction","target":{"@type":"EntryPoint","urlTemplate":"https:\/\/www.purejewels.com\/?s={search_term_string}"},"query-input":{"@type":"PropertyValueSpecification","valueRequired":true,"valueName":"search_term_string"}}],"inLanguage":"tr"},{"@type":"Organization","@id":"https:\/\/www.purejewels.com\/#organization","name":"PureJewels \u0130ngiltere","url":"https:\/\/www.purejewels.com\/","logo":{"@type":"ImageObject","inLanguage":"tr","@id":"https:\/\/www.purejewels.com\/#\/schema\/logo\/image\/","url":"https:\/\/static.purejewels.com\/wp-content\/uploads\/2020\/11\/Logo-PJ-New-1.png","contentUrl":"https:\/\/static.purejewels.com\/wp-content\/uploads\/2020\/11\/Logo-PJ-New-1.png","width":150,"height":80,"caption":"PureJewels UK"},"image":{"@id":"https:\/\/www.purejewels.com\/#\/schema\/logo\/image\/"}}]}},"_links":{"self":[{"href":"https:\/\/www.purejewels.com\/tr\/wp-json\/wp\/v2\/product\/335739","targetHints":{"allow":["GET"]}}],"collection":[{"href":"https:\/\/www.purejewels.com\/tr\/wp-json\/wp\/v2\/product"}],"about":[{"href":"https:\/\/www.purejewels.com\/tr\/wp-json\/wp\/v2\/types\/product"}],"replies":[{"embeddable":true,"href":"https:\/\/www.purejewels.com\/tr\/wp-json\/wp\/v2\/comments?post=335739"}],"version-history":[{"count":1,"href":"https:\/\/www.purejewels.com\/tr\/wp-json\/wp\/v2\/product\/335739\/revisions"}],"predecessor-version":[{"id":371894,"href":"https:\/\/www.purejewels.com\/tr\/wp-json\/wp\/v2\/product\/335739\/revisions\/371894"}],"wp:featuredmedia":[{"embeddable":true,"href":"https:\/\/www.purejewels.com\/tr\/wp-json\/wp\/v2\/media\/348021"}],"wp:attachment":[{"href":"https:\/\/www.purejewels.com\/tr\/wp-json\/wp\/v2\/media?parent=335739"}],"wp:term":[{"taxonomy":"product_brand","embeddable":true,"href":"https:\/\/www.purejewels.com\/tr\/wp-json\/wp\/v2\/product_brand?post=335739"},{"taxonomy":"product_cat","embeddable":true,"href":"https:\/\/www.purejewels.com\/tr\/wp-json\/wp\/v2\/product_cat?post=335739"},{"taxonomy":"product_tag","embeddable":true,"href":"https:\/\/www.purejewels.com\/tr\/wp-json\/wp\/v2\/product_tag?post=335739"}],"curies":[{"name":"wp","href":"https:\/\/api.w.org\/{rel}","templated":true}]}}