{"id":335806,"date":"2022-03-31T03:48:51","date_gmt":"2022-03-31T02:48:51","guid":{"rendered":"https:\/\/www.purejewels.com\/?post_type=product&#038;p=335806"},"modified":"2024-03-15T05:12:07","modified_gmt":"2024-03-15T05:12:07","slug":"22-ayar-altin-yuvarlak-damla-kupe-rodyum-kaplama","status":"publish","type":"product","link":"https:\/\/www.purejewels.com\/tr\/product\/22ct-gold-round-drop-earrings-rhodium-finish\/","title":{"rendered":"22 Ayar Alt\u0131n Yuvarlak Damla K\u00fcpe | Rodyum Kaplama"},"content":{"rendered":"<h2>Tarih<\/h2>\n<p>E\u015fsiz ve modern benli\u011finizden ilham alan bu <strong>alt\u0131n <a href=\"https:\/\/www.purejewels.com\/tr\/product\/22ct-gold-oval-drop-earrings-rhodium-finish\/\">damla k\u00fcpeler<\/a><\/strong> s\u0131n\u0131f\u0131n ve modernli\u011fin \u00f6z\u00fcd\u00fcr. \u00c7\u0131t\u00e7\u0131tl\u0131 kulaklar \u00e7a\u011flar boyunca tak\u0131lm\u0131\u015f ve geleneksel Hint m\u00fccevher kutular\u0131n\u0131n \u00f6nemli bir par\u00e7as\u0131 olmu\u015ftur. <strong>B\u0131rak <a href=\"https:\/\/www.purejewels.com\/tr\/product-category\/22ct-gold-jewellery\/gold-earrings\/\">K\u00fcpeler<\/a><\/strong> zahmetsiz, cesur ve muhte\u015femdir ve temelde <strong>k\u00fc\u00e7\u00fck saplama k\u00fcpeler<\/strong>.<\/p>\n<h2>Tasar\u0131m<\/h2>\n<p>Bu muhte\u015fem tasar\u0131m <strong><a href=\"https:\/\/www.purejewels.com\/tr\/product-category\/22ct-gold-jewellery\/gold-earrings\/drop-earrings\/\">alt\u0131n damla k\u00fcpeler<\/a><\/strong> modern stillerden ve sil\u00fcetlerden ipu\u00e7lar\u0131 al\u0131yor. K\u00fcpelere cesur bir g\u00f6r\u00fcn\u00fcm kazand\u0131r\u0131lm\u0131\u015f ancak \u015fekil ve boyut, incelik ve minimalitenin g\u00fcvence alt\u0131na al\u0131nmas\u0131n\u0131 sa\u011fl\u0131yor. K\u00fcpeler, kentsel bir \u00e7ekicili\u011fe sahip al\u0131\u015f\u0131lmad\u0131k bir geometrik yap\u0131ya sahip ve bu da onlar\u0131 \u00e7ok ince ve zarif g\u00f6steriyor. K\u00fcpeler, y\u00fczeyinde g\u00fczel bir dokuya sahip cesur yar\u0131m k\u00fcre kubbelerle ba\u015fl\u0131yor ve ard\u0131ndan g\u00f6zlerinizi kama\u015ft\u0131racak \u015fekilde saf 22 ayar alt\u0131ndan kusursuzca oyulmu\u015f kentsel geometrik tasar\u0131mlara sahip dairesel bir bile\u015fenle devam ediyor. Bu dairesel par\u00e7an\u0131n \u00fcst k\u0131sm\u0131, \u00e7ifte modern bir hava katan rodyum kaplamad\u0131r.<\/p>\n<h2>Stil<\/h2>\n<p>Zahmetsiz ama \u015f\u0131k bir g\u00f6r\u00fcn\u00fcm yaratmak i\u00e7in bu minimal damla kulak \u00e7\u0131t\u00e7\u0131tlar\u0131n\u0131 resmi k\u0131yafetlerinizle ya da seyahat k\u0131yafetlerinizle kombinleyin. Sa\u00e7lar\u0131n\u0131z ba\u011fl\u0131yken ipek sarilerinizle ve di\u011fer bayram k\u0131yafetlerinizle de giyebilirsiniz. Di\u011fer \u00fcr\u00fcnlerimiz i\u00e7in web sitemizi ziyaret etmenizi de \u00e7ok isteriz.<strong> g\u00fczel alt\u0131n damla k\u00fcpeler<\/strong>ke\u015ffedilmeyi bekliyor.<\/p>","protected":false},"excerpt":{"rendered":"<div class=\"woocommerce-product-details__short-description\">\n<ul>\n<li>22 Ayar Alt\u0131n K\u00fcpe<\/li>\n<li>A\u011f\u0131rl\u0131k 4,7 gms<\/li>\n<li>Uzunluk 1 \u0130n\u00e7<\/li>\n<li>SKU. 41743<\/li>\n<li>T\u00fcm fiyatlara KDV dahildir<\/li>\n<li>Londra Tahlil Ofisi Taraf\u0131ndan Damgalanm\u0131\u015f 22 Ayar Alt\u0131n<\/li>\n<li>Sunum Kutusu ile Birlikte Gelir<\/li>\n<li>Teslimat Dahil<\/li>\n<li>Videolar\u0131n\u0131 g\u00f6rmek i\u00e7in bizimle ileti\u015fime ge\u00e7in\/canl\u0131 sohbet edin\u00a0<strong>Anneler G\u00fcn\u00fc Tak\u0131lar\u0131<\/strong><\/li>\n<\/ul>\n<\/div>\n<div class=\"btn-atc atc-slide\"><\/div>\n<div class=\"product_meta\"><\/div>","protected":false},"featured_media":335881,"comment_status":"closed","ping_status":"closed","template":"","meta":{"_eb_attr":"","_crsspst_to_jayantr4sg-hostcom":false},"product_brand":[],"product_cat":[1791,1559,1685,1790,1254,1570,248,1569,1574],"product_tag":[66],"class_list":{"0":"post-335806","1":"product","2":"type-product","3":"status-publish","4":"has-post-thumbnail","6":"product_cat-anniversary-gifts","7":"product_cat-birthday-gifts","8":"product_cat-drop-earrings","9":"product_cat-for-whom-when","10":"product_cat-gold-earrings","11":"product_cat-mothers-day-gifts","12":"product_cat-sparkle-collections","13":"product_cat-valentine-day-gifts","14":"product_cat-womens-jewellery","15":"product_tag-earrings","17":"first","18":"outofstock","19":"taxable","20":"shipping-taxable","21":"product-type-simple","22":"add-to-wishlist-before_image"},"yoast_head":"<!-- This site is optimized with the Yoast SEO plugin v27.3 - https:\/\/yoast.com\/product\/yoast-seo-wordpress\/ -->\n<title>Drop Earrings in 22ct Gold in London | Visit PureJewels.com<\/title>\n<meta name=\"description\" content=\"22ct Drop Earrings | Perfect Gift For Your Loved Ones | Shop Latest Earrings Collection | Certified &amp; Hallmarked Jewellery\" \/>\n<meta name=\"robots\" content=\"index, follow, max-snippet:-1, max-image-preview:large, max-video-preview:-1\" \/>\n<link rel=\"canonical\" href=\"https:\/\/www.purejewels.com\/tr\/urun\/22-ayar-altin-yuvarlak-damla-kupe-rodyum-kaplama\/\" \/>\n<meta property=\"og:locale\" content=\"tr_TR\" \/>\n<meta property=\"og:type\" content=\"article\" \/>\n<meta property=\"og:title\" content=\"Drop Earrings in 22ct Gold in London | Visit PureJewels.com\" \/>\n<meta property=\"og:description\" content=\"22ct Drop Earrings | Perfect Gift For Your Loved Ones | Shop Latest Earrings Collection | Certified &amp; Hallmarked Jewellery\" \/>\n<meta property=\"og:url\" content=\"https:\/\/www.purejewels.com\/tr\/urun\/22-ayar-altin-yuvarlak-damla-kupe-rodyum-kaplama\/\" \/>\n<meta property=\"og:site_name\" content=\"PureJewels UK\" \/>\n<meta property=\"article:modified_time\" content=\"2024-03-15T05:12:07+00:00\" \/>\n<meta property=\"og:image\" content=\"https:\/\/www.purejewels.com\/wp-content\/uploads\/2022\/03\/41743-1-1.jpg\" \/>\n\t<meta property=\"og:image:width\" content=\"1000\" \/>\n\t<meta property=\"og:image:height\" content=\"1000\" \/>\n\t<meta property=\"og:image:type\" content=\"image\/jpeg\" \/>\n<meta name=\"twitter:card\" content=\"summary_large_image\" \/>\n<meta name=\"twitter:label1\" content=\"Tahmini okuma s\u00fcresi\" \/>\n\t<meta name=\"twitter:data1\" content=\"1 dakika\" \/>\n<script type=\"application\/ld+json\" class=\"yoast-schema-graph\">{\"@context\":\"https:\\\/\\\/schema.org\",\"@graph\":[{\"@type\":[\"WebPage\",\"ItemPage\"],\"@id\":\"https:\\\/\\\/www.purejewels.com\\\/product\\\/22ct-gold-round-drop-earrings-rhodium-finish\\\/\",\"url\":\"https:\\\/\\\/www.purejewels.com\\\/product\\\/22ct-gold-round-drop-earrings-rhodium-finish\\\/\",\"name\":\"Drop Earrings in 22ct Gold in London | Visit PureJewels.com\",\"isPartOf\":{\"@id\":\"https:\\\/\\\/www.purejewels.com\\\/#website\"},\"primaryImageOfPage\":{\"@id\":\"https:\\\/\\\/www.purejewels.com\\\/product\\\/22ct-gold-round-drop-earrings-rhodium-finish\\\/#primaryimage\"},\"image\":{\"@id\":\"https:\\\/\\\/www.purejewels.com\\\/product\\\/22ct-gold-round-drop-earrings-rhodium-finish\\\/#primaryimage\"},\"thumbnailUrl\":\"https:\\\/\\\/static.purejewels.com\\\/wp-content\\\/uploads\\\/2022\\\/03\\\/41743-1-1.jpg\",\"datePublished\":\"2022-03-31T02:48:51+00:00\",\"dateModified\":\"2024-03-15T05:12:07+00:00\",\"description\":\"22ct Drop Earrings | Perfect Gift For Your Loved Ones | Shop Latest Earrings Collection | Certified & Hallmarked Jewellery\",\"breadcrumb\":{\"@id\":\"https:\\\/\\\/www.purejewels.com\\\/product\\\/22ct-gold-round-drop-earrings-rhodium-finish\\\/#breadcrumb\"},\"inLanguage\":\"tr\",\"potentialAction\":[{\"@type\":\"ReadAction\",\"target\":[\"https:\\\/\\\/www.purejewels.com\\\/product\\\/22ct-gold-round-drop-earrings-rhodium-finish\\\/\"]}]},{\"@type\":\"ImageObject\",\"inLanguage\":\"tr\",\"@id\":\"https:\\\/\\\/www.purejewels.com\\\/product\\\/22ct-gold-round-drop-earrings-rhodium-finish\\\/#primaryimage\",\"url\":\"https:\\\/\\\/static.purejewels.com\\\/wp-content\\\/uploads\\\/2022\\\/03\\\/41743-1-1.jpg\",\"contentUrl\":\"https:\\\/\\\/static.purejewels.com\\\/wp-content\\\/uploads\\\/2022\\\/03\\\/41743-1-1.jpg\",\"width\":1000,\"height\":1000,\"caption\":\"22ct Gold Round Drop Earrings\"},{\"@type\":\"BreadcrumbList\",\"@id\":\"https:\\\/\\\/www.purejewels.com\\\/product\\\/22ct-gold-round-drop-earrings-rhodium-finish\\\/#breadcrumb\",\"itemListElement\":[{\"@type\":\"ListItem\",\"position\":1,\"name\":\"Home\",\"item\":\"https:\\\/\\\/www.purejewels.com\\\/\"},{\"@type\":\"ListItem\",\"position\":2,\"name\":\"Shop\",\"item\":\"https:\\\/\\\/www.purejewels.com\\\/shop\\\/\"},{\"@type\":\"ListItem\",\"position\":3,\"name\":\"22ct Gold Round Drop Earrings | Rhodium Finish\"}]},{\"@type\":\"WebSite\",\"@id\":\"https:\\\/\\\/www.purejewels.com\\\/#website\",\"url\":\"https:\\\/\\\/www.purejewels.com\\\/\",\"name\":\"PureJewels UK\",\"description\":\"Share the Love\",\"publisher\":{\"@id\":\"https:\\\/\\\/www.purejewels.com\\\/#organization\"},\"potentialAction\":[{\"@type\":\"SearchAction\",\"target\":{\"@type\":\"EntryPoint\",\"urlTemplate\":\"https:\\\/\\\/www.purejewels.com\\\/?s={search_term_string}\"},\"query-input\":{\"@type\":\"PropertyValueSpecification\",\"valueRequired\":true,\"valueName\":\"search_term_string\"}}],\"inLanguage\":\"tr\"},{\"@type\":\"Organization\",\"@id\":\"https:\\\/\\\/www.purejewels.com\\\/#organization\",\"name\":\"PureJewels UK\",\"url\":\"https:\\\/\\\/www.purejewels.com\\\/\",\"logo\":{\"@type\":\"ImageObject\",\"inLanguage\":\"tr\",\"@id\":\"https:\\\/\\\/www.purejewels.com\\\/#\\\/schema\\\/logo\\\/image\\\/\",\"url\":\"https:\\\/\\\/static.purejewels.com\\\/wp-content\\\/uploads\\\/2020\\\/11\\\/Logo-PJ-New-1.png\",\"contentUrl\":\"https:\\\/\\\/static.purejewels.com\\\/wp-content\\\/uploads\\\/2020\\\/11\\\/Logo-PJ-New-1.png\",\"width\":150,\"height\":80,\"caption\":\"PureJewels UK\"},\"image\":{\"@id\":\"https:\\\/\\\/www.purejewels.com\\\/#\\\/schema\\\/logo\\\/image\\\/\"}}]}<\/script>\n<!-- \/ Yoast SEO plugin. -->","yoast_head_json":{"title":"Londra'da 22 Ayar Alt\u0131n Damla K\u00fcpe | PureJewels.com'u Ziyaret Edin","description":"22ct Damla K\u00fcpe | Sevdikleriniz \u0130\u00e7in M\u00fckemmel Bir Hediye | En Yeni K\u00fcpe Koleksiyonunu Sat\u0131n Al\u0131n | Sertifikal\u0131 ve Damgal\u0131 M\u00fccevherler","robots":{"index":"index","follow":"follow","max-snippet":"max-snippet:-1","max-image-preview":"max-image-preview:large","max-video-preview":"max-video-preview:-1"},"canonical":"https:\/\/www.purejewels.com\/tr\/urun\/22-ayar-altin-yuvarlak-damla-kupe-rodyum-kaplama\/","og_locale":"tr_TR","og_type":"article","og_title":"Drop Earrings in 22ct Gold in London | Visit PureJewels.com","og_description":"22ct Drop Earrings | Perfect Gift For Your Loved Ones | Shop Latest Earrings Collection | Certified & Hallmarked Jewellery","og_url":"https:\/\/www.purejewels.com\/tr\/urun\/22-ayar-altin-yuvarlak-damla-kupe-rodyum-kaplama\/","og_site_name":"PureJewels UK","article_modified_time":"2024-03-15T05:12:07+00:00","og_image":[{"width":1000,"height":1000,"url":"https:\/\/www.purejewels.com\/wp-content\/uploads\/2022\/03\/41743-1-1.jpg","type":"image\/jpeg"}],"twitter_card":"summary_large_image","twitter_misc":{"Tahmini okuma s\u00fcresi":"1 dakika"},"schema":{"@context":"https:\/\/schema.org","@graph":[{"@type":["WebPage","ItemPage"],"@id":"https:\/\/www.purejewels.com\/product\/22ct-gold-round-drop-earrings-rhodium-finish\/","url":"https:\/\/www.purejewels.com\/product\/22ct-gold-round-drop-earrings-rhodium-finish\/","name":"Londra'da 22 Ayar Alt\u0131n Damla K\u00fcpe | PureJewels.com'u Ziyaret Edin","isPartOf":{"@id":"https:\/\/www.purejewels.com\/#website"},"primaryImageOfPage":{"@id":"https:\/\/www.purejewels.com\/product\/22ct-gold-round-drop-earrings-rhodium-finish\/#primaryimage"},"image":{"@id":"https:\/\/www.purejewels.com\/product\/22ct-gold-round-drop-earrings-rhodium-finish\/#primaryimage"},"thumbnailUrl":"https:\/\/static.purejewels.com\/wp-content\/uploads\/2022\/03\/41743-1-1.jpg","datePublished":"2022-03-31T02:48:51+00:00","dateModified":"2024-03-15T05:12:07+00:00","description":"22ct Damla K\u00fcpe | Sevdikleriniz \u0130\u00e7in M\u00fckemmel Bir Hediye | En Yeni K\u00fcpe Koleksiyonunu Sat\u0131n Al\u0131n | Sertifikal\u0131 ve Damgal\u0131 M\u00fccevherler","breadcrumb":{"@id":"https:\/\/www.purejewels.com\/product\/22ct-gold-round-drop-earrings-rhodium-finish\/#breadcrumb"},"inLanguage":"tr","potentialAction":[{"@type":"ReadAction","target":["https:\/\/www.purejewels.com\/product\/22ct-gold-round-drop-earrings-rhodium-finish\/"]}]},{"@type":"ImageObject","inLanguage":"tr","@id":"https:\/\/www.purejewels.com\/product\/22ct-gold-round-drop-earrings-rhodium-finish\/#primaryimage","url":"https:\/\/static.purejewels.com\/wp-content\/uploads\/2022\/03\/41743-1-1.jpg","contentUrl":"https:\/\/static.purejewels.com\/wp-content\/uploads\/2022\/03\/41743-1-1.jpg","width":1000,"height":1000,"caption":"22ct Gold Round Drop Earrings"},{"@type":"BreadcrumbList","@id":"https:\/\/www.purejewels.com\/product\/22ct-gold-round-drop-earrings-rhodium-finish\/#breadcrumb","itemListElement":[{"@type":"ListItem","position":1,"name":"Home","item":"https:\/\/www.purejewels.com\/"},{"@type":"ListItem","position":2,"name":"Shop","item":"https:\/\/www.purejewels.com\/shop\/"},{"@type":"ListItem","position":3,"name":"22ct Gold Round Drop Earrings | Rhodium Finish"}]},{"@type":"WebSite","@id":"https:\/\/www.purejewels.com\/#website","url":"https:\/\/www.purejewels.com\/","name":"PureJewels \u0130ngiltere","description":"Sevgiyi Payla\u015f\u0131n","publisher":{"@id":"https:\/\/www.purejewels.com\/#organization"},"potentialAction":[{"@type":"SearchAction","target":{"@type":"EntryPoint","urlTemplate":"https:\/\/www.purejewels.com\/?s={search_term_string}"},"query-input":{"@type":"PropertyValueSpecification","valueRequired":true,"valueName":"search_term_string"}}],"inLanguage":"tr"},{"@type":"Organization","@id":"https:\/\/www.purejewels.com\/#organization","name":"PureJewels \u0130ngiltere","url":"https:\/\/www.purejewels.com\/","logo":{"@type":"ImageObject","inLanguage":"tr","@id":"https:\/\/www.purejewels.com\/#\/schema\/logo\/image\/","url":"https:\/\/static.purejewels.com\/wp-content\/uploads\/2020\/11\/Logo-PJ-New-1.png","contentUrl":"https:\/\/static.purejewels.com\/wp-content\/uploads\/2020\/11\/Logo-PJ-New-1.png","width":150,"height":80,"caption":"PureJewels UK"},"image":{"@id":"https:\/\/www.purejewels.com\/#\/schema\/logo\/image\/"}}]}},"_links":{"self":[{"href":"https:\/\/www.purejewels.com\/tr\/wp-json\/wp\/v2\/product\/335806","targetHints":{"allow":["GET"]}}],"collection":[{"href":"https:\/\/www.purejewels.com\/tr\/wp-json\/wp\/v2\/product"}],"about":[{"href":"https:\/\/www.purejewels.com\/tr\/wp-json\/wp\/v2\/types\/product"}],"replies":[{"embeddable":true,"href":"https:\/\/www.purejewels.com\/tr\/wp-json\/wp\/v2\/comments?post=335806"}],"version-history":[{"count":0,"href":"https:\/\/www.purejewels.com\/tr\/wp-json\/wp\/v2\/product\/335806\/revisions"}],"wp:featuredmedia":[{"embeddable":true,"href":"https:\/\/www.purejewels.com\/tr\/wp-json\/wp\/v2\/media\/335881"}],"wp:attachment":[{"href":"https:\/\/www.purejewels.com\/tr\/wp-json\/wp\/v2\/media?parent=335806"}],"wp:term":[{"taxonomy":"product_brand","embeddable":true,"href":"https:\/\/www.purejewels.com\/tr\/wp-json\/wp\/v2\/product_brand?post=335806"},{"taxonomy":"product_cat","embeddable":true,"href":"https:\/\/www.purejewels.com\/tr\/wp-json\/wp\/v2\/product_cat?post=335806"},{"taxonomy":"product_tag","embeddable":true,"href":"https:\/\/www.purejewels.com\/tr\/wp-json\/wp\/v2\/product_tag?post=335806"}],"curies":[{"name":"wp","href":"https:\/\/api.w.org\/{rel}","templated":true}]}}