{"id":335814,"date":"2022-03-31T04:46:16","date_gmt":"2022-03-31T03:46:16","guid":{"rendered":"https:\/\/www.purejewels.com\/?post_type=product&#038;p=335814"},"modified":"2022-11-08T18:06:07","modified_gmt":"2022-11-08T18:06:07","slug":"22-ayar-altin-rodyum-kaplamali-cicekli-kolye-ucu","status":"publish","type":"product","link":"https:\/\/www.purejewels.com\/tr\/product\/floral-pendant-in-22ct-gold-rhodium-finish\/","title":{"rendered":"22 Ayar Alt\u0131n | Rodyum Kaplama \u00c7i\u00e7ekli Kolye"},"content":{"rendered":"<p>SKU: 41745<br \/>\nA\u011f\u0131rl\u0131k 4,6 gms<\/p>","protected":false},"excerpt":{"rendered":"<ul>\n<li>Rodyum Kaplamal\u0131 22 Ayar Alt\u0131n Kolye Ucu<\/li>\n<li>A\u011f\u0131rl\u0131k 4,6 gms<\/li>\n<li>Sku 41745<\/li>\n<li>Zincir dahil de\u011fildir.<\/li>\n<li>Resimde g\u00f6sterilen Zincir bir\u00a0<strong>Spiga Zincir<\/strong><\/li>\n<li>T\u00fcm fiyatlara KDV dahildir<\/li>\n<li>Londra Assay Ofisi taraf\u0131ndan damgalanm\u0131\u015f alt\u0131n<\/li>\n<li>T\u00fcm Setler Sunum Kutusu ile Birlikte Gelir<\/li>\n<li>Teslimat Dahil<\/li>\n<li>Diwali M\u00fccevherlerinin mevcudiyeti ve daha fazla g\u00f6rsel i\u00e7in bizimle canl\u0131 sohbet edin<\/li>\n<\/ul>","protected":false},"featured_media":335815,"comment_status":"closed","ping_status":"closed","template":"","meta":{"_eb_attr":"","_crsspst_to_jayantr4sg-hostcom":false},"product_brand":[],"product_cat":[1791,1559,1792,1790,1255,1767,1570,1569,1573,1574],"product_tag":[],"class_list":{"0":"post-335814","1":"product","2":"type-product","3":"status-publish","4":"has-post-thumbnail","6":"product_cat-anniversary-gifts","7":"product_cat-birthday-gifts","8":"product_cat-festival-gifts","9":"product_cat-for-whom-when","10":"product_cat-gold-pendants","11":"product_cat-ladies-pendants","12":"product_cat-mothers-day-gifts","13":"product_cat-valentine-day-gifts","14":"product_cat-wedding-gifts","15":"product_cat-womens-jewellery","17":"first","18":"outofstock","19":"taxable","20":"shipping-taxable","21":"product-type-simple","22":"add-to-wishlist-before_image"},"yoast_head":"<!-- This site is optimized with the Yoast SEO plugin v27.3 - https:\/\/yoast.com\/product\/yoast-seo-wordpress\/ -->\n<title>Floral Gold Pendant | Fancy Pendants | PureJewels.com<\/title>\n<meta name=\"description\" content=\"Unique Gold Pendants Online | Buy 22ct Stylish Pendants in London | Quick Delivery | Easy Returns | Visit Our Store in London\" \/>\n<meta name=\"robots\" content=\"index, follow, max-snippet:-1, max-image-preview:large, max-video-preview:-1\" \/>\n<link rel=\"canonical\" href=\"https:\/\/www.purejewels.com\/tr\/urun\/22-ayar-altin-rodyum-kaplamali-cicekli-kolye-ucu\/\" \/>\n<meta property=\"og:locale\" content=\"tr_TR\" \/>\n<meta property=\"og:type\" content=\"article\" \/>\n<meta property=\"og:title\" content=\"Floral Gold Pendant | Fancy Pendants | PureJewels.com\" \/>\n<meta property=\"og:description\" content=\"Unique Gold Pendants Online | Buy 22ct Stylish Pendants in London | Quick Delivery | Easy Returns | Visit Our Store in London\" \/>\n<meta property=\"og:url\" content=\"https:\/\/www.purejewels.com\/tr\/urun\/22-ayar-altin-rodyum-kaplamali-cicekli-kolye-ucu\/\" \/>\n<meta property=\"og:site_name\" content=\"PureJewels UK\" \/>\n<meta property=\"article:modified_time\" content=\"2022-11-08T18:06:07+00:00\" \/>\n<meta property=\"og:image\" content=\"https:\/\/www.purejewels.com\/wp-content\/uploads\/2022\/03\/41745-1-1.jpg\" \/>\n\t<meta property=\"og:image:width\" content=\"1000\" \/>\n\t<meta property=\"og:image:height\" content=\"1000\" \/>\n\t<meta property=\"og:image:type\" content=\"image\/jpeg\" \/>\n<meta name=\"twitter:card\" content=\"summary_large_image\" \/>\n<meta name=\"twitter:label1\" content=\"Tahmini okuma s\u00fcresi\" \/>\n\t<meta name=\"twitter:data1\" content=\"1 dakika\" \/>\n<script type=\"application\/ld+json\" class=\"yoast-schema-graph\">{\"@context\":\"https:\\\/\\\/schema.org\",\"@graph\":[{\"@type\":[\"WebPage\",\"ItemPage\"],\"@id\":\"https:\\\/\\\/www.purejewels.com\\\/product\\\/floral-pendant-in-22ct-gold-rhodium-finish\\\/\",\"url\":\"https:\\\/\\\/www.purejewels.com\\\/product\\\/floral-pendant-in-22ct-gold-rhodium-finish\\\/\",\"name\":\"Floral Gold Pendant | Fancy Pendants | PureJewels.com\",\"isPartOf\":{\"@id\":\"https:\\\/\\\/www.purejewels.com\\\/#website\"},\"primaryImageOfPage\":{\"@id\":\"https:\\\/\\\/www.purejewels.com\\\/product\\\/floral-pendant-in-22ct-gold-rhodium-finish\\\/#primaryimage\"},\"image\":{\"@id\":\"https:\\\/\\\/www.purejewels.com\\\/product\\\/floral-pendant-in-22ct-gold-rhodium-finish\\\/#primaryimage\"},\"thumbnailUrl\":\"https:\\\/\\\/static.purejewels.com\\\/wp-content\\\/uploads\\\/2022\\\/03\\\/41745-1-1.jpg\",\"datePublished\":\"2022-03-31T03:46:16+00:00\",\"dateModified\":\"2022-11-08T18:06:07+00:00\",\"description\":\"Unique Gold Pendants Online | Buy 22ct Stylish Pendants in London | Quick Delivery | Easy Returns | Visit Our Store in London\",\"breadcrumb\":{\"@id\":\"https:\\\/\\\/www.purejewels.com\\\/product\\\/floral-pendant-in-22ct-gold-rhodium-finish\\\/#breadcrumb\"},\"inLanguage\":\"tr\",\"potentialAction\":[{\"@type\":\"ReadAction\",\"target\":[\"https:\\\/\\\/www.purejewels.com\\\/product\\\/floral-pendant-in-22ct-gold-rhodium-finish\\\/\"]}]},{\"@type\":\"ImageObject\",\"inLanguage\":\"tr\",\"@id\":\"https:\\\/\\\/www.purejewels.com\\\/product\\\/floral-pendant-in-22ct-gold-rhodium-finish\\\/#primaryimage\",\"url\":\"https:\\\/\\\/static.purejewels.com\\\/wp-content\\\/uploads\\\/2022\\\/03\\\/41745-1-1.jpg\",\"contentUrl\":\"https:\\\/\\\/static.purejewels.com\\\/wp-content\\\/uploads\\\/2022\\\/03\\\/41745-1-1.jpg\",\"width\":1000,\"height\":1000,\"caption\":\"Floral Pendant in 22ct Gold | Rhodium Finish\"},{\"@type\":\"BreadcrumbList\",\"@id\":\"https:\\\/\\\/www.purejewels.com\\\/product\\\/floral-pendant-in-22ct-gold-rhodium-finish\\\/#breadcrumb\",\"itemListElement\":[{\"@type\":\"ListItem\",\"position\":1,\"name\":\"Home\",\"item\":\"https:\\\/\\\/www.purejewels.com\\\/\"},{\"@type\":\"ListItem\",\"position\":2,\"name\":\"Shop\",\"item\":\"https:\\\/\\\/www.purejewels.com\\\/shop\\\/\"},{\"@type\":\"ListItem\",\"position\":3,\"name\":\"Floral Pendant in 22ct Gold | Rhodium Finish\"}]},{\"@type\":\"WebSite\",\"@id\":\"https:\\\/\\\/www.purejewels.com\\\/#website\",\"url\":\"https:\\\/\\\/www.purejewels.com\\\/\",\"name\":\"PureJewels UK\",\"description\":\"Share the Love\",\"publisher\":{\"@id\":\"https:\\\/\\\/www.purejewels.com\\\/#organization\"},\"potentialAction\":[{\"@type\":\"SearchAction\",\"target\":{\"@type\":\"EntryPoint\",\"urlTemplate\":\"https:\\\/\\\/www.purejewels.com\\\/?s={search_term_string}\"},\"query-input\":{\"@type\":\"PropertyValueSpecification\",\"valueRequired\":true,\"valueName\":\"search_term_string\"}}],\"inLanguage\":\"tr\"},{\"@type\":\"Organization\",\"@id\":\"https:\\\/\\\/www.purejewels.com\\\/#organization\",\"name\":\"PureJewels UK\",\"url\":\"https:\\\/\\\/www.purejewels.com\\\/\",\"logo\":{\"@type\":\"ImageObject\",\"inLanguage\":\"tr\",\"@id\":\"https:\\\/\\\/www.purejewels.com\\\/#\\\/schema\\\/logo\\\/image\\\/\",\"url\":\"https:\\\/\\\/static.purejewels.com\\\/wp-content\\\/uploads\\\/2020\\\/11\\\/Logo-PJ-New-1.png\",\"contentUrl\":\"https:\\\/\\\/static.purejewels.com\\\/wp-content\\\/uploads\\\/2020\\\/11\\\/Logo-PJ-New-1.png\",\"width\":150,\"height\":80,\"caption\":\"PureJewels UK\"},\"image\":{\"@id\":\"https:\\\/\\\/www.purejewels.com\\\/#\\\/schema\\\/logo\\\/image\\\/\"}}]}<\/script>\n<!-- \/ Yoast SEO plugin. -->","yoast_head_json":{"title":"\u00c7i\u00e7ekli Alt\u0131n Kolye | Fantezi Kolyeler | PureJewels.com","description":"Benzersiz Alt\u0131n Kolyeler Online | Londra'da 22ct \u015e\u0131k Kolye Sat\u0131n Al\u0131n | H\u0131zl\u0131 Teslimat | Kolay \u0130ade | Londra'daki Ma\u011fazam\u0131z\u0131 Ziyaret Edin","robots":{"index":"index","follow":"follow","max-snippet":"max-snippet:-1","max-image-preview":"max-image-preview:large","max-video-preview":"max-video-preview:-1"},"canonical":"https:\/\/www.purejewels.com\/tr\/urun\/22-ayar-altin-rodyum-kaplamali-cicekli-kolye-ucu\/","og_locale":"tr_TR","og_type":"article","og_title":"Floral Gold Pendant | Fancy Pendants | PureJewels.com","og_description":"Unique Gold Pendants Online | Buy 22ct Stylish Pendants in London | Quick Delivery | Easy Returns | Visit Our Store in London","og_url":"https:\/\/www.purejewels.com\/tr\/urun\/22-ayar-altin-rodyum-kaplamali-cicekli-kolye-ucu\/","og_site_name":"PureJewels UK","article_modified_time":"2022-11-08T18:06:07+00:00","og_image":[{"width":1000,"height":1000,"url":"https:\/\/www.purejewels.com\/wp-content\/uploads\/2022\/03\/41745-1-1.jpg","type":"image\/jpeg"}],"twitter_card":"summary_large_image","twitter_misc":{"Tahmini okuma s\u00fcresi":"1 dakika"},"schema":{"@context":"https:\/\/schema.org","@graph":[{"@type":["WebPage","ItemPage"],"@id":"https:\/\/www.purejewels.com\/product\/floral-pendant-in-22ct-gold-rhodium-finish\/","url":"https:\/\/www.purejewels.com\/product\/floral-pendant-in-22ct-gold-rhodium-finish\/","name":"\u00c7i\u00e7ekli Alt\u0131n Kolye | Fantezi Kolyeler | PureJewels.com","isPartOf":{"@id":"https:\/\/www.purejewels.com\/#website"},"primaryImageOfPage":{"@id":"https:\/\/www.purejewels.com\/product\/floral-pendant-in-22ct-gold-rhodium-finish\/#primaryimage"},"image":{"@id":"https:\/\/www.purejewels.com\/product\/floral-pendant-in-22ct-gold-rhodium-finish\/#primaryimage"},"thumbnailUrl":"https:\/\/static.purejewels.com\/wp-content\/uploads\/2022\/03\/41745-1-1.jpg","datePublished":"2022-03-31T03:46:16+00:00","dateModified":"2022-11-08T18:06:07+00:00","description":"Benzersiz Alt\u0131n Kolyeler Online | Londra'da 22ct \u015e\u0131k Kolye Sat\u0131n Al\u0131n | H\u0131zl\u0131 Teslimat | Kolay \u0130ade | Londra'daki Ma\u011fazam\u0131z\u0131 Ziyaret Edin","breadcrumb":{"@id":"https:\/\/www.purejewels.com\/product\/floral-pendant-in-22ct-gold-rhodium-finish\/#breadcrumb"},"inLanguage":"tr","potentialAction":[{"@type":"ReadAction","target":["https:\/\/www.purejewels.com\/product\/floral-pendant-in-22ct-gold-rhodium-finish\/"]}]},{"@type":"ImageObject","inLanguage":"tr","@id":"https:\/\/www.purejewels.com\/product\/floral-pendant-in-22ct-gold-rhodium-finish\/#primaryimage","url":"https:\/\/static.purejewels.com\/wp-content\/uploads\/2022\/03\/41745-1-1.jpg","contentUrl":"https:\/\/static.purejewels.com\/wp-content\/uploads\/2022\/03\/41745-1-1.jpg","width":1000,"height":1000,"caption":"Floral Pendant in 22ct Gold | Rhodium Finish"},{"@type":"BreadcrumbList","@id":"https:\/\/www.purejewels.com\/product\/floral-pendant-in-22ct-gold-rhodium-finish\/#breadcrumb","itemListElement":[{"@type":"ListItem","position":1,"name":"Home","item":"https:\/\/www.purejewels.com\/"},{"@type":"ListItem","position":2,"name":"Shop","item":"https:\/\/www.purejewels.com\/shop\/"},{"@type":"ListItem","position":3,"name":"Floral Pendant in 22ct Gold | Rhodium Finish"}]},{"@type":"WebSite","@id":"https:\/\/www.purejewels.com\/#website","url":"https:\/\/www.purejewels.com\/","name":"PureJewels \u0130ngiltere","description":"Sevgiyi Payla\u015f\u0131n","publisher":{"@id":"https:\/\/www.purejewels.com\/#organization"},"potentialAction":[{"@type":"SearchAction","target":{"@type":"EntryPoint","urlTemplate":"https:\/\/www.purejewels.com\/?s={search_term_string}"},"query-input":{"@type":"PropertyValueSpecification","valueRequired":true,"valueName":"search_term_string"}}],"inLanguage":"tr"},{"@type":"Organization","@id":"https:\/\/www.purejewels.com\/#organization","name":"PureJewels \u0130ngiltere","url":"https:\/\/www.purejewels.com\/","logo":{"@type":"ImageObject","inLanguage":"tr","@id":"https:\/\/www.purejewels.com\/#\/schema\/logo\/image\/","url":"https:\/\/static.purejewels.com\/wp-content\/uploads\/2020\/11\/Logo-PJ-New-1.png","contentUrl":"https:\/\/static.purejewels.com\/wp-content\/uploads\/2020\/11\/Logo-PJ-New-1.png","width":150,"height":80,"caption":"PureJewels UK"},"image":{"@id":"https:\/\/www.purejewels.com\/#\/schema\/logo\/image\/"}}]}},"_links":{"self":[{"href":"https:\/\/www.purejewels.com\/tr\/wp-json\/wp\/v2\/product\/335814","targetHints":{"allow":["GET"]}}],"collection":[{"href":"https:\/\/www.purejewels.com\/tr\/wp-json\/wp\/v2\/product"}],"about":[{"href":"https:\/\/www.purejewels.com\/tr\/wp-json\/wp\/v2\/types\/product"}],"replies":[{"embeddable":true,"href":"https:\/\/www.purejewels.com\/tr\/wp-json\/wp\/v2\/comments?post=335814"}],"version-history":[{"count":0,"href":"https:\/\/www.purejewels.com\/tr\/wp-json\/wp\/v2\/product\/335814\/revisions"}],"wp:featuredmedia":[{"embeddable":true,"href":"https:\/\/www.purejewels.com\/tr\/wp-json\/wp\/v2\/media\/335815"}],"wp:attachment":[{"href":"https:\/\/www.purejewels.com\/tr\/wp-json\/wp\/v2\/media?parent=335814"}],"wp:term":[{"taxonomy":"product_brand","embeddable":true,"href":"https:\/\/www.purejewels.com\/tr\/wp-json\/wp\/v2\/product_brand?post=335814"},{"taxonomy":"product_cat","embeddable":true,"href":"https:\/\/www.purejewels.com\/tr\/wp-json\/wp\/v2\/product_cat?post=335814"},{"taxonomy":"product_tag","embeddable":true,"href":"https:\/\/www.purejewels.com\/tr\/wp-json\/wp\/v2\/product_tag?post=335814"}],"curies":[{"name":"wp","href":"https:\/\/api.w.org\/{rel}","templated":true}]}}