{"id":335887,"date":"2024-09-20T07:48:04","date_gmt":"2024-09-20T06:48:04","guid":{"rendered":"https:\/\/www.purejewels.com\/?post_type=product&#038;p=335887"},"modified":"2024-11-25T06:31:09","modified_gmt":"2024-11-25T06:31:09","slug":"22-ayar-altin-damla-kupe-rodyum-kaplama","status":"publish","type":"product","link":"https:\/\/www.purejewels.com\/tr\/product\/22ct-gold-drop-earrings-rhodium-finish\/","title":{"rendered":"22 Ayar Alt\u0131n Damla K\u00fcpe | Rodyum Kaplama"},"content":{"rendered":"<p>\u00c7arp\u0131c\u0131 bir tasar\u0131ma sahip bu zarif 22 ayar alt\u0131n damla k\u00fcpelerle stilinizi y\u00fckseltin <a href=\"https:\/\/www.purejewels.com\/tr\/product\/designer-ring-for-women-in-22-carat-31928\/\">rodyum kaplama<\/a>. Hassasiyet ve detaylara g\u00f6sterilen \u00f6zenle haz\u0131rlanan bu k\u00fcpeler zarafet ve sofistike bir g\u00f6r\u00fcn\u00fcm sergiler. Karma\u015f\u0131k tasar\u0131m\u0131 ve y\u00fcksek kaliteli malzemeleri sayesinde her m\u00fccevher koleksiyonuna zamans\u0131z bir katk\u0131 sa\u011flar.<\/p>\n<p>Parlak alt\u0131n ile \u015f\u0131k rodyum kaplama, dikkatleri \u00fczerine \u00e7ekecek \u00e7arp\u0131c\u0131 bir kontrast olu\u015fturur. \u0130ster \u00f6zel bir g\u00fcn i\u00e7in giyiniyor olun ister g\u00fcnl\u00fck g\u00f6r\u00fcn\u00fcm\u00fcn\u00fcze ihti\u015faml\u0131 bir dokunu\u015f kat\u0131yor olun, bu k\u00fcpeler m\u00fckemmel bir se\u00e7imdir.<\/p>\n<p>Rodyum kaplamal\u0131 bu l\u00fcks 22 ayar alt\u0131n damla k\u00fcpelerle fark\u0131n\u0131z\u0131 ortaya koyun. Tak\u0131 koleksiyonunuza bug\u00fcn ekleyin ve stilinizi yeni zirvelere ta\u015f\u0131y\u0131n.<\/p>","protected":false},"excerpt":{"rendered":"<div class=\"woocommerce-product-details__short-description\">\n<ul>\n<li>22 Ayar Alt\u0131n Damla K\u00fcpe<\/li>\n<li>A\u011f\u0131rl\u0131k 3,9 gms<\/li>\n<li>SKU. 42750<\/li>\n<li>T\u00fcm fiyatlara KDV dahildir<\/li>\n<li>Londra Tahlil Ofisi Taraf\u0131ndan Damgalanm\u0131\u015f 22 Ayar Alt\u0131n<\/li>\n<li>Sunum Kutusu ile Birlikte Gelir<\/li>\n<li>Teslimat Dahil<\/li>\n<li>Videolar\u0131n\u0131 g\u00f6rmek i\u00e7in bizimle ileti\u015fime ge\u00e7in\/canl\u0131 sohbet edin <b>Alt\u0131n Damla K\u00fcpe<\/b><\/li>\n<\/ul>\n<\/div>","protected":false},"featured_media":335895,"comment_status":"closed","ping_status":"closed","template":"","meta":{"_eb_attr":"","_crsspst_to_jayantr4sg-hostcom":false},"product_brand":[],"product_cat":[1791,1559,1793,1685,1790,1254,1569,1573,1574],"product_tag":[],"class_list":{"0":"post-335887","1":"product","2":"type-product","3":"status-publish","4":"has-post-thumbnail","6":"product_cat-anniversary-gifts","7":"product_cat-birthday-gifts","8":"product_cat-diwali-gifts","9":"product_cat-drop-earrings","10":"product_cat-for-whom-when","11":"product_cat-gold-earrings","12":"product_cat-valentine-day-gifts","13":"product_cat-wedding-gifts","14":"product_cat-womens-jewellery","16":"first","17":"outofstock","18":"sale","19":"taxable","20":"shipping-taxable","21":"product-type-simple","22":"add-to-wishlist-before_image"},"yoast_head":"<!-- This site is optimized with the Yoast SEO plugin v27.5 - https:\/\/yoast.com\/product\/yoast-seo-wordpress\/ -->\n<title>Drop Earrings in 22ct Gold | Fancy Earrings | PureJewels.com<\/title>\n<meta name=\"description\" content=\"Buy our exquisite 22ct Gold Earrings, perfect for Black Friday shopping. Elevate your style with these stunning earrings. Free delivery across UK.\" \/>\n<meta name=\"robots\" content=\"index, follow, max-snippet:-1, max-image-preview:large, max-video-preview:-1\" \/>\n<link rel=\"canonical\" href=\"https:\/\/www.purejewels.com\/tr\/urun\/22-ayar-altin-damla-kupe-rodyum-kaplama\/\" \/>\n<meta property=\"og:locale\" content=\"tr_TR\" \/>\n<meta property=\"og:type\" content=\"article\" \/>\n<meta property=\"og:title\" content=\"Drop Earrings in 22ct Gold | Fancy Earrings | PureJewels.com\" \/>\n<meta property=\"og:description\" content=\"Buy our exquisite 22ct Gold Earrings, perfect for Black Friday shopping. Elevate your style with these stunning earrings. Free delivery across UK.\" \/>\n<meta property=\"og:url\" content=\"https:\/\/www.purejewels.com\/tr\/urun\/22-ayar-altin-damla-kupe-rodyum-kaplama\/\" \/>\n<meta property=\"og:site_name\" content=\"PureJewels UK\" \/>\n<meta property=\"article:modified_time\" content=\"2024-11-25T06:31:09+00:00\" \/>\n<meta property=\"og:image\" content=\"https:\/\/www.purejewels.com\/wp-content\/uploads\/2022\/04\/41737-1.jpg\" \/>\n\t<meta property=\"og:image:width\" content=\"1000\" \/>\n\t<meta property=\"og:image:height\" content=\"1000\" \/>\n\t<meta property=\"og:image:type\" content=\"image\/jpeg\" \/>\n<meta name=\"twitter:card\" content=\"summary_large_image\" \/>\n<meta name=\"twitter:label1\" content=\"Tahmini okuma s\u00fcresi\" \/>\n\t<meta name=\"twitter:data1\" content=\"1 dakika\" \/>\n<script type=\"application\/ld+json\" class=\"yoast-schema-graph\">{\"@context\":\"https:\\\/\\\/schema.org\",\"@graph\":[{\"@type\":[\"WebPage\",\"ItemPage\"],\"@id\":\"https:\\\/\\\/www.purejewels.com\\\/product\\\/22ct-gold-drop-earrings-rhodium-finish\\\/\",\"url\":\"https:\\\/\\\/www.purejewels.com\\\/product\\\/22ct-gold-drop-earrings-rhodium-finish\\\/\",\"name\":\"Drop Earrings in 22ct Gold | Fancy Earrings | PureJewels.com\",\"isPartOf\":{\"@id\":\"https:\\\/\\\/www.purejewels.com\\\/#website\"},\"primaryImageOfPage\":{\"@id\":\"https:\\\/\\\/www.purejewels.com\\\/product\\\/22ct-gold-drop-earrings-rhodium-finish\\\/#primaryimage\"},\"image\":{\"@id\":\"https:\\\/\\\/www.purejewels.com\\\/product\\\/22ct-gold-drop-earrings-rhodium-finish\\\/#primaryimage\"},\"thumbnailUrl\":\"https:\\\/\\\/static.purejewels.com\\\/wp-content\\\/uploads\\\/2022\\\/04\\\/41737-1.jpg\",\"datePublished\":\"2024-09-20T06:48:04+00:00\",\"dateModified\":\"2024-11-25T06:31:09+00:00\",\"description\":\"Buy our exquisite 22ct Gold Earrings, perfect for Black Friday shopping. Elevate your style with these stunning earrings. Free delivery across UK.\",\"breadcrumb\":{\"@id\":\"https:\\\/\\\/www.purejewels.com\\\/product\\\/22ct-gold-drop-earrings-rhodium-finish\\\/#breadcrumb\"},\"inLanguage\":\"tr\",\"potentialAction\":[{\"@type\":\"ReadAction\",\"target\":[\"https:\\\/\\\/www.purejewels.com\\\/product\\\/22ct-gold-drop-earrings-rhodium-finish\\\/\"]}]},{\"@type\":\"ImageObject\",\"inLanguage\":\"tr\",\"@id\":\"https:\\\/\\\/www.purejewels.com\\\/product\\\/22ct-gold-drop-earrings-rhodium-finish\\\/#primaryimage\",\"url\":\"https:\\\/\\\/static.purejewels.com\\\/wp-content\\\/uploads\\\/2022\\\/04\\\/41737-1.jpg\",\"contentUrl\":\"https:\\\/\\\/static.purejewels.com\\\/wp-content\\\/uploads\\\/2022\\\/04\\\/41737-1.jpg\",\"width\":1000,\"height\":1000,\"caption\":\"22ct Gold Drop Earrings | Rhodium Finish\"},{\"@type\":\"BreadcrumbList\",\"@id\":\"https:\\\/\\\/www.purejewels.com\\\/product\\\/22ct-gold-drop-earrings-rhodium-finish\\\/#breadcrumb\",\"itemListElement\":[{\"@type\":\"ListItem\",\"position\":1,\"name\":\"Home\",\"item\":\"https:\\\/\\\/www.purejewels.com\\\/\"},{\"@type\":\"ListItem\",\"position\":2,\"name\":\"Shop\",\"item\":\"https:\\\/\\\/www.purejewels.com\\\/shop\\\/\"},{\"@type\":\"ListItem\",\"position\":3,\"name\":\"22ct Gold Drop Earrings | Rhodium Finish\"}]},{\"@type\":\"WebSite\",\"@id\":\"https:\\\/\\\/www.purejewels.com\\\/#website\",\"url\":\"https:\\\/\\\/www.purejewels.com\\\/\",\"name\":\"PureJewels UK\",\"description\":\"Share the Love\",\"publisher\":{\"@id\":\"https:\\\/\\\/www.purejewels.com\\\/#organization\"},\"potentialAction\":[{\"@type\":\"SearchAction\",\"target\":{\"@type\":\"EntryPoint\",\"urlTemplate\":\"https:\\\/\\\/www.purejewels.com\\\/?s={search_term_string}\"},\"query-input\":{\"@type\":\"PropertyValueSpecification\",\"valueRequired\":true,\"valueName\":\"search_term_string\"}}],\"inLanguage\":\"tr\"},{\"@type\":\"Organization\",\"@id\":\"https:\\\/\\\/www.purejewels.com\\\/#organization\",\"name\":\"PureJewels UK\",\"url\":\"https:\\\/\\\/www.purejewels.com\\\/\",\"logo\":{\"@type\":\"ImageObject\",\"inLanguage\":\"tr\",\"@id\":\"https:\\\/\\\/www.purejewels.com\\\/#\\\/schema\\\/logo\\\/image\\\/\",\"url\":\"https:\\\/\\\/static.purejewels.com\\\/wp-content\\\/uploads\\\/2020\\\/11\\\/Logo-PJ-New-1.png\",\"contentUrl\":\"https:\\\/\\\/static.purejewels.com\\\/wp-content\\\/uploads\\\/2020\\\/11\\\/Logo-PJ-New-1.png\",\"width\":150,\"height\":80,\"caption\":\"PureJewels UK\"},\"image\":{\"@id\":\"https:\\\/\\\/www.purejewels.com\\\/#\\\/schema\\\/logo\\\/image\\\/\"}}]}<\/script>\n<!-- \/ Yoast SEO plugin. -->","yoast_head_json":{"title":"22 Ayar Alt\u0131n Damla K\u00fcpe | Fantezi K\u00fcpeler | PureJewels.com","description":"Black Friday al\u0131\u015fveri\u015fi i\u00e7in m\u00fckemmel olan zarif 22 ayar alt\u0131n k\u00fcpelerimizi sat\u0131n al\u0131n. Bu \u00e7arp\u0131c\u0131 k\u00fcpelerle tarz\u0131n\u0131z\u0131 y\u00fckseltin. \u0130ngiltere genelinde \u00fccretsiz teslimat.","robots":{"index":"index","follow":"follow","max-snippet":"max-snippet:-1","max-image-preview":"max-image-preview:large","max-video-preview":"max-video-preview:-1"},"canonical":"https:\/\/www.purejewels.com\/tr\/urun\/22-ayar-altin-damla-kupe-rodyum-kaplama\/","og_locale":"tr_TR","og_type":"article","og_title":"Drop Earrings in 22ct Gold | Fancy Earrings | PureJewels.com","og_description":"Buy our exquisite 22ct Gold Earrings, perfect for Black Friday shopping. Elevate your style with these stunning earrings. Free delivery across UK.","og_url":"https:\/\/www.purejewels.com\/tr\/urun\/22-ayar-altin-damla-kupe-rodyum-kaplama\/","og_site_name":"PureJewels UK","article_modified_time":"2024-11-25T06:31:09+00:00","og_image":[{"width":1000,"height":1000,"url":"https:\/\/www.purejewels.com\/wp-content\/uploads\/2022\/04\/41737-1.jpg","type":"image\/jpeg"}],"twitter_card":"summary_large_image","twitter_misc":{"Tahmini okuma s\u00fcresi":"1 dakika"},"schema":{"@context":"https:\/\/schema.org","@graph":[{"@type":["WebPage","ItemPage"],"@id":"https:\/\/www.purejewels.com\/product\/22ct-gold-drop-earrings-rhodium-finish\/","url":"https:\/\/www.purejewels.com\/product\/22ct-gold-drop-earrings-rhodium-finish\/","name":"22 Ayar Alt\u0131n Damla K\u00fcpe | Fantezi K\u00fcpeler | PureJewels.com","isPartOf":{"@id":"https:\/\/www.purejewels.com\/#website"},"primaryImageOfPage":{"@id":"https:\/\/www.purejewels.com\/product\/22ct-gold-drop-earrings-rhodium-finish\/#primaryimage"},"image":{"@id":"https:\/\/www.purejewels.com\/product\/22ct-gold-drop-earrings-rhodium-finish\/#primaryimage"},"thumbnailUrl":"https:\/\/static.purejewels.com\/wp-content\/uploads\/2022\/04\/41737-1.jpg","datePublished":"2024-09-20T06:48:04+00:00","dateModified":"2024-11-25T06:31:09+00:00","description":"Black Friday al\u0131\u015fveri\u015fi i\u00e7in m\u00fckemmel olan zarif 22 ayar alt\u0131n k\u00fcpelerimizi sat\u0131n al\u0131n. Bu \u00e7arp\u0131c\u0131 k\u00fcpelerle tarz\u0131n\u0131z\u0131 y\u00fckseltin. \u0130ngiltere genelinde \u00fccretsiz teslimat.","breadcrumb":{"@id":"https:\/\/www.purejewels.com\/product\/22ct-gold-drop-earrings-rhodium-finish\/#breadcrumb"},"inLanguage":"tr","potentialAction":[{"@type":"ReadAction","target":["https:\/\/www.purejewels.com\/product\/22ct-gold-drop-earrings-rhodium-finish\/"]}]},{"@type":"ImageObject","inLanguage":"tr","@id":"https:\/\/www.purejewels.com\/product\/22ct-gold-drop-earrings-rhodium-finish\/#primaryimage","url":"https:\/\/static.purejewels.com\/wp-content\/uploads\/2022\/04\/41737-1.jpg","contentUrl":"https:\/\/static.purejewels.com\/wp-content\/uploads\/2022\/04\/41737-1.jpg","width":1000,"height":1000,"caption":"22ct Gold Drop Earrings | Rhodium Finish"},{"@type":"BreadcrumbList","@id":"https:\/\/www.purejewels.com\/product\/22ct-gold-drop-earrings-rhodium-finish\/#breadcrumb","itemListElement":[{"@type":"ListItem","position":1,"name":"Home","item":"https:\/\/www.purejewels.com\/"},{"@type":"ListItem","position":2,"name":"Shop","item":"https:\/\/www.purejewels.com\/shop\/"},{"@type":"ListItem","position":3,"name":"22ct Gold Drop Earrings | Rhodium Finish"}]},{"@type":"WebSite","@id":"https:\/\/www.purejewels.com\/#website","url":"https:\/\/www.purejewels.com\/","name":"PureJewels \u0130ngiltere","description":"Sevgiyi Payla\u015f\u0131n","publisher":{"@id":"https:\/\/www.purejewels.com\/#organization"},"potentialAction":[{"@type":"SearchAction","target":{"@type":"EntryPoint","urlTemplate":"https:\/\/www.purejewels.com\/?s={search_term_string}"},"query-input":{"@type":"PropertyValueSpecification","valueRequired":true,"valueName":"search_term_string"}}],"inLanguage":"tr"},{"@type":"Organization","@id":"https:\/\/www.purejewels.com\/#organization","name":"PureJewels \u0130ngiltere","url":"https:\/\/www.purejewels.com\/","logo":{"@type":"ImageObject","inLanguage":"tr","@id":"https:\/\/www.purejewels.com\/#\/schema\/logo\/image\/","url":"https:\/\/static.purejewels.com\/wp-content\/uploads\/2020\/11\/Logo-PJ-New-1.png","contentUrl":"https:\/\/static.purejewels.com\/wp-content\/uploads\/2020\/11\/Logo-PJ-New-1.png","width":150,"height":80,"caption":"PureJewels UK"},"image":{"@id":"https:\/\/www.purejewels.com\/#\/schema\/logo\/image\/"}}]}},"_links":{"self":[{"href":"https:\/\/www.purejewels.com\/tr\/wp-json\/wp\/v2\/product\/335887","targetHints":{"allow":["GET"]}}],"collection":[{"href":"https:\/\/www.purejewels.com\/tr\/wp-json\/wp\/v2\/product"}],"about":[{"href":"https:\/\/www.purejewels.com\/tr\/wp-json\/wp\/v2\/types\/product"}],"replies":[{"embeddable":true,"href":"https:\/\/www.purejewels.com\/tr\/wp-json\/wp\/v2\/comments?post=335887"}],"version-history":[{"count":3,"href":"https:\/\/www.purejewels.com\/tr\/wp-json\/wp\/v2\/product\/335887\/revisions"}],"predecessor-version":[{"id":375774,"href":"https:\/\/www.purejewels.com\/tr\/wp-json\/wp\/v2\/product\/335887\/revisions\/375774"}],"wp:featuredmedia":[{"embeddable":true,"href":"https:\/\/www.purejewels.com\/tr\/wp-json\/wp\/v2\/media\/335895"}],"wp:attachment":[{"href":"https:\/\/www.purejewels.com\/tr\/wp-json\/wp\/v2\/media?parent=335887"}],"wp:term":[{"taxonomy":"product_brand","embeddable":true,"href":"https:\/\/www.purejewels.com\/tr\/wp-json\/wp\/v2\/product_brand?post=335887"},{"taxonomy":"product_cat","embeddable":true,"href":"https:\/\/www.purejewels.com\/tr\/wp-json\/wp\/v2\/product_cat?post=335887"},{"taxonomy":"product_tag","embeddable":true,"href":"https:\/\/www.purejewels.com\/tr\/wp-json\/wp\/v2\/product_tag?post=335887"}],"curies":[{"name":"wp","href":"https:\/\/api.w.org\/{rel}","templated":true}]}}