{"id":336570,"date":"2025-07-03T06:48:42","date_gmt":"2025-07-03T05:48:42","guid":{"rendered":"https:\/\/www.purejewels.com\/?post_type=product&#038;p=336570"},"modified":"2026-04-29T09:17:54","modified_gmt":"2026-04-29T08:17:54","slug":"altin-cocuk-bilekligi-48847","status":"publish","type":"product","link":"https:\/\/www.purejewels.com\/tr\/product\/gold-kids-bracelet-48847\/","title":{"rendered":"Rodyum Alt\u0131n \u00c7ocuk Bilekli\u011fi"},"content":{"rendered":"<p>Zarif rodyum kaplamal\u0131 saf 22 ayar alt\u0131ndan \u00fcretilen bu \u00e7ocuk bilezi\u011fi, dokulu alt\u0131n ve rodyum kaplama boncuklar\u0131n b\u00fcy\u00fcleyici bir kar\u0131\u015f\u0131m\u0131n\u0131 sergiliyor. E\u011flenceli simetri ve \u0131\u015f\u0131lt\u0131l\u0131 kontrast, zarif bir g\u00f6r\u00fcn\u00fcm yarat\u0131rken hafif ve kolay tak\u0131l\u0131r.<\/p>\n<p>5 in\u00e7 \u00f6l\u00e7\u00fcs\u00fcyle gen\u00e7 bileklere rahat\u00e7a uyacak \u015fekilde tasarlanm\u0131\u015ft\u0131r; g\u00fcnl\u00fck kullan\u0131m veya \u00f6zenli bir hediye i\u00e7in m\u00fckemmeldir. Do\u011fum g\u00fcn\u00fc, isim verme t\u00f6reni veya \u00f6zel bir d\u00f6n\u00fcm noktas\u0131 i\u00e7in olsun, bu bileklik her detay\u0131nda hem g\u00fczellik hem de duygusall\u0131k ta\u015f\u0131r.<\/p>\n<p>\u00c7ocuklara y\u00f6nelik bayram hediyeleri i\u00e7in b\u00fcy\u00fcleyici bir se\u00e7im olan Rodyum Alt\u0131n \u00c7ocuk Bilekli\u011fi, e\u011flenceli bir \u0131\u015f\u0131lt\u0131 katan narin iki tonlu boncuklara sahiptir.<\/p>","protected":false},"excerpt":{"rendered":"<p>Alt\u0131n ve rodyum tonlar\u0131n\u0131n \u0131\u015f\u0131lt\u0131l\u0131 bir kar\u0131\u015f\u0131m\u0131 olan bu 22 ayar \u00e7ocuk bilezi\u011fi, alternatif dokulu boncuklarla haz\u0131rlanm\u0131\u015ft\u0131r. 5 in\u00e7 boyutuyla gen\u00e7 bilekler i\u00e7in g\u00fcvenli ve \u015f\u0131k bir uyum sunar.<\/p>\n<p><strong>Malzeme:<\/strong>\u00a022 Ayar Alt\u0131n<strong><br \/>\nHallmark:\u00a0<\/strong>\u0130ngiliz Damgas\u0131<strong><br \/>\n<\/strong><strong>Br\u00fct A\u011f\u0131rl\u0131k: <\/strong>3.50 Gms<br \/>\n<strong>Uzunluk:<\/strong>\u00a05 in\u00e7<br \/>\n<strong>SKU:<\/strong> 48847<\/p>\n<p><strong>Fiyat ve Teslimat<\/strong>: KDV ve teslimat \u00fccreti dahil<br \/>\n<a href=\"https:\/\/www.purejewels.com\/tr\/i%cc%87ade-poli%cc%87ti%cc%87kasi\/\">\u0130ade Politikas\u0131<\/a><\/p>","protected":false},"featured_media":403532,"comment_status":"closed","ping_status":"closed","template":"","meta":{"_eb_attr":"","_crsspst_to_jayantr4sg-hostcom":true},"product_brand":[],"product_cat":[5672,5441,1576,1324,1436],"product_tag":[],"class_list":{"0":"post-336570","1":"product","2":"type-product","3":"status-publish","4":"has-post-thumbnail","6":"product_cat-baby-gold-bracelet","7":"product_cat-gold-bead-bracelets","8":"product_cat-childrens-jewellery","9":"product_cat-gold-bracelet","10":"product_cat-kids-bracelet-kada","12":"first","13":"instock","14":"taxable","15":"shipping-taxable","16":"purchasable","17":"product-type-simple","18":"add-to-wishlist-before_image"},"yoast_head":"<!-- This site is optimized with the Yoast SEO plugin v27.5 - https:\/\/yoast.com\/product\/yoast-seo-wordpress\/ -->\n<title>Gold Kids Bracelet | Kid&#039;s Jewellery | PureJewels<\/title>\n<meta name=\"description\" content=\"Check out our Kid&#039;s Jewellery Collection. Buy 22ct Gold Kid&#039;s Bracelet from PureJewels. Free delivery across UK. Easy returns.\" \/>\n<meta name=\"robots\" content=\"index, follow, max-snippet:-1, max-image-preview:large, max-video-preview:-1\" \/>\n<link rel=\"canonical\" href=\"https:\/\/www.purejewels.com\/tr\/urun\/altin-cocuk-bilekligi-48847\/\" \/>\n<meta property=\"og:locale\" content=\"tr_TR\" \/>\n<meta property=\"og:type\" content=\"article\" \/>\n<meta property=\"og:title\" content=\"Gold Kids Bracelet | Kid&#039;s Jewellery | PureJewels\" \/>\n<meta property=\"og:description\" content=\"Check out our Kid&#039;s Jewellery Collection. Buy 22ct Gold Kid&#039;s Bracelet from PureJewels. Free delivery across UK. Easy returns.\" \/>\n<meta property=\"og:url\" content=\"https:\/\/www.purejewels.com\/tr\/urun\/altin-cocuk-bilekligi-48847\/\" \/>\n<meta property=\"og:site_name\" content=\"PureJewels UK\" \/>\n<meta property=\"article:modified_time\" content=\"2026-04-29T08:17:54+00:00\" \/>\n<meta property=\"og:image\" content=\"https:\/\/static.purejewels.com\/wp-content\/uploads\/2022\/05\/SKU-48847.jpg\" \/>\n\t<meta property=\"og:image:width\" content=\"1000\" \/>\n\t<meta property=\"og:image:height\" content=\"1000\" \/>\n\t<meta property=\"og:image:type\" content=\"image\/jpeg\" \/>\n<meta name=\"twitter:card\" content=\"summary_large_image\" \/>\n<meta name=\"twitter:label1\" content=\"Tahmini okuma s\u00fcresi\" \/>\n\t<meta name=\"twitter:data1\" content=\"1 dakika\" \/>\n<script type=\"application\/ld+json\" class=\"yoast-schema-graph\">{\"@context\":\"https:\\\/\\\/schema.org\",\"@graph\":[{\"@type\":[\"WebPage\",\"ItemPage\"],\"@id\":\"https:\\\/\\\/www.purejewels.com\\\/product\\\/gold-kids-bracelet-48847\\\/\",\"url\":\"https:\\\/\\\/www.purejewels.com\\\/product\\\/gold-kids-bracelet-48847\\\/\",\"name\":\"Gold Kids Bracelet | Kid's Jewellery | PureJewels\",\"isPartOf\":{\"@id\":\"https:\\\/\\\/www.purejewels.com\\\/#website\"},\"primaryImageOfPage\":{\"@id\":\"https:\\\/\\\/www.purejewels.com\\\/product\\\/gold-kids-bracelet-48847\\\/#primaryimage\"},\"image\":{\"@id\":\"https:\\\/\\\/www.purejewels.com\\\/product\\\/gold-kids-bracelet-48847\\\/#primaryimage\"},\"thumbnailUrl\":\"https:\\\/\\\/static.purejewels.com\\\/wp-content\\\/uploads\\\/2022\\\/05\\\/SKU-48847.jpg\",\"datePublished\":\"2025-07-03T05:48:42+00:00\",\"dateModified\":\"2026-04-29T08:17:54+00:00\",\"description\":\"Check out our Kid's Jewellery Collection. Buy 22ct Gold Kid's Bracelet from PureJewels. Free delivery across UK. Easy returns.\",\"breadcrumb\":{\"@id\":\"https:\\\/\\\/www.purejewels.com\\\/product\\\/gold-kids-bracelet-48847\\\/#breadcrumb\"},\"inLanguage\":\"tr\",\"potentialAction\":[{\"@type\":\"ReadAction\",\"target\":[\"https:\\\/\\\/www.purejewels.com\\\/product\\\/gold-kids-bracelet-48847\\\/\"]}]},{\"@type\":\"ImageObject\",\"inLanguage\":\"tr\",\"@id\":\"https:\\\/\\\/www.purejewels.com\\\/product\\\/gold-kids-bracelet-48847\\\/#primaryimage\",\"url\":\"https:\\\/\\\/static.purejewels.com\\\/wp-content\\\/uploads\\\/2022\\\/05\\\/SKU-48847.jpg\",\"contentUrl\":\"https:\\\/\\\/static.purejewels.com\\\/wp-content\\\/uploads\\\/2022\\\/05\\\/SKU-48847.jpg\",\"width\":1000,\"height\":1000,\"caption\":\"Children\u2019s Gold Bracelet With Rhodium\"},{\"@type\":\"BreadcrumbList\",\"@id\":\"https:\\\/\\\/www.purejewels.com\\\/product\\\/gold-kids-bracelet-48847\\\/#breadcrumb\",\"itemListElement\":[{\"@type\":\"ListItem\",\"position\":1,\"name\":\"Home\",\"item\":\"https:\\\/\\\/www.purejewels.com\\\/\"},{\"@type\":\"ListItem\",\"position\":2,\"name\":\"Shop\",\"item\":\"https:\\\/\\\/www.purejewels.com\\\/shop\\\/\"},{\"@type\":\"ListItem\",\"position\":3,\"name\":\"Children\u2019s Gold Bracelet With Rhodium\"}]},{\"@type\":\"WebSite\",\"@id\":\"https:\\\/\\\/www.purejewels.com\\\/#website\",\"url\":\"https:\\\/\\\/www.purejewels.com\\\/\",\"name\":\"PureJewels UK\",\"description\":\"Share the Love\",\"publisher\":{\"@id\":\"https:\\\/\\\/www.purejewels.com\\\/#organization\"},\"potentialAction\":[{\"@type\":\"SearchAction\",\"target\":{\"@type\":\"EntryPoint\",\"urlTemplate\":\"https:\\\/\\\/www.purejewels.com\\\/?s={search_term_string}\"},\"query-input\":{\"@type\":\"PropertyValueSpecification\",\"valueRequired\":true,\"valueName\":\"search_term_string\"}}],\"inLanguage\":\"tr\"},{\"@type\":\"Organization\",\"@id\":\"https:\\\/\\\/www.purejewels.com\\\/#organization\",\"name\":\"PureJewels UK\",\"url\":\"https:\\\/\\\/www.purejewels.com\\\/\",\"logo\":{\"@type\":\"ImageObject\",\"inLanguage\":\"tr\",\"@id\":\"https:\\\/\\\/www.purejewels.com\\\/#\\\/schema\\\/logo\\\/image\\\/\",\"url\":\"https:\\\/\\\/static.purejewels.com\\\/wp-content\\\/uploads\\\/2020\\\/11\\\/Logo-PJ-New-1.png\",\"contentUrl\":\"https:\\\/\\\/static.purejewels.com\\\/wp-content\\\/uploads\\\/2020\\\/11\\\/Logo-PJ-New-1.png\",\"width\":150,\"height\":80,\"caption\":\"PureJewels UK\"},\"image\":{\"@id\":\"https:\\\/\\\/www.purejewels.com\\\/#\\\/schema\\\/logo\\\/image\\\/\"}}]}<\/script>\n<!-- \/ Yoast SEO plugin. -->","yoast_head_json":{"title":"Alt\u0131n \u00c7ocuk Bilekli\u011fi | \u00c7ocuk Tak\u0131lar\u0131 | PureJewels","description":"\u00c7ocuk Tak\u0131 Koleksiyonumuza g\u00f6z at\u0131n. PureJewels'ten 22 Ayar Alt\u0131n \u00c7ocuk Bilekli\u011fi sat\u0131n al\u0131n. \u0130ngiltere genelinde \u00fccretsiz teslimat. Kolay iade.","robots":{"index":"index","follow":"follow","max-snippet":"max-snippet:-1","max-image-preview":"max-image-preview:large","max-video-preview":"max-video-preview:-1"},"canonical":"https:\/\/www.purejewels.com\/tr\/urun\/altin-cocuk-bilekligi-48847\/","og_locale":"tr_TR","og_type":"article","og_title":"Gold Kids Bracelet | Kid's Jewellery | PureJewels","og_description":"Check out our Kid's Jewellery Collection. Buy 22ct Gold Kid's Bracelet from PureJewels. Free delivery across UK. Easy returns.","og_url":"https:\/\/www.purejewels.com\/tr\/urun\/altin-cocuk-bilekligi-48847\/","og_site_name":"PureJewels UK","article_modified_time":"2026-04-29T08:17:54+00:00","og_image":[{"width":1000,"height":1000,"url":"https:\/\/static.purejewels.com\/wp-content\/uploads\/2022\/05\/SKU-48847.jpg","type":"image\/jpeg"}],"twitter_card":"summary_large_image","twitter_misc":{"Tahmini okuma s\u00fcresi":"1 dakika"},"schema":{"@context":"https:\/\/schema.org","@graph":[{"@type":["WebPage","ItemPage"],"@id":"https:\/\/www.purejewels.com\/product\/gold-kids-bracelet-48847\/","url":"https:\/\/www.purejewels.com\/product\/gold-kids-bracelet-48847\/","name":"Alt\u0131n \u00c7ocuk Bilekli\u011fi | \u00c7ocuk Tak\u0131lar\u0131 | PureJewels","isPartOf":{"@id":"https:\/\/www.purejewels.com\/#website"},"primaryImageOfPage":{"@id":"https:\/\/www.purejewels.com\/product\/gold-kids-bracelet-48847\/#primaryimage"},"image":{"@id":"https:\/\/www.purejewels.com\/product\/gold-kids-bracelet-48847\/#primaryimage"},"thumbnailUrl":"https:\/\/static.purejewels.com\/wp-content\/uploads\/2022\/05\/SKU-48847.jpg","datePublished":"2025-07-03T05:48:42+00:00","dateModified":"2026-04-29T08:17:54+00:00","description":"\u00c7ocuk Tak\u0131 Koleksiyonumuza g\u00f6z at\u0131n. PureJewels'ten 22 Ayar Alt\u0131n \u00c7ocuk Bilekli\u011fi sat\u0131n al\u0131n. \u0130ngiltere genelinde \u00fccretsiz teslimat. Kolay iade.","breadcrumb":{"@id":"https:\/\/www.purejewels.com\/product\/gold-kids-bracelet-48847\/#breadcrumb"},"inLanguage":"tr","potentialAction":[{"@type":"ReadAction","target":["https:\/\/www.purejewels.com\/product\/gold-kids-bracelet-48847\/"]}]},{"@type":"ImageObject","inLanguage":"tr","@id":"https:\/\/www.purejewels.com\/product\/gold-kids-bracelet-48847\/#primaryimage","url":"https:\/\/static.purejewels.com\/wp-content\/uploads\/2022\/05\/SKU-48847.jpg","contentUrl":"https:\/\/static.purejewels.com\/wp-content\/uploads\/2022\/05\/SKU-48847.jpg","width":1000,"height":1000,"caption":"Children\u2019s Gold Bracelet With Rhodium"},{"@type":"BreadcrumbList","@id":"https:\/\/www.purejewels.com\/product\/gold-kids-bracelet-48847\/#breadcrumb","itemListElement":[{"@type":"ListItem","position":1,"name":"Home","item":"https:\/\/www.purejewels.com\/"},{"@type":"ListItem","position":2,"name":"Shop","item":"https:\/\/www.purejewels.com\/shop\/"},{"@type":"ListItem","position":3,"name":"Children\u2019s Gold Bracelet With Rhodium"}]},{"@type":"WebSite","@id":"https:\/\/www.purejewels.com\/#website","url":"https:\/\/www.purejewels.com\/","name":"PureJewels \u0130ngiltere","description":"Sevgiyi Payla\u015f\u0131n","publisher":{"@id":"https:\/\/www.purejewels.com\/#organization"},"potentialAction":[{"@type":"SearchAction","target":{"@type":"EntryPoint","urlTemplate":"https:\/\/www.purejewels.com\/?s={search_term_string}"},"query-input":{"@type":"PropertyValueSpecification","valueRequired":true,"valueName":"search_term_string"}}],"inLanguage":"tr"},{"@type":"Organization","@id":"https:\/\/www.purejewels.com\/#organization","name":"PureJewels \u0130ngiltere","url":"https:\/\/www.purejewels.com\/","logo":{"@type":"ImageObject","inLanguage":"tr","@id":"https:\/\/www.purejewels.com\/#\/schema\/logo\/image\/","url":"https:\/\/static.purejewels.com\/wp-content\/uploads\/2020\/11\/Logo-PJ-New-1.png","contentUrl":"https:\/\/static.purejewels.com\/wp-content\/uploads\/2020\/11\/Logo-PJ-New-1.png","width":150,"height":80,"caption":"PureJewels UK"},"image":{"@id":"https:\/\/www.purejewels.com\/#\/schema\/logo\/image\/"}}]}},"_links":{"self":[{"href":"https:\/\/www.purejewels.com\/tr\/wp-json\/wp\/v2\/product\/336570","targetHints":{"allow":["GET"]}}],"collection":[{"href":"https:\/\/www.purejewels.com\/tr\/wp-json\/wp\/v2\/product"}],"about":[{"href":"https:\/\/www.purejewels.com\/tr\/wp-json\/wp\/v2\/types\/product"}],"replies":[{"embeddable":true,"href":"https:\/\/www.purejewels.com\/tr\/wp-json\/wp\/v2\/comments?post=336570"}],"version-history":[{"count":4,"href":"https:\/\/www.purejewels.com\/tr\/wp-json\/wp\/v2\/product\/336570\/revisions"}],"predecessor-version":[{"id":426276,"href":"https:\/\/www.purejewels.com\/tr\/wp-json\/wp\/v2\/product\/336570\/revisions\/426276"}],"wp:featuredmedia":[{"embeddable":true,"href":"https:\/\/www.purejewels.com\/tr\/wp-json\/wp\/v2\/media\/403532"}],"wp:attachment":[{"href":"https:\/\/www.purejewels.com\/tr\/wp-json\/wp\/v2\/media?parent=336570"}],"wp:term":[{"taxonomy":"product_brand","embeddable":true,"href":"https:\/\/www.purejewels.com\/tr\/wp-json\/wp\/v2\/product_brand?post=336570"},{"taxonomy":"product_cat","embeddable":true,"href":"https:\/\/www.purejewels.com\/tr\/wp-json\/wp\/v2\/product_cat?post=336570"},{"taxonomy":"product_tag","embeddable":true,"href":"https:\/\/www.purejewels.com\/tr\/wp-json\/wp\/v2\/product_tag?post=336570"}],"curies":[{"name":"wp","href":"https:\/\/api.w.org\/{rel}","templated":true}]}}