{"id":336882,"date":"2022-05-24T10:38:15","date_gmt":"2022-05-24T09:38:15","guid":{"rendered":"https:\/\/www.purejewels.com\/?post_type=product&#038;p=336882"},"modified":"2023-09-13T06:19:32","modified_gmt":"2023-09-13T05:19:32","slug":"22-ayar-hint-altin-alyans-42622","status":"publish","type":"product","link":"https:\/\/www.purejewels.com\/tr\/product\/22ct-indian-gold-wedding-band-42622\/","title":{"rendered":"22 Ayar Hint Alt\u0131n\u0131 Alyans | P Beden"},"content":{"rendered":"<ul>\n<li>P Boyutu<\/li>\n<li>Sku 42622<\/li>\n<\/ul>","protected":false},"excerpt":{"rendered":"<ul>\n<li>22 Ayar Hint Alt\u0131n\u0131 Alyans<\/li>\n<li>A\u011f\u0131rl\u0131k 5,6 gms<\/li>\n<li>P Boyutu<\/li>\n<li>Sku 42622<\/li>\n<li>Parmak \u00f6l\u00e7\u00fcn\u00fcze g\u00f6re sipari\u015f edilebilir<\/li>\n<li>T\u00fcm fiyatlara KDV dahildir<\/li>\n<li>Fiyata uyumlu ni\u015fan y\u00fcz\u00fc\u011f\u00fc dahil de\u011fildir.<\/li>\n<li>T\u00fcm \u00fcr\u00fcnlerimiz London Assay Office taraf\u0131ndan damgalanm\u0131\u015ft\u0131r<\/li>\n<li>Sunum Kutusu ile Birlikte Gelir<\/li>\n<li>Teslimat Dahil<\/li>\n<li>Daha fazla benzer tasar\u0131m ve video g\u00f6rmek i\u00e7in bize ula\u015f\u0131n<\/li>\n<\/ul>\n<p>&nbsp;<\/p>\n<p>E\u015fle\u015fen Ni\u015fan Y\u00fcz\u00fc\u011f\u00fc mevcuttur<\/p>\n<ul>\n<li>22 Ayar Alt\u0131n Ni\u015fan Y\u00fcz\u00fc\u011f\u00fc<\/li>\n<li>K\u00fcbik Zirkon ta\u015f ile \u00e7ivili<\/li>\n<li>Sku 30741<\/li>\n<li>Boyut N<\/li>\n<li>A\u011f\u0131rl\u0131k 3,2 g<\/li>\n<li>Parmak \u00f6l\u00e7\u00fcn\u00fcze g\u00f6re sipari\u015f edilebilir<\/li>\n<li>T\u00fcm fiyatlara KDV dahildir<\/li>\n<\/ul>","protected":false},"featured_media":344843,"comment_status":"closed","ping_status":"closed","template":"","meta":{"_eb_attr":"","_crsspst_to_jayantr4sg-hostcom":false},"product_brand":[],"product_cat":[1640,1229,229,1573],"product_tag":[],"class_list":{"0":"post-336882","1":"product","2":"type-product","3":"status-publish","4":"has-post-thumbnail","6":"product_cat-22ct-gold-bands","7":"product_cat-22ct-gold-jewellery","8":"product_cat-wedding-bands","9":"product_cat-wedding-gifts","11":"first","12":"outofstock","13":"taxable","14":"shipping-taxable","15":"product-type-simple","16":"add-to-wishlist-before_image"},"yoast_head":"<!-- This site is optimized with the Yoast SEO plugin v27.3 - https:\/\/yoast.com\/product\/yoast-seo-wordpress\/ -->\n<title>22ct Indian Gold Wedding Band | Size P - PureJewels UK<\/title>\n<meta name=\"robots\" content=\"index, follow, max-snippet:-1, max-image-preview:large, max-video-preview:-1\" \/>\n<link rel=\"canonical\" href=\"https:\/\/www.purejewels.com\/tr\/urun\/22-ayar-hint-altin-alyans-42622\/\" \/>\n<meta property=\"og:locale\" content=\"tr_TR\" \/>\n<meta property=\"og:type\" content=\"article\" \/>\n<meta property=\"og:title\" content=\"22ct Indian Gold Wedding Band | Size P - PureJewels UK\" \/>\n<meta property=\"og:description\" content=\"22ct Indian Gold Wedding Band  Wt. 5.6 gms  Size P  Sku 42622  Can be made to order to your finger size  All prices include VAT  Price does not include the matching engagement ring.  All our products are hallmarked by London Assay Office  Comes With Presentation Box  Delivery Included  Contact us to see more similar designs &amp; videos  &nbsp;  Matching Engagement Ring available   22 Carat Gold Engagement Ring  Studded With Cubic Zirconia stone  Sku 30741  Size N  Weight 3.2g  Can be made to order to your finger size  All prices include VAT\" \/>\n<meta property=\"og:url\" content=\"https:\/\/www.purejewels.com\/tr\/urun\/22-ayar-hint-altin-alyans-42622\/\" \/>\n<meta property=\"og:site_name\" content=\"PureJewels UK\" \/>\n<meta property=\"article:modified_time\" content=\"2023-09-13T05:19:32+00:00\" \/>\n<meta property=\"og:image\" content=\"https:\/\/www.purejewels.com\/wp-content\/uploads\/2022\/05\/1663412531_42895-42935-42937-42934-42896-1.jpg\" \/>\n\t<meta property=\"og:image:width\" content=\"1\" \/>\n\t<meta property=\"og:image:height\" content=\"1\" \/>\n\t<meta property=\"og:image:type\" content=\"image\/jpeg\" \/>\n<meta name=\"twitter:card\" content=\"summary_large_image\" \/>\n<meta name=\"twitter:label1\" content=\"Tahmini okuma s\u00fcresi\" \/>\n\t<meta name=\"twitter:data1\" content=\"1 dakika\" \/>\n<script type=\"application\/ld+json\" class=\"yoast-schema-graph\">{\"@context\":\"https:\\\/\\\/schema.org\",\"@graph\":[{\"@type\":[\"WebPage\",\"ItemPage\"],\"@id\":\"https:\\\/\\\/www.purejewels.com\\\/product\\\/22ct-indian-gold-wedding-band-42622\\\/\",\"url\":\"https:\\\/\\\/www.purejewels.com\\\/product\\\/22ct-indian-gold-wedding-band-42622\\\/\",\"name\":\"22ct Indian Gold Wedding Band | Size P - PureJewels UK\",\"isPartOf\":{\"@id\":\"https:\\\/\\\/www.purejewels.com\\\/#website\"},\"primaryImageOfPage\":{\"@id\":\"https:\\\/\\\/www.purejewels.com\\\/product\\\/22ct-indian-gold-wedding-band-42622\\\/#primaryimage\"},\"image\":{\"@id\":\"https:\\\/\\\/www.purejewels.com\\\/product\\\/22ct-indian-gold-wedding-band-42622\\\/#primaryimage\"},\"thumbnailUrl\":\"https:\\\/\\\/static.purejewels.com\\\/wp-content\\\/uploads\\\/2022\\\/05\\\/1663412531_42895-42935-42937-42934-42896-1.jpg\",\"datePublished\":\"2022-05-24T09:38:15+00:00\",\"dateModified\":\"2023-09-13T05:19:32+00:00\",\"breadcrumb\":{\"@id\":\"https:\\\/\\\/www.purejewels.com\\\/product\\\/22ct-indian-gold-wedding-band-42622\\\/#breadcrumb\"},\"inLanguage\":\"tr\",\"potentialAction\":[{\"@type\":\"ReadAction\",\"target\":[\"https:\\\/\\\/www.purejewels.com\\\/product\\\/22ct-indian-gold-wedding-band-42622\\\/\"]}]},{\"@type\":\"ImageObject\",\"inLanguage\":\"tr\",\"@id\":\"https:\\\/\\\/www.purejewels.com\\\/product\\\/22ct-indian-gold-wedding-band-42622\\\/#primaryimage\",\"url\":\"https:\\\/\\\/static.purejewels.com\\\/wp-content\\\/uploads\\\/2022\\\/05\\\/1663412531_42895-42935-42937-42934-42896-1.jpg\",\"contentUrl\":\"https:\\\/\\\/static.purejewels.com\\\/wp-content\\\/uploads\\\/2022\\\/05\\\/1663412531_42895-42935-42937-42934-42896-1.jpg\",\"caption\":\"22ct Indian Gold Wedding Band | Size P\"},{\"@type\":\"BreadcrumbList\",\"@id\":\"https:\\\/\\\/www.purejewels.com\\\/product\\\/22ct-indian-gold-wedding-band-42622\\\/#breadcrumb\",\"itemListElement\":[{\"@type\":\"ListItem\",\"position\":1,\"name\":\"Home\",\"item\":\"https:\\\/\\\/www.purejewels.com\\\/\"},{\"@type\":\"ListItem\",\"position\":2,\"name\":\"Shop\",\"item\":\"https:\\\/\\\/www.purejewels.com\\\/shop\\\/\"},{\"@type\":\"ListItem\",\"position\":3,\"name\":\"22ct Indian Gold Wedding Band | Size P\"}]},{\"@type\":\"WebSite\",\"@id\":\"https:\\\/\\\/www.purejewels.com\\\/#website\",\"url\":\"https:\\\/\\\/www.purejewels.com\\\/\",\"name\":\"PureJewels UK\",\"description\":\"Share the Love\",\"publisher\":{\"@id\":\"https:\\\/\\\/www.purejewels.com\\\/#organization\"},\"potentialAction\":[{\"@type\":\"SearchAction\",\"target\":{\"@type\":\"EntryPoint\",\"urlTemplate\":\"https:\\\/\\\/www.purejewels.com\\\/?s={search_term_string}\"},\"query-input\":{\"@type\":\"PropertyValueSpecification\",\"valueRequired\":true,\"valueName\":\"search_term_string\"}}],\"inLanguage\":\"tr\"},{\"@type\":\"Organization\",\"@id\":\"https:\\\/\\\/www.purejewels.com\\\/#organization\",\"name\":\"PureJewels UK\",\"url\":\"https:\\\/\\\/www.purejewels.com\\\/\",\"logo\":{\"@type\":\"ImageObject\",\"inLanguage\":\"tr\",\"@id\":\"https:\\\/\\\/www.purejewels.com\\\/#\\\/schema\\\/logo\\\/image\\\/\",\"url\":\"https:\\\/\\\/static.purejewels.com\\\/wp-content\\\/uploads\\\/2020\\\/11\\\/Logo-PJ-New-1.png\",\"contentUrl\":\"https:\\\/\\\/static.purejewels.com\\\/wp-content\\\/uploads\\\/2020\\\/11\\\/Logo-PJ-New-1.png\",\"width\":150,\"height\":80,\"caption\":\"PureJewels UK\"},\"image\":{\"@id\":\"https:\\\/\\\/www.purejewels.com\\\/#\\\/schema\\\/logo\\\/image\\\/\"}}]}<\/script>\n<!-- \/ Yoast SEO plugin. -->","yoast_head_json":{"title":"22 Ayar Hint Alt\u0131n\u0131 Alyans | P Beden - PureJewels UK","robots":{"index":"index","follow":"follow","max-snippet":"max-snippet:-1","max-image-preview":"max-image-preview:large","max-video-preview":"max-video-preview:-1"},"canonical":"https:\/\/www.purejewels.com\/tr\/urun\/22-ayar-hint-altin-alyans-42622\/","og_locale":"tr_TR","og_type":"article","og_title":"22ct Indian Gold Wedding Band | Size P - PureJewels UK","og_description":"22ct Indian Gold Wedding Band  Wt. 5.6 gms  Size P  Sku 42622  Can be made to order to your finger size  All prices include VAT  Price does not include the matching engagement ring.  All our products are hallmarked by London Assay Office  Comes With Presentation Box  Delivery Included  Contact us to see more similar designs &amp; videos  &nbsp;  Matching Engagement Ring available   22 Carat Gold Engagement Ring  Studded With Cubic Zirconia stone  Sku 30741  Size N  Weight 3.2g  Can be made to order to your finger size  All prices include VAT","og_url":"https:\/\/www.purejewels.com\/tr\/urun\/22-ayar-hint-altin-alyans-42622\/","og_site_name":"PureJewels UK","article_modified_time":"2023-09-13T05:19:32+00:00","og_image":[{"url":"https:\/\/www.purejewels.com\/wp-content\/uploads\/2022\/05\/1663412531_42895-42935-42937-42934-42896-1.jpg","width":1,"height":1,"type":"image\/jpeg"}],"twitter_card":"summary_large_image","twitter_misc":{"Tahmini okuma s\u00fcresi":"1 dakika"},"schema":{"@context":"https:\/\/schema.org","@graph":[{"@type":["WebPage","ItemPage"],"@id":"https:\/\/www.purejewels.com\/product\/22ct-indian-gold-wedding-band-42622\/","url":"https:\/\/www.purejewels.com\/product\/22ct-indian-gold-wedding-band-42622\/","name":"22 Ayar Hint Alt\u0131n\u0131 Alyans | P Beden - PureJewels UK","isPartOf":{"@id":"https:\/\/www.purejewels.com\/#website"},"primaryImageOfPage":{"@id":"https:\/\/www.purejewels.com\/product\/22ct-indian-gold-wedding-band-42622\/#primaryimage"},"image":{"@id":"https:\/\/www.purejewels.com\/product\/22ct-indian-gold-wedding-band-42622\/#primaryimage"},"thumbnailUrl":"https:\/\/static.purejewels.com\/wp-content\/uploads\/2022\/05\/1663412531_42895-42935-42937-42934-42896-1.jpg","datePublished":"2022-05-24T09:38:15+00:00","dateModified":"2023-09-13T05:19:32+00:00","breadcrumb":{"@id":"https:\/\/www.purejewels.com\/product\/22ct-indian-gold-wedding-band-42622\/#breadcrumb"},"inLanguage":"tr","potentialAction":[{"@type":"ReadAction","target":["https:\/\/www.purejewels.com\/product\/22ct-indian-gold-wedding-band-42622\/"]}]},{"@type":"ImageObject","inLanguage":"tr","@id":"https:\/\/www.purejewels.com\/product\/22ct-indian-gold-wedding-band-42622\/#primaryimage","url":"https:\/\/static.purejewels.com\/wp-content\/uploads\/2022\/05\/1663412531_42895-42935-42937-42934-42896-1.jpg","contentUrl":"https:\/\/static.purejewels.com\/wp-content\/uploads\/2022\/05\/1663412531_42895-42935-42937-42934-42896-1.jpg","caption":"22ct Indian Gold Wedding Band | Size P"},{"@type":"BreadcrumbList","@id":"https:\/\/www.purejewels.com\/product\/22ct-indian-gold-wedding-band-42622\/#breadcrumb","itemListElement":[{"@type":"ListItem","position":1,"name":"Home","item":"https:\/\/www.purejewels.com\/"},{"@type":"ListItem","position":2,"name":"Shop","item":"https:\/\/www.purejewels.com\/shop\/"},{"@type":"ListItem","position":3,"name":"22ct Indian Gold Wedding Band | Size P"}]},{"@type":"WebSite","@id":"https:\/\/www.purejewels.com\/#website","url":"https:\/\/www.purejewels.com\/","name":"PureJewels \u0130ngiltere","description":"Sevgiyi Payla\u015f\u0131n","publisher":{"@id":"https:\/\/www.purejewels.com\/#organization"},"potentialAction":[{"@type":"SearchAction","target":{"@type":"EntryPoint","urlTemplate":"https:\/\/www.purejewels.com\/?s={search_term_string}"},"query-input":{"@type":"PropertyValueSpecification","valueRequired":true,"valueName":"search_term_string"}}],"inLanguage":"tr"},{"@type":"Organization","@id":"https:\/\/www.purejewels.com\/#organization","name":"PureJewels \u0130ngiltere","url":"https:\/\/www.purejewels.com\/","logo":{"@type":"ImageObject","inLanguage":"tr","@id":"https:\/\/www.purejewels.com\/#\/schema\/logo\/image\/","url":"https:\/\/static.purejewels.com\/wp-content\/uploads\/2020\/11\/Logo-PJ-New-1.png","contentUrl":"https:\/\/static.purejewels.com\/wp-content\/uploads\/2020\/11\/Logo-PJ-New-1.png","width":150,"height":80,"caption":"PureJewels UK"},"image":{"@id":"https:\/\/www.purejewels.com\/#\/schema\/logo\/image\/"}}]}},"_links":{"self":[{"href":"https:\/\/www.purejewels.com\/tr\/wp-json\/wp\/v2\/product\/336882","targetHints":{"allow":["GET"]}}],"collection":[{"href":"https:\/\/www.purejewels.com\/tr\/wp-json\/wp\/v2\/product"}],"about":[{"href":"https:\/\/www.purejewels.com\/tr\/wp-json\/wp\/v2\/types\/product"}],"replies":[{"embeddable":true,"href":"https:\/\/www.purejewels.com\/tr\/wp-json\/wp\/v2\/comments?post=336882"}],"version-history":[{"count":0,"href":"https:\/\/www.purejewels.com\/tr\/wp-json\/wp\/v2\/product\/336882\/revisions"}],"wp:featuredmedia":[{"embeddable":true,"href":"https:\/\/www.purejewels.com\/tr\/wp-json\/wp\/v2\/media\/344843"}],"wp:attachment":[{"href":"https:\/\/www.purejewels.com\/tr\/wp-json\/wp\/v2\/media?parent=336882"}],"wp:term":[{"taxonomy":"product_brand","embeddable":true,"href":"https:\/\/www.purejewels.com\/tr\/wp-json\/wp\/v2\/product_brand?post=336882"},{"taxonomy":"product_cat","embeddable":true,"href":"https:\/\/www.purejewels.com\/tr\/wp-json\/wp\/v2\/product_cat?post=336882"},{"taxonomy":"product_tag","embeddable":true,"href":"https:\/\/www.purejewels.com\/tr\/wp-json\/wp\/v2\/product_tag?post=336882"}],"curies":[{"name":"wp","href":"https:\/\/api.w.org\/{rel}","templated":true}]}}