{"id":336990,"date":"2024-10-27T11:58:14","date_gmt":"2024-10-27T11:58:14","guid":{"rendered":"https:\/\/www.purejewels.com\/?post_type=product&#038;p=336990"},"modified":"2026-02-26T12:24:47","modified_gmt":"2026-02-26T12:24:47","slug":"22-ayar-altin-yuvarlak-sekilli-kolye-ucu","status":"publish","type":"product","link":"https:\/\/www.purejewels.com\/tr\/product\/22ct-gold-round-shaped-pendant\/","title":{"rendered":"22 Ayar Alt\u0131n Yuvarlak \u015eekilli Kolye"},"content":{"rendered":"<p data-start=\"0\" data-end=\"403\"><strong data-start=\"0\" data-end=\"18\">Tasar\u0131m Konsepti<\/strong><br data-start=\"18\" data-end=\"21\" \/>Bu 22 ayar alt\u0131n yuvarlak kolye ucu, geleneksel jali i\u015fini rafine ve \u00e7a\u011fda\u015f bir formda yeniden tasarl\u0131yor. Ajur deseni bir \u0131\u015f\u0131k ve g\u00f6lge oyunu yaratarak par\u00e7aya narin, dantel benzeri bir his verirken dairesel silueti klasik ve \u00e7ok y\u00f6nl\u00fc olmas\u0131n\u0131 sa\u011fl\u0131yor. K\u00f6pr\u00fcc\u00fck kemi\u011fine yak\u0131n tak\u0131ld\u0131\u011f\u0131nda, hem g\u00fcnl\u00fck g\u00f6r\u00fcn\u00fcmleri hem de daha resmi tak\u0131mlar\u0131 tamamlayan ince bir odak noktas\u0131 ekler.<\/p>\n<p data-start=\"405\" data-end=\"833\"><strong data-start=\"405\" data-end=\"422\">Zanaatkarl\u0131k<\/strong><br data-start=\"422\" data-end=\"425\" \/>Y\u00fcksek safl\u0131kta 22 ayar alt\u0131ndan ustal\u0131kla \u00fcretilen kolye ucu, rahat kullan\u0131m i\u00e7in temiz kesim ve p\u00fcr\u00fczs\u00fcz kenarlarla ince jali detaylar\u0131n\u0131 sergiliyor. Hafif 1,4 gram a\u011f\u0131rl\u0131\u011f\u0131, a\u011f\u0131r hissettirmeden tak\u0131lmas\u0131n\u0131 kolayla\u015ft\u0131r\u0131r, ancak alt\u0131n yine de tatmin edici bir varl\u0131\u011fa sahiptir. Safl\u0131k sertifikas\u0131 i\u00e7in \u0130ngiltere'de damgalanan par\u00e7a, se\u00e7ti\u011finiz zincire zahmetsizce tak\u0131labilmesi i\u00e7in tasarlanm\u0131\u015f cilal\u0131 bir balyayla tamamlanm\u0131\u015ft\u0131r.<\/p>\n<p data-start=\"835\" data-end=\"1253\" data-is-last-node=\"\" data-is-only-node=\"\"><strong data-start=\"835\" data-end=\"854\">Stil Konsepti<\/strong><br data-start=\"854\" data-end=\"857\" \/>Bu kolyeyi ince bir 22ct Spiga zincirle e\u015fle\u015ftirerek g\u00fcnd\u00fczden ak\u015fama zarif ve abart\u0131s\u0131z bir g\u00f6r\u00fcn\u00fcm elde edin. Daha modern, se\u00e7ilmi\u015f bir istif i\u00e7in daha uzun alt\u0131n kolyelerle g\u00fczel bir \u015fekilde katmanlan\u0131r veya g\u00fcnl\u00fck l\u00fcks\u00fcn bir dokunu\u015fu i\u00e7in ipek bir bluz, kurta veya elbise ile tek ba\u015f\u0131na giyilebilir. Abart\u0131s\u0131z hediyeler i\u00e7in m\u00fckemmel olan bu par\u00e7a, stilinizi bast\u0131rmadan sessizce y\u00fckseltir.<\/p>","protected":false},"excerpt":{"rendered":"<div class=\"woocommerce-product-details__short-description\">\n<table class=\"sh_desc\" style=\"width: 100%;height: 280px\">\n<tbody>\n<tr style=\"height: 28px\">\n<td style=\"height: 28px\">Kolye Tipi<\/td>\n<td style=\"height: 28px\">S\u00fcsl\u00fc Kolye<\/td>\n<\/tr>\n<tr style=\"height: 28px\">\n<td style=\"height: 28px\">SKU<\/td>\n<td style=\"height: 28px\">46950<\/td>\n<\/tr>\n<tr style=\"height: 28px\">\n<td style=\"height: 28px\">A\u011f\u0131rl\u0131k<\/td>\n<td style=\"height: 28px\">1.4 Gms<\/td>\n<\/tr>\n<tr style=\"height: 28px\">\n<td style=\"height: 28px\">Metal<\/td>\n<td style=\"height: 28px\">22 Ayar Alt\u0131n<\/td>\n<\/tr>\n<tr style=\"height: 28px\">\n<td style=\"height: 28px\">\u00dccretler<\/td>\n<td style=\"height: 28px\">Teslimat ve KDV Dahil<\/td>\n<\/tr>\n<tr style=\"height: 28px\">\n<td style=\"height: 28px\">Paketleme<\/td>\n<td style=\"height: 28px\">Sunum Kutusu ile Birlikte Gelir<\/td>\n<\/tr>\n<tr style=\"height: 112px\">\n<td style=\"height: 112px\">Daha Fazla Bilgi<\/td>\n<td style=\"height: 112px\">\n<ul>\n<li>Zincir dahil de\u011fildir<\/li>\n<li>Bizim g\u00f6r\u00fcnt\u00fcleyin <strong>Spiga Zincir<\/strong>\u00a0koleksiyon<\/li>\n<li>M\u00fcsaitlik durumu ve daha fazla resim i\u00e7in bizimle canl\u0131 sohbet edin<\/li>\n<\/ul>\n<\/td>\n<\/tr>\n<\/tbody>\n<\/table>\n<\/div>\n<div class=\"btn-atc atc-slide\"><\/div>\n<div class=\"product_meta\"><\/div>","protected":false},"featured_media":355113,"comment_status":"closed","ping_status":"closed","template":"","meta":{"_eb_attr":"","_crsspst_to_jayantr4sg-hostcom":true},"product_brand":[],"product_cat":[1559,1794,1793,1770,1229,1255,5343,1767,5347,5338,1575,1569,1573,1574,5349],"product_tag":[],"class_list":{"0":"post-336990","1":"product","2":"type-product","3":"status-publish","4":"has-post-thumbnail","6":"product_cat-birthday-gifts","7":"product_cat-christmas-gifts","8":"product_cat-diwali-gifts","9":"product_cat-fancy-pendants","10":"product_cat-22ct-gold-jewellery","11":"product_cat-gold-pendants","12":"product_cat-jewellery-under-550","13":"product_cat-ladies-pendants","14":"product_cat-shop-by-metal","15":"product_cat-shop-by-price","16":"product_cat-teenage-jewellery","17":"product_cat-valentine-day-gifts","18":"product_cat-wedding-gifts","19":"product_cat-womens-jewellery","20":"product_cat-yellow-gold-jewellery","22":"first","23":"instock","24":"taxable","25":"shipping-taxable","26":"purchasable","27":"product-type-simple","28":"add-to-wishlist-before_image"},"yoast_head":"<!-- This site is optimized with the Yoast SEO plugin v27.3 - https:\/\/yoast.com\/product\/yoast-seo-wordpress\/ -->\n<title>22ct Gold Round Pendant in Jali Design | PureJewels UK<\/title>\n<meta name=\"description\" content=\"Shop our 22ct Gold Round Pendant in Jali Design! Intricate craftsmanship creates a mesmerizing display of light and shadow.\" \/>\n<meta name=\"robots\" content=\"index, follow, max-snippet:-1, max-image-preview:large, max-video-preview:-1\" \/>\n<link rel=\"canonical\" href=\"https:\/\/www.purejewels.com\/tr\/urun\/22-ayar-altin-yuvarlak-sekilli-kolye-ucu\/\" \/>\n<meta property=\"og:locale\" content=\"tr_TR\" \/>\n<meta property=\"og:type\" content=\"article\" \/>\n<meta property=\"og:title\" content=\"22ct Gold Round Pendant in Jali Design | PureJewels UK\" \/>\n<meta property=\"og:description\" content=\"Shop our 22ct Gold Round Pendant in Jali Design! Intricate craftsmanship creates a mesmerizing display of light and shadow.\" \/>\n<meta property=\"og:url\" content=\"https:\/\/www.purejewels.com\/tr\/urun\/22-ayar-altin-yuvarlak-sekilli-kolye-ucu\/\" \/>\n<meta property=\"og:site_name\" content=\"PureJewels UK\" \/>\n<meta property=\"article:modified_time\" content=\"2026-02-26T12:24:47+00:00\" \/>\n<meta property=\"og:image\" content=\"https:\/\/static.purejewels.com\/wp-content\/uploads\/2022\/05\/46950.jpg\" \/>\n\t<meta property=\"og:image:width\" content=\"1000\" \/>\n\t<meta property=\"og:image:height\" content=\"1000\" \/>\n\t<meta property=\"og:image:type\" content=\"image\/jpeg\" \/>\n<meta name=\"twitter:card\" content=\"summary_large_image\" \/>\n<meta name=\"twitter:label1\" content=\"Tahmini okuma s\u00fcresi\" \/>\n\t<meta name=\"twitter:data1\" content=\"2 dakika\" \/>\n<script type=\"application\/ld+json\" class=\"yoast-schema-graph\">{\"@context\":\"https:\\\/\\\/schema.org\",\"@graph\":[{\"@type\":[\"WebPage\",\"ItemPage\"],\"@id\":\"https:\\\/\\\/www.purejewels.com\\\/product\\\/22ct-gold-round-shaped-pendant\\\/\",\"url\":\"https:\\\/\\\/www.purejewels.com\\\/product\\\/22ct-gold-round-shaped-pendant\\\/\",\"name\":\"22ct Gold Round Pendant in Jali Design | PureJewels UK\",\"isPartOf\":{\"@id\":\"https:\\\/\\\/www.purejewels.com\\\/#website\"},\"primaryImageOfPage\":{\"@id\":\"https:\\\/\\\/www.purejewels.com\\\/product\\\/22ct-gold-round-shaped-pendant\\\/#primaryimage\"},\"image\":{\"@id\":\"https:\\\/\\\/www.purejewels.com\\\/product\\\/22ct-gold-round-shaped-pendant\\\/#primaryimage\"},\"thumbnailUrl\":\"https:\\\/\\\/static.purejewels.com\\\/wp-content\\\/uploads\\\/2022\\\/05\\\/46950.jpg\",\"datePublished\":\"2024-10-27T11:58:14+00:00\",\"dateModified\":\"2026-02-26T12:24:47+00:00\",\"description\":\"Shop our 22ct Gold Round Pendant in Jali Design! Intricate craftsmanship creates a mesmerizing display of light and shadow.\",\"breadcrumb\":{\"@id\":\"https:\\\/\\\/www.purejewels.com\\\/product\\\/22ct-gold-round-shaped-pendant\\\/#breadcrumb\"},\"inLanguage\":\"tr\",\"potentialAction\":[{\"@type\":\"ReadAction\",\"target\":[\"https:\\\/\\\/www.purejewels.com\\\/product\\\/22ct-gold-round-shaped-pendant\\\/\"]}]},{\"@type\":\"ImageObject\",\"inLanguage\":\"tr\",\"@id\":\"https:\\\/\\\/www.purejewels.com\\\/product\\\/22ct-gold-round-shaped-pendant\\\/#primaryimage\",\"url\":\"https:\\\/\\\/static.purejewels.com\\\/wp-content\\\/uploads\\\/2022\\\/05\\\/46950.jpg\",\"contentUrl\":\"https:\\\/\\\/static.purejewels.com\\\/wp-content\\\/uploads\\\/2022\\\/05\\\/46950.jpg\",\"width\":1000,\"height\":1000,\"caption\":\"22ct Gold Round Pendant\"},{\"@type\":\"BreadcrumbList\",\"@id\":\"https:\\\/\\\/www.purejewels.com\\\/product\\\/22ct-gold-round-shaped-pendant\\\/#breadcrumb\",\"itemListElement\":[{\"@type\":\"ListItem\",\"position\":1,\"name\":\"Home\",\"item\":\"https:\\\/\\\/www.purejewels.com\\\/\"},{\"@type\":\"ListItem\",\"position\":2,\"name\":\"Shop\",\"item\":\"https:\\\/\\\/www.purejewels.com\\\/shop\\\/\"},{\"@type\":\"ListItem\",\"position\":3,\"name\":\"22ct Gold Round Shaped Pendant\"}]},{\"@type\":\"WebSite\",\"@id\":\"https:\\\/\\\/www.purejewels.com\\\/#website\",\"url\":\"https:\\\/\\\/www.purejewels.com\\\/\",\"name\":\"PureJewels UK\",\"description\":\"Share the Love\",\"publisher\":{\"@id\":\"https:\\\/\\\/www.purejewels.com\\\/#organization\"},\"potentialAction\":[{\"@type\":\"SearchAction\",\"target\":{\"@type\":\"EntryPoint\",\"urlTemplate\":\"https:\\\/\\\/www.purejewels.com\\\/?s={search_term_string}\"},\"query-input\":{\"@type\":\"PropertyValueSpecification\",\"valueRequired\":true,\"valueName\":\"search_term_string\"}}],\"inLanguage\":\"tr\"},{\"@type\":\"Organization\",\"@id\":\"https:\\\/\\\/www.purejewels.com\\\/#organization\",\"name\":\"PureJewels UK\",\"url\":\"https:\\\/\\\/www.purejewels.com\\\/\",\"logo\":{\"@type\":\"ImageObject\",\"inLanguage\":\"tr\",\"@id\":\"https:\\\/\\\/www.purejewels.com\\\/#\\\/schema\\\/logo\\\/image\\\/\",\"url\":\"https:\\\/\\\/static.purejewels.com\\\/wp-content\\\/uploads\\\/2020\\\/11\\\/Logo-PJ-New-1.png\",\"contentUrl\":\"https:\\\/\\\/static.purejewels.com\\\/wp-content\\\/uploads\\\/2020\\\/11\\\/Logo-PJ-New-1.png\",\"width\":150,\"height\":80,\"caption\":\"PureJewels UK\"},\"image\":{\"@id\":\"https:\\\/\\\/www.purejewels.com\\\/#\\\/schema\\\/logo\\\/image\\\/\"}}]}<\/script>\n<!-- \/ Yoast SEO plugin. -->","yoast_head_json":{"title":"Jali Tasar\u0131ml\u0131 22 Ayar Alt\u0131n Yuvarlak Kolye Ucu | PureJewels UK","description":"Jali Tasar\u0131ml\u0131 22 Ayar Alt\u0131n Yuvarlak Kolyemizi sat\u0131n al\u0131n! Karma\u015f\u0131k i\u015f\u00e7ilik, b\u00fcy\u00fcleyici bir \u0131\u015f\u0131k ve g\u00f6lge g\u00f6r\u00fcnt\u00fcs\u00fc yarat\u0131r.","robots":{"index":"index","follow":"follow","max-snippet":"max-snippet:-1","max-image-preview":"max-image-preview:large","max-video-preview":"max-video-preview:-1"},"canonical":"https:\/\/www.purejewels.com\/tr\/urun\/22-ayar-altin-yuvarlak-sekilli-kolye-ucu\/","og_locale":"tr_TR","og_type":"article","og_title":"22ct Gold Round Pendant in Jali Design | PureJewels UK","og_description":"Shop our 22ct Gold Round Pendant in Jali Design! Intricate craftsmanship creates a mesmerizing display of light and shadow.","og_url":"https:\/\/www.purejewels.com\/tr\/urun\/22-ayar-altin-yuvarlak-sekilli-kolye-ucu\/","og_site_name":"PureJewels UK","article_modified_time":"2026-02-26T12:24:47+00:00","og_image":[{"width":1000,"height":1000,"url":"https:\/\/static.purejewels.com\/wp-content\/uploads\/2022\/05\/46950.jpg","type":"image\/jpeg"}],"twitter_card":"summary_large_image","twitter_misc":{"Tahmini okuma s\u00fcresi":"2 dakika"},"schema":{"@context":"https:\/\/schema.org","@graph":[{"@type":["WebPage","ItemPage"],"@id":"https:\/\/www.purejewels.com\/product\/22ct-gold-round-shaped-pendant\/","url":"https:\/\/www.purejewels.com\/product\/22ct-gold-round-shaped-pendant\/","name":"Jali Tasar\u0131ml\u0131 22 Ayar Alt\u0131n Yuvarlak Kolye Ucu | PureJewels UK","isPartOf":{"@id":"https:\/\/www.purejewels.com\/#website"},"primaryImageOfPage":{"@id":"https:\/\/www.purejewels.com\/product\/22ct-gold-round-shaped-pendant\/#primaryimage"},"image":{"@id":"https:\/\/www.purejewels.com\/product\/22ct-gold-round-shaped-pendant\/#primaryimage"},"thumbnailUrl":"https:\/\/static.purejewels.com\/wp-content\/uploads\/2022\/05\/46950.jpg","datePublished":"2024-10-27T11:58:14+00:00","dateModified":"2026-02-26T12:24:47+00:00","description":"Jali Tasar\u0131ml\u0131 22 Ayar Alt\u0131n Yuvarlak Kolyemizi sat\u0131n al\u0131n! Karma\u015f\u0131k i\u015f\u00e7ilik, b\u00fcy\u00fcleyici bir \u0131\u015f\u0131k ve g\u00f6lge g\u00f6r\u00fcnt\u00fcs\u00fc yarat\u0131r.","breadcrumb":{"@id":"https:\/\/www.purejewels.com\/product\/22ct-gold-round-shaped-pendant\/#breadcrumb"},"inLanguage":"tr","potentialAction":[{"@type":"ReadAction","target":["https:\/\/www.purejewels.com\/product\/22ct-gold-round-shaped-pendant\/"]}]},{"@type":"ImageObject","inLanguage":"tr","@id":"https:\/\/www.purejewels.com\/product\/22ct-gold-round-shaped-pendant\/#primaryimage","url":"https:\/\/static.purejewels.com\/wp-content\/uploads\/2022\/05\/46950.jpg","contentUrl":"https:\/\/static.purejewels.com\/wp-content\/uploads\/2022\/05\/46950.jpg","width":1000,"height":1000,"caption":"22ct Gold Round Pendant"},{"@type":"BreadcrumbList","@id":"https:\/\/www.purejewels.com\/product\/22ct-gold-round-shaped-pendant\/#breadcrumb","itemListElement":[{"@type":"ListItem","position":1,"name":"Home","item":"https:\/\/www.purejewels.com\/"},{"@type":"ListItem","position":2,"name":"Shop","item":"https:\/\/www.purejewels.com\/shop\/"},{"@type":"ListItem","position":3,"name":"22ct Gold Round Shaped Pendant"}]},{"@type":"WebSite","@id":"https:\/\/www.purejewels.com\/#website","url":"https:\/\/www.purejewels.com\/","name":"PureJewels \u0130ngiltere","description":"Sevgiyi Payla\u015f\u0131n","publisher":{"@id":"https:\/\/www.purejewels.com\/#organization"},"potentialAction":[{"@type":"SearchAction","target":{"@type":"EntryPoint","urlTemplate":"https:\/\/www.purejewels.com\/?s={search_term_string}"},"query-input":{"@type":"PropertyValueSpecification","valueRequired":true,"valueName":"search_term_string"}}],"inLanguage":"tr"},{"@type":"Organization","@id":"https:\/\/www.purejewels.com\/#organization","name":"PureJewels \u0130ngiltere","url":"https:\/\/www.purejewels.com\/","logo":{"@type":"ImageObject","inLanguage":"tr","@id":"https:\/\/www.purejewels.com\/#\/schema\/logo\/image\/","url":"https:\/\/static.purejewels.com\/wp-content\/uploads\/2020\/11\/Logo-PJ-New-1.png","contentUrl":"https:\/\/static.purejewels.com\/wp-content\/uploads\/2020\/11\/Logo-PJ-New-1.png","width":150,"height":80,"caption":"PureJewels UK"},"image":{"@id":"https:\/\/www.purejewels.com\/#\/schema\/logo\/image\/"}}]}},"_links":{"self":[{"href":"https:\/\/www.purejewels.com\/tr\/wp-json\/wp\/v2\/product\/336990","targetHints":{"allow":["GET"]}}],"collection":[{"href":"https:\/\/www.purejewels.com\/tr\/wp-json\/wp\/v2\/product"}],"about":[{"href":"https:\/\/www.purejewels.com\/tr\/wp-json\/wp\/v2\/types\/product"}],"replies":[{"embeddable":true,"href":"https:\/\/www.purejewels.com\/tr\/wp-json\/wp\/v2\/comments?post=336990"}],"version-history":[{"count":4,"href":"https:\/\/www.purejewels.com\/tr\/wp-json\/wp\/v2\/product\/336990\/revisions"}],"predecessor-version":[{"id":426372,"href":"https:\/\/www.purejewels.com\/tr\/wp-json\/wp\/v2\/product\/336990\/revisions\/426372"}],"wp:featuredmedia":[{"embeddable":true,"href":"https:\/\/www.purejewels.com\/tr\/wp-json\/wp\/v2\/media\/355113"}],"wp:attachment":[{"href":"https:\/\/www.purejewels.com\/tr\/wp-json\/wp\/v2\/media?parent=336990"}],"wp:term":[{"taxonomy":"product_brand","embeddable":true,"href":"https:\/\/www.purejewels.com\/tr\/wp-json\/wp\/v2\/product_brand?post=336990"},{"taxonomy":"product_cat","embeddable":true,"href":"https:\/\/www.purejewels.com\/tr\/wp-json\/wp\/v2\/product_cat?post=336990"},{"taxonomy":"product_tag","embeddable":true,"href":"https:\/\/www.purejewels.com\/tr\/wp-json\/wp\/v2\/product_tag?post=336990"}],"curies":[{"name":"wp","href":"https:\/\/api.w.org\/{rel}","templated":true}]}}