{"id":337533,"date":"2022-06-27T05:37:41","date_gmt":"2022-06-27T04:37:41","guid":{"rendered":"https:\/\/www.purejewels.com\/?post_type=product&#038;p=337533"},"modified":"2026-01-10T16:14:53","modified_gmt":"2026-01-10T16:14:53","slug":"22-ayar-gercek-altin-suslu-kada-42946","status":"publish","type":"product","link":"https:\/\/www.purejewels.com\/tr\/product\/22kt-real-gold-ornate-kada-42946\/","title":{"rendered":"22 Ayar Ger\u00e7ek Alt\u0131n S\u00fcsl\u00fc Kada | Jali Koleksiyonu | 2,4"},"content":{"rendered":"<p><span data-sheets-root=\"1\">Jali Koleksiyonumuzdan bu 22 ayar Ger\u00e7ek Alt\u0131n S\u00fcsl\u00fc Kada'n\u0131n l\u00fcks g\u00fczelli\u011fiyle kendinizi \u015f\u0131mart\u0131n. Bu zarif par\u00e7a, ger\u00e7ek alt\u0131n tak\u0131lar\u0131n zamans\u0131z zarafetini takdir eden modern kad\u0131nlar i\u00e7in tasarlanm\u0131\u015ft\u0131r. Bu kada \u00fczerindeki karma\u015f\u0131k telkari i\u015fi, sofistike ve cazibeli bir dokunu\u015f katarak onu \u00f6zel g\u00fcnler veya g\u00fcnl\u00fck kullan\u0131m i\u00e7in m\u00fckemmel bir aksesuar haline getiriyor.<\/p>\n<p>Hassasiyet ve detaylara g\u00f6sterilen \u00f6zenle haz\u0131rlanan bu a\u011f\u0131r kada, her k\u0131yafeti y\u00fckseltecek ger\u00e7ek bir ifade par\u00e7as\u0131d\u0131r. Bu bileklikte kullan\u0131lan 22 ayar alt\u0131n, Londra Assay Office taraf\u0131ndan damgalanarak orijinalli\u011fi ve kalitesi garanti alt\u0131na al\u0131nm\u0131\u015ft\u0131r.<\/p>\n<p>\u0130ster gelin giyimi i\u00e7in bir kada, ister sevdi\u011finiz biri i\u00e7in \u00e7arp\u0131c\u0131 bir hediye ar\u0131yor olun, bu s\u00fcsl\u00fc kada kesinlikle etkileyecektir. Her bir bileklik bir sunum kutusunda gelir ve hediye etmeye veya saklamaya haz\u0131r hale gelir.<\/p>\n<p>Ger\u00e7ek Alt\u0131n S\u00fcslemeli Kada ile l\u00fcks\u00fcn bir par\u00e7as\u0131na sahip olma f\u0131rsat\u0131n\u0131 ka\u00e7\u0131rmay\u0131n. \u015eimdi sipari\u015f verin ve \u00fccretsiz takipli teslimat\u0131n, g\u00fcvenli \u00e7evrimi\u00e7i \u00f6demelerin ve 30 g\u00fcnl\u00fck para iade garantisinin keyfini \u00e7\u0131kar\u0131n.<\/span><\/p>","protected":false},"excerpt":{"rendered":"<table class=\"sh_desc\">\n<tbody>\n<tr>\n<td>Bileklik T\u00fcr\u00fc<\/td>\n<td>Gelin Giyim Kada<\/td>\n<\/tr>\n<tr>\n<td>SKU<\/td>\n<td>42946<\/td>\n<\/tr>\n<tr>\n<td>A\u011f\u0131rl\u0131k<\/td>\n<td>23,7 Gms<\/td>\n<\/tr>\n<tr>\n<td>Metal<\/td>\n<td>22 Ayar Alt\u0131n<\/td>\n<\/tr>\n<tr>\n<td>Bileklik \u00d6l\u00e7\u00fcs\u00fc<\/td>\n<td>2.4 (Ek boyutlar i\u00e7in l\u00fctfen sorunuz)<\/td>\n<\/tr>\n<tr>\n<td>Hallmark<\/td>\n<td>Londra Tahlil Ofisi Taraf\u0131ndan Damgalanm\u0131\u015f 22 Ayar Alt\u0131n<\/td>\n<\/tr>\n<tr>\n<td>\u00dccretler<\/td>\n<td>Teslimat ve KDV Dahil<\/td>\n<\/tr>\n<tr>\n<td>Paketleme<\/td>\n<td>Sunum Kutusu ile Birlikte Gelir<\/td>\n<\/tr>\n<tr>\n<td>Daha Fazla Bilgi<\/td>\n<td>\n<ul>\n<li>Not: Burada belirtilen fiyat Tek Bileklik i\u00e7indir<\/li>\n<li>M\u00fcsaitlik durumu ve daha fazla resim i\u00e7in bizimle canl\u0131 sohbet edin<\/li>\n<\/ul>\n<\/td>\n<\/tr>\n<\/tbody>\n<\/table>","protected":false},"featured_media":337534,"comment_status":"closed","ping_status":"closed","template":"","meta":{"_eb_attr":"","_crsspst_to_jayantr4sg-hostcom":true},"product_brand":[],"product_cat":[236,1233,252,1573],"product_tag":[5310,5292,1521],"class_list":{"0":"post-337533","1":"product","2":"type-product","3":"status-publish","4":"has-post-thumbnail","6":"product_cat-collections","7":"product_cat-gold-bangles","8":"product_cat-jali-collections","9":"product_cat-wedding-gifts","10":"product_tag-22k-gold-bangles","11":"product_tag-22k-gold-filigree-bangle","12":"product_tag-kada","14":"first","15":"outofstock","16":"taxable","17":"shipping-taxable","18":"product-type-simple","19":"add-to-wishlist-before_image"},"yoast_head":"<!-- This site is optimized with the Yoast SEO plugin v27.3 - https:\/\/yoast.com\/product\/yoast-seo-wordpress\/ -->\n<title>22kt Real Gold Ornate Kada for Women Online | PureJewels<\/title>\n<meta name=\"description\" content=\"Explore our Bridal Wear Bangles Designs. Buy this 22kt beautiful gold kada in London. A classical Style that gives a classic look.\" \/>\n<meta name=\"robots\" content=\"index, follow, max-snippet:-1, max-image-preview:large, max-video-preview:-1\" \/>\n<link rel=\"canonical\" href=\"https:\/\/www.purejewels.com\/tr\/urun\/22-ayar-gercek-altin-suslu-kada-42946\/\" \/>\n<meta property=\"og:locale\" content=\"tr_TR\" \/>\n<meta property=\"og:type\" content=\"article\" \/>\n<meta property=\"og:title\" content=\"22kt Real Gold Ornate Kada for Women Online | PureJewels\" \/>\n<meta property=\"og:description\" content=\"Explore our Bridal Wear Bangles Designs. Buy this 22kt beautiful gold kada in London. A classical Style that gives a classic look.\" \/>\n<meta property=\"og:url\" content=\"https:\/\/www.purejewels.com\/tr\/urun\/22-ayar-gercek-altin-suslu-kada-42946\/\" \/>\n<meta property=\"og:site_name\" content=\"PureJewels UK\" \/>\n<meta property=\"article:modified_time\" content=\"2026-01-10T16:14:53+00:00\" \/>\n<meta property=\"og:image\" content=\"https:\/\/www.purejewels.com\/wp-content\/uploads\/2022\/06\/42946-42947-1.jpg\" \/>\n\t<meta property=\"og:image:width\" content=\"1000\" \/>\n\t<meta property=\"og:image:height\" content=\"1000\" \/>\n\t<meta property=\"og:image:type\" content=\"image\/jpeg\" \/>\n<meta name=\"twitter:card\" content=\"summary_large_image\" \/>\n<meta name=\"twitter:label1\" content=\"Tahmini okuma s\u00fcresi\" \/>\n\t<meta name=\"twitter:data1\" content=\"1 dakika\" \/>\n<script type=\"application\/ld+json\" class=\"yoast-schema-graph\">{\"@context\":\"https:\\\/\\\/schema.org\",\"@graph\":[{\"@type\":[\"WebPage\",\"ItemPage\"],\"@id\":\"https:\\\/\\\/www.purejewels.com\\\/product\\\/22kt-real-gold-ornate-kada-42946\\\/\",\"url\":\"https:\\\/\\\/www.purejewels.com\\\/product\\\/22kt-real-gold-ornate-kada-42946\\\/\",\"name\":\"22kt Real Gold Ornate Kada for Women Online | PureJewels\",\"isPartOf\":{\"@id\":\"https:\\\/\\\/www.purejewels.com\\\/#website\"},\"primaryImageOfPage\":{\"@id\":\"https:\\\/\\\/www.purejewels.com\\\/product\\\/22kt-real-gold-ornate-kada-42946\\\/#primaryimage\"},\"image\":{\"@id\":\"https:\\\/\\\/www.purejewels.com\\\/product\\\/22kt-real-gold-ornate-kada-42946\\\/#primaryimage\"},\"thumbnailUrl\":\"https:\\\/\\\/static.purejewels.com\\\/wp-content\\\/uploads\\\/2022\\\/06\\\/42946-42947-1.jpg\",\"datePublished\":\"2022-06-27T04:37:41+00:00\",\"dateModified\":\"2026-01-10T16:14:53+00:00\",\"description\":\"Explore our Bridal Wear Bangles Designs. Buy this 22kt beautiful gold kada in London. A classical Style that gives a classic look.\",\"breadcrumb\":{\"@id\":\"https:\\\/\\\/www.purejewels.com\\\/product\\\/22kt-real-gold-ornate-kada-42946\\\/#breadcrumb\"},\"inLanguage\":\"tr\",\"potentialAction\":[{\"@type\":\"ReadAction\",\"target\":[\"https:\\\/\\\/www.purejewels.com\\\/product\\\/22kt-real-gold-ornate-kada-42946\\\/\"]}]},{\"@type\":\"ImageObject\",\"inLanguage\":\"tr\",\"@id\":\"https:\\\/\\\/www.purejewels.com\\\/product\\\/22kt-real-gold-ornate-kada-42946\\\/#primaryimage\",\"url\":\"https:\\\/\\\/static.purejewels.com\\\/wp-content\\\/uploads\\\/2022\\\/06\\\/42946-42947-1.jpg\",\"contentUrl\":\"https:\\\/\\\/static.purejewels.com\\\/wp-content\\\/uploads\\\/2022\\\/06\\\/42946-42947-1.jpg\",\"width\":1000,\"height\":1000,\"caption\":\"22kt Real Gold Ornate Kada\"},{\"@type\":\"BreadcrumbList\",\"@id\":\"https:\\\/\\\/www.purejewels.com\\\/product\\\/22kt-real-gold-ornate-kada-42946\\\/#breadcrumb\",\"itemListElement\":[{\"@type\":\"ListItem\",\"position\":1,\"name\":\"Home\",\"item\":\"https:\\\/\\\/www.purejewels.com\\\/\"},{\"@type\":\"ListItem\",\"position\":2,\"name\":\"Shop\",\"item\":\"https:\\\/\\\/www.purejewels.com\\\/shop\\\/\"},{\"@type\":\"ListItem\",\"position\":3,\"name\":\"22kt Real Gold Ornate Kada | Jali Collection | 2.4\"}]},{\"@type\":\"WebSite\",\"@id\":\"https:\\\/\\\/www.purejewels.com\\\/#website\",\"url\":\"https:\\\/\\\/www.purejewels.com\\\/\",\"name\":\"PureJewels UK\",\"description\":\"Share the Love\",\"publisher\":{\"@id\":\"https:\\\/\\\/www.purejewels.com\\\/#organization\"},\"potentialAction\":[{\"@type\":\"SearchAction\",\"target\":{\"@type\":\"EntryPoint\",\"urlTemplate\":\"https:\\\/\\\/www.purejewels.com\\\/?s={search_term_string}\"},\"query-input\":{\"@type\":\"PropertyValueSpecification\",\"valueRequired\":true,\"valueName\":\"search_term_string\"}}],\"inLanguage\":\"tr\"},{\"@type\":\"Organization\",\"@id\":\"https:\\\/\\\/www.purejewels.com\\\/#organization\",\"name\":\"PureJewels UK\",\"url\":\"https:\\\/\\\/www.purejewels.com\\\/\",\"logo\":{\"@type\":\"ImageObject\",\"inLanguage\":\"tr\",\"@id\":\"https:\\\/\\\/www.purejewels.com\\\/#\\\/schema\\\/logo\\\/image\\\/\",\"url\":\"https:\\\/\\\/static.purejewels.com\\\/wp-content\\\/uploads\\\/2020\\\/11\\\/Logo-PJ-New-1.png\",\"contentUrl\":\"https:\\\/\\\/static.purejewels.com\\\/wp-content\\\/uploads\\\/2020\\\/11\\\/Logo-PJ-New-1.png\",\"width\":150,\"height\":80,\"caption\":\"PureJewels UK\"},\"image\":{\"@id\":\"https:\\\/\\\/www.purejewels.com\\\/#\\\/schema\\\/logo\\\/image\\\/\"}}]}<\/script>\n<!-- \/ Yoast SEO plugin. -->","yoast_head_json":{"title":"22 Ayar Ger\u00e7ek Alt\u0131n S\u00fcsl\u00fc Kada Online | PureJewels","description":"Gelin Giyim Bileklik Tasar\u0131mlar\u0131m\u0131z\u0131 ke\u015ffedin. Bu 22 ayar g\u00fczel alt\u0131n kada'y\u0131 Londra'dan sat\u0131n al\u0131n. Klasik bir g\u00f6r\u00fcn\u00fcm veren klasik bir Stil.","robots":{"index":"index","follow":"follow","max-snippet":"max-snippet:-1","max-image-preview":"max-image-preview:large","max-video-preview":"max-video-preview:-1"},"canonical":"https:\/\/www.purejewels.com\/tr\/urun\/22-ayar-gercek-altin-suslu-kada-42946\/","og_locale":"tr_TR","og_type":"article","og_title":"22kt Real Gold Ornate Kada for Women Online | PureJewels","og_description":"Explore our Bridal Wear Bangles Designs. Buy this 22kt beautiful gold kada in London. A classical Style that gives a classic look.","og_url":"https:\/\/www.purejewels.com\/tr\/urun\/22-ayar-gercek-altin-suslu-kada-42946\/","og_site_name":"PureJewels UK","article_modified_time":"2026-01-10T16:14:53+00:00","og_image":[{"width":1000,"height":1000,"url":"https:\/\/www.purejewels.com\/wp-content\/uploads\/2022\/06\/42946-42947-1.jpg","type":"image\/jpeg"}],"twitter_card":"summary_large_image","twitter_misc":{"Tahmini okuma s\u00fcresi":"1 dakika"},"schema":{"@context":"https:\/\/schema.org","@graph":[{"@type":["WebPage","ItemPage"],"@id":"https:\/\/www.purejewels.com\/product\/22kt-real-gold-ornate-kada-42946\/","url":"https:\/\/www.purejewels.com\/product\/22kt-real-gold-ornate-kada-42946\/","name":"22 Ayar Ger\u00e7ek Alt\u0131n S\u00fcsl\u00fc Kada Online | PureJewels","isPartOf":{"@id":"https:\/\/www.purejewels.com\/#website"},"primaryImageOfPage":{"@id":"https:\/\/www.purejewels.com\/product\/22kt-real-gold-ornate-kada-42946\/#primaryimage"},"image":{"@id":"https:\/\/www.purejewels.com\/product\/22kt-real-gold-ornate-kada-42946\/#primaryimage"},"thumbnailUrl":"https:\/\/static.purejewels.com\/wp-content\/uploads\/2022\/06\/42946-42947-1.jpg","datePublished":"2022-06-27T04:37:41+00:00","dateModified":"2026-01-10T16:14:53+00:00","description":"Gelin Giyim Bileklik Tasar\u0131mlar\u0131m\u0131z\u0131 ke\u015ffedin. Bu 22 ayar g\u00fczel alt\u0131n kada'y\u0131 Londra'dan sat\u0131n al\u0131n. Klasik bir g\u00f6r\u00fcn\u00fcm veren klasik bir Stil.","breadcrumb":{"@id":"https:\/\/www.purejewels.com\/product\/22kt-real-gold-ornate-kada-42946\/#breadcrumb"},"inLanguage":"tr","potentialAction":[{"@type":"ReadAction","target":["https:\/\/www.purejewels.com\/product\/22kt-real-gold-ornate-kada-42946\/"]}]},{"@type":"ImageObject","inLanguage":"tr","@id":"https:\/\/www.purejewels.com\/product\/22kt-real-gold-ornate-kada-42946\/#primaryimage","url":"https:\/\/static.purejewels.com\/wp-content\/uploads\/2022\/06\/42946-42947-1.jpg","contentUrl":"https:\/\/static.purejewels.com\/wp-content\/uploads\/2022\/06\/42946-42947-1.jpg","width":1000,"height":1000,"caption":"22kt Real Gold Ornate Kada"},{"@type":"BreadcrumbList","@id":"https:\/\/www.purejewels.com\/product\/22kt-real-gold-ornate-kada-42946\/#breadcrumb","itemListElement":[{"@type":"ListItem","position":1,"name":"Home","item":"https:\/\/www.purejewels.com\/"},{"@type":"ListItem","position":2,"name":"Shop","item":"https:\/\/www.purejewels.com\/shop\/"},{"@type":"ListItem","position":3,"name":"22kt Real Gold Ornate Kada | Jali Collection | 2.4"}]},{"@type":"WebSite","@id":"https:\/\/www.purejewels.com\/#website","url":"https:\/\/www.purejewels.com\/","name":"PureJewels \u0130ngiltere","description":"Sevgiyi Payla\u015f\u0131n","publisher":{"@id":"https:\/\/www.purejewels.com\/#organization"},"potentialAction":[{"@type":"SearchAction","target":{"@type":"EntryPoint","urlTemplate":"https:\/\/www.purejewels.com\/?s={search_term_string}"},"query-input":{"@type":"PropertyValueSpecification","valueRequired":true,"valueName":"search_term_string"}}],"inLanguage":"tr"},{"@type":"Organization","@id":"https:\/\/www.purejewels.com\/#organization","name":"PureJewels \u0130ngiltere","url":"https:\/\/www.purejewels.com\/","logo":{"@type":"ImageObject","inLanguage":"tr","@id":"https:\/\/www.purejewels.com\/#\/schema\/logo\/image\/","url":"https:\/\/static.purejewels.com\/wp-content\/uploads\/2020\/11\/Logo-PJ-New-1.png","contentUrl":"https:\/\/static.purejewels.com\/wp-content\/uploads\/2020\/11\/Logo-PJ-New-1.png","width":150,"height":80,"caption":"PureJewels UK"},"image":{"@id":"https:\/\/www.purejewels.com\/#\/schema\/logo\/image\/"}}]}},"_links":{"self":[{"href":"https:\/\/www.purejewels.com\/tr\/wp-json\/wp\/v2\/product\/337533","targetHints":{"allow":["GET"]}}],"collection":[{"href":"https:\/\/www.purejewels.com\/tr\/wp-json\/wp\/v2\/product"}],"about":[{"href":"https:\/\/www.purejewels.com\/tr\/wp-json\/wp\/v2\/types\/product"}],"replies":[{"embeddable":true,"href":"https:\/\/www.purejewels.com\/tr\/wp-json\/wp\/v2\/comments?post=337533"}],"version-history":[{"count":3,"href":"https:\/\/www.purejewels.com\/tr\/wp-json\/wp\/v2\/product\/337533\/revisions"}],"predecessor-version":[{"id":420066,"href":"https:\/\/www.purejewels.com\/tr\/wp-json\/wp\/v2\/product\/337533\/revisions\/420066"}],"wp:featuredmedia":[{"embeddable":true,"href":"https:\/\/www.purejewels.com\/tr\/wp-json\/wp\/v2\/media\/337534"}],"wp:attachment":[{"href":"https:\/\/www.purejewels.com\/tr\/wp-json\/wp\/v2\/media?parent=337533"}],"wp:term":[{"taxonomy":"product_brand","embeddable":true,"href":"https:\/\/www.purejewels.com\/tr\/wp-json\/wp\/v2\/product_brand?post=337533"},{"taxonomy":"product_cat","embeddable":true,"href":"https:\/\/www.purejewels.com\/tr\/wp-json\/wp\/v2\/product_cat?post=337533"},{"taxonomy":"product_tag","embeddable":true,"href":"https:\/\/www.purejewels.com\/tr\/wp-json\/wp\/v2\/product_tag?post=337533"}],"curies":[{"name":"wp","href":"https:\/\/api.w.org\/{rel}","templated":true}]}}