{"id":337677,"date":"2022-05-29T12:03:14","date_gmt":"2022-05-29T11:03:14","guid":{"rendered":"https:\/\/www.purejewels.com\/?post_type=product&#038;p=337677"},"modified":"2026-01-08T07:32:15","modified_gmt":"2026-01-08T07:32:15","slug":"isim-kazinmis-22-ayar-altin-kolye-41692","status":"publish","type":"product","link":"https:\/\/www.purejewels.com\/tr\/product\/22ct-gold-pendant-with-name-engraved-41692\/","title":{"rendered":"Kad\u0131nlar i\u00e7in 22 Ayar Alt\u0131n Fantezi Kalp Kolye"},"content":{"rendered":"<p>\u00dcst\u00fcn i\u015f\u00e7ilik ve zarif tasar\u0131m\u0131 \u00f6rnekleyen zamans\u0131z bir par\u00e7a olan bu 22 Ayar Alt\u0131n Kalp Kolye ile a\u015fk\u0131 ve zarafeti kutlay\u0131n. Titizlikle el yap\u0131m\u0131 olan her bir kolye ucu, g\u00f6rsel \u00e7ekicili\u011fini art\u0131ran karma\u015f\u0131k detaylara sahip p\u00fcr\u00fczs\u00fcz, cilal\u0131 bir y\u00fczeye sahiptir.<\/p>\n<p>Kalp \u015feklindeki tasar\u0131m\u0131 sevgi, s\u0131cakl\u0131k ve \u015fefkati sembolize ederek \u00f6zel biri i\u00e7in ideal bir hediye veya m\u00fccevher koleksiyonunuza de\u011ferli bir katk\u0131 sa\u011flar. Klasik ama \u00e7a\u011fda\u015f stili \u00e7ok y\u00f6nl\u00fcl\u00fck sa\u011flayarak hem geleneksel hem de modern k\u0131yafetleri zahmetsizce tamamlamas\u0131na olanak tan\u0131r.<\/p>\n<p>Y\u00fcksek kaliteli 22 ayar alt\u0131ndan \u00fcretilen bu kolye ucu dayan\u0131kl\u0131l\u0131k, kal\u0131c\u0131 parlakl\u0131k ve l\u00fcks bir g\u00f6r\u00fcn\u00fcm vadediyor. Kolye ucu, herhangi bir zincire zarif bir \u015fekilde oturacak ve kullan\u0131c\u0131n\u0131n boyun \u00e7izgisini ince bir incelikle vurgulayacak \u015fekilde tasarlanm\u0131\u015ft\u0131r. \u0130ster kutlamalar, ister g\u00fcnl\u00fck \u015f\u0131kl\u0131k ya da hediye ama\u00e7l\u0131 tak\u0131ls\u0131n, bu kolye ucu \u00f6zenli bir sanat\u0131 ve detaylara g\u00f6sterilen ince \u00f6zeni yans\u0131t\u0131r.<\/p>","protected":false},"excerpt":{"rendered":"<p>Zarafet ve \u00e7ekicilik sa\u00e7an, g\u00fczelce i\u015flenmi\u015f 22 ayar alt\u0131n kalp kolye ucu. G\u00fcnl\u00fck kullan\u0131m veya \u00f6zel g\u00fcnler i\u00e7in m\u00fckemmeldir.<\/p>\n<ul>\n<li>22 Ayar Alt\u0131n Kalp Kolye <\/li>\n<li>G\u00fcnl\u00fck kullan\u0131m i\u00e7in uygundur<\/li>\n<li>A\u011f\u0131rl\u0131k 3,3 gms<\/li>\n<li>SKU. 41692<\/li>\n<li>Zincir fiyata dahil de\u011fildir<\/li>\n<li>22 Ayar Alt\u0131n Glow Koleksiyonumuzu inceleyin<\/li>\n<li>T\u00fcm fiyatlara KDV dahildir<\/li>\n<li>T\u00fcm \u00dcr\u00fcnlerimiz Londra Taraf\u0131ndan Damgalanm\u0131\u015ft\u0131r\u00a0<span id=\"urn:enhancement-7d2af146\" class=\"textannotation\">Tahlil Ofisi<\/span><\/li>\n<li>T\u00fcm Setler Sunum Kutusu ile Birlikte Gelir<\/li>\n<li>Kar\u015f\u0131ya \u00dccretsiz Teslimat\u00a0<span id=\"urn:enhancement-bbb162f2\" class=\"textannotation\">BIRLE\u015eIK KRALLIK<\/span><\/li>\n<li>Bizi ke\u015ffetmek i\u00e7in bizimle ileti\u015fime ge\u00e7in \/ sohbet edin\u00a0<span id=\"urn:enhancement-32269751\" class=\"textannotation\">Alt\u0131n<\/span>\u00a0Kolye Kolye Hint koleksiyonu<\/li>\n<\/ul>","protected":false},"featured_media":337678,"comment_status":"closed","ping_status":"closed","template":"","meta":{"_eb_attr":"","_crsspst_to_jayantr4sg-hostcom":false},"product_brand":[],"product_cat":[1770,1255,1767,1768],"product_tag":[],"class_list":{"0":"post-337677","1":"product","2":"type-product","3":"status-publish","4":"has-post-thumbnail","6":"product_cat-fancy-pendants","7":"product_cat-gold-pendants","8":"product_cat-ladies-pendants","9":"product_cat-mens-pendants","11":"first","12":"outofstock","13":"taxable","14":"shipping-taxable","15":"product-type-simple","16":"add-to-wishlist-before_image"},"yoast_head":"<!-- This site is optimized with the Yoast SEO plugin v27.3 - https:\/\/yoast.com\/product\/yoast-seo-wordpress\/ -->\n<title>22ct Gold Heart Pendant \u2013 Elegant Design &amp; Fine Craftsmanship<\/title>\n<meta name=\"description\" content=\"Shop this exquisite 22ct Gold Heart Pendant, crafted with precision and style. Perfect for gifting or personal adornment, combining timeless design with superior craftsmanship.\" \/>\n<meta name=\"robots\" content=\"index, follow, max-snippet:-1, max-image-preview:large, max-video-preview:-1\" \/>\n<link rel=\"canonical\" href=\"https:\/\/www.purejewels.com\/tr\/urun\/isim-kazinmis-22-ayar-altin-kolye-41692\/\" \/>\n<meta property=\"og:locale\" content=\"tr_TR\" \/>\n<meta property=\"og:type\" content=\"article\" \/>\n<meta property=\"og:title\" content=\"22ct Gold Heart Pendant \u2013 Elegant Design &amp; Fine Craftsmanship\" \/>\n<meta property=\"og:description\" content=\"Shop this exquisite 22ct Gold Heart Pendant, crafted with precision and style. Perfect for gifting or personal adornment, combining timeless design with superior craftsmanship.\" \/>\n<meta property=\"og:url\" content=\"https:\/\/www.purejewels.com\/tr\/urun\/isim-kazinmis-22-ayar-altin-kolye-41692\/\" \/>\n<meta property=\"og:site_name\" content=\"PureJewels UK\" \/>\n<meta property=\"article:modified_time\" content=\"2026-01-08T07:32:15+00:00\" \/>\n<meta property=\"og:image\" content=\"https:\/\/static.purejewels.com\/wp-content\/uploads\/2022\/06\/41744-3.jpg\" \/>\n\t<meta property=\"og:image:width\" content=\"1000\" \/>\n\t<meta property=\"og:image:height\" content=\"1000\" \/>\n\t<meta property=\"og:image:type\" content=\"image\/jpeg\" \/>\n<meta name=\"twitter:card\" content=\"summary_large_image\" \/>\n<meta name=\"twitter:label1\" content=\"Tahmini okuma s\u00fcresi\" \/>\n\t<meta name=\"twitter:data1\" content=\"1 dakika\" \/>\n<script type=\"application\/ld+json\" class=\"yoast-schema-graph\">{\"@context\":\"https:\\\/\\\/schema.org\",\"@graph\":[{\"@type\":[\"WebPage\",\"ItemPage\"],\"@id\":\"https:\\\/\\\/www.purejewels.com\\\/product\\\/22ct-gold-pendant-with-name-engraved-41692\\\/\",\"url\":\"https:\\\/\\\/www.purejewels.com\\\/product\\\/22ct-gold-pendant-with-name-engraved-41692\\\/\",\"name\":\"22ct Gold Heart Pendant \u2013 Elegant Design & Fine Craftsmanship\",\"isPartOf\":{\"@id\":\"https:\\\/\\\/www.purejewels.com\\\/#website\"},\"primaryImageOfPage\":{\"@id\":\"https:\\\/\\\/www.purejewels.com\\\/product\\\/22ct-gold-pendant-with-name-engraved-41692\\\/#primaryimage\"},\"image\":{\"@id\":\"https:\\\/\\\/www.purejewels.com\\\/product\\\/22ct-gold-pendant-with-name-engraved-41692\\\/#primaryimage\"},\"thumbnailUrl\":\"https:\\\/\\\/static.purejewels.com\\\/wp-content\\\/uploads\\\/2022\\\/06\\\/41744-3.jpg\",\"datePublished\":\"2022-05-29T11:03:14+00:00\",\"dateModified\":\"2026-01-08T07:32:15+00:00\",\"description\":\"Shop this exquisite 22ct Gold Heart Pendant, crafted with precision and style. Perfect for gifting or personal adornment, combining timeless design with superior craftsmanship.\",\"breadcrumb\":{\"@id\":\"https:\\\/\\\/www.purejewels.com\\\/product\\\/22ct-gold-pendant-with-name-engraved-41692\\\/#breadcrumb\"},\"inLanguage\":\"tr\",\"potentialAction\":[{\"@type\":\"ReadAction\",\"target\":[\"https:\\\/\\\/www.purejewels.com\\\/product\\\/22ct-gold-pendant-with-name-engraved-41692\\\/\"]}]},{\"@type\":\"ImageObject\",\"inLanguage\":\"tr\",\"@id\":\"https:\\\/\\\/www.purejewels.com\\\/product\\\/22ct-gold-pendant-with-name-engraved-41692\\\/#primaryimage\",\"url\":\"https:\\\/\\\/static.purejewels.com\\\/wp-content\\\/uploads\\\/2022\\\/06\\\/41744-3.jpg\",\"contentUrl\":\"https:\\\/\\\/static.purejewels.com\\\/wp-content\\\/uploads\\\/2022\\\/06\\\/41744-3.jpg\",\"width\":1000,\"height\":1000},{\"@type\":\"BreadcrumbList\",\"@id\":\"https:\\\/\\\/www.purejewels.com\\\/product\\\/22ct-gold-pendant-with-name-engraved-41692\\\/#breadcrumb\",\"itemListElement\":[{\"@type\":\"ListItem\",\"position\":1,\"name\":\"Home\",\"item\":\"https:\\\/\\\/www.purejewels.com\\\/\"},{\"@type\":\"ListItem\",\"position\":2,\"name\":\"Shop\",\"item\":\"https:\\\/\\\/www.purejewels.com\\\/shop\\\/\"},{\"@type\":\"ListItem\",\"position\":3,\"name\":\"22ct Gold Fancy Heart Pendant for Women\"}]},{\"@type\":\"WebSite\",\"@id\":\"https:\\\/\\\/www.purejewels.com\\\/#website\",\"url\":\"https:\\\/\\\/www.purejewels.com\\\/\",\"name\":\"PureJewels UK\",\"description\":\"Share the Love\",\"publisher\":{\"@id\":\"https:\\\/\\\/www.purejewels.com\\\/#organization\"},\"potentialAction\":[{\"@type\":\"SearchAction\",\"target\":{\"@type\":\"EntryPoint\",\"urlTemplate\":\"https:\\\/\\\/www.purejewels.com\\\/?s={search_term_string}\"},\"query-input\":{\"@type\":\"PropertyValueSpecification\",\"valueRequired\":true,\"valueName\":\"search_term_string\"}}],\"inLanguage\":\"tr\"},{\"@type\":\"Organization\",\"@id\":\"https:\\\/\\\/www.purejewels.com\\\/#organization\",\"name\":\"PureJewels UK\",\"url\":\"https:\\\/\\\/www.purejewels.com\\\/\",\"logo\":{\"@type\":\"ImageObject\",\"inLanguage\":\"tr\",\"@id\":\"https:\\\/\\\/www.purejewels.com\\\/#\\\/schema\\\/logo\\\/image\\\/\",\"url\":\"https:\\\/\\\/static.purejewels.com\\\/wp-content\\\/uploads\\\/2020\\\/11\\\/Logo-PJ-New-1.png\",\"contentUrl\":\"https:\\\/\\\/static.purejewels.com\\\/wp-content\\\/uploads\\\/2020\\\/11\\\/Logo-PJ-New-1.png\",\"width\":150,\"height\":80,\"caption\":\"PureJewels UK\"},\"image\":{\"@id\":\"https:\\\/\\\/www.purejewels.com\\\/#\\\/schema\\\/logo\\\/image\\\/\"}}]}<\/script>\n<!-- \/ Yoast SEO plugin. -->","yoast_head_json":{"title":"22 Ayar Alt\u0131n Kalp Kolye - Zarif Tasar\u0131m ve \u0130nce \u0130\u015f\u00e7ilik","description":"Hassasiyet ve stil ile haz\u0131rlanm\u0131\u015f bu zarif 22 Ayar Alt\u0131n Kalp Kolyeyi sat\u0131n al\u0131n. Hediye vermek veya ki\u015fisel s\u00fcsleme i\u00e7in m\u00fckemmeldir, zamans\u0131z tasar\u0131m\u0131 \u00fcst\u00fcn i\u015f\u00e7ilikle birle\u015ftirir.","robots":{"index":"index","follow":"follow","max-snippet":"max-snippet:-1","max-image-preview":"max-image-preview:large","max-video-preview":"max-video-preview:-1"},"canonical":"https:\/\/www.purejewels.com\/tr\/urun\/isim-kazinmis-22-ayar-altin-kolye-41692\/","og_locale":"tr_TR","og_type":"article","og_title":"22ct Gold Heart Pendant \u2013 Elegant Design & Fine Craftsmanship","og_description":"Shop this exquisite 22ct Gold Heart Pendant, crafted with precision and style. Perfect for gifting or personal adornment, combining timeless design with superior craftsmanship.","og_url":"https:\/\/www.purejewels.com\/tr\/urun\/isim-kazinmis-22-ayar-altin-kolye-41692\/","og_site_name":"PureJewels UK","article_modified_time":"2026-01-08T07:32:15+00:00","og_image":[{"width":1000,"height":1000,"url":"https:\/\/static.purejewels.com\/wp-content\/uploads\/2022\/06\/41744-3.jpg","type":"image\/jpeg"}],"twitter_card":"summary_large_image","twitter_misc":{"Tahmini okuma s\u00fcresi":"1 dakika"},"schema":{"@context":"https:\/\/schema.org","@graph":[{"@type":["WebPage","ItemPage"],"@id":"https:\/\/www.purejewels.com\/product\/22ct-gold-pendant-with-name-engraved-41692\/","url":"https:\/\/www.purejewels.com\/product\/22ct-gold-pendant-with-name-engraved-41692\/","name":"22 Ayar Alt\u0131n Kalp Kolye - Zarif Tasar\u0131m ve \u0130nce \u0130\u015f\u00e7ilik","isPartOf":{"@id":"https:\/\/www.purejewels.com\/#website"},"primaryImageOfPage":{"@id":"https:\/\/www.purejewels.com\/product\/22ct-gold-pendant-with-name-engraved-41692\/#primaryimage"},"image":{"@id":"https:\/\/www.purejewels.com\/product\/22ct-gold-pendant-with-name-engraved-41692\/#primaryimage"},"thumbnailUrl":"https:\/\/static.purejewels.com\/wp-content\/uploads\/2022\/06\/41744-3.jpg","datePublished":"2022-05-29T11:03:14+00:00","dateModified":"2026-01-08T07:32:15+00:00","description":"Hassasiyet ve stil ile haz\u0131rlanm\u0131\u015f bu zarif 22 Ayar Alt\u0131n Kalp Kolyeyi sat\u0131n al\u0131n. Hediye vermek veya ki\u015fisel s\u00fcsleme i\u00e7in m\u00fckemmeldir, zamans\u0131z tasar\u0131m\u0131 \u00fcst\u00fcn i\u015f\u00e7ilikle birle\u015ftirir.","breadcrumb":{"@id":"https:\/\/www.purejewels.com\/product\/22ct-gold-pendant-with-name-engraved-41692\/#breadcrumb"},"inLanguage":"tr","potentialAction":[{"@type":"ReadAction","target":["https:\/\/www.purejewels.com\/product\/22ct-gold-pendant-with-name-engraved-41692\/"]}]},{"@type":"ImageObject","inLanguage":"tr","@id":"https:\/\/www.purejewels.com\/product\/22ct-gold-pendant-with-name-engraved-41692\/#primaryimage","url":"https:\/\/static.purejewels.com\/wp-content\/uploads\/2022\/06\/41744-3.jpg","contentUrl":"https:\/\/static.purejewels.com\/wp-content\/uploads\/2022\/06\/41744-3.jpg","width":1000,"height":1000},{"@type":"BreadcrumbList","@id":"https:\/\/www.purejewels.com\/product\/22ct-gold-pendant-with-name-engraved-41692\/#breadcrumb","itemListElement":[{"@type":"ListItem","position":1,"name":"Home","item":"https:\/\/www.purejewels.com\/"},{"@type":"ListItem","position":2,"name":"Shop","item":"https:\/\/www.purejewels.com\/shop\/"},{"@type":"ListItem","position":3,"name":"22ct Gold Fancy Heart Pendant for Women"}]},{"@type":"WebSite","@id":"https:\/\/www.purejewels.com\/#website","url":"https:\/\/www.purejewels.com\/","name":"PureJewels \u0130ngiltere","description":"Sevgiyi Payla\u015f\u0131n","publisher":{"@id":"https:\/\/www.purejewels.com\/#organization"},"potentialAction":[{"@type":"SearchAction","target":{"@type":"EntryPoint","urlTemplate":"https:\/\/www.purejewels.com\/?s={search_term_string}"},"query-input":{"@type":"PropertyValueSpecification","valueRequired":true,"valueName":"search_term_string"}}],"inLanguage":"tr"},{"@type":"Organization","@id":"https:\/\/www.purejewels.com\/#organization","name":"PureJewels \u0130ngiltere","url":"https:\/\/www.purejewels.com\/","logo":{"@type":"ImageObject","inLanguage":"tr","@id":"https:\/\/www.purejewels.com\/#\/schema\/logo\/image\/","url":"https:\/\/static.purejewels.com\/wp-content\/uploads\/2020\/11\/Logo-PJ-New-1.png","contentUrl":"https:\/\/static.purejewels.com\/wp-content\/uploads\/2020\/11\/Logo-PJ-New-1.png","width":150,"height":80,"caption":"PureJewels UK"},"image":{"@id":"https:\/\/www.purejewels.com\/#\/schema\/logo\/image\/"}}]}},"_links":{"self":[{"href":"https:\/\/www.purejewels.com\/tr\/wp-json\/wp\/v2\/product\/337677","targetHints":{"allow":["GET"]}}],"collection":[{"href":"https:\/\/www.purejewels.com\/tr\/wp-json\/wp\/v2\/product"}],"about":[{"href":"https:\/\/www.purejewels.com\/tr\/wp-json\/wp\/v2\/types\/product"}],"replies":[{"embeddable":true,"href":"https:\/\/www.purejewels.com\/tr\/wp-json\/wp\/v2\/comments?post=337677"}],"version-history":[{"count":1,"href":"https:\/\/www.purejewels.com\/tr\/wp-json\/wp\/v2\/product\/337677\/revisions"}],"predecessor-version":[{"id":424326,"href":"https:\/\/www.purejewels.com\/tr\/wp-json\/wp\/v2\/product\/337677\/revisions\/424326"}],"wp:featuredmedia":[{"embeddable":true,"href":"https:\/\/www.purejewels.com\/tr\/wp-json\/wp\/v2\/media\/337678"}],"wp:attachment":[{"href":"https:\/\/www.purejewels.com\/tr\/wp-json\/wp\/v2\/media?parent=337677"}],"wp:term":[{"taxonomy":"product_brand","embeddable":true,"href":"https:\/\/www.purejewels.com\/tr\/wp-json\/wp\/v2\/product_brand?post=337677"},{"taxonomy":"product_cat","embeddable":true,"href":"https:\/\/www.purejewels.com\/tr\/wp-json\/wp\/v2\/product_cat?post=337677"},{"taxonomy":"product_tag","embeddable":true,"href":"https:\/\/www.purejewels.com\/tr\/wp-json\/wp\/v2\/product_tag?post=337677"}],"curies":[{"name":"wp","href":"https:\/\/api.w.org\/{rel}","templated":true}]}}