{"id":337760,"date":"2022-07-01T08:22:31","date_gmt":"2022-07-01T07:22:31","guid":{"rendered":"https:\/\/www.purejewels.com\/?post_type=product&#038;p=337760"},"modified":"2026-01-18T00:37:41","modified_gmt":"2026-01-18T00:37:41","slug":"22-ayar-altin-bileklik-rozetler-koleksiyonu-2-4-orta-agirlik-41588","status":"publish","type":"product","link":"https:\/\/www.purejewels.com\/tr\/product\/22-carat-gold-bangle-rosettes-collection-2-4-medium-weight-41588\/","title":{"rendered":"22 Ayar Alt\u0131n Bileklik | Rozet Koleksiyonu | 2,5 Beden"},"content":{"rendered":"<ul>\n<li><b>Menzil kimli\u011fi:<\/b> JWBNSMRS002<\/li>\n<li><b>SKU:<\/b>\u00a041591<\/li>\n<\/ul>","protected":false},"excerpt":{"rendered":"<div class=\"woocommerce-product-details__short-description\">\n<table class=\"sh_desc\">\n<tbody>\n<tr>\n<td>Bileklik T\u00fcr\u00fc<\/td>\n<td>Gelin Giyim Kada<\/td>\n<\/tr>\n<tr>\n<td>SKU<\/td>\n<td>41591<\/td>\n<\/tr>\n<tr>\n<td>A\u011f\u0131rl\u0131k<\/td>\n<td>\u00a012.3 Gms<\/td>\n<\/tr>\n<tr>\n<td>Metal<\/td>\n<td>22 Ayar Alt\u0131n<\/td>\n<\/tr>\n<tr>\n<td>Bileklik \u00d6l\u00e7\u00fcs\u00fc<\/td>\n<td>2.5 (Ek boyutlar i\u00e7in l\u00fctfen sorunuz)<\/td>\n<\/tr>\n<tr>\n<td>Koleksiyon<\/td>\n<td><strong>Rozet Koleksiyonu<\/strong><\/td>\n<\/tr>\n<tr>\n<td>Hallmark<\/td>\n<td>Londra Tahlil Ofisi Taraf\u0131ndan Damgalanm\u0131\u015f 22 Ayar Alt\u0131n<\/td>\n<\/tr>\n<tr>\n<td>\u00dccretler<\/td>\n<td>Teslimat ve KDV Dahil<\/td>\n<\/tr>\n<tr>\n<td>Paketleme<\/td>\n<td>Sunum Kutusu ile Birlikte Gelir<\/td>\n<\/tr>\n<tr>\n<td>Daha Fazla Bilgi<\/td>\n<td>\n<ul>\n<li>Not: Not: Burada belirtilen fiyat Tek Kada i\u00e7indir<\/li>\n<li>M\u00fcsaitlik durumu ve daha fazla resim i\u00e7in bizimle canl\u0131 sohbet edin<\/li>\n<\/ul>\n<\/td>\n<\/tr>\n<\/tbody>\n<\/table>\n<\/div>\n<p>&nbsp;<\/p>","protected":false},"featured_media":337761,"comment_status":"closed","ping_status":"closed","template":"","meta":{"_eb_attr":"","_crsspst_to_jayantr4sg-hostcom":false},"product_brand":[],"product_cat":[1233,1570,5271,5273,1656,1657,1573,1574,5349],"product_tag":[],"class_list":{"0":"post-337760","1":"product","2":"type-product","3":"status-publish","4":"has-post-thumbnail","6":"product_cat-gold-bangles","7":"product_cat-mothers-day-gifts","8":"product_cat-occasion-wear-bangles","9":"product_cat-22ct-gold-poncha-bracelet","10":"product_cat-rosettes-collections","11":"product_cat-single-bangle","12":"product_cat-wedding-gifts","13":"product_cat-womens-jewellery","14":"product_cat-yellow-gold-jewellery","16":"first","17":"outofstock","18":"taxable","19":"shipping-taxable","20":"product-type-simple","21":"add-to-wishlist-before_image"},"yoast_head":"<!-- This site is optimized with the Yoast SEO plugin v27.3 - https:\/\/yoast.com\/product\/yoast-seo-wordpress\/ -->\n<title>22 Carat Gold Bangle | Rosettes Collection | Medium Weight<\/title>\n<meta name=\"description\" content=\"Shop 22 Carat Gold Bangle from Rosettes Collection. Size 2.5. This beautiful bangle is made with high quality 22 carat gold and is perfect for any occasion.\" \/>\n<meta name=\"robots\" content=\"index, follow, max-snippet:-1, max-image-preview:large, max-video-preview:-1\" \/>\n<link rel=\"canonical\" href=\"https:\/\/www.purejewels.com\/tr\/urun\/22-ayar-altin-bileklik-rozetler-koleksiyonu-2-4-orta-agirlik-41588\/\" \/>\n<meta property=\"og:locale\" content=\"tr_TR\" \/>\n<meta property=\"og:type\" content=\"article\" \/>\n<meta property=\"og:title\" content=\"22 Carat Gold Bangle | Rosettes Collection | Medium Weight\" \/>\n<meta property=\"og:description\" content=\"Shop 22 Carat Gold Bangle from Rosettes Collection. Size 2.5. This beautiful bangle is made with high quality 22 carat gold and is perfect for any occasion.\" \/>\n<meta property=\"og:url\" content=\"https:\/\/www.purejewels.com\/tr\/urun\/22-ayar-altin-bileklik-rozetler-koleksiyonu-2-4-orta-agirlik-41588\/\" \/>\n<meta property=\"og:site_name\" content=\"PureJewels UK\" \/>\n<meta property=\"article:modified_time\" content=\"2026-01-18T00:37:41+00:00\" \/>\n<meta property=\"og:image\" content=\"https:\/\/static.purejewels.com\/wp-content\/uploads\/2022\/07\/41588-41587-41590-41586-41589-1.jpg\" \/>\n\t<meta property=\"og:image:width\" content=\"1000\" \/>\n\t<meta property=\"og:image:height\" content=\"1000\" \/>\n\t<meta property=\"og:image:type\" content=\"image\/jpeg\" \/>\n<meta name=\"twitter:card\" content=\"summary_large_image\" \/>\n<meta name=\"twitter:label1\" content=\"Tahmini okuma s\u00fcresi\" \/>\n\t<meta name=\"twitter:data1\" content=\"1 dakika\" \/>\n<script type=\"application\/ld+json\" class=\"yoast-schema-graph\">{\"@context\":\"https:\\\/\\\/schema.org\",\"@graph\":[{\"@type\":[\"WebPage\",\"ItemPage\"],\"@id\":\"https:\\\/\\\/www.purejewels.com\\\/product\\\/22-carat-gold-bangle-rosettes-collection-2-4-medium-weight-41588\\\/\",\"url\":\"https:\\\/\\\/www.purejewels.com\\\/product\\\/22-carat-gold-bangle-rosettes-collection-2-4-medium-weight-41588\\\/\",\"name\":\"22 Carat Gold Bangle | Rosettes Collection | Medium Weight\",\"isPartOf\":{\"@id\":\"https:\\\/\\\/www.purejewels.com\\\/#website\"},\"primaryImageOfPage\":{\"@id\":\"https:\\\/\\\/www.purejewels.com\\\/product\\\/22-carat-gold-bangle-rosettes-collection-2-4-medium-weight-41588\\\/#primaryimage\"},\"image\":{\"@id\":\"https:\\\/\\\/www.purejewels.com\\\/product\\\/22-carat-gold-bangle-rosettes-collection-2-4-medium-weight-41588\\\/#primaryimage\"},\"thumbnailUrl\":\"https:\\\/\\\/static.purejewels.com\\\/wp-content\\\/uploads\\\/2022\\\/07\\\/41588-41587-41590-41586-41589-1.jpg\",\"datePublished\":\"2022-07-01T07:22:31+00:00\",\"dateModified\":\"2026-01-18T00:37:41+00:00\",\"description\":\"Shop 22 Carat Gold Bangle from Rosettes Collection. Size 2.5. This beautiful bangle is made with high quality 22 carat gold and is perfect for any occasion.\",\"breadcrumb\":{\"@id\":\"https:\\\/\\\/www.purejewels.com\\\/product\\\/22-carat-gold-bangle-rosettes-collection-2-4-medium-weight-41588\\\/#breadcrumb\"},\"inLanguage\":\"tr\",\"potentialAction\":[{\"@type\":\"ReadAction\",\"target\":[\"https:\\\/\\\/www.purejewels.com\\\/product\\\/22-carat-gold-bangle-rosettes-collection-2-4-medium-weight-41588\\\/\"]}]},{\"@type\":\"ImageObject\",\"inLanguage\":\"tr\",\"@id\":\"https:\\\/\\\/www.purejewels.com\\\/product\\\/22-carat-gold-bangle-rosettes-collection-2-4-medium-weight-41588\\\/#primaryimage\",\"url\":\"https:\\\/\\\/static.purejewels.com\\\/wp-content\\\/uploads\\\/2022\\\/07\\\/41588-41587-41590-41586-41589-1.jpg\",\"contentUrl\":\"https:\\\/\\\/static.purejewels.com\\\/wp-content\\\/uploads\\\/2022\\\/07\\\/41588-41587-41590-41586-41589-1.jpg\",\"width\":1000,\"height\":1000},{\"@type\":\"BreadcrumbList\",\"@id\":\"https:\\\/\\\/www.purejewels.com\\\/product\\\/22-carat-gold-bangle-rosettes-collection-2-4-medium-weight-41588\\\/#breadcrumb\",\"itemListElement\":[{\"@type\":\"ListItem\",\"position\":1,\"name\":\"Home\",\"item\":\"https:\\\/\\\/www.purejewels.com\\\/\"},{\"@type\":\"ListItem\",\"position\":2,\"name\":\"Shop\",\"item\":\"https:\\\/\\\/www.purejewels.com\\\/shop\\\/\"},{\"@type\":\"ListItem\",\"position\":3,\"name\":\"22 Carat Gold Bangle | Rosettes Collection | Size 2.5\"}]},{\"@type\":\"WebSite\",\"@id\":\"https:\\\/\\\/www.purejewels.com\\\/#website\",\"url\":\"https:\\\/\\\/www.purejewels.com\\\/\",\"name\":\"PureJewels UK\",\"description\":\"Share the Love\",\"publisher\":{\"@id\":\"https:\\\/\\\/www.purejewels.com\\\/#organization\"},\"potentialAction\":[{\"@type\":\"SearchAction\",\"target\":{\"@type\":\"EntryPoint\",\"urlTemplate\":\"https:\\\/\\\/www.purejewels.com\\\/?s={search_term_string}\"},\"query-input\":{\"@type\":\"PropertyValueSpecification\",\"valueRequired\":true,\"valueName\":\"search_term_string\"}}],\"inLanguage\":\"tr\"},{\"@type\":\"Organization\",\"@id\":\"https:\\\/\\\/www.purejewels.com\\\/#organization\",\"name\":\"PureJewels UK\",\"url\":\"https:\\\/\\\/www.purejewels.com\\\/\",\"logo\":{\"@type\":\"ImageObject\",\"inLanguage\":\"tr\",\"@id\":\"https:\\\/\\\/www.purejewels.com\\\/#\\\/schema\\\/logo\\\/image\\\/\",\"url\":\"https:\\\/\\\/static.purejewels.com\\\/wp-content\\\/uploads\\\/2020\\\/11\\\/Logo-PJ-New-1.png\",\"contentUrl\":\"https:\\\/\\\/static.purejewels.com\\\/wp-content\\\/uploads\\\/2020\\\/11\\\/Logo-PJ-New-1.png\",\"width\":150,\"height\":80,\"caption\":\"PureJewels UK\"},\"image\":{\"@id\":\"https:\\\/\\\/www.purejewels.com\\\/#\\\/schema\\\/logo\\\/image\\\/\"}}]}<\/script>\n<!-- \/ Yoast SEO plugin. -->","yoast_head_json":{"title":"22 Ayar Alt\u0131n Bileklik | Rozet Koleksiyonu | Orta A\u011f\u0131rl\u0131k","description":"Rosettes Koleksiyonu'ndan 22 Ayar Alt\u0131n Bileklik sat\u0131n al\u0131n. Beden 2,5. Bu g\u00fczel bileklik y\u00fcksek kaliteli 22 ayar alt\u0131ndan yap\u0131lm\u0131\u015ft\u0131r ve her durum i\u00e7in m\u00fckemmeldir.","robots":{"index":"index","follow":"follow","max-snippet":"max-snippet:-1","max-image-preview":"max-image-preview:large","max-video-preview":"max-video-preview:-1"},"canonical":"https:\/\/www.purejewels.com\/tr\/urun\/22-ayar-altin-bileklik-rozetler-koleksiyonu-2-4-orta-agirlik-41588\/","og_locale":"tr_TR","og_type":"article","og_title":"22 Carat Gold Bangle | Rosettes Collection | Medium Weight","og_description":"Shop 22 Carat Gold Bangle from Rosettes Collection. Size 2.5. This beautiful bangle is made with high quality 22 carat gold and is perfect for any occasion.","og_url":"https:\/\/www.purejewels.com\/tr\/urun\/22-ayar-altin-bileklik-rozetler-koleksiyonu-2-4-orta-agirlik-41588\/","og_site_name":"PureJewels UK","article_modified_time":"2026-01-18T00:37:41+00:00","og_image":[{"width":1000,"height":1000,"url":"https:\/\/static.purejewels.com\/wp-content\/uploads\/2022\/07\/41588-41587-41590-41586-41589-1.jpg","type":"image\/jpeg"}],"twitter_card":"summary_large_image","twitter_misc":{"Tahmini okuma s\u00fcresi":"1 dakika"},"schema":{"@context":"https:\/\/schema.org","@graph":[{"@type":["WebPage","ItemPage"],"@id":"https:\/\/www.purejewels.com\/product\/22-carat-gold-bangle-rosettes-collection-2-4-medium-weight-41588\/","url":"https:\/\/www.purejewels.com\/product\/22-carat-gold-bangle-rosettes-collection-2-4-medium-weight-41588\/","name":"22 Ayar Alt\u0131n Bileklik | Rozet Koleksiyonu | Orta A\u011f\u0131rl\u0131k","isPartOf":{"@id":"https:\/\/www.purejewels.com\/#website"},"primaryImageOfPage":{"@id":"https:\/\/www.purejewels.com\/product\/22-carat-gold-bangle-rosettes-collection-2-4-medium-weight-41588\/#primaryimage"},"image":{"@id":"https:\/\/www.purejewels.com\/product\/22-carat-gold-bangle-rosettes-collection-2-4-medium-weight-41588\/#primaryimage"},"thumbnailUrl":"https:\/\/static.purejewels.com\/wp-content\/uploads\/2022\/07\/41588-41587-41590-41586-41589-1.jpg","datePublished":"2022-07-01T07:22:31+00:00","dateModified":"2026-01-18T00:37:41+00:00","description":"Rosettes Koleksiyonu'ndan 22 Ayar Alt\u0131n Bileklik sat\u0131n al\u0131n. Beden 2,5. Bu g\u00fczel bileklik y\u00fcksek kaliteli 22 ayar alt\u0131ndan yap\u0131lm\u0131\u015ft\u0131r ve her durum i\u00e7in m\u00fckemmeldir.","breadcrumb":{"@id":"https:\/\/www.purejewels.com\/product\/22-carat-gold-bangle-rosettes-collection-2-4-medium-weight-41588\/#breadcrumb"},"inLanguage":"tr","potentialAction":[{"@type":"ReadAction","target":["https:\/\/www.purejewels.com\/product\/22-carat-gold-bangle-rosettes-collection-2-4-medium-weight-41588\/"]}]},{"@type":"ImageObject","inLanguage":"tr","@id":"https:\/\/www.purejewels.com\/product\/22-carat-gold-bangle-rosettes-collection-2-4-medium-weight-41588\/#primaryimage","url":"https:\/\/static.purejewels.com\/wp-content\/uploads\/2022\/07\/41588-41587-41590-41586-41589-1.jpg","contentUrl":"https:\/\/static.purejewels.com\/wp-content\/uploads\/2022\/07\/41588-41587-41590-41586-41589-1.jpg","width":1000,"height":1000},{"@type":"BreadcrumbList","@id":"https:\/\/www.purejewels.com\/product\/22-carat-gold-bangle-rosettes-collection-2-4-medium-weight-41588\/#breadcrumb","itemListElement":[{"@type":"ListItem","position":1,"name":"Home","item":"https:\/\/www.purejewels.com\/"},{"@type":"ListItem","position":2,"name":"Shop","item":"https:\/\/www.purejewels.com\/shop\/"},{"@type":"ListItem","position":3,"name":"22 Carat Gold Bangle | Rosettes Collection | Size 2.5"}]},{"@type":"WebSite","@id":"https:\/\/www.purejewels.com\/#website","url":"https:\/\/www.purejewels.com\/","name":"PureJewels \u0130ngiltere","description":"Sevgiyi Payla\u015f\u0131n","publisher":{"@id":"https:\/\/www.purejewels.com\/#organization"},"potentialAction":[{"@type":"SearchAction","target":{"@type":"EntryPoint","urlTemplate":"https:\/\/www.purejewels.com\/?s={search_term_string}"},"query-input":{"@type":"PropertyValueSpecification","valueRequired":true,"valueName":"search_term_string"}}],"inLanguage":"tr"},{"@type":"Organization","@id":"https:\/\/www.purejewels.com\/#organization","name":"PureJewels \u0130ngiltere","url":"https:\/\/www.purejewels.com\/","logo":{"@type":"ImageObject","inLanguage":"tr","@id":"https:\/\/www.purejewels.com\/#\/schema\/logo\/image\/","url":"https:\/\/static.purejewels.com\/wp-content\/uploads\/2020\/11\/Logo-PJ-New-1.png","contentUrl":"https:\/\/static.purejewels.com\/wp-content\/uploads\/2020\/11\/Logo-PJ-New-1.png","width":150,"height":80,"caption":"PureJewels UK"},"image":{"@id":"https:\/\/www.purejewels.com\/#\/schema\/logo\/image\/"}}]}},"_links":{"self":[{"href":"https:\/\/www.purejewels.com\/tr\/wp-json\/wp\/v2\/product\/337760","targetHints":{"allow":["GET"]}}],"collection":[{"href":"https:\/\/www.purejewels.com\/tr\/wp-json\/wp\/v2\/product"}],"about":[{"href":"https:\/\/www.purejewels.com\/tr\/wp-json\/wp\/v2\/types\/product"}],"replies":[{"embeddable":true,"href":"https:\/\/www.purejewels.com\/tr\/wp-json\/wp\/v2\/comments?post=337760"}],"version-history":[{"count":2,"href":"https:\/\/www.purejewels.com\/tr\/wp-json\/wp\/v2\/product\/337760\/revisions"}],"predecessor-version":[{"id":424468,"href":"https:\/\/www.purejewels.com\/tr\/wp-json\/wp\/v2\/product\/337760\/revisions\/424468"}],"wp:featuredmedia":[{"embeddable":true,"href":"https:\/\/www.purejewels.com\/tr\/wp-json\/wp\/v2\/media\/337761"}],"wp:attachment":[{"href":"https:\/\/www.purejewels.com\/tr\/wp-json\/wp\/v2\/media?parent=337760"}],"wp:term":[{"taxonomy":"product_brand","embeddable":true,"href":"https:\/\/www.purejewels.com\/tr\/wp-json\/wp\/v2\/product_brand?post=337760"},{"taxonomy":"product_cat","embeddable":true,"href":"https:\/\/www.purejewels.com\/tr\/wp-json\/wp\/v2\/product_cat?post=337760"},{"taxonomy":"product_tag","embeddable":true,"href":"https:\/\/www.purejewels.com\/tr\/wp-json\/wp\/v2\/product_tag?post=337760"}],"curies":[{"name":"wp","href":"https:\/\/api.w.org\/{rel}","templated":true}]}}