{"id":337855,"date":"2022-07-05T07:40:51","date_gmt":"2022-07-05T06:40:51","guid":{"rendered":"https:\/\/www.purejewels.com\/?post_type=product&#038;p=337855"},"modified":"2026-01-06T08:09:09","modified_gmt":"2026-01-06T08:09:09","slug":"22-ayar-altin-geleneksel-kolye-ucu-rodyum-kaplama-41831","status":"publish","type":"product","link":"https:\/\/www.purejewels.com\/tr\/product\/22ct-gold-traditional-pendant-rhodium-finish-41831\/","title":{"rendered":"22 Ayar Alt\u0131n Geleneksel Kolye Ucu | Rodyum Kaplama"},"content":{"rendered":"<ul>\n<li>A\u011f\u0131rl\u0131k 3,1 gms<\/li>\n<li>SKU. 41831<\/li>\n<\/ul>","protected":false},"excerpt":{"rendered":"<ul>\n<li>22 Ayar Alt\u0131n Geleneksel Kolye Ucu | Rodyum Kaplama<\/li>\n<li>\u00a0G\u00fcl Alt\u0131n Kaplama<\/li>\n<li>A\u011f\u0131rl\u0131k 3,1 gms<\/li>\n<li>SKU. 41831<\/li>\n<li>T\u00fcm \u00fcr\u00fcnlerimiz London Assay Office taraf\u0131ndan damgalanm\u0131\u015ft\u0131r<\/li>\n<li>Sunum Kutusu ile Birlikte Gelir<\/li>\n<li>Teslimat Dahil<\/li>\n<li>T\u00fcm fiyatlara KDV dahildir<\/li>\n<li>\u015eu anda stokta bulunan Kolyelerin mevcudiyeti ve daha fazla g\u00f6rsel i\u00e7in bizimle canl\u0131 sohbet edin<\/li>\n<\/ul>","protected":false},"featured_media":337856,"comment_status":"closed","ping_status":"closed","template":"","meta":{"_eb_attr":"","_crsspst_to_jayantr4sg-hostcom":false},"product_brand":[],"product_cat":[1791,1559,1770,1255,1767],"product_tag":[],"class_list":{"0":"post-337855","1":"product","2":"type-product","3":"status-publish","4":"has-post-thumbnail","6":"product_cat-anniversary-gifts","7":"product_cat-birthday-gifts","8":"product_cat-fancy-pendants","9":"product_cat-gold-pendants","10":"product_cat-ladies-pendants","12":"first","13":"outofstock","14":"taxable","15":"shipping-taxable","16":"product-type-simple","17":"add-to-wishlist-before_image"},"yoast_head":"<!-- This site is optimized with the Yoast SEO plugin v27.3 - https:\/\/yoast.com\/product\/yoast-seo-wordpress\/ -->\n<title>22ct Gold Traditional Pendant | Rose Gold<\/title>\n<meta name=\"robots\" content=\"index, follow, max-snippet:-1, max-image-preview:large, max-video-preview:-1\" \/>\n<link rel=\"canonical\" href=\"https:\/\/www.purejewels.com\/tr\/urun\/22-ayar-altin-geleneksel-kolye-ucu-rodyum-kaplama-41831\/\" \/>\n<meta property=\"og:locale\" content=\"tr_TR\" \/>\n<meta property=\"og:type\" content=\"article\" \/>\n<meta property=\"og:title\" content=\"22ct Gold Traditional Pendant | Rose Gold\" \/>\n<meta property=\"og:description\" content=\"22ct Gold Traditional Pendant | Rhodium Finish  \u00a0Rose Gold Finish  Wt. 3.1 gms  SKU. 41831  All our products are hallmarked by London Assay Office  Comes With Presentation Box  Delivery Included  All prices include VAT  Live chat with us for availability and more images of\u00a0 Pendants currently in stock\" \/>\n<meta property=\"og:url\" content=\"https:\/\/www.purejewels.com\/tr\/urun\/22-ayar-altin-geleneksel-kolye-ucu-rodyum-kaplama-41831\/\" \/>\n<meta property=\"og:site_name\" content=\"PureJewels UK\" \/>\n<meta property=\"article:modified_time\" content=\"2026-01-06T08:09:09+00:00\" \/>\n<meta property=\"og:image\" content=\"https:\/\/www.purejewels.com\/wp-content\/uploads\/2022\/07\/41831-2.jpg\" \/>\n\t<meta property=\"og:image:width\" content=\"1000\" \/>\n\t<meta property=\"og:image:height\" content=\"1000\" \/>\n\t<meta property=\"og:image:type\" content=\"image\/jpeg\" \/>\n<meta name=\"twitter:card\" content=\"summary_large_image\" \/>\n<meta name=\"twitter:label1\" content=\"Tahmini okuma s\u00fcresi\" \/>\n\t<meta name=\"twitter:data1\" content=\"1 dakika\" \/>\n<script type=\"application\/ld+json\" class=\"yoast-schema-graph\">{\"@context\":\"https:\\\/\\\/schema.org\",\"@graph\":[{\"@type\":[\"WebPage\",\"ItemPage\"],\"@id\":\"https:\\\/\\\/www.purejewels.com\\\/product\\\/22ct-gold-traditional-pendant-rhodium-finish-41831\\\/\",\"url\":\"https:\\\/\\\/www.purejewels.com\\\/product\\\/22ct-gold-traditional-pendant-rhodium-finish-41831\\\/\",\"name\":\"22ct Gold Traditional Pendant | Rose Gold\",\"isPartOf\":{\"@id\":\"https:\\\/\\\/www.purejewels.com\\\/#website\"},\"primaryImageOfPage\":{\"@id\":\"https:\\\/\\\/www.purejewels.com\\\/product\\\/22ct-gold-traditional-pendant-rhodium-finish-41831\\\/#primaryimage\"},\"image\":{\"@id\":\"https:\\\/\\\/www.purejewels.com\\\/product\\\/22ct-gold-traditional-pendant-rhodium-finish-41831\\\/#primaryimage\"},\"thumbnailUrl\":\"https:\\\/\\\/static.purejewels.com\\\/wp-content\\\/uploads\\\/2022\\\/07\\\/41831-2.jpg\",\"datePublished\":\"2022-07-05T06:40:51+00:00\",\"dateModified\":\"2026-01-06T08:09:09+00:00\",\"breadcrumb\":{\"@id\":\"https:\\\/\\\/www.purejewels.com\\\/product\\\/22ct-gold-traditional-pendant-rhodium-finish-41831\\\/#breadcrumb\"},\"inLanguage\":\"tr\",\"potentialAction\":[{\"@type\":\"ReadAction\",\"target\":[\"https:\\\/\\\/www.purejewels.com\\\/product\\\/22ct-gold-traditional-pendant-rhodium-finish-41831\\\/\"]}]},{\"@type\":\"ImageObject\",\"inLanguage\":\"tr\",\"@id\":\"https:\\\/\\\/www.purejewels.com\\\/product\\\/22ct-gold-traditional-pendant-rhodium-finish-41831\\\/#primaryimage\",\"url\":\"https:\\\/\\\/static.purejewels.com\\\/wp-content\\\/uploads\\\/2022\\\/07\\\/41831-2.jpg\",\"contentUrl\":\"https:\\\/\\\/static.purejewels.com\\\/wp-content\\\/uploads\\\/2022\\\/07\\\/41831-2.jpg\",\"width\":1000,\"height\":1000},{\"@type\":\"BreadcrumbList\",\"@id\":\"https:\\\/\\\/www.purejewels.com\\\/product\\\/22ct-gold-traditional-pendant-rhodium-finish-41831\\\/#breadcrumb\",\"itemListElement\":[{\"@type\":\"ListItem\",\"position\":1,\"name\":\"Home\",\"item\":\"https:\\\/\\\/www.purejewels.com\\\/\"},{\"@type\":\"ListItem\",\"position\":2,\"name\":\"Shop\",\"item\":\"https:\\\/\\\/www.purejewels.com\\\/shop\\\/\"},{\"@type\":\"ListItem\",\"position\":3,\"name\":\"22ct Gold Traditional Pendant | Rhodium Finish\"}]},{\"@type\":\"WebSite\",\"@id\":\"https:\\\/\\\/www.purejewels.com\\\/#website\",\"url\":\"https:\\\/\\\/www.purejewels.com\\\/\",\"name\":\"PureJewels UK\",\"description\":\"Share the Love\",\"publisher\":{\"@id\":\"https:\\\/\\\/www.purejewels.com\\\/#organization\"},\"potentialAction\":[{\"@type\":\"SearchAction\",\"target\":{\"@type\":\"EntryPoint\",\"urlTemplate\":\"https:\\\/\\\/www.purejewels.com\\\/?s={search_term_string}\"},\"query-input\":{\"@type\":\"PropertyValueSpecification\",\"valueRequired\":true,\"valueName\":\"search_term_string\"}}],\"inLanguage\":\"tr\"},{\"@type\":\"Organization\",\"@id\":\"https:\\\/\\\/www.purejewels.com\\\/#organization\",\"name\":\"PureJewels UK\",\"url\":\"https:\\\/\\\/www.purejewels.com\\\/\",\"logo\":{\"@type\":\"ImageObject\",\"inLanguage\":\"tr\",\"@id\":\"https:\\\/\\\/www.purejewels.com\\\/#\\\/schema\\\/logo\\\/image\\\/\",\"url\":\"https:\\\/\\\/static.purejewels.com\\\/wp-content\\\/uploads\\\/2020\\\/11\\\/Logo-PJ-New-1.png\",\"contentUrl\":\"https:\\\/\\\/static.purejewels.com\\\/wp-content\\\/uploads\\\/2020\\\/11\\\/Logo-PJ-New-1.png\",\"width\":150,\"height\":80,\"caption\":\"PureJewels UK\"},\"image\":{\"@id\":\"https:\\\/\\\/www.purejewels.com\\\/#\\\/schema\\\/logo\\\/image\\\/\"}}]}<\/script>\n<!-- \/ Yoast SEO plugin. -->","yoast_head_json":{"title":"22 Ayar Alt\u0131n Geleneksel Kolye Ucu | Pembe Alt\u0131n","robots":{"index":"index","follow":"follow","max-snippet":"max-snippet:-1","max-image-preview":"max-image-preview:large","max-video-preview":"max-video-preview:-1"},"canonical":"https:\/\/www.purejewels.com\/tr\/urun\/22-ayar-altin-geleneksel-kolye-ucu-rodyum-kaplama-41831\/","og_locale":"tr_TR","og_type":"article","og_title":"22ct Gold Traditional Pendant | Rose Gold","og_description":"22ct Gold Traditional Pendant | Rhodium Finish  \u00a0Rose Gold Finish  Wt. 3.1 gms  SKU. 41831  All our products are hallmarked by London Assay Office  Comes With Presentation Box  Delivery Included  All prices include VAT  Live chat with us for availability and more images of\u00a0 Pendants currently in stock","og_url":"https:\/\/www.purejewels.com\/tr\/urun\/22-ayar-altin-geleneksel-kolye-ucu-rodyum-kaplama-41831\/","og_site_name":"PureJewels UK","article_modified_time":"2026-01-06T08:09:09+00:00","og_image":[{"width":1000,"height":1000,"url":"https:\/\/www.purejewels.com\/wp-content\/uploads\/2022\/07\/41831-2.jpg","type":"image\/jpeg"}],"twitter_card":"summary_large_image","twitter_misc":{"Tahmini okuma s\u00fcresi":"1 dakika"},"schema":{"@context":"https:\/\/schema.org","@graph":[{"@type":["WebPage","ItemPage"],"@id":"https:\/\/www.purejewels.com\/product\/22ct-gold-traditional-pendant-rhodium-finish-41831\/","url":"https:\/\/www.purejewels.com\/product\/22ct-gold-traditional-pendant-rhodium-finish-41831\/","name":"22 Ayar Alt\u0131n Geleneksel Kolye Ucu | Pembe Alt\u0131n","isPartOf":{"@id":"https:\/\/www.purejewels.com\/#website"},"primaryImageOfPage":{"@id":"https:\/\/www.purejewels.com\/product\/22ct-gold-traditional-pendant-rhodium-finish-41831\/#primaryimage"},"image":{"@id":"https:\/\/www.purejewels.com\/product\/22ct-gold-traditional-pendant-rhodium-finish-41831\/#primaryimage"},"thumbnailUrl":"https:\/\/static.purejewels.com\/wp-content\/uploads\/2022\/07\/41831-2.jpg","datePublished":"2022-07-05T06:40:51+00:00","dateModified":"2026-01-06T08:09:09+00:00","breadcrumb":{"@id":"https:\/\/www.purejewels.com\/product\/22ct-gold-traditional-pendant-rhodium-finish-41831\/#breadcrumb"},"inLanguage":"tr","potentialAction":[{"@type":"ReadAction","target":["https:\/\/www.purejewels.com\/product\/22ct-gold-traditional-pendant-rhodium-finish-41831\/"]}]},{"@type":"ImageObject","inLanguage":"tr","@id":"https:\/\/www.purejewels.com\/product\/22ct-gold-traditional-pendant-rhodium-finish-41831\/#primaryimage","url":"https:\/\/static.purejewels.com\/wp-content\/uploads\/2022\/07\/41831-2.jpg","contentUrl":"https:\/\/static.purejewels.com\/wp-content\/uploads\/2022\/07\/41831-2.jpg","width":1000,"height":1000},{"@type":"BreadcrumbList","@id":"https:\/\/www.purejewels.com\/product\/22ct-gold-traditional-pendant-rhodium-finish-41831\/#breadcrumb","itemListElement":[{"@type":"ListItem","position":1,"name":"Home","item":"https:\/\/www.purejewels.com\/"},{"@type":"ListItem","position":2,"name":"Shop","item":"https:\/\/www.purejewels.com\/shop\/"},{"@type":"ListItem","position":3,"name":"22ct Gold Traditional Pendant | Rhodium Finish"}]},{"@type":"WebSite","@id":"https:\/\/www.purejewels.com\/#website","url":"https:\/\/www.purejewels.com\/","name":"PureJewels \u0130ngiltere","description":"Sevgiyi Payla\u015f\u0131n","publisher":{"@id":"https:\/\/www.purejewels.com\/#organization"},"potentialAction":[{"@type":"SearchAction","target":{"@type":"EntryPoint","urlTemplate":"https:\/\/www.purejewels.com\/?s={search_term_string}"},"query-input":{"@type":"PropertyValueSpecification","valueRequired":true,"valueName":"search_term_string"}}],"inLanguage":"tr"},{"@type":"Organization","@id":"https:\/\/www.purejewels.com\/#organization","name":"PureJewels \u0130ngiltere","url":"https:\/\/www.purejewels.com\/","logo":{"@type":"ImageObject","inLanguage":"tr","@id":"https:\/\/www.purejewels.com\/#\/schema\/logo\/image\/","url":"https:\/\/static.purejewels.com\/wp-content\/uploads\/2020\/11\/Logo-PJ-New-1.png","contentUrl":"https:\/\/static.purejewels.com\/wp-content\/uploads\/2020\/11\/Logo-PJ-New-1.png","width":150,"height":80,"caption":"PureJewels UK"},"image":{"@id":"https:\/\/www.purejewels.com\/#\/schema\/logo\/image\/"}}]}},"_links":{"self":[{"href":"https:\/\/www.purejewels.com\/tr\/wp-json\/wp\/v2\/product\/337855","targetHints":{"allow":["GET"]}}],"collection":[{"href":"https:\/\/www.purejewels.com\/tr\/wp-json\/wp\/v2\/product"}],"about":[{"href":"https:\/\/www.purejewels.com\/tr\/wp-json\/wp\/v2\/types\/product"}],"replies":[{"embeddable":true,"href":"https:\/\/www.purejewels.com\/tr\/wp-json\/wp\/v2\/comments?post=337855"}],"version-history":[{"count":0,"href":"https:\/\/www.purejewels.com\/tr\/wp-json\/wp\/v2\/product\/337855\/revisions"}],"wp:featuredmedia":[{"embeddable":true,"href":"https:\/\/www.purejewels.com\/tr\/wp-json\/wp\/v2\/media\/337856"}],"wp:attachment":[{"href":"https:\/\/www.purejewels.com\/tr\/wp-json\/wp\/v2\/media?parent=337855"}],"wp:term":[{"taxonomy":"product_brand","embeddable":true,"href":"https:\/\/www.purejewels.com\/tr\/wp-json\/wp\/v2\/product_brand?post=337855"},{"taxonomy":"product_cat","embeddable":true,"href":"https:\/\/www.purejewels.com\/tr\/wp-json\/wp\/v2\/product_cat?post=337855"},{"taxonomy":"product_tag","embeddable":true,"href":"https:\/\/www.purejewels.com\/tr\/wp-json\/wp\/v2\/product_tag?post=337855"}],"curies":[{"name":"wp","href":"https:\/\/api.w.org\/{rel}","templated":true}]}}