{"id":337910,"date":"2022-07-07T12:56:55","date_gmt":"2022-07-07T11:56:55","guid":{"rendered":"https:\/\/www.purejewels.com\/?post_type=product&#038;p=337910"},"modified":"2026-01-10T16:14:56","modified_gmt":"2026-01-10T16:14:56","slug":"22-ayar-altin-dc-bayan-bileklik-gunluk-kullanim-2-4-orta-agirlik-43174","status":"publish","type":"product","link":"https:\/\/www.purejewels.com\/tr\/product\/22ct-gold-dc-ladies-bangle-daily-wear-2-4-mediumweight-43174\/","title":{"rendered":"22 Ayar Alt\u0131n DC Bayan Bileklik | G\u00fcnl\u00fck Giyim | 2,4 | Orta A\u011f\u0131rl\u0131k"},"content":{"rendered":"<ul>\n<li>A\u011f\u0131rl\u0131k 16 gms<\/li>\n<li>Boyut: 2,4 in\u00e7 i\u00e7 \u00e7ap<\/li>\n<li>SKU. 43174<\/li>\n<\/ul>","protected":false},"excerpt":{"rendered":"<table class=\"sh_desc\">\n<tbody>\n<tr>\n<td>Bileklik T\u00fcr\u00fc<\/td>\n<td>G\u00fcnl\u00fck Giyim Bileklik<\/td>\n<\/tr>\n<tr>\n<td>SKU<\/td>\n<td>43174<\/td>\n<\/tr>\n<tr>\n<td>A\u011f\u0131rl\u0131k<\/td>\n<td>16 Gms<\/td>\n<\/tr>\n<tr>\n<td>Metal<\/td>\n<td>22 Ayar Alt\u0131n<\/td>\n<\/tr>\n<tr>\n<td>Bileklik \u00d6l\u00e7\u00fcs\u00fc<\/td>\n<td>2.4 (Ek boyutlar i\u00e7in l\u00fctfen sorunuz)<\/td>\n<\/tr>\n<tr>\n<td>Hallmark<\/td>\n<td>Londra Tahlil Ofisi Taraf\u0131ndan Damgalanm\u0131\u015f 22 Ayar Alt\u0131n<\/td>\n<\/tr>\n<tr>\n<td>\u00dccretler<\/td>\n<td>Teslimat ve KDV Dahil<\/td>\n<\/tr>\n<tr>\n<td>Paketleme<\/td>\n<td>Sunum Kutusu ile Birlikte Gelir<\/td>\n<\/tr>\n<tr>\n<td>Daha Fazla Bilgi<\/td>\n<td>\n<ul>\n<li>Not: Burada belirtilen fiyat Tek Bileklik i\u00e7indir<\/li>\n<li>M\u00fcsaitlik durumu ve daha fazla resim i\u00e7in bizimle canl\u0131 sohbet edin<\/li>\n<\/ul>\n<\/td>\n<\/tr>\n<\/tbody>\n<\/table>","protected":false},"featured_media":0,"comment_status":"closed","ping_status":"closed","template":"","meta":{"_eb_attr":"","_crsspst_to_jayantr4sg-hostcom":false},"product_brand":[],"product_cat":[1791,5270,1793,1233,1657,1573,1574],"product_tag":[1514],"class_list":{"0":"post-337910","1":"product","2":"type-product","3":"status-publish","5":"product_cat-anniversary-gifts","6":"product_cat-daily-wear-bangles","7":"product_cat-diwali-gifts","8":"product_cat-gold-bangles","9":"product_cat-single-bangle","10":"product_cat-wedding-gifts","11":"product_cat-womens-jewellery","12":"product_tag-bangles","14":"first","15":"outofstock","16":"taxable","17":"shipping-taxable","18":"product-type-simple","19":"add-to-wishlist-before_image"},"yoast_head":"<!-- This site is optimized with the Yoast SEO plugin v27.3 - https:\/\/yoast.com\/product\/yoast-seo-wordpress\/ -->\n<title>22ct Gold DC Ladies Bangle | Daily Wear| Mediumweight | Purejewels.com<\/title>\n<meta name=\"robots\" content=\"index, follow, max-snippet:-1, max-image-preview:large, max-video-preview:-1\" \/>\n<link rel=\"canonical\" href=\"https:\/\/www.purejewels.com\/tr\/urun\/22-ayar-altin-dc-bayan-bileklik-gunluk-kullanim-2-4-orta-agirlik-43174\/\" \/>\n<meta property=\"og:locale\" content=\"tr_TR\" \/>\n<meta property=\"og:type\" content=\"article\" \/>\n<meta property=\"og:title\" content=\"22ct Gold DC Ladies Bangle | Daily Wear| Mediumweight | Purejewels.com\" \/>\n<meta property=\"og:description\" content=\"Type Of Bangle Daily Wear Bangle   SKU 43174   Weight 16\u00a0 Gms   Metal 22ct\u00a0Gold   Bangle Size 2.4 (Please enquire for additional sizes)   Hallmark 22ct Gold Hallmarked by\u00a0London\u00a0Assay\u00a0Office   Charges Delivery\u00a0and\u00a0VAT\u00a0Included   Packaging Comes\u00a0With\u00a0Presentation\u00a0Box   More\u00a0Information    Note: the price quoted here is for a Single Bangle  Live chat with us for availability\u00a0and\u00a0more\u00a0images\" \/>\n<meta property=\"og:url\" content=\"https:\/\/www.purejewels.com\/tr\/urun\/22-ayar-altin-dc-bayan-bileklik-gunluk-kullanim-2-4-orta-agirlik-43174\/\" \/>\n<meta property=\"og:site_name\" content=\"PureJewels UK\" \/>\n<meta property=\"article:modified_time\" content=\"2026-01-10T16:14:56+00:00\" \/>\n<meta name=\"twitter:card\" content=\"summary_large_image\" \/>\n<meta name=\"twitter:label1\" content=\"Tahmini okuma s\u00fcresi\" \/>\n\t<meta name=\"twitter:data1\" content=\"1 dakika\" \/>\n<script type=\"application\/ld+json\" class=\"yoast-schema-graph\">{\"@context\":\"https:\\\/\\\/schema.org\",\"@graph\":[{\"@type\":[\"WebPage\",\"ItemPage\"],\"@id\":\"https:\\\/\\\/www.purejewels.com\\\/product\\\/22ct-gold-dc-ladies-bangle-daily-wear-2-4-mediumweight-43174\\\/\",\"url\":\"https:\\\/\\\/www.purejewels.com\\\/product\\\/22ct-gold-dc-ladies-bangle-daily-wear-2-4-mediumweight-43174\\\/\",\"name\":\"22ct Gold DC Ladies Bangle | Daily Wear| Mediumweight | Purejewels.com\",\"isPartOf\":{\"@id\":\"https:\\\/\\\/www.purejewels.com\\\/#website\"},\"datePublished\":\"2022-07-07T11:56:55+00:00\",\"dateModified\":\"2026-01-10T16:14:56+00:00\",\"breadcrumb\":{\"@id\":\"https:\\\/\\\/www.purejewels.com\\\/product\\\/22ct-gold-dc-ladies-bangle-daily-wear-2-4-mediumweight-43174\\\/#breadcrumb\"},\"inLanguage\":\"tr\",\"potentialAction\":[{\"@type\":\"ReadAction\",\"target\":[\"https:\\\/\\\/www.purejewels.com\\\/product\\\/22ct-gold-dc-ladies-bangle-daily-wear-2-4-mediumweight-43174\\\/\"]}]},{\"@type\":\"BreadcrumbList\",\"@id\":\"https:\\\/\\\/www.purejewels.com\\\/product\\\/22ct-gold-dc-ladies-bangle-daily-wear-2-4-mediumweight-43174\\\/#breadcrumb\",\"itemListElement\":[{\"@type\":\"ListItem\",\"position\":1,\"name\":\"Home\",\"item\":\"https:\\\/\\\/www.purejewels.com\\\/\"},{\"@type\":\"ListItem\",\"position\":2,\"name\":\"Shop\",\"item\":\"https:\\\/\\\/www.purejewels.com\\\/shop\\\/\"},{\"@type\":\"ListItem\",\"position\":3,\"name\":\"22ct Gold DC Ladies Bangle | Daily Wear | 2.4 | Mediumweight\"}]},{\"@type\":\"WebSite\",\"@id\":\"https:\\\/\\\/www.purejewels.com\\\/#website\",\"url\":\"https:\\\/\\\/www.purejewels.com\\\/\",\"name\":\"PureJewels UK\",\"description\":\"Share the Love\",\"publisher\":{\"@id\":\"https:\\\/\\\/www.purejewels.com\\\/#organization\"},\"potentialAction\":[{\"@type\":\"SearchAction\",\"target\":{\"@type\":\"EntryPoint\",\"urlTemplate\":\"https:\\\/\\\/www.purejewels.com\\\/?s={search_term_string}\"},\"query-input\":{\"@type\":\"PropertyValueSpecification\",\"valueRequired\":true,\"valueName\":\"search_term_string\"}}],\"inLanguage\":\"tr\"},{\"@type\":\"Organization\",\"@id\":\"https:\\\/\\\/www.purejewels.com\\\/#organization\",\"name\":\"PureJewels UK\",\"url\":\"https:\\\/\\\/www.purejewels.com\\\/\",\"logo\":{\"@type\":\"ImageObject\",\"inLanguage\":\"tr\",\"@id\":\"https:\\\/\\\/www.purejewels.com\\\/#\\\/schema\\\/logo\\\/image\\\/\",\"url\":\"https:\\\/\\\/static.purejewels.com\\\/wp-content\\\/uploads\\\/2020\\\/11\\\/Logo-PJ-New-1.png\",\"contentUrl\":\"https:\\\/\\\/static.purejewels.com\\\/wp-content\\\/uploads\\\/2020\\\/11\\\/Logo-PJ-New-1.png\",\"width\":150,\"height\":80,\"caption\":\"PureJewels UK\"},\"image\":{\"@id\":\"https:\\\/\\\/www.purejewels.com\\\/#\\\/schema\\\/logo\\\/image\\\/\"}}]}<\/script>\n<!-- \/ Yoast SEO plugin. -->","yoast_head_json":{"title":"22 Ayar Alt\u0131n DC Bayan Bileklik | G\u00fcnl\u00fck Giyim | Orta A\u011f\u0131rl\u0131k | Purejewels.com","robots":{"index":"index","follow":"follow","max-snippet":"max-snippet:-1","max-image-preview":"max-image-preview:large","max-video-preview":"max-video-preview:-1"},"canonical":"https:\/\/www.purejewels.com\/tr\/urun\/22-ayar-altin-dc-bayan-bileklik-gunluk-kullanim-2-4-orta-agirlik-43174\/","og_locale":"tr_TR","og_type":"article","og_title":"22ct Gold DC Ladies Bangle | Daily Wear| Mediumweight | Purejewels.com","og_description":"Type Of Bangle Daily Wear Bangle   SKU 43174   Weight 16\u00a0 Gms   Metal 22ct\u00a0Gold   Bangle Size 2.4 (Please enquire for additional sizes)   Hallmark 22ct Gold Hallmarked by\u00a0London\u00a0Assay\u00a0Office   Charges Delivery\u00a0and\u00a0VAT\u00a0Included   Packaging Comes\u00a0With\u00a0Presentation\u00a0Box   More\u00a0Information    Note: the price quoted here is for a Single Bangle  Live chat with us for availability\u00a0and\u00a0more\u00a0images","og_url":"https:\/\/www.purejewels.com\/tr\/urun\/22-ayar-altin-dc-bayan-bileklik-gunluk-kullanim-2-4-orta-agirlik-43174\/","og_site_name":"PureJewels UK","article_modified_time":"2026-01-10T16:14:56+00:00","twitter_card":"summary_large_image","twitter_misc":{"Tahmini okuma s\u00fcresi":"1 dakika"},"schema":{"@context":"https:\/\/schema.org","@graph":[{"@type":["WebPage","ItemPage"],"@id":"https:\/\/www.purejewels.com\/product\/22ct-gold-dc-ladies-bangle-daily-wear-2-4-mediumweight-43174\/","url":"https:\/\/www.purejewels.com\/product\/22ct-gold-dc-ladies-bangle-daily-wear-2-4-mediumweight-43174\/","name":"22 Ayar Alt\u0131n DC Bayan Bileklik | G\u00fcnl\u00fck Giyim | Orta A\u011f\u0131rl\u0131k | Purejewels.com","isPartOf":{"@id":"https:\/\/www.purejewels.com\/#website"},"datePublished":"2022-07-07T11:56:55+00:00","dateModified":"2026-01-10T16:14:56+00:00","breadcrumb":{"@id":"https:\/\/www.purejewels.com\/product\/22ct-gold-dc-ladies-bangle-daily-wear-2-4-mediumweight-43174\/#breadcrumb"},"inLanguage":"tr","potentialAction":[{"@type":"ReadAction","target":["https:\/\/www.purejewels.com\/product\/22ct-gold-dc-ladies-bangle-daily-wear-2-4-mediumweight-43174\/"]}]},{"@type":"BreadcrumbList","@id":"https:\/\/www.purejewels.com\/product\/22ct-gold-dc-ladies-bangle-daily-wear-2-4-mediumweight-43174\/#breadcrumb","itemListElement":[{"@type":"ListItem","position":1,"name":"Home","item":"https:\/\/www.purejewels.com\/"},{"@type":"ListItem","position":2,"name":"Shop","item":"https:\/\/www.purejewels.com\/shop\/"},{"@type":"ListItem","position":3,"name":"22ct Gold DC Ladies Bangle | Daily Wear | 2.4 | Mediumweight"}]},{"@type":"WebSite","@id":"https:\/\/www.purejewels.com\/#website","url":"https:\/\/www.purejewels.com\/","name":"PureJewels \u0130ngiltere","description":"Sevgiyi Payla\u015f\u0131n","publisher":{"@id":"https:\/\/www.purejewels.com\/#organization"},"potentialAction":[{"@type":"SearchAction","target":{"@type":"EntryPoint","urlTemplate":"https:\/\/www.purejewels.com\/?s={search_term_string}"},"query-input":{"@type":"PropertyValueSpecification","valueRequired":true,"valueName":"search_term_string"}}],"inLanguage":"tr"},{"@type":"Organization","@id":"https:\/\/www.purejewels.com\/#organization","name":"PureJewels \u0130ngiltere","url":"https:\/\/www.purejewels.com\/","logo":{"@type":"ImageObject","inLanguage":"tr","@id":"https:\/\/www.purejewels.com\/#\/schema\/logo\/image\/","url":"https:\/\/static.purejewels.com\/wp-content\/uploads\/2020\/11\/Logo-PJ-New-1.png","contentUrl":"https:\/\/static.purejewels.com\/wp-content\/uploads\/2020\/11\/Logo-PJ-New-1.png","width":150,"height":80,"caption":"PureJewels UK"},"image":{"@id":"https:\/\/www.purejewels.com\/#\/schema\/logo\/image\/"}}]}},"_links":{"self":[{"href":"https:\/\/www.purejewels.com\/tr\/wp-json\/wp\/v2\/product\/337910","targetHints":{"allow":["GET"]}}],"collection":[{"href":"https:\/\/www.purejewels.com\/tr\/wp-json\/wp\/v2\/product"}],"about":[{"href":"https:\/\/www.purejewels.com\/tr\/wp-json\/wp\/v2\/types\/product"}],"replies":[{"embeddable":true,"href":"https:\/\/www.purejewels.com\/tr\/wp-json\/wp\/v2\/comments?post=337910"}],"version-history":[{"count":1,"href":"https:\/\/www.purejewels.com\/tr\/wp-json\/wp\/v2\/product\/337910\/revisions"}],"predecessor-version":[{"id":424518,"href":"https:\/\/www.purejewels.com\/tr\/wp-json\/wp\/v2\/product\/337910\/revisions\/424518"}],"wp:attachment":[{"href":"https:\/\/www.purejewels.com\/tr\/wp-json\/wp\/v2\/media?parent=337910"}],"wp:term":[{"taxonomy":"product_brand","embeddable":true,"href":"https:\/\/www.purejewels.com\/tr\/wp-json\/wp\/v2\/product_brand?post=337910"},{"taxonomy":"product_cat","embeddable":true,"href":"https:\/\/www.purejewels.com\/tr\/wp-json\/wp\/v2\/product_cat?post=337910"},{"taxonomy":"product_tag","embeddable":true,"href":"https:\/\/www.purejewels.com\/tr\/wp-json\/wp\/v2\/product_tag?post=337910"}],"curies":[{"name":"wp","href":"https:\/\/api.w.org\/{rel}","templated":true}]}}