{"id":337913,"date":"2022-07-07T13:14:21","date_gmt":"2022-07-07T12:14:21","guid":{"rendered":"https:\/\/www.purejewels.com\/?post_type=product&#038;p=337913"},"modified":"2026-01-10T16:14:57","modified_gmt":"2026-01-10T16:14:57","slug":"kadinlar-icin-22-ayar-altin-bileklik-gunluk-kullanim-2-4-orta-agirlik-43175","status":"publish","type":"product","link":"https:\/\/www.purejewels.com\/tr\/product\/22ct-gold-bangle-for-women-daily-wear-2-4-mediumweight-43175\/","title":{"rendered":"Kad\u0131nlar i\u00e7in 22 Ayar Alt\u0131n Bileklik | G\u00fcnl\u00fck Giyim | 2.4 Beden"},"content":{"rendered":"<ul>\n<li><b>Menzil kimli\u011fi. <\/b>YGBG174<\/li>\n<li>SKU. 43175<\/li>\n<\/ul>","protected":false},"excerpt":{"rendered":"<table class=\"sh_desc\">\n<tbody>\n<tr>\n<td>Bileklik T\u00fcr\u00fc<\/td>\n<td>G\u00fcnl\u00fck Giyim Bileklik<\/td>\n<\/tr>\n<tr>\n<td>SKU<\/td>\n<td>43175<\/td>\n<\/tr>\n<tr>\n<td>A\u011f\u0131rl\u0131k<\/td>\n<td>15,3 Gms<\/td>\n<\/tr>\n<tr>\n<td>Metal<\/td>\n<td>22 Ayar Alt\u0131n<\/td>\n<\/tr>\n<tr>\n<td>Bileklik \u00d6l\u00e7\u00fcs\u00fc<\/td>\n<td>2.4 (Ek boyutlar i\u00e7in l\u00fctfen sorunuz)<\/td>\n<\/tr>\n<tr>\n<td>Hallmark<\/td>\n<td>Londra Tahlil Ofisi Taraf\u0131ndan Damgalanm\u0131\u015f 22 Ayar Alt\u0131n<\/td>\n<\/tr>\n<tr>\n<td>\u00dccretler<\/td>\n<td>Teslimat ve KDV Dahil<\/td>\n<\/tr>\n<tr>\n<td>Paketleme<\/td>\n<td>Sunum Kutusu ile Birlikte Gelir<\/td>\n<\/tr>\n<tr>\n<td>Daha Fazla Bilgi<\/td>\n<td>\n<ul>\n<li>Not: Burada belirtilen fiyat Tek Bileklik i\u00e7indir<\/li>\n<li>M\u00fcsaitlik durumu ve daha fazla resim i\u00e7in bizimle canl\u0131 sohbet edin<\/li>\n<li>Kontrol etmek i\u00e7in buraya t\u0131klay\u0131n\u00a0<a href=\"https:\/\/www.purejewels.com\/tr\/bileklik-olcusu-nasil-alinir-2\/\" target=\"_blank\" rel=\"noopener\"><strong>Bileklik \u00d6l\u00e7\u00fcs\u00fc<\/strong><\/a><\/li>\n<\/ul>\n<\/td>\n<\/tr>\n<\/tbody>\n<\/table>","protected":false},"featured_media":350184,"comment_status":"closed","ping_status":"closed","template":"","meta":{"_eb_attr":"","_crsspst_to_jayantr4sg-hostcom":true},"product_brand":[],"product_cat":[1791,5270,1233,1229,1573,1574],"product_tag":[1514],"class_list":{"0":"post-337913","1":"product","2":"type-product","3":"status-publish","4":"has-post-thumbnail","6":"product_cat-anniversary-gifts","7":"product_cat-daily-wear-bangles","8":"product_cat-gold-bangles","9":"product_cat-22ct-gold-jewellery","10":"product_cat-wedding-gifts","11":"product_cat-womens-jewellery","12":"product_tag-bangles","14":"first","15":"outofstock","16":"sale","17":"taxable","18":"shipping-taxable","19":"product-type-simple","20":"add-to-wishlist-before_image"},"yoast_head":"<!-- This site is optimized with the Yoast SEO plugin v27.3 - https:\/\/yoast.com\/product\/yoast-seo-wordpress\/ -->\n<title>Daily wear 22ct Gold Bangle for Women in size 2.4<\/title>\n<meta name=\"robots\" content=\"index, follow, max-snippet:-1, max-image-preview:large, max-video-preview:-1\" \/>\n<link rel=\"canonical\" href=\"https:\/\/www.purejewels.com\/tr\/urun\/kadinlar-icin-22-ayar-altin-bileklik-gunluk-kullanim-2-4-orta-agirlik-43175\/\" \/>\n<meta property=\"og:locale\" content=\"tr_TR\" \/>\n<meta property=\"og:type\" content=\"article\" \/>\n<meta property=\"og:title\" content=\"Daily wear 22ct Gold Bangle for Women in size 2.4\" \/>\n<meta property=\"og:description\" content=\"Type Of Bangle Daily Wear Bangle   SKU 43175   Weight 15.3 Gms   Metal 22ct\u00a0Gold   Bangle Size 2.4 (Please enquire for additional sizes)   Hallmark 22ct Gold Hallmarked by\u00a0London\u00a0Assay\u00a0Office   Charges Delivery\u00a0and\u00a0VAT\u00a0Included   Packaging Comes\u00a0With\u00a0Presentation\u00a0Box   More\u00a0Information    Note: the price quoted here is for a Single Bangle  Live chat with us for availability\u00a0and\u00a0more\u00a0images  Click here to check your\u00a0Bangle Size\" \/>\n<meta property=\"og:url\" content=\"https:\/\/www.purejewels.com\/tr\/urun\/kadinlar-icin-22-ayar-altin-bileklik-gunluk-kullanim-2-4-orta-agirlik-43175\/\" \/>\n<meta property=\"og:site_name\" content=\"PureJewels UK\" \/>\n<meta property=\"article:modified_time\" content=\"2026-01-10T16:14:57+00:00\" \/>\n<meta property=\"og:image\" content=\"https:\/\/static.purejewels.com\/wp-content\/uploads\/2022\/07\/43173-43177-43175-2.jpg\" \/>\n\t<meta property=\"og:image:width\" content=\"1\" \/>\n\t<meta property=\"og:image:height\" content=\"1\" \/>\n\t<meta property=\"og:image:type\" content=\"image\/jpeg\" \/>\n<meta name=\"twitter:card\" content=\"summary_large_image\" \/>\n<meta name=\"twitter:label1\" content=\"Tahmini okuma s\u00fcresi\" \/>\n\t<meta name=\"twitter:data1\" content=\"1 dakika\" \/>\n<script type=\"application\/ld+json\" class=\"yoast-schema-graph\">{\"@context\":\"https:\\\/\\\/schema.org\",\"@graph\":[{\"@type\":[\"WebPage\",\"ItemPage\"],\"@id\":\"https:\\\/\\\/www.purejewels.com\\\/product\\\/22ct-gold-bangle-for-women-daily-wear-2-4-mediumweight-43175\\\/\",\"url\":\"https:\\\/\\\/www.purejewels.com\\\/product\\\/22ct-gold-bangle-for-women-daily-wear-2-4-mediumweight-43175\\\/\",\"name\":\"Daily wear 22ct Gold Bangle for Women in size 2.4\",\"isPartOf\":{\"@id\":\"https:\\\/\\\/www.purejewels.com\\\/#website\"},\"primaryImageOfPage\":{\"@id\":\"https:\\\/\\\/www.purejewels.com\\\/product\\\/22ct-gold-bangle-for-women-daily-wear-2-4-mediumweight-43175\\\/#primaryimage\"},\"image\":{\"@id\":\"https:\\\/\\\/www.purejewels.com\\\/product\\\/22ct-gold-bangle-for-women-daily-wear-2-4-mediumweight-43175\\\/#primaryimage\"},\"thumbnailUrl\":\"https:\\\/\\\/static.purejewels.com\\\/wp-content\\\/uploads\\\/2022\\\/07\\\/43173-43177-43175-2.jpg\",\"datePublished\":\"2022-07-07T12:14:21+00:00\",\"dateModified\":\"2026-01-10T16:14:57+00:00\",\"breadcrumb\":{\"@id\":\"https:\\\/\\\/www.purejewels.com\\\/product\\\/22ct-gold-bangle-for-women-daily-wear-2-4-mediumweight-43175\\\/#breadcrumb\"},\"inLanguage\":\"tr\",\"potentialAction\":[{\"@type\":\"ReadAction\",\"target\":[\"https:\\\/\\\/www.purejewels.com\\\/product\\\/22ct-gold-bangle-for-women-daily-wear-2-4-mediumweight-43175\\\/\"]}]},{\"@type\":\"ImageObject\",\"inLanguage\":\"tr\",\"@id\":\"https:\\\/\\\/www.purejewels.com\\\/product\\\/22ct-gold-bangle-for-women-daily-wear-2-4-mediumweight-43175\\\/#primaryimage\",\"url\":\"https:\\\/\\\/static.purejewels.com\\\/wp-content\\\/uploads\\\/2022\\\/07\\\/43173-43177-43175-2.jpg\",\"contentUrl\":\"https:\\\/\\\/static.purejewels.com\\\/wp-content\\\/uploads\\\/2022\\\/07\\\/43173-43177-43175-2.jpg\"},{\"@type\":\"BreadcrumbList\",\"@id\":\"https:\\\/\\\/www.purejewels.com\\\/product\\\/22ct-gold-bangle-for-women-daily-wear-2-4-mediumweight-43175\\\/#breadcrumb\",\"itemListElement\":[{\"@type\":\"ListItem\",\"position\":1,\"name\":\"Home\",\"item\":\"https:\\\/\\\/www.purejewels.com\\\/\"},{\"@type\":\"ListItem\",\"position\":2,\"name\":\"Shop\",\"item\":\"https:\\\/\\\/www.purejewels.com\\\/shop\\\/\"},{\"@type\":\"ListItem\",\"position\":3,\"name\":\"22ct Gold Bangle for Women | Daily Wear | Size 2.4\"}]},{\"@type\":\"WebSite\",\"@id\":\"https:\\\/\\\/www.purejewels.com\\\/#website\",\"url\":\"https:\\\/\\\/www.purejewels.com\\\/\",\"name\":\"PureJewels UK\",\"description\":\"Share the Love\",\"publisher\":{\"@id\":\"https:\\\/\\\/www.purejewels.com\\\/#organization\"},\"potentialAction\":[{\"@type\":\"SearchAction\",\"target\":{\"@type\":\"EntryPoint\",\"urlTemplate\":\"https:\\\/\\\/www.purejewels.com\\\/?s={search_term_string}\"},\"query-input\":{\"@type\":\"PropertyValueSpecification\",\"valueRequired\":true,\"valueName\":\"search_term_string\"}}],\"inLanguage\":\"tr\"},{\"@type\":\"Organization\",\"@id\":\"https:\\\/\\\/www.purejewels.com\\\/#organization\",\"name\":\"PureJewels UK\",\"url\":\"https:\\\/\\\/www.purejewels.com\\\/\",\"logo\":{\"@type\":\"ImageObject\",\"inLanguage\":\"tr\",\"@id\":\"https:\\\/\\\/www.purejewels.com\\\/#\\\/schema\\\/logo\\\/image\\\/\",\"url\":\"https:\\\/\\\/static.purejewels.com\\\/wp-content\\\/uploads\\\/2020\\\/11\\\/Logo-PJ-New-1.png\",\"contentUrl\":\"https:\\\/\\\/static.purejewels.com\\\/wp-content\\\/uploads\\\/2020\\\/11\\\/Logo-PJ-New-1.png\",\"width\":150,\"height\":80,\"caption\":\"PureJewels UK\"},\"image\":{\"@id\":\"https:\\\/\\\/www.purejewels.com\\\/#\\\/schema\\\/logo\\\/image\\\/\"}}]}<\/script>\n<!-- \/ Yoast SEO plugin. -->","yoast_head_json":{"title":"Kad\u0131nlar i\u00e7in 2,4 beden g\u00fcnl\u00fck kullan\u0131m 22 ayar alt\u0131n bileklik","robots":{"index":"index","follow":"follow","max-snippet":"max-snippet:-1","max-image-preview":"max-image-preview:large","max-video-preview":"max-video-preview:-1"},"canonical":"https:\/\/www.purejewels.com\/tr\/urun\/kadinlar-icin-22-ayar-altin-bileklik-gunluk-kullanim-2-4-orta-agirlik-43175\/","og_locale":"tr_TR","og_type":"article","og_title":"Daily wear 22ct Gold Bangle for Women in size 2.4","og_description":"Type Of Bangle Daily Wear Bangle   SKU 43175   Weight 15.3 Gms   Metal 22ct\u00a0Gold   Bangle Size 2.4 (Please enquire for additional sizes)   Hallmark 22ct Gold Hallmarked by\u00a0London\u00a0Assay\u00a0Office   Charges Delivery\u00a0and\u00a0VAT\u00a0Included   Packaging Comes\u00a0With\u00a0Presentation\u00a0Box   More\u00a0Information    Note: the price quoted here is for a Single Bangle  Live chat with us for availability\u00a0and\u00a0more\u00a0images  Click here to check your\u00a0Bangle Size","og_url":"https:\/\/www.purejewels.com\/tr\/urun\/kadinlar-icin-22-ayar-altin-bileklik-gunluk-kullanim-2-4-orta-agirlik-43175\/","og_site_name":"PureJewels UK","article_modified_time":"2026-01-10T16:14:57+00:00","og_image":[{"url":"https:\/\/static.purejewels.com\/wp-content\/uploads\/2022\/07\/43173-43177-43175-2.jpg","width":1,"height":1,"type":"image\/jpeg"}],"twitter_card":"summary_large_image","twitter_misc":{"Tahmini okuma s\u00fcresi":"1 dakika"},"schema":{"@context":"https:\/\/schema.org","@graph":[{"@type":["WebPage","ItemPage"],"@id":"https:\/\/www.purejewels.com\/product\/22ct-gold-bangle-for-women-daily-wear-2-4-mediumweight-43175\/","url":"https:\/\/www.purejewels.com\/product\/22ct-gold-bangle-for-women-daily-wear-2-4-mediumweight-43175\/","name":"Kad\u0131nlar i\u00e7in 2,4 beden g\u00fcnl\u00fck kullan\u0131m 22 ayar alt\u0131n bileklik","isPartOf":{"@id":"https:\/\/www.purejewels.com\/#website"},"primaryImageOfPage":{"@id":"https:\/\/www.purejewels.com\/product\/22ct-gold-bangle-for-women-daily-wear-2-4-mediumweight-43175\/#primaryimage"},"image":{"@id":"https:\/\/www.purejewels.com\/product\/22ct-gold-bangle-for-women-daily-wear-2-4-mediumweight-43175\/#primaryimage"},"thumbnailUrl":"https:\/\/static.purejewels.com\/wp-content\/uploads\/2022\/07\/43173-43177-43175-2.jpg","datePublished":"2022-07-07T12:14:21+00:00","dateModified":"2026-01-10T16:14:57+00:00","breadcrumb":{"@id":"https:\/\/www.purejewels.com\/product\/22ct-gold-bangle-for-women-daily-wear-2-4-mediumweight-43175\/#breadcrumb"},"inLanguage":"tr","potentialAction":[{"@type":"ReadAction","target":["https:\/\/www.purejewels.com\/product\/22ct-gold-bangle-for-women-daily-wear-2-4-mediumweight-43175\/"]}]},{"@type":"ImageObject","inLanguage":"tr","@id":"https:\/\/www.purejewels.com\/product\/22ct-gold-bangle-for-women-daily-wear-2-4-mediumweight-43175\/#primaryimage","url":"https:\/\/static.purejewels.com\/wp-content\/uploads\/2022\/07\/43173-43177-43175-2.jpg","contentUrl":"https:\/\/static.purejewels.com\/wp-content\/uploads\/2022\/07\/43173-43177-43175-2.jpg"},{"@type":"BreadcrumbList","@id":"https:\/\/www.purejewels.com\/product\/22ct-gold-bangle-for-women-daily-wear-2-4-mediumweight-43175\/#breadcrumb","itemListElement":[{"@type":"ListItem","position":1,"name":"Home","item":"https:\/\/www.purejewels.com\/"},{"@type":"ListItem","position":2,"name":"Shop","item":"https:\/\/www.purejewels.com\/shop\/"},{"@type":"ListItem","position":3,"name":"22ct Gold Bangle for Women | Daily Wear | Size 2.4"}]},{"@type":"WebSite","@id":"https:\/\/www.purejewels.com\/#website","url":"https:\/\/www.purejewels.com\/","name":"PureJewels \u0130ngiltere","description":"Sevgiyi Payla\u015f\u0131n","publisher":{"@id":"https:\/\/www.purejewels.com\/#organization"},"potentialAction":[{"@type":"SearchAction","target":{"@type":"EntryPoint","urlTemplate":"https:\/\/www.purejewels.com\/?s={search_term_string}"},"query-input":{"@type":"PropertyValueSpecification","valueRequired":true,"valueName":"search_term_string"}}],"inLanguage":"tr"},{"@type":"Organization","@id":"https:\/\/www.purejewels.com\/#organization","name":"PureJewels \u0130ngiltere","url":"https:\/\/www.purejewels.com\/","logo":{"@type":"ImageObject","inLanguage":"tr","@id":"https:\/\/www.purejewels.com\/#\/schema\/logo\/image\/","url":"https:\/\/static.purejewels.com\/wp-content\/uploads\/2020\/11\/Logo-PJ-New-1.png","contentUrl":"https:\/\/static.purejewels.com\/wp-content\/uploads\/2020\/11\/Logo-PJ-New-1.png","width":150,"height":80,"caption":"PureJewels UK"},"image":{"@id":"https:\/\/www.purejewels.com\/#\/schema\/logo\/image\/"}}]}},"_links":{"self":[{"href":"https:\/\/www.purejewels.com\/tr\/wp-json\/wp\/v2\/product\/337913","targetHints":{"allow":["GET"]}}],"collection":[{"href":"https:\/\/www.purejewels.com\/tr\/wp-json\/wp\/v2\/product"}],"about":[{"href":"https:\/\/www.purejewels.com\/tr\/wp-json\/wp\/v2\/types\/product"}],"replies":[{"embeddable":true,"href":"https:\/\/www.purejewels.com\/tr\/wp-json\/wp\/v2\/comments?post=337913"}],"version-history":[{"count":1,"href":"https:\/\/www.purejewels.com\/tr\/wp-json\/wp\/v2\/product\/337913\/revisions"}],"predecessor-version":[{"id":380288,"href":"https:\/\/www.purejewels.com\/tr\/wp-json\/wp\/v2\/product\/337913\/revisions\/380288"}],"wp:featuredmedia":[{"embeddable":true,"href":"https:\/\/www.purejewels.com\/tr\/wp-json\/wp\/v2\/media\/350184"}],"wp:attachment":[{"href":"https:\/\/www.purejewels.com\/tr\/wp-json\/wp\/v2\/media?parent=337913"}],"wp:term":[{"taxonomy":"product_brand","embeddable":true,"href":"https:\/\/www.purejewels.com\/tr\/wp-json\/wp\/v2\/product_brand?post=337913"},{"taxonomy":"product_cat","embeddable":true,"href":"https:\/\/www.purejewels.com\/tr\/wp-json\/wp\/v2\/product_cat?post=337913"},{"taxonomy":"product_tag","embeddable":true,"href":"https:\/\/www.purejewels.com\/tr\/wp-json\/wp\/v2\/product_tag?post=337913"}],"curies":[{"name":"wp","href":"https:\/\/api.w.org\/{rel}","templated":true}]}}