{"id":338112,"date":"2022-10-17T01:57:57","date_gmt":"2022-10-17T00:57:57","guid":{"rendered":"https:\/\/www.purejewels.com\/?post_type=product&#038;p=338112"},"modified":"2025-12-24T12:21:24","modified_gmt":"2025-12-24T12:21:24","slug":"22-ayar-altin-tilki-kuyrugu-zincir-16-inc-44574","status":"publish","type":"product","link":"https:\/\/www.purejewels.com\/tr\/product\/22ct-gold-foxtail-chain-16-inches-44574\/","title":{"rendered":"22 Ayar Alt\u0131n | Tilki Kuyru\u011fu Zincir | 16 \u0130n\u00e7"},"content":{"rendered":"<p data-start=\"448\" data-end=\"736\">Bu <strong data-start=\"497\" data-end=\"530\">22 Ayar Alt\u0131n Tilki Kuyru\u011fu Zincir (16\u2033)<\/strong> g\u00fcnl\u00fck zarafet i\u00e7in y\u00fcksek safl\u0131kta alt\u0131ndan \u00f6zenle \u00fcretilmi\u015f zamans\u0131z bir klasiktir. Karma\u015f\u0131k tilki kuyru\u011fu \u00f6rg\u00fcs\u00fc hem g\u00fc\u00e7 hem de ak\u0131\u015fkanl\u0131k sa\u011flayarak g\u00f6r\u00fcnd\u00fc\u011f\u00fc kadar l\u00fcks hissettiren bir zincir ortaya \u00e7\u0131kar\u0131r.<\/p>\n<p data-start=\"738\" data-end=\"1054\">\u00d6l\u00e7me <strong data-start=\"748\" data-end=\"761\">16 in\u00e7<\/strong> uzunlu\u011funda bir <strong data-start=\"779\" data-end=\"794\">1,1 mm geni\u015flik<\/strong> ve tart\u0131m <strong data-start=\"808\" data-end=\"821\">2,4 gram<\/strong>Bu zincir boyna zarif\u00e7e oturacak \u015fekilde tasarlanm\u0131\u015ft\u0131r; kat kat takmak veya k\u00fc\u00e7\u00fck bir kolye ucuyla e\u015fle\u015ftirmek i\u00e7in idealdir. Cilal\u0131 kaplama alt\u0131n\u0131n parlakl\u0131\u011f\u0131n\u0131 art\u0131r\u0131rken <strong data-start=\"1000\" data-end=\"1017\">\u0131stakoz toka<\/strong> g\u00fcvenlik ve kullan\u0131m kolayl\u0131\u011f\u0131 sa\u011flar.<\/p>\n<p data-start=\"1056\" data-end=\"1261\">Orijinallik damgas\u0131 ta\u015f\u0131yan bu zincir, PureJewels'in ince i\u015f\u00e7ilik ve \u00f6zenli tasar\u0131m miras\u0131n\u0131 yans\u0131t\u0131r. \u00c7ok y\u00f6nl\u00fc bir vazge\u00e7ilmez olan bu zincir, hediye olarak veya her g\u00fcn takabilece\u011finiz ki\u015fisel bir hazine olarak m\u00fckemmeldir.<\/p>","protected":false},"excerpt":{"rendered":"<p>Zarif bir <strong data-start=\"180\" data-end=\"207\">22 Ayar Alt\u0131n Tilki Kuyru\u011fu Zincir<\/strong>parlak sar\u0131 alt\u0131ndan \u00fcretilmi\u015ftir. \u00d6l\u00e7\u00fcleri <strong data-start=\"251\" data-end=\"264\">16 in\u00e7<\/strong> ile <strong data-start=\"272\" data-end=\"287\">1,1 mm geni\u015flik<\/strong> ve tart\u0131m <strong data-start=\"301\" data-end=\"309\">2.4g<\/strong>G\u00fcvenli bir \u0131stakoz tokaya sahiptir. Tek ba\u015f\u0131na veya de\u011ferli bir kolye ile takmak i\u00e7in m\u00fckemmeldir.<\/p>\n<p><strong>Zincir tipi:<\/strong>\u00a0Tilki Kuyru\u011fu Zinciri<br \/>\n<strong>SKU:<\/strong> 44574, 47919<br \/>\n<strong>Metal:<\/strong> 22 Ayar Alt\u0131n (91,6% saf)<br \/>\n<strong>A\u011f\u0131rl\u0131k<\/strong>: 2,4 gram<br \/>\n<strong>Kal\u0131nl\u0131k:<\/strong>\u00a01.1 mm<br \/>\n<strong>Uzunluk:<\/strong> 16 in\u00e7<br \/>\n<strong>Hallmark:<\/strong>\u00a0\u0130ngiltere Tahlil Ofisi Taraf\u0131ndan Damgalanm\u0131\u015f 22 Ayar Alt\u0131n<br \/>\n<strong>Su\u00e7lamalar:<\/strong>\u00a0Teslimat ve KDV Dahil<br \/>\n<strong>Daha fazla bilgi:<\/strong>\u00a0M\u00fcsaitlik durumu ve ek g\u00f6rseller i\u00e7in bizimle canl\u0131 sohbet edin<\/p>","protected":false},"featured_media":327464,"comment_status":"closed","ping_status":"closed","template":"","meta":{"_eb_attr":"","_crsspst_to_jayantr4sg-hostcom":true},"product_brand":[],"product_cat":[5013,5020,1576,5265,5343,1772,1773,1574,5349],"product_tag":[3990,65],"class_list":{"0":"post-338112","1":"product","2":"type-product","3":"status-publish","4":"has-post-thumbnail","6":"product_cat-16-inch-ladies-chain","7":"product_cat-16-inch-kids-chain","8":"product_cat-childrens-jewellery","9":"product_cat-foxtail-chain","10":"product_cat-jewellery-under-550","11":"product_cat-kids-chains","12":"product_cat-ladies-chains","13":"product_cat-womens-jewellery","14":"product_cat-yellow-gold-jewellery","15":"product_tag-22-carat-gold-chain","16":"product_tag-chains","18":"first","19":"outofstock","20":"taxable","21":"shipping-taxable","22":"product-type-simple","23":"add-to-wishlist-before_image"},"yoast_head":"<!-- This site is optimized with the Yoast SEO plugin v27.3 - https:\/\/yoast.com\/product\/yoast-seo-wordpress\/ -->\n<title>Buy 16 Inch Foxtail Chain in 22ct Gold at PureJewels<\/title>\n<meta name=\"description\" content=\"Elegant 22ct Gold Foxtail Chain, 16 inches with 1.1mm width and 2.4g weight. Featuring a secure lobster clasp and hallmarked for purity\u2014perfect for pendants or everyday wear.\" \/>\n<meta name=\"robots\" content=\"index, follow, max-snippet:-1, max-image-preview:large, max-video-preview:-1\" \/>\n<link rel=\"canonical\" href=\"https:\/\/www.purejewels.com\/tr\/urun\/22-ayar-altin-tilki-kuyrugu-zincir-16-inc-44574\/\" \/>\n<meta property=\"og:locale\" content=\"tr_TR\" \/>\n<meta property=\"og:type\" content=\"article\" \/>\n<meta property=\"og:title\" content=\"Buy 16 Inch Foxtail Chain in 22ct Gold at PureJewels\" \/>\n<meta property=\"og:description\" content=\"Elegant 22ct Gold Foxtail Chain, 16 inches with 1.1mm width and 2.4g weight. Featuring a secure lobster clasp and hallmarked for purity\u2014perfect for pendants or everyday wear.\" \/>\n<meta property=\"og:url\" content=\"https:\/\/www.purejewels.com\/tr\/urun\/22-ayar-altin-tilki-kuyrugu-zincir-16-inc-44574\/\" \/>\n<meta property=\"og:site_name\" content=\"PureJewels UK\" \/>\n<meta property=\"article:modified_time\" content=\"2025-12-24T12:21:24+00:00\" \/>\n<meta property=\"og:image\" content=\"https:\/\/static.purejewels.com\/wp-content\/uploads\/2020\/08\/31811-1.jpg\" \/>\n\t<meta property=\"og:image:width\" content=\"1000\" \/>\n\t<meta property=\"og:image:height\" content=\"1000\" \/>\n\t<meta property=\"og:image:type\" content=\"image\/jpeg\" \/>\n<meta name=\"twitter:card\" content=\"summary_large_image\" \/>\n<meta name=\"twitter:label1\" content=\"Tahmini okuma s\u00fcresi\" \/>\n\t<meta name=\"twitter:data1\" content=\"1 dakika\" \/>\n<script type=\"application\/ld+json\" class=\"yoast-schema-graph\">{\"@context\":\"https:\\\/\\\/schema.org\",\"@graph\":[{\"@type\":[\"WebPage\",\"ItemPage\"],\"@id\":\"https:\\\/\\\/www.purejewels.com\\\/product\\\/22ct-gold-foxtail-chain-16-inches-44574\\\/\",\"url\":\"https:\\\/\\\/www.purejewels.com\\\/product\\\/22ct-gold-foxtail-chain-16-inches-44574\\\/\",\"name\":\"Buy 16 Inch Foxtail Chain in 22ct Gold at PureJewels\",\"isPartOf\":{\"@id\":\"https:\\\/\\\/www.purejewels.com\\\/#website\"},\"primaryImageOfPage\":{\"@id\":\"https:\\\/\\\/www.purejewels.com\\\/product\\\/22ct-gold-foxtail-chain-16-inches-44574\\\/#primaryimage\"},\"image\":{\"@id\":\"https:\\\/\\\/www.purejewels.com\\\/product\\\/22ct-gold-foxtail-chain-16-inches-44574\\\/#primaryimage\"},\"thumbnailUrl\":\"https:\\\/\\\/static.purejewels.com\\\/wp-content\\\/uploads\\\/2020\\\/08\\\/31811-1.jpg\",\"datePublished\":\"2022-10-17T00:57:57+00:00\",\"dateModified\":\"2025-12-24T12:21:24+00:00\",\"description\":\"Elegant 22ct Gold Foxtail Chain, 16 inches with 1.1mm width and 2.4g weight. Featuring a secure lobster clasp and hallmarked for purity\u2014perfect for pendants or everyday wear.\",\"breadcrumb\":{\"@id\":\"https:\\\/\\\/www.purejewels.com\\\/product\\\/22ct-gold-foxtail-chain-16-inches-44574\\\/#breadcrumb\"},\"inLanguage\":\"tr\",\"potentialAction\":[{\"@type\":\"ReadAction\",\"target\":[\"https:\\\/\\\/www.purejewels.com\\\/product\\\/22ct-gold-foxtail-chain-16-inches-44574\\\/\"]}]},{\"@type\":\"ImageObject\",\"inLanguage\":\"tr\",\"@id\":\"https:\\\/\\\/www.purejewels.com\\\/product\\\/22ct-gold-foxtail-chain-16-inches-44574\\\/#primaryimage\",\"url\":\"https:\\\/\\\/static.purejewels.com\\\/wp-content\\\/uploads\\\/2020\\\/08\\\/31811-1.jpg\",\"contentUrl\":\"https:\\\/\\\/static.purejewels.com\\\/wp-content\\\/uploads\\\/2020\\\/08\\\/31811-1.jpg\",\"width\":1000,\"height\":1000,\"caption\":\"22ct Gold Foxtail Chain 31811-1\"},{\"@type\":\"BreadcrumbList\",\"@id\":\"https:\\\/\\\/www.purejewels.com\\\/product\\\/22ct-gold-foxtail-chain-16-inches-44574\\\/#breadcrumb\",\"itemListElement\":[{\"@type\":\"ListItem\",\"position\":1,\"name\":\"Home\",\"item\":\"https:\\\/\\\/www.purejewels.com\\\/\"},{\"@type\":\"ListItem\",\"position\":2,\"name\":\"Shop\",\"item\":\"https:\\\/\\\/www.purejewels.com\\\/shop\\\/\"},{\"@type\":\"ListItem\",\"position\":3,\"name\":\"22ct Gold | Foxtail Chain | 16 Inches\"}]},{\"@type\":\"WebSite\",\"@id\":\"https:\\\/\\\/www.purejewels.com\\\/#website\",\"url\":\"https:\\\/\\\/www.purejewels.com\\\/\",\"name\":\"PureJewels UK\",\"description\":\"Share the Love\",\"publisher\":{\"@id\":\"https:\\\/\\\/www.purejewels.com\\\/#organization\"},\"potentialAction\":[{\"@type\":\"SearchAction\",\"target\":{\"@type\":\"EntryPoint\",\"urlTemplate\":\"https:\\\/\\\/www.purejewels.com\\\/?s={search_term_string}\"},\"query-input\":{\"@type\":\"PropertyValueSpecification\",\"valueRequired\":true,\"valueName\":\"search_term_string\"}}],\"inLanguage\":\"tr\"},{\"@type\":\"Organization\",\"@id\":\"https:\\\/\\\/www.purejewels.com\\\/#organization\",\"name\":\"PureJewels UK\",\"url\":\"https:\\\/\\\/www.purejewels.com\\\/\",\"logo\":{\"@type\":\"ImageObject\",\"inLanguage\":\"tr\",\"@id\":\"https:\\\/\\\/www.purejewels.com\\\/#\\\/schema\\\/logo\\\/image\\\/\",\"url\":\"https:\\\/\\\/static.purejewels.com\\\/wp-content\\\/uploads\\\/2020\\\/11\\\/Logo-PJ-New-1.png\",\"contentUrl\":\"https:\\\/\\\/static.purejewels.com\\\/wp-content\\\/uploads\\\/2020\\\/11\\\/Logo-PJ-New-1.png\",\"width\":150,\"height\":80,\"caption\":\"PureJewels UK\"},\"image\":{\"@id\":\"https:\\\/\\\/www.purejewels.com\\\/#\\\/schema\\\/logo\\\/image\\\/\"}}]}<\/script>\n<!-- \/ Yoast SEO plugin. -->","yoast_head_json":{"title":"PureJewels'ten 22 Ayar Alt\u0131ndan 16 \u0130n\u00e7 Tilki Kuyru\u011fu Zincir Sat\u0131n Al\u0131n","description":"Zarif 22 Ayar Alt\u0131n Tilki Kuyru\u011fu Zincir, 16 in\u00e7, 1,1 mm geni\u015flik ve 2,4 g a\u011f\u0131rl\u0131k. G\u00fcvenli bir \u0131stakoz tokaya sahiptir ve safl\u0131k damgal\u0131d\u0131r; kolye u\u00e7lar\u0131 veya g\u00fcnl\u00fck kullan\u0131m i\u00e7in m\u00fckemmeldir.","robots":{"index":"index","follow":"follow","max-snippet":"max-snippet:-1","max-image-preview":"max-image-preview:large","max-video-preview":"max-video-preview:-1"},"canonical":"https:\/\/www.purejewels.com\/tr\/urun\/22-ayar-altin-tilki-kuyrugu-zincir-16-inc-44574\/","og_locale":"tr_TR","og_type":"article","og_title":"Buy 16 Inch Foxtail Chain in 22ct Gold at PureJewels","og_description":"Elegant 22ct Gold Foxtail Chain, 16 inches with 1.1mm width and 2.4g weight. Featuring a secure lobster clasp and hallmarked for purity\u2014perfect for pendants or everyday wear.","og_url":"https:\/\/www.purejewels.com\/tr\/urun\/22-ayar-altin-tilki-kuyrugu-zincir-16-inc-44574\/","og_site_name":"PureJewels UK","article_modified_time":"2025-12-24T12:21:24+00:00","og_image":[{"width":1000,"height":1000,"url":"https:\/\/static.purejewels.com\/wp-content\/uploads\/2020\/08\/31811-1.jpg","type":"image\/jpeg"}],"twitter_card":"summary_large_image","twitter_misc":{"Tahmini okuma s\u00fcresi":"1 dakika"},"schema":{"@context":"https:\/\/schema.org","@graph":[{"@type":["WebPage","ItemPage"],"@id":"https:\/\/www.purejewels.com\/product\/22ct-gold-foxtail-chain-16-inches-44574\/","url":"https:\/\/www.purejewels.com\/product\/22ct-gold-foxtail-chain-16-inches-44574\/","name":"PureJewels'ten 22 Ayar Alt\u0131ndan 16 \u0130n\u00e7 Tilki Kuyru\u011fu Zincir Sat\u0131n Al\u0131n","isPartOf":{"@id":"https:\/\/www.purejewels.com\/#website"},"primaryImageOfPage":{"@id":"https:\/\/www.purejewels.com\/product\/22ct-gold-foxtail-chain-16-inches-44574\/#primaryimage"},"image":{"@id":"https:\/\/www.purejewels.com\/product\/22ct-gold-foxtail-chain-16-inches-44574\/#primaryimage"},"thumbnailUrl":"https:\/\/static.purejewels.com\/wp-content\/uploads\/2020\/08\/31811-1.jpg","datePublished":"2022-10-17T00:57:57+00:00","dateModified":"2025-12-24T12:21:24+00:00","description":"Zarif 22 Ayar Alt\u0131n Tilki Kuyru\u011fu Zincir, 16 in\u00e7, 1,1 mm geni\u015flik ve 2,4 g a\u011f\u0131rl\u0131k. G\u00fcvenli bir \u0131stakoz tokaya sahiptir ve safl\u0131k damgal\u0131d\u0131r; kolye u\u00e7lar\u0131 veya g\u00fcnl\u00fck kullan\u0131m i\u00e7in m\u00fckemmeldir.","breadcrumb":{"@id":"https:\/\/www.purejewels.com\/product\/22ct-gold-foxtail-chain-16-inches-44574\/#breadcrumb"},"inLanguage":"tr","potentialAction":[{"@type":"ReadAction","target":["https:\/\/www.purejewels.com\/product\/22ct-gold-foxtail-chain-16-inches-44574\/"]}]},{"@type":"ImageObject","inLanguage":"tr","@id":"https:\/\/www.purejewels.com\/product\/22ct-gold-foxtail-chain-16-inches-44574\/#primaryimage","url":"https:\/\/static.purejewels.com\/wp-content\/uploads\/2020\/08\/31811-1.jpg","contentUrl":"https:\/\/static.purejewels.com\/wp-content\/uploads\/2020\/08\/31811-1.jpg","width":1000,"height":1000,"caption":"22ct Gold Foxtail Chain 31811-1"},{"@type":"BreadcrumbList","@id":"https:\/\/www.purejewels.com\/product\/22ct-gold-foxtail-chain-16-inches-44574\/#breadcrumb","itemListElement":[{"@type":"ListItem","position":1,"name":"Home","item":"https:\/\/www.purejewels.com\/"},{"@type":"ListItem","position":2,"name":"Shop","item":"https:\/\/www.purejewels.com\/shop\/"},{"@type":"ListItem","position":3,"name":"22ct Gold | Foxtail Chain | 16 Inches"}]},{"@type":"WebSite","@id":"https:\/\/www.purejewels.com\/#website","url":"https:\/\/www.purejewels.com\/","name":"PureJewels \u0130ngiltere","description":"Sevgiyi Payla\u015f\u0131n","publisher":{"@id":"https:\/\/www.purejewels.com\/#organization"},"potentialAction":[{"@type":"SearchAction","target":{"@type":"EntryPoint","urlTemplate":"https:\/\/www.purejewels.com\/?s={search_term_string}"},"query-input":{"@type":"PropertyValueSpecification","valueRequired":true,"valueName":"search_term_string"}}],"inLanguage":"tr"},{"@type":"Organization","@id":"https:\/\/www.purejewels.com\/#organization","name":"PureJewels \u0130ngiltere","url":"https:\/\/www.purejewels.com\/","logo":{"@type":"ImageObject","inLanguage":"tr","@id":"https:\/\/www.purejewels.com\/#\/schema\/logo\/image\/","url":"https:\/\/static.purejewels.com\/wp-content\/uploads\/2020\/11\/Logo-PJ-New-1.png","contentUrl":"https:\/\/static.purejewels.com\/wp-content\/uploads\/2020\/11\/Logo-PJ-New-1.png","width":150,"height":80,"caption":"PureJewels UK"},"image":{"@id":"https:\/\/www.purejewels.com\/#\/schema\/logo\/image\/"}}]}},"_links":{"self":[{"href":"https:\/\/www.purejewels.com\/tr\/wp-json\/wp\/v2\/product\/338112","targetHints":{"allow":["GET"]}}],"collection":[{"href":"https:\/\/www.purejewels.com\/tr\/wp-json\/wp\/v2\/product"}],"about":[{"href":"https:\/\/www.purejewels.com\/tr\/wp-json\/wp\/v2\/types\/product"}],"replies":[{"embeddable":true,"href":"https:\/\/www.purejewels.com\/tr\/wp-json\/wp\/v2\/comments?post=338112"}],"version-history":[{"count":5,"href":"https:\/\/www.purejewels.com\/tr\/wp-json\/wp\/v2\/product\/338112\/revisions"}],"predecessor-version":[{"id":423222,"href":"https:\/\/www.purejewels.com\/tr\/wp-json\/wp\/v2\/product\/338112\/revisions\/423222"}],"wp:featuredmedia":[{"embeddable":true,"href":"https:\/\/www.purejewels.com\/tr\/wp-json\/wp\/v2\/media\/327464"}],"wp:attachment":[{"href":"https:\/\/www.purejewels.com\/tr\/wp-json\/wp\/v2\/media?parent=338112"}],"wp:term":[{"taxonomy":"product_brand","embeddable":true,"href":"https:\/\/www.purejewels.com\/tr\/wp-json\/wp\/v2\/product_brand?post=338112"},{"taxonomy":"product_cat","embeddable":true,"href":"https:\/\/www.purejewels.com\/tr\/wp-json\/wp\/v2\/product_cat?post=338112"},{"taxonomy":"product_tag","embeddable":true,"href":"https:\/\/www.purejewels.com\/tr\/wp-json\/wp\/v2\/product_tag?post=338112"}],"curies":[{"name":"wp","href":"https:\/\/api.w.org\/{rel}","templated":true}]}}