{"id":338254,"date":"2024-06-24T10:17:32","date_gmt":"2024-06-24T09:17:32","guid":{"rendered":"https:\/\/www.purejewels.com\/?post_type=product&#038;p=338254"},"modified":"2026-01-06T10:16:00","modified_gmt":"2026-01-06T10:16:00","slug":"22-ayar-altin-guzel-bayan-bileklik-7-inc-42354","status":"publish","type":"product","link":"https:\/\/www.purejewels.com\/tr\/product\/22ct-gold-pretty-ladies-bracelet-7-inches-42354\/","title":{"rendered":"22 Ayar Alt\u0131n Pretty Bayan Bileklik | 8 \u0130n\u00e7"},"content":{"rendered":"<p>Rodyum Kaplamal\u0131 22 Ayar Alt\u0131n Pretty Bayan Bileklik, zarafet ve sofistike bir g\u00f6r\u00fcn\u00fcm sergileyen \u00e7arp\u0131c\u0131 bir m\u00fccevher par\u00e7as\u0131d\u0131r. Bilezi\u011fin karma\u015f\u0131k tasar\u0131m\u0131, ister g\u00fcndelik bir gezi ister \u00f6zel bir etkinlik olsun, onu her durum i\u00e7in m\u00fckemmel bir aksesuar haline getirir. Y\u00fcksek kaliteli 22 ayar alt\u0131ndan \u00fcretilen bu bilezik sadece g\u00fczel olmakla kalmaz, ayn\u0131 zamanda dayan\u0131kl\u0131 ve uzun \u00f6m\u00fcrl\u00fcd\u00fcr.<\/p>\n<p>Bilezik, par\u00e7aya ihti\u015faml\u0131 bir dokunu\u015f katan rodyum kaplamal\u0131 s\u00fcsl\u00fc bir tasar\u0131ma sahiptir. 15,5 gram a\u011f\u0131rl\u0131\u011f\u0131ndad\u0131r, bu da onu g\u00fcn boyu takmak i\u00e7in hafif ve rahat hale getirir. Bileklik Londra Assay Ofisi taraf\u0131ndan damgalanarak orijinalli\u011fi ve kalitesi garanti alt\u0131na al\u0131nm\u0131\u015ft\u0131r.<\/p>\n<p>Sunum kutusunda paketlenmi\u015f olan bu bileklik, sevdikleriniz i\u00e7in m\u00fckemmel bir hediye veya kendiniz i\u00e7in \u00f6zel bir ikramd\u0131r. Bu \u00e7arp\u0131c\u0131 bilezi\u011fi \u015fimdi sat\u0131n al\u0131n ve m\u00fccevher koleksiyonunuza l\u00fcks bir dokunu\u015f kat\u0131n.<\/p>","protected":false},"excerpt":{"rendered":"<table class=\"sh_desc\">\n<tbody>\n<tr>\n<td>Bilezik T\u00fcr\u00fc<\/td>\n<td>Rodyum kaplamal\u0131 Fantezi Bileklik<\/td>\n<\/tr>\n<tr>\n<td>SKU<\/td>\n<td>44269<\/td>\n<\/tr>\n<tr>\n<td>A\u011f\u0131rl\u0131k<\/td>\n<td>15,5 Gms<\/td>\n<\/tr>\n<tr>\n<td>Metal<\/td>\n<td>22 Ayar Alt\u0131n<\/td>\n<\/tr>\n<tr>\n<td>Hallmark<\/td>\n<td>Londra Tahlil Ofisi Taraf\u0131ndan Damgalanm\u0131\u015f 22 Ayar Alt\u0131n<\/td>\n<\/tr>\n<tr>\n<td>\u00dccretler<\/td>\n<td>Teslimat ve KDV Dahil<\/td>\n<\/tr>\n<tr>\n<td>Paketleme<\/td>\n<td>Sunum Kutusu ile Birlikte Gelir<\/td>\n<\/tr>\n<tr>\n<td>Daha Fazla Bilgi<\/td>\n<td>\n<ul>\n<li>M\u00fcsaitlik durumu ve daha fazla resim i\u00e7in bizimle canl\u0131 sohbet edin<\/li>\n<\/ul>\n<\/td>\n<\/tr>\n<\/tbody>\n<\/table>","protected":false},"featured_media":348609,"comment_status":"closed","ping_status":"closed","template":"","meta":{"_eb_attr":"","_crsspst_to_jayantr4sg-hostcom":true},"product_brand":[],"product_cat":[1791,1559,6057,6059,1324,1229,1570,1569,1573,1574,5349],"product_tag":[],"class_list":{"0":"post-338254","1":"product","2":"type-product","3":"status-publish","4":"has-post-thumbnail","6":"product_cat-anniversary-gifts","7":"product_cat-birthday-gifts","8":"product_cat-chain-bracelet","9":"product_cat-fancy-bracelet","10":"product_cat-gold-bracelet","11":"product_cat-22ct-gold-jewellery","12":"product_cat-mothers-day-gifts","13":"product_cat-valentine-day-gifts","14":"product_cat-wedding-gifts","15":"product_cat-womens-jewellery","16":"product_cat-yellow-gold-jewellery","18":"first","19":"outofstock","20":"taxable","21":"shipping-taxable","22":"product-type-simple","23":"add-to-wishlist-before_image"},"yoast_head":"<!-- This site is optimized with the Yoast SEO plugin v27.3 - https:\/\/yoast.com\/product\/yoast-seo-wordpress\/ -->\n<title>22ct Gold Ladies Bracelet with Rhodium Finish at PureJewels UK<\/title>\n<meta name=\"description\" content=\"Discover Stunning Bracelets in the UK. Pick these beautiful 22ct gold bracelets with Rhodium finish. Perfect for weddings, Festivals.\" \/>\n<meta name=\"robots\" content=\"index, follow, max-snippet:-1, max-image-preview:large, max-video-preview:-1\" \/>\n<link rel=\"canonical\" href=\"https:\/\/www.purejewels.com\/tr\/urun\/22-ayar-altin-guzel-bayan-bileklik-7-inc-42354\/\" \/>\n<meta property=\"og:locale\" content=\"tr_TR\" \/>\n<meta property=\"og:type\" content=\"article\" \/>\n<meta property=\"og:title\" content=\"22ct Gold Ladies Bracelet with Rhodium Finish at PureJewels UK\" \/>\n<meta property=\"og:description\" content=\"Discover Stunning Bracelets in the UK. Pick these beautiful 22ct gold bracelets with Rhodium finish. Perfect for weddings, Festivals.\" \/>\n<meta property=\"og:url\" content=\"https:\/\/www.purejewels.com\/tr\/urun\/22-ayar-altin-guzel-bayan-bileklik-7-inc-42354\/\" \/>\n<meta property=\"og:site_name\" content=\"PureJewels UK\" \/>\n<meta property=\"article:modified_time\" content=\"2026-01-06T10:16:00+00:00\" \/>\n<meta property=\"og:image\" content=\"https:\/\/www.purejewels.com\/wp-content\/uploads\/2022\/08\/44269.jpg\" \/>\n\t<meta property=\"og:image:width\" content=\"1000\" \/>\n\t<meta property=\"og:image:height\" content=\"1000\" \/>\n\t<meta property=\"og:image:type\" content=\"image\/jpeg\" \/>\n<meta name=\"twitter:card\" content=\"summary_large_image\" \/>\n<meta name=\"twitter:label1\" content=\"Tahmini okuma s\u00fcresi\" \/>\n\t<meta name=\"twitter:data1\" content=\"1 dakika\" \/>\n<script type=\"application\/ld+json\" class=\"yoast-schema-graph\">{\"@context\":\"https:\\\/\\\/schema.org\",\"@graph\":[{\"@type\":[\"WebPage\",\"ItemPage\"],\"@id\":\"https:\\\/\\\/www.purejewels.com\\\/product\\\/22ct-gold-pretty-ladies-bracelet-7-inches-42354\\\/\",\"url\":\"https:\\\/\\\/www.purejewels.com\\\/product\\\/22ct-gold-pretty-ladies-bracelet-7-inches-42354\\\/\",\"name\":\"22ct Gold Ladies Bracelet with Rhodium Finish at PureJewels UK\",\"isPartOf\":{\"@id\":\"https:\\\/\\\/www.purejewels.com\\\/#website\"},\"primaryImageOfPage\":{\"@id\":\"https:\\\/\\\/www.purejewels.com\\\/product\\\/22ct-gold-pretty-ladies-bracelet-7-inches-42354\\\/#primaryimage\"},\"image\":{\"@id\":\"https:\\\/\\\/www.purejewels.com\\\/product\\\/22ct-gold-pretty-ladies-bracelet-7-inches-42354\\\/#primaryimage\"},\"thumbnailUrl\":\"https:\\\/\\\/static.purejewels.com\\\/wp-content\\\/uploads\\\/2022\\\/08\\\/44269.jpg\",\"datePublished\":\"2024-06-24T09:17:32+00:00\",\"dateModified\":\"2026-01-06T10:16:00+00:00\",\"description\":\"Discover Stunning Bracelets in the UK. Pick these beautiful 22ct gold bracelets with Rhodium finish. Perfect for weddings, Festivals.\",\"breadcrumb\":{\"@id\":\"https:\\\/\\\/www.purejewels.com\\\/product\\\/22ct-gold-pretty-ladies-bracelet-7-inches-42354\\\/#breadcrumb\"},\"inLanguage\":\"tr\",\"potentialAction\":[{\"@type\":\"ReadAction\",\"target\":[\"https:\\\/\\\/www.purejewels.com\\\/product\\\/22ct-gold-pretty-ladies-bracelet-7-inches-42354\\\/\"]}]},{\"@type\":\"ImageObject\",\"inLanguage\":\"tr\",\"@id\":\"https:\\\/\\\/www.purejewels.com\\\/product\\\/22ct-gold-pretty-ladies-bracelet-7-inches-42354\\\/#primaryimage\",\"url\":\"https:\\\/\\\/static.purejewels.com\\\/wp-content\\\/uploads\\\/2022\\\/08\\\/44269.jpg\",\"contentUrl\":\"https:\\\/\\\/static.purejewels.com\\\/wp-content\\\/uploads\\\/2022\\\/08\\\/44269.jpg\",\"width\":1000,\"height\":1000,\"caption\":\"22ct Gold Pretty Ladies Bracelet\"},{\"@type\":\"BreadcrumbList\",\"@id\":\"https:\\\/\\\/www.purejewels.com\\\/product\\\/22ct-gold-pretty-ladies-bracelet-7-inches-42354\\\/#breadcrumb\",\"itemListElement\":[{\"@type\":\"ListItem\",\"position\":1,\"name\":\"Home\",\"item\":\"https:\\\/\\\/www.purejewels.com\\\/\"},{\"@type\":\"ListItem\",\"position\":2,\"name\":\"Shop\",\"item\":\"https:\\\/\\\/www.purejewels.com\\\/shop\\\/\"},{\"@type\":\"ListItem\",\"position\":3,\"name\":\"22ct Gold Pretty Ladies Bracelet | 8 Inches\"}]},{\"@type\":\"WebSite\",\"@id\":\"https:\\\/\\\/www.purejewels.com\\\/#website\",\"url\":\"https:\\\/\\\/www.purejewels.com\\\/\",\"name\":\"PureJewels UK\",\"description\":\"Share the Love\",\"publisher\":{\"@id\":\"https:\\\/\\\/www.purejewels.com\\\/#organization\"},\"potentialAction\":[{\"@type\":\"SearchAction\",\"target\":{\"@type\":\"EntryPoint\",\"urlTemplate\":\"https:\\\/\\\/www.purejewels.com\\\/?s={search_term_string}\"},\"query-input\":{\"@type\":\"PropertyValueSpecification\",\"valueRequired\":true,\"valueName\":\"search_term_string\"}}],\"inLanguage\":\"tr\"},{\"@type\":\"Organization\",\"@id\":\"https:\\\/\\\/www.purejewels.com\\\/#organization\",\"name\":\"PureJewels UK\",\"url\":\"https:\\\/\\\/www.purejewels.com\\\/\",\"logo\":{\"@type\":\"ImageObject\",\"inLanguage\":\"tr\",\"@id\":\"https:\\\/\\\/www.purejewels.com\\\/#\\\/schema\\\/logo\\\/image\\\/\",\"url\":\"https:\\\/\\\/static.purejewels.com\\\/wp-content\\\/uploads\\\/2020\\\/11\\\/Logo-PJ-New-1.png\",\"contentUrl\":\"https:\\\/\\\/static.purejewels.com\\\/wp-content\\\/uploads\\\/2020\\\/11\\\/Logo-PJ-New-1.png\",\"width\":150,\"height\":80,\"caption\":\"PureJewels UK\"},\"image\":{\"@id\":\"https:\\\/\\\/www.purejewels.com\\\/#\\\/schema\\\/logo\\\/image\\\/\"}}]}<\/script>\n<!-- \/ Yoast SEO plugin. -->","yoast_head_json":{"title":"PureJewels UK'de Rodyum Kaplamal\u0131 22 Ayar Alt\u0131n Bayan Bileklik","description":"\u0130ngiltere'deki \u00c7arp\u0131c\u0131 Bilezikleri Ke\u015ffedin. Rodyum kaplamal\u0131 bu g\u00fczel 22 ayar alt\u0131n bilezikleri se\u00e7in. D\u00fc\u011f\u00fcnler, Festivaller i\u00e7in m\u00fckemmel.","robots":{"index":"index","follow":"follow","max-snippet":"max-snippet:-1","max-image-preview":"max-image-preview:large","max-video-preview":"max-video-preview:-1"},"canonical":"https:\/\/www.purejewels.com\/tr\/urun\/22-ayar-altin-guzel-bayan-bileklik-7-inc-42354\/","og_locale":"tr_TR","og_type":"article","og_title":"22ct Gold Ladies Bracelet with Rhodium Finish at PureJewels UK","og_description":"Discover Stunning Bracelets in the UK. Pick these beautiful 22ct gold bracelets with Rhodium finish. Perfect for weddings, Festivals.","og_url":"https:\/\/www.purejewels.com\/tr\/urun\/22-ayar-altin-guzel-bayan-bileklik-7-inc-42354\/","og_site_name":"PureJewels UK","article_modified_time":"2026-01-06T10:16:00+00:00","og_image":[{"width":1000,"height":1000,"url":"https:\/\/www.purejewels.com\/wp-content\/uploads\/2022\/08\/44269.jpg","type":"image\/jpeg"}],"twitter_card":"summary_large_image","twitter_misc":{"Tahmini okuma s\u00fcresi":"1 dakika"},"schema":{"@context":"https:\/\/schema.org","@graph":[{"@type":["WebPage","ItemPage"],"@id":"https:\/\/www.purejewels.com\/product\/22ct-gold-pretty-ladies-bracelet-7-inches-42354\/","url":"https:\/\/www.purejewels.com\/product\/22ct-gold-pretty-ladies-bracelet-7-inches-42354\/","name":"PureJewels UK'de Rodyum Kaplamal\u0131 22 Ayar Alt\u0131n Bayan Bileklik","isPartOf":{"@id":"https:\/\/www.purejewels.com\/#website"},"primaryImageOfPage":{"@id":"https:\/\/www.purejewels.com\/product\/22ct-gold-pretty-ladies-bracelet-7-inches-42354\/#primaryimage"},"image":{"@id":"https:\/\/www.purejewels.com\/product\/22ct-gold-pretty-ladies-bracelet-7-inches-42354\/#primaryimage"},"thumbnailUrl":"https:\/\/static.purejewels.com\/wp-content\/uploads\/2022\/08\/44269.jpg","datePublished":"2024-06-24T09:17:32+00:00","dateModified":"2026-01-06T10:16:00+00:00","description":"\u0130ngiltere'deki \u00c7arp\u0131c\u0131 Bilezikleri Ke\u015ffedin. Rodyum kaplamal\u0131 bu g\u00fczel 22 ayar alt\u0131n bilezikleri se\u00e7in. D\u00fc\u011f\u00fcnler, Festivaller i\u00e7in m\u00fckemmel.","breadcrumb":{"@id":"https:\/\/www.purejewels.com\/product\/22ct-gold-pretty-ladies-bracelet-7-inches-42354\/#breadcrumb"},"inLanguage":"tr","potentialAction":[{"@type":"ReadAction","target":["https:\/\/www.purejewels.com\/product\/22ct-gold-pretty-ladies-bracelet-7-inches-42354\/"]}]},{"@type":"ImageObject","inLanguage":"tr","@id":"https:\/\/www.purejewels.com\/product\/22ct-gold-pretty-ladies-bracelet-7-inches-42354\/#primaryimage","url":"https:\/\/static.purejewels.com\/wp-content\/uploads\/2022\/08\/44269.jpg","contentUrl":"https:\/\/static.purejewels.com\/wp-content\/uploads\/2022\/08\/44269.jpg","width":1000,"height":1000,"caption":"22ct Gold Pretty Ladies Bracelet"},{"@type":"BreadcrumbList","@id":"https:\/\/www.purejewels.com\/product\/22ct-gold-pretty-ladies-bracelet-7-inches-42354\/#breadcrumb","itemListElement":[{"@type":"ListItem","position":1,"name":"Home","item":"https:\/\/www.purejewels.com\/"},{"@type":"ListItem","position":2,"name":"Shop","item":"https:\/\/www.purejewels.com\/shop\/"},{"@type":"ListItem","position":3,"name":"22ct Gold Pretty Ladies Bracelet | 8 Inches"}]},{"@type":"WebSite","@id":"https:\/\/www.purejewels.com\/#website","url":"https:\/\/www.purejewels.com\/","name":"PureJewels \u0130ngiltere","description":"Sevgiyi Payla\u015f\u0131n","publisher":{"@id":"https:\/\/www.purejewels.com\/#organization"},"potentialAction":[{"@type":"SearchAction","target":{"@type":"EntryPoint","urlTemplate":"https:\/\/www.purejewels.com\/?s={search_term_string}"},"query-input":{"@type":"PropertyValueSpecification","valueRequired":true,"valueName":"search_term_string"}}],"inLanguage":"tr"},{"@type":"Organization","@id":"https:\/\/www.purejewels.com\/#organization","name":"PureJewels \u0130ngiltere","url":"https:\/\/www.purejewels.com\/","logo":{"@type":"ImageObject","inLanguage":"tr","@id":"https:\/\/www.purejewels.com\/#\/schema\/logo\/image\/","url":"https:\/\/static.purejewels.com\/wp-content\/uploads\/2020\/11\/Logo-PJ-New-1.png","contentUrl":"https:\/\/static.purejewels.com\/wp-content\/uploads\/2020\/11\/Logo-PJ-New-1.png","width":150,"height":80,"caption":"PureJewels UK"},"image":{"@id":"https:\/\/www.purejewels.com\/#\/schema\/logo\/image\/"}}]}},"_links":{"self":[{"href":"https:\/\/www.purejewels.com\/tr\/wp-json\/wp\/v2\/product\/338254","targetHints":{"allow":["GET"]}}],"collection":[{"href":"https:\/\/www.purejewels.com\/tr\/wp-json\/wp\/v2\/product"}],"about":[{"href":"https:\/\/www.purejewels.com\/tr\/wp-json\/wp\/v2\/types\/product"}],"replies":[{"embeddable":true,"href":"https:\/\/www.purejewels.com\/tr\/wp-json\/wp\/v2\/comments?post=338254"}],"version-history":[{"count":2,"href":"https:\/\/www.purejewels.com\/tr\/wp-json\/wp\/v2\/product\/338254\/revisions"}],"predecessor-version":[{"id":420494,"href":"https:\/\/www.purejewels.com\/tr\/wp-json\/wp\/v2\/product\/338254\/revisions\/420494"}],"wp:featuredmedia":[{"embeddable":true,"href":"https:\/\/www.purejewels.com\/tr\/wp-json\/wp\/v2\/media\/348609"}],"wp:attachment":[{"href":"https:\/\/www.purejewels.com\/tr\/wp-json\/wp\/v2\/media?parent=338254"}],"wp:term":[{"taxonomy":"product_brand","embeddable":true,"href":"https:\/\/www.purejewels.com\/tr\/wp-json\/wp\/v2\/product_brand?post=338254"},{"taxonomy":"product_cat","embeddable":true,"href":"https:\/\/www.purejewels.com\/tr\/wp-json\/wp\/v2\/product_cat?post=338254"},{"taxonomy":"product_tag","embeddable":true,"href":"https:\/\/www.purejewels.com\/tr\/wp-json\/wp\/v2\/product_tag?post=338254"}],"curies":[{"name":"wp","href":"https:\/\/api.w.org\/{rel}","templated":true}]}}