{"id":338293,"date":"2022-08-23T08:08:16","date_gmt":"2022-08-23T07:08:16","guid":{"rendered":"https:\/\/www.purejewels.com\/?post_type=product&#038;p=338293"},"modified":"2024-06-10T07:32:51","modified_gmt":"2024-06-10T06:32:51","slug":"22-ayar-gercek-altin-fantezi-zincir-22-inc-orta-agirlikta-glow-collection-43407","status":"publish","type":"product","link":"https:\/\/www.purejewels.com\/tr\/product\/22ct-real-gold-fancy-chain-22-inches-mediumweight-glow-collection-43407\/","title":{"rendered":"22 Ayar Ger\u00e7ek Alt\u0131n Boncuklu Zincir | 18 \u0130n\u00e7 | Glow koleksiyonu"},"content":{"rendered":"<ul>\n<li>A\u011f\u0131rl\u0131k 10,2 gms<\/li>\n<li>SKU.42824<\/li>\n<\/ul>","protected":false},"excerpt":{"rendered":"<table class=\"sh_desc\">\n<tbody>\n<tr>\n<td>Zincir Tipi<\/td>\n<td>Alt\u0131n Boncuklu Zincir<\/td>\n<\/tr>\n<tr>\n<td>SKU<\/td>\n<td>42824<\/td>\n<\/tr>\n<tr>\n<td>A\u011f\u0131rl\u0131k<\/td>\n<td>10.2 Gms<\/td>\n<\/tr>\n<tr>\n<td>Metal<\/td>\n<td>22 Ayar Alt\u0131n<\/td>\n<\/tr>\n<tr>\n<td>Uzunluk<\/td>\n<td>18 \u0130n\u00e7<\/td>\n<\/tr>\n<tr>\n<td>Hallmark<\/td>\n<td>Londra Tahlil Ofisi Taraf\u0131ndan Damgalanm\u0131\u015f 22 Ayar Alt\u0131n<\/td>\n<\/tr>\n<tr>\n<td>\u00dccretler<\/td>\n<td>Teslimat ve KDV Dahil<\/td>\n<\/tr>\n<tr>\n<td>Paketleme<\/td>\n<td>Sunum Kutusu ile Birlikte Gelir<\/td>\n<\/tr>\n<tr>\n<td>Daha Fazla Bilgi<\/td>\n<td>M\u00fcsaitlik durumu ve daha fazla resim i\u00e7in bizimle canl\u0131 sohbet edin<\/td>\n<\/tr>\n<\/tbody>\n<\/table>","protected":false},"featured_media":348001,"comment_status":"closed","ping_status":"closed","template":"","meta":{"_eb_attr":"","_crsspst_to_jayantr4sg-hostcom":false},"product_brand":[],"product_cat":[5016,1791,1559,1698,3628,1475,1773,1570,1574],"product_tag":[],"class_list":{"0":"post-338293","1":"product","2":"type-product","3":"status-publish","4":"has-post-thumbnail","6":"product_cat-22-inch-ladies-chain","7":"product_cat-anniversary-gifts","8":"product_cat-birthday-gifts","9":"product_cat-choker-chains","10":"product_cat-glow-collections","11":"product_cat-gold-chains","12":"product_cat-ladies-chains","13":"product_cat-mothers-day-gifts","14":"product_cat-womens-jewellery","16":"first","17":"outofstock","18":"taxable","19":"shipping-taxable","20":"product-type-simple","21":"add-to-wishlist-before_image"},"yoast_head":"<!-- This site is optimized with the Yoast SEO plugin v27.5 - https:\/\/yoast.com\/product\/yoast-seo-wordpress\/ -->\n<title>22ct Real Gold Beads Chain in 18 Inches | PureJewels UK<\/title>\n<meta name=\"description\" content=\"Shop now and adorn yourself with elegance. Purchase our 22ct Real Gold Beads Chain, available in different lengths. Free delivery across the UK.\" \/>\n<meta name=\"robots\" content=\"index, follow, max-snippet:-1, max-image-preview:large, max-video-preview:-1\" \/>\n<link rel=\"canonical\" href=\"https:\/\/www.purejewels.com\/tr\/urun\/22-ayar-gercek-altin-fantezi-zincir-22-inc-orta-agirlikta-glow-collection-43407\/\" \/>\n<meta property=\"og:locale\" content=\"tr_TR\" \/>\n<meta property=\"og:type\" content=\"article\" \/>\n<meta property=\"og:title\" content=\"22ct Real Gold Beads Chain in 18 Inches | PureJewels UK\" \/>\n<meta property=\"og:description\" content=\"Shop now and adorn yourself with elegance. Purchase our 22ct Real Gold Beads Chain, available in different lengths. Free delivery across the UK.\" \/>\n<meta property=\"og:url\" content=\"https:\/\/www.purejewels.com\/tr\/urun\/22-ayar-gercek-altin-fantezi-zincir-22-inc-orta-agirlikta-glow-collection-43407\/\" \/>\n<meta property=\"og:site_name\" content=\"PureJewels UK\" \/>\n<meta property=\"article:modified_time\" content=\"2024-06-10T06:32:51+00:00\" \/>\n<meta property=\"og:image\" content=\"https:\/\/www.purejewels.com\/wp-content\/uploads\/2022\/08\/SKU-42824-scaled.jpg\" \/>\n\t<meta property=\"og:image:width\" content=\"2560\" \/>\n\t<meta property=\"og:image:height\" content=\"2560\" \/>\n\t<meta property=\"og:image:type\" content=\"image\/jpeg\" \/>\n<meta name=\"twitter:card\" content=\"summary_large_image\" \/>\n<meta name=\"twitter:label1\" content=\"Tahmini okuma s\u00fcresi\" \/>\n\t<meta name=\"twitter:data1\" content=\"1 dakika\" \/>\n<script type=\"application\/ld+json\" class=\"yoast-schema-graph\">{\"@context\":\"https:\\\/\\\/schema.org\",\"@graph\":[{\"@type\":[\"WebPage\",\"ItemPage\"],\"@id\":\"https:\\\/\\\/www.purejewels.com\\\/product\\\/22ct-real-gold-fancy-chain-22-inches-mediumweight-glow-collection-43407\\\/\",\"url\":\"https:\\\/\\\/www.purejewels.com\\\/product\\\/22ct-real-gold-fancy-chain-22-inches-mediumweight-glow-collection-43407\\\/\",\"name\":\"22ct Real Gold Beads Chain in 18 Inches | PureJewels UK\",\"isPartOf\":{\"@id\":\"https:\\\/\\\/www.purejewels.com\\\/#website\"},\"primaryImageOfPage\":{\"@id\":\"https:\\\/\\\/www.purejewels.com\\\/product\\\/22ct-real-gold-fancy-chain-22-inches-mediumweight-glow-collection-43407\\\/#primaryimage\"},\"image\":{\"@id\":\"https:\\\/\\\/www.purejewels.com\\\/product\\\/22ct-real-gold-fancy-chain-22-inches-mediumweight-glow-collection-43407\\\/#primaryimage\"},\"thumbnailUrl\":\"https:\\\/\\\/static.purejewels.com\\\/wp-content\\\/uploads\\\/2022\\\/08\\\/SKU-42824-scaled.jpg\",\"datePublished\":\"2022-08-23T07:08:16+00:00\",\"dateModified\":\"2024-06-10T06:32:51+00:00\",\"description\":\"Shop now and adorn yourself with elegance. Purchase our 22ct Real Gold Beads Chain, available in different lengths. Free delivery across the UK.\",\"breadcrumb\":{\"@id\":\"https:\\\/\\\/www.purejewels.com\\\/product\\\/22ct-real-gold-fancy-chain-22-inches-mediumweight-glow-collection-43407\\\/#breadcrumb\"},\"inLanguage\":\"tr\",\"potentialAction\":[{\"@type\":\"ReadAction\",\"target\":[\"https:\\\/\\\/www.purejewels.com\\\/product\\\/22ct-real-gold-fancy-chain-22-inches-mediumweight-glow-collection-43407\\\/\"]}]},{\"@type\":\"ImageObject\",\"inLanguage\":\"tr\",\"@id\":\"https:\\\/\\\/www.purejewels.com\\\/product\\\/22ct-real-gold-fancy-chain-22-inches-mediumweight-glow-collection-43407\\\/#primaryimage\",\"url\":\"https:\\\/\\\/static.purejewels.com\\\/wp-content\\\/uploads\\\/2022\\\/08\\\/SKU-42824-scaled.jpg\",\"contentUrl\":\"https:\\\/\\\/static.purejewels.com\\\/wp-content\\\/uploads\\\/2022\\\/08\\\/SKU-42824-scaled.jpg\",\"width\":2560,\"height\":2560,\"caption\":\"22ct Real Gold Beads Chain\"},{\"@type\":\"BreadcrumbList\",\"@id\":\"https:\\\/\\\/www.purejewels.com\\\/product\\\/22ct-real-gold-fancy-chain-22-inches-mediumweight-glow-collection-43407\\\/#breadcrumb\",\"itemListElement\":[{\"@type\":\"ListItem\",\"position\":1,\"name\":\"Home\",\"item\":\"https:\\\/\\\/www.purejewels.com\\\/\"},{\"@type\":\"ListItem\",\"position\":2,\"name\":\"Shop\",\"item\":\"https:\\\/\\\/www.purejewels.com\\\/shop\\\/\"},{\"@type\":\"ListItem\",\"position\":3,\"name\":\"22ct Real Gold Beads Chain | 18 Inches | Glow collection\"}]},{\"@type\":\"WebSite\",\"@id\":\"https:\\\/\\\/www.purejewels.com\\\/#website\",\"url\":\"https:\\\/\\\/www.purejewels.com\\\/\",\"name\":\"PureJewels UK\",\"description\":\"Share the Love\",\"publisher\":{\"@id\":\"https:\\\/\\\/www.purejewels.com\\\/#organization\"},\"potentialAction\":[{\"@type\":\"SearchAction\",\"target\":{\"@type\":\"EntryPoint\",\"urlTemplate\":\"https:\\\/\\\/www.purejewels.com\\\/?s={search_term_string}\"},\"query-input\":{\"@type\":\"PropertyValueSpecification\",\"valueRequired\":true,\"valueName\":\"search_term_string\"}}],\"inLanguage\":\"tr\"},{\"@type\":\"Organization\",\"@id\":\"https:\\\/\\\/www.purejewels.com\\\/#organization\",\"name\":\"PureJewels UK\",\"url\":\"https:\\\/\\\/www.purejewels.com\\\/\",\"logo\":{\"@type\":\"ImageObject\",\"inLanguage\":\"tr\",\"@id\":\"https:\\\/\\\/www.purejewels.com\\\/#\\\/schema\\\/logo\\\/image\\\/\",\"url\":\"https:\\\/\\\/static.purejewels.com\\\/wp-content\\\/uploads\\\/2020\\\/11\\\/Logo-PJ-New-1.png\",\"contentUrl\":\"https:\\\/\\\/static.purejewels.com\\\/wp-content\\\/uploads\\\/2020\\\/11\\\/Logo-PJ-New-1.png\",\"width\":150,\"height\":80,\"caption\":\"PureJewels UK\"},\"image\":{\"@id\":\"https:\\\/\\\/www.purejewels.com\\\/#\\\/schema\\\/logo\\\/image\\\/\"}}]}<\/script>\n<!-- \/ Yoast SEO plugin. -->","yoast_head_json":{"title":"18 \u0130n\u00e7 22 Ayar Ger\u00e7ek Alt\u0131n Boncuk Zincir | PureJewels UK","description":"\u015eimdi al\u0131\u015fveri\u015f yap\u0131n ve kendinizi zarafetle s\u00fcsleyin. Farkl\u0131 uzunluklarda mevcut olan 22 ayar Ger\u00e7ek Alt\u0131n Boncuklu Zincirimizi sat\u0131n al\u0131n. Birle\u015fik Krall\u0131k genelinde \u00fccretsiz teslimat.","robots":{"index":"index","follow":"follow","max-snippet":"max-snippet:-1","max-image-preview":"max-image-preview:large","max-video-preview":"max-video-preview:-1"},"canonical":"https:\/\/www.purejewels.com\/tr\/urun\/22-ayar-gercek-altin-fantezi-zincir-22-inc-orta-agirlikta-glow-collection-43407\/","og_locale":"tr_TR","og_type":"article","og_title":"22ct Real Gold Beads Chain in 18 Inches | PureJewels UK","og_description":"Shop now and adorn yourself with elegance. Purchase our 22ct Real Gold Beads Chain, available in different lengths. Free delivery across the UK.","og_url":"https:\/\/www.purejewels.com\/tr\/urun\/22-ayar-gercek-altin-fantezi-zincir-22-inc-orta-agirlikta-glow-collection-43407\/","og_site_name":"PureJewels UK","article_modified_time":"2024-06-10T06:32:51+00:00","og_image":[{"width":2560,"height":2560,"url":"https:\/\/www.purejewels.com\/wp-content\/uploads\/2022\/08\/SKU-42824-scaled.jpg","type":"image\/jpeg"}],"twitter_card":"summary_large_image","twitter_misc":{"Tahmini okuma s\u00fcresi":"1 dakika"},"schema":{"@context":"https:\/\/schema.org","@graph":[{"@type":["WebPage","ItemPage"],"@id":"https:\/\/www.purejewels.com\/product\/22ct-real-gold-fancy-chain-22-inches-mediumweight-glow-collection-43407\/","url":"https:\/\/www.purejewels.com\/product\/22ct-real-gold-fancy-chain-22-inches-mediumweight-glow-collection-43407\/","name":"18 \u0130n\u00e7 22 Ayar Ger\u00e7ek Alt\u0131n Boncuk Zincir | PureJewels UK","isPartOf":{"@id":"https:\/\/www.purejewels.com\/#website"},"primaryImageOfPage":{"@id":"https:\/\/www.purejewels.com\/product\/22ct-real-gold-fancy-chain-22-inches-mediumweight-glow-collection-43407\/#primaryimage"},"image":{"@id":"https:\/\/www.purejewels.com\/product\/22ct-real-gold-fancy-chain-22-inches-mediumweight-glow-collection-43407\/#primaryimage"},"thumbnailUrl":"https:\/\/static.purejewels.com\/wp-content\/uploads\/2022\/08\/SKU-42824-scaled.jpg","datePublished":"2022-08-23T07:08:16+00:00","dateModified":"2024-06-10T06:32:51+00:00","description":"\u015eimdi al\u0131\u015fveri\u015f yap\u0131n ve kendinizi zarafetle s\u00fcsleyin. Farkl\u0131 uzunluklarda mevcut olan 22 ayar Ger\u00e7ek Alt\u0131n Boncuklu Zincirimizi sat\u0131n al\u0131n. Birle\u015fik Krall\u0131k genelinde \u00fccretsiz teslimat.","breadcrumb":{"@id":"https:\/\/www.purejewels.com\/product\/22ct-real-gold-fancy-chain-22-inches-mediumweight-glow-collection-43407\/#breadcrumb"},"inLanguage":"tr","potentialAction":[{"@type":"ReadAction","target":["https:\/\/www.purejewels.com\/product\/22ct-real-gold-fancy-chain-22-inches-mediumweight-glow-collection-43407\/"]}]},{"@type":"ImageObject","inLanguage":"tr","@id":"https:\/\/www.purejewels.com\/product\/22ct-real-gold-fancy-chain-22-inches-mediumweight-glow-collection-43407\/#primaryimage","url":"https:\/\/static.purejewels.com\/wp-content\/uploads\/2022\/08\/SKU-42824-scaled.jpg","contentUrl":"https:\/\/static.purejewels.com\/wp-content\/uploads\/2022\/08\/SKU-42824-scaled.jpg","width":2560,"height":2560,"caption":"22ct Real Gold Beads Chain"},{"@type":"BreadcrumbList","@id":"https:\/\/www.purejewels.com\/product\/22ct-real-gold-fancy-chain-22-inches-mediumweight-glow-collection-43407\/#breadcrumb","itemListElement":[{"@type":"ListItem","position":1,"name":"Home","item":"https:\/\/www.purejewels.com\/"},{"@type":"ListItem","position":2,"name":"Shop","item":"https:\/\/www.purejewels.com\/shop\/"},{"@type":"ListItem","position":3,"name":"22ct Real Gold Beads Chain | 18 Inches | Glow collection"}]},{"@type":"WebSite","@id":"https:\/\/www.purejewels.com\/#website","url":"https:\/\/www.purejewels.com\/","name":"PureJewels \u0130ngiltere","description":"Sevgiyi Payla\u015f\u0131n","publisher":{"@id":"https:\/\/www.purejewels.com\/#organization"},"potentialAction":[{"@type":"SearchAction","target":{"@type":"EntryPoint","urlTemplate":"https:\/\/www.purejewels.com\/?s={search_term_string}"},"query-input":{"@type":"PropertyValueSpecification","valueRequired":true,"valueName":"search_term_string"}}],"inLanguage":"tr"},{"@type":"Organization","@id":"https:\/\/www.purejewels.com\/#organization","name":"PureJewels \u0130ngiltere","url":"https:\/\/www.purejewels.com\/","logo":{"@type":"ImageObject","inLanguage":"tr","@id":"https:\/\/www.purejewels.com\/#\/schema\/logo\/image\/","url":"https:\/\/static.purejewels.com\/wp-content\/uploads\/2020\/11\/Logo-PJ-New-1.png","contentUrl":"https:\/\/static.purejewels.com\/wp-content\/uploads\/2020\/11\/Logo-PJ-New-1.png","width":150,"height":80,"caption":"PureJewels UK"},"image":{"@id":"https:\/\/www.purejewels.com\/#\/schema\/logo\/image\/"}}]}},"_links":{"self":[{"href":"https:\/\/www.purejewels.com\/tr\/wp-json\/wp\/v2\/product\/338293","targetHints":{"allow":["GET"]}}],"collection":[{"href":"https:\/\/www.purejewels.com\/tr\/wp-json\/wp\/v2\/product"}],"about":[{"href":"https:\/\/www.purejewels.com\/tr\/wp-json\/wp\/v2\/types\/product"}],"replies":[{"embeddable":true,"href":"https:\/\/www.purejewels.com\/tr\/wp-json\/wp\/v2\/comments?post=338293"}],"version-history":[{"count":1,"href":"https:\/\/www.purejewels.com\/tr\/wp-json\/wp\/v2\/product\/338293\/revisions"}],"predecessor-version":[{"id":364395,"href":"https:\/\/www.purejewels.com\/tr\/wp-json\/wp\/v2\/product\/338293\/revisions\/364395"}],"wp:featuredmedia":[{"embeddable":true,"href":"https:\/\/www.purejewels.com\/tr\/wp-json\/wp\/v2\/media\/348001"}],"wp:attachment":[{"href":"https:\/\/www.purejewels.com\/tr\/wp-json\/wp\/v2\/media?parent=338293"}],"wp:term":[{"taxonomy":"product_brand","embeddable":true,"href":"https:\/\/www.purejewels.com\/tr\/wp-json\/wp\/v2\/product_brand?post=338293"},{"taxonomy":"product_cat","embeddable":true,"href":"https:\/\/www.purejewels.com\/tr\/wp-json\/wp\/v2\/product_cat?post=338293"},{"taxonomy":"product_tag","embeddable":true,"href":"https:\/\/www.purejewels.com\/tr\/wp-json\/wp\/v2\/product_tag?post=338293"}],"curies":[{"name":"wp","href":"https:\/\/api.w.org\/{rel}","templated":true}]}}