{"id":338317,"date":"2025-07-03T12:28:40","date_gmt":"2025-07-03T11:28:40","guid":{"rendered":"https:\/\/www.purejewels.com\/?post_type=product&#038;p=338317"},"modified":"2026-02-23T11:18:24","modified_gmt":"2026-02-23T11:18:24","slug":"22-ayar-altin-bebek-bilekligi-45908","status":"publish","type":"product","link":"https:\/\/www.purejewels.com\/tr\/product\/22ct-gold-baby-bracelet-45908\/","title":{"rendered":"22 Ayar Alt\u0131n Bebek Bilekli\u011fi | 5 \u0130n\u00e7"},"content":{"rendered":"<p>K\u00f6kleri geleneklere dayanan ve g\u00fcnl\u00fck kullan\u0131m i\u00e7in tasarlanan bu 22 ayar alt\u0131n nazariya bileklik, \u00e7ocuklar i\u00e7in sembolik bir par\u00e7ad\u0131r. De\u011fi\u015fken siyah boncuklar ve alt\u0131n elementler i\u00e7eren bu bilezi\u011fin k\u00fc\u00e7\u00fckleri negatif enerjiden korudu\u011funa ve zarafet katt\u0131\u011f\u0131na inan\u0131l\u0131yor.<\/p>\n<p>5 in\u00e7 uzunlu\u011fu ve 2,8 mm boncuk boyutuyla g\u00fcnl\u00fck kullan\u0131m i\u00e7in rahat ve konforlu bir uyum sunar. \u0130ster do\u011fumda hediye edilsin ister k\u00fclt\u00fcrel geleneklerin bir par\u00e7as\u0131 olarak tak\u0131ls\u0131n, bu bileklik \u00f6zen, i\u015f\u00e7ilik ve sessiz \u00f6nemi bir araya getirir.<\/p>","protected":false},"excerpt":{"rendered":"<p>Modern \u00e7ekicili\u011fe sahip koruyucu bir t\u0131ls\u0131m olan bu 22 ayar alt\u0131n nazariya bilezik, k\u00fc\u00e7\u00fck bilekler i\u00e7in \u00f6zenle boyutland\u0131r\u0131lm\u0131\u015f siyah boncuklara ve alt\u0131n vurgulara sahiptir. Hafif, g\u00fcvenli ve anlam dolu.<\/p>\n<p><strong>Malzeme:<\/strong>\u00a022 Ayar Alt\u0131n<strong><br \/>\nHallmark:\u00a0<\/strong>\u0130ngiliz Damgas\u0131<strong><br \/>\n<\/strong><strong>Br\u00fct A\u011f\u0131rl\u0131k: <\/strong>2.00 Gms<br \/>\n<strong>Net A\u011f\u0131rl\u0131k:<\/strong> 1.84 Gms<br \/>\n<strong>Uzunluk:<\/strong> 5 in\u00e7<br \/>\n<strong>SKU:<\/strong> 45908<\/p>\n<p><strong>Fiyat ve Teslimat<\/strong>: KDV ve teslimat \u00fccreti dahil<br \/>\n<a href=\"https:\/\/www.purejewels.com\/tr\/i%cc%87ade-poli%cc%87ti%cc%87kasi\/\">\u0130ade Politikas\u0131<\/a><\/p>","protected":false},"featured_media":403514,"comment_status":"closed","ping_status":"closed","template":"","meta":{"_eb_attr":"","_crsspst_to_jayantr4sg-hostcom":true},"product_brand":[],"product_cat":[5441,1576,1324,1229,5343,1436,5349],"product_tag":[1546],"class_list":{"0":"post-338317","1":"product","2":"type-product","3":"status-publish","4":"has-post-thumbnail","6":"product_cat-gold-bead-bracelets","7":"product_cat-childrens-jewellery","8":"product_cat-gold-bracelet","9":"product_cat-22ct-gold-jewellery","10":"product_cat-jewellery-under-550","11":"product_cat-kids-bracelet-kada","12":"product_cat-yellow-gold-jewellery","13":"product_tag-children","15":"first","16":"outofstock","17":"taxable","18":"shipping-taxable","19":"product-type-simple","20":"add-to-wishlist-before_image"},"yoast_head":"<!-- This site is optimized with the Yoast SEO plugin v27.5 - https:\/\/yoast.com\/product\/yoast-seo-wordpress\/ -->\n<title>Shop 22ct gold Fancy baby bracelets at PureJewels UK<\/title>\n<meta name=\"description\" content=\"Buy these beautiful gold bracelets for your baby in London. Perfect gift for new born. Fast Delivery &amp; hassle free returns.\" \/>\n<meta name=\"robots\" content=\"index, follow, max-snippet:-1, max-image-preview:large, max-video-preview:-1\" \/>\n<link rel=\"canonical\" href=\"https:\/\/www.purejewels.com\/tr\/urun\/22-ayar-altin-bebek-bilekligi-45908\/\" \/>\n<meta property=\"og:locale\" content=\"tr_TR\" \/>\n<meta property=\"og:type\" content=\"article\" \/>\n<meta property=\"og:title\" content=\"Shop 22ct gold Fancy baby bracelets at PureJewels UK\" \/>\n<meta property=\"og:description\" content=\"Buy these beautiful gold bracelets for your baby in London. Perfect gift for new born. Fast Delivery &amp; hassle free returns.\" \/>\n<meta property=\"og:url\" content=\"https:\/\/www.purejewels.com\/tr\/urun\/22-ayar-altin-bebek-bilekligi-45908\/\" \/>\n<meta property=\"og:site_name\" content=\"PureJewels UK\" \/>\n<meta property=\"article:modified_time\" content=\"2026-02-23T11:18:24+00:00\" \/>\n<meta property=\"og:image\" content=\"https:\/\/static.purejewels.com\/wp-content\/uploads\/2022\/08\/SKU-45908.jpg\" \/>\n\t<meta property=\"og:image:width\" content=\"1000\" \/>\n\t<meta property=\"og:image:height\" content=\"1000\" \/>\n\t<meta property=\"og:image:type\" content=\"image\/jpeg\" \/>\n<meta name=\"twitter:card\" content=\"summary_large_image\" \/>\n<meta name=\"twitter:label1\" content=\"Tahmini okuma s\u00fcresi\" \/>\n\t<meta name=\"twitter:data1\" content=\"1 dakika\" \/>\n<script type=\"application\/ld+json\" class=\"yoast-schema-graph\">{\"@context\":\"https:\\\/\\\/schema.org\",\"@graph\":[{\"@type\":[\"WebPage\",\"ItemPage\"],\"@id\":\"https:\\\/\\\/www.purejewels.com\\\/product\\\/22ct-gold-baby-bracelet-45908\\\/\",\"url\":\"https:\\\/\\\/www.purejewels.com\\\/product\\\/22ct-gold-baby-bracelet-45908\\\/\",\"name\":\"Shop 22ct gold Fancy baby bracelets at PureJewels UK\",\"isPartOf\":{\"@id\":\"https:\\\/\\\/www.purejewels.com\\\/#website\"},\"primaryImageOfPage\":{\"@id\":\"https:\\\/\\\/www.purejewels.com\\\/product\\\/22ct-gold-baby-bracelet-45908\\\/#primaryimage\"},\"image\":{\"@id\":\"https:\\\/\\\/www.purejewels.com\\\/product\\\/22ct-gold-baby-bracelet-45908\\\/#primaryimage\"},\"thumbnailUrl\":\"https:\\\/\\\/static.purejewels.com\\\/wp-content\\\/uploads\\\/2022\\\/08\\\/SKU-45908.jpg\",\"datePublished\":\"2025-07-03T11:28:40+00:00\",\"dateModified\":\"2026-02-23T11:18:24+00:00\",\"description\":\"Buy these beautiful gold bracelets for your baby in London. Perfect gift for new born. Fast Delivery & hassle free returns.\",\"breadcrumb\":{\"@id\":\"https:\\\/\\\/www.purejewels.com\\\/product\\\/22ct-gold-baby-bracelet-45908\\\/#breadcrumb\"},\"inLanguage\":\"tr\",\"potentialAction\":[{\"@type\":\"ReadAction\",\"target\":[\"https:\\\/\\\/www.purejewels.com\\\/product\\\/22ct-gold-baby-bracelet-45908\\\/\"]}]},{\"@type\":\"ImageObject\",\"inLanguage\":\"tr\",\"@id\":\"https:\\\/\\\/www.purejewels.com\\\/product\\\/22ct-gold-baby-bracelet-45908\\\/#primaryimage\",\"url\":\"https:\\\/\\\/static.purejewels.com\\\/wp-content\\\/uploads\\\/2022\\\/08\\\/SKU-45908.jpg\",\"contentUrl\":\"https:\\\/\\\/static.purejewels.com\\\/wp-content\\\/uploads\\\/2022\\\/08\\\/SKU-45908.jpg\",\"width\":1000,\"height\":1000,\"caption\":\"22ct Gold Baby Bracelet\"},{\"@type\":\"BreadcrumbList\",\"@id\":\"https:\\\/\\\/www.purejewels.com\\\/product\\\/22ct-gold-baby-bracelet-45908\\\/#breadcrumb\",\"itemListElement\":[{\"@type\":\"ListItem\",\"position\":1,\"name\":\"Home\",\"item\":\"https:\\\/\\\/www.purejewels.com\\\/\"},{\"@type\":\"ListItem\",\"position\":2,\"name\":\"Shop\",\"item\":\"https:\\\/\\\/www.purejewels.com\\\/shop\\\/\"},{\"@type\":\"ListItem\",\"position\":3,\"name\":\"22ct Gold Baby Bracelet | 5 Inches\"}]},{\"@type\":\"WebSite\",\"@id\":\"https:\\\/\\\/www.purejewels.com\\\/#website\",\"url\":\"https:\\\/\\\/www.purejewels.com\\\/\",\"name\":\"PureJewels UK\",\"description\":\"Share the Love\",\"publisher\":{\"@id\":\"https:\\\/\\\/www.purejewels.com\\\/#organization\"},\"potentialAction\":[{\"@type\":\"SearchAction\",\"target\":{\"@type\":\"EntryPoint\",\"urlTemplate\":\"https:\\\/\\\/www.purejewels.com\\\/?s={search_term_string}\"},\"query-input\":{\"@type\":\"PropertyValueSpecification\",\"valueRequired\":true,\"valueName\":\"search_term_string\"}}],\"inLanguage\":\"tr\"},{\"@type\":\"Organization\",\"@id\":\"https:\\\/\\\/www.purejewels.com\\\/#organization\",\"name\":\"PureJewels UK\",\"url\":\"https:\\\/\\\/www.purejewels.com\\\/\",\"logo\":{\"@type\":\"ImageObject\",\"inLanguage\":\"tr\",\"@id\":\"https:\\\/\\\/www.purejewels.com\\\/#\\\/schema\\\/logo\\\/image\\\/\",\"url\":\"https:\\\/\\\/static.purejewels.com\\\/wp-content\\\/uploads\\\/2020\\\/11\\\/Logo-PJ-New-1.png\",\"contentUrl\":\"https:\\\/\\\/static.purejewels.com\\\/wp-content\\\/uploads\\\/2020\\\/11\\\/Logo-PJ-New-1.png\",\"width\":150,\"height\":80,\"caption\":\"PureJewels UK\"},\"image\":{\"@id\":\"https:\\\/\\\/www.purejewels.com\\\/#\\\/schema\\\/logo\\\/image\\\/\"}}]}<\/script>\n<!-- \/ Yoast SEO plugin. -->","yoast_head_json":{"title":"PureJewels UK'de 22 ayar alt\u0131n s\u00fcsl\u00fc bebek bilezikleri sat\u0131n al\u0131n","description":"Bebe\u011finiz i\u00e7in bu g\u00fczel alt\u0131n bilezikleri Londra'dan sat\u0131n al\u0131n. Yeni do\u011fan i\u00e7in m\u00fckemmel bir hediye. H\u0131zl\u0131 Teslimat ve sorunsuz iade.","robots":{"index":"index","follow":"follow","max-snippet":"max-snippet:-1","max-image-preview":"max-image-preview:large","max-video-preview":"max-video-preview:-1"},"canonical":"https:\/\/www.purejewels.com\/tr\/urun\/22-ayar-altin-bebek-bilekligi-45908\/","og_locale":"tr_TR","og_type":"article","og_title":"Shop 22ct gold Fancy baby bracelets at PureJewels UK","og_description":"Buy these beautiful gold bracelets for your baby in London. Perfect gift for new born. Fast Delivery & hassle free returns.","og_url":"https:\/\/www.purejewels.com\/tr\/urun\/22-ayar-altin-bebek-bilekligi-45908\/","og_site_name":"PureJewels UK","article_modified_time":"2026-02-23T11:18:24+00:00","og_image":[{"width":1000,"height":1000,"url":"https:\/\/static.purejewels.com\/wp-content\/uploads\/2022\/08\/SKU-45908.jpg","type":"image\/jpeg"}],"twitter_card":"summary_large_image","twitter_misc":{"Tahmini okuma s\u00fcresi":"1 dakika"},"schema":{"@context":"https:\/\/schema.org","@graph":[{"@type":["WebPage","ItemPage"],"@id":"https:\/\/www.purejewels.com\/product\/22ct-gold-baby-bracelet-45908\/","url":"https:\/\/www.purejewels.com\/product\/22ct-gold-baby-bracelet-45908\/","name":"PureJewels UK'de 22 ayar alt\u0131n s\u00fcsl\u00fc bebek bilezikleri sat\u0131n al\u0131n","isPartOf":{"@id":"https:\/\/www.purejewels.com\/#website"},"primaryImageOfPage":{"@id":"https:\/\/www.purejewels.com\/product\/22ct-gold-baby-bracelet-45908\/#primaryimage"},"image":{"@id":"https:\/\/www.purejewels.com\/product\/22ct-gold-baby-bracelet-45908\/#primaryimage"},"thumbnailUrl":"https:\/\/static.purejewels.com\/wp-content\/uploads\/2022\/08\/SKU-45908.jpg","datePublished":"2025-07-03T11:28:40+00:00","dateModified":"2026-02-23T11:18:24+00:00","description":"Bebe\u011finiz i\u00e7in bu g\u00fczel alt\u0131n bilezikleri Londra'dan sat\u0131n al\u0131n. Yeni do\u011fan i\u00e7in m\u00fckemmel bir hediye. H\u0131zl\u0131 Teslimat ve sorunsuz iade.","breadcrumb":{"@id":"https:\/\/www.purejewels.com\/product\/22ct-gold-baby-bracelet-45908\/#breadcrumb"},"inLanguage":"tr","potentialAction":[{"@type":"ReadAction","target":["https:\/\/www.purejewels.com\/product\/22ct-gold-baby-bracelet-45908\/"]}]},{"@type":"ImageObject","inLanguage":"tr","@id":"https:\/\/www.purejewels.com\/product\/22ct-gold-baby-bracelet-45908\/#primaryimage","url":"https:\/\/static.purejewels.com\/wp-content\/uploads\/2022\/08\/SKU-45908.jpg","contentUrl":"https:\/\/static.purejewels.com\/wp-content\/uploads\/2022\/08\/SKU-45908.jpg","width":1000,"height":1000,"caption":"22ct Gold Baby Bracelet"},{"@type":"BreadcrumbList","@id":"https:\/\/www.purejewels.com\/product\/22ct-gold-baby-bracelet-45908\/#breadcrumb","itemListElement":[{"@type":"ListItem","position":1,"name":"Home","item":"https:\/\/www.purejewels.com\/"},{"@type":"ListItem","position":2,"name":"Shop","item":"https:\/\/www.purejewels.com\/shop\/"},{"@type":"ListItem","position":3,"name":"22ct Gold Baby Bracelet | 5 Inches"}]},{"@type":"WebSite","@id":"https:\/\/www.purejewels.com\/#website","url":"https:\/\/www.purejewels.com\/","name":"PureJewels \u0130ngiltere","description":"Sevgiyi Payla\u015f\u0131n","publisher":{"@id":"https:\/\/www.purejewels.com\/#organization"},"potentialAction":[{"@type":"SearchAction","target":{"@type":"EntryPoint","urlTemplate":"https:\/\/www.purejewels.com\/?s={search_term_string}"},"query-input":{"@type":"PropertyValueSpecification","valueRequired":true,"valueName":"search_term_string"}}],"inLanguage":"tr"},{"@type":"Organization","@id":"https:\/\/www.purejewels.com\/#organization","name":"PureJewels \u0130ngiltere","url":"https:\/\/www.purejewels.com\/","logo":{"@type":"ImageObject","inLanguage":"tr","@id":"https:\/\/www.purejewels.com\/#\/schema\/logo\/image\/","url":"https:\/\/static.purejewels.com\/wp-content\/uploads\/2020\/11\/Logo-PJ-New-1.png","contentUrl":"https:\/\/static.purejewels.com\/wp-content\/uploads\/2020\/11\/Logo-PJ-New-1.png","width":150,"height":80,"caption":"PureJewels UK"},"image":{"@id":"https:\/\/www.purejewels.com\/#\/schema\/logo\/image\/"}}]}},"_links":{"self":[{"href":"https:\/\/www.purejewels.com\/tr\/wp-json\/wp\/v2\/product\/338317","targetHints":{"allow":["GET"]}}],"collection":[{"href":"https:\/\/www.purejewels.com\/tr\/wp-json\/wp\/v2\/product"}],"about":[{"href":"https:\/\/www.purejewels.com\/tr\/wp-json\/wp\/v2\/types\/product"}],"replies":[{"embeddable":true,"href":"https:\/\/www.purejewels.com\/tr\/wp-json\/wp\/v2\/comments?post=338317"}],"version-history":[{"count":5,"href":"https:\/\/www.purejewels.com\/tr\/wp-json\/wp\/v2\/product\/338317\/revisions"}],"predecessor-version":[{"id":403518,"href":"https:\/\/www.purejewels.com\/tr\/wp-json\/wp\/v2\/product\/338317\/revisions\/403518"}],"wp:featuredmedia":[{"embeddable":true,"href":"https:\/\/www.purejewels.com\/tr\/wp-json\/wp\/v2\/media\/403514"}],"wp:attachment":[{"href":"https:\/\/www.purejewels.com\/tr\/wp-json\/wp\/v2\/media?parent=338317"}],"wp:term":[{"taxonomy":"product_brand","embeddable":true,"href":"https:\/\/www.purejewels.com\/tr\/wp-json\/wp\/v2\/product_brand?post=338317"},{"taxonomy":"product_cat","embeddable":true,"href":"https:\/\/www.purejewels.com\/tr\/wp-json\/wp\/v2\/product_cat?post=338317"},{"taxonomy":"product_tag","embeddable":true,"href":"https:\/\/www.purejewels.com\/tr\/wp-json\/wp\/v2\/product_tag?post=338317"}],"curies":[{"name":"wp","href":"https:\/\/api.w.org\/{rel}","templated":true}]}}