{"id":338321,"date":"2023-01-30T01:19:36","date_gmt":"2023-01-30T01:19:36","guid":{"rendered":"https:\/\/www.purejewels.com\/?post_type=product&#038;p=338321"},"modified":"2026-01-06T10:00:20","modified_gmt":"2026-01-06T10:00:20","slug":"22-ayar-altin-suslu-cocuk-bilezikleri-6-inc-isilti-koleksiyonu","status":"publish","type":"product","link":"https:\/\/www.purejewels.com\/tr\/product\/22ct-gold-fancy-kids-bracelets-6-inches-glow-collection\/","title":{"rendered":"22 Karat Boncuklu \u00c7ocuk Bilekli\u011fi | 4,5 in\u00e7"},"content":{"rendered":"<p>Bir \u00e7ocuk i\u00e7in \u00f6zel bir hediye mi ar\u0131yorsunuz? \u00c7ocuklar i\u00e7in 22 Ayar Alt\u0131n Boncuklu Bilekli\u011fimizden ba\u015fkas\u0131na bakmay\u0131n! 22 ayar alt\u0131n boncuklarla \u00fcretilen bu bileklik, t\u00fcm k\u00fc\u00e7\u00fckler i\u00e7in m\u00fckemmel bir aksesuard\u0131r. Bileklik 4,5 in\u00e7 uzunlu\u011fundad\u0131r ve 3,1 mm boncuklara sahiptir, bu da onu \u00e7ocuklar i\u00e7in m\u00fckemmel bir boyut haline getirir.<\/p>\n<p>Her bir bilezik Londra Assay Ofisi taraf\u0131ndan damgalanarak orijinalli\u011fi ve kalitesi garanti alt\u0131na al\u0131nm\u0131\u015ft\u0131r. Bileklik bir sunum kutusunda gelir ve hayat\u0131n\u0131zdaki o \u00f6zel \u00e7ocu\u011fa hediye etmeye haz\u0131r hale gelir.<\/p>\n<p>PureJewels'te \u00fccretsiz takipli teslimat ve g\u00fcvenli \u00e7evrimi\u00e7i \u00f6demeler sunuyoruz, b\u00f6ylece g\u00fcvenle al\u0131\u015fveri\u015f yapabilirsiniz. Herhangi bir sorunuz varsa veya daha h\u0131zl\u0131 teslimata ihtiyac\u0131n\u0131z varsa, m\u00fc\u015fteri hizmetleri ekibimiz size yard\u0131mc\u0131 olmak i\u00e7in burada.<\/p>\n<p>Beklemeyin, bu g\u00fczel boncuklu \u00e7ocuk bilekli\u011fini bug\u00fcn sipari\u015f edin ve hayat\u0131n\u0131zdaki k\u00fc\u00e7\u00fck \u00e7ocuk \u00fczerinde kal\u0131c\u0131 bir etki b\u0131rak\u0131n. Do\u011fum g\u00fcnleri, tatiller veya herhangi bir \u00f6zel g\u00fcn i\u00e7in m\u00fckemmeldir.<\/p>","protected":false},"excerpt":{"rendered":"<div class=\"woocommerce-product-details__short-description\">\n<table class=\"sh_desc\">\n<tbody>\n<tr>\n<td>Bilezik T\u00fcr\u00fc<\/td>\n<td>Bebek Bilekli\u011fi<\/td>\n<\/tr>\n<tr>\n<td>SKU<\/td>\n<td>42013<\/td>\n<\/tr>\n<tr>\n<td>A\u011f\u0131rl\u0131k<\/td>\n<td>3.6 gm<\/td>\n<\/tr>\n<tr>\n<td>Uzunluk<\/td>\n<td>4,5 in\u00e7<\/td>\n<\/tr>\n<tr>\n<td>Boncuk Boyutu<\/td>\n<td>3.1 mm<\/td>\n<\/tr>\n<tr>\n<td>Metal<\/td>\n<td>22 Ayar Alt\u0131n<\/td>\n<\/tr>\n<tr>\n<td>Hallmark<\/td>\n<td>Londra Tahlil Ofisi Taraf\u0131ndan Damgalanm\u0131\u015f 22 Ayar Alt\u0131n<\/td>\n<\/tr>\n<tr>\n<td>\u00dccretler<\/td>\n<td>Teslimat ve KDV Dahil<\/td>\n<\/tr>\n<tr>\n<td>Paketleme<\/td>\n<td>Sunum Kutusu ile Birlikte Gelir<\/td>\n<\/tr>\n<tr>\n<td>Daha Fazla Bilgi<\/td>\n<td>\n<ul>\n<li>M\u00fcsaitlik durumu ve daha fazla resim i\u00e7in bizimle canl\u0131 sohbet edin<\/li>\n<li>Fiyat tek bir bilezik i\u00e7in verilmi\u015ftir<\/li>\n<\/ul>\n<\/td>\n<\/tr>\n<\/tbody>\n<\/table>\n<\/div>","protected":false},"featured_media":338289,"comment_status":"closed","ping_status":"closed","template":"","meta":{"_eb_attr":"","_crsspst_to_jayantr4sg-hostcom":true},"product_brand":[],"product_cat":[5441,1576,3628,1324,1229,5343,1436,5349],"product_tag":[],"class_list":{"0":"post-338321","1":"product","2":"type-product","3":"status-publish","4":"has-post-thumbnail","6":"product_cat-gold-bead-bracelets","7":"product_cat-childrens-jewellery","8":"product_cat-glow-collections","9":"product_cat-gold-bracelet","10":"product_cat-22ct-gold-jewellery","11":"product_cat-jewellery-under-550","12":"product_cat-kids-bracelet-kada","13":"product_cat-yellow-gold-jewellery","15":"first","16":"outofstock","17":"taxable","18":"shipping-taxable","19":"product-type-simple","20":"add-to-wishlist-before_image"},"yoast_head":"<!-- This site is optimized with the Yoast SEO plugin v27.3 - https:\/\/yoast.com\/product\/yoast-seo-wordpress\/ -->\n<title>Buy 22 Ct Gold Beaded Bracelet For Kids Online At PureJewels<\/title>\n<meta name=\"description\" content=\"Check Out Our Bracelet Collection For Kids. Elevate your little one&#039;s style with our 22ct Gold Baby Bracelet. Free Shipping Across the UK.\" \/>\n<meta name=\"robots\" content=\"index, follow, max-snippet:-1, max-image-preview:large, max-video-preview:-1\" \/>\n<link rel=\"canonical\" href=\"https:\/\/www.purejewels.com\/tr\/urun\/22-ayar-altin-suslu-cocuk-bilezikleri-6-inc-isilti-koleksiyonu\/\" \/>\n<meta property=\"og:locale\" content=\"tr_TR\" \/>\n<meta property=\"og:type\" content=\"article\" \/>\n<meta property=\"og:title\" content=\"Buy 22 Ct Gold Beaded Bracelet For Kids Online At PureJewels\" \/>\n<meta property=\"og:description\" content=\"Check Out Our Bracelet Collection For Kids. Elevate your little one&#039;s style with our 22ct Gold Baby Bracelet. Free Shipping Across the UK.\" \/>\n<meta property=\"og:url\" content=\"https:\/\/www.purejewels.com\/tr\/urun\/22-ayar-altin-suslu-cocuk-bilezikleri-6-inc-isilti-koleksiyonu\/\" \/>\n<meta property=\"og:site_name\" content=\"PureJewels UK\" \/>\n<meta property=\"article:modified_time\" content=\"2026-01-06T10:00:20+00:00\" \/>\n<meta property=\"og:image\" content=\"https:\/\/www.purejewels.com\/wp-content\/uploads\/2022\/08\/67200891.jpg\" \/>\n\t<meta property=\"og:image:width\" content=\"1000\" \/>\n\t<meta property=\"og:image:height\" content=\"1000\" \/>\n\t<meta property=\"og:image:type\" content=\"image\/jpeg\" \/>\n<meta name=\"twitter:card\" content=\"summary_large_image\" \/>\n<meta name=\"twitter:label1\" content=\"Tahmini okuma s\u00fcresi\" \/>\n\t<meta name=\"twitter:data1\" content=\"1 dakika\" \/>\n<script type=\"application\/ld+json\" class=\"yoast-schema-graph\">{\"@context\":\"https:\\\/\\\/schema.org\",\"@graph\":[{\"@type\":[\"WebPage\",\"ItemPage\"],\"@id\":\"https:\\\/\\\/www.purejewels.com\\\/product\\\/22ct-gold-fancy-kids-bracelets-6-inches-glow-collection\\\/\",\"url\":\"https:\\\/\\\/www.purejewels.com\\\/product\\\/22ct-gold-fancy-kids-bracelets-6-inches-glow-collection\\\/\",\"name\":\"Buy 22 Ct Gold Beaded Bracelet For Kids Online At PureJewels\",\"isPartOf\":{\"@id\":\"https:\\\/\\\/www.purejewels.com\\\/#website\"},\"primaryImageOfPage\":{\"@id\":\"https:\\\/\\\/www.purejewels.com\\\/product\\\/22ct-gold-fancy-kids-bracelets-6-inches-glow-collection\\\/#primaryimage\"},\"image\":{\"@id\":\"https:\\\/\\\/www.purejewels.com\\\/product\\\/22ct-gold-fancy-kids-bracelets-6-inches-glow-collection\\\/#primaryimage\"},\"thumbnailUrl\":\"https:\\\/\\\/static.purejewels.com\\\/wp-content\\\/uploads\\\/2022\\\/08\\\/67200891.jpg\",\"datePublished\":\"2023-01-30T01:19:36+00:00\",\"dateModified\":\"2026-01-06T10:00:20+00:00\",\"description\":\"Check Out Our Bracelet Collection For Kids. Elevate your little one's style with our 22ct Gold Baby Bracelet. Free Shipping Across the UK.\",\"breadcrumb\":{\"@id\":\"https:\\\/\\\/www.purejewels.com\\\/product\\\/22ct-gold-fancy-kids-bracelets-6-inches-glow-collection\\\/#breadcrumb\"},\"inLanguage\":\"tr\",\"potentialAction\":[{\"@type\":\"ReadAction\",\"target\":[\"https:\\\/\\\/www.purejewels.com\\\/product\\\/22ct-gold-fancy-kids-bracelets-6-inches-glow-collection\\\/\"]}]},{\"@type\":\"ImageObject\",\"inLanguage\":\"tr\",\"@id\":\"https:\\\/\\\/www.purejewels.com\\\/product\\\/22ct-gold-fancy-kids-bracelets-6-inches-glow-collection\\\/#primaryimage\",\"url\":\"https:\\\/\\\/static.purejewels.com\\\/wp-content\\\/uploads\\\/2022\\\/08\\\/67200891.jpg\",\"contentUrl\":\"https:\\\/\\\/static.purejewels.com\\\/wp-content\\\/uploads\\\/2022\\\/08\\\/67200891.jpg\",\"width\":1000,\"height\":1000,\"caption\":\"22 Carat Beads Bracelet For Kids | 4.5inches | 3.1mm\"},{\"@type\":\"BreadcrumbList\",\"@id\":\"https:\\\/\\\/www.purejewels.com\\\/product\\\/22ct-gold-fancy-kids-bracelets-6-inches-glow-collection\\\/#breadcrumb\",\"itemListElement\":[{\"@type\":\"ListItem\",\"position\":1,\"name\":\"Home\",\"item\":\"https:\\\/\\\/www.purejewels.com\\\/\"},{\"@type\":\"ListItem\",\"position\":2,\"name\":\"Shop\",\"item\":\"https:\\\/\\\/www.purejewels.com\\\/shop\\\/\"},{\"@type\":\"ListItem\",\"position\":3,\"name\":\"22 Carat Beads Bracelet For Kids | 4.5inches\"}]},{\"@type\":\"WebSite\",\"@id\":\"https:\\\/\\\/www.purejewels.com\\\/#website\",\"url\":\"https:\\\/\\\/www.purejewels.com\\\/\",\"name\":\"PureJewels UK\",\"description\":\"Share the Love\",\"publisher\":{\"@id\":\"https:\\\/\\\/www.purejewels.com\\\/#organization\"},\"potentialAction\":[{\"@type\":\"SearchAction\",\"target\":{\"@type\":\"EntryPoint\",\"urlTemplate\":\"https:\\\/\\\/www.purejewels.com\\\/?s={search_term_string}\"},\"query-input\":{\"@type\":\"PropertyValueSpecification\",\"valueRequired\":true,\"valueName\":\"search_term_string\"}}],\"inLanguage\":\"tr\"},{\"@type\":\"Organization\",\"@id\":\"https:\\\/\\\/www.purejewels.com\\\/#organization\",\"name\":\"PureJewels UK\",\"url\":\"https:\\\/\\\/www.purejewels.com\\\/\",\"logo\":{\"@type\":\"ImageObject\",\"inLanguage\":\"tr\",\"@id\":\"https:\\\/\\\/www.purejewels.com\\\/#\\\/schema\\\/logo\\\/image\\\/\",\"url\":\"https:\\\/\\\/static.purejewels.com\\\/wp-content\\\/uploads\\\/2020\\\/11\\\/Logo-PJ-New-1.png\",\"contentUrl\":\"https:\\\/\\\/static.purejewels.com\\\/wp-content\\\/uploads\\\/2020\\\/11\\\/Logo-PJ-New-1.png\",\"width\":150,\"height\":80,\"caption\":\"PureJewels UK\"},\"image\":{\"@id\":\"https:\\\/\\\/www.purejewels.com\\\/#\\\/schema\\\/logo\\\/image\\\/\"}}]}<\/script>\n<!-- \/ Yoast SEO plugin. -->","yoast_head_json":{"title":"PureJewels'ten \u00c7ocuklar \u0130\u00e7in 22 Ct Alt\u0131n Boncuklu Bileklik Online Sat\u0131n Al\u0131n","description":"\u00c7ocuklar \u0130\u00e7in Bilezik Koleksiyonumuza G\u00f6z At\u0131n. K\u00fc\u00e7\u00fck \u00e7ocu\u011funuzun stilini 22 ayar alt\u0131n bebek bilekli\u011fimizle y\u00fckseltin. \u0130ngiltere Genelinde \u00dccretsiz Kargo.","robots":{"index":"index","follow":"follow","max-snippet":"max-snippet:-1","max-image-preview":"max-image-preview:large","max-video-preview":"max-video-preview:-1"},"canonical":"https:\/\/www.purejewels.com\/tr\/urun\/22-ayar-altin-suslu-cocuk-bilezikleri-6-inc-isilti-koleksiyonu\/","og_locale":"tr_TR","og_type":"article","og_title":"Buy 22 Ct Gold Beaded Bracelet For Kids Online At PureJewels","og_description":"Check Out Our Bracelet Collection For Kids. Elevate your little one's style with our 22ct Gold Baby Bracelet. Free Shipping Across the UK.","og_url":"https:\/\/www.purejewels.com\/tr\/urun\/22-ayar-altin-suslu-cocuk-bilezikleri-6-inc-isilti-koleksiyonu\/","og_site_name":"PureJewels UK","article_modified_time":"2026-01-06T10:00:20+00:00","og_image":[{"width":1000,"height":1000,"url":"https:\/\/www.purejewels.com\/wp-content\/uploads\/2022\/08\/67200891.jpg","type":"image\/jpeg"}],"twitter_card":"summary_large_image","twitter_misc":{"Tahmini okuma s\u00fcresi":"1 dakika"},"schema":{"@context":"https:\/\/schema.org","@graph":[{"@type":["WebPage","ItemPage"],"@id":"https:\/\/www.purejewels.com\/product\/22ct-gold-fancy-kids-bracelets-6-inches-glow-collection\/","url":"https:\/\/www.purejewels.com\/product\/22ct-gold-fancy-kids-bracelets-6-inches-glow-collection\/","name":"PureJewels'ten \u00c7ocuklar \u0130\u00e7in 22 Ct Alt\u0131n Boncuklu Bileklik Online Sat\u0131n Al\u0131n","isPartOf":{"@id":"https:\/\/www.purejewels.com\/#website"},"primaryImageOfPage":{"@id":"https:\/\/www.purejewels.com\/product\/22ct-gold-fancy-kids-bracelets-6-inches-glow-collection\/#primaryimage"},"image":{"@id":"https:\/\/www.purejewels.com\/product\/22ct-gold-fancy-kids-bracelets-6-inches-glow-collection\/#primaryimage"},"thumbnailUrl":"https:\/\/static.purejewels.com\/wp-content\/uploads\/2022\/08\/67200891.jpg","datePublished":"2023-01-30T01:19:36+00:00","dateModified":"2026-01-06T10:00:20+00:00","description":"\u00c7ocuklar \u0130\u00e7in Bilezik Koleksiyonumuza G\u00f6z At\u0131n. K\u00fc\u00e7\u00fck \u00e7ocu\u011funuzun stilini 22 ayar alt\u0131n bebek bilekli\u011fimizle y\u00fckseltin. \u0130ngiltere Genelinde \u00dccretsiz Kargo.","breadcrumb":{"@id":"https:\/\/www.purejewels.com\/product\/22ct-gold-fancy-kids-bracelets-6-inches-glow-collection\/#breadcrumb"},"inLanguage":"tr","potentialAction":[{"@type":"ReadAction","target":["https:\/\/www.purejewels.com\/product\/22ct-gold-fancy-kids-bracelets-6-inches-glow-collection\/"]}]},{"@type":"ImageObject","inLanguage":"tr","@id":"https:\/\/www.purejewels.com\/product\/22ct-gold-fancy-kids-bracelets-6-inches-glow-collection\/#primaryimage","url":"https:\/\/static.purejewels.com\/wp-content\/uploads\/2022\/08\/67200891.jpg","contentUrl":"https:\/\/static.purejewels.com\/wp-content\/uploads\/2022\/08\/67200891.jpg","width":1000,"height":1000,"caption":"22 Carat Beads Bracelet For Kids | 4.5inches | 3.1mm"},{"@type":"BreadcrumbList","@id":"https:\/\/www.purejewels.com\/product\/22ct-gold-fancy-kids-bracelets-6-inches-glow-collection\/#breadcrumb","itemListElement":[{"@type":"ListItem","position":1,"name":"Home","item":"https:\/\/www.purejewels.com\/"},{"@type":"ListItem","position":2,"name":"Shop","item":"https:\/\/www.purejewels.com\/shop\/"},{"@type":"ListItem","position":3,"name":"22 Carat Beads Bracelet For Kids | 4.5inches"}]},{"@type":"WebSite","@id":"https:\/\/www.purejewels.com\/#website","url":"https:\/\/www.purejewels.com\/","name":"PureJewels \u0130ngiltere","description":"Sevgiyi Payla\u015f\u0131n","publisher":{"@id":"https:\/\/www.purejewels.com\/#organization"},"potentialAction":[{"@type":"SearchAction","target":{"@type":"EntryPoint","urlTemplate":"https:\/\/www.purejewels.com\/?s={search_term_string}"},"query-input":{"@type":"PropertyValueSpecification","valueRequired":true,"valueName":"search_term_string"}}],"inLanguage":"tr"},{"@type":"Organization","@id":"https:\/\/www.purejewels.com\/#organization","name":"PureJewels \u0130ngiltere","url":"https:\/\/www.purejewels.com\/","logo":{"@type":"ImageObject","inLanguage":"tr","@id":"https:\/\/www.purejewels.com\/#\/schema\/logo\/image\/","url":"https:\/\/static.purejewels.com\/wp-content\/uploads\/2020\/11\/Logo-PJ-New-1.png","contentUrl":"https:\/\/static.purejewels.com\/wp-content\/uploads\/2020\/11\/Logo-PJ-New-1.png","width":150,"height":80,"caption":"PureJewels UK"},"image":{"@id":"https:\/\/www.purejewels.com\/#\/schema\/logo\/image\/"}}]}},"_links":{"self":[{"href":"https:\/\/www.purejewels.com\/tr\/wp-json\/wp\/v2\/product\/338321","targetHints":{"allow":["GET"]}}],"collection":[{"href":"https:\/\/www.purejewels.com\/tr\/wp-json\/wp\/v2\/product"}],"about":[{"href":"https:\/\/www.purejewels.com\/tr\/wp-json\/wp\/v2\/types\/product"}],"replies":[{"embeddable":true,"href":"https:\/\/www.purejewels.com\/tr\/wp-json\/wp\/v2\/comments?post=338321"}],"version-history":[{"count":3,"href":"https:\/\/www.purejewels.com\/tr\/wp-json\/wp\/v2\/product\/338321\/revisions"}],"predecessor-version":[{"id":420755,"href":"https:\/\/www.purejewels.com\/tr\/wp-json\/wp\/v2\/product\/338321\/revisions\/420755"}],"wp:featuredmedia":[{"embeddable":true,"href":"https:\/\/www.purejewels.com\/tr\/wp-json\/wp\/v2\/media\/338289"}],"wp:attachment":[{"href":"https:\/\/www.purejewels.com\/tr\/wp-json\/wp\/v2\/media?parent=338321"}],"wp:term":[{"taxonomy":"product_brand","embeddable":true,"href":"https:\/\/www.purejewels.com\/tr\/wp-json\/wp\/v2\/product_brand?post=338321"},{"taxonomy":"product_cat","embeddable":true,"href":"https:\/\/www.purejewels.com\/tr\/wp-json\/wp\/v2\/product_cat?post=338321"},{"taxonomy":"product_tag","embeddable":true,"href":"https:\/\/www.purejewels.com\/tr\/wp-json\/wp\/v2\/product_tag?post=338321"}],"curies":[{"name":"wp","href":"https:\/\/api.w.org\/{rel}","templated":true}]}}