{"id":338330,"date":"2022-08-25T11:38:50","date_gmt":"2022-08-25T10:38:50","guid":{"rendered":"https:\/\/www.purejewels.com\/?post_type=product&#038;p=338330"},"modified":"2026-04-20T10:55:31","modified_gmt":"2026-04-20T09:55:31","slug":"22-ayar-altin-antika-kaplama-bayan-yuzukleri-p-beden-rozet-koleksiyonu-43366","status":"publish","type":"product","link":"https:\/\/www.purejewels.com\/tr\/product\/22ct-gold-antique-finish-ladies-rings-size-p-rosettes-collection-43366\/","title":{"rendered":"22 Ayar Alt\u0131n Rozet \u00c7i\u00e7ekli Y\u00fcz\u00fck | 7mm"},"content":{"rendered":"<p>Tan\u0131t\u0131m\u0131 <a href=\"https:\/\/www.purejewels.com\/tr\/product\/22ct-gold-jali-filigree-ring-jali-collection-31926\/\">22ct<\/a> Sar\u0131 <a href=\"https:\/\/www.purejewels.com\/tr\/product\/22-carat-gold-ring-size-o-46768\/\">Alt\u0131n Y\u00fcz\u00fck<\/a> Rosettes Koleksiyonumuzdan, zamans\u0131z bir zarafet ve antika cazibesi yans\u0131tan zarif bir par\u00e7a. Bu ola\u011fan\u00fcst\u00fc alt\u0131n y\u00fcz\u00fck, geleneksel alt\u0131n i\u015fleme tekni\u011fi kullan\u0131larak \u00fcretilmi\u015ftir. <a href=\"https:\/\/www.purejewels.com\/tr\/a-guide-to-die-stamping\/\">kal\u0131p damgalama<\/a> tekni\u011fi, m\u00fccevher yap\u0131m\u0131n\u0131n titiz i\u015f\u00e7ili\u011finin ve miras\u0131n\u0131n bir kan\u0131t\u0131d\u0131r.<\/p>\n<p>Bu <a href=\"https:\/\/www.purejewels.com\/tr\/armari-collection\/\">antika kaplama<\/a> benzersiz bir karakter katarak her m\u00fccevher koleksiyonunda g\u00f6ze \u00e7arpan bir eklenti haline getirir. Zengin 22 ayar sar\u0131 alt\u0131n, s\u0131cak ve l\u00fcks bir \u0131\u015f\u0131lt\u0131 yayarak bu y\u00fcz\u00fc\u011f\u00fcn dikkat \u00e7ekmesini ve hayranl\u0131k uyand\u0131rmas\u0131n\u0131 sa\u011flar.<\/p>\n<p>\u0130ster \u00f6zel bir g\u00fcn i\u00e7in etkileyici bir par\u00e7a, ister sevdi\u011finiz biri i\u00e7in anlaml\u0131 bir hediye ar\u0131yor olun, Rozet Koleksiyonumuzdan 22 Ayar Sar\u0131 Alt\u0131n Y\u00fcz\u00fck ideal bir se\u00e7imdir. Klasik tasar\u0131m ve geleneksel i\u015f\u00e7ili\u011fin m\u00fckemmel kar\u0131\u015f\u0131m\u0131n\u0131 bu \u00e7arp\u0131c\u0131 y\u00fcz\u00fckle deneyimleyin. <a href=\"https:\/\/www.purejewels.com\/tr\/product\/22ct-gold-ring-antique-ring-41034\/\">antika alt\u0131n y\u00fcz\u00fck<\/a>.<\/p>\n<p>Sadece PureJewels'te, Birle\u015fik Krall\u0131k genelinde \u00fccretsiz teslimatla sunulan bu y\u00fcz\u00fck, m\u00fccevher repertuar\u0131n\u0131za de\u011ferli bir katk\u0131 olmay\u0131 vaat ediyor. Rozet Koleksiyonumuz ile gelene\u011fin ve zarafetin g\u00fczelli\u011fine kendinizi b\u0131rak\u0131n.<\/p>\n<h3>Tasar\u0131m Konsepti<\/h3>\n<p>Do\u011fal \u00e7i\u00e7ek motiflerinden esinlenen Rozet deseni derinlik ve zarafet katar. 7 mm geni\u015flik, parmak \u00fczerinde cesur ama zarif bir ifade sa\u011flayarak gelene\u011fi \u00e7a\u011fda\u015f tasar\u0131mla birle\u015ftirir.<\/p>\n<h3>Zanaatkarl\u0131k<\/h3>\n<p>Geleneksel teknikler ve modern teknoloji kullan\u0131larak Londra At\u00f6lyemizde el yap\u0131m\u0131 olarak \u00fcretilmi\u015ftir. Her bir y\u00fcz\u00fck hassasiyet, dayan\u0131kl\u0131l\u0131k ve kusursuz detayland\u0131rma sa\u011flamak i\u00e7in \u00f6zenle tamamlan\u0131r.<\/p>\n<h3>Stil \u0130pu\u00e7lar\u0131<\/h3>\n<p>Bu y\u00fcz\u00fc\u011f\u00fc di\u011fer alt\u0131n aksesuarlarla e\u015fle\u015ftirin veya zamans\u0131z bir g\u00f6r\u00fcn\u00fcm i\u00e7in tek ba\u015f\u0131na tak\u0131n. Hem g\u00fcndelik hem de resmi durumlar i\u00e7in idealdir. E\u015fle\u015fen y\u00fcz\u00fcklerle \u00fcst \u00fcste tak\u0131ld\u0131\u011f\u0131nda veya imza niteli\u011finde bir par\u00e7a olarak kullan\u0131ld\u0131\u011f\u0131nda \u015f\u0131kl\u0131\u011f\u0131 art\u0131r\u0131r<\/p>","protected":false},"excerpt":{"rendered":"<p>7 mm geni\u015fli\u011finde kad\u0131nlar i\u00e7in el yap\u0131m\u0131 22 ayar alt\u0131n rozet y\u00fcz\u00fck. Londra At\u00f6lyemizde, \u00e7ok k\u00fclt\u00fcrl\u00fc miras\u0131m\u0131za dayanan modern teknoloji ile birle\u015ftirilmi\u015f geleneksel i\u015f\u00e7ilik teknikleri kullan\u0131larak bir araya getirilmi\u015ftir.<\/p>\n<p><strong>Malzeme<\/strong>: 22 Ayar Alt\u0131n (91,6% saf alt\u0131n)<br \/>\n<strong>Hallmark<\/strong>: \u0130ngiliz Hallmark<br \/>\n<strong>A\u011f\u0131rl\u0131k Aral\u0131\u011f\u0131<\/strong>: 5.7 Gms- 7.8 Gms<br \/>\n<strong>geni\u015flik<\/strong>: 7mm<br \/>\n<strong>Y\u00fcz\u00fck \u00d6l\u00e7\u00fcs\u00fc:<\/strong>\u00a0Farkl\u0131 boyutlarda mevcuttur<br \/>\n<strong>SKU:<\/strong> 44615, 44613, 44303<\/p>\n<p><strong>Fiyat ve Teslimat:<\/strong>\u00a0KDV ve teslimat \u00fccretleri dahil<br \/>\n<a href=\"https:\/\/www.purejewels.com\/tr\/i%cc%87ade-poli%cc%87ti%cc%87kasi\/\"><strong>\u0130ade Politikas\u0131<\/strong><\/a><\/p>","protected":false},"featured_media":364895,"comment_status":"closed","ping_status":"closed","template":"","meta":{"_eb_attr":"","_crsspst_to_jayantr4sg-hostcom":false},"product_brand":[],"product_cat":[236,1235,1783,1786,6156,1656,5276,1573,1574],"product_tag":[1430,63,64],"class_list":{"0":"post-338330","1":"product","2":"type-product","3":"status-publish","4":"has-post-thumbnail","6":"product_cat-collections","7":"product_cat-gold-rings","8":"product_cat-ladies-rings","9":"product_cat-occasional-wear-rings","10":"product_cat-rosette-bands","11":"product_cat-rosettes-collections","12":"product_cat-rosettes-ring","13":"product_cat-wedding-gifts","14":"product_cat-womens-jewellery","15":"product_tag-diwali-gift","16":"product_tag-gold","17":"product_tag-rings","19":"first","20":"instock","21":"taxable","22":"shipping-taxable","23":"purchasable","24":"product-type-variable","25":"add-to-wishlist-before_image"},"yoast_head":"<!-- This site is optimized with the Yoast SEO plugin v27.6 - https:\/\/yoast.com\/product\/yoast-seo-wordpress\/ -->\n<title>22ct Gold Antique Finish Rings for Women | PureJewels UK<\/title>\n<meta name=\"description\" content=\"Discover the exquisite 22ct Yellow Gold Ring from PureJewels. Shop Antique Gold Ring from our Rosettes Collection. Enjoy free delivery across the UK.\" \/>\n<meta name=\"robots\" content=\"index, follow, max-snippet:-1, max-image-preview:large, max-video-preview:-1\" \/>\n<link rel=\"canonical\" href=\"https:\/\/www.purejewels.com\/tr\/urun\/22-ayar-altin-antika-kaplama-bayan-yuzukleri-p-beden-rozet-koleksiyonu-43366\/\" \/>\n<meta property=\"og:locale\" content=\"tr_TR\" \/>\n<meta property=\"og:type\" content=\"article\" \/>\n<meta property=\"og:title\" content=\"22ct Gold Antique Finish Rings for Women | PureJewels UK\" \/>\n<meta property=\"og:description\" content=\"Discover the exquisite 22ct Yellow Gold Ring from PureJewels. Shop Antique Gold Ring from our Rosettes Collection. Enjoy free delivery across the UK.\" \/>\n<meta property=\"og:url\" content=\"https:\/\/www.purejewels.com\/tr\/urun\/22-ayar-altin-antika-kaplama-bayan-yuzukleri-p-beden-rozet-koleksiyonu-43366\/\" \/>\n<meta property=\"og:site_name\" content=\"PureJewels UK\" \/>\n<meta property=\"article:modified_time\" content=\"2026-04-20T09:55:31+00:00\" \/>\n<meta property=\"og:image\" content=\"https:\/\/static.purejewels.com\/wp-content\/uploads\/2022\/08\/43366.jpg\" \/>\n\t<meta property=\"og:image:width\" content=\"1000\" \/>\n\t<meta property=\"og:image:height\" content=\"1000\" \/>\n\t<meta property=\"og:image:type\" content=\"image\/jpeg\" \/>\n<meta name=\"twitter:card\" content=\"summary_large_image\" \/>\n<meta name=\"twitter:label1\" content=\"Tahmini okuma s\u00fcresi\" \/>\n\t<meta name=\"twitter:data1\" content=\"2 dakika\" \/>\n<script type=\"application\/ld+json\" class=\"yoast-schema-graph\">{\"@context\":\"https:\\\/\\\/schema.org\",\"@graph\":[{\"@type\":[\"WebPage\",\"ItemPage\"],\"@id\":\"https:\\\/\\\/www.purejewels.com\\\/product\\\/22ct-gold-antique-finish-ladies-rings-size-p-rosettes-collection-43366\\\/\",\"url\":\"https:\\\/\\\/www.purejewels.com\\\/product\\\/22ct-gold-antique-finish-ladies-rings-size-p-rosettes-collection-43366\\\/\",\"name\":\"22ct Gold Antique Finish Rings for Women | PureJewels UK\",\"isPartOf\":{\"@id\":\"https:\\\/\\\/www.purejewels.com\\\/#website\"},\"primaryImageOfPage\":{\"@id\":\"https:\\\/\\\/www.purejewels.com\\\/product\\\/22ct-gold-antique-finish-ladies-rings-size-p-rosettes-collection-43366\\\/#primaryimage\"},\"image\":{\"@id\":\"https:\\\/\\\/www.purejewels.com\\\/product\\\/22ct-gold-antique-finish-ladies-rings-size-p-rosettes-collection-43366\\\/#primaryimage\"},\"thumbnailUrl\":\"https:\\\/\\\/static.purejewels.com\\\/wp-content\\\/uploads\\\/2022\\\/08\\\/43366.jpg\",\"datePublished\":\"2022-08-25T10:38:50+00:00\",\"dateModified\":\"2026-04-20T09:55:31+00:00\",\"description\":\"Discover the exquisite 22ct Yellow Gold Ring from PureJewels. Shop Antique Gold Ring from our Rosettes Collection. Enjoy free delivery across the UK.\",\"breadcrumb\":{\"@id\":\"https:\\\/\\\/www.purejewels.com\\\/product\\\/22ct-gold-antique-finish-ladies-rings-size-p-rosettes-collection-43366\\\/#breadcrumb\"},\"inLanguage\":\"tr\",\"potentialAction\":[{\"@type\":\"ReadAction\",\"target\":[\"https:\\\/\\\/www.purejewels.com\\\/product\\\/22ct-gold-antique-finish-ladies-rings-size-p-rosettes-collection-43366\\\/\"]}]},{\"@type\":\"ImageObject\",\"inLanguage\":\"tr\",\"@id\":\"https:\\\/\\\/www.purejewels.com\\\/product\\\/22ct-gold-antique-finish-ladies-rings-size-p-rosettes-collection-43366\\\/#primaryimage\",\"url\":\"https:\\\/\\\/static.purejewels.com\\\/wp-content\\\/uploads\\\/2022\\\/08\\\/43366.jpg\",\"contentUrl\":\"https:\\\/\\\/static.purejewels.com\\\/wp-content\\\/uploads\\\/2022\\\/08\\\/43366.jpg\",\"width\":1000,\"height\":1000,\"caption\":\"22ct Gold Antique Finish Ladies Rings | Size P | Rosettes Collection\"},{\"@type\":\"BreadcrumbList\",\"@id\":\"https:\\\/\\\/www.purejewels.com\\\/product\\\/22ct-gold-antique-finish-ladies-rings-size-p-rosettes-collection-43366\\\/#breadcrumb\",\"itemListElement\":[{\"@type\":\"ListItem\",\"position\":1,\"name\":\"Home\",\"item\":\"https:\\\/\\\/www.purejewels.com\\\/\"},{\"@type\":\"ListItem\",\"position\":2,\"name\":\"Shop\",\"item\":\"https:\\\/\\\/www.purejewels.com\\\/shop\\\/\"},{\"@type\":\"ListItem\",\"position\":3,\"name\":\"22ct Gold Rosettes Floral Rings | 7mm\"}]},{\"@type\":\"WebSite\",\"@id\":\"https:\\\/\\\/www.purejewels.com\\\/#website\",\"url\":\"https:\\\/\\\/www.purejewels.com\\\/\",\"name\":\"PureJewels UK\",\"description\":\"Share the Love\",\"publisher\":{\"@id\":\"https:\\\/\\\/www.purejewels.com\\\/#organization\"},\"potentialAction\":[{\"@type\":\"SearchAction\",\"target\":{\"@type\":\"EntryPoint\",\"urlTemplate\":\"https:\\\/\\\/www.purejewels.com\\\/?s={search_term_string}\"},\"query-input\":{\"@type\":\"PropertyValueSpecification\",\"valueRequired\":true,\"valueName\":\"search_term_string\"}}],\"inLanguage\":\"tr\"},{\"@type\":\"Organization\",\"@id\":\"https:\\\/\\\/www.purejewels.com\\\/#organization\",\"name\":\"PureJewels UK\",\"url\":\"https:\\\/\\\/www.purejewels.com\\\/\",\"logo\":{\"@type\":\"ImageObject\",\"inLanguage\":\"tr\",\"@id\":\"https:\\\/\\\/www.purejewels.com\\\/#\\\/schema\\\/logo\\\/image\\\/\",\"url\":\"https:\\\/\\\/static.purejewels.com\\\/wp-content\\\/uploads\\\/2020\\\/11\\\/Logo-PJ-New-1.png\",\"contentUrl\":\"https:\\\/\\\/static.purejewels.com\\\/wp-content\\\/uploads\\\/2020\\\/11\\\/Logo-PJ-New-1.png\",\"width\":150,\"height\":80,\"caption\":\"PureJewels UK\"},\"image\":{\"@id\":\"https:\\\/\\\/www.purejewels.com\\\/#\\\/schema\\\/logo\\\/image\\\/\"}}]}<\/script>\n<!-- \/ Yoast SEO plugin. -->","yoast_head_json":{"title":"Kad\u0131nlar i\u00e7in 22 Ayar Alt\u0131n Antik Kaplama Y\u00fcz\u00fckler | PureJewels UK","description":"PureJewels'in zarif 22 Ayar Sar\u0131 Alt\u0131n Y\u00fcz\u00fc\u011f\u00fcn\u00fc ke\u015ffedin. Rozet Koleksiyonumuzdan Antik Alt\u0131n Y\u00fcz\u00fck sat\u0131n al\u0131n. Birle\u015fik Krall\u0131k genelinde \u00fccretsiz teslimat\u0131n keyfini \u00e7\u0131kar\u0131n.","robots":{"index":"index","follow":"follow","max-snippet":"max-snippet:-1","max-image-preview":"max-image-preview:large","max-video-preview":"max-video-preview:-1"},"canonical":"https:\/\/www.purejewels.com\/tr\/urun\/22-ayar-altin-antika-kaplama-bayan-yuzukleri-p-beden-rozet-koleksiyonu-43366\/","og_locale":"tr_TR","og_type":"article","og_title":"22ct Gold Antique Finish Rings for Women | PureJewels UK","og_description":"Discover the exquisite 22ct Yellow Gold Ring from PureJewels. Shop Antique Gold Ring from our Rosettes Collection. Enjoy free delivery across the UK.","og_url":"https:\/\/www.purejewels.com\/tr\/urun\/22-ayar-altin-antika-kaplama-bayan-yuzukleri-p-beden-rozet-koleksiyonu-43366\/","og_site_name":"PureJewels UK","article_modified_time":"2026-04-20T09:55:31+00:00","og_image":[{"width":1000,"height":1000,"url":"https:\/\/static.purejewels.com\/wp-content\/uploads\/2022\/08\/43366.jpg","type":"image\/jpeg"}],"twitter_card":"summary_large_image","twitter_misc":{"Tahmini okuma s\u00fcresi":"2 dakika"},"schema":{"@context":"https:\/\/schema.org","@graph":[{"@type":["WebPage","ItemPage"],"@id":"https:\/\/www.purejewels.com\/product\/22ct-gold-antique-finish-ladies-rings-size-p-rosettes-collection-43366\/","url":"https:\/\/www.purejewels.com\/product\/22ct-gold-antique-finish-ladies-rings-size-p-rosettes-collection-43366\/","name":"Kad\u0131nlar i\u00e7in 22 Ayar Alt\u0131n Antik Kaplama Y\u00fcz\u00fckler | PureJewels UK","isPartOf":{"@id":"https:\/\/www.purejewels.com\/#website"},"primaryImageOfPage":{"@id":"https:\/\/www.purejewels.com\/product\/22ct-gold-antique-finish-ladies-rings-size-p-rosettes-collection-43366\/#primaryimage"},"image":{"@id":"https:\/\/www.purejewels.com\/product\/22ct-gold-antique-finish-ladies-rings-size-p-rosettes-collection-43366\/#primaryimage"},"thumbnailUrl":"https:\/\/static.purejewels.com\/wp-content\/uploads\/2022\/08\/43366.jpg","datePublished":"2022-08-25T10:38:50+00:00","dateModified":"2026-04-20T09:55:31+00:00","description":"PureJewels'in zarif 22 Ayar Sar\u0131 Alt\u0131n Y\u00fcz\u00fc\u011f\u00fcn\u00fc ke\u015ffedin. Rozet Koleksiyonumuzdan Antik Alt\u0131n Y\u00fcz\u00fck sat\u0131n al\u0131n. Birle\u015fik Krall\u0131k genelinde \u00fccretsiz teslimat\u0131n keyfini \u00e7\u0131kar\u0131n.","breadcrumb":{"@id":"https:\/\/www.purejewels.com\/product\/22ct-gold-antique-finish-ladies-rings-size-p-rosettes-collection-43366\/#breadcrumb"},"inLanguage":"tr","potentialAction":[{"@type":"ReadAction","target":["https:\/\/www.purejewels.com\/product\/22ct-gold-antique-finish-ladies-rings-size-p-rosettes-collection-43366\/"]}]},{"@type":"ImageObject","inLanguage":"tr","@id":"https:\/\/www.purejewels.com\/product\/22ct-gold-antique-finish-ladies-rings-size-p-rosettes-collection-43366\/#primaryimage","url":"https:\/\/static.purejewels.com\/wp-content\/uploads\/2022\/08\/43366.jpg","contentUrl":"https:\/\/static.purejewels.com\/wp-content\/uploads\/2022\/08\/43366.jpg","width":1000,"height":1000,"caption":"22ct Gold Antique Finish Ladies Rings | Size P | Rosettes Collection"},{"@type":"BreadcrumbList","@id":"https:\/\/www.purejewels.com\/product\/22ct-gold-antique-finish-ladies-rings-size-p-rosettes-collection-43366\/#breadcrumb","itemListElement":[{"@type":"ListItem","position":1,"name":"Home","item":"https:\/\/www.purejewels.com\/"},{"@type":"ListItem","position":2,"name":"Shop","item":"https:\/\/www.purejewels.com\/shop\/"},{"@type":"ListItem","position":3,"name":"22ct Gold Rosettes Floral Rings | 7mm"}]},{"@type":"WebSite","@id":"https:\/\/www.purejewels.com\/#website","url":"https:\/\/www.purejewels.com\/","name":"PureJewels \u0130ngiltere","description":"Sevgiyi Payla\u015f\u0131n","publisher":{"@id":"https:\/\/www.purejewels.com\/#organization"},"potentialAction":[{"@type":"SearchAction","target":{"@type":"EntryPoint","urlTemplate":"https:\/\/www.purejewels.com\/?s={search_term_string}"},"query-input":{"@type":"PropertyValueSpecification","valueRequired":true,"valueName":"search_term_string"}}],"inLanguage":"tr"},{"@type":"Organization","@id":"https:\/\/www.purejewels.com\/#organization","name":"PureJewels \u0130ngiltere","url":"https:\/\/www.purejewels.com\/","logo":{"@type":"ImageObject","inLanguage":"tr","@id":"https:\/\/www.purejewels.com\/#\/schema\/logo\/image\/","url":"https:\/\/static.purejewels.com\/wp-content\/uploads\/2020\/11\/Logo-PJ-New-1.png","contentUrl":"https:\/\/static.purejewels.com\/wp-content\/uploads\/2020\/11\/Logo-PJ-New-1.png","width":150,"height":80,"caption":"PureJewels UK"},"image":{"@id":"https:\/\/www.purejewels.com\/#\/schema\/logo\/image\/"}}]}},"_links":{"self":[{"href":"https:\/\/www.purejewels.com\/tr\/wp-json\/wp\/v2\/product\/338330","targetHints":{"allow":["GET"]}}],"collection":[{"href":"https:\/\/www.purejewels.com\/tr\/wp-json\/wp\/v2\/product"}],"about":[{"href":"https:\/\/www.purejewels.com\/tr\/wp-json\/wp\/v2\/types\/product"}],"replies":[{"embeddable":true,"href":"https:\/\/www.purejewels.com\/tr\/wp-json\/wp\/v2\/comments?post=338330"}],"version-history":[{"count":4,"href":"https:\/\/www.purejewels.com\/tr\/wp-json\/wp\/v2\/product\/338330\/revisions"}],"predecessor-version":[{"id":418831,"href":"https:\/\/www.purejewels.com\/tr\/wp-json\/wp\/v2\/product\/338330\/revisions\/418831"}],"wp:featuredmedia":[{"embeddable":true,"href":"https:\/\/www.purejewels.com\/tr\/wp-json\/wp\/v2\/media\/364895"}],"wp:attachment":[{"href":"https:\/\/www.purejewels.com\/tr\/wp-json\/wp\/v2\/media?parent=338330"}],"wp:term":[{"taxonomy":"product_brand","embeddable":true,"href":"https:\/\/www.purejewels.com\/tr\/wp-json\/wp\/v2\/product_brand?post=338330"},{"taxonomy":"product_cat","embeddable":true,"href":"https:\/\/www.purejewels.com\/tr\/wp-json\/wp\/v2\/product_cat?post=338330"},{"taxonomy":"product_tag","embeddable":true,"href":"https:\/\/www.purejewels.com\/tr\/wp-json\/wp\/v2\/product_tag?post=338330"}],"curies":[{"name":"wp","href":"https:\/\/api.w.org\/{rel}","templated":true}]}}