{"id":338366,"date":"2025-08-06T12:50:18","date_gmt":"2025-08-06T11:50:18","guid":{"rendered":"https:\/\/www.purejewels.com\/?post_type=product&#038;p=338366"},"modified":"2026-05-11T13:03:46","modified_gmt":"2026-05-11T12:03:46","slug":"22-ayar-altin-tilki-kuyrugu-zincir-40674","status":"publish","type":"product","link":"https:\/\/www.purejewels.com\/tr\/product\/22ct-gold-foxtail-chain-40674\/","title":{"rendered":"22 Ayar Alt\u0131n | Tilki Kuyru\u011fu Zincir | 16 \u0130n\u00e7 | 1,1mm Kal\u0131nl\u0131k"},"content":{"rendered":"<h4 data-start=\"256\" data-end=\"310\"><strong data-start=\"261\" data-end=\"310\">1. Alt\u0131n tak\u0131larda Tilki kuyru\u011fu zinciri nedir?<\/strong><\/h4>\n<p data-start=\"311\" data-end=\"611\">Tilki kuyru\u011fu zinciri, tilkinin g\u00fcr kuyru\u011funu and\u0131ran karma\u015f\u0131k dokuma deseniyle bilinen l\u00fcks ve dayan\u0131kl\u0131 bir alt\u0131n zincir tasar\u0131m\u0131d\u0131r. PureJewels'de <strong data-start=\"470\" data-end=\"498\">22 ayar alt\u0131n Tilki kuyru\u011fu zincirler<\/strong> ile haz\u0131rlanm\u0131\u015ft\u0131r <strong data-start=\"516\" data-end=\"534\">birinci s\u0131n\u0131f safl\u0131k<\/strong> ve zarif y\u00fczeyiyle hem g\u00fcnl\u00fck \u015f\u0131kl\u0131k hem de \u00f6zel g\u00fcnlerde kullan\u0131m i\u00e7in idealdir.<\/p>\n<h4 data-start=\"618\" data-end=\"678\"><strong data-start=\"623\" data-end=\"678\">2. Tilki kuyru\u011fu zinciri g\u00fcnl\u00fck kullan\u0131m i\u00e7in yeterince g\u00fc\u00e7l\u00fc m\u00fc?<\/strong><\/h4>\n<p data-start=\"679\" data-end=\"911\">Evet, Tilki Kuyru\u011fu zincirleri <strong data-start=\"713\" data-end=\"747\">en dayan\u0131kl\u0131 alt\u0131n zincir stilleri<\/strong>. Birbirine s\u0131k\u0131 s\u0131k\u0131ya ba\u011fl\u0131 yap\u0131lar\u0131 <strong data-start=\"794\" data-end=\"818\">ola\u011fan\u00fcst\u00fc g\u00fc\u00e7<\/strong>Bu da onlar\u0131 g\u00fcnl\u00fck kullan\u0131m i\u00e7in pop\u00fcler bir se\u00e7im haline getiriyor. <strong data-start=\"872\" data-end=\"910\">erkek ve kad\u0131n 22 ayar alt\u0131n zincirler<\/strong>.<\/p>\n<h4 data-start=\"918\" data-end=\"984\"><strong data-start=\"923\" data-end=\"984\">3. 22ct Foxtail alt\u0131n zincirin a\u011f\u0131rl\u0131k aral\u0131\u011f\u0131 nedir?<\/strong><\/h4>\n<p data-start=\"985\" data-end=\"1249\">A\u011f\u0131rl\u0131k, uzunluk ve kal\u0131nl\u0131\u011fa g\u00f6re de\u011fi\u015fir. Ortalama olarak, bizim <strong data-start=\"1050\" data-end=\"1078\">22 ayar alt\u0131n Tilki kuyru\u011fu zincirler<\/strong> aras\u0131nda tart\u0131n <strong>2 ila 20 gram<\/strong>Bu da onlar\u0131 zarif katmanlar veya g\u00f6steri\u015fli giysiler i\u00e7in ideal hale getirir. Bir tane talep edebilirsiniz <strong data-start=\"1189\" data-end=\"1220\">\u00f6zelle\u015ftirilmi\u015f a\u011f\u0131rl\u0131k veya uzunluk<\/strong> tercihinize g\u00f6re uyarlanm\u0131\u015ft\u0131r.<\/p>\n<h4 data-start=\"1256\" data-end=\"1309\"><strong data-start=\"1261\" data-end=\"1309\">4. PureJewels Tilki Kuyru\u011fu zincirleri damgal\u0131 m\u0131?<\/strong><\/h4>\n<p data-start=\"1310\" data-end=\"1489\">Kesinlikle. PureJewels'in her Foxtail zinciri <strong data-start=\"1370\" data-end=\"1394\">resmi Birle\u015fik Krall\u0131k Hallmark<\/strong>taraf\u0131ndan onaylanm\u0131\u015ft\u0131r. <strong data-start=\"1413\" data-end=\"1436\">Londra Tahlil Ofisi<\/strong>sizi g\u00fcvence alt\u0131na alarak <strong data-start=\"1454\" data-end=\"1488\">otantik 22 karat alt\u0131n safl\u0131\u011f\u0131<\/strong>.<\/p>\n<h4 data-start=\"1496\" data-end=\"1555\"><strong data-start=\"1501\" data-end=\"1555\">5. Tilki kuyru\u011fu zincirimin uzunlu\u011funu \u00f6zelle\u015ftirebilir miyim?<\/strong><\/h4>\n<p data-start=\"1556\" data-end=\"1897\">Evet, teklif ediyoruz <strong data-start=\"1570\" data-end=\"1595\">\u0131smarlama zincir uzunluklar\u0131<\/strong>. Arad\u0131\u011f\u0131n\u0131z ister bir <strong data-start=\"1622\" data-end=\"1646\">16 in\u00e7 gerdanl\u0131k stili<\/strong> ya da <strong data-start=\"1652\" data-end=\"1683\">24 in\u00e7 uzunlu\u011funda katmanl\u0131 zincir<\/strong>\u00f6l\u00e7\u00fclerinize g\u00f6re \u00fcretebiliriz. Bize ula\u015fmak i\u00e7in <strong data-start=\"1740\" data-end=\"1764\">ki\u0307\u015fi\u0307ye \u00f6zel hi\u0307zmet<\/strong> WhatsApp \u00fczerinden veya randevu alarak <a class=\"\" href=\"https:\/\/www.purejewels.com\/tr\/randevu-alin\/\" target=\"_new\" rel=\"noopener\" data-start=\"1841\" data-end=\"1896\">Burada<\/a>.<\/p>\n<h4 data-start=\"1904\" data-end=\"1960\"><strong data-start=\"1909\" data-end=\"1960\">6. 22ct Foxtail zincirimin bak\u0131m\u0131n\u0131 nas\u0131l yapmal\u0131y\u0131m?<\/strong><\/h4>\n<p data-start=\"1961\" data-end=\"2213\">Parlakl\u0131\u011f\u0131n\u0131z\u0131 korumak i\u00e7in <strong data-start=\"1996\" data-end=\"2015\">22 ayar alt\u0131n zincir<\/strong>yumu\u015fak bir po\u015fet i\u00e7inde saklay\u0131n ve sert kimyasallara maruz kalmas\u0131n\u0131 \u00f6nleyin. Periyodik olarak tavsiye ediyoruz <strong data-start=\"2103\" data-end=\"2139\">profesyonel ultrasoni\u0307k temi\u0307zli\u0307k<\/strong>-PureJewels'ten sat\u0131n al\u0131nan m\u00fccevherler i\u00e7in \u00fccretsiz olarak sundu\u011fumuz bir hizmettir.<\/p>\n<h4 data-start=\"2220\" data-end=\"2269\"><strong data-start=\"2225\" data-end=\"2269\">7. Tilki kuyru\u011fu zincirleri kad\u0131nlara ve erkeklere yak\u0131\u015f\u0131yor mu?<\/strong><\/h4>\n<p data-start=\"2270\" data-end=\"2454\">Evet. <strong data-start=\"2279\" data-end=\"2299\">\u00e7ok y\u00f6nl\u00fc tasar\u0131m<\/strong> Tilki kuyru\u011fu zincirleri, onlar\u0131 her ikisi i\u00e7in de uygun hale getirir <strong data-start=\"2347\" data-end=\"2368\">erkek cesur sti\u0307lleri\u0307<\/strong> ve <strong data-start=\"2373\" data-end=\"2403\">kadinlarin rafi\u0307ne esteti\u0307\u011fi\u0307<\/strong>. Zamans\u0131z bir \u00e7ekicili\u011fe sahip ideal bir unisex tasar\u0131md\u0131r.<\/p>\n<h4 data-start=\"2461\" data-end=\"2529\"><strong data-start=\"2466\" data-end=\"2529\">8. Tilki kuyru\u011fu zincirinin di\u011fer alt\u0131n zincirlerden fark\u0131 nedir?<\/strong><\/h4>\n<p data-start=\"2530\" data-end=\"2761\">Tilki kuyru\u011fu zincirleri \u015fu \u00f6zellikleriyle \u00f6ne \u00e7\u0131kar <strong data-start=\"2568\" data-end=\"2589\">karma\u015f\u0131k dokuma<\/strong>, <strong data-start=\"2591\" data-end=\"2609\">ipeksi hareket<\/strong>ve <strong data-start=\"2615\" data-end=\"2633\">l\u00fcks his<\/strong>. Halat veya bord\u00fcr zincirlerinden farkl\u0131 olarak <strong data-start=\"2676\" data-end=\"2703\">daha esnek yap\u0131<\/strong>Bu sayede dayan\u0131kl\u0131l\u0131klar\u0131n\u0131 korurken son derece konforludurlar.<\/p>\n<h4 data-start=\"2768\" data-end=\"2835\"><strong data-start=\"2773\" data-end=\"2835\">9. Foxtail zincirleri i\u00e7in uluslararas\u0131 nakliye hizmeti sunuyor musunuz?<\/strong><\/h4>\n<p data-start=\"2836\" data-end=\"3063\">Evet, PureJewels d\u00fcnya \u00e7ap\u0131nda \u015fu \u00fcr\u00fcnlerle g\u00f6nderim yapmaktad\u0131r <strong data-start=\"2873\" data-end=\"2899\">tam sigortal\u0131 teslimat<\/strong>. Senin <strong data-start=\"2906\" data-end=\"2933\">22 ayar alt\u0131n Tilki kuyru\u011fu zincir<\/strong> g\u00fcvenli bir \u015fekilde ula\u015facak ve takip g\u00fcncellemeleri ba\u015ftan sona payla\u015f\u0131lacakt\u0131r. Ayr\u0131ca \u015fu konularda da yard\u0131mc\u0131 oluyoruz <strong data-start=\"3017\" data-end=\"3036\">KDV ve g\u00fcmr\u00fckler<\/strong> uluslararas\u0131 m\u00fc\u015fteriler i\u00e7in.<\/p>\n<h4 data-start=\"3070\" data-end=\"3125\"><strong data-start=\"3075\" data-end=\"3125\">10. Bir Foxtail zincirini bir kolye ile e\u015fle\u015ftirebilir miyim?<\/strong><\/h4>\n<p data-start=\"3126\" data-end=\"3340\">Evet, Tilki Kuyru\u011fu zincir ile g\u00fczel bir \u00e7ift <a href=\"https:\/\/www.purejewels.com\/tr\/urun-kategori%cc%87si%cc%87\/22-ayar-altin-takilar\/altin-kolyeler\/\"><strong data-start=\"3170\" data-end=\"3192\">22 ayar alt\u0131n kolyeler<\/strong><\/a>sa\u011flanan <strong data-start=\"3207\" data-end=\"3233\">kefalet boyutu bar\u0131nd\u0131r\u0131r<\/strong> zincir geni\u015fli\u011fi. Biz teklif ediyoruz <strong data-start=\"3260\" data-end=\"3279\">uzman rehberli\u0307\u011fi\u0307<\/strong> Zinciriniz ve kolye ucunuz aras\u0131nda uyumlu bir e\u015fle\u015fme sa\u011flamak i\u00e7in.<\/p>","protected":false},"excerpt":{"rendered":"<p>Zengin 22 ayar alt\u0131ndan \u00fcretilen bu 16 in\u00e7lik tilki kuyru\u011fu zincir, 1,1 mm'lik karma\u015f\u0131k bir \u00f6rg\u00fcye sahiptir. G\u00fcvenli bir \u0131stakoz kanca toka ile tasarlanan bu zincir, \u0130ngiltere Assay Ofisi taraf\u0131ndan damgalanm\u0131\u015ft\u0131r ve rafine i\u015f\u00e7ilik ve kal\u0131c\u0131 zarafet arayanlar i\u00e7in m\u00fckemmeldir.<\/p>\n<p><strong>Zincir tipi:<\/strong>\u00a0Tilki Kuyru\u011fu Zinciri<br \/>\n<strong>SKU:<\/strong> 40674<br \/>\n<strong>Metal:<\/strong>\u00a022 Ayar Alt\u0131n<br \/>\n<strong>A\u011f\u0131rl\u0131k<\/strong>: 3,8 gram<br \/>\n<strong>Kal\u0131nl\u0131k:<\/strong> 1.1 mm<br \/>\n<strong>Uzunluk:<\/strong> 16 in\u00e7<br \/>\n<strong>Hallmark:<\/strong>\u00a0\u0130ngiltere Tahlil Ofisi Taraf\u0131ndan Damgalanm\u0131\u015f 22 Ayar Alt\u0131n<br \/>\n<strong>Su\u00e7lamalar:<\/strong>\u00a0Teslimat ve KDV Dahil<br \/>\n<strong>Daha fazla bilgi:<\/strong>\u00a0M\u00fcsaitlik durumu ve ek g\u00f6rseller i\u00e7in bizimle canl\u0131 sohbet edin<\/p>\n<p>G\u00f6z at\u0131n\u00a0<a href=\"https:\/\/www.purejewels.com\/tr\/urun-kategori%cc%87si%cc%87\/22-ayar-altin-takilar\/altin-zincirler\/tilki-kuyrugu-zinciri\/\">tilki kuyru\u011fu zinciri koleksiyonu<br \/>\n<\/a><\/p>","protected":false},"featured_media":327464,"comment_status":"closed","ping_status":"closed","template":"","meta":{"_eb_attr":"","_crsspst_to_jayantr4sg-hostcom":true},"product_brand":[],"product_cat":[5020,1791,1559,1576,1794,1793,5265,1475,1229,5344,1772,5943,5338,1575,1574,5349],"product_tag":[],"class_list":{"0":"post-338366","1":"product","2":"type-product","3":"status-publish","4":"has-post-thumbnail","6":"product_cat-16-inch-kids-chain","7":"product_cat-anniversary-gifts","8":"product_cat-birthday-gifts","9":"product_cat-childrens-jewellery","10":"product_cat-christmas-gifts","11":"product_cat-diwali-gifts","12":"product_cat-foxtail-chain","13":"product_cat-gold-chains","14":"product_cat-22ct-gold-jewellery","15":"product_cat-jewellery-under-750","16":"product_cat-kids-chains","17":"product_cat-kids-jewellery","18":"product_cat-shop-by-price","19":"product_cat-teenage-jewellery","20":"product_cat-womens-jewellery","21":"product_cat-yellow-gold-jewellery","23":"first","24":"outofstock","25":"taxable","26":"shipping-taxable","27":"product-type-simple","28":"add-to-wishlist-before_image"},"yoast_head":"<!-- This site is optimized with the Yoast SEO plugin v27.5 - https:\/\/yoast.com\/product\/yoast-seo-wordpress\/ -->\n<title>Daily Wear Foxtail Chain in 22ct Gold | PureJewels.com<\/title>\n<meta name=\"description\" content=\"Simple Gold Foxtail Chain For Daily wear | Explore More Chain Collection Online in London | Free and Fast Delivery Across UK\" \/>\n<meta name=\"robots\" content=\"index, follow, max-snippet:-1, max-image-preview:large, max-video-preview:-1\" \/>\n<link rel=\"canonical\" href=\"https:\/\/www.purejewels.com\/tr\/urun\/22-ayar-altin-tilki-kuyrugu-zincir-40674\/\" \/>\n<meta property=\"og:locale\" content=\"tr_TR\" \/>\n<meta property=\"og:type\" content=\"article\" \/>\n<meta property=\"og:title\" content=\"Daily Wear Foxtail Chain in 22ct Gold | PureJewels.com\" \/>\n<meta property=\"og:description\" content=\"Simple Gold Foxtail Chain For Daily wear | Explore More Chain Collection Online in London | Free and Fast Delivery Across UK\" \/>\n<meta property=\"og:url\" content=\"https:\/\/www.purejewels.com\/tr\/urun\/22-ayar-altin-tilki-kuyrugu-zincir-40674\/\" \/>\n<meta property=\"og:site_name\" content=\"PureJewels UK\" \/>\n<meta property=\"article:modified_time\" content=\"2026-05-11T12:03:46+00:00\" \/>\n<meta property=\"og:image\" content=\"https:\/\/www.purejewels.com\/wp-content\/uploads\/2020\/08\/31811-1.jpg\" \/>\n\t<meta property=\"og:image:width\" content=\"1000\" \/>\n\t<meta property=\"og:image:height\" content=\"1000\" \/>\n\t<meta property=\"og:image:type\" content=\"image\/jpeg\" \/>\n<meta name=\"twitter:card\" content=\"summary_large_image\" \/>\n<meta name=\"twitter:label1\" content=\"Tahmini okuma s\u00fcresi\" \/>\n\t<meta name=\"twitter:data1\" content=\"2 dakika\" \/>\n<script type=\"application\/ld+json\" class=\"yoast-schema-graph\">{\"@context\":\"https:\\\/\\\/schema.org\",\"@graph\":[{\"@type\":[\"WebPage\",\"ItemPage\"],\"@id\":\"https:\\\/\\\/www.purejewels.com\\\/product\\\/22ct-gold-foxtail-chain-40674\\\/\",\"url\":\"https:\\\/\\\/www.purejewels.com\\\/product\\\/22ct-gold-foxtail-chain-40674\\\/\",\"name\":\"Daily Wear Foxtail Chain in 22ct Gold | PureJewels.com\",\"isPartOf\":{\"@id\":\"https:\\\/\\\/www.purejewels.com\\\/#website\"},\"primaryImageOfPage\":{\"@id\":\"https:\\\/\\\/www.purejewels.com\\\/product\\\/22ct-gold-foxtail-chain-40674\\\/#primaryimage\"},\"image\":{\"@id\":\"https:\\\/\\\/www.purejewels.com\\\/product\\\/22ct-gold-foxtail-chain-40674\\\/#primaryimage\"},\"thumbnailUrl\":\"https:\\\/\\\/static.purejewels.com\\\/wp-content\\\/uploads\\\/2020\\\/08\\\/31811-1.jpg\",\"datePublished\":\"2025-08-06T11:50:18+00:00\",\"dateModified\":\"2026-05-11T12:03:46+00:00\",\"description\":\"Simple Gold Foxtail Chain For Daily wear | Explore More Chain Collection Online in London | Free and Fast Delivery Across UK\",\"breadcrumb\":{\"@id\":\"https:\\\/\\\/www.purejewels.com\\\/product\\\/22ct-gold-foxtail-chain-40674\\\/#breadcrumb\"},\"inLanguage\":\"tr\",\"potentialAction\":[{\"@type\":\"ReadAction\",\"target\":[\"https:\\\/\\\/www.purejewels.com\\\/product\\\/22ct-gold-foxtail-chain-40674\\\/\"]}]},{\"@type\":\"ImageObject\",\"inLanguage\":\"tr\",\"@id\":\"https:\\\/\\\/www.purejewels.com\\\/product\\\/22ct-gold-foxtail-chain-40674\\\/#primaryimage\",\"url\":\"https:\\\/\\\/static.purejewels.com\\\/wp-content\\\/uploads\\\/2020\\\/08\\\/31811-1.jpg\",\"contentUrl\":\"https:\\\/\\\/static.purejewels.com\\\/wp-content\\\/uploads\\\/2020\\\/08\\\/31811-1.jpg\",\"width\":1000,\"height\":1000,\"caption\":\"22ct Gold Foxtail Chain 31811-1\"},{\"@type\":\"BreadcrumbList\",\"@id\":\"https:\\\/\\\/www.purejewels.com\\\/product\\\/22ct-gold-foxtail-chain-40674\\\/#breadcrumb\",\"itemListElement\":[{\"@type\":\"ListItem\",\"position\":1,\"name\":\"Home\",\"item\":\"https:\\\/\\\/www.purejewels.com\\\/\"},{\"@type\":\"ListItem\",\"position\":2,\"name\":\"Shop\",\"item\":\"https:\\\/\\\/www.purejewels.com\\\/shop\\\/\"},{\"@type\":\"ListItem\",\"position\":3,\"name\":\"22ct Gold | Foxtail Chain | 16 Inches | 1.1mm Thick\"}]},{\"@type\":\"WebSite\",\"@id\":\"https:\\\/\\\/www.purejewels.com\\\/#website\",\"url\":\"https:\\\/\\\/www.purejewels.com\\\/\",\"name\":\"PureJewels UK\",\"description\":\"Share the Love\",\"publisher\":{\"@id\":\"https:\\\/\\\/www.purejewels.com\\\/#organization\"},\"potentialAction\":[{\"@type\":\"SearchAction\",\"target\":{\"@type\":\"EntryPoint\",\"urlTemplate\":\"https:\\\/\\\/www.purejewels.com\\\/?s={search_term_string}\"},\"query-input\":{\"@type\":\"PropertyValueSpecification\",\"valueRequired\":true,\"valueName\":\"search_term_string\"}}],\"inLanguage\":\"tr\"},{\"@type\":\"Organization\",\"@id\":\"https:\\\/\\\/www.purejewels.com\\\/#organization\",\"name\":\"PureJewels UK\",\"url\":\"https:\\\/\\\/www.purejewels.com\\\/\",\"logo\":{\"@type\":\"ImageObject\",\"inLanguage\":\"tr\",\"@id\":\"https:\\\/\\\/www.purejewels.com\\\/#\\\/schema\\\/logo\\\/image\\\/\",\"url\":\"https:\\\/\\\/static.purejewels.com\\\/wp-content\\\/uploads\\\/2020\\\/11\\\/Logo-PJ-New-1.png\",\"contentUrl\":\"https:\\\/\\\/static.purejewels.com\\\/wp-content\\\/uploads\\\/2020\\\/11\\\/Logo-PJ-New-1.png\",\"width\":150,\"height\":80,\"caption\":\"PureJewels UK\"},\"image\":{\"@id\":\"https:\\\/\\\/www.purejewels.com\\\/#\\\/schema\\\/logo\\\/image\\\/\"}}]}<\/script>\n<!-- \/ Yoast SEO plugin. -->","yoast_head_json":{"title":"G\u00fcnl\u00fck Giyim Tilki Kuyru\u011fu Zincir 22 Ayar Alt\u0131n | PureJewels.com","description":"G\u00fcnl\u00fck kullan\u0131m i\u00e7in Basit Alt\u0131n Tilki Kuyru\u011fu Zinciri | Londra'da \u00c7evrimi\u00e7i Olarak Daha Fazla Zincir Koleksiyonu Ke\u015ffedin | \u0130ngiltere \u00c7ap\u0131nda \u00dccretsiz ve H\u0131zl\u0131 Teslimat","robots":{"index":"index","follow":"follow","max-snippet":"max-snippet:-1","max-image-preview":"max-image-preview:large","max-video-preview":"max-video-preview:-1"},"canonical":"https:\/\/www.purejewels.com\/tr\/urun\/22-ayar-altin-tilki-kuyrugu-zincir-40674\/","og_locale":"tr_TR","og_type":"article","og_title":"Daily Wear Foxtail Chain in 22ct Gold | PureJewels.com","og_description":"Simple Gold Foxtail Chain For Daily wear | Explore More Chain Collection Online in London | Free and Fast Delivery Across UK","og_url":"https:\/\/www.purejewels.com\/tr\/urun\/22-ayar-altin-tilki-kuyrugu-zincir-40674\/","og_site_name":"PureJewels UK","article_modified_time":"2026-05-11T12:03:46+00:00","og_image":[{"width":1000,"height":1000,"url":"https:\/\/www.purejewels.com\/wp-content\/uploads\/2020\/08\/31811-1.jpg","type":"image\/jpeg"}],"twitter_card":"summary_large_image","twitter_misc":{"Tahmini okuma s\u00fcresi":"2 dakika"},"schema":{"@context":"https:\/\/schema.org","@graph":[{"@type":["WebPage","ItemPage"],"@id":"https:\/\/www.purejewels.com\/product\/22ct-gold-foxtail-chain-40674\/","url":"https:\/\/www.purejewels.com\/product\/22ct-gold-foxtail-chain-40674\/","name":"G\u00fcnl\u00fck Giyim Tilki Kuyru\u011fu Zincir 22 Ayar Alt\u0131n | PureJewels.com","isPartOf":{"@id":"https:\/\/www.purejewels.com\/#website"},"primaryImageOfPage":{"@id":"https:\/\/www.purejewels.com\/product\/22ct-gold-foxtail-chain-40674\/#primaryimage"},"image":{"@id":"https:\/\/www.purejewels.com\/product\/22ct-gold-foxtail-chain-40674\/#primaryimage"},"thumbnailUrl":"https:\/\/static.purejewels.com\/wp-content\/uploads\/2020\/08\/31811-1.jpg","datePublished":"2025-08-06T11:50:18+00:00","dateModified":"2026-05-11T12:03:46+00:00","description":"G\u00fcnl\u00fck kullan\u0131m i\u00e7in Basit Alt\u0131n Tilki Kuyru\u011fu Zinciri | Londra'da \u00c7evrimi\u00e7i Olarak Daha Fazla Zincir Koleksiyonu Ke\u015ffedin | \u0130ngiltere \u00c7ap\u0131nda \u00dccretsiz ve H\u0131zl\u0131 Teslimat","breadcrumb":{"@id":"https:\/\/www.purejewels.com\/product\/22ct-gold-foxtail-chain-40674\/#breadcrumb"},"inLanguage":"tr","potentialAction":[{"@type":"ReadAction","target":["https:\/\/www.purejewels.com\/product\/22ct-gold-foxtail-chain-40674\/"]}]},{"@type":"ImageObject","inLanguage":"tr","@id":"https:\/\/www.purejewels.com\/product\/22ct-gold-foxtail-chain-40674\/#primaryimage","url":"https:\/\/static.purejewels.com\/wp-content\/uploads\/2020\/08\/31811-1.jpg","contentUrl":"https:\/\/static.purejewels.com\/wp-content\/uploads\/2020\/08\/31811-1.jpg","width":1000,"height":1000,"caption":"22ct Gold Foxtail Chain 31811-1"},{"@type":"BreadcrumbList","@id":"https:\/\/www.purejewels.com\/product\/22ct-gold-foxtail-chain-40674\/#breadcrumb","itemListElement":[{"@type":"ListItem","position":1,"name":"Home","item":"https:\/\/www.purejewels.com\/"},{"@type":"ListItem","position":2,"name":"Shop","item":"https:\/\/www.purejewels.com\/shop\/"},{"@type":"ListItem","position":3,"name":"22ct Gold | Foxtail Chain | 16 Inches | 1.1mm Thick"}]},{"@type":"WebSite","@id":"https:\/\/www.purejewels.com\/#website","url":"https:\/\/www.purejewels.com\/","name":"PureJewels \u0130ngiltere","description":"Sevgiyi Payla\u015f\u0131n","publisher":{"@id":"https:\/\/www.purejewels.com\/#organization"},"potentialAction":[{"@type":"SearchAction","target":{"@type":"EntryPoint","urlTemplate":"https:\/\/www.purejewels.com\/?s={search_term_string}"},"query-input":{"@type":"PropertyValueSpecification","valueRequired":true,"valueName":"search_term_string"}}],"inLanguage":"tr"},{"@type":"Organization","@id":"https:\/\/www.purejewels.com\/#organization","name":"PureJewels \u0130ngiltere","url":"https:\/\/www.purejewels.com\/","logo":{"@type":"ImageObject","inLanguage":"tr","@id":"https:\/\/www.purejewels.com\/#\/schema\/logo\/image\/","url":"https:\/\/static.purejewels.com\/wp-content\/uploads\/2020\/11\/Logo-PJ-New-1.png","contentUrl":"https:\/\/static.purejewels.com\/wp-content\/uploads\/2020\/11\/Logo-PJ-New-1.png","width":150,"height":80,"caption":"PureJewels UK"},"image":{"@id":"https:\/\/www.purejewels.com\/#\/schema\/logo\/image\/"}}]}},"_links":{"self":[{"href":"https:\/\/www.purejewels.com\/tr\/wp-json\/wp\/v2\/product\/338366","targetHints":{"allow":["GET"]}}],"collection":[{"href":"https:\/\/www.purejewels.com\/tr\/wp-json\/wp\/v2\/product"}],"about":[{"href":"https:\/\/www.purejewels.com\/tr\/wp-json\/wp\/v2\/types\/product"}],"replies":[{"embeddable":true,"href":"https:\/\/www.purejewels.com\/tr\/wp-json\/wp\/v2\/comments?post=338366"}],"version-history":[{"count":5,"href":"https:\/\/www.purejewels.com\/tr\/wp-json\/wp\/v2\/product\/338366\/revisions"}],"predecessor-version":[{"id":414715,"href":"https:\/\/www.purejewels.com\/tr\/wp-json\/wp\/v2\/product\/338366\/revisions\/414715"}],"wp:featuredmedia":[{"embeddable":true,"href":"https:\/\/www.purejewels.com\/tr\/wp-json\/wp\/v2\/media\/327464"}],"wp:attachment":[{"href":"https:\/\/www.purejewels.com\/tr\/wp-json\/wp\/v2\/media?parent=338366"}],"wp:term":[{"taxonomy":"product_brand","embeddable":true,"href":"https:\/\/www.purejewels.com\/tr\/wp-json\/wp\/v2\/product_brand?post=338366"},{"taxonomy":"product_cat","embeddable":true,"href":"https:\/\/www.purejewels.com\/tr\/wp-json\/wp\/v2\/product_cat?post=338366"},{"taxonomy":"product_tag","embeddable":true,"href":"https:\/\/www.purejewels.com\/tr\/wp-json\/wp\/v2\/product_tag?post=338366"}],"curies":[{"name":"wp","href":"https:\/\/api.w.org\/{rel}","templated":true}]}}