{"id":338369,"date":"2025-08-04T13:52:28","date_gmt":"2025-08-04T12:52:28","guid":{"rendered":"https:\/\/www.purejewels.com\/?post_type=product&#038;p=338369"},"modified":"2025-10-10T20:18:25","modified_gmt":"2025-10-10T19:18:25","slug":"22-ayar-altin-dalgali-zincir-49910","status":"publish","type":"product","link":"https:\/\/www.purejewels.com\/tr\/product\/22ct-gold-ripple-chain-49910\/","title":{"rendered":"22 Ayar Alt\u0131n | Dalgal\u0131 Zincir | 18 \u0130n\u00e7"},"content":{"rendered":"<h3 data-start=\"124\" data-end=\"151\"><strong data-start=\"128\" data-end=\"149\">1. Tasar\u0131m Konsepti<\/strong><\/h3>\n<p data-start=\"152\" data-end=\"452\">Sevgiyle Singapur veya Disko zinciri olarak adland\u0131r\u0131lan Dalgal\u0131 Zincir, 1980'lerin stilinin bir simgesidir. Ak\u0131c\u0131, b\u00fck\u00fclm\u00fc\u015f ba\u011flant\u0131lar\u0131 \u0131\u015f\u0131kla dans eden, \u0131\u015f\u0131lt\u0131l\u0131 bir y\u00fczey olu\u015fturarak ihti\u015fam ve hareket d\u00f6nemini hat\u0131rlat\u0131r. Zamans\u0131z bir tasar\u0131m olan bu zincir, enerjiyi, zarafeti ve kendini ifade etmenin keyfini kutluyor.<\/p>\n<hr data-start=\"454\" data-end=\"457\" \/>\n<h3 data-start=\"459\" data-end=\"485\"><strong data-start=\"463\" data-end=\"483\">2. Zanaatkarl\u0131k<\/strong><\/h3>\n<p data-start=\"486\" data-end=\"830\">S\u00fcrekli bir ak\u0131\u015f i\u00e7inde ustal\u0131kla makinede \u00fcretilen bu zincir, hassas m\u00fchendisli\u011fin sanatla bulu\u015ftu\u011fu Singapur'da en iyi halini korumaktad\u0131r. Her bir b\u00fck\u00fcm m\u00fckemmel elmas kesimiyle \u0131\u015f\u0131lt\u0131l\u0131 bir yans\u0131t\u0131c\u0131 y\u00fczey olu\u015fturur. 22 ayar alt\u0131nla tamamlanan ve Londra'da damgalanan bu zincir, PureJewels'in miras niteli\u011findeki kalite ve modern incelik vaadini somutla\u015ft\u0131r\u0131yor.<\/p>\n<hr data-start=\"832\" data-end=\"835\" \/>\n<h3 data-start=\"837\" data-end=\"863\"><strong data-start=\"841\" data-end=\"861\">3. Stil Fikirleri<\/strong><\/h3>\n<p data-start=\"864\" data-end=\"1172\">\u00c7ok y\u00f6nl\u00fc ve etkileyici Ripple Zincir, tek ba\u015f\u0131na bir ifade olarak tak\u0131labilir veya ki\u015fisel bir dokunu\u015f i\u00e7in kolyelerle e\u015fle\u015ftirilebilir. Yans\u0131t\u0131c\u0131 y\u00fczeyi g\u00fcnd\u00fczden geceye g\u00f6r\u00fcn\u00fcm\u00fc zahmetsizce tamamlar. Daha ince kolyelerle katmanlay\u0131n <a href=\"https:\/\/www.purejewels.com\/tr\/product-category\/22ct-gold-jewellery\/gold-chains\/\">Zincirler<\/a> ya da trendleri a\u015fan klasik bir aile yadigar\u0131 olarak el \u00fcst\u00fcnde tutun.<\/p>\n<p><b>SKU:<\/b>\u00a049910<\/p>","protected":false},"excerpt":{"rendered":"<p data-start=\"864\" data-end=\"1172\">Sevgiyle Singapur veya Disko zinciri olarak bilinen Dalgal\u0131 Zincir, 1980'lerin ihti\u015fam ruhunu yakalar. Zarif, b\u00fck\u00fclm\u00fc\u015f ba\u011flant\u0131lar\u0131 her hareketle \u0131\u015f\u0131\u011f\u0131 yakalayan ak\u0131\u015fkan bir y\u00fczey olu\u015fturur. Cazibe ve sofistike bir g\u00f6r\u00fcn\u00fcm sergileyen bu klasik tasar\u0131m, bireyselli\u011fi, zarafeti ve kendini ifade etmenin keyfini kutluyor.<\/p>\n<p data-start=\"864\" data-end=\"1172\"><strong>SKU:<\/strong> 49910<br \/>\n<strong>Metal:<\/strong>\u00a022 Ayar Alt\u0131n (92,6% saf)<br \/>\n<strong>Uzunluk:<\/strong> 18 in\u00e7, 1,7 mm<br \/>\n<strong>A\u011f\u0131rl\u0131k:<\/strong> 3.9 gram<\/p>\n<p><strong>Hallmark:<\/strong>\u00a0\u0130ngiltere Tahlil Ofisi Taraf\u0131ndan Damgalanm\u0131\u015f 22 Ayar Alt\u0131n<br \/>\n<strong>Su\u00e7lamalar:<\/strong>\u00a0Teslimat ve KDV Dahil<\/p>","protected":false},"featured_media":326614,"comment_status":"closed","ping_status":"closed","template":"","meta":{"_eb_attr":"","_crsspst_to_jayantr4sg-hostcom":true},"product_brand":[],"product_cat":[1559,1576,1794,1793,1475,1229,5344,5338,5613,1575,1574,5349],"product_tag":[3990,65,1430],"class_list":{"0":"post-338369","1":"product","2":"type-product","3":"status-publish","4":"has-post-thumbnail","6":"product_cat-birthday-gifts","7":"product_cat-childrens-jewellery","8":"product_cat-christmas-gifts","9":"product_cat-diwali-gifts","10":"product_cat-gold-chains","11":"product_cat-22ct-gold-jewellery","12":"product_cat-jewellery-under-750","13":"product_cat-shop-by-price","14":"product_cat-ripple-chain","15":"product_cat-teenage-jewellery","16":"product_cat-womens-jewellery","17":"product_cat-yellow-gold-jewellery","18":"product_tag-22-carat-gold-chain","19":"product_tag-chains","20":"product_tag-diwali-gift","22":"first","23":"outofstock","24":"taxable","25":"shipping-taxable","26":"product-type-simple","27":"add-to-wishlist-before_image"},"yoast_head":"<!-- This site is optimized with the Yoast SEO plugin v27.5 - https:\/\/yoast.com\/product\/yoast-seo-wordpress\/ -->\n<title>22ct ripple gold chain for everyday use at PureJewels UK<\/title>\n<meta name=\"description\" content=\"Buy this smooth 22ct Gold Ripple Chain in 18 Inches; Wt. 3.9 gms. Pair it with your favorite pendant. Order Online for Free UK delivery.\" \/>\n<meta name=\"robots\" content=\"index, follow, max-snippet:-1, max-image-preview:large, max-video-preview:-1\" \/>\n<link rel=\"canonical\" href=\"https:\/\/www.purejewels.com\/tr\/urun\/22-ayar-altin-dalgali-zincir-49910\/\" \/>\n<meta property=\"og:locale\" content=\"tr_TR\" \/>\n<meta property=\"og:type\" content=\"article\" \/>\n<meta property=\"og:title\" content=\"22ct ripple gold chain for everyday use at PureJewels UK\" \/>\n<meta property=\"og:description\" content=\"Buy this smooth 22ct Gold Ripple Chain in 18 Inches; Wt. 3.9 gms. Pair it with your favorite pendant. Order Online for Free UK delivery.\" \/>\n<meta property=\"og:url\" content=\"https:\/\/www.purejewels.com\/tr\/urun\/22-ayar-altin-dalgali-zincir-49910\/\" \/>\n<meta property=\"og:site_name\" content=\"PureJewels UK\" \/>\n<meta property=\"article:modified_time\" content=\"2025-10-10T19:18:25+00:00\" \/>\n<meta property=\"og:image\" content=\"https:\/\/www.purejewels.com\/wp-content\/uploads\/2021\/09\/34349-1.jpg\" \/>\n\t<meta property=\"og:image:width\" content=\"1000\" \/>\n\t<meta property=\"og:image:height\" content=\"1000\" \/>\n\t<meta property=\"og:image:type\" content=\"image\/jpeg\" \/>\n<meta name=\"twitter:card\" content=\"summary_large_image\" \/>\n<meta name=\"twitter:label1\" content=\"Tahmini okuma s\u00fcresi\" \/>\n\t<meta name=\"twitter:data1\" content=\"1 dakika\" \/>\n<script type=\"application\/ld+json\" class=\"yoast-schema-graph\">{\"@context\":\"https:\\\/\\\/schema.org\",\"@graph\":[{\"@type\":[\"WebPage\",\"ItemPage\"],\"@id\":\"https:\\\/\\\/www.purejewels.com\\\/product\\\/22ct-gold-ripple-chain-49910\\\/\",\"url\":\"https:\\\/\\\/www.purejewels.com\\\/product\\\/22ct-gold-ripple-chain-49910\\\/\",\"name\":\"22ct ripple gold chain for everyday use at PureJewels UK\",\"isPartOf\":{\"@id\":\"https:\\\/\\\/www.purejewels.com\\\/#website\"},\"primaryImageOfPage\":{\"@id\":\"https:\\\/\\\/www.purejewels.com\\\/product\\\/22ct-gold-ripple-chain-49910\\\/#primaryimage\"},\"image\":{\"@id\":\"https:\\\/\\\/www.purejewels.com\\\/product\\\/22ct-gold-ripple-chain-49910\\\/#primaryimage\"},\"thumbnailUrl\":\"https:\\\/\\\/static.purejewels.com\\\/wp-content\\\/uploads\\\/2021\\\/09\\\/34349-1.jpg\",\"datePublished\":\"2025-08-04T12:52:28+00:00\",\"dateModified\":\"2025-10-10T19:18:25+00:00\",\"description\":\"Buy this smooth 22ct Gold Ripple Chain in 18 Inches; Wt. 3.9 gms. Pair it with your favorite pendant. Order Online for Free UK delivery.\",\"breadcrumb\":{\"@id\":\"https:\\\/\\\/www.purejewels.com\\\/product\\\/22ct-gold-ripple-chain-49910\\\/#breadcrumb\"},\"inLanguage\":\"tr\",\"potentialAction\":[{\"@type\":\"ReadAction\",\"target\":[\"https:\\\/\\\/www.purejewels.com\\\/product\\\/22ct-gold-ripple-chain-49910\\\/\"]}]},{\"@type\":\"ImageObject\",\"inLanguage\":\"tr\",\"@id\":\"https:\\\/\\\/www.purejewels.com\\\/product\\\/22ct-gold-ripple-chain-49910\\\/#primaryimage\",\"url\":\"https:\\\/\\\/static.purejewels.com\\\/wp-content\\\/uploads\\\/2021\\\/09\\\/34349-1.jpg\",\"contentUrl\":\"https:\\\/\\\/static.purejewels.com\\\/wp-content\\\/uploads\\\/2021\\\/09\\\/34349-1.jpg\",\"width\":1000,\"height\":1000,\"caption\":\"22ct Gold Ripple Chain 34349-1\"},{\"@type\":\"BreadcrumbList\",\"@id\":\"https:\\\/\\\/www.purejewels.com\\\/product\\\/22ct-gold-ripple-chain-49910\\\/#breadcrumb\",\"itemListElement\":[{\"@type\":\"ListItem\",\"position\":1,\"name\":\"Home\",\"item\":\"https:\\\/\\\/www.purejewels.com\\\/\"},{\"@type\":\"ListItem\",\"position\":2,\"name\":\"Shop\",\"item\":\"https:\\\/\\\/www.purejewels.com\\\/shop\\\/\"},{\"@type\":\"ListItem\",\"position\":3,\"name\":\"22ct Gold | Ripple Chain | 18 Inches\"}]},{\"@type\":\"WebSite\",\"@id\":\"https:\\\/\\\/www.purejewels.com\\\/#website\",\"url\":\"https:\\\/\\\/www.purejewels.com\\\/\",\"name\":\"PureJewels UK\",\"description\":\"Share the Love\",\"publisher\":{\"@id\":\"https:\\\/\\\/www.purejewels.com\\\/#organization\"},\"potentialAction\":[{\"@type\":\"SearchAction\",\"target\":{\"@type\":\"EntryPoint\",\"urlTemplate\":\"https:\\\/\\\/www.purejewels.com\\\/?s={search_term_string}\"},\"query-input\":{\"@type\":\"PropertyValueSpecification\",\"valueRequired\":true,\"valueName\":\"search_term_string\"}}],\"inLanguage\":\"tr\"},{\"@type\":\"Organization\",\"@id\":\"https:\\\/\\\/www.purejewels.com\\\/#organization\",\"name\":\"PureJewels UK\",\"url\":\"https:\\\/\\\/www.purejewels.com\\\/\",\"logo\":{\"@type\":\"ImageObject\",\"inLanguage\":\"tr\",\"@id\":\"https:\\\/\\\/www.purejewels.com\\\/#\\\/schema\\\/logo\\\/image\\\/\",\"url\":\"https:\\\/\\\/static.purejewels.com\\\/wp-content\\\/uploads\\\/2020\\\/11\\\/Logo-PJ-New-1.png\",\"contentUrl\":\"https:\\\/\\\/static.purejewels.com\\\/wp-content\\\/uploads\\\/2020\\\/11\\\/Logo-PJ-New-1.png\",\"width\":150,\"height\":80,\"caption\":\"PureJewels UK\"},\"image\":{\"@id\":\"https:\\\/\\\/www.purejewels.com\\\/#\\\/schema\\\/logo\\\/image\\\/\"}}]}<\/script>\n<!-- \/ Yoast SEO plugin. -->","yoast_head_json":{"title":"PureJewels UK'de g\u00fcnl\u00fck kullan\u0131m i\u00e7in 22 ayar dalgal\u0131 alt\u0131n zincir","description":"Bu p\u00fcr\u00fczs\u00fcz 22 Ayar Alt\u0131n Dalgal\u0131 Zinciri 18 \u0130n\u00e7 olarak sat\u0131n al\u0131n; A\u011f\u0131rl\u0131k. 3,9 gms. En sevdi\u011finiz kolye ucu ile e\u015fle\u015ftirin. \u00dccretsiz \u0130ngiltere teslimat\u0131 i\u00e7in Online sipari\u015f verin.","robots":{"index":"index","follow":"follow","max-snippet":"max-snippet:-1","max-image-preview":"max-image-preview:large","max-video-preview":"max-video-preview:-1"},"canonical":"https:\/\/www.purejewels.com\/tr\/urun\/22-ayar-altin-dalgali-zincir-49910\/","og_locale":"tr_TR","og_type":"article","og_title":"22ct ripple gold chain for everyday use at PureJewels UK","og_description":"Buy this smooth 22ct Gold Ripple Chain in 18 Inches; Wt. 3.9 gms. Pair it with your favorite pendant. Order Online for Free UK delivery.","og_url":"https:\/\/www.purejewels.com\/tr\/urun\/22-ayar-altin-dalgali-zincir-49910\/","og_site_name":"PureJewels UK","article_modified_time":"2025-10-10T19:18:25+00:00","og_image":[{"width":1000,"height":1000,"url":"https:\/\/www.purejewels.com\/wp-content\/uploads\/2021\/09\/34349-1.jpg","type":"image\/jpeg"}],"twitter_card":"summary_large_image","twitter_misc":{"Tahmini okuma s\u00fcresi":"1 dakika"},"schema":{"@context":"https:\/\/schema.org","@graph":[{"@type":["WebPage","ItemPage"],"@id":"https:\/\/www.purejewels.com\/product\/22ct-gold-ripple-chain-49910\/","url":"https:\/\/www.purejewels.com\/product\/22ct-gold-ripple-chain-49910\/","name":"PureJewels UK'de g\u00fcnl\u00fck kullan\u0131m i\u00e7in 22 ayar dalgal\u0131 alt\u0131n zincir","isPartOf":{"@id":"https:\/\/www.purejewels.com\/#website"},"primaryImageOfPage":{"@id":"https:\/\/www.purejewels.com\/product\/22ct-gold-ripple-chain-49910\/#primaryimage"},"image":{"@id":"https:\/\/www.purejewels.com\/product\/22ct-gold-ripple-chain-49910\/#primaryimage"},"thumbnailUrl":"https:\/\/static.purejewels.com\/wp-content\/uploads\/2021\/09\/34349-1.jpg","datePublished":"2025-08-04T12:52:28+00:00","dateModified":"2025-10-10T19:18:25+00:00","description":"Bu p\u00fcr\u00fczs\u00fcz 22 Ayar Alt\u0131n Dalgal\u0131 Zinciri 18 \u0130n\u00e7 olarak sat\u0131n al\u0131n; A\u011f\u0131rl\u0131k. 3,9 gms. En sevdi\u011finiz kolye ucu ile e\u015fle\u015ftirin. \u00dccretsiz \u0130ngiltere teslimat\u0131 i\u00e7in Online sipari\u015f verin.","breadcrumb":{"@id":"https:\/\/www.purejewels.com\/product\/22ct-gold-ripple-chain-49910\/#breadcrumb"},"inLanguage":"tr","potentialAction":[{"@type":"ReadAction","target":["https:\/\/www.purejewels.com\/product\/22ct-gold-ripple-chain-49910\/"]}]},{"@type":"ImageObject","inLanguage":"tr","@id":"https:\/\/www.purejewels.com\/product\/22ct-gold-ripple-chain-49910\/#primaryimage","url":"https:\/\/static.purejewels.com\/wp-content\/uploads\/2021\/09\/34349-1.jpg","contentUrl":"https:\/\/static.purejewels.com\/wp-content\/uploads\/2021\/09\/34349-1.jpg","width":1000,"height":1000,"caption":"22ct Gold Ripple Chain 34349-1"},{"@type":"BreadcrumbList","@id":"https:\/\/www.purejewels.com\/product\/22ct-gold-ripple-chain-49910\/#breadcrumb","itemListElement":[{"@type":"ListItem","position":1,"name":"Home","item":"https:\/\/www.purejewels.com\/"},{"@type":"ListItem","position":2,"name":"Shop","item":"https:\/\/www.purejewels.com\/shop\/"},{"@type":"ListItem","position":3,"name":"22ct Gold | Ripple Chain | 18 Inches"}]},{"@type":"WebSite","@id":"https:\/\/www.purejewels.com\/#website","url":"https:\/\/www.purejewels.com\/","name":"PureJewels \u0130ngiltere","description":"Sevgiyi Payla\u015f\u0131n","publisher":{"@id":"https:\/\/www.purejewels.com\/#organization"},"potentialAction":[{"@type":"SearchAction","target":{"@type":"EntryPoint","urlTemplate":"https:\/\/www.purejewels.com\/?s={search_term_string}"},"query-input":{"@type":"PropertyValueSpecification","valueRequired":true,"valueName":"search_term_string"}}],"inLanguage":"tr"},{"@type":"Organization","@id":"https:\/\/www.purejewels.com\/#organization","name":"PureJewels \u0130ngiltere","url":"https:\/\/www.purejewels.com\/","logo":{"@type":"ImageObject","inLanguage":"tr","@id":"https:\/\/www.purejewels.com\/#\/schema\/logo\/image\/","url":"https:\/\/static.purejewels.com\/wp-content\/uploads\/2020\/11\/Logo-PJ-New-1.png","contentUrl":"https:\/\/static.purejewels.com\/wp-content\/uploads\/2020\/11\/Logo-PJ-New-1.png","width":150,"height":80,"caption":"PureJewels UK"},"image":{"@id":"https:\/\/www.purejewels.com\/#\/schema\/logo\/image\/"}}]}},"_links":{"self":[{"href":"https:\/\/www.purejewels.com\/tr\/wp-json\/wp\/v2\/product\/338369","targetHints":{"allow":["GET"]}}],"collection":[{"href":"https:\/\/www.purejewels.com\/tr\/wp-json\/wp\/v2\/product"}],"about":[{"href":"https:\/\/www.purejewels.com\/tr\/wp-json\/wp\/v2\/types\/product"}],"replies":[{"embeddable":true,"href":"https:\/\/www.purejewels.com\/tr\/wp-json\/wp\/v2\/comments?post=338369"}],"version-history":[{"count":5,"href":"https:\/\/www.purejewels.com\/tr\/wp-json\/wp\/v2\/product\/338369\/revisions"}],"predecessor-version":[{"id":415931,"href":"https:\/\/www.purejewels.com\/tr\/wp-json\/wp\/v2\/product\/338369\/revisions\/415931"}],"wp:featuredmedia":[{"embeddable":true,"href":"https:\/\/www.purejewels.com\/tr\/wp-json\/wp\/v2\/media\/326614"}],"wp:attachment":[{"href":"https:\/\/www.purejewels.com\/tr\/wp-json\/wp\/v2\/media?parent=338369"}],"wp:term":[{"taxonomy":"product_brand","embeddable":true,"href":"https:\/\/www.purejewels.com\/tr\/wp-json\/wp\/v2\/product_brand?post=338369"},{"taxonomy":"product_cat","embeddable":true,"href":"https:\/\/www.purejewels.com\/tr\/wp-json\/wp\/v2\/product_cat?post=338369"},{"taxonomy":"product_tag","embeddable":true,"href":"https:\/\/www.purejewels.com\/tr\/wp-json\/wp\/v2\/product_tag?post=338369"}],"curies":[{"name":"wp","href":"https:\/\/api.w.org\/{rel}","templated":true}]}}