{"id":338576,"date":"2025-11-15T11:34:06","date_gmt":"2025-11-15T11:34:06","guid":{"rendered":"https:\/\/www.purejewels.com\/?post_type=product&#038;p=338576"},"modified":"2026-02-04T09:41:08","modified_gmt":"2026-02-04T09:41:08","slug":"erkekler-icin-22-ayar-altin-yuzuk-s-beden-42603","status":"publish","type":"product","link":"https:\/\/www.purejewels.com\/tr\/product\/22ct-gold-ring-for-gents-size-s-42603\/","title":{"rendered":"Erkekler i\u00e7in 22 Ayar Alt\u0131n Y\u00fcz\u00fck | S Beden"},"content":{"rendered":"<h3 data-start=\"1095\" data-end=\"1119\"><strong data-start=\"1099\" data-end=\"1117\">Tasar\u0131m Konsepti<\/strong><\/h3>\n<p data-start=\"1120\" data-end=\"1494\">K\u00f6klerini mirastan ve sadelikten alan bu y\u00fcz\u00fck, g\u00fcc\u00fc, sadakati ve zamans\u0131z erkekli\u011fi temsil etmek \u00fczere tasarlanm\u0131\u015ft\u0131r. Temiz hatlar\u0131 ve sa\u011flam formu, onu hem geleneksel G\u00fcney Asya d\u00fc\u011f\u00fcnleri hem de modern g\u00fcnl\u00fck kullan\u0131m i\u00e7in uygun hale getirir. Alt\u0131n\u0131n k\u00fclt\u00fcrel t\u00f6renlerdeki kal\u0131c\u0131 de\u011ferinden esinlenen bu y\u00fcz\u00fck, \u00e7a\u011fda\u015f ya\u015fama sorunsuz bir \u015fekilde uyum sa\u011flarken ge\u00e7mi\u015fe de sayg\u0131 duru\u015funda bulunuyor.<\/p>\n<h3 data-start=\"1501\" data-end=\"1524\"><strong data-start=\"1505\" data-end=\"1522\">Zanaatkarl\u0131k<\/strong><\/h3>\n<p data-start=\"1525\" data-end=\"1887\">L\u00fcks 22 ayar sar\u0131 alt\u0131ndan ustal\u0131kla \u00fcretilen bu y\u00fcz\u00fck, PureJewels'in hassasiyet, safl\u0131k ve gelene\u011fe olan ba\u011fl\u0131l\u0131\u011f\u0131n\u0131 temsil eder. Her bir par\u00e7a, kusursuz bir y\u00fczey elde etmek i\u00e7in yetenekli zanaatk\u00e2rlar taraf\u0131ndan \u00f6zenle \u015fekillendirilir ve parlat\u0131l\u0131r. Londra Tahlil Ofisi'nin damgas\u0131, metalin kalitesini ve b\u00fct\u00fcnl\u00fc\u011f\u00fcn\u00fc garanti ederek \u00f6m\u00fcr boyu kullan\u0131m ve de\u011fer sa\u011flar.<\/p>\n<h3 data-start=\"1894\" data-end=\"1917\"><strong data-start=\"1898\" data-end=\"1915\">Stil Fikirleri<\/strong><\/h3>\n<ul>\n<li data-start=\"1920\" data-end=\"2024\">Alyanslar i\u00e7in rafine bir se\u00e7im, \u00f6zellikle geleneksel ama y\u00fcksek bir g\u00f6r\u00fcn\u00fcm arayan damatlar i\u00e7in.<\/li>\n<li data-start=\"2027\" data-end=\"2111\">Resmi k\u0131yafetleri tamamlar - i\u015f etkinlikleri veya t\u00f6rensel i\u015flevler i\u00e7in m\u00fckemmeldir.<\/li>\n<li data-start=\"2114\" data-end=\"2220\">Alt\u0131n bir bilezik veya saatle e\u015fle\u015ftirilerek ba\u011fl\u0131l\u0131\u011f\u0131n veya ki\u015fisel stilin sembol\u00fc olarak g\u00fcnl\u00fck olarak tak\u0131labilir.<\/li>\n<li data-start=\"2223\" data-end=\"2306\">Do\u011fum g\u00fcn\u00fc, terfi veya y\u0131ld\u00f6n\u00fcm\u00fc i\u00e7in anlaml\u0131 bir aile yadigar\u0131 hediyesidir.<\/li>\n<\/ul>","protected":false},"excerpt":{"rendered":"<ul>\n<li>Erkekler i\u00e7in 22 Ayar Alt\u0131n Y\u00fcz\u00fck | S Beden<\/li>\n<li>A\u011f\u0131rl\u0131k 9,7 gms<\/li>\n<li>Y\u00fcz\u00fck \u00d6l\u00e7\u00fcs\u00fc S<\/li>\n<li><span id=\"urn:enhancement-b80a25bb\" class=\"textannotation\">SKU<\/span>. 42603<\/li>\n<li>Olabilir\u00a0<span id=\"urn:enhancement-c1b7fb96\" class=\"textannotation\">sipari\u015f \u00fczerine<\/span>\u00a0parmak \u00f6l\u00e7\u00fcn\u00fcze g\u00f6re<\/li>\n<li>B\u00fct\u00fcn\u00a0<span id=\"urn:enhancement-48edcf47\" class=\"textannotation\">\u00fcr\u00fcnler<\/span>\u00a0Londra taraf\u0131ndan damgalanm\u0131\u015ft\u0131r\u00a0<span id=\"urn:enhancement-452a3ce\" class=\"textannotation\">Tahlil Ofisi<\/span><\/li>\n<li>Sunum ile Birlikte Gelir\u00a0<span id=\"urn:enhancement-ac5abee4\" class=\"textannotation\">Kutu<\/span><\/li>\n<li>Teslimat Dahil<\/li>\n<li>T\u00fcm fiyatlara KDV dahildir<\/li>\n<li>Benzer Asya d\u00fc\u011f\u00fcnlerini ke\u015ffetmek i\u00e7in bize ula\u015f\u0131n\u00a0<span id=\"urn:enhancement-1162a1de\" class=\"textannotation\">halkalar<\/span><\/li>\n<\/ul>","protected":false},"featured_media":338577,"comment_status":"closed","ping_status":"closed","template":"","meta":{"_eb_attr":"","_crsspst_to_jayantr4sg-hostcom":false},"product_brand":[],"product_cat":[6179,1785,1784,1229,1235,226],"product_tag":[64],"class_list":{"0":"post-338576","1":"product","2":"type-product","3":"status-publish","4":"has-post-thumbnail","6":"product_cat-1-tola-gold-jewellery","7":"product_cat-daily-wear-rings","8":"product_cat-gents-rings","9":"product_cat-22ct-gold-jewellery","10":"product_cat-gold-rings","11":"product_cat-wedding-rings-bands","12":"product_tag-rings","14":"first","15":"instock","16":"taxable","17":"shipping-taxable","18":"purchasable","19":"product-type-simple","20":"add-to-wishlist-before_image"},"yoast_head":"<!-- This site is optimized with the Yoast SEO plugin v27.5 - https:\/\/yoast.com\/product\/yoast-seo-wordpress\/ -->\n<title>22ct Gold Ring for Gents | Size S at PureJewels UK<\/title>\n<meta name=\"description\" content=\"22 carats Gold for Gents Plain Ring is suitable for daily wear. Order online for free next day UK delivery. | Gold Ring Online.\" \/>\n<meta name=\"robots\" content=\"index, follow, max-snippet:-1, max-image-preview:large, max-video-preview:-1\" \/>\n<link rel=\"canonical\" href=\"https:\/\/www.purejewels.com\/tr\/urun\/erkekler-icin-22-ayar-altin-yuzuk-s-beden-42603\/\" \/>\n<meta property=\"og:locale\" content=\"tr_TR\" \/>\n<meta property=\"og:type\" content=\"article\" \/>\n<meta property=\"og:title\" content=\"22ct Gold Ring for Gents | Size S at PureJewels UK\" \/>\n<meta property=\"og:description\" content=\"22 carats Gold for Gents Plain Ring is suitable for daily wear. Order online for free next day UK delivery. | Gold Ring Online.\" \/>\n<meta property=\"og:url\" content=\"https:\/\/www.purejewels.com\/tr\/urun\/erkekler-icin-22-ayar-altin-yuzuk-s-beden-42603\/\" \/>\n<meta property=\"og:site_name\" content=\"PureJewels UK\" \/>\n<meta property=\"article:modified_time\" content=\"2026-02-04T09:41:08+00:00\" \/>\n<meta property=\"og:image\" content=\"https:\/\/static.purejewels.com\/wp-content\/uploads\/2022\/09\/42603-1.jpg\" \/>\n\t<meta property=\"og:image:width\" content=\"1000\" \/>\n\t<meta property=\"og:image:height\" content=\"1000\" \/>\n\t<meta property=\"og:image:type\" content=\"image\/jpeg\" \/>\n<meta name=\"twitter:card\" content=\"summary_large_image\" \/>\n<meta name=\"twitter:label1\" content=\"Tahmini okuma s\u00fcresi\" \/>\n\t<meta name=\"twitter:data1\" content=\"1 dakika\" \/>\n<script type=\"application\/ld+json\" class=\"yoast-schema-graph\">{\"@context\":\"https:\\\/\\\/schema.org\",\"@graph\":[{\"@type\":[\"WebPage\",\"ItemPage\"],\"@id\":\"https:\\\/\\\/www.purejewels.com\\\/product\\\/22ct-gold-ring-for-gents-size-s-42603\\\/\",\"url\":\"https:\\\/\\\/www.purejewels.com\\\/product\\\/22ct-gold-ring-for-gents-size-s-42603\\\/\",\"name\":\"22ct Gold Ring for Gents | Size S at PureJewels UK\",\"isPartOf\":{\"@id\":\"https:\\\/\\\/www.purejewels.com\\\/#website\"},\"primaryImageOfPage\":{\"@id\":\"https:\\\/\\\/www.purejewels.com\\\/product\\\/22ct-gold-ring-for-gents-size-s-42603\\\/#primaryimage\"},\"image\":{\"@id\":\"https:\\\/\\\/www.purejewels.com\\\/product\\\/22ct-gold-ring-for-gents-size-s-42603\\\/#primaryimage\"},\"thumbnailUrl\":\"https:\\\/\\\/static.purejewels.com\\\/wp-content\\\/uploads\\\/2022\\\/09\\\/42603-1.jpg\",\"datePublished\":\"2025-11-15T11:34:06+00:00\",\"dateModified\":\"2026-02-04T09:41:08+00:00\",\"description\":\"22 carats Gold for Gents Plain Ring is suitable for daily wear. Order online for free next day UK delivery. | Gold Ring Online.\",\"breadcrumb\":{\"@id\":\"https:\\\/\\\/www.purejewels.com\\\/product\\\/22ct-gold-ring-for-gents-size-s-42603\\\/#breadcrumb\"},\"inLanguage\":\"tr\",\"potentialAction\":[{\"@type\":\"ReadAction\",\"target\":[\"https:\\\/\\\/www.purejewels.com\\\/product\\\/22ct-gold-ring-for-gents-size-s-42603\\\/\"]}]},{\"@type\":\"ImageObject\",\"inLanguage\":\"tr\",\"@id\":\"https:\\\/\\\/www.purejewels.com\\\/product\\\/22ct-gold-ring-for-gents-size-s-42603\\\/#primaryimage\",\"url\":\"https:\\\/\\\/static.purejewels.com\\\/wp-content\\\/uploads\\\/2022\\\/09\\\/42603-1.jpg\",\"contentUrl\":\"https:\\\/\\\/static.purejewels.com\\\/wp-content\\\/uploads\\\/2022\\\/09\\\/42603-1.jpg\",\"width\":1000,\"height\":1000},{\"@type\":\"BreadcrumbList\",\"@id\":\"https:\\\/\\\/www.purejewels.com\\\/product\\\/22ct-gold-ring-for-gents-size-s-42603\\\/#breadcrumb\",\"itemListElement\":[{\"@type\":\"ListItem\",\"position\":1,\"name\":\"Home\",\"item\":\"https:\\\/\\\/www.purejewels.com\\\/\"},{\"@type\":\"ListItem\",\"position\":2,\"name\":\"Shop\",\"item\":\"https:\\\/\\\/www.purejewels.com\\\/shop\\\/\"},{\"@type\":\"ListItem\",\"position\":3,\"name\":\"22ct Gold Ring for Gents | Size S\"}]},{\"@type\":\"WebSite\",\"@id\":\"https:\\\/\\\/www.purejewels.com\\\/#website\",\"url\":\"https:\\\/\\\/www.purejewels.com\\\/\",\"name\":\"PureJewels UK\",\"description\":\"Share the Love\",\"publisher\":{\"@id\":\"https:\\\/\\\/www.purejewels.com\\\/#organization\"},\"potentialAction\":[{\"@type\":\"SearchAction\",\"target\":{\"@type\":\"EntryPoint\",\"urlTemplate\":\"https:\\\/\\\/www.purejewels.com\\\/?s={search_term_string}\"},\"query-input\":{\"@type\":\"PropertyValueSpecification\",\"valueRequired\":true,\"valueName\":\"search_term_string\"}}],\"inLanguage\":\"tr\"},{\"@type\":\"Organization\",\"@id\":\"https:\\\/\\\/www.purejewels.com\\\/#organization\",\"name\":\"PureJewels UK\",\"url\":\"https:\\\/\\\/www.purejewels.com\\\/\",\"logo\":{\"@type\":\"ImageObject\",\"inLanguage\":\"tr\",\"@id\":\"https:\\\/\\\/www.purejewels.com\\\/#\\\/schema\\\/logo\\\/image\\\/\",\"url\":\"https:\\\/\\\/static.purejewels.com\\\/wp-content\\\/uploads\\\/2020\\\/11\\\/Logo-PJ-New-1.png\",\"contentUrl\":\"https:\\\/\\\/static.purejewels.com\\\/wp-content\\\/uploads\\\/2020\\\/11\\\/Logo-PJ-New-1.png\",\"width\":150,\"height\":80,\"caption\":\"PureJewels UK\"},\"image\":{\"@id\":\"https:\\\/\\\/www.purejewels.com\\\/#\\\/schema\\\/logo\\\/image\\\/\"}}]}<\/script>\n<!-- \/ Yoast SEO plugin. -->","yoast_head_json":{"title":"Erkekler i\u00e7in 22 Ayar Alt\u0131n Y\u00fcz\u00fck | S Beden PureJewels UK'de","description":"22 karat Alt\u0131n Erkek D\u00fcz Y\u00fcz\u00fck g\u00fcnl\u00fck kullan\u0131m i\u00e7in uygundur. Ertesi g\u00fcn \u00fccretsiz \u0130ngiltere teslimat\u0131 i\u00e7in online sipari\u015f verin. | Alt\u0131n Y\u00fcz\u00fck Online.","robots":{"index":"index","follow":"follow","max-snippet":"max-snippet:-1","max-image-preview":"max-image-preview:large","max-video-preview":"max-video-preview:-1"},"canonical":"https:\/\/www.purejewels.com\/tr\/urun\/erkekler-icin-22-ayar-altin-yuzuk-s-beden-42603\/","og_locale":"tr_TR","og_type":"article","og_title":"22ct Gold Ring for Gents | Size S at PureJewels UK","og_description":"22 carats Gold for Gents Plain Ring is suitable for daily wear. Order online for free next day UK delivery. | Gold Ring Online.","og_url":"https:\/\/www.purejewels.com\/tr\/urun\/erkekler-icin-22-ayar-altin-yuzuk-s-beden-42603\/","og_site_name":"PureJewels UK","article_modified_time":"2026-02-04T09:41:08+00:00","og_image":[{"width":1000,"height":1000,"url":"https:\/\/static.purejewels.com\/wp-content\/uploads\/2022\/09\/42603-1.jpg","type":"image\/jpeg"}],"twitter_card":"summary_large_image","twitter_misc":{"Tahmini okuma s\u00fcresi":"1 dakika"},"schema":{"@context":"https:\/\/schema.org","@graph":[{"@type":["WebPage","ItemPage"],"@id":"https:\/\/www.purejewels.com\/product\/22ct-gold-ring-for-gents-size-s-42603\/","url":"https:\/\/www.purejewels.com\/product\/22ct-gold-ring-for-gents-size-s-42603\/","name":"Erkekler i\u00e7in 22 Ayar Alt\u0131n Y\u00fcz\u00fck | S Beden PureJewels UK'de","isPartOf":{"@id":"https:\/\/www.purejewels.com\/#website"},"primaryImageOfPage":{"@id":"https:\/\/www.purejewels.com\/product\/22ct-gold-ring-for-gents-size-s-42603\/#primaryimage"},"image":{"@id":"https:\/\/www.purejewels.com\/product\/22ct-gold-ring-for-gents-size-s-42603\/#primaryimage"},"thumbnailUrl":"https:\/\/static.purejewels.com\/wp-content\/uploads\/2022\/09\/42603-1.jpg","datePublished":"2025-11-15T11:34:06+00:00","dateModified":"2026-02-04T09:41:08+00:00","description":"22 karat Alt\u0131n Erkek D\u00fcz Y\u00fcz\u00fck g\u00fcnl\u00fck kullan\u0131m i\u00e7in uygundur. Ertesi g\u00fcn \u00fccretsiz \u0130ngiltere teslimat\u0131 i\u00e7in online sipari\u015f verin. | Alt\u0131n Y\u00fcz\u00fck Online.","breadcrumb":{"@id":"https:\/\/www.purejewels.com\/product\/22ct-gold-ring-for-gents-size-s-42603\/#breadcrumb"},"inLanguage":"tr","potentialAction":[{"@type":"ReadAction","target":["https:\/\/www.purejewels.com\/product\/22ct-gold-ring-for-gents-size-s-42603\/"]}]},{"@type":"ImageObject","inLanguage":"tr","@id":"https:\/\/www.purejewels.com\/product\/22ct-gold-ring-for-gents-size-s-42603\/#primaryimage","url":"https:\/\/static.purejewels.com\/wp-content\/uploads\/2022\/09\/42603-1.jpg","contentUrl":"https:\/\/static.purejewels.com\/wp-content\/uploads\/2022\/09\/42603-1.jpg","width":1000,"height":1000},{"@type":"BreadcrumbList","@id":"https:\/\/www.purejewels.com\/product\/22ct-gold-ring-for-gents-size-s-42603\/#breadcrumb","itemListElement":[{"@type":"ListItem","position":1,"name":"Home","item":"https:\/\/www.purejewels.com\/"},{"@type":"ListItem","position":2,"name":"Shop","item":"https:\/\/www.purejewels.com\/shop\/"},{"@type":"ListItem","position":3,"name":"22ct Gold Ring for Gents | Size S"}]},{"@type":"WebSite","@id":"https:\/\/www.purejewels.com\/#website","url":"https:\/\/www.purejewels.com\/","name":"PureJewels \u0130ngiltere","description":"Sevgiyi Payla\u015f\u0131n","publisher":{"@id":"https:\/\/www.purejewels.com\/#organization"},"potentialAction":[{"@type":"SearchAction","target":{"@type":"EntryPoint","urlTemplate":"https:\/\/www.purejewels.com\/?s={search_term_string}"},"query-input":{"@type":"PropertyValueSpecification","valueRequired":true,"valueName":"search_term_string"}}],"inLanguage":"tr"},{"@type":"Organization","@id":"https:\/\/www.purejewels.com\/#organization","name":"PureJewels \u0130ngiltere","url":"https:\/\/www.purejewels.com\/","logo":{"@type":"ImageObject","inLanguage":"tr","@id":"https:\/\/www.purejewels.com\/#\/schema\/logo\/image\/","url":"https:\/\/static.purejewels.com\/wp-content\/uploads\/2020\/11\/Logo-PJ-New-1.png","contentUrl":"https:\/\/static.purejewels.com\/wp-content\/uploads\/2020\/11\/Logo-PJ-New-1.png","width":150,"height":80,"caption":"PureJewels UK"},"image":{"@id":"https:\/\/www.purejewels.com\/#\/schema\/logo\/image\/"}}]}},"_links":{"self":[{"href":"https:\/\/www.purejewels.com\/tr\/wp-json\/wp\/v2\/product\/338576","targetHints":{"allow":["GET"]}}],"collection":[{"href":"https:\/\/www.purejewels.com\/tr\/wp-json\/wp\/v2\/product"}],"about":[{"href":"https:\/\/www.purejewels.com\/tr\/wp-json\/wp\/v2\/types\/product"}],"replies":[{"embeddable":true,"href":"https:\/\/www.purejewels.com\/tr\/wp-json\/wp\/v2\/comments?post=338576"}],"version-history":[{"count":3,"href":"https:\/\/www.purejewels.com\/tr\/wp-json\/wp\/v2\/product\/338576\/revisions"}],"predecessor-version":[{"id":420455,"href":"https:\/\/www.purejewels.com\/tr\/wp-json\/wp\/v2\/product\/338576\/revisions\/420455"}],"wp:featuredmedia":[{"embeddable":true,"href":"https:\/\/www.purejewels.com\/tr\/wp-json\/wp\/v2\/media\/338577"}],"wp:attachment":[{"href":"https:\/\/www.purejewels.com\/tr\/wp-json\/wp\/v2\/media?parent=338576"}],"wp:term":[{"taxonomy":"product_brand","embeddable":true,"href":"https:\/\/www.purejewels.com\/tr\/wp-json\/wp\/v2\/product_brand?post=338576"},{"taxonomy":"product_cat","embeddable":true,"href":"https:\/\/www.purejewels.com\/tr\/wp-json\/wp\/v2\/product_cat?post=338576"},{"taxonomy":"product_tag","embeddable":true,"href":"https:\/\/www.purejewels.com\/tr\/wp-json\/wp\/v2\/product_tag?post=338576"}],"curies":[{"name":"wp","href":"https:\/\/api.w.org\/{rel}","templated":true}]}}