{"id":338581,"date":"2022-09-15T11:52:41","date_gmt":"2022-09-15T10:52:41","guid":{"rendered":"https:\/\/www.purejewels.com\/?post_type=product&#038;p=338581"},"modified":"2026-04-20T11:02:42","modified_gmt":"2026-04-20T10:02:42","slug":"erkekler-icin-22-ayar-altin-yuzuk-t-beden-42604","status":"publish","type":"product","link":"https:\/\/www.purejewels.com\/tr\/product\/22ct-gold-ring-for-gents-size-t-42604\/","title":{"rendered":"Erkekler i\u00e7in 22 Ayar Alt\u0131n Y\u00fcz\u00fck | T Beden"},"content":{"rendered":"<p data-start=\"0\" data-end=\"399\"><strong data-start=\"0\" data-end=\"18\">Tasar\u0131m Konsepti<\/strong><br data-start=\"18\" data-end=\"21\" \/>Bu zarif 22 ayar alt\u0131n erkek y\u00fcz\u00fc\u011f\u00fc, hem \u00f6zel g\u00fcnler hem de g\u00fcnl\u00fck kullan\u0131m i\u00e7in tasarlanm\u0131\u015f zamans\u0131z bir l\u00fcks ifadesidir. 9,4 gram saf 22 ayar alt\u0131n a\u011f\u0131rl\u0131\u011f\u0131ndaki y\u00fcz\u00fck, elde \u00f6nemli ama zarif bir duru\u015f sergiler. Standart \u00f6l\u00e7\u00fcs\u00fc T olup, m\u00fckemmel bir ki\u015fisel uyum i\u00e7in \u00f6zel yap\u0131m se\u00e7ene\u011fi ile ideal bir Asya alyans\u0131 veya sofistike bir g\u00fcnl\u00fck imza haline gelir.<\/p>\n<p data-start=\"401\" data-end=\"733\"><strong data-start=\"401\" data-end=\"418\">Zanaatkarl\u0131k<\/strong><br data-start=\"418\" data-end=\"421\" \/>Hassasiyet ve detaylara g\u00f6sterilen \u00f6zenle haz\u0131rlanan bu y\u00fcz\u00fck, saf 22 ayar alt\u0131n\u0131n zenginli\u011fini ve yetenekli i\u015f\u00e7ili\u011fin inceliklerini sergiliyor. Her bir par\u00e7a Londra Assay Ofisi taraf\u0131ndan damgalanarak orijinalli\u011fi ve kalitesi onaylanm\u0131\u015ft\u0131r. G\u00fczel bir kutuda sunulan bu y\u00fcz\u00fck, hediye etmeye veya kendiniz i\u00e7in saklamaya haz\u0131rd\u0131r.<\/p>\n<p data-start=\"735\" data-end=\"1169\" data-is-last-node=\"\" data-is-only-node=\"\"><strong data-start=\"735\" data-end=\"752\">Stil Fikirleri<\/strong><br data-start=\"752\" data-end=\"755\" \/>Bu y\u00fcz\u00fc\u011f\u00fc, klasik bir saat veya bilezikle e\u015fle\u015ftirerek g\u00fcnl\u00fck stil \u00e7apan\u0131z olarak veya geleneksel k\u0131yafetlerle se\u00e7kin bir Asya alyans\u0131 olarak tak\u0131n. S\u0131cak 22ct \u0131\u015f\u0131lt\u0131s\u0131 hem resmi hem de \u015f\u0131k g\u00fcndelik g\u00f6r\u00fcn\u00fcmleri tamamlayarak sessiz bir l\u00fcks dokunu\u015fu katar. \u00dccretsiz takipli teslimat ve g\u00fcvenli \u00e7evrimi\u00e7i \u00f6demelerle, saf alt\u0131n i\u015f\u00e7ili\u011finin g\u00fczelli\u011fini deneyimlemek istedi\u011finizde uygun ve g\u00fcven verici bir se\u00e7imdir.<\/p>","protected":false},"excerpt":{"rendered":"<ul>\n<li>Erkekler i\u00e7in 22 Ayar Alt\u0131n Y\u00fcz\u00fck | T Beden<\/li>\n<li>A\u011f\u0131rl\u0131k 9,4 gms<\/li>\n<li>Y\u00fcz\u00fck \u00d6l\u00e7\u00fcs\u00fc T<\/li>\n<li><span id=\"urn:enhancement-b80a25bb\" class=\"textannotation\">SKU<\/span>. 42604<\/li>\n<li>Olabilir\u00a0<span id=\"urn:enhancement-c1b7fb96\" class=\"textannotation\">sipari\u015f \u00fczerine<\/span>\u00a0parmak \u00f6l\u00e7\u00fcn\u00fcze g\u00f6re<\/li>\n<li>B\u00fct\u00fcn\u00a0<span id=\"urn:enhancement-48edcf47\" class=\"textannotation\">\u00fcr\u00fcnler<\/span>\u00a0Londra taraf\u0131ndan damgalanm\u0131\u015ft\u0131r\u00a0<span id=\"urn:enhancement-452a3ce\" class=\"textannotation\">Tahlil Ofisi<\/span><\/li>\n<li>Sunum ile Birlikte Gelir\u00a0<span id=\"urn:enhancement-ac5abee4\" class=\"textannotation\">Kutu<\/span><\/li>\n<li>Teslimat Dahil<\/li>\n<li>T\u00fcm fiyatlara KDV dahildir<\/li>\n<li>Benzer Asya d\u00fc\u011f\u00fcnlerini ke\u015ffetmek i\u00e7in bize ula\u015f\u0131n\u00a0<span id=\"urn:enhancement-1162a1de\" class=\"textannotation\">halkalar<\/span><\/li>\n<\/ul>","protected":false},"featured_media":338582,"comment_status":"closed","ping_status":"closed","template":"","meta":{"_eb_attr":"","_crsspst_to_jayantr4sg-hostcom":false},"product_brand":[],"product_cat":[1785,1784,1229,1235,226],"product_tag":[64],"class_list":{"0":"post-338581","1":"product","2":"type-product","3":"status-publish","4":"has-post-thumbnail","6":"product_cat-daily-wear-rings","7":"product_cat-gents-rings","8":"product_cat-22ct-gold-jewellery","9":"product_cat-gold-rings","10":"product_cat-wedding-rings-bands","11":"product_tag-rings","13":"first","14":"outofstock","15":"taxable","16":"shipping-taxable","17":"product-type-simple","18":"add-to-wishlist-before_image"},"yoast_head":"<!-- This site is optimized with the Yoast SEO plugin v27.6 - https:\/\/yoast.com\/product\/yoast-seo-wordpress\/ -->\n<title>22ct Gold Ring for Gents | Size T at PureJewels UK<\/title>\n<meta name=\"description\" content=\"This gold ring in 22 carats Gold for Gents Plain Ring is suitable for daily wear. Order online for free next day UK delivery | Online Shop\" \/>\n<meta name=\"robots\" content=\"index, follow, max-snippet:-1, max-image-preview:large, max-video-preview:-1\" \/>\n<link rel=\"canonical\" href=\"https:\/\/www.purejewels.com\/tr\/urun\/erkekler-icin-22-ayar-altin-yuzuk-t-beden-42604\/\" \/>\n<meta property=\"og:locale\" content=\"tr_TR\" \/>\n<meta property=\"og:type\" content=\"article\" \/>\n<meta property=\"og:title\" content=\"22ct Gold Ring for Gents | Size T at PureJewels UK\" \/>\n<meta property=\"og:description\" content=\"This gold ring in 22 carats Gold for Gents Plain Ring is suitable for daily wear. Order online for free next day UK delivery | Online Shop\" \/>\n<meta property=\"og:url\" content=\"https:\/\/www.purejewels.com\/tr\/urun\/erkekler-icin-22-ayar-altin-yuzuk-t-beden-42604\/\" \/>\n<meta property=\"og:site_name\" content=\"PureJewels UK\" \/>\n<meta property=\"article:modified_time\" content=\"2026-04-20T10:02:42+00:00\" \/>\n<meta property=\"og:image\" content=\"https:\/\/static.purejewels.com\/wp-content\/uploads\/2022\/09\/42604-1.jpg\" \/>\n\t<meta property=\"og:image:width\" content=\"1000\" \/>\n\t<meta property=\"og:image:height\" content=\"1000\" \/>\n\t<meta property=\"og:image:type\" content=\"image\/jpeg\" \/>\n<meta name=\"twitter:card\" content=\"summary_large_image\" \/>\n<meta name=\"twitter:label1\" content=\"Tahmini okuma s\u00fcresi\" \/>\n\t<meta name=\"twitter:data1\" content=\"2 dakika\" \/>\n<script type=\"application\/ld+json\" class=\"yoast-schema-graph\">{\"@context\":\"https:\\\/\\\/schema.org\",\"@graph\":[{\"@type\":[\"WebPage\",\"ItemPage\"],\"@id\":\"https:\\\/\\\/www.purejewels.com\\\/product\\\/22ct-gold-ring-for-gents-size-t-42604\\\/\",\"url\":\"https:\\\/\\\/www.purejewels.com\\\/product\\\/22ct-gold-ring-for-gents-size-t-42604\\\/\",\"name\":\"22ct Gold Ring for Gents | Size T at PureJewels UK\",\"isPartOf\":{\"@id\":\"https:\\\/\\\/www.purejewels.com\\\/#website\"},\"primaryImageOfPage\":{\"@id\":\"https:\\\/\\\/www.purejewels.com\\\/product\\\/22ct-gold-ring-for-gents-size-t-42604\\\/#primaryimage\"},\"image\":{\"@id\":\"https:\\\/\\\/www.purejewels.com\\\/product\\\/22ct-gold-ring-for-gents-size-t-42604\\\/#primaryimage\"},\"thumbnailUrl\":\"https:\\\/\\\/static.purejewels.com\\\/wp-content\\\/uploads\\\/2022\\\/09\\\/42604-1.jpg\",\"datePublished\":\"2022-09-15T10:52:41+00:00\",\"dateModified\":\"2026-04-20T10:02:42+00:00\",\"description\":\"This gold ring in 22 carats Gold for Gents Plain Ring is suitable for daily wear. Order online for free next day UK delivery | Online Shop\",\"breadcrumb\":{\"@id\":\"https:\\\/\\\/www.purejewels.com\\\/product\\\/22ct-gold-ring-for-gents-size-t-42604\\\/#breadcrumb\"},\"inLanguage\":\"tr\",\"potentialAction\":[{\"@type\":\"ReadAction\",\"target\":[\"https:\\\/\\\/www.purejewels.com\\\/product\\\/22ct-gold-ring-for-gents-size-t-42604\\\/\"]}]},{\"@type\":\"ImageObject\",\"inLanguage\":\"tr\",\"@id\":\"https:\\\/\\\/www.purejewels.com\\\/product\\\/22ct-gold-ring-for-gents-size-t-42604\\\/#primaryimage\",\"url\":\"https:\\\/\\\/static.purejewels.com\\\/wp-content\\\/uploads\\\/2022\\\/09\\\/42604-1.jpg\",\"contentUrl\":\"https:\\\/\\\/static.purejewels.com\\\/wp-content\\\/uploads\\\/2022\\\/09\\\/42604-1.jpg\",\"width\":1000,\"height\":1000},{\"@type\":\"BreadcrumbList\",\"@id\":\"https:\\\/\\\/www.purejewels.com\\\/product\\\/22ct-gold-ring-for-gents-size-t-42604\\\/#breadcrumb\",\"itemListElement\":[{\"@type\":\"ListItem\",\"position\":1,\"name\":\"Home\",\"item\":\"https:\\\/\\\/www.purejewels.com\\\/\"},{\"@type\":\"ListItem\",\"position\":2,\"name\":\"Shop\",\"item\":\"https:\\\/\\\/www.purejewels.com\\\/shop\\\/\"},{\"@type\":\"ListItem\",\"position\":3,\"name\":\"22ct Gold Ring for Gents | Size T\"}]},{\"@type\":\"WebSite\",\"@id\":\"https:\\\/\\\/www.purejewels.com\\\/#website\",\"url\":\"https:\\\/\\\/www.purejewels.com\\\/\",\"name\":\"PureJewels UK\",\"description\":\"Share the Love\",\"publisher\":{\"@id\":\"https:\\\/\\\/www.purejewels.com\\\/#organization\"},\"potentialAction\":[{\"@type\":\"SearchAction\",\"target\":{\"@type\":\"EntryPoint\",\"urlTemplate\":\"https:\\\/\\\/www.purejewels.com\\\/?s={search_term_string}\"},\"query-input\":{\"@type\":\"PropertyValueSpecification\",\"valueRequired\":true,\"valueName\":\"search_term_string\"}}],\"inLanguage\":\"tr\"},{\"@type\":\"Organization\",\"@id\":\"https:\\\/\\\/www.purejewels.com\\\/#organization\",\"name\":\"PureJewels UK\",\"url\":\"https:\\\/\\\/www.purejewels.com\\\/\",\"logo\":{\"@type\":\"ImageObject\",\"inLanguage\":\"tr\",\"@id\":\"https:\\\/\\\/www.purejewels.com\\\/#\\\/schema\\\/logo\\\/image\\\/\",\"url\":\"https:\\\/\\\/static.purejewels.com\\\/wp-content\\\/uploads\\\/2020\\\/11\\\/Logo-PJ-New-1.png\",\"contentUrl\":\"https:\\\/\\\/static.purejewels.com\\\/wp-content\\\/uploads\\\/2020\\\/11\\\/Logo-PJ-New-1.png\",\"width\":150,\"height\":80,\"caption\":\"PureJewels UK\"},\"image\":{\"@id\":\"https:\\\/\\\/www.purejewels.com\\\/#\\\/schema\\\/logo\\\/image\\\/\"}}]}<\/script>\n<!-- \/ Yoast SEO plugin. -->","yoast_head_json":{"title":"Erkekler i\u00e7in 22 Ayar Alt\u0131n Y\u00fcz\u00fck | T Beden PureJewels UK'de","description":"Bu 22 ayar Alt\u0131n Erkek Sade Y\u00fcz\u00fck g\u00fcnl\u00fck kullan\u0131m i\u00e7in uygundur. Ertesi g\u00fcn \u00fccretsiz \u0130ngiltere teslimat\u0131 i\u00e7in online sipari\u015f verin | Online Ma\u011faza","robots":{"index":"index","follow":"follow","max-snippet":"max-snippet:-1","max-image-preview":"max-image-preview:large","max-video-preview":"max-video-preview:-1"},"canonical":"https:\/\/www.purejewels.com\/tr\/urun\/erkekler-icin-22-ayar-altin-yuzuk-t-beden-42604\/","og_locale":"tr_TR","og_type":"article","og_title":"22ct Gold Ring for Gents | Size T at PureJewels UK","og_description":"This gold ring in 22 carats Gold for Gents Plain Ring is suitable for daily wear. Order online for free next day UK delivery | Online Shop","og_url":"https:\/\/www.purejewels.com\/tr\/urun\/erkekler-icin-22-ayar-altin-yuzuk-t-beden-42604\/","og_site_name":"PureJewels UK","article_modified_time":"2026-04-20T10:02:42+00:00","og_image":[{"width":1000,"height":1000,"url":"https:\/\/static.purejewels.com\/wp-content\/uploads\/2022\/09\/42604-1.jpg","type":"image\/jpeg"}],"twitter_card":"summary_large_image","twitter_misc":{"Tahmini okuma s\u00fcresi":"2 dakika"},"schema":{"@context":"https:\/\/schema.org","@graph":[{"@type":["WebPage","ItemPage"],"@id":"https:\/\/www.purejewels.com\/product\/22ct-gold-ring-for-gents-size-t-42604\/","url":"https:\/\/www.purejewels.com\/product\/22ct-gold-ring-for-gents-size-t-42604\/","name":"Erkekler i\u00e7in 22 Ayar Alt\u0131n Y\u00fcz\u00fck | T Beden PureJewels UK'de","isPartOf":{"@id":"https:\/\/www.purejewels.com\/#website"},"primaryImageOfPage":{"@id":"https:\/\/www.purejewels.com\/product\/22ct-gold-ring-for-gents-size-t-42604\/#primaryimage"},"image":{"@id":"https:\/\/www.purejewels.com\/product\/22ct-gold-ring-for-gents-size-t-42604\/#primaryimage"},"thumbnailUrl":"https:\/\/static.purejewels.com\/wp-content\/uploads\/2022\/09\/42604-1.jpg","datePublished":"2022-09-15T10:52:41+00:00","dateModified":"2026-04-20T10:02:42+00:00","description":"Bu 22 ayar Alt\u0131n Erkek Sade Y\u00fcz\u00fck g\u00fcnl\u00fck kullan\u0131m i\u00e7in uygundur. Ertesi g\u00fcn \u00fccretsiz \u0130ngiltere teslimat\u0131 i\u00e7in online sipari\u015f verin | Online Ma\u011faza","breadcrumb":{"@id":"https:\/\/www.purejewels.com\/product\/22ct-gold-ring-for-gents-size-t-42604\/#breadcrumb"},"inLanguage":"tr","potentialAction":[{"@type":"ReadAction","target":["https:\/\/www.purejewels.com\/product\/22ct-gold-ring-for-gents-size-t-42604\/"]}]},{"@type":"ImageObject","inLanguage":"tr","@id":"https:\/\/www.purejewels.com\/product\/22ct-gold-ring-for-gents-size-t-42604\/#primaryimage","url":"https:\/\/static.purejewels.com\/wp-content\/uploads\/2022\/09\/42604-1.jpg","contentUrl":"https:\/\/static.purejewels.com\/wp-content\/uploads\/2022\/09\/42604-1.jpg","width":1000,"height":1000},{"@type":"BreadcrumbList","@id":"https:\/\/www.purejewels.com\/product\/22ct-gold-ring-for-gents-size-t-42604\/#breadcrumb","itemListElement":[{"@type":"ListItem","position":1,"name":"Home","item":"https:\/\/www.purejewels.com\/"},{"@type":"ListItem","position":2,"name":"Shop","item":"https:\/\/www.purejewels.com\/shop\/"},{"@type":"ListItem","position":3,"name":"22ct Gold Ring for Gents | Size T"}]},{"@type":"WebSite","@id":"https:\/\/www.purejewels.com\/#website","url":"https:\/\/www.purejewels.com\/","name":"PureJewels \u0130ngiltere","description":"Sevgiyi Payla\u015f\u0131n","publisher":{"@id":"https:\/\/www.purejewels.com\/#organization"},"potentialAction":[{"@type":"SearchAction","target":{"@type":"EntryPoint","urlTemplate":"https:\/\/www.purejewels.com\/?s={search_term_string}"},"query-input":{"@type":"PropertyValueSpecification","valueRequired":true,"valueName":"search_term_string"}}],"inLanguage":"tr"},{"@type":"Organization","@id":"https:\/\/www.purejewels.com\/#organization","name":"PureJewels \u0130ngiltere","url":"https:\/\/www.purejewels.com\/","logo":{"@type":"ImageObject","inLanguage":"tr","@id":"https:\/\/www.purejewels.com\/#\/schema\/logo\/image\/","url":"https:\/\/static.purejewels.com\/wp-content\/uploads\/2020\/11\/Logo-PJ-New-1.png","contentUrl":"https:\/\/static.purejewels.com\/wp-content\/uploads\/2020\/11\/Logo-PJ-New-1.png","width":150,"height":80,"caption":"PureJewels UK"},"image":{"@id":"https:\/\/www.purejewels.com\/#\/schema\/logo\/image\/"}}]}},"_links":{"self":[{"href":"https:\/\/www.purejewels.com\/tr\/wp-json\/wp\/v2\/product\/338581","targetHints":{"allow":["GET"]}}],"collection":[{"href":"https:\/\/www.purejewels.com\/tr\/wp-json\/wp\/v2\/product"}],"about":[{"href":"https:\/\/www.purejewels.com\/tr\/wp-json\/wp\/v2\/types\/product"}],"replies":[{"embeddable":true,"href":"https:\/\/www.purejewels.com\/tr\/wp-json\/wp\/v2\/comments?post=338581"}],"version-history":[{"count":3,"href":"https:\/\/www.purejewels.com\/tr\/wp-json\/wp\/v2\/product\/338581\/revisions"}],"predecessor-version":[{"id":426102,"href":"https:\/\/www.purejewels.com\/tr\/wp-json\/wp\/v2\/product\/338581\/revisions\/426102"}],"wp:featuredmedia":[{"embeddable":true,"href":"https:\/\/www.purejewels.com\/tr\/wp-json\/wp\/v2\/media\/338582"}],"wp:attachment":[{"href":"https:\/\/www.purejewels.com\/tr\/wp-json\/wp\/v2\/media?parent=338581"}],"wp:term":[{"taxonomy":"product_brand","embeddable":true,"href":"https:\/\/www.purejewels.com\/tr\/wp-json\/wp\/v2\/product_brand?post=338581"},{"taxonomy":"product_cat","embeddable":true,"href":"https:\/\/www.purejewels.com\/tr\/wp-json\/wp\/v2\/product_cat?post=338581"},{"taxonomy":"product_tag","embeddable":true,"href":"https:\/\/www.purejewels.com\/tr\/wp-json\/wp\/v2\/product_tag?post=338581"}],"curies":[{"name":"wp","href":"https:\/\/api.w.org\/{rel}","templated":true}]}}