{"id":338866,"date":"2022-09-25T06:45:52","date_gmt":"2022-09-25T05:45:52","guid":{"rendered":"https:\/\/www.purejewels.com\/?post_type=product&#038;p=338866"},"modified":"2026-01-07T06:06:04","modified_gmt":"2026-01-07T06:06:04","slug":"bayanlar-icin-22-ayar-altin-alyans-k-beden-42906","status":"publish","type":"product","link":"https:\/\/www.purejewels.com\/tr\/product\/22ct-gold-wedding-band-for-ladies-size-k-42906\/","title":{"rendered":"Bayanlar \u0130\u00e7in 22 Ayar Alt\u0131n Alyans | K Beden"},"content":{"rendered":"<p>Sonsuz ba\u011f\u0131n\u0131z\u0131 g\u00f6z al\u0131c\u0131 \u00fcr\u00fcnlerimizle kutlay\u0131n <a href=\"https:\/\/www.purejewels.com\/tr\/product\/22ct-indian-gold-wedding-band-916\/\">22 Ayar Alt\u0131n Alyans<\/a> Bayanlar i\u00e7in, K beden olarak mevcuttur. Zarif detaylarla titizlikle haz\u0131rlanm\u0131\u015f ve benzersiz <a href=\"https:\/\/www.purejewels.com\/tr\/a-guide-to-die-stamping\/\">zanaatkarl\u0131k<\/a>Bu zamans\u0131z par\u00e7a, zarafetin ve sofistikeli\u011fin \u00f6z\u00fcd\u00fcr. Y\u00fcksek kaliteli kuma\u015ftan \u00fcretilmi\u015ftir. <a href=\"https:\/\/www.purejewels.com\/tr\/product\/22ct-gold-jali-filigree-ring-jali-collection-31926\/\">22ct<\/a> alt\u0131n olan bu alyans, ba\u011fl\u0131l\u0131\u011f\u0131n\u0131z\u0131n sonsuzlu\u011funu simgeleyen l\u00fcks ve dayan\u0131kl\u0131l\u0131\u011f\u0131 yans\u0131t\u0131r. \u0130ster tek ba\u015f\u0131na ister ni\u015fan y\u00fcz\u00fc\u011f\u00fcyle birlikte tak\u0131ls\u0131n, bu zarif kordon parma\u011f\u0131n\u0131z\u0131 \u00f6m\u00fcr boyu unutulmayacak an\u0131lar i\u00e7in zarafet ve stil ile s\u00fcsleyecek. \u00d6zel g\u00fcn\u00fcn\u00fcz\u00fc zamans\u0131z g\u00fczelli\u011fimizle y\u00fcceltin <a href=\"https:\/\/www.purejewels.com\/tr\/product\/holy-cross-gold-pendant-44713\/\">22 Ayar Alt\u0131n<\/a> Bayanlar i\u00e7in Alyans.<\/p>","protected":false},"excerpt":{"rendered":"<ul>\n<li>Bayanlar \u0130\u00e7in 22 Ayar Alt\u0131n Alyans<\/li>\n<li>A\u011f\u0131rl\u0131k 4,8 gms<\/li>\n<li>Y\u00fcz\u00fck \u00d6l\u00e7\u00fcs\u00fc. K<\/li>\n<li><span id=\"urn:enhancement-b80a25bb\" class=\"textannotation\">SKU: 42906<\/span><\/li>\n<li>Cinsiyet: Kad\u0131n<\/li>\n<li>Olabilir\u00a0<span id=\"urn:enhancement-c1b7fb96\" class=\"textannotation\">sipari\u015f \u00fczerine<\/span>\u00a0parmak \u00f6l\u00e7\u00fcn\u00fcze g\u00f6re<\/li>\n<li>B\u00fct\u00fcn\u00a0<span id=\"urn:enhancement-48edcf47\" class=\"textannotation\">\u00fcr\u00fcnler<\/span>\u00a0Londra taraf\u0131ndan damgalanm\u0131\u015ft\u0131r\u00a0<span id=\"urn:enhancement-452a3ce\" class=\"textannotation\">Tahlil Ofisi<\/span><\/li>\n<li>Sunum ile Birlikte Gelir\u00a0<span id=\"urn:enhancement-ac5abee4\" class=\"textannotation\">Kutu<\/span><\/li>\n<li>Teslimat Dahil<\/li>\n<li>T\u00fcm fiyatlara KDV dahildir<\/li>\n<li>Benzerleri ke\u015ffetmek i\u00e7in bize ula\u015f\u0131n <span id=\"urn:enhancement-1162a1de\" class=\"textannotation\">halkalar<\/span><\/li>\n<\/ul>","protected":false},"featured_media":338843,"comment_status":"closed","ping_status":"closed","template":"","meta":{"_eb_attr":"","_crsspst_to_jayantr4sg-hostcom":false},"product_brand":[],"product_cat":[1640,1785,1229,1235,5344,1783,5338,229,226,5303,5297],"product_tag":[1430,64],"class_list":{"0":"post-338866","1":"product","2":"type-product","3":"status-publish","4":"has-post-thumbnail","6":"product_cat-22ct-gold-bands","7":"product_cat-daily-wear-rings","8":"product_cat-22ct-gold-jewellery","9":"product_cat-gold-rings","10":"product_cat-jewellery-under-750","11":"product_cat-ladies-rings","12":"product_cat-shop-by-price","13":"product_cat-wedding-bands","14":"product_cat-wedding-rings-bands","15":"product_cat-womens-yellow-gold-bands","16":"product_cat-yellow-gold-wedding-bands","17":"product_tag-diwali-gift","18":"product_tag-rings","20":"first","21":"outofstock","22":"taxable","23":"shipping-taxable","24":"product-type-simple","25":"add-to-wishlist-before_image"},"yoast_head":"<!-- This site is optimized with the Yoast SEO plugin v27.6 - https:\/\/yoast.com\/product\/yoast-seo-wordpress\/ -->\n<title>Real Gold Wedding Band For Women| Size K | PureJewels<\/title>\n<meta name=\"description\" content=\"Celebrate your eternal bond with our stunning 22ct Gold Wedding Band for Ladies, available in all sizes. Order online for free UK delivery.\" \/>\n<meta name=\"robots\" content=\"index, follow, max-snippet:-1, max-image-preview:large, max-video-preview:-1\" \/>\n<link rel=\"canonical\" href=\"https:\/\/www.purejewels.com\/tr\/urun\/bayanlar-icin-22-ayar-altin-alyans-k-beden-42906\/\" \/>\n<meta property=\"og:locale\" content=\"tr_TR\" \/>\n<meta property=\"og:type\" content=\"article\" \/>\n<meta property=\"og:title\" content=\"Real Gold Wedding Band For Women| Size K | PureJewels\" \/>\n<meta property=\"og:description\" content=\"Celebrate your eternal bond with our stunning 22ct Gold Wedding Band for Ladies, available in all sizes. Order online for free UK delivery.\" \/>\n<meta property=\"og:url\" content=\"https:\/\/www.purejewels.com\/tr\/urun\/bayanlar-icin-22-ayar-altin-alyans-k-beden-42906\/\" \/>\n<meta property=\"og:site_name\" content=\"PureJewels UK\" \/>\n<meta property=\"article:modified_time\" content=\"2026-01-07T06:06:04+00:00\" \/>\n<meta property=\"og:image\" content=\"https:\/\/www.purejewels.com\/wp-content\/uploads\/2022\/09\/42912-42939-42898-42906-42938-42941-1.jpg\" \/>\n\t<meta property=\"og:image:width\" content=\"1000\" \/>\n\t<meta property=\"og:image:height\" content=\"1000\" \/>\n\t<meta property=\"og:image:type\" content=\"image\/jpeg\" \/>\n<meta name=\"twitter:card\" content=\"summary_large_image\" \/>\n<meta name=\"twitter:label1\" content=\"Tahmini okuma s\u00fcresi\" \/>\n\t<meta name=\"twitter:data1\" content=\"1 dakika\" \/>\n<script type=\"application\/ld+json\" class=\"yoast-schema-graph\">{\"@context\":\"https:\\\/\\\/schema.org\",\"@graph\":[{\"@type\":[\"WebPage\",\"ItemPage\"],\"@id\":\"https:\\\/\\\/www.purejewels.com\\\/product\\\/22ct-gold-wedding-band-for-ladies-size-k-42906\\\/\",\"url\":\"https:\\\/\\\/www.purejewels.com\\\/product\\\/22ct-gold-wedding-band-for-ladies-size-k-42906\\\/\",\"name\":\"Real Gold Wedding Band For Women| Size K | PureJewels\",\"isPartOf\":{\"@id\":\"https:\\\/\\\/www.purejewels.com\\\/#website\"},\"primaryImageOfPage\":{\"@id\":\"https:\\\/\\\/www.purejewels.com\\\/product\\\/22ct-gold-wedding-band-for-ladies-size-k-42906\\\/#primaryimage\"},\"image\":{\"@id\":\"https:\\\/\\\/www.purejewels.com\\\/product\\\/22ct-gold-wedding-band-for-ladies-size-k-42906\\\/#primaryimage\"},\"thumbnailUrl\":\"https:\\\/\\\/static.purejewels.com\\\/wp-content\\\/uploads\\\/2022\\\/09\\\/42912-42939-42898-42906-42938-42941-1.jpg\",\"datePublished\":\"2022-09-25T05:45:52+00:00\",\"dateModified\":\"2026-01-07T06:06:04+00:00\",\"description\":\"Celebrate your eternal bond with our stunning 22ct Gold Wedding Band for Ladies, available in all sizes. Order online for free UK delivery.\",\"breadcrumb\":{\"@id\":\"https:\\\/\\\/www.purejewels.com\\\/product\\\/22ct-gold-wedding-band-for-ladies-size-k-42906\\\/#breadcrumb\"},\"inLanguage\":\"tr\",\"potentialAction\":[{\"@type\":\"ReadAction\",\"target\":[\"https:\\\/\\\/www.purejewels.com\\\/product\\\/22ct-gold-wedding-band-for-ladies-size-k-42906\\\/\"]}]},{\"@type\":\"ImageObject\",\"inLanguage\":\"tr\",\"@id\":\"https:\\\/\\\/www.purejewels.com\\\/product\\\/22ct-gold-wedding-band-for-ladies-size-k-42906\\\/#primaryimage\",\"url\":\"https:\\\/\\\/static.purejewels.com\\\/wp-content\\\/uploads\\\/2022\\\/09\\\/42912-42939-42898-42906-42938-42941-1.jpg\",\"contentUrl\":\"https:\\\/\\\/static.purejewels.com\\\/wp-content\\\/uploads\\\/2022\\\/09\\\/42912-42939-42898-42906-42938-42941-1.jpg\",\"width\":1000,\"height\":1000,\"caption\":\"22ct Gold Wedding Band For Ladies | Size J\"},{\"@type\":\"BreadcrumbList\",\"@id\":\"https:\\\/\\\/www.purejewels.com\\\/product\\\/22ct-gold-wedding-band-for-ladies-size-k-42906\\\/#breadcrumb\",\"itemListElement\":[{\"@type\":\"ListItem\",\"position\":1,\"name\":\"Home\",\"item\":\"https:\\\/\\\/www.purejewels.com\\\/\"},{\"@type\":\"ListItem\",\"position\":2,\"name\":\"Shop\",\"item\":\"https:\\\/\\\/www.purejewels.com\\\/shop\\\/\"},{\"@type\":\"ListItem\",\"position\":3,\"name\":\"22ct Gold Wedding Band For Ladies | Size K\"}]},{\"@type\":\"WebSite\",\"@id\":\"https:\\\/\\\/www.purejewels.com\\\/#website\",\"url\":\"https:\\\/\\\/www.purejewels.com\\\/\",\"name\":\"PureJewels UK\",\"description\":\"Share the Love\",\"publisher\":{\"@id\":\"https:\\\/\\\/www.purejewels.com\\\/#organization\"},\"potentialAction\":[{\"@type\":\"SearchAction\",\"target\":{\"@type\":\"EntryPoint\",\"urlTemplate\":\"https:\\\/\\\/www.purejewels.com\\\/?s={search_term_string}\"},\"query-input\":{\"@type\":\"PropertyValueSpecification\",\"valueRequired\":true,\"valueName\":\"search_term_string\"}}],\"inLanguage\":\"tr\"},{\"@type\":\"Organization\",\"@id\":\"https:\\\/\\\/www.purejewels.com\\\/#organization\",\"name\":\"PureJewels UK\",\"url\":\"https:\\\/\\\/www.purejewels.com\\\/\",\"logo\":{\"@type\":\"ImageObject\",\"inLanguage\":\"tr\",\"@id\":\"https:\\\/\\\/www.purejewels.com\\\/#\\\/schema\\\/logo\\\/image\\\/\",\"url\":\"https:\\\/\\\/static.purejewels.com\\\/wp-content\\\/uploads\\\/2020\\\/11\\\/Logo-PJ-New-1.png\",\"contentUrl\":\"https:\\\/\\\/static.purejewels.com\\\/wp-content\\\/uploads\\\/2020\\\/11\\\/Logo-PJ-New-1.png\",\"width\":150,\"height\":80,\"caption\":\"PureJewels UK\"},\"image\":{\"@id\":\"https:\\\/\\\/www.purejewels.com\\\/#\\\/schema\\\/logo\\\/image\\\/\"}}]}<\/script>\n<!-- \/ Yoast SEO plugin. -->","yoast_head_json":{"title":"Kad\u0131nlar \u0130\u00e7in Ger\u00e7ek Alt\u0131n Alyans | K Beden | PureJewels","description":"Sonsuz ba\u011f\u0131n\u0131z\u0131, her boyutta mevcut olan Bayanlar i\u00e7in \u00e7arp\u0131c\u0131 22 Ayar Alt\u0131n Alyans\u0131m\u0131zla kutlay\u0131n. \u00dccretsiz \u0130ngiltere teslimat\u0131 i\u00e7in online sipari\u015f verin.","robots":{"index":"index","follow":"follow","max-snippet":"max-snippet:-1","max-image-preview":"max-image-preview:large","max-video-preview":"max-video-preview:-1"},"canonical":"https:\/\/www.purejewels.com\/tr\/urun\/bayanlar-icin-22-ayar-altin-alyans-k-beden-42906\/","og_locale":"tr_TR","og_type":"article","og_title":"Real Gold Wedding Band For Women| Size K | PureJewels","og_description":"Celebrate your eternal bond with our stunning 22ct Gold Wedding Band for Ladies, available in all sizes. Order online for free UK delivery.","og_url":"https:\/\/www.purejewels.com\/tr\/urun\/bayanlar-icin-22-ayar-altin-alyans-k-beden-42906\/","og_site_name":"PureJewels UK","article_modified_time":"2026-01-07T06:06:04+00:00","og_image":[{"width":1000,"height":1000,"url":"https:\/\/www.purejewels.com\/wp-content\/uploads\/2022\/09\/42912-42939-42898-42906-42938-42941-1.jpg","type":"image\/jpeg"}],"twitter_card":"summary_large_image","twitter_misc":{"Tahmini okuma s\u00fcresi":"1 dakika"},"schema":{"@context":"https:\/\/schema.org","@graph":[{"@type":["WebPage","ItemPage"],"@id":"https:\/\/www.purejewels.com\/product\/22ct-gold-wedding-band-for-ladies-size-k-42906\/","url":"https:\/\/www.purejewels.com\/product\/22ct-gold-wedding-band-for-ladies-size-k-42906\/","name":"Kad\u0131nlar \u0130\u00e7in Ger\u00e7ek Alt\u0131n Alyans | K Beden | PureJewels","isPartOf":{"@id":"https:\/\/www.purejewels.com\/#website"},"primaryImageOfPage":{"@id":"https:\/\/www.purejewels.com\/product\/22ct-gold-wedding-band-for-ladies-size-k-42906\/#primaryimage"},"image":{"@id":"https:\/\/www.purejewels.com\/product\/22ct-gold-wedding-band-for-ladies-size-k-42906\/#primaryimage"},"thumbnailUrl":"https:\/\/static.purejewels.com\/wp-content\/uploads\/2022\/09\/42912-42939-42898-42906-42938-42941-1.jpg","datePublished":"2022-09-25T05:45:52+00:00","dateModified":"2026-01-07T06:06:04+00:00","description":"Sonsuz ba\u011f\u0131n\u0131z\u0131, her boyutta mevcut olan Bayanlar i\u00e7in \u00e7arp\u0131c\u0131 22 Ayar Alt\u0131n Alyans\u0131m\u0131zla kutlay\u0131n. \u00dccretsiz \u0130ngiltere teslimat\u0131 i\u00e7in online sipari\u015f verin.","breadcrumb":{"@id":"https:\/\/www.purejewels.com\/product\/22ct-gold-wedding-band-for-ladies-size-k-42906\/#breadcrumb"},"inLanguage":"tr","potentialAction":[{"@type":"ReadAction","target":["https:\/\/www.purejewels.com\/product\/22ct-gold-wedding-band-for-ladies-size-k-42906\/"]}]},{"@type":"ImageObject","inLanguage":"tr","@id":"https:\/\/www.purejewels.com\/product\/22ct-gold-wedding-band-for-ladies-size-k-42906\/#primaryimage","url":"https:\/\/static.purejewels.com\/wp-content\/uploads\/2022\/09\/42912-42939-42898-42906-42938-42941-1.jpg","contentUrl":"https:\/\/static.purejewels.com\/wp-content\/uploads\/2022\/09\/42912-42939-42898-42906-42938-42941-1.jpg","width":1000,"height":1000,"caption":"22ct Gold Wedding Band For Ladies | Size J"},{"@type":"BreadcrumbList","@id":"https:\/\/www.purejewels.com\/product\/22ct-gold-wedding-band-for-ladies-size-k-42906\/#breadcrumb","itemListElement":[{"@type":"ListItem","position":1,"name":"Home","item":"https:\/\/www.purejewels.com\/"},{"@type":"ListItem","position":2,"name":"Shop","item":"https:\/\/www.purejewels.com\/shop\/"},{"@type":"ListItem","position":3,"name":"22ct Gold Wedding Band For Ladies | Size K"}]},{"@type":"WebSite","@id":"https:\/\/www.purejewels.com\/#website","url":"https:\/\/www.purejewels.com\/","name":"PureJewels \u0130ngiltere","description":"Sevgiyi Payla\u015f\u0131n","publisher":{"@id":"https:\/\/www.purejewels.com\/#organization"},"potentialAction":[{"@type":"SearchAction","target":{"@type":"EntryPoint","urlTemplate":"https:\/\/www.purejewels.com\/?s={search_term_string}"},"query-input":{"@type":"PropertyValueSpecification","valueRequired":true,"valueName":"search_term_string"}}],"inLanguage":"tr"},{"@type":"Organization","@id":"https:\/\/www.purejewels.com\/#organization","name":"PureJewels \u0130ngiltere","url":"https:\/\/www.purejewels.com\/","logo":{"@type":"ImageObject","inLanguage":"tr","@id":"https:\/\/www.purejewels.com\/#\/schema\/logo\/image\/","url":"https:\/\/static.purejewels.com\/wp-content\/uploads\/2020\/11\/Logo-PJ-New-1.png","contentUrl":"https:\/\/static.purejewels.com\/wp-content\/uploads\/2020\/11\/Logo-PJ-New-1.png","width":150,"height":80,"caption":"PureJewels UK"},"image":{"@id":"https:\/\/www.purejewels.com\/#\/schema\/logo\/image\/"}}]}},"_links":{"self":[{"href":"https:\/\/www.purejewels.com\/tr\/wp-json\/wp\/v2\/product\/338866","targetHints":{"allow":["GET"]}}],"collection":[{"href":"https:\/\/www.purejewels.com\/tr\/wp-json\/wp\/v2\/product"}],"about":[{"href":"https:\/\/www.purejewels.com\/tr\/wp-json\/wp\/v2\/types\/product"}],"replies":[{"embeddable":true,"href":"https:\/\/www.purejewels.com\/tr\/wp-json\/wp\/v2\/comments?post=338866"}],"version-history":[{"count":2,"href":"https:\/\/www.purejewels.com\/tr\/wp-json\/wp\/v2\/product\/338866\/revisions"}],"predecessor-version":[{"id":362372,"href":"https:\/\/www.purejewels.com\/tr\/wp-json\/wp\/v2\/product\/338866\/revisions\/362372"}],"wp:featuredmedia":[{"embeddable":true,"href":"https:\/\/www.purejewels.com\/tr\/wp-json\/wp\/v2\/media\/338843"}],"wp:attachment":[{"href":"https:\/\/www.purejewels.com\/tr\/wp-json\/wp\/v2\/media?parent=338866"}],"wp:term":[{"taxonomy":"product_brand","embeddable":true,"href":"https:\/\/www.purejewels.com\/tr\/wp-json\/wp\/v2\/product_brand?post=338866"},{"taxonomy":"product_cat","embeddable":true,"href":"https:\/\/www.purejewels.com\/tr\/wp-json\/wp\/v2\/product_cat?post=338866"},{"taxonomy":"product_tag","embeddable":true,"href":"https:\/\/www.purejewels.com\/tr\/wp-json\/wp\/v2\/product_tag?post=338866"}],"curies":[{"name":"wp","href":"https:\/\/api.w.org\/{rel}","templated":true}]}}