{"id":338873,"date":"2022-09-25T18:50:14","date_gmt":"2022-09-25T17:50:14","guid":{"rendered":"https:\/\/www.purejewels.com\/?post_type=product&#038;p=338873"},"modified":"2026-01-06T07:29:58","modified_gmt":"2026-01-06T07:29:58","slug":"22-ayar-altin-khanda-kolye-6098-2","status":"publish","type":"product","link":"https:\/\/www.purejewels.com\/tr\/product\/22ct-gold-khanda-pendant-6098-2\/","title":{"rendered":"22 Ayar Alt\u0131n Khanda Kolye"},"content":{"rendered":"<ul>\n<li><b>Aral\u0131k Kimli\u011fi <\/b>YGNC132<\/li>\n<li>SKU. 45576<\/li>\n<\/ul>\n<p>\u00c7arp\u0131c\u0131 \u00fcr\u00fcn\u00fcm\u00fczle tan\u0131\u015f\u0131n <a href=\"https:\/\/www.purejewels.com\/tr\/product\/22ct-gold-jali-filigree-ring-jali-collection-31926\/\">22ct<\/a> <a href=\"https:\/\/www.purejewels.com\/tr\/product\/22ct-gold-khanda-sikh-religious-pendant\/\">Alt\u0131n Khanda<\/a> Kolye Kolye, hem gelene\u011fi hem de \u00e7a\u011fda\u015f stili somutla\u015ft\u0131rmak i\u00e7in titizlikle haz\u0131rlanm\u0131\u015ft\u0131r. Khanda sembol\u00fc, birlik, e\u015fitlik ve adalet gibi temel Sih de\u011ferlerini temsil eden derin bir k\u00fclt\u00fcrel \u00f6neme sahiptir.<\/p>\n<p>Bu zarif kolyede g\u00fczel detaylara sahip <a href=\"https:\/\/www.purejewels.com\/tr\/product\/18ct-white-gold-khanda-sikh-religious-pendant-6226\/\">Khanda kolye ucu<\/a>Zamans\u0131z bir zarafet ve ruhani bir rezonans yay\u0131yor. Y\u00fcksek kaliteli malzemeden \u00fcretilmi\u015ftir <a href=\"https:\/\/www.purejewels.com\/tr\/product\/holy-cross-gold-pendant-44713\/\">22 ayar alt\u0131n<\/a>Kolye ucu parlakl\u0131\u011f\u0131 ve dayan\u0131kl\u0131l\u0131\u011f\u0131yla gelecek nesiller boyunca de\u011ferli bir par\u00e7a olarak kalmas\u0131n\u0131 sa\u011flar.<\/p>\n<p>G\u00fcnl\u00fck kullan\u0131m i\u00e7in tasarlanan bu kolye, \u00e7ok y\u00f6nl\u00fcl\u00fc\u011f\u00fc k\u00fclt\u00fcrel sembolizmle kusursuz bir \u015fekilde birle\u015ftirir. \u0130ster tek ba\u015f\u0131na ister di\u011fer kolyelerle birlikte tak\u0131ls\u0131n, g\u00fcndelik tak\u0131mlardan resmi k\u0131yafetlere kadar her t\u00fcrl\u00fc k\u0131yafete sofistike bir dokunu\u015f katar.<\/p>\n<p>Kolye ucu zarif bir \u015fekilde narin bir <a href=\"https:\/\/www.purejewels.com\/tr\/product\/22ct-gold-foxtail-chain-43297\/\">alt\u0131n zincir<\/a>G\u00fc\u00e7 ve incelik aras\u0131nda m\u00fckemmel bir denge sunar. Hafif tasar\u0131m\u0131 g\u00fcn boyunca rahatl\u0131k sa\u011flayarak Sih miras\u0131n\u0131n \u00f6z\u00fcn\u00fc kolayl\u0131kla ta\u015f\u0131man\u0131za olanak tan\u0131r.<\/p>\n<p>Stilinizi y\u00fckseltin ve k\u00fclt\u00fcrel kimli\u011finizi kucaklay\u0131n <a href=\"https:\/\/www.purejewels.com\/tr\/product\/gold-khanda-pendant-26114\/\">22 Ayar Alt\u0131n Khanda Kolye<\/a> Kolye, modern modada cesur bir ifade olu\u015ftururken gelene\u011fi kutlayan zamans\u0131z bir par\u00e7a.<\/p>","protected":false},"excerpt":{"rendered":"<ul>\n<li>22 Ayar Alt\u0131n Khanda Kolye<\/li>\n<li>A\u011f\u0131rl\u0131k 2,7 gms<\/li>\n<li>SKU. 45576<\/li>\n<li>Uzunluk: 16 in\u00e7<\/li>\n<li>Londra Tahlil Ofisi Taraf\u0131ndan Damgalanm\u0131\u015f 22 Ayar Alt\u0131n<\/li>\n<li>Sunum Kutusu ile Birlikte Gelir<\/li>\n<li>Teslimat Dahil<\/li>\n<li>T\u00fcm fiyatlara KDV dahildir<\/li>\n<li>Sikh Khanda Pendant koleksiyonunun tamam\u0131n\u0131 g\u00f6rmek i\u00e7in canl\u0131 sohbet veya whats app bize ula\u015f\u0131n.<\/li>\n<\/ul>","protected":false},"featured_media":351254,"comment_status":"closed","ping_status":"closed","template":"","meta":{"_eb_attr":"","_crsspst_to_jayantr4sg-hostcom":true},"product_brand":[],"product_cat":[1255,5344,5604,1701,5349],"product_tag":[],"class_list":{"0":"post-338873","1":"product","2":"type-product","3":"status-publish","4":"has-post-thumbnail","6":"product_cat-gold-pendants","7":"product_cat-jewellery-under-750","8":"product_cat-khanda-pendants","9":"product_cat-religious-pendants","10":"product_cat-yellow-gold-jewellery","12":"first","13":"outofstock","14":"taxable","15":"shipping-taxable","16":"product-type-simple","17":"add-to-wishlist-before_image"},"yoast_head":"<!-- This site is optimized with the Yoast SEO plugin v27.6 - https:\/\/yoast.com\/product\/yoast-seo-wordpress\/ -->\n<title>Khanda Pendant in Real Gold Necklace | PureJewels Uk<\/title>\n<meta name=\"description\" content=\"22ct Gold Khanda Pendant Necklace, suitable for everyday wear. Explore the essence of Sikh heritage and spirituality in exquisite craftsmanship.\" \/>\n<meta name=\"robots\" content=\"index, follow, max-snippet:-1, max-image-preview:large, max-video-preview:-1\" \/>\n<link rel=\"canonical\" href=\"https:\/\/www.purejewels.com\/tr\/urun\/22-ayar-altin-khanda-kolye-6098-2\/\" \/>\n<meta property=\"og:locale\" content=\"tr_TR\" \/>\n<meta property=\"og:type\" content=\"article\" \/>\n<meta property=\"og:title\" content=\"Khanda Pendant in Real Gold Necklace | PureJewels Uk\" \/>\n<meta property=\"og:description\" content=\"22ct Gold Khanda Pendant Necklace, suitable for everyday wear. Explore the essence of Sikh heritage and spirituality in exquisite craftsmanship.\" \/>\n<meta property=\"og:url\" content=\"https:\/\/www.purejewels.com\/tr\/urun\/22-ayar-altin-khanda-kolye-6098-2\/\" \/>\n<meta property=\"og:site_name\" content=\"PureJewels UK\" \/>\n<meta property=\"article:modified_time\" content=\"2026-01-06T07:29:58+00:00\" \/>\n<meta property=\"og:image\" content=\"https:\/\/www.purejewels.com\/wp-content\/uploads\/2022\/09\/SKU-45576.png\" \/>\n\t<meta property=\"og:image:width\" content=\"1000\" \/>\n\t<meta property=\"og:image:height\" content=\"1000\" \/>\n\t<meta property=\"og:image:type\" content=\"image\/png\" \/>\n<meta name=\"twitter:card\" content=\"summary_large_image\" \/>\n<meta name=\"twitter:label1\" content=\"Tahmini okuma s\u00fcresi\" \/>\n\t<meta name=\"twitter:data1\" content=\"1 dakika\" \/>\n<script type=\"application\/ld+json\" class=\"yoast-schema-graph\">{\"@context\":\"https:\\\/\\\/schema.org\",\"@graph\":[{\"@type\":[\"WebPage\",\"ItemPage\"],\"@id\":\"https:\\\/\\\/www.purejewels.com\\\/product\\\/22ct-gold-khanda-pendant-6098-2\\\/\",\"url\":\"https:\\\/\\\/www.purejewels.com\\\/product\\\/22ct-gold-khanda-pendant-6098-2\\\/\",\"name\":\"Khanda Pendant in Real Gold Necklace | PureJewels Uk\",\"isPartOf\":{\"@id\":\"https:\\\/\\\/www.purejewels.com\\\/#website\"},\"primaryImageOfPage\":{\"@id\":\"https:\\\/\\\/www.purejewels.com\\\/product\\\/22ct-gold-khanda-pendant-6098-2\\\/#primaryimage\"},\"image\":{\"@id\":\"https:\\\/\\\/www.purejewels.com\\\/product\\\/22ct-gold-khanda-pendant-6098-2\\\/#primaryimage\"},\"thumbnailUrl\":\"https:\\\/\\\/static.purejewels.com\\\/wp-content\\\/uploads\\\/2022\\\/09\\\/SKU-45576.png\",\"datePublished\":\"2022-09-25T17:50:14+00:00\",\"dateModified\":\"2026-01-06T07:29:58+00:00\",\"description\":\"22ct Gold Khanda Pendant Necklace, suitable for everyday wear. Explore the essence of Sikh heritage and spirituality in exquisite craftsmanship.\",\"breadcrumb\":{\"@id\":\"https:\\\/\\\/www.purejewels.com\\\/product\\\/22ct-gold-khanda-pendant-6098-2\\\/#breadcrumb\"},\"inLanguage\":\"tr\",\"potentialAction\":[{\"@type\":\"ReadAction\",\"target\":[\"https:\\\/\\\/www.purejewels.com\\\/product\\\/22ct-gold-khanda-pendant-6098-2\\\/\"]}]},{\"@type\":\"ImageObject\",\"inLanguage\":\"tr\",\"@id\":\"https:\\\/\\\/www.purejewels.com\\\/product\\\/22ct-gold-khanda-pendant-6098-2\\\/#primaryimage\",\"url\":\"https:\\\/\\\/static.purejewels.com\\\/wp-content\\\/uploads\\\/2022\\\/09\\\/SKU-45576.png\",\"contentUrl\":\"https:\\\/\\\/static.purejewels.com\\\/wp-content\\\/uploads\\\/2022\\\/09\\\/SKU-45576.png\",\"width\":1000,\"height\":1000,\"caption\":\"22ct Gold Khanda Pendant Necklace\"},{\"@type\":\"BreadcrumbList\",\"@id\":\"https:\\\/\\\/www.purejewels.com\\\/product\\\/22ct-gold-khanda-pendant-6098-2\\\/#breadcrumb\",\"itemListElement\":[{\"@type\":\"ListItem\",\"position\":1,\"name\":\"Home\",\"item\":\"https:\\\/\\\/www.purejewels.com\\\/\"},{\"@type\":\"ListItem\",\"position\":2,\"name\":\"Shop\",\"item\":\"https:\\\/\\\/www.purejewels.com\\\/shop\\\/\"},{\"@type\":\"ListItem\",\"position\":3,\"name\":\"22ct Gold Khanda Pendant Necklace\"}]},{\"@type\":\"WebSite\",\"@id\":\"https:\\\/\\\/www.purejewels.com\\\/#website\",\"url\":\"https:\\\/\\\/www.purejewels.com\\\/\",\"name\":\"PureJewels UK\",\"description\":\"Share the Love\",\"publisher\":{\"@id\":\"https:\\\/\\\/www.purejewels.com\\\/#organization\"},\"potentialAction\":[{\"@type\":\"SearchAction\",\"target\":{\"@type\":\"EntryPoint\",\"urlTemplate\":\"https:\\\/\\\/www.purejewels.com\\\/?s={search_term_string}\"},\"query-input\":{\"@type\":\"PropertyValueSpecification\",\"valueRequired\":true,\"valueName\":\"search_term_string\"}}],\"inLanguage\":\"tr\"},{\"@type\":\"Organization\",\"@id\":\"https:\\\/\\\/www.purejewels.com\\\/#organization\",\"name\":\"PureJewels UK\",\"url\":\"https:\\\/\\\/www.purejewels.com\\\/\",\"logo\":{\"@type\":\"ImageObject\",\"inLanguage\":\"tr\",\"@id\":\"https:\\\/\\\/www.purejewels.com\\\/#\\\/schema\\\/logo\\\/image\\\/\",\"url\":\"https:\\\/\\\/static.purejewels.com\\\/wp-content\\\/uploads\\\/2020\\\/11\\\/Logo-PJ-New-1.png\",\"contentUrl\":\"https:\\\/\\\/static.purejewels.com\\\/wp-content\\\/uploads\\\/2020\\\/11\\\/Logo-PJ-New-1.png\",\"width\":150,\"height\":80,\"caption\":\"PureJewels UK\"},\"image\":{\"@id\":\"https:\\\/\\\/www.purejewels.com\\\/#\\\/schema\\\/logo\\\/image\\\/\"}}]}<\/script>\n<!-- \/ Yoast SEO plugin. -->","yoast_head_json":{"title":"Ger\u00e7ek Alt\u0131n Kolyede Khanda Kolye | PureJewels Uk","description":"22 ayar alt\u0131n Khanda kolye ucu, g\u00fcnl\u00fck kullan\u0131m i\u00e7in uygundur. Sih miras\u0131n\u0131n ve ruhanili\u011finin \u00f6z\u00fcn\u00fc zarif i\u015f\u00e7ilikle ke\u015ffedin.","robots":{"index":"index","follow":"follow","max-snippet":"max-snippet:-1","max-image-preview":"max-image-preview:large","max-video-preview":"max-video-preview:-1"},"canonical":"https:\/\/www.purejewels.com\/tr\/urun\/22-ayar-altin-khanda-kolye-6098-2\/","og_locale":"tr_TR","og_type":"article","og_title":"Khanda Pendant in Real Gold Necklace | PureJewels Uk","og_description":"22ct Gold Khanda Pendant Necklace, suitable for everyday wear. Explore the essence of Sikh heritage and spirituality in exquisite craftsmanship.","og_url":"https:\/\/www.purejewels.com\/tr\/urun\/22-ayar-altin-khanda-kolye-6098-2\/","og_site_name":"PureJewels UK","article_modified_time":"2026-01-06T07:29:58+00:00","og_image":[{"width":1000,"height":1000,"url":"https:\/\/www.purejewels.com\/wp-content\/uploads\/2022\/09\/SKU-45576.png","type":"image\/png"}],"twitter_card":"summary_large_image","twitter_misc":{"Tahmini okuma s\u00fcresi":"1 dakika"},"schema":{"@context":"https:\/\/schema.org","@graph":[{"@type":["WebPage","ItemPage"],"@id":"https:\/\/www.purejewels.com\/product\/22ct-gold-khanda-pendant-6098-2\/","url":"https:\/\/www.purejewels.com\/product\/22ct-gold-khanda-pendant-6098-2\/","name":"Ger\u00e7ek Alt\u0131n Kolyede Khanda Kolye | PureJewels Uk","isPartOf":{"@id":"https:\/\/www.purejewels.com\/#website"},"primaryImageOfPage":{"@id":"https:\/\/www.purejewels.com\/product\/22ct-gold-khanda-pendant-6098-2\/#primaryimage"},"image":{"@id":"https:\/\/www.purejewels.com\/product\/22ct-gold-khanda-pendant-6098-2\/#primaryimage"},"thumbnailUrl":"https:\/\/static.purejewels.com\/wp-content\/uploads\/2022\/09\/SKU-45576.png","datePublished":"2022-09-25T17:50:14+00:00","dateModified":"2026-01-06T07:29:58+00:00","description":"22 ayar alt\u0131n Khanda kolye ucu, g\u00fcnl\u00fck kullan\u0131m i\u00e7in uygundur. Sih miras\u0131n\u0131n ve ruhanili\u011finin \u00f6z\u00fcn\u00fc zarif i\u015f\u00e7ilikle ke\u015ffedin.","breadcrumb":{"@id":"https:\/\/www.purejewels.com\/product\/22ct-gold-khanda-pendant-6098-2\/#breadcrumb"},"inLanguage":"tr","potentialAction":[{"@type":"ReadAction","target":["https:\/\/www.purejewels.com\/product\/22ct-gold-khanda-pendant-6098-2\/"]}]},{"@type":"ImageObject","inLanguage":"tr","@id":"https:\/\/www.purejewels.com\/product\/22ct-gold-khanda-pendant-6098-2\/#primaryimage","url":"https:\/\/static.purejewels.com\/wp-content\/uploads\/2022\/09\/SKU-45576.png","contentUrl":"https:\/\/static.purejewels.com\/wp-content\/uploads\/2022\/09\/SKU-45576.png","width":1000,"height":1000,"caption":"22ct Gold Khanda Pendant Necklace"},{"@type":"BreadcrumbList","@id":"https:\/\/www.purejewels.com\/product\/22ct-gold-khanda-pendant-6098-2\/#breadcrumb","itemListElement":[{"@type":"ListItem","position":1,"name":"Home","item":"https:\/\/www.purejewels.com\/"},{"@type":"ListItem","position":2,"name":"Shop","item":"https:\/\/www.purejewels.com\/shop\/"},{"@type":"ListItem","position":3,"name":"22ct Gold Khanda Pendant Necklace"}]},{"@type":"WebSite","@id":"https:\/\/www.purejewels.com\/#website","url":"https:\/\/www.purejewels.com\/","name":"PureJewels \u0130ngiltere","description":"Sevgiyi Payla\u015f\u0131n","publisher":{"@id":"https:\/\/www.purejewels.com\/#organization"},"potentialAction":[{"@type":"SearchAction","target":{"@type":"EntryPoint","urlTemplate":"https:\/\/www.purejewels.com\/?s={search_term_string}"},"query-input":{"@type":"PropertyValueSpecification","valueRequired":true,"valueName":"search_term_string"}}],"inLanguage":"tr"},{"@type":"Organization","@id":"https:\/\/www.purejewels.com\/#organization","name":"PureJewels \u0130ngiltere","url":"https:\/\/www.purejewels.com\/","logo":{"@type":"ImageObject","inLanguage":"tr","@id":"https:\/\/www.purejewels.com\/#\/schema\/logo\/image\/","url":"https:\/\/static.purejewels.com\/wp-content\/uploads\/2020\/11\/Logo-PJ-New-1.png","contentUrl":"https:\/\/static.purejewels.com\/wp-content\/uploads\/2020\/11\/Logo-PJ-New-1.png","width":150,"height":80,"caption":"PureJewels UK"},"image":{"@id":"https:\/\/www.purejewels.com\/#\/schema\/logo\/image\/"}}]}},"_links":{"self":[{"href":"https:\/\/www.purejewels.com\/tr\/wp-json\/wp\/v2\/product\/338873","targetHints":{"allow":["GET"]}}],"collection":[{"href":"https:\/\/www.purejewels.com\/tr\/wp-json\/wp\/v2\/product"}],"about":[{"href":"https:\/\/www.purejewels.com\/tr\/wp-json\/wp\/v2\/types\/product"}],"replies":[{"embeddable":true,"href":"https:\/\/www.purejewels.com\/tr\/wp-json\/wp\/v2\/comments?post=338873"}],"version-history":[{"count":4,"href":"https:\/\/www.purejewels.com\/tr\/wp-json\/wp\/v2\/product\/338873\/revisions"}],"predecessor-version":[{"id":363276,"href":"https:\/\/www.purejewels.com\/tr\/wp-json\/wp\/v2\/product\/338873\/revisions\/363276"}],"wp:featuredmedia":[{"embeddable":true,"href":"https:\/\/www.purejewels.com\/tr\/wp-json\/wp\/v2\/media\/351254"}],"wp:attachment":[{"href":"https:\/\/www.purejewels.com\/tr\/wp-json\/wp\/v2\/media?parent=338873"}],"wp:term":[{"taxonomy":"product_brand","embeddable":true,"href":"https:\/\/www.purejewels.com\/tr\/wp-json\/wp\/v2\/product_brand?post=338873"},{"taxonomy":"product_cat","embeddable":true,"href":"https:\/\/www.purejewels.com\/tr\/wp-json\/wp\/v2\/product_cat?post=338873"},{"taxonomy":"product_tag","embeddable":true,"href":"https:\/\/www.purejewels.com\/tr\/wp-json\/wp\/v2\/product_tag?post=338873"}],"curies":[{"name":"wp","href":"https:\/\/api.w.org\/{rel}","templated":true}]}}