{"id":338881,"date":"2023-12-01T12:02:35","date_gmt":"2023-12-01T12:02:35","guid":{"rendered":"https:\/\/www.purejewels.com\/?post_type=product&#038;p=338881"},"modified":"2026-01-06T08:09:10","modified_gmt":"2026-01-06T08:09:10","slug":"22-ayar-gercek-altin-ayakkabi-kolyesi-43097","status":"publish","type":"product","link":"https:\/\/www.purejewels.com\/tr\/product\/22ct-real-gold-shoe-pendant-43097\/","title":{"rendered":"22ct Futbol Ayakkab\u0131s\u0131 ve Topu Kolye"},"content":{"rendered":"<p>Spora olan sevginizi sergilemek i\u00e7in m\u00fckemmel bir aksesuar arayan bir futbol tutkunu musunuz? 22ct Futbol Ayakkab\u0131s\u0131 ve Topu Kolyemizden ba\u015fkas\u0131na bakmay\u0131n. Y\u00fcksek kaliteli 22 ayar sar\u0131 alt\u0131ndan \u00fcretilen bu kolye ucu, futbol tutkunuzu temsil etmenin \u015f\u0131k ve zarif bir yoludur.<\/p>\n<p>Bu karma\u015f\u0131k tasar\u0131ml\u0131 kolye ucunda bir futbol ayakkab\u0131s\u0131 ve top bulunmaktad\u0131r, bu da onu t\u00fcm futbol severler i\u00e7in ideal bir hediye haline getirmektedir. Kolye ucu 1,1 gram a\u011f\u0131rl\u0131\u011f\u0131ndad\u0131r ve bir zincir i\u00e7ermez, bu da size en sevdi\u011finiz zincirle e\u015fle\u015ftirme esnekli\u011fi sa\u011flar.<\/p>\n<p>T\u00fcm \u00fcr\u00fcnlerimiz Londra Tahlil Ofisi taraf\u0131ndan damgalanm\u0131\u015ft\u0131r ve m\u00fccevherlerimizin kalitesini ve orijinalli\u011fini garanti eder. Her kolye bir sunum kutusuyla birlikte gelir ve \u00fccretsiz teslimat i\u00e7erir.<\/p>\n<p>G\u00fcnl\u00fck kullan\u0131m veya \u00f6zel g\u00fcnler i\u00e7in m\u00fckemmel olan bu e\u015fsiz m\u00fccevher par\u00e7as\u0131n\u0131 ka\u00e7\u0131rmay\u0131n. Futbol Ayakkab\u0131s\u0131 ve Topu Kolyenizi bug\u00fcn sipari\u015f edin ve futbola olan sevginizi \u015f\u0131k bir \u015fekilde g\u00f6sterin.<\/p>","protected":false},"excerpt":{"rendered":"<div class=\"woocommerce-product-details__short-description\">\n<ul>\n<li>22 Ayar Alt\u0131n Kolye<\/li>\n<li>Alt\u0131n Kolye \u0130ngiltere<\/li>\n<li>A\u011f\u0131rl\u0131k 1,1 gm<\/li>\n<li>SKU. 43097<\/li>\n<li>Zincir dahil de\u011fildir.<\/li>\n<li>Resimde g\u00f6sterilen Zincir bir <strong>Kutu Zincir<\/strong><\/li>\n<li>T\u00fcm \u00dcr\u00fcnlerimiz Londra Tahlil Ofisi Taraf\u0131ndan Damgalanm\u0131\u015ft\u0131r<\/li>\n<li>Sunum Kutusu ile Birlikte Gelir<\/li>\n<li>Teslimat Dahil<\/li>\n<li>T\u00fcm fiyatlara KDV dahildir<\/li>\n<li>Koleksiyonumuzu G\u00f6r\u00fcnt\u00fcleyin\u00a0<strong>erkek kolye u\u00e7lar\u0131<\/strong><\/li>\n<li>M\u00fccevherlerin videosunu g\u00f6rmek i\u00e7in bizimle ileti\u015fime ge\u00e7in \/ bizimle canl\u0131 sohbet edin<\/li>\n<\/ul>\n<\/div>\n<p>&nbsp;<\/p>","protected":false},"featured_media":338882,"comment_status":"closed","ping_status":"closed","template":"","meta":{"_eb_attr":"","_crsspst_to_jayantr4sg-hostcom":false},"product_brand":[],"product_cat":[1791,1559,1794,1770,1229,1255,5343,1767,1768,5338,1574,5349],"product_tag":[1430],"class_list":{"0":"post-338881","1":"product","2":"type-product","3":"status-publish","4":"has-post-thumbnail","6":"product_cat-anniversary-gifts","7":"product_cat-birthday-gifts","8":"product_cat-christmas-gifts","9":"product_cat-fancy-pendants","10":"product_cat-22ct-gold-jewellery","11":"product_cat-gold-pendants","12":"product_cat-jewellery-under-550","13":"product_cat-ladies-pendants","14":"product_cat-mens-pendants","15":"product_cat-shop-by-price","16":"product_cat-womens-jewellery","17":"product_cat-yellow-gold-jewellery","18":"product_tag-diwali-gift","20":"first","21":"outofstock","22":"sale","23":"taxable","24":"shipping-taxable","25":"product-type-simple","26":"add-to-wishlist-before_image"},"yoast_head":"<!-- This site is optimized with the Yoast SEO plugin v27.3 - https:\/\/yoast.com\/product\/yoast-seo-wordpress\/ -->\n<title>Buy Football Shoe and Ball Pendant in 22ct yellow gold<\/title>\n<meta name=\"description\" content=\"Shop from our latest collection of 22ct real gold football shoe and ball unixex pendants. Shop online for fast and free UK delivery.\" \/>\n<meta name=\"robots\" content=\"index, follow, max-snippet:-1, max-image-preview:large, max-video-preview:-1\" \/>\n<link rel=\"canonical\" href=\"https:\/\/www.purejewels.com\/tr\/urun\/22-ayar-gercek-altin-ayakkabi-kolyesi-43097\/\" \/>\n<meta property=\"og:locale\" content=\"tr_TR\" \/>\n<meta property=\"og:type\" content=\"article\" \/>\n<meta property=\"og:title\" content=\"Buy Football Shoe and Ball Pendant in 22ct yellow gold\" \/>\n<meta property=\"og:description\" content=\"Shop from our latest collection of 22ct real gold football shoe and ball unixex pendants. Shop online for fast and free UK delivery.\" \/>\n<meta property=\"og:url\" content=\"https:\/\/www.purejewels.com\/tr\/urun\/22-ayar-gercek-altin-ayakkabi-kolyesi-43097\/\" \/>\n<meta property=\"og:site_name\" content=\"PureJewels UK\" \/>\n<meta property=\"article:modified_time\" content=\"2026-01-06T08:09:10+00:00\" \/>\n<meta property=\"og:image\" content=\"https:\/\/www.purejewels.com\/wp-content\/uploads\/2022\/09\/1635934638_34328-33034-2.jpg\" \/>\n\t<meta property=\"og:image:width\" content=\"1000\" \/>\n\t<meta property=\"og:image:height\" content=\"1000\" \/>\n\t<meta property=\"og:image:type\" content=\"image\/jpeg\" \/>\n<meta name=\"twitter:card\" content=\"summary_large_image\" \/>\n<meta name=\"twitter:label1\" content=\"Tahmini okuma s\u00fcresi\" \/>\n\t<meta name=\"twitter:data1\" content=\"1 dakika\" \/>\n<script type=\"application\/ld+json\" class=\"yoast-schema-graph\">{\"@context\":\"https:\\\/\\\/schema.org\",\"@graph\":[{\"@type\":[\"WebPage\",\"ItemPage\"],\"@id\":\"https:\\\/\\\/www.purejewels.com\\\/product\\\/22ct-real-gold-shoe-pendant-43097\\\/\",\"url\":\"https:\\\/\\\/www.purejewels.com\\\/product\\\/22ct-real-gold-shoe-pendant-43097\\\/\",\"name\":\"Buy Football Shoe and Ball Pendant in 22ct yellow gold\",\"isPartOf\":{\"@id\":\"https:\\\/\\\/www.purejewels.com\\\/#website\"},\"primaryImageOfPage\":{\"@id\":\"https:\\\/\\\/www.purejewels.com\\\/product\\\/22ct-real-gold-shoe-pendant-43097\\\/#primaryimage\"},\"image\":{\"@id\":\"https:\\\/\\\/www.purejewels.com\\\/product\\\/22ct-real-gold-shoe-pendant-43097\\\/#primaryimage\"},\"thumbnailUrl\":\"https:\\\/\\\/static.purejewels.com\\\/wp-content\\\/uploads\\\/2022\\\/09\\\/1635934638_34328-33034-2.jpg\",\"datePublished\":\"2023-12-01T12:02:35+00:00\",\"dateModified\":\"2026-01-06T08:09:10+00:00\",\"description\":\"Shop from our latest collection of 22ct real gold football shoe and ball unixex pendants. Shop online for fast and free UK delivery.\",\"breadcrumb\":{\"@id\":\"https:\\\/\\\/www.purejewels.com\\\/product\\\/22ct-real-gold-shoe-pendant-43097\\\/#breadcrumb\"},\"inLanguage\":\"tr\",\"potentialAction\":[{\"@type\":\"ReadAction\",\"target\":[\"https:\\\/\\\/www.purejewels.com\\\/product\\\/22ct-real-gold-shoe-pendant-43097\\\/\"]}]},{\"@type\":\"ImageObject\",\"inLanguage\":\"tr\",\"@id\":\"https:\\\/\\\/www.purejewels.com\\\/product\\\/22ct-real-gold-shoe-pendant-43097\\\/#primaryimage\",\"url\":\"https:\\\/\\\/static.purejewels.com\\\/wp-content\\\/uploads\\\/2022\\\/09\\\/1635934638_34328-33034-2.jpg\",\"contentUrl\":\"https:\\\/\\\/static.purejewels.com\\\/wp-content\\\/uploads\\\/2022\\\/09\\\/1635934638_34328-33034-2.jpg\",\"width\":1000,\"height\":1000,\"caption\":\"22ct Real Gold Shoe Pendant\"},{\"@type\":\"BreadcrumbList\",\"@id\":\"https:\\\/\\\/www.purejewels.com\\\/product\\\/22ct-real-gold-shoe-pendant-43097\\\/#breadcrumb\",\"itemListElement\":[{\"@type\":\"ListItem\",\"position\":1,\"name\":\"Home\",\"item\":\"https:\\\/\\\/www.purejewels.com\\\/\"},{\"@type\":\"ListItem\",\"position\":2,\"name\":\"Shop\",\"item\":\"https:\\\/\\\/www.purejewels.com\\\/shop\\\/\"},{\"@type\":\"ListItem\",\"position\":3,\"name\":\"22ct Football Shoe and Ball Pendant\"}]},{\"@type\":\"WebSite\",\"@id\":\"https:\\\/\\\/www.purejewels.com\\\/#website\",\"url\":\"https:\\\/\\\/www.purejewels.com\\\/\",\"name\":\"PureJewels UK\",\"description\":\"Share the Love\",\"publisher\":{\"@id\":\"https:\\\/\\\/www.purejewels.com\\\/#organization\"},\"potentialAction\":[{\"@type\":\"SearchAction\",\"target\":{\"@type\":\"EntryPoint\",\"urlTemplate\":\"https:\\\/\\\/www.purejewels.com\\\/?s={search_term_string}\"},\"query-input\":{\"@type\":\"PropertyValueSpecification\",\"valueRequired\":true,\"valueName\":\"search_term_string\"}}],\"inLanguage\":\"tr\"},{\"@type\":\"Organization\",\"@id\":\"https:\\\/\\\/www.purejewels.com\\\/#organization\",\"name\":\"PureJewels UK\",\"url\":\"https:\\\/\\\/www.purejewels.com\\\/\",\"logo\":{\"@type\":\"ImageObject\",\"inLanguage\":\"tr\",\"@id\":\"https:\\\/\\\/www.purejewels.com\\\/#\\\/schema\\\/logo\\\/image\\\/\",\"url\":\"https:\\\/\\\/static.purejewels.com\\\/wp-content\\\/uploads\\\/2020\\\/11\\\/Logo-PJ-New-1.png\",\"contentUrl\":\"https:\\\/\\\/static.purejewels.com\\\/wp-content\\\/uploads\\\/2020\\\/11\\\/Logo-PJ-New-1.png\",\"width\":150,\"height\":80,\"caption\":\"PureJewels UK\"},\"image\":{\"@id\":\"https:\\\/\\\/www.purejewels.com\\\/#\\\/schema\\\/logo\\\/image\\\/\"}}]}<\/script>\n<!-- \/ Yoast SEO plugin. -->","yoast_head_json":{"title":"22ct sar\u0131 alt\u0131ndan Futbol Ayakkab\u0131s\u0131 ve Topu Kolyesi sat\u0131n al\u0131n","description":"En yeni 22 ayar ger\u00e7ek alt\u0131n futbol ayakkab\u0131s\u0131 ve topu unixex kolye koleksiyonumuzdan al\u0131\u015fveri\u015f yap\u0131n. H\u0131zl\u0131 ve \u00fccretsiz \u0130ngiltere teslimat\u0131 i\u00e7in online al\u0131\u015fveri\u015f yap\u0131n.","robots":{"index":"index","follow":"follow","max-snippet":"max-snippet:-1","max-image-preview":"max-image-preview:large","max-video-preview":"max-video-preview:-1"},"canonical":"https:\/\/www.purejewels.com\/tr\/urun\/22-ayar-gercek-altin-ayakkabi-kolyesi-43097\/","og_locale":"tr_TR","og_type":"article","og_title":"Buy Football Shoe and Ball Pendant in 22ct yellow gold","og_description":"Shop from our latest collection of 22ct real gold football shoe and ball unixex pendants. Shop online for fast and free UK delivery.","og_url":"https:\/\/www.purejewels.com\/tr\/urun\/22-ayar-gercek-altin-ayakkabi-kolyesi-43097\/","og_site_name":"PureJewels UK","article_modified_time":"2026-01-06T08:09:10+00:00","og_image":[{"width":1000,"height":1000,"url":"https:\/\/www.purejewels.com\/wp-content\/uploads\/2022\/09\/1635934638_34328-33034-2.jpg","type":"image\/jpeg"}],"twitter_card":"summary_large_image","twitter_misc":{"Tahmini okuma s\u00fcresi":"1 dakika"},"schema":{"@context":"https:\/\/schema.org","@graph":[{"@type":["WebPage","ItemPage"],"@id":"https:\/\/www.purejewels.com\/product\/22ct-real-gold-shoe-pendant-43097\/","url":"https:\/\/www.purejewels.com\/product\/22ct-real-gold-shoe-pendant-43097\/","name":"22ct sar\u0131 alt\u0131ndan Futbol Ayakkab\u0131s\u0131 ve Topu Kolyesi sat\u0131n al\u0131n","isPartOf":{"@id":"https:\/\/www.purejewels.com\/#website"},"primaryImageOfPage":{"@id":"https:\/\/www.purejewels.com\/product\/22ct-real-gold-shoe-pendant-43097\/#primaryimage"},"image":{"@id":"https:\/\/www.purejewels.com\/product\/22ct-real-gold-shoe-pendant-43097\/#primaryimage"},"thumbnailUrl":"https:\/\/static.purejewels.com\/wp-content\/uploads\/2022\/09\/1635934638_34328-33034-2.jpg","datePublished":"2023-12-01T12:02:35+00:00","dateModified":"2026-01-06T08:09:10+00:00","description":"En yeni 22 ayar ger\u00e7ek alt\u0131n futbol ayakkab\u0131s\u0131 ve topu unixex kolye koleksiyonumuzdan al\u0131\u015fveri\u015f yap\u0131n. H\u0131zl\u0131 ve \u00fccretsiz \u0130ngiltere teslimat\u0131 i\u00e7in online al\u0131\u015fveri\u015f yap\u0131n.","breadcrumb":{"@id":"https:\/\/www.purejewels.com\/product\/22ct-real-gold-shoe-pendant-43097\/#breadcrumb"},"inLanguage":"tr","potentialAction":[{"@type":"ReadAction","target":["https:\/\/www.purejewels.com\/product\/22ct-real-gold-shoe-pendant-43097\/"]}]},{"@type":"ImageObject","inLanguage":"tr","@id":"https:\/\/www.purejewels.com\/product\/22ct-real-gold-shoe-pendant-43097\/#primaryimage","url":"https:\/\/static.purejewels.com\/wp-content\/uploads\/2022\/09\/1635934638_34328-33034-2.jpg","contentUrl":"https:\/\/static.purejewels.com\/wp-content\/uploads\/2022\/09\/1635934638_34328-33034-2.jpg","width":1000,"height":1000,"caption":"22ct Real Gold Shoe Pendant"},{"@type":"BreadcrumbList","@id":"https:\/\/www.purejewels.com\/product\/22ct-real-gold-shoe-pendant-43097\/#breadcrumb","itemListElement":[{"@type":"ListItem","position":1,"name":"Home","item":"https:\/\/www.purejewels.com\/"},{"@type":"ListItem","position":2,"name":"Shop","item":"https:\/\/www.purejewels.com\/shop\/"},{"@type":"ListItem","position":3,"name":"22ct Football Shoe and Ball Pendant"}]},{"@type":"WebSite","@id":"https:\/\/www.purejewels.com\/#website","url":"https:\/\/www.purejewels.com\/","name":"PureJewels \u0130ngiltere","description":"Sevgiyi Payla\u015f\u0131n","publisher":{"@id":"https:\/\/www.purejewels.com\/#organization"},"potentialAction":[{"@type":"SearchAction","target":{"@type":"EntryPoint","urlTemplate":"https:\/\/www.purejewels.com\/?s={search_term_string}"},"query-input":{"@type":"PropertyValueSpecification","valueRequired":true,"valueName":"search_term_string"}}],"inLanguage":"tr"},{"@type":"Organization","@id":"https:\/\/www.purejewels.com\/#organization","name":"PureJewels \u0130ngiltere","url":"https:\/\/www.purejewels.com\/","logo":{"@type":"ImageObject","inLanguage":"tr","@id":"https:\/\/www.purejewels.com\/#\/schema\/logo\/image\/","url":"https:\/\/static.purejewels.com\/wp-content\/uploads\/2020\/11\/Logo-PJ-New-1.png","contentUrl":"https:\/\/static.purejewels.com\/wp-content\/uploads\/2020\/11\/Logo-PJ-New-1.png","width":150,"height":80,"caption":"PureJewels UK"},"image":{"@id":"https:\/\/www.purejewels.com\/#\/schema\/logo\/image\/"}}]}},"_links":{"self":[{"href":"https:\/\/www.purejewels.com\/tr\/wp-json\/wp\/v2\/product\/338881","targetHints":{"allow":["GET"]}}],"collection":[{"href":"https:\/\/www.purejewels.com\/tr\/wp-json\/wp\/v2\/product"}],"about":[{"href":"https:\/\/www.purejewels.com\/tr\/wp-json\/wp\/v2\/types\/product"}],"replies":[{"embeddable":true,"href":"https:\/\/www.purejewels.com\/tr\/wp-json\/wp\/v2\/comments?post=338881"}],"version-history":[{"count":2,"href":"https:\/\/www.purejewels.com\/tr\/wp-json\/wp\/v2\/product\/338881\/revisions"}],"predecessor-version":[{"id":420508,"href":"https:\/\/www.purejewels.com\/tr\/wp-json\/wp\/v2\/product\/338881\/revisions\/420508"}],"wp:featuredmedia":[{"embeddable":true,"href":"https:\/\/www.purejewels.com\/tr\/wp-json\/wp\/v2\/media\/338882"}],"wp:attachment":[{"href":"https:\/\/www.purejewels.com\/tr\/wp-json\/wp\/v2\/media?parent=338881"}],"wp:term":[{"taxonomy":"product_brand","embeddable":true,"href":"https:\/\/www.purejewels.com\/tr\/wp-json\/wp\/v2\/product_brand?post=338881"},{"taxonomy":"product_cat","embeddable":true,"href":"https:\/\/www.purejewels.com\/tr\/wp-json\/wp\/v2\/product_cat?post=338881"},{"taxonomy":"product_tag","embeddable":true,"href":"https:\/\/www.purejewels.com\/tr\/wp-json\/wp\/v2\/product_tag?post=338881"}],"curies":[{"name":"wp","href":"https:\/\/api.w.org\/{rel}","templated":true}]}}