{"id":338886,"date":"2021-09-27T12:37:34","date_gmt":"2021-09-27T11:37:34","guid":{"rendered":"https:\/\/www.purejewels.com\/?post_type=product&#038;p=338886"},"modified":"2026-01-07T06:42:05","modified_gmt":"2026-01-07T06:42:05","slug":"18-ayar-beyaz-altin-ametistli-pirlanta-yuzuk-l-beden-34472","status":"publish","type":"product","link":"https:\/\/www.purejewels.com\/tr\/product\/18ct-white-gold-diamond-ring-with-amethyst-size-l-34472\/","title":{"rendered":"Ametistli 18 Ayar Alt\u0131n P\u0131rlanta Y\u00fcz\u00fck"},"content":{"rendered":"<p>\u00c7arp\u0131c\u0131 1.25ct mor ametist merkez ta\u015f\u0131na sahip bu zarif 18ct beyaz alt\u0131n p\u0131rlanta y\u00fcz\u00fc\u011f\u00fcn zamans\u0131z zarafetinin keyfini \u00e7\u0131kar\u0131n. Ametistin zengin mor tonu, \u0131\u015f\u0131lt\u0131l\u0131 0,50 ct p\u0131rlanta vurgularla g\u00fczel bir \u015fekilde tamamlanarak ger\u00e7ekten l\u00fcks ve g\u00f6z al\u0131c\u0131 bir par\u00e7a yarat\u0131yor.<\/p>\n<p>Bu y\u00fcz\u00fck, m\u00fccevher koleksiyonuna renk katmak isteyen ve ayn\u0131 zamanda sofistike ve \u015f\u0131k bir duru\u015f sergilemek isteyenler i\u00e7in m\u00fckemmel bir se\u00e7imdir. Bu y\u00fcz\u00fc\u011f\u00fcn hassas detaylar\u0131 ve uzman i\u015f\u00e7ili\u011fi, onu dikkatleri \u00fczerine \u00e7ekecek \u00e7arp\u0131c\u0131 bir par\u00e7a haline getiriyor.<\/p>\n<p>\u0130ster kendinizi \u015f\u0131mart\u0131yor ister sevdikleriniz i\u00e7in m\u00fckemmel bir hediye ar\u0131yor olun, bu beyaz alt\u0131n ve ametist y\u00fcz\u00fck g\u00fczel bir se\u00e7imdir. Her bir par\u00e7a Londra Assay Ofisi taraf\u0131ndan damgalanm\u0131\u015ft\u0131r ve saklanmas\u0131 i\u00e7in bir sunum kutusuyla birlikte gelir.<\/p>","protected":false},"excerpt":{"rendered":"<ul>\n<li>18 Ayar Beyaz Alt\u0131n P\u0131rlanta Y\u00fcz\u00fck<\/li>\n<li>Merkez Ta\u015f 1.25ct Mor Ametist<\/li>\n<li>P\u0131rlanta A\u011f\u0131rl\u0131\u011f\u0131 0.50ct<\/li>\n<li>Y\u00fcz\u00fck \u00f6l\u00e7\u00fcs\u00fc. L<\/li>\n<li>SKU. 34472<\/li>\n<li>T\u00fcm fiyatlara KDV dahildir<\/li>\n<li>T\u00fcm \u00fcr\u00fcnlerimiz London Assay Office taraf\u0131ndan damgalanm\u0131\u015ft\u0131r<\/li>\n<li>Sunum kutusu ile birlikte gelir<\/li>\n<li>Teslimat Dahil<\/li>\n<li>Stok durumu ve stokta bulunan benzer tasar\u0131mlar\u0131n daha fazla g\u00f6r\u00fcnt\u00fcs\u00fc i\u00e7in bizimle canl\u0131 sohbet edin<\/li>\n<\/ul>","protected":false},"featured_media":338889,"comment_status":"closed","ping_status":"closed","template":"","meta":{"_eb_attr":"","_crsspst_to_jayantr4sg-hostcom":true},"product_brand":[],"product_cat":[5679,6085,1791,5699,5457,5460,1792,5347,1786,6042,5348,1574],"product_tag":[1430],"class_list":{"0":"post-338886","1":"product","2":"type-product","3":"status-publish","4":"has-post-thumbnail","6":"product_cat-18ct-gold-jewellery","7":"product_cat-18ct-gold-ring","8":"product_cat-anniversary-gifts","9":"product_cat-coloured-gemstone-jewellery","10":"product_cat-diamond-jewellery","11":"product_cat-diamond-ring","12":"product_cat-festival-gifts","13":"product_cat-shop-by-metal","14":"product_cat-occasional-wear-rings","15":"product_cat-solitaire-ring","16":"product_cat-white-gold-jewellery","17":"product_cat-womens-jewellery","18":"product_tag-diwali-gift","20":"first","21":"outofstock","22":"taxable","23":"shipping-taxable","24":"product-type-simple","25":"add-to-wishlist-before_image"},"yoast_head":"<!-- This site is optimized with the Yoast SEO plugin v27.5 - https:\/\/yoast.com\/product\/yoast-seo-wordpress\/ -->\n<title>18ct White Gold Diamond Ring With Amethyst | Purejewels UK<\/title>\n<meta name=\"description\" content=\"Find out 18 Carat White Gold Diamond Ring with Purple Amethyst stone for Ladies party ware only at Purejewels, London UK.\" \/>\n<meta name=\"robots\" content=\"index, follow, max-snippet:-1, max-image-preview:large, max-video-preview:-1\" \/>\n<link rel=\"canonical\" href=\"https:\/\/www.purejewels.com\/tr\/urun\/18-ayar-beyaz-altin-ametistli-pirlanta-yuzuk-l-beden-34472\/\" \/>\n<meta property=\"og:locale\" content=\"tr_TR\" \/>\n<meta property=\"og:type\" content=\"article\" \/>\n<meta property=\"og:title\" content=\"18ct White Gold Diamond Ring With Amethyst | Purejewels UK\" \/>\n<meta property=\"og:description\" content=\"Find out 18 Carat White Gold Diamond Ring with Purple Amethyst stone for Ladies party ware only at Purejewels, London UK.\" \/>\n<meta property=\"og:url\" content=\"https:\/\/www.purejewels.com\/tr\/urun\/18-ayar-beyaz-altin-ametistli-pirlanta-yuzuk-l-beden-34472\/\" \/>\n<meta property=\"og:site_name\" content=\"PureJewels UK\" \/>\n<meta property=\"article:modified_time\" content=\"2026-01-07T06:42:05+00:00\" \/>\n<meta property=\"og:image\" content=\"https:\/\/www.purejewels.com\/wp-content\/uploads\/2022\/09\/34472-3.jpg\" \/>\n\t<meta property=\"og:image:width\" content=\"1000\" \/>\n\t<meta property=\"og:image:height\" content=\"1000\" \/>\n\t<meta property=\"og:image:type\" content=\"image\/jpeg\" \/>\n<meta name=\"twitter:card\" content=\"summary_large_image\" \/>\n<meta name=\"twitter:label1\" content=\"Tahmini okuma s\u00fcresi\" \/>\n\t<meta name=\"twitter:data1\" content=\"1 dakika\" \/>\n<script type=\"application\/ld+json\" class=\"yoast-schema-graph\">{\"@context\":\"https:\\\/\\\/schema.org\",\"@graph\":[{\"@type\":[\"WebPage\",\"ItemPage\"],\"@id\":\"https:\\\/\\\/www.purejewels.com\\\/product\\\/18ct-white-gold-diamond-ring-with-amethyst-size-l-34472\\\/\",\"url\":\"https:\\\/\\\/www.purejewels.com\\\/product\\\/18ct-white-gold-diamond-ring-with-amethyst-size-l-34472\\\/\",\"name\":\"18ct White Gold Diamond Ring With Amethyst | Purejewels UK\",\"isPartOf\":{\"@id\":\"https:\\\/\\\/www.purejewels.com\\\/#website\"},\"primaryImageOfPage\":{\"@id\":\"https:\\\/\\\/www.purejewels.com\\\/product\\\/18ct-white-gold-diamond-ring-with-amethyst-size-l-34472\\\/#primaryimage\"},\"image\":{\"@id\":\"https:\\\/\\\/www.purejewels.com\\\/product\\\/18ct-white-gold-diamond-ring-with-amethyst-size-l-34472\\\/#primaryimage\"},\"thumbnailUrl\":\"https:\\\/\\\/static.purejewels.com\\\/wp-content\\\/uploads\\\/2022\\\/09\\\/34472-3.jpg\",\"datePublished\":\"2021-09-27T11:37:34+00:00\",\"dateModified\":\"2026-01-07T06:42:05+00:00\",\"description\":\"Find out 18 Carat White Gold Diamond Ring with Purple Amethyst stone for Ladies party ware only at Purejewels, London UK.\",\"breadcrumb\":{\"@id\":\"https:\\\/\\\/www.purejewels.com\\\/product\\\/18ct-white-gold-diamond-ring-with-amethyst-size-l-34472\\\/#breadcrumb\"},\"inLanguage\":\"tr\",\"potentialAction\":[{\"@type\":\"ReadAction\",\"target\":[\"https:\\\/\\\/www.purejewels.com\\\/product\\\/18ct-white-gold-diamond-ring-with-amethyst-size-l-34472\\\/\"]}]},{\"@type\":\"ImageObject\",\"inLanguage\":\"tr\",\"@id\":\"https:\\\/\\\/www.purejewels.com\\\/product\\\/18ct-white-gold-diamond-ring-with-amethyst-size-l-34472\\\/#primaryimage\",\"url\":\"https:\\\/\\\/static.purejewels.com\\\/wp-content\\\/uploads\\\/2022\\\/09\\\/34472-3.jpg\",\"contentUrl\":\"https:\\\/\\\/static.purejewels.com\\\/wp-content\\\/uploads\\\/2022\\\/09\\\/34472-3.jpg\",\"width\":1000,\"height\":1000,\"caption\":\"18ct White Gold Diamond Ring With Amethyst | Size L\"},{\"@type\":\"BreadcrumbList\",\"@id\":\"https:\\\/\\\/www.purejewels.com\\\/product\\\/18ct-white-gold-diamond-ring-with-amethyst-size-l-34472\\\/#breadcrumb\",\"itemListElement\":[{\"@type\":\"ListItem\",\"position\":1,\"name\":\"Home\",\"item\":\"https:\\\/\\\/www.purejewels.com\\\/\"},{\"@type\":\"ListItem\",\"position\":2,\"name\":\"Shop\",\"item\":\"https:\\\/\\\/www.purejewels.com\\\/shop\\\/\"},{\"@type\":\"ListItem\",\"position\":3,\"name\":\"18ct Gold Diamond Ring With Amethyst\"}]},{\"@type\":\"WebSite\",\"@id\":\"https:\\\/\\\/www.purejewels.com\\\/#website\",\"url\":\"https:\\\/\\\/www.purejewels.com\\\/\",\"name\":\"PureJewels UK\",\"description\":\"Share the Love\",\"publisher\":{\"@id\":\"https:\\\/\\\/www.purejewels.com\\\/#organization\"},\"potentialAction\":[{\"@type\":\"SearchAction\",\"target\":{\"@type\":\"EntryPoint\",\"urlTemplate\":\"https:\\\/\\\/www.purejewels.com\\\/?s={search_term_string}\"},\"query-input\":{\"@type\":\"PropertyValueSpecification\",\"valueRequired\":true,\"valueName\":\"search_term_string\"}}],\"inLanguage\":\"tr\"},{\"@type\":\"Organization\",\"@id\":\"https:\\\/\\\/www.purejewels.com\\\/#organization\",\"name\":\"PureJewels UK\",\"url\":\"https:\\\/\\\/www.purejewels.com\\\/\",\"logo\":{\"@type\":\"ImageObject\",\"inLanguage\":\"tr\",\"@id\":\"https:\\\/\\\/www.purejewels.com\\\/#\\\/schema\\\/logo\\\/image\\\/\",\"url\":\"https:\\\/\\\/static.purejewels.com\\\/wp-content\\\/uploads\\\/2020\\\/11\\\/Logo-PJ-New-1.png\",\"contentUrl\":\"https:\\\/\\\/static.purejewels.com\\\/wp-content\\\/uploads\\\/2020\\\/11\\\/Logo-PJ-New-1.png\",\"width\":150,\"height\":80,\"caption\":\"PureJewels UK\"},\"image\":{\"@id\":\"https:\\\/\\\/www.purejewels.com\\\/#\\\/schema\\\/logo\\\/image\\\/\"}}]}<\/script>\n<!-- \/ Yoast SEO plugin. -->","yoast_head_json":{"title":"Ametistli 18 Ayar Beyaz Alt\u0131n P\u0131rlanta Y\u00fcz\u00fck | Purejewels UK","description":"18 Ayar Beyaz Alt\u0131n P\u0131rlanta Y\u00fcz\u00fck ve Mor Ametist ta\u015f\u0131n\u0131 sadece Purejewels, Londra \u0130ngiltere'de bulabilirsiniz.","robots":{"index":"index","follow":"follow","max-snippet":"max-snippet:-1","max-image-preview":"max-image-preview:large","max-video-preview":"max-video-preview:-1"},"canonical":"https:\/\/www.purejewels.com\/tr\/urun\/18-ayar-beyaz-altin-ametistli-pirlanta-yuzuk-l-beden-34472\/","og_locale":"tr_TR","og_type":"article","og_title":"18ct White Gold Diamond Ring With Amethyst | Purejewels UK","og_description":"Find out 18 Carat White Gold Diamond Ring with Purple Amethyst stone for Ladies party ware only at Purejewels, London UK.","og_url":"https:\/\/www.purejewels.com\/tr\/urun\/18-ayar-beyaz-altin-ametistli-pirlanta-yuzuk-l-beden-34472\/","og_site_name":"PureJewels UK","article_modified_time":"2026-01-07T06:42:05+00:00","og_image":[{"width":1000,"height":1000,"url":"https:\/\/www.purejewels.com\/wp-content\/uploads\/2022\/09\/34472-3.jpg","type":"image\/jpeg"}],"twitter_card":"summary_large_image","twitter_misc":{"Tahmini okuma s\u00fcresi":"1 dakika"},"schema":{"@context":"https:\/\/schema.org","@graph":[{"@type":["WebPage","ItemPage"],"@id":"https:\/\/www.purejewels.com\/product\/18ct-white-gold-diamond-ring-with-amethyst-size-l-34472\/","url":"https:\/\/www.purejewels.com\/product\/18ct-white-gold-diamond-ring-with-amethyst-size-l-34472\/","name":"Ametistli 18 Ayar Beyaz Alt\u0131n P\u0131rlanta Y\u00fcz\u00fck | Purejewels UK","isPartOf":{"@id":"https:\/\/www.purejewels.com\/#website"},"primaryImageOfPage":{"@id":"https:\/\/www.purejewels.com\/product\/18ct-white-gold-diamond-ring-with-amethyst-size-l-34472\/#primaryimage"},"image":{"@id":"https:\/\/www.purejewels.com\/product\/18ct-white-gold-diamond-ring-with-amethyst-size-l-34472\/#primaryimage"},"thumbnailUrl":"https:\/\/static.purejewels.com\/wp-content\/uploads\/2022\/09\/34472-3.jpg","datePublished":"2021-09-27T11:37:34+00:00","dateModified":"2026-01-07T06:42:05+00:00","description":"18 Ayar Beyaz Alt\u0131n P\u0131rlanta Y\u00fcz\u00fck ve Mor Ametist ta\u015f\u0131n\u0131 sadece Purejewels, Londra \u0130ngiltere'de bulabilirsiniz.","breadcrumb":{"@id":"https:\/\/www.purejewels.com\/product\/18ct-white-gold-diamond-ring-with-amethyst-size-l-34472\/#breadcrumb"},"inLanguage":"tr","potentialAction":[{"@type":"ReadAction","target":["https:\/\/www.purejewels.com\/product\/18ct-white-gold-diamond-ring-with-amethyst-size-l-34472\/"]}]},{"@type":"ImageObject","inLanguage":"tr","@id":"https:\/\/www.purejewels.com\/product\/18ct-white-gold-diamond-ring-with-amethyst-size-l-34472\/#primaryimage","url":"https:\/\/static.purejewels.com\/wp-content\/uploads\/2022\/09\/34472-3.jpg","contentUrl":"https:\/\/static.purejewels.com\/wp-content\/uploads\/2022\/09\/34472-3.jpg","width":1000,"height":1000,"caption":"18ct White Gold Diamond Ring With Amethyst | Size L"},{"@type":"BreadcrumbList","@id":"https:\/\/www.purejewels.com\/product\/18ct-white-gold-diamond-ring-with-amethyst-size-l-34472\/#breadcrumb","itemListElement":[{"@type":"ListItem","position":1,"name":"Home","item":"https:\/\/www.purejewels.com\/"},{"@type":"ListItem","position":2,"name":"Shop","item":"https:\/\/www.purejewels.com\/shop\/"},{"@type":"ListItem","position":3,"name":"18ct Gold Diamond Ring With Amethyst"}]},{"@type":"WebSite","@id":"https:\/\/www.purejewels.com\/#website","url":"https:\/\/www.purejewels.com\/","name":"PureJewels \u0130ngiltere","description":"Sevgiyi Payla\u015f\u0131n","publisher":{"@id":"https:\/\/www.purejewels.com\/#organization"},"potentialAction":[{"@type":"SearchAction","target":{"@type":"EntryPoint","urlTemplate":"https:\/\/www.purejewels.com\/?s={search_term_string}"},"query-input":{"@type":"PropertyValueSpecification","valueRequired":true,"valueName":"search_term_string"}}],"inLanguage":"tr"},{"@type":"Organization","@id":"https:\/\/www.purejewels.com\/#organization","name":"PureJewels \u0130ngiltere","url":"https:\/\/www.purejewels.com\/","logo":{"@type":"ImageObject","inLanguage":"tr","@id":"https:\/\/www.purejewels.com\/#\/schema\/logo\/image\/","url":"https:\/\/static.purejewels.com\/wp-content\/uploads\/2020\/11\/Logo-PJ-New-1.png","contentUrl":"https:\/\/static.purejewels.com\/wp-content\/uploads\/2020\/11\/Logo-PJ-New-1.png","width":150,"height":80,"caption":"PureJewels UK"},"image":{"@id":"https:\/\/www.purejewels.com\/#\/schema\/logo\/image\/"}}]}},"_links":{"self":[{"href":"https:\/\/www.purejewels.com\/tr\/wp-json\/wp\/v2\/product\/338886","targetHints":{"allow":["GET"]}}],"collection":[{"href":"https:\/\/www.purejewels.com\/tr\/wp-json\/wp\/v2\/product"}],"about":[{"href":"https:\/\/www.purejewels.com\/tr\/wp-json\/wp\/v2\/types\/product"}],"replies":[{"embeddable":true,"href":"https:\/\/www.purejewels.com\/tr\/wp-json\/wp\/v2\/comments?post=338886"}],"version-history":[{"count":3,"href":"https:\/\/www.purejewels.com\/tr\/wp-json\/wp\/v2\/product\/338886\/revisions"}],"predecessor-version":[{"id":420482,"href":"https:\/\/www.purejewels.com\/tr\/wp-json\/wp\/v2\/product\/338886\/revisions\/420482"}],"wp:featuredmedia":[{"embeddable":true,"href":"https:\/\/www.purejewels.com\/tr\/wp-json\/wp\/v2\/media\/338889"}],"wp:attachment":[{"href":"https:\/\/www.purejewels.com\/tr\/wp-json\/wp\/v2\/media?parent=338886"}],"wp:term":[{"taxonomy":"product_brand","embeddable":true,"href":"https:\/\/www.purejewels.com\/tr\/wp-json\/wp\/v2\/product_brand?post=338886"},{"taxonomy":"product_cat","embeddable":true,"href":"https:\/\/www.purejewels.com\/tr\/wp-json\/wp\/v2\/product_cat?post=338886"},{"taxonomy":"product_tag","embeddable":true,"href":"https:\/\/www.purejewels.com\/tr\/wp-json\/wp\/v2\/product_tag?post=338886"}],"curies":[{"name":"wp","href":"https:\/\/api.w.org\/{rel}","templated":true}]}}