{"id":339070,"date":"2024-03-11T06:34:10","date_gmt":"2024-03-11T06:34:10","guid":{"rendered":"https:\/\/www.purejewels.com\/?post_type=product&#038;p=339070"},"modified":"2025-11-13T06:42:09","modified_gmt":"2025-11-13T06:42:09","slug":"bayanlar-icin-22-ayar-altin-boncuk-zincir-16-inc-41198","status":"publish","type":"product","link":"https:\/\/www.purejewels.com\/tr\/product\/22ct-gold-bead-chain-for-ladies-16-inches-41198\/","title":{"rendered":"Bayanlar i\u00e7in 22 Ayar Alt\u0131n Boncuk Zincir | 16 \u0130n\u00e7 | Rodyum Kaplama"},"content":{"rendered":"<p>Bayanlar i\u00e7in zarif 22 Ayar Alt\u0131n Boncuk Zincirimiz ile tan\u0131\u015f\u0131n, zarafet ve sofistike bir g\u00f6r\u00fcn\u00fcm sergileyen \u00e7arp\u0131c\u0131 bir m\u00fccevher par\u00e7as\u0131. Bu zincir, her k\u0131yafete ihti\u015faml\u0131 bir dokunu\u015f katan karma\u015f\u0131k bir \u015fekilde i\u015flenmi\u015f alt\u0131n boncuklara sahiptir. 16 in\u00e7lik uzunlu\u011fu, di\u011fer kolyelerle kat kat takmak veya \u015f\u0131k ve stil sahibi bir g\u00f6r\u00fcn\u00fcm i\u00e7in tek ba\u015f\u0131na takmak i\u00e7in m\u00fckemmeldir.<\/p>\n<p>Y\u00fcksek kaliteli 22 ayar alt\u0131ndan \u00fcretilen ve Londra Assay Office taraf\u0131ndan damgalanan bu zincir, l\u00fcks\u00fcn ve i\u015f\u00e7ili\u011fin ger\u00e7ek bir kan\u0131t\u0131d\u0131r. Rodyum kaplama, parlakl\u0131k ve dayan\u0131kl\u0131l\u0131k katarak bu zincirin bir \u00f6m\u00fcr boyu dayanmas\u0131n\u0131 sa\u011flar.<\/p>\n<p>\u0130ster sevdi\u011finiz biri i\u00e7in \u00f6zel bir hediye ar\u0131yor olun, ister sadece kendinizi \u015f\u0131martmak istiyor olun, bu 22 Ayar Alt\u0131n Boncuk Zincir m\u00fckemmel bir se\u00e7imdir. Bu zamans\u0131z m\u00fccevher par\u00e7as\u0131n\u0131 ka\u00e7\u0131rmay\u0131n - bug\u00fcn sipari\u015f verin!<\/p>","protected":false},"excerpt":{"rendered":"<table class=\"sh_desc\">\n<tbody>\n<tr>\n<td>Zincir Tipi<\/td>\n<td>Alt\u0131n Boncuklu Zincir<\/td>\n<\/tr>\n<tr>\n<td>SKU<\/td>\n<td>46916<\/td>\n<\/tr>\n<tr>\n<td>A\u011f\u0131rl\u0131k<\/td>\n<td>5.4 Gms<\/td>\n<\/tr>\n<tr>\n<td>Metal<\/td>\n<td>22 Ayar Alt\u0131n<\/td>\n<\/tr>\n<tr>\n<td>Uzunluk<\/td>\n<td>16 \u0130n\u00e7<\/td>\n<\/tr>\n<tr>\n<td>Hallmark<\/td>\n<td>Londra Tahlil Ofisi Taraf\u0131ndan Damgalanm\u0131\u015f 22 Ayar Alt\u0131n<\/td>\n<\/tr>\n<tr>\n<td>\u00dccretler<\/td>\n<td>Teslimat ve KDV Dahil<\/td>\n<\/tr>\n<tr>\n<td>Paketleme<\/td>\n<td>Sunum Kutusu ile Birlikte Gelir<\/td>\n<\/tr>\n<tr>\n<td>Daha Fazla Bilgi<\/td>\n<td>M\u00fcsaitlik durumu ve daha fazla resim i\u00e7in bizimle canl\u0131 sohbet edin<br \/>\n22 ayar alt\u0131n bayan zincirlerimizi ke\u015ffedin.<\/td>\n<\/tr>\n<\/tbody>\n<\/table>","protected":false},"featured_media":358621,"comment_status":"closed","ping_status":"closed","template":"","meta":{"_eb_attr":"","_crsspst_to_jayantr4sg-hostcom":true},"product_brand":[],"product_cat":[1617,1559,6049,1792,1475,1229,1574],"product_tag":[3990,65,1430],"class_list":{"0":"post-339070","1":"product","2":"type-product","3":"status-publish","4":"has-post-thumbnail","6":"product_cat-fancy-mala-chains","7":"product_cat-birthday-gifts","8":"product_cat-fancy-chain","9":"product_cat-festival-gifts","10":"product_cat-gold-chains","11":"product_cat-22ct-gold-jewellery","12":"product_cat-womens-jewellery","13":"product_tag-22-carat-gold-chain","14":"product_tag-chains","15":"product_tag-diwali-gift","17":"first","18":"outofstock","19":"taxable","20":"shipping-taxable","21":"product-type-simple","22":"add-to-wishlist-before_image"},"yoast_head":"<!-- This site is optimized with the Yoast SEO plugin v27.5 - https:\/\/yoast.com\/product\/yoast-seo-wordpress\/ -->\n<title>22ct Gold Bead Chain for Women | 16 Inches | PureJewels UK<\/title>\n<meta name=\"description\" content=\"This 22ct Gold Bead Chain for Ladies with a Rhodium finish is perfect for daily wear and for a special occasion. Buy online for free UK delivery.\" \/>\n<meta name=\"robots\" content=\"index, follow, max-snippet:-1, max-image-preview:large, max-video-preview:-1\" \/>\n<link rel=\"canonical\" href=\"https:\/\/www.purejewels.com\/tr\/urun\/bayanlar-icin-22-ayar-altin-boncuk-zincir-16-inc-41198\/\" \/>\n<meta property=\"og:locale\" content=\"tr_TR\" \/>\n<meta property=\"og:type\" content=\"article\" \/>\n<meta property=\"og:title\" content=\"22ct Gold Bead Chain for Women | 16 Inches | PureJewels UK\" \/>\n<meta property=\"og:description\" content=\"This 22ct Gold Bead Chain for Ladies with a Rhodium finish is perfect for daily wear and for a special occasion. Buy online for free UK delivery.\" \/>\n<meta property=\"og:url\" content=\"https:\/\/www.purejewels.com\/tr\/urun\/bayanlar-icin-22-ayar-altin-boncuk-zincir-16-inc-41198\/\" \/>\n<meta property=\"og:site_name\" content=\"PureJewels UK\" \/>\n<meta property=\"article:modified_time\" content=\"2025-11-13T06:42:09+00:00\" \/>\n<meta property=\"og:image\" content=\"https:\/\/www.purejewels.com\/wp-content\/uploads\/2022\/10\/SKU-46916-_-2.jpg\" \/>\n\t<meta property=\"og:image:width\" content=\"1000\" \/>\n\t<meta property=\"og:image:height\" content=\"1000\" \/>\n\t<meta property=\"og:image:type\" content=\"image\/jpeg\" \/>\n<meta name=\"twitter:card\" content=\"summary_large_image\" \/>\n<meta name=\"twitter:label1\" content=\"Tahmini okuma s\u00fcresi\" \/>\n\t<meta name=\"twitter:data1\" content=\"1 dakika\" \/>\n<script type=\"application\/ld+json\" class=\"yoast-schema-graph\">{\"@context\":\"https:\\\/\\\/schema.org\",\"@graph\":[{\"@type\":[\"WebPage\",\"ItemPage\"],\"@id\":\"https:\\\/\\\/www.purejewels.com\\\/product\\\/22ct-gold-bead-chain-for-ladies-16-inches-41198\\\/\",\"url\":\"https:\\\/\\\/www.purejewels.com\\\/product\\\/22ct-gold-bead-chain-for-ladies-16-inches-41198\\\/\",\"name\":\"22ct Gold Bead Chain for Women | 16 Inches | PureJewels UK\",\"isPartOf\":{\"@id\":\"https:\\\/\\\/www.purejewels.com\\\/#website\"},\"primaryImageOfPage\":{\"@id\":\"https:\\\/\\\/www.purejewels.com\\\/product\\\/22ct-gold-bead-chain-for-ladies-16-inches-41198\\\/#primaryimage\"},\"image\":{\"@id\":\"https:\\\/\\\/www.purejewels.com\\\/product\\\/22ct-gold-bead-chain-for-ladies-16-inches-41198\\\/#primaryimage\"},\"thumbnailUrl\":\"https:\\\/\\\/static.purejewels.com\\\/wp-content\\\/uploads\\\/2022\\\/10\\\/SKU-46916-_-2.jpg\",\"datePublished\":\"2024-03-11T06:34:10+00:00\",\"dateModified\":\"2025-11-13T06:42:09+00:00\",\"description\":\"This 22ct Gold Bead Chain for Ladies with a Rhodium finish is perfect for daily wear and for a special occasion. Buy online for free UK delivery.\",\"breadcrumb\":{\"@id\":\"https:\\\/\\\/www.purejewels.com\\\/product\\\/22ct-gold-bead-chain-for-ladies-16-inches-41198\\\/#breadcrumb\"},\"inLanguage\":\"tr\",\"potentialAction\":[{\"@type\":\"ReadAction\",\"target\":[\"https:\\\/\\\/www.purejewels.com\\\/product\\\/22ct-gold-bead-chain-for-ladies-16-inches-41198\\\/\"]}]},{\"@type\":\"ImageObject\",\"inLanguage\":\"tr\",\"@id\":\"https:\\\/\\\/www.purejewels.com\\\/product\\\/22ct-gold-bead-chain-for-ladies-16-inches-41198\\\/#primaryimage\",\"url\":\"https:\\\/\\\/static.purejewels.com\\\/wp-content\\\/uploads\\\/2022\\\/10\\\/SKU-46916-_-2.jpg\",\"contentUrl\":\"https:\\\/\\\/static.purejewels.com\\\/wp-content\\\/uploads\\\/2022\\\/10\\\/SKU-46916-_-2.jpg\",\"width\":1000,\"height\":1000,\"caption\":\"22ct Gold Bead Chain for Ladies | 16 Inches | Rhodium Finish\"},{\"@type\":\"BreadcrumbList\",\"@id\":\"https:\\\/\\\/www.purejewels.com\\\/product\\\/22ct-gold-bead-chain-for-ladies-16-inches-41198\\\/#breadcrumb\",\"itemListElement\":[{\"@type\":\"ListItem\",\"position\":1,\"name\":\"Home\",\"item\":\"https:\\\/\\\/www.purejewels.com\\\/\"},{\"@type\":\"ListItem\",\"position\":2,\"name\":\"Shop\",\"item\":\"https:\\\/\\\/www.purejewels.com\\\/shop\\\/\"},{\"@type\":\"ListItem\",\"position\":3,\"name\":\"22ct Gold Bead Chain for Ladies | 16 Inches | Rhodium Finish\"}]},{\"@type\":\"WebSite\",\"@id\":\"https:\\\/\\\/www.purejewels.com\\\/#website\",\"url\":\"https:\\\/\\\/www.purejewels.com\\\/\",\"name\":\"PureJewels UK\",\"description\":\"Share the Love\",\"publisher\":{\"@id\":\"https:\\\/\\\/www.purejewels.com\\\/#organization\"},\"potentialAction\":[{\"@type\":\"SearchAction\",\"target\":{\"@type\":\"EntryPoint\",\"urlTemplate\":\"https:\\\/\\\/www.purejewels.com\\\/?s={search_term_string}\"},\"query-input\":{\"@type\":\"PropertyValueSpecification\",\"valueRequired\":true,\"valueName\":\"search_term_string\"}}],\"inLanguage\":\"tr\"},{\"@type\":\"Organization\",\"@id\":\"https:\\\/\\\/www.purejewels.com\\\/#organization\",\"name\":\"PureJewels UK\",\"url\":\"https:\\\/\\\/www.purejewels.com\\\/\",\"logo\":{\"@type\":\"ImageObject\",\"inLanguage\":\"tr\",\"@id\":\"https:\\\/\\\/www.purejewels.com\\\/#\\\/schema\\\/logo\\\/image\\\/\",\"url\":\"https:\\\/\\\/static.purejewels.com\\\/wp-content\\\/uploads\\\/2020\\\/11\\\/Logo-PJ-New-1.png\",\"contentUrl\":\"https:\\\/\\\/static.purejewels.com\\\/wp-content\\\/uploads\\\/2020\\\/11\\\/Logo-PJ-New-1.png\",\"width\":150,\"height\":80,\"caption\":\"PureJewels UK\"},\"image\":{\"@id\":\"https:\\\/\\\/www.purejewels.com\\\/#\\\/schema\\\/logo\\\/image\\\/\"}}]}<\/script>\n<!-- \/ Yoast SEO plugin. -->","yoast_head_json":{"title":"Kad\u0131nlar i\u00e7in 22 Ayar Alt\u0131n Boncuk Zincir | 16 \u0130n\u00e7 | PureJewels UK","description":"Rodyum kaplamal\u0131 bu 22 Ayar Alt\u0131n Boncuklu Bayan Zinciri g\u00fcnl\u00fck kullan\u0131m ve \u00f6zel g\u00fcnler i\u00e7in m\u00fckemmeldir. \u00dccretsiz \u0130ngiltere teslimat\u0131 i\u00e7in online sat\u0131n al\u0131n.","robots":{"index":"index","follow":"follow","max-snippet":"max-snippet:-1","max-image-preview":"max-image-preview:large","max-video-preview":"max-video-preview:-1"},"canonical":"https:\/\/www.purejewels.com\/tr\/urun\/bayanlar-icin-22-ayar-altin-boncuk-zincir-16-inc-41198\/","og_locale":"tr_TR","og_type":"article","og_title":"22ct Gold Bead Chain for Women | 16 Inches | PureJewels UK","og_description":"This 22ct Gold Bead Chain for Ladies with a Rhodium finish is perfect for daily wear and for a special occasion. Buy online for free UK delivery.","og_url":"https:\/\/www.purejewels.com\/tr\/urun\/bayanlar-icin-22-ayar-altin-boncuk-zincir-16-inc-41198\/","og_site_name":"PureJewels UK","article_modified_time":"2025-11-13T06:42:09+00:00","og_image":[{"width":1000,"height":1000,"url":"https:\/\/www.purejewels.com\/wp-content\/uploads\/2022\/10\/SKU-46916-_-2.jpg","type":"image\/jpeg"}],"twitter_card":"summary_large_image","twitter_misc":{"Tahmini okuma s\u00fcresi":"1 dakika"},"schema":{"@context":"https:\/\/schema.org","@graph":[{"@type":["WebPage","ItemPage"],"@id":"https:\/\/www.purejewels.com\/product\/22ct-gold-bead-chain-for-ladies-16-inches-41198\/","url":"https:\/\/www.purejewels.com\/product\/22ct-gold-bead-chain-for-ladies-16-inches-41198\/","name":"Kad\u0131nlar i\u00e7in 22 Ayar Alt\u0131n Boncuk Zincir | 16 \u0130n\u00e7 | PureJewels UK","isPartOf":{"@id":"https:\/\/www.purejewels.com\/#website"},"primaryImageOfPage":{"@id":"https:\/\/www.purejewels.com\/product\/22ct-gold-bead-chain-for-ladies-16-inches-41198\/#primaryimage"},"image":{"@id":"https:\/\/www.purejewels.com\/product\/22ct-gold-bead-chain-for-ladies-16-inches-41198\/#primaryimage"},"thumbnailUrl":"https:\/\/static.purejewels.com\/wp-content\/uploads\/2022\/10\/SKU-46916-_-2.jpg","datePublished":"2024-03-11T06:34:10+00:00","dateModified":"2025-11-13T06:42:09+00:00","description":"Rodyum kaplamal\u0131 bu 22 Ayar Alt\u0131n Boncuklu Bayan Zinciri g\u00fcnl\u00fck kullan\u0131m ve \u00f6zel g\u00fcnler i\u00e7in m\u00fckemmeldir. \u00dccretsiz \u0130ngiltere teslimat\u0131 i\u00e7in online sat\u0131n al\u0131n.","breadcrumb":{"@id":"https:\/\/www.purejewels.com\/product\/22ct-gold-bead-chain-for-ladies-16-inches-41198\/#breadcrumb"},"inLanguage":"tr","potentialAction":[{"@type":"ReadAction","target":["https:\/\/www.purejewels.com\/product\/22ct-gold-bead-chain-for-ladies-16-inches-41198\/"]}]},{"@type":"ImageObject","inLanguage":"tr","@id":"https:\/\/www.purejewels.com\/product\/22ct-gold-bead-chain-for-ladies-16-inches-41198\/#primaryimage","url":"https:\/\/static.purejewels.com\/wp-content\/uploads\/2022\/10\/SKU-46916-_-2.jpg","contentUrl":"https:\/\/static.purejewels.com\/wp-content\/uploads\/2022\/10\/SKU-46916-_-2.jpg","width":1000,"height":1000,"caption":"22ct Gold Bead Chain for Ladies | 16 Inches | Rhodium Finish"},{"@type":"BreadcrumbList","@id":"https:\/\/www.purejewels.com\/product\/22ct-gold-bead-chain-for-ladies-16-inches-41198\/#breadcrumb","itemListElement":[{"@type":"ListItem","position":1,"name":"Home","item":"https:\/\/www.purejewels.com\/"},{"@type":"ListItem","position":2,"name":"Shop","item":"https:\/\/www.purejewels.com\/shop\/"},{"@type":"ListItem","position":3,"name":"22ct Gold Bead Chain for Ladies | 16 Inches | Rhodium Finish"}]},{"@type":"WebSite","@id":"https:\/\/www.purejewels.com\/#website","url":"https:\/\/www.purejewels.com\/","name":"PureJewels \u0130ngiltere","description":"Sevgiyi Payla\u015f\u0131n","publisher":{"@id":"https:\/\/www.purejewels.com\/#organization"},"potentialAction":[{"@type":"SearchAction","target":{"@type":"EntryPoint","urlTemplate":"https:\/\/www.purejewels.com\/?s={search_term_string}"},"query-input":{"@type":"PropertyValueSpecification","valueRequired":true,"valueName":"search_term_string"}}],"inLanguage":"tr"},{"@type":"Organization","@id":"https:\/\/www.purejewels.com\/#organization","name":"PureJewels \u0130ngiltere","url":"https:\/\/www.purejewels.com\/","logo":{"@type":"ImageObject","inLanguage":"tr","@id":"https:\/\/www.purejewels.com\/#\/schema\/logo\/image\/","url":"https:\/\/static.purejewels.com\/wp-content\/uploads\/2020\/11\/Logo-PJ-New-1.png","contentUrl":"https:\/\/static.purejewels.com\/wp-content\/uploads\/2020\/11\/Logo-PJ-New-1.png","width":150,"height":80,"caption":"PureJewels UK"},"image":{"@id":"https:\/\/www.purejewels.com\/#\/schema\/logo\/image\/"}}]}},"_links":{"self":[{"href":"https:\/\/www.purejewels.com\/tr\/wp-json\/wp\/v2\/product\/339070","targetHints":{"allow":["GET"]}}],"collection":[{"href":"https:\/\/www.purejewels.com\/tr\/wp-json\/wp\/v2\/product"}],"about":[{"href":"https:\/\/www.purejewels.com\/tr\/wp-json\/wp\/v2\/types\/product"}],"replies":[{"embeddable":true,"href":"https:\/\/www.purejewels.com\/tr\/wp-json\/wp\/v2\/comments?post=339070"}],"version-history":[{"count":3,"href":"https:\/\/www.purejewels.com\/tr\/wp-json\/wp\/v2\/product\/339070\/revisions"}],"predecessor-version":[{"id":420961,"href":"https:\/\/www.purejewels.com\/tr\/wp-json\/wp\/v2\/product\/339070\/revisions\/420961"}],"wp:featuredmedia":[{"embeddable":true,"href":"https:\/\/www.purejewels.com\/tr\/wp-json\/wp\/v2\/media\/358621"}],"wp:attachment":[{"href":"https:\/\/www.purejewels.com\/tr\/wp-json\/wp\/v2\/media?parent=339070"}],"wp:term":[{"taxonomy":"product_brand","embeddable":true,"href":"https:\/\/www.purejewels.com\/tr\/wp-json\/wp\/v2\/product_brand?post=339070"},{"taxonomy":"product_cat","embeddable":true,"href":"https:\/\/www.purejewels.com\/tr\/wp-json\/wp\/v2\/product_cat?post=339070"},{"taxonomy":"product_tag","embeddable":true,"href":"https:\/\/www.purejewels.com\/tr\/wp-json\/wp\/v2\/product_tag?post=339070"}],"curies":[{"name":"wp","href":"https:\/\/api.w.org\/{rel}","templated":true}]}}