{"id":339086,"date":"2022-10-01T09:09:09","date_gmt":"2022-10-01T08:09:09","guid":{"rendered":"https:\/\/www.purejewels.com\/?post_type=product&#038;p=339086"},"modified":"2026-03-26T06:43:43","modified_gmt":"2026-03-26T06:43:43","slug":"22-ayar-altin-cocuk-bilekligi-45842","status":"publish","type":"product","link":"https:\/\/www.purejewels.com\/tr\/product\/22ct-gold-kids-bracelet-45842\/","title":{"rendered":"22 Ayar Alt\u0131n \u00c7ocuk Bilekli\u011fi | 5,75 \u0130n\u00e7'"},"content":{"rendered":"<p>SKU: 45842<\/p>","protected":false},"excerpt":{"rendered":"<ul>\n<li>\u00c7ocuklar i\u00e7in 22 ayar alt\u0131n s\u00fcsl\u00fc m\u00fccevher bileklik.<\/li>\n<li>\u00c7ocuklar, \u00c7ocuklar, \u00c7ocuk, Bebek, Yeni Do\u011fan i\u00e7in uygundur.<\/li>\n<li>22 ayar damgal\u0131 \u00e7ocuk alt\u0131n tak\u0131lar\u0131.<\/li>\n<li>\u00a0Uzunluk: 5,75 \u0130n\u00e7<\/li>\n<li>A\u011f\u0131rl\u0131k 6.6grms<\/li>\n<li>SKU 45842<\/li>\n<li>T\u00fcm fiyatlara KDV dahildir<\/li>\n<li>Londra Tahlil Ofisi Taraf\u0131ndan Damgalanm\u0131\u015f 22 Ayar Alt\u0131n<\/li>\n<li>Sunum Kutusu ile Birlikte Gelir<\/li>\n<li>Teslimat Dahil<\/li>\n<li>Stok durumu ve stokta bulunan benzer tasar\u0131mlar\u0131n daha fazla g\u00f6r\u00fcnt\u00fcs\u00fc i\u00e7in bizimle canl\u0131 sohbet edin<\/li>\n<\/ul>","protected":false},"featured_media":359332,"comment_status":"closed","ping_status":"closed","template":"","meta":{"_eb_attr":"","_crsspst_to_jayantr4sg-hostcom":true},"product_brand":[],"product_cat":[5672,1576,1790,1229,1436,5943,5338,5349],"product_tag":[],"class_list":{"0":"post-339086","1":"product","2":"type-product","3":"status-publish","4":"has-post-thumbnail","6":"product_cat-baby-gold-bracelet","7":"product_cat-childrens-jewellery","8":"product_cat-for-whom-when","9":"product_cat-22ct-gold-jewellery","10":"product_cat-kids-bracelet-kada","11":"product_cat-kids-jewellery","12":"product_cat-shop-by-price","13":"product_cat-yellow-gold-jewellery","15":"first","16":"instock","17":"taxable","18":"shipping-taxable","19":"purchasable","20":"product-type-simple","21":"add-to-wishlist-before_image"},"yoast_head":"<!-- This site is optimized with the Yoast SEO plugin v27.3 - https:\/\/yoast.com\/product\/yoast-seo-wordpress\/ -->\n<title>22ct Gold fancy Jewellery bracelet for kids<\/title>\n<meta name=\"description\" content=\"Buy beautiful and stylish 22ct gold fancy jewellery bracelets for kids at PureJewels UK. Our bracelets are made with the finest quality gold and come in a variety of designs.\" \/>\n<meta name=\"robots\" content=\"index, follow, max-snippet:-1, max-image-preview:large, max-video-preview:-1\" \/>\n<link rel=\"canonical\" href=\"https:\/\/www.purejewels.com\/tr\/urun\/22-ayar-altin-cocuk-bilekligi-45842\/\" \/>\n<meta property=\"og:locale\" content=\"tr_TR\" \/>\n<meta property=\"og:type\" content=\"article\" \/>\n<meta property=\"og:title\" content=\"22ct Gold fancy Jewellery bracelet for kids\" \/>\n<meta property=\"og:description\" content=\"Buy beautiful and stylish 22ct gold fancy jewellery bracelets for kids at PureJewels UK. Our bracelets are made with the finest quality gold and come in a variety of designs.\" \/>\n<meta property=\"og:url\" content=\"https:\/\/www.purejewels.com\/tr\/urun\/22-ayar-altin-cocuk-bilekligi-45842\/\" \/>\n<meta property=\"og:site_name\" content=\"PureJewels UK\" \/>\n<meta property=\"article:modified_time\" content=\"2026-03-26T06:43:43+00:00\" \/>\n<meta property=\"og:image\" content=\"https:\/\/static.purejewels.com\/wp-content\/uploads\/2022\/10\/45842.png\" \/>\n\t<meta property=\"og:image:width\" content=\"1000\" \/>\n\t<meta property=\"og:image:height\" content=\"1000\" \/>\n\t<meta property=\"og:image:type\" content=\"image\/png\" \/>\n<meta name=\"twitter:card\" content=\"summary_large_image\" \/>\n<meta name=\"twitter:label1\" content=\"Tahmini okuma s\u00fcresi\" \/>\n\t<meta name=\"twitter:data1\" content=\"1 dakika\" \/>\n<script type=\"application\/ld+json\" class=\"yoast-schema-graph\">{\"@context\":\"https:\\\/\\\/schema.org\",\"@graph\":[{\"@type\":[\"WebPage\",\"ItemPage\"],\"@id\":\"https:\\\/\\\/www.purejewels.com\\\/product\\\/22ct-gold-kids-bracelet-45842\\\/\",\"url\":\"https:\\\/\\\/www.purejewels.com\\\/product\\\/22ct-gold-kids-bracelet-45842\\\/\",\"name\":\"22ct Gold fancy Jewellery bracelet for kids\",\"isPartOf\":{\"@id\":\"https:\\\/\\\/www.purejewels.com\\\/#website\"},\"primaryImageOfPage\":{\"@id\":\"https:\\\/\\\/www.purejewels.com\\\/product\\\/22ct-gold-kids-bracelet-45842\\\/#primaryimage\"},\"image\":{\"@id\":\"https:\\\/\\\/www.purejewels.com\\\/product\\\/22ct-gold-kids-bracelet-45842\\\/#primaryimage\"},\"thumbnailUrl\":\"https:\\\/\\\/static.purejewels.com\\\/wp-content\\\/uploads\\\/2022\\\/10\\\/45842.png\",\"datePublished\":\"2022-10-01T08:09:09+00:00\",\"dateModified\":\"2026-03-26T06:43:43+00:00\",\"description\":\"Buy beautiful and stylish 22ct gold fancy jewellery bracelets for kids at PureJewels UK. Our bracelets are made with the finest quality gold and come in a variety of designs.\",\"breadcrumb\":{\"@id\":\"https:\\\/\\\/www.purejewels.com\\\/product\\\/22ct-gold-kids-bracelet-45842\\\/#breadcrumb\"},\"inLanguage\":\"tr\",\"potentialAction\":[{\"@type\":\"ReadAction\",\"target\":[\"https:\\\/\\\/www.purejewels.com\\\/product\\\/22ct-gold-kids-bracelet-45842\\\/\"]}]},{\"@type\":\"ImageObject\",\"inLanguage\":\"tr\",\"@id\":\"https:\\\/\\\/www.purejewels.com\\\/product\\\/22ct-gold-kids-bracelet-45842\\\/#primaryimage\",\"url\":\"https:\\\/\\\/static.purejewels.com\\\/wp-content\\\/uploads\\\/2022\\\/10\\\/45842.png\",\"contentUrl\":\"https:\\\/\\\/static.purejewels.com\\\/wp-content\\\/uploads\\\/2022\\\/10\\\/45842.png\",\"width\":1000,\"height\":1000,\"caption\":\"22ct Gold kid Bracelet\"},{\"@type\":\"BreadcrumbList\",\"@id\":\"https:\\\/\\\/www.purejewels.com\\\/product\\\/22ct-gold-kids-bracelet-45842\\\/#breadcrumb\",\"itemListElement\":[{\"@type\":\"ListItem\",\"position\":1,\"name\":\"Home\",\"item\":\"https:\\\/\\\/www.purejewels.com\\\/\"},{\"@type\":\"ListItem\",\"position\":2,\"name\":\"Shop\",\"item\":\"https:\\\/\\\/www.purejewels.com\\\/shop\\\/\"},{\"@type\":\"ListItem\",\"position\":3,\"name\":\"22ct Gold Kids Bracelet | 5.75 Inches&#8217;\"}]},{\"@type\":\"WebSite\",\"@id\":\"https:\\\/\\\/www.purejewels.com\\\/#website\",\"url\":\"https:\\\/\\\/www.purejewels.com\\\/\",\"name\":\"PureJewels UK\",\"description\":\"Share the Love\",\"publisher\":{\"@id\":\"https:\\\/\\\/www.purejewels.com\\\/#organization\"},\"potentialAction\":[{\"@type\":\"SearchAction\",\"target\":{\"@type\":\"EntryPoint\",\"urlTemplate\":\"https:\\\/\\\/www.purejewels.com\\\/?s={search_term_string}\"},\"query-input\":{\"@type\":\"PropertyValueSpecification\",\"valueRequired\":true,\"valueName\":\"search_term_string\"}}],\"inLanguage\":\"tr\"},{\"@type\":\"Organization\",\"@id\":\"https:\\\/\\\/www.purejewels.com\\\/#organization\",\"name\":\"PureJewels UK\",\"url\":\"https:\\\/\\\/www.purejewels.com\\\/\",\"logo\":{\"@type\":\"ImageObject\",\"inLanguage\":\"tr\",\"@id\":\"https:\\\/\\\/www.purejewels.com\\\/#\\\/schema\\\/logo\\\/image\\\/\",\"url\":\"https:\\\/\\\/static.purejewels.com\\\/wp-content\\\/uploads\\\/2020\\\/11\\\/Logo-PJ-New-1.png\",\"contentUrl\":\"https:\\\/\\\/static.purejewels.com\\\/wp-content\\\/uploads\\\/2020\\\/11\\\/Logo-PJ-New-1.png\",\"width\":150,\"height\":80,\"caption\":\"PureJewels UK\"},\"image\":{\"@id\":\"https:\\\/\\\/www.purejewels.com\\\/#\\\/schema\\\/logo\\\/image\\\/\"}}]}<\/script>\n<!-- \/ Yoast SEO plugin. -->","yoast_head_json":{"title":"\u00c7ocuklar i\u00e7in 22 ayar alt\u0131n s\u00fcsl\u00fc m\u00fccevher bileklik","description":"PureJewels UK'de \u00e7ocuklar i\u00e7in g\u00fczel ve \u015f\u0131k 22 ayar alt\u0131n fantezi m\u00fccevher bilezikler sat\u0131n al\u0131n. Bileziklerimiz en iyi kalite alt\u0131ndan yap\u0131lm\u0131\u015ft\u0131r ve \u00e7e\u015fitli tasar\u0131mlara sahiptir.","robots":{"index":"index","follow":"follow","max-snippet":"max-snippet:-1","max-image-preview":"max-image-preview:large","max-video-preview":"max-video-preview:-1"},"canonical":"https:\/\/www.purejewels.com\/tr\/urun\/22-ayar-altin-cocuk-bilekligi-45842\/","og_locale":"tr_TR","og_type":"article","og_title":"22ct Gold fancy Jewellery bracelet for kids","og_description":"Buy beautiful and stylish 22ct gold fancy jewellery bracelets for kids at PureJewels UK. Our bracelets are made with the finest quality gold and come in a variety of designs.","og_url":"https:\/\/www.purejewels.com\/tr\/urun\/22-ayar-altin-cocuk-bilekligi-45842\/","og_site_name":"PureJewels UK","article_modified_time":"2026-03-26T06:43:43+00:00","og_image":[{"width":1000,"height":1000,"url":"https:\/\/static.purejewels.com\/wp-content\/uploads\/2022\/10\/45842.png","type":"image\/png"}],"twitter_card":"summary_large_image","twitter_misc":{"Tahmini okuma s\u00fcresi":"1 dakika"},"schema":{"@context":"https:\/\/schema.org","@graph":[{"@type":["WebPage","ItemPage"],"@id":"https:\/\/www.purejewels.com\/product\/22ct-gold-kids-bracelet-45842\/","url":"https:\/\/www.purejewels.com\/product\/22ct-gold-kids-bracelet-45842\/","name":"\u00c7ocuklar i\u00e7in 22 ayar alt\u0131n s\u00fcsl\u00fc m\u00fccevher bileklik","isPartOf":{"@id":"https:\/\/www.purejewels.com\/#website"},"primaryImageOfPage":{"@id":"https:\/\/www.purejewels.com\/product\/22ct-gold-kids-bracelet-45842\/#primaryimage"},"image":{"@id":"https:\/\/www.purejewels.com\/product\/22ct-gold-kids-bracelet-45842\/#primaryimage"},"thumbnailUrl":"https:\/\/static.purejewels.com\/wp-content\/uploads\/2022\/10\/45842.png","datePublished":"2022-10-01T08:09:09+00:00","dateModified":"2026-03-26T06:43:43+00:00","description":"PureJewels UK'de \u00e7ocuklar i\u00e7in g\u00fczel ve \u015f\u0131k 22 ayar alt\u0131n fantezi m\u00fccevher bilezikler sat\u0131n al\u0131n. Bileziklerimiz en iyi kalite alt\u0131ndan yap\u0131lm\u0131\u015ft\u0131r ve \u00e7e\u015fitli tasar\u0131mlara sahiptir.","breadcrumb":{"@id":"https:\/\/www.purejewels.com\/product\/22ct-gold-kids-bracelet-45842\/#breadcrumb"},"inLanguage":"tr","potentialAction":[{"@type":"ReadAction","target":["https:\/\/www.purejewels.com\/product\/22ct-gold-kids-bracelet-45842\/"]}]},{"@type":"ImageObject","inLanguage":"tr","@id":"https:\/\/www.purejewels.com\/product\/22ct-gold-kids-bracelet-45842\/#primaryimage","url":"https:\/\/static.purejewels.com\/wp-content\/uploads\/2022\/10\/45842.png","contentUrl":"https:\/\/static.purejewels.com\/wp-content\/uploads\/2022\/10\/45842.png","width":1000,"height":1000,"caption":"22ct Gold kid Bracelet"},{"@type":"BreadcrumbList","@id":"https:\/\/www.purejewels.com\/product\/22ct-gold-kids-bracelet-45842\/#breadcrumb","itemListElement":[{"@type":"ListItem","position":1,"name":"Home","item":"https:\/\/www.purejewels.com\/"},{"@type":"ListItem","position":2,"name":"Shop","item":"https:\/\/www.purejewels.com\/shop\/"},{"@type":"ListItem","position":3,"name":"22ct Gold Kids Bracelet | 5.75 Inches&#8217;"}]},{"@type":"WebSite","@id":"https:\/\/www.purejewels.com\/#website","url":"https:\/\/www.purejewels.com\/","name":"PureJewels \u0130ngiltere","description":"Sevgiyi Payla\u015f\u0131n","publisher":{"@id":"https:\/\/www.purejewels.com\/#organization"},"potentialAction":[{"@type":"SearchAction","target":{"@type":"EntryPoint","urlTemplate":"https:\/\/www.purejewels.com\/?s={search_term_string}"},"query-input":{"@type":"PropertyValueSpecification","valueRequired":true,"valueName":"search_term_string"}}],"inLanguage":"tr"},{"@type":"Organization","@id":"https:\/\/www.purejewels.com\/#organization","name":"PureJewels \u0130ngiltere","url":"https:\/\/www.purejewels.com\/","logo":{"@type":"ImageObject","inLanguage":"tr","@id":"https:\/\/www.purejewels.com\/#\/schema\/logo\/image\/","url":"https:\/\/static.purejewels.com\/wp-content\/uploads\/2020\/11\/Logo-PJ-New-1.png","contentUrl":"https:\/\/static.purejewels.com\/wp-content\/uploads\/2020\/11\/Logo-PJ-New-1.png","width":150,"height":80,"caption":"PureJewels UK"},"image":{"@id":"https:\/\/www.purejewels.com\/#\/schema\/logo\/image\/"}}]}},"_links":{"self":[{"href":"https:\/\/www.purejewels.com\/tr\/wp-json\/wp\/v2\/product\/339086","targetHints":{"allow":["GET"]}}],"collection":[{"href":"https:\/\/www.purejewels.com\/tr\/wp-json\/wp\/v2\/product"}],"about":[{"href":"https:\/\/www.purejewels.com\/tr\/wp-json\/wp\/v2\/types\/product"}],"replies":[{"embeddable":true,"href":"https:\/\/www.purejewels.com\/tr\/wp-json\/wp\/v2\/comments?post=339086"}],"version-history":[{"count":3,"href":"https:\/\/www.purejewels.com\/tr\/wp-json\/wp\/v2\/product\/339086\/revisions"}],"predecessor-version":[{"id":417940,"href":"https:\/\/www.purejewels.com\/tr\/wp-json\/wp\/v2\/product\/339086\/revisions\/417940"}],"wp:featuredmedia":[{"embeddable":true,"href":"https:\/\/www.purejewels.com\/tr\/wp-json\/wp\/v2\/media\/359332"}],"wp:attachment":[{"href":"https:\/\/www.purejewels.com\/tr\/wp-json\/wp\/v2\/media?parent=339086"}],"wp:term":[{"taxonomy":"product_brand","embeddable":true,"href":"https:\/\/www.purejewels.com\/tr\/wp-json\/wp\/v2\/product_brand?post=339086"},{"taxonomy":"product_cat","embeddable":true,"href":"https:\/\/www.purejewels.com\/tr\/wp-json\/wp\/v2\/product_cat?post=339086"},{"taxonomy":"product_tag","embeddable":true,"href":"https:\/\/www.purejewels.com\/tr\/wp-json\/wp\/v2\/product_tag?post=339086"}],"curies":[{"name":"wp","href":"https:\/\/api.w.org\/{rel}","templated":true}]}}