{"id":339109,"date":"2022-10-01T10:19:40","date_gmt":"2022-10-01T09:19:40","guid":{"rendered":"https:\/\/www.purejewels.com\/?post_type=product&#038;p=339109"},"modified":"2026-02-04T10:47:43","modified_gmt":"2026-02-04T10:47:43","slug":"bayanlar-icin-22-ayar-altin-alyans-m-4-4mm-42949","status":"publish","type":"product","link":"https:\/\/www.purejewels.com\/tr\/product\/22ct-gold-wedding-band-for-ladies-size-m-4-4mm-42949\/","title":{"rendered":"Bayanlar i\u00e7in 22 Ayar Alt\u0131n Alyans | M Beden"},"content":{"rendered":"<p>Bayanlar i\u00e7in bu zarif 22 Ayar Alt\u0131n Alyans, sonsuz a\u015fk\u0131n ve ba\u011fl\u0131l\u0131\u011f\u0131n m\u00fckemmel bir sembol\u00fcd\u00fcr. Hassasiyet ve detaylara g\u00f6sterilen \u00f6zenle haz\u0131rlanan bu \u00e7arp\u0131c\u0131 y\u00fcz\u00fck 3,1 gram a\u011f\u0131rl\u0131\u011f\u0131ndad\u0131r ve M beden olarak mevcuttur. Bu y\u00fcz\u00fc\u011f\u00fcn klasik tasar\u0131m\u0131, onu \u00f6m\u00fcr boyu el \u00fcst\u00fcnde tutulabilecek zamans\u0131z bir par\u00e7a haline getirmektedir.<\/p>\n<p>\u00dcr\u00fcnlerimizin her biri Londra Assay Ofisi taraf\u0131ndan damgalanarak alt\u0131n\u0131n kalitesini ve orijinalli\u011fini garanti eder. Bu alyans, hediye etmek veya g\u00fcvenli bir \u015fekilde saklamak i\u00e7in ideal olan bir sunum kutusuyla birlikte gelir. \u0130ster bir alyans ister g\u00fcnl\u00fck kullan\u0131m i\u00e7in bir y\u00fcz\u00fck ar\u0131yor olun, bu 22 ayar alt\u0131n y\u00fcz\u00fck \u00e7ok y\u00f6nl\u00fc bir se\u00e7imdir.<\/p>\n<p>Benzer y\u00fcz\u00fckleri ke\u015ffetmek ve koleksiyonunuz i\u00e7in m\u00fckemmel par\u00e7ay\u0131 bulmak i\u00e7in bug\u00fcn bize ula\u015f\u0131n.<\/p>","protected":false},"excerpt":{"rendered":"<ul>\n<li>Bayanlar \u0130\u00e7in 22 Ayar Alt\u0131n Alyans<\/li>\n<li>A\u011f\u0131rl\u0131k 3.1gms<\/li>\n<li>Y\u00fcz\u00fck \u00d6l\u00e7\u00fcs\u00fc. M<\/li>\n<li><span id=\"urn:enhancement-b80a25bb\" class=\"textannotation\">SKU: 42949<\/span><\/li>\n<li>Cinsiyet: Kad\u0131n<\/li>\n<li>Olabilir\u00a0<span id=\"urn:enhancement-c1b7fb96\" class=\"textannotation\">sipari\u015f \u00fczerine<\/span>\u00a0parmak \u00f6l\u00e7\u00fcn\u00fcze g\u00f6re<\/li>\n<li>B\u00fct\u00fcn\u00a0<span id=\"urn:enhancement-48edcf47\" class=\"textannotation\">\u00fcr\u00fcnler<\/span>\u00a0Londra taraf\u0131ndan damgalanm\u0131\u015ft\u0131r\u00a0<span id=\"urn:enhancement-452a3ce\" class=\"textannotation\">Tahlil Ofisi<\/span><\/li>\n<li>Sunum ile Birlikte Gelir\u00a0<span id=\"urn:enhancement-ac5abee4\" class=\"textannotation\">Kutu<\/span><\/li>\n<li>Teslimat Dahil<\/li>\n<li>T\u00fcm fiyatlara KDV dahildir<\/li>\n<li>Benzerleri ke\u015ffetmek i\u00e7in bize ula\u015f\u0131n <span id=\"urn:enhancement-1162a1de\" class=\"textannotation\">halkalar<\/span><\/li>\n<\/ul>","protected":false},"featured_media":339110,"comment_status":"closed","ping_status":"closed","template":"","meta":{"_eb_attr":"","_crsspst_to_jayantr4sg-hostcom":true},"product_brand":[],"product_cat":[1640,1785,1229,1235,5344,1783,5338,229,226,5303,5297],"product_tag":[64],"class_list":{"0":"post-339109","1":"product","2":"type-product","3":"status-publish","4":"has-post-thumbnail","6":"product_cat-22ct-gold-bands","7":"product_cat-daily-wear-rings","8":"product_cat-22ct-gold-jewellery","9":"product_cat-gold-rings","10":"product_cat-jewellery-under-750","11":"product_cat-ladies-rings","12":"product_cat-shop-by-price","13":"product_cat-wedding-bands","14":"product_cat-wedding-rings-bands","15":"product_cat-womens-yellow-gold-bands","16":"product_cat-yellow-gold-wedding-bands","17":"product_tag-rings","19":"first","20":"instock","21":"taxable","22":"shipping-taxable","23":"purchasable","24":"product-type-simple","25":"add-to-wishlist-before_image"},"yoast_head":"<!-- This site is optimized with the Yoast SEO plugin v27.3 - https:\/\/yoast.com\/product\/yoast-seo-wordpress\/ -->\n<title>22ct Gold Wedding Band for Ladies | Size M | Online Shopping<\/title>\n<meta name=\"description\" content=\"Fancy Wedding bands designs in gold without stones at PureJewels, London. we carry gold rings for a Ladies for all kinds of occasions. | Purejewels UK\" \/>\n<meta name=\"robots\" content=\"index, follow, max-snippet:-1, max-image-preview:large, max-video-preview:-1\" \/>\n<link rel=\"canonical\" href=\"https:\/\/www.purejewels.com\/tr\/urun\/bayanlar-icin-22-ayar-altin-alyans-m-4-4mm-42949\/\" \/>\n<meta property=\"og:locale\" content=\"tr_TR\" \/>\n<meta property=\"og:type\" content=\"article\" \/>\n<meta property=\"og:title\" content=\"22ct Gold Wedding Band for Ladies | Size M | Online Shopping\" \/>\n<meta property=\"og:description\" content=\"Fancy Wedding bands designs in gold without stones at PureJewels, London. we carry gold rings for a Ladies for all kinds of occasions. | Purejewels UK\" \/>\n<meta property=\"og:url\" content=\"https:\/\/www.purejewels.com\/tr\/urun\/bayanlar-icin-22-ayar-altin-alyans-m-4-4mm-42949\/\" \/>\n<meta property=\"og:site_name\" content=\"PureJewels UK\" \/>\n<meta property=\"article:modified_time\" content=\"2026-02-04T10:47:43+00:00\" \/>\n<meta property=\"og:image\" content=\"https:\/\/static.purejewels.com\/wp-content\/uploads\/2022\/10\/42949-1.jpg\" \/>\n\t<meta property=\"og:image:width\" content=\"1000\" \/>\n\t<meta property=\"og:image:height\" content=\"1000\" \/>\n\t<meta property=\"og:image:type\" content=\"image\/jpeg\" \/>\n<meta name=\"twitter:card\" content=\"summary_large_image\" \/>\n<meta name=\"twitter:label1\" content=\"Tahmini okuma s\u00fcresi\" \/>\n\t<meta name=\"twitter:data1\" content=\"1 dakika\" \/>\n<script type=\"application\/ld+json\" class=\"yoast-schema-graph\">{\"@context\":\"https:\\\/\\\/schema.org\",\"@graph\":[{\"@type\":[\"WebPage\",\"ItemPage\"],\"@id\":\"https:\\\/\\\/www.purejewels.com\\\/product\\\/22ct-gold-wedding-band-for-ladies-size-m-4-4mm-42949\\\/\",\"url\":\"https:\\\/\\\/www.purejewels.com\\\/product\\\/22ct-gold-wedding-band-for-ladies-size-m-4-4mm-42949\\\/\",\"name\":\"22ct Gold Wedding Band for Ladies | Size M | Online Shopping\",\"isPartOf\":{\"@id\":\"https:\\\/\\\/www.purejewels.com\\\/#website\"},\"primaryImageOfPage\":{\"@id\":\"https:\\\/\\\/www.purejewels.com\\\/product\\\/22ct-gold-wedding-band-for-ladies-size-m-4-4mm-42949\\\/#primaryimage\"},\"image\":{\"@id\":\"https:\\\/\\\/www.purejewels.com\\\/product\\\/22ct-gold-wedding-band-for-ladies-size-m-4-4mm-42949\\\/#primaryimage\"},\"thumbnailUrl\":\"https:\\\/\\\/static.purejewels.com\\\/wp-content\\\/uploads\\\/2022\\\/10\\\/42949-1.jpg\",\"datePublished\":\"2022-10-01T09:19:40+00:00\",\"dateModified\":\"2026-02-04T10:47:43+00:00\",\"description\":\"Fancy Wedding bands designs in gold without stones at PureJewels, London. we carry gold rings for a Ladies for all kinds of occasions. | Purejewels UK\",\"breadcrumb\":{\"@id\":\"https:\\\/\\\/www.purejewels.com\\\/product\\\/22ct-gold-wedding-band-for-ladies-size-m-4-4mm-42949\\\/#breadcrumb\"},\"inLanguage\":\"tr\",\"potentialAction\":[{\"@type\":\"ReadAction\",\"target\":[\"https:\\\/\\\/www.purejewels.com\\\/product\\\/22ct-gold-wedding-band-for-ladies-size-m-4-4mm-42949\\\/\"]}]},{\"@type\":\"ImageObject\",\"inLanguage\":\"tr\",\"@id\":\"https:\\\/\\\/www.purejewels.com\\\/product\\\/22ct-gold-wedding-band-for-ladies-size-m-4-4mm-42949\\\/#primaryimage\",\"url\":\"https:\\\/\\\/static.purejewels.com\\\/wp-content\\\/uploads\\\/2022\\\/10\\\/42949-1.jpg\",\"contentUrl\":\"https:\\\/\\\/static.purejewels.com\\\/wp-content\\\/uploads\\\/2022\\\/10\\\/42949-1.jpg\",\"width\":1000,\"height\":1000,\"caption\":\"22ct Gold Wedding Band for Ladies | Size M | 4.4mm\"},{\"@type\":\"BreadcrumbList\",\"@id\":\"https:\\\/\\\/www.purejewels.com\\\/product\\\/22ct-gold-wedding-band-for-ladies-size-m-4-4mm-42949\\\/#breadcrumb\",\"itemListElement\":[{\"@type\":\"ListItem\",\"position\":1,\"name\":\"Home\",\"item\":\"https:\\\/\\\/www.purejewels.com\\\/\"},{\"@type\":\"ListItem\",\"position\":2,\"name\":\"Shop\",\"item\":\"https:\\\/\\\/www.purejewels.com\\\/shop\\\/\"},{\"@type\":\"ListItem\",\"position\":3,\"name\":\"22ct Gold Wedding Band for Ladies | Size M\"}]},{\"@type\":\"WebSite\",\"@id\":\"https:\\\/\\\/www.purejewels.com\\\/#website\",\"url\":\"https:\\\/\\\/www.purejewels.com\\\/\",\"name\":\"PureJewels UK\",\"description\":\"Share the Love\",\"publisher\":{\"@id\":\"https:\\\/\\\/www.purejewels.com\\\/#organization\"},\"potentialAction\":[{\"@type\":\"SearchAction\",\"target\":{\"@type\":\"EntryPoint\",\"urlTemplate\":\"https:\\\/\\\/www.purejewels.com\\\/?s={search_term_string}\"},\"query-input\":{\"@type\":\"PropertyValueSpecification\",\"valueRequired\":true,\"valueName\":\"search_term_string\"}}],\"inLanguage\":\"tr\"},{\"@type\":\"Organization\",\"@id\":\"https:\\\/\\\/www.purejewels.com\\\/#organization\",\"name\":\"PureJewels UK\",\"url\":\"https:\\\/\\\/www.purejewels.com\\\/\",\"logo\":{\"@type\":\"ImageObject\",\"inLanguage\":\"tr\",\"@id\":\"https:\\\/\\\/www.purejewels.com\\\/#\\\/schema\\\/logo\\\/image\\\/\",\"url\":\"https:\\\/\\\/static.purejewels.com\\\/wp-content\\\/uploads\\\/2020\\\/11\\\/Logo-PJ-New-1.png\",\"contentUrl\":\"https:\\\/\\\/static.purejewels.com\\\/wp-content\\\/uploads\\\/2020\\\/11\\\/Logo-PJ-New-1.png\",\"width\":150,\"height\":80,\"caption\":\"PureJewels UK\"},\"image\":{\"@id\":\"https:\\\/\\\/www.purejewels.com\\\/#\\\/schema\\\/logo\\\/image\\\/\"}}]}<\/script>\n<!-- \/ Yoast SEO plugin. -->","yoast_head_json":{"title":"Bayanlar i\u00e7in 22 Ayar Alt\u0131n Alyans | M Beden | Online Al\u0131\u015fveri\u015f","description":"PureJewels, Londra'da ta\u015fs\u0131z alt\u0131n Fantezi Alyans tasar\u0131mlar\u0131. her t\u00fcrl\u00fc durum i\u00e7in bir Bayan i\u00e7in alt\u0131n y\u00fcz\u00fckler ta\u015f\u0131yoruz. | Purejewels \u0130ngiltere","robots":{"index":"index","follow":"follow","max-snippet":"max-snippet:-1","max-image-preview":"max-image-preview:large","max-video-preview":"max-video-preview:-1"},"canonical":"https:\/\/www.purejewels.com\/tr\/urun\/bayanlar-icin-22-ayar-altin-alyans-m-4-4mm-42949\/","og_locale":"tr_TR","og_type":"article","og_title":"22ct Gold Wedding Band for Ladies | Size M | Online Shopping","og_description":"Fancy Wedding bands designs in gold without stones at PureJewels, London. we carry gold rings for a Ladies for all kinds of occasions. | Purejewels UK","og_url":"https:\/\/www.purejewels.com\/tr\/urun\/bayanlar-icin-22-ayar-altin-alyans-m-4-4mm-42949\/","og_site_name":"PureJewels UK","article_modified_time":"2026-02-04T10:47:43+00:00","og_image":[{"width":1000,"height":1000,"url":"https:\/\/static.purejewels.com\/wp-content\/uploads\/2022\/10\/42949-1.jpg","type":"image\/jpeg"}],"twitter_card":"summary_large_image","twitter_misc":{"Tahmini okuma s\u00fcresi":"1 dakika"},"schema":{"@context":"https:\/\/schema.org","@graph":[{"@type":["WebPage","ItemPage"],"@id":"https:\/\/www.purejewels.com\/product\/22ct-gold-wedding-band-for-ladies-size-m-4-4mm-42949\/","url":"https:\/\/www.purejewels.com\/product\/22ct-gold-wedding-band-for-ladies-size-m-4-4mm-42949\/","name":"Bayanlar i\u00e7in 22 Ayar Alt\u0131n Alyans | M Beden | Online Al\u0131\u015fveri\u015f","isPartOf":{"@id":"https:\/\/www.purejewels.com\/#website"},"primaryImageOfPage":{"@id":"https:\/\/www.purejewels.com\/product\/22ct-gold-wedding-band-for-ladies-size-m-4-4mm-42949\/#primaryimage"},"image":{"@id":"https:\/\/www.purejewels.com\/product\/22ct-gold-wedding-band-for-ladies-size-m-4-4mm-42949\/#primaryimage"},"thumbnailUrl":"https:\/\/static.purejewels.com\/wp-content\/uploads\/2022\/10\/42949-1.jpg","datePublished":"2022-10-01T09:19:40+00:00","dateModified":"2026-02-04T10:47:43+00:00","description":"PureJewels, Londra'da ta\u015fs\u0131z alt\u0131n Fantezi Alyans tasar\u0131mlar\u0131. her t\u00fcrl\u00fc durum i\u00e7in bir Bayan i\u00e7in alt\u0131n y\u00fcz\u00fckler ta\u015f\u0131yoruz. | Purejewels \u0130ngiltere","breadcrumb":{"@id":"https:\/\/www.purejewels.com\/product\/22ct-gold-wedding-band-for-ladies-size-m-4-4mm-42949\/#breadcrumb"},"inLanguage":"tr","potentialAction":[{"@type":"ReadAction","target":["https:\/\/www.purejewels.com\/product\/22ct-gold-wedding-band-for-ladies-size-m-4-4mm-42949\/"]}]},{"@type":"ImageObject","inLanguage":"tr","@id":"https:\/\/www.purejewels.com\/product\/22ct-gold-wedding-band-for-ladies-size-m-4-4mm-42949\/#primaryimage","url":"https:\/\/static.purejewels.com\/wp-content\/uploads\/2022\/10\/42949-1.jpg","contentUrl":"https:\/\/static.purejewels.com\/wp-content\/uploads\/2022\/10\/42949-1.jpg","width":1000,"height":1000,"caption":"22ct Gold Wedding Band for Ladies | Size M | 4.4mm"},{"@type":"BreadcrumbList","@id":"https:\/\/www.purejewels.com\/product\/22ct-gold-wedding-band-for-ladies-size-m-4-4mm-42949\/#breadcrumb","itemListElement":[{"@type":"ListItem","position":1,"name":"Home","item":"https:\/\/www.purejewels.com\/"},{"@type":"ListItem","position":2,"name":"Shop","item":"https:\/\/www.purejewels.com\/shop\/"},{"@type":"ListItem","position":3,"name":"22ct Gold Wedding Band for Ladies | Size M"}]},{"@type":"WebSite","@id":"https:\/\/www.purejewels.com\/#website","url":"https:\/\/www.purejewels.com\/","name":"PureJewels \u0130ngiltere","description":"Sevgiyi Payla\u015f\u0131n","publisher":{"@id":"https:\/\/www.purejewels.com\/#organization"},"potentialAction":[{"@type":"SearchAction","target":{"@type":"EntryPoint","urlTemplate":"https:\/\/www.purejewels.com\/?s={search_term_string}"},"query-input":{"@type":"PropertyValueSpecification","valueRequired":true,"valueName":"search_term_string"}}],"inLanguage":"tr"},{"@type":"Organization","@id":"https:\/\/www.purejewels.com\/#organization","name":"PureJewels \u0130ngiltere","url":"https:\/\/www.purejewels.com\/","logo":{"@type":"ImageObject","inLanguage":"tr","@id":"https:\/\/www.purejewels.com\/#\/schema\/logo\/image\/","url":"https:\/\/static.purejewels.com\/wp-content\/uploads\/2020\/11\/Logo-PJ-New-1.png","contentUrl":"https:\/\/static.purejewels.com\/wp-content\/uploads\/2020\/11\/Logo-PJ-New-1.png","width":150,"height":80,"caption":"PureJewels UK"},"image":{"@id":"https:\/\/www.purejewels.com\/#\/schema\/logo\/image\/"}}]}},"_links":{"self":[{"href":"https:\/\/www.purejewels.com\/tr\/wp-json\/wp\/v2\/product\/339109","targetHints":{"allow":["GET"]}}],"collection":[{"href":"https:\/\/www.purejewels.com\/tr\/wp-json\/wp\/v2\/product"}],"about":[{"href":"https:\/\/www.purejewels.com\/tr\/wp-json\/wp\/v2\/types\/product"}],"replies":[{"embeddable":true,"href":"https:\/\/www.purejewels.com\/tr\/wp-json\/wp\/v2\/comments?post=339109"}],"version-history":[{"count":4,"href":"https:\/\/www.purejewels.com\/tr\/wp-json\/wp\/v2\/product\/339109\/revisions"}],"predecessor-version":[{"id":420521,"href":"https:\/\/www.purejewels.com\/tr\/wp-json\/wp\/v2\/product\/339109\/revisions\/420521"}],"wp:featuredmedia":[{"embeddable":true,"href":"https:\/\/www.purejewels.com\/tr\/wp-json\/wp\/v2\/media\/339110"}],"wp:attachment":[{"href":"https:\/\/www.purejewels.com\/tr\/wp-json\/wp\/v2\/media?parent=339109"}],"wp:term":[{"taxonomy":"product_brand","embeddable":true,"href":"https:\/\/www.purejewels.com\/tr\/wp-json\/wp\/v2\/product_brand?post=339109"},{"taxonomy":"product_cat","embeddable":true,"href":"https:\/\/www.purejewels.com\/tr\/wp-json\/wp\/v2\/product_cat?post=339109"},{"taxonomy":"product_tag","embeddable":true,"href":"https:\/\/www.purejewels.com\/tr\/wp-json\/wp\/v2\/product_tag?post=339109"}],"curies":[{"name":"wp","href":"https:\/\/api.w.org\/{rel}","templated":true}]}}