{"id":339275,"date":"2022-10-06T08:57:04","date_gmt":"2022-10-06T07:57:04","guid":{"rendered":"https:\/\/www.purejewels.com\/?post_type=product&#038;p=339275"},"modified":"2026-01-07T06:08:29","modified_gmt":"2026-01-07T06:08:29","slug":"bayanlar-icin-22-ayar-altin-yuzuk-o-beden-rodyum-kaplama-42848","status":"publish","type":"product","link":"https:\/\/www.purejewels.com\/tr\/product\/22ct-gold-ring-for-ladies-size-o-rhodium-finish-42848\/","title":{"rendered":"Bayanlar i\u00e7in 22 Ayar Alt\u0131n Y\u00fcz\u00fck | O Beden"},"content":{"rendered":"<p>SKU: 45419<br \/>\n<b>Aral\u0131k Kimli\u011fi <\/b>YGLR543<\/p>","protected":false},"excerpt":{"rendered":"<ul>\n<li>Bayanlar \u0130\u00e7in 22 Ayar Alt\u0131n Y\u00fcz\u00fck<\/li>\n<li>A\u011f\u0131rl\u0131k 2,3 gram<\/li>\n<li>Y\u00fcz\u00fck \u00d6l\u00e7\u00fcs\u00fc. O<\/li>\n<li><span id=\"urn:enhancement-b80a25bb\" class=\"textannotation\">SKU: 45419<\/span><\/li>\n<li>Olabilir\u00a0<span id=\"urn:enhancement-c1b7fb96\" class=\"textannotation\">sipari\u015f \u00fczerine<\/span>\u00a0parmak \u00f6l\u00e7\u00fcn\u00fcze g\u00f6re<\/li>\n<li>B\u00fct\u00fcn\u00a0<span id=\"urn:enhancement-48edcf47\" class=\"textannotation\">\u00fcr\u00fcnler<\/span>\u00a0Londra taraf\u0131ndan damgalanm\u0131\u015ft\u0131r\u00a0<span id=\"urn:enhancement-452a3ce\" class=\"textannotation\">Tahlil Ofisi<\/span><\/li>\n<li>Sunum ile Birlikte Gelir\u00a0<span id=\"urn:enhancement-ac5abee4\" class=\"textannotation\">Kutu<\/span><\/li>\n<li>Teslimat Dahil<\/li>\n<li>T\u00fcm fiyatlara KDV dahildir<\/li>\n<li>Alt\u0131n Y\u00fcz\u00fck Koleksiyonumuzu Ke\u015ffedin<\/li>\n<li>Benzerleri ke\u015ffetmek i\u00e7in bize ula\u015f\u0131n <span id=\"urn:enhancement-1162a1de\" class=\"textannotation\">halkalar<\/span><\/li>\n<\/ul>","protected":false},"featured_media":351064,"comment_status":"closed","ping_status":"closed","template":"","meta":{"_eb_attr":"","_crsspst_to_jayantr4sg-hostcom":true},"product_brand":[],"product_cat":[1785,1793,1792,1229,1235,252,1783],"product_tag":[64],"class_list":{"0":"post-339275","1":"product","2":"type-product","3":"status-publish","4":"has-post-thumbnail","6":"product_cat-daily-wear-rings","7":"product_cat-diwali-gifts","8":"product_cat-festival-gifts","9":"product_cat-22ct-gold-jewellery","10":"product_cat-gold-rings","11":"product_cat-jali-collections","12":"product_cat-ladies-rings","13":"product_tag-rings","15":"first","16":"outofstock","17":"sale","18":"taxable","19":"shipping-taxable","20":"product-type-simple","21":"add-to-wishlist-before_image"},"yoast_head":"<!-- This site is optimized with the Yoast SEO plugin v27.6 - https:\/\/yoast.com\/product\/yoast-seo-wordpress\/ -->\n<title>22ct Gold Ring for Ladies | Online Shopping UK<\/title>\n<meta name=\"robots\" content=\"index, follow, max-snippet:-1, max-image-preview:large, max-video-preview:-1\" \/>\n<link rel=\"canonical\" href=\"https:\/\/www.purejewels.com\/tr\/urun\/bayanlar-icin-22-ayar-altin-yuzuk-o-beden-rodyum-kaplama-42848\/\" \/>\n<meta property=\"og:locale\" content=\"tr_TR\" \/>\n<meta property=\"og:type\" content=\"article\" \/>\n<meta property=\"og:title\" content=\"22ct Gold Ring for Ladies | Online Shopping UK\" \/>\n<meta property=\"og:description\" content=\"22ct Gold Ring For Ladies  Wt. 2.3gms  Ring Size. O  SKU: 45419  Can be\u00a0made to order\u00a0to your finger size  All our\u00a0products\u00a0are hallmarked by London\u00a0Assay Office  Comes With Presentation\u00a0Box  Delivery Included  All prices include VAT  Explore our\u00a0Gold Rings\u00a0Collection  Contact us to explore similar rings\" \/>\n<meta property=\"og:url\" content=\"https:\/\/www.purejewels.com\/tr\/urun\/bayanlar-icin-22-ayar-altin-yuzuk-o-beden-rodyum-kaplama-42848\/\" \/>\n<meta property=\"og:site_name\" content=\"PureJewels UK\" \/>\n<meta property=\"article:modified_time\" content=\"2026-01-07T06:08:29+00:00\" \/>\n<meta property=\"og:image\" content=\"https:\/\/www.purejewels.com\/wp-content\/uploads\/2022\/10\/SKU-45419.jpg\" \/>\n\t<meta property=\"og:image:width\" content=\"1\" \/>\n\t<meta property=\"og:image:height\" content=\"1\" \/>\n\t<meta property=\"og:image:type\" content=\"image\/jpeg\" \/>\n<meta name=\"twitter:card\" content=\"summary_large_image\" \/>\n<meta name=\"twitter:label1\" content=\"Tahmini okuma s\u00fcresi\" \/>\n\t<meta name=\"twitter:data1\" content=\"1 dakika\" \/>\n<script type=\"application\/ld+json\" class=\"yoast-schema-graph\">{\"@context\":\"https:\\\/\\\/schema.org\",\"@graph\":[{\"@type\":[\"WebPage\",\"ItemPage\"],\"@id\":\"https:\\\/\\\/www.purejewels.com\\\/product\\\/22ct-gold-ring-for-ladies-size-o-rhodium-finish-42848\\\/\",\"url\":\"https:\\\/\\\/www.purejewels.com\\\/product\\\/22ct-gold-ring-for-ladies-size-o-rhodium-finish-42848\\\/\",\"name\":\"22ct Gold Ring for Ladies | Online Shopping UK\",\"isPartOf\":{\"@id\":\"https:\\\/\\\/www.purejewels.com\\\/#website\"},\"primaryImageOfPage\":{\"@id\":\"https:\\\/\\\/www.purejewels.com\\\/product\\\/22ct-gold-ring-for-ladies-size-o-rhodium-finish-42848\\\/#primaryimage\"},\"image\":{\"@id\":\"https:\\\/\\\/www.purejewels.com\\\/product\\\/22ct-gold-ring-for-ladies-size-o-rhodium-finish-42848\\\/#primaryimage\"},\"thumbnailUrl\":\"https:\\\/\\\/static.purejewels.com\\\/wp-content\\\/uploads\\\/2022\\\/10\\\/SKU-45419.jpg\",\"datePublished\":\"2022-10-06T07:57:04+00:00\",\"dateModified\":\"2026-01-07T06:08:29+00:00\",\"breadcrumb\":{\"@id\":\"https:\\\/\\\/www.purejewels.com\\\/product\\\/22ct-gold-ring-for-ladies-size-o-rhodium-finish-42848\\\/#breadcrumb\"},\"inLanguage\":\"tr\",\"potentialAction\":[{\"@type\":\"ReadAction\",\"target\":[\"https:\\\/\\\/www.purejewels.com\\\/product\\\/22ct-gold-ring-for-ladies-size-o-rhodium-finish-42848\\\/\"]}]},{\"@type\":\"ImageObject\",\"inLanguage\":\"tr\",\"@id\":\"https:\\\/\\\/www.purejewels.com\\\/product\\\/22ct-gold-ring-for-ladies-size-o-rhodium-finish-42848\\\/#primaryimage\",\"url\":\"https:\\\/\\\/static.purejewels.com\\\/wp-content\\\/uploads\\\/2022\\\/10\\\/SKU-45419.jpg\",\"contentUrl\":\"https:\\\/\\\/static.purejewels.com\\\/wp-content\\\/uploads\\\/2022\\\/10\\\/SKU-45419.jpg\",\"caption\":\"22ct Gold Ring for Ladies\"},{\"@type\":\"BreadcrumbList\",\"@id\":\"https:\\\/\\\/www.purejewels.com\\\/product\\\/22ct-gold-ring-for-ladies-size-o-rhodium-finish-42848\\\/#breadcrumb\",\"itemListElement\":[{\"@type\":\"ListItem\",\"position\":1,\"name\":\"Home\",\"item\":\"https:\\\/\\\/www.purejewels.com\\\/\"},{\"@type\":\"ListItem\",\"position\":2,\"name\":\"Shop\",\"item\":\"https:\\\/\\\/www.purejewels.com\\\/shop\\\/\"},{\"@type\":\"ListItem\",\"position\":3,\"name\":\"22ct Gold Ring for Ladies | Size O\"}]},{\"@type\":\"WebSite\",\"@id\":\"https:\\\/\\\/www.purejewels.com\\\/#website\",\"url\":\"https:\\\/\\\/www.purejewels.com\\\/\",\"name\":\"PureJewels UK\",\"description\":\"Share the Love\",\"publisher\":{\"@id\":\"https:\\\/\\\/www.purejewels.com\\\/#organization\"},\"potentialAction\":[{\"@type\":\"SearchAction\",\"target\":{\"@type\":\"EntryPoint\",\"urlTemplate\":\"https:\\\/\\\/www.purejewels.com\\\/?s={search_term_string}\"},\"query-input\":{\"@type\":\"PropertyValueSpecification\",\"valueRequired\":true,\"valueName\":\"search_term_string\"}}],\"inLanguage\":\"tr\"},{\"@type\":\"Organization\",\"@id\":\"https:\\\/\\\/www.purejewels.com\\\/#organization\",\"name\":\"PureJewels UK\",\"url\":\"https:\\\/\\\/www.purejewels.com\\\/\",\"logo\":{\"@type\":\"ImageObject\",\"inLanguage\":\"tr\",\"@id\":\"https:\\\/\\\/www.purejewels.com\\\/#\\\/schema\\\/logo\\\/image\\\/\",\"url\":\"https:\\\/\\\/static.purejewels.com\\\/wp-content\\\/uploads\\\/2020\\\/11\\\/Logo-PJ-New-1.png\",\"contentUrl\":\"https:\\\/\\\/static.purejewels.com\\\/wp-content\\\/uploads\\\/2020\\\/11\\\/Logo-PJ-New-1.png\",\"width\":150,\"height\":80,\"caption\":\"PureJewels UK\"},\"image\":{\"@id\":\"https:\\\/\\\/www.purejewels.com\\\/#\\\/schema\\\/logo\\\/image\\\/\"}}]}<\/script>\n<!-- \/ Yoast SEO plugin. -->","yoast_head_json":{"title":"Bayanlar i\u00e7in 22 Ayar Alt\u0131n Y\u00fcz\u00fck | Online Al\u0131\u015fveri\u015f UK","robots":{"index":"index","follow":"follow","max-snippet":"max-snippet:-1","max-image-preview":"max-image-preview:large","max-video-preview":"max-video-preview:-1"},"canonical":"https:\/\/www.purejewels.com\/tr\/urun\/bayanlar-icin-22-ayar-altin-yuzuk-o-beden-rodyum-kaplama-42848\/","og_locale":"tr_TR","og_type":"article","og_title":"22ct Gold Ring for Ladies | Online Shopping UK","og_description":"22ct Gold Ring For Ladies  Wt. 2.3gms  Ring Size. O  SKU: 45419  Can be\u00a0made to order\u00a0to your finger size  All our\u00a0products\u00a0are hallmarked by London\u00a0Assay Office  Comes With Presentation\u00a0Box  Delivery Included  All prices include VAT  Explore our\u00a0Gold Rings\u00a0Collection  Contact us to explore similar rings","og_url":"https:\/\/www.purejewels.com\/tr\/urun\/bayanlar-icin-22-ayar-altin-yuzuk-o-beden-rodyum-kaplama-42848\/","og_site_name":"PureJewels UK","article_modified_time":"2026-01-07T06:08:29+00:00","og_image":[{"url":"https:\/\/www.purejewels.com\/wp-content\/uploads\/2022\/10\/SKU-45419.jpg","width":1,"height":1,"type":"image\/jpeg"}],"twitter_card":"summary_large_image","twitter_misc":{"Tahmini okuma s\u00fcresi":"1 dakika"},"schema":{"@context":"https:\/\/schema.org","@graph":[{"@type":["WebPage","ItemPage"],"@id":"https:\/\/www.purejewels.com\/product\/22ct-gold-ring-for-ladies-size-o-rhodium-finish-42848\/","url":"https:\/\/www.purejewels.com\/product\/22ct-gold-ring-for-ladies-size-o-rhodium-finish-42848\/","name":"Bayanlar i\u00e7in 22 Ayar Alt\u0131n Y\u00fcz\u00fck | Online Al\u0131\u015fveri\u015f UK","isPartOf":{"@id":"https:\/\/www.purejewels.com\/#website"},"primaryImageOfPage":{"@id":"https:\/\/www.purejewels.com\/product\/22ct-gold-ring-for-ladies-size-o-rhodium-finish-42848\/#primaryimage"},"image":{"@id":"https:\/\/www.purejewels.com\/product\/22ct-gold-ring-for-ladies-size-o-rhodium-finish-42848\/#primaryimage"},"thumbnailUrl":"https:\/\/static.purejewels.com\/wp-content\/uploads\/2022\/10\/SKU-45419.jpg","datePublished":"2022-10-06T07:57:04+00:00","dateModified":"2026-01-07T06:08:29+00:00","breadcrumb":{"@id":"https:\/\/www.purejewels.com\/product\/22ct-gold-ring-for-ladies-size-o-rhodium-finish-42848\/#breadcrumb"},"inLanguage":"tr","potentialAction":[{"@type":"ReadAction","target":["https:\/\/www.purejewels.com\/product\/22ct-gold-ring-for-ladies-size-o-rhodium-finish-42848\/"]}]},{"@type":"ImageObject","inLanguage":"tr","@id":"https:\/\/www.purejewels.com\/product\/22ct-gold-ring-for-ladies-size-o-rhodium-finish-42848\/#primaryimage","url":"https:\/\/static.purejewels.com\/wp-content\/uploads\/2022\/10\/SKU-45419.jpg","contentUrl":"https:\/\/static.purejewels.com\/wp-content\/uploads\/2022\/10\/SKU-45419.jpg","caption":"22ct Gold Ring for Ladies"},{"@type":"BreadcrumbList","@id":"https:\/\/www.purejewels.com\/product\/22ct-gold-ring-for-ladies-size-o-rhodium-finish-42848\/#breadcrumb","itemListElement":[{"@type":"ListItem","position":1,"name":"Home","item":"https:\/\/www.purejewels.com\/"},{"@type":"ListItem","position":2,"name":"Shop","item":"https:\/\/www.purejewels.com\/shop\/"},{"@type":"ListItem","position":3,"name":"22ct Gold Ring for Ladies | Size O"}]},{"@type":"WebSite","@id":"https:\/\/www.purejewels.com\/#website","url":"https:\/\/www.purejewels.com\/","name":"PureJewels \u0130ngiltere","description":"Sevgiyi Payla\u015f\u0131n","publisher":{"@id":"https:\/\/www.purejewels.com\/#organization"},"potentialAction":[{"@type":"SearchAction","target":{"@type":"EntryPoint","urlTemplate":"https:\/\/www.purejewels.com\/?s={search_term_string}"},"query-input":{"@type":"PropertyValueSpecification","valueRequired":true,"valueName":"search_term_string"}}],"inLanguage":"tr"},{"@type":"Organization","@id":"https:\/\/www.purejewels.com\/#organization","name":"PureJewels \u0130ngiltere","url":"https:\/\/www.purejewels.com\/","logo":{"@type":"ImageObject","inLanguage":"tr","@id":"https:\/\/www.purejewels.com\/#\/schema\/logo\/image\/","url":"https:\/\/static.purejewels.com\/wp-content\/uploads\/2020\/11\/Logo-PJ-New-1.png","contentUrl":"https:\/\/static.purejewels.com\/wp-content\/uploads\/2020\/11\/Logo-PJ-New-1.png","width":150,"height":80,"caption":"PureJewels UK"},"image":{"@id":"https:\/\/www.purejewels.com\/#\/schema\/logo\/image\/"}}]}},"_links":{"self":[{"href":"https:\/\/www.purejewels.com\/tr\/wp-json\/wp\/v2\/product\/339275","targetHints":{"allow":["GET"]}}],"collection":[{"href":"https:\/\/www.purejewels.com\/tr\/wp-json\/wp\/v2\/product"}],"about":[{"href":"https:\/\/www.purejewels.com\/tr\/wp-json\/wp\/v2\/types\/product"}],"replies":[{"embeddable":true,"href":"https:\/\/www.purejewels.com\/tr\/wp-json\/wp\/v2\/comments?post=339275"}],"version-history":[{"count":2,"href":"https:\/\/www.purejewels.com\/tr\/wp-json\/wp\/v2\/product\/339275\/revisions"}],"predecessor-version":[{"id":366770,"href":"https:\/\/www.purejewels.com\/tr\/wp-json\/wp\/v2\/product\/339275\/revisions\/366770"}],"wp:featuredmedia":[{"embeddable":true,"href":"https:\/\/www.purejewels.com\/tr\/wp-json\/wp\/v2\/media\/351064"}],"wp:attachment":[{"href":"https:\/\/www.purejewels.com\/tr\/wp-json\/wp\/v2\/media?parent=339275"}],"wp:term":[{"taxonomy":"product_brand","embeddable":true,"href":"https:\/\/www.purejewels.com\/tr\/wp-json\/wp\/v2\/product_brand?post=339275"},{"taxonomy":"product_cat","embeddable":true,"href":"https:\/\/www.purejewels.com\/tr\/wp-json\/wp\/v2\/product_cat?post=339275"},{"taxonomy":"product_tag","embeddable":true,"href":"https:\/\/www.purejewels.com\/tr\/wp-json\/wp\/v2\/product_tag?post=339275"}],"curies":[{"name":"wp","href":"https:\/\/api.w.org\/{rel}","templated":true}]}}