{"id":339335,"date":"2017-10-07T14:55:29","date_gmt":"2017-10-07T13:55:29","guid":{"rendered":"https:\/\/www.purejewels.com\/?post_type=product&#038;p=339335"},"modified":"2026-04-07T02:30:09","modified_gmt":"2026-04-07T01:30:09","slug":"baird-co-made-fine-gold-bar-2-5-gram-odeme-linki","status":"publish","type":"product","link":"https:\/\/www.purejewels.com\/tr\/product\/baird-co-made-fine-gold-bar-2-5-gram-payment-link\/","title":{"rendered":"Baird &amp; Co. Yap\u0131m\u0131 \u0130nce Alt\u0131n K\u00fcl\u00e7e 2,5 gram"},"content":{"rendered":"<p>2,5 g 24 ayar (999,9) alt\u0131n k\u00fcl\u00e7emizle saf alt\u0131n\u0131n g\u00fcvencesini ke\u015ffedin \u2013 kompakt bir par\u00e7a olan bu k\u00fcl\u00e7e, hediye etmek veya fiziksel alt\u0131n portf\u00f6y\u00fcn\u00fcz\u00fc olu\u015fturmak i\u00e7in m\u00fckemmeldir.<\/p>\n<p>Her bir \u00e7ubuk, en y\u00fcksek uluslararas\u0131 standartlara g\u00f6re rafine edilmi\u015f ve yaln\u0131zca <strong>Umicore, Metalor, Heraeus, Valcambi, C. Hafner, PAMP Suisse ve Baird &amp; Co. dahil olmak \u00fczere LBMA onayl\u0131 rafineriler.<\/strong> Tedarik edilen marka sevkiyat s\u0131ras\u0131ndaki stoklara ba\u011fl\u0131d\u0131r, ancak her \u00e7ubuk yat\u0131r\u0131m yap\u0131labilir niteliktedir ve d\u00fcnya \u00e7ap\u0131nda tan\u0131nmaktad\u0131r.<\/p>\n<p>K\u00fcl\u00e7e i\u00e7in HMRC gerekliliklerini kar\u015f\u0131lamak amac\u0131yla, k\u00fcl\u00e7eniz g\u00fcvenli bir \u015fekilde paketlenip g\u00f6nderilmeden \u00f6nce biri adresinizi g\u00f6steren, di\u011feri de ge\u00e7erli bir foto\u011frafl\u0131 kimlik olmak \u00fczere iki kimlik belgesine ihtiyac\u0131m\u0131z olacakt\u0131r.<\/p>","protected":false},"excerpt":{"rendered":"<p>Baird &amp; Co. 2,5 graml\u0131k alt\u0131n k\u00fcl\u00e7e, uluslararas\u0131 alanda tan\u0131nan standartlara g\u00f6re \u00fcretilmektedir. <strong>999.9<\/strong> standartlara uygundur ve Baird &amp; Co. markas\u0131, a\u011f\u0131rl\u0131\u011f\u0131 ve safl\u0131\u011f\u0131 ile birlikte sunulur. K\u00fcl\u00e7eler, a\u00e7\u0131lmaya kar\u015f\u0131 korumal\u0131, m\u00fch\u00fcrl\u00fc ambalajlarda tedarik edilir.<\/p>\n<p><strong>Tedarik edilen marka sevkiyat s\u0131ras\u0131ndaki stoklara ba\u011fl\u0131d\u0131r, ancak her \u00e7ubuk yat\u0131r\u0131m yap\u0131labilir niteliktedir ve d\u00fcnya \u00e7ap\u0131nda tan\u0131nmaktad\u0131r.<\/strong><\/p>\n<p><strong>METAL<\/strong> Saf \u0130nce Alt\u0131n 999,9<br \/>\n<strong>\u00dcLKE<\/strong>\u00a0Birle\u015fik Krall\u0131k<br \/>\n<strong>A\u011eIRLIK<\/strong> 2.5 gm<br \/>\n<strong>KALINLIK<\/strong> 0,60 mm<\/p>\n<p>Uymak i\u00e7in <strong>HMRC d\u00fczenlemeleri<\/strong> K\u00fcl\u00e7e alt\u0131n al\u0131mlar\u0131 ile ilgili olarak, m\u00fc\u015fterilerin iki t\u00fcr kimlik belgesi sunmalar\u0131 gerekmektedir: biri<strong> adres kan\u0131t\u0131<\/strong> ve di\u011feri i\u00e7in <strong>foto\u011frafl\u0131 tan\u0131mlama<\/strong>. Ayr\u0131ca, m\u00fc\u015fterilerden sevkiyat \u00f6ncesinde KYC (M\u00fc\u015fterini Tan\u0131) formunu doldurmalar\u0131 istenecektir.<\/p>","protected":false},"featured_media":421053,"comment_status":"closed","ping_status":"closed","template":"","meta":{"_eb_attr":"","_crsspst_to_jayantr4sg-hostcom":false},"product_brand":[],"product_cat":[1473,1646],"product_tag":[1836,1837],"class_list":{"0":"post-339335","1":"product","2":"type-product","3":"status-publish","4":"has-post-thumbnail","6":"product_cat-bars-coins","7":"product_cat-gold-bars","8":"product_tag-24ct-gold","9":"product_tag-gold-bars","11":"first","12":"outofstock","13":"sold-individually","14":"product-type-simple","15":"add-to-wishlist-before_image"},"yoast_head":"<!-- This site is optimized with the Yoast SEO plugin v27.3 - https:\/\/yoast.com\/product\/yoast-seo-wordpress\/ -->\n<title>Baird &amp; Co. Made Fine Gold Bar in 2.5 gram at best value<\/title>\n<meta name=\"description\" content=\"Authentic Baird &amp; Co. made fine gold bar in 24ct by PureJewels are considered excellent for investing due to no labour cost involved.\" \/>\n<meta name=\"robots\" content=\"noindex, nofollow\" \/>\n<meta property=\"og:locale\" content=\"tr_TR\" \/>\n<meta property=\"og:type\" content=\"article\" \/>\n<meta property=\"og:title\" content=\"Baird &amp; Co. Made Fine Gold Bar in 2.5 gram at best value\" \/>\n<meta property=\"og:description\" content=\"Authentic Baird &amp; Co. made fine gold bar in 24ct by PureJewels are considered excellent for investing due to no labour cost involved.\" \/>\n<meta property=\"og:url\" content=\"https:\/\/www.purejewels.com\/tr\/urun\/baird-co-made-fine-gold-bar-2-5-gram-odeme-linki\/\" \/>\n<meta property=\"og:site_name\" content=\"PureJewels UK\" \/>\n<meta property=\"article:modified_time\" content=\"2026-04-07T01:30:09+00:00\" \/>\n<meta property=\"og:image\" content=\"https:\/\/static.purejewels.com\/wp-content\/uploads\/2017\/10\/2.5gms.jpg\" \/>\n\t<meta property=\"og:image:width\" content=\"1000\" \/>\n\t<meta property=\"og:image:height\" content=\"1000\" \/>\n\t<meta property=\"og:image:type\" content=\"image\/jpeg\" \/>\n<meta name=\"twitter:card\" content=\"summary_large_image\" \/>\n<meta name=\"twitter:label1\" content=\"Tahmini okuma s\u00fcresi\" \/>\n\t<meta name=\"twitter:data1\" content=\"1 dakika\" \/>\n<script type=\"application\/ld+json\" class=\"yoast-schema-graph\">{\"@context\":\"https:\\\/\\\/schema.org\",\"@graph\":[{\"@type\":[\"WebPage\",\"ItemPage\"],\"@id\":\"https:\\\/\\\/www.purejewels.com\\\/product\\\/baird-co-made-fine-gold-bar-2-5-gram-payment-link\\\/\",\"url\":\"https:\\\/\\\/www.purejewels.com\\\/product\\\/baird-co-made-fine-gold-bar-2-5-gram-payment-link\\\/\",\"name\":\"Baird & Co. Made Fine Gold Bar in 2.5 gram at best value\",\"isPartOf\":{\"@id\":\"https:\\\/\\\/www.purejewels.com\\\/#website\"},\"primaryImageOfPage\":{\"@id\":\"https:\\\/\\\/www.purejewels.com\\\/product\\\/baird-co-made-fine-gold-bar-2-5-gram-payment-link\\\/#primaryimage\"},\"image\":{\"@id\":\"https:\\\/\\\/www.purejewels.com\\\/product\\\/baird-co-made-fine-gold-bar-2-5-gram-payment-link\\\/#primaryimage\"},\"thumbnailUrl\":\"https:\\\/\\\/static.purejewels.com\\\/wp-content\\\/uploads\\\/2017\\\/10\\\/2.5gms.jpg\",\"datePublished\":\"2017-10-07T13:55:29+00:00\",\"dateModified\":\"2026-04-07T01:30:09+00:00\",\"description\":\"Authentic Baird & Co. made fine gold bar in 24ct by PureJewels are considered excellent for investing due to no labour cost involved.\",\"breadcrumb\":{\"@id\":\"https:\\\/\\\/www.purejewels.com\\\/product\\\/baird-co-made-fine-gold-bar-2-5-gram-payment-link\\\/#breadcrumb\"},\"inLanguage\":\"tr\",\"potentialAction\":[{\"@type\":\"ReadAction\",\"target\":[\"https:\\\/\\\/www.purejewels.com\\\/product\\\/baird-co-made-fine-gold-bar-2-5-gram-payment-link\\\/\"]}]},{\"@type\":\"ImageObject\",\"inLanguage\":\"tr\",\"@id\":\"https:\\\/\\\/www.purejewels.com\\\/product\\\/baird-co-made-fine-gold-bar-2-5-gram-payment-link\\\/#primaryimage\",\"url\":\"https:\\\/\\\/static.purejewels.com\\\/wp-content\\\/uploads\\\/2017\\\/10\\\/2.5gms.jpg\",\"contentUrl\":\"https:\\\/\\\/static.purejewels.com\\\/wp-content\\\/uploads\\\/2017\\\/10\\\/2.5gms.jpg\",\"width\":1000,\"height\":1000},{\"@type\":\"BreadcrumbList\",\"@id\":\"https:\\\/\\\/www.purejewels.com\\\/product\\\/baird-co-made-fine-gold-bar-2-5-gram-payment-link\\\/#breadcrumb\",\"itemListElement\":[{\"@type\":\"ListItem\",\"position\":1,\"name\":\"Home\",\"item\":\"https:\\\/\\\/www.purejewels.com\\\/\"},{\"@type\":\"ListItem\",\"position\":2,\"name\":\"Shop\",\"item\":\"https:\\\/\\\/www.purejewels.com\\\/shop\\\/\"},{\"@type\":\"ListItem\",\"position\":3,\"name\":\"Baird &#038; Co. Made Fine Gold Bar 2.5 gram\"}]},{\"@type\":\"WebSite\",\"@id\":\"https:\\\/\\\/www.purejewels.com\\\/#website\",\"url\":\"https:\\\/\\\/www.purejewels.com\\\/\",\"name\":\"PureJewels UK\",\"description\":\"Share the Love\",\"publisher\":{\"@id\":\"https:\\\/\\\/www.purejewels.com\\\/#organization\"},\"potentialAction\":[{\"@type\":\"SearchAction\",\"target\":{\"@type\":\"EntryPoint\",\"urlTemplate\":\"https:\\\/\\\/www.purejewels.com\\\/?s={search_term_string}\"},\"query-input\":{\"@type\":\"PropertyValueSpecification\",\"valueRequired\":true,\"valueName\":\"search_term_string\"}}],\"inLanguage\":\"tr\"},{\"@type\":\"Organization\",\"@id\":\"https:\\\/\\\/www.purejewels.com\\\/#organization\",\"name\":\"PureJewels UK\",\"url\":\"https:\\\/\\\/www.purejewels.com\\\/\",\"logo\":{\"@type\":\"ImageObject\",\"inLanguage\":\"tr\",\"@id\":\"https:\\\/\\\/www.purejewels.com\\\/#\\\/schema\\\/logo\\\/image\\\/\",\"url\":\"https:\\\/\\\/static.purejewels.com\\\/wp-content\\\/uploads\\\/2020\\\/11\\\/Logo-PJ-New-1.png\",\"contentUrl\":\"https:\\\/\\\/static.purejewels.com\\\/wp-content\\\/uploads\\\/2020\\\/11\\\/Logo-PJ-New-1.png\",\"width\":150,\"height\":80,\"caption\":\"PureJewels UK\"},\"image\":{\"@id\":\"https:\\\/\\\/www.purejewels.com\\\/#\\\/schema\\\/logo\\\/image\\\/\"}}]}<\/script>\n<!-- \/ Yoast SEO plugin. -->","yoast_head_json":{"title":"Baird &amp; Co. Made Fine Gold Bar 2,5 gram olarak en iyi de\u011ferde","description":"PureJewels taraf\u0131ndan 24 ayar olarak \u00fcretilen otantik Baird &amp; Co. yap\u0131m\u0131 ince alt\u0131n k\u00fcl\u00e7eler, i\u015f\u00e7ilik maliyeti olmad\u0131\u011f\u0131ndan yat\u0131r\u0131m i\u00e7in m\u00fckemmel kabul edilir.","robots":{"index":"noindex","follow":"nofollow"},"og_locale":"tr_TR","og_type":"article","og_title":"Baird & Co. Made Fine Gold Bar in 2.5 gram at best value","og_description":"Authentic Baird & Co. made fine gold bar in 24ct by PureJewels are considered excellent for investing due to no labour cost involved.","og_url":"https:\/\/www.purejewels.com\/tr\/urun\/baird-co-made-fine-gold-bar-2-5-gram-odeme-linki\/","og_site_name":"PureJewels UK","article_modified_time":"2026-04-07T01:30:09+00:00","og_image":[{"width":1000,"height":1000,"url":"https:\/\/static.purejewels.com\/wp-content\/uploads\/2017\/10\/2.5gms.jpg","type":"image\/jpeg"}],"twitter_card":"summary_large_image","twitter_misc":{"Tahmini okuma s\u00fcresi":"1 dakika"},"schema":{"@context":"https:\/\/schema.org","@graph":[{"@type":["WebPage","ItemPage"],"@id":"https:\/\/www.purejewels.com\/product\/baird-co-made-fine-gold-bar-2-5-gram-payment-link\/","url":"https:\/\/www.purejewels.com\/product\/baird-co-made-fine-gold-bar-2-5-gram-payment-link\/","name":"Baird &amp; Co. Made Fine Gold Bar 2,5 gram olarak en iyi de\u011ferde","isPartOf":{"@id":"https:\/\/www.purejewels.com\/#website"},"primaryImageOfPage":{"@id":"https:\/\/www.purejewels.com\/product\/baird-co-made-fine-gold-bar-2-5-gram-payment-link\/#primaryimage"},"image":{"@id":"https:\/\/www.purejewels.com\/product\/baird-co-made-fine-gold-bar-2-5-gram-payment-link\/#primaryimage"},"thumbnailUrl":"https:\/\/static.purejewels.com\/wp-content\/uploads\/2017\/10\/2.5gms.jpg","datePublished":"2017-10-07T13:55:29+00:00","dateModified":"2026-04-07T01:30:09+00:00","description":"PureJewels taraf\u0131ndan 24 ayar olarak \u00fcretilen otantik Baird &amp; Co. yap\u0131m\u0131 ince alt\u0131n k\u00fcl\u00e7eler, i\u015f\u00e7ilik maliyeti olmad\u0131\u011f\u0131ndan yat\u0131r\u0131m i\u00e7in m\u00fckemmel kabul edilir.","breadcrumb":{"@id":"https:\/\/www.purejewels.com\/product\/baird-co-made-fine-gold-bar-2-5-gram-payment-link\/#breadcrumb"},"inLanguage":"tr","potentialAction":[{"@type":"ReadAction","target":["https:\/\/www.purejewels.com\/product\/baird-co-made-fine-gold-bar-2-5-gram-payment-link\/"]}]},{"@type":"ImageObject","inLanguage":"tr","@id":"https:\/\/www.purejewels.com\/product\/baird-co-made-fine-gold-bar-2-5-gram-payment-link\/#primaryimage","url":"https:\/\/static.purejewels.com\/wp-content\/uploads\/2017\/10\/2.5gms.jpg","contentUrl":"https:\/\/static.purejewels.com\/wp-content\/uploads\/2017\/10\/2.5gms.jpg","width":1000,"height":1000},{"@type":"BreadcrumbList","@id":"https:\/\/www.purejewels.com\/product\/baird-co-made-fine-gold-bar-2-5-gram-payment-link\/#breadcrumb","itemListElement":[{"@type":"ListItem","position":1,"name":"Home","item":"https:\/\/www.purejewels.com\/"},{"@type":"ListItem","position":2,"name":"Shop","item":"https:\/\/www.purejewels.com\/shop\/"},{"@type":"ListItem","position":3,"name":"Baird &#038; Co. Made Fine Gold Bar 2.5 gram"}]},{"@type":"WebSite","@id":"https:\/\/www.purejewels.com\/#website","url":"https:\/\/www.purejewels.com\/","name":"PureJewels \u0130ngiltere","description":"Sevgiyi Payla\u015f\u0131n","publisher":{"@id":"https:\/\/www.purejewels.com\/#organization"},"potentialAction":[{"@type":"SearchAction","target":{"@type":"EntryPoint","urlTemplate":"https:\/\/www.purejewels.com\/?s={search_term_string}"},"query-input":{"@type":"PropertyValueSpecification","valueRequired":true,"valueName":"search_term_string"}}],"inLanguage":"tr"},{"@type":"Organization","@id":"https:\/\/www.purejewels.com\/#organization","name":"PureJewels \u0130ngiltere","url":"https:\/\/www.purejewels.com\/","logo":{"@type":"ImageObject","inLanguage":"tr","@id":"https:\/\/www.purejewels.com\/#\/schema\/logo\/image\/","url":"https:\/\/static.purejewels.com\/wp-content\/uploads\/2020\/11\/Logo-PJ-New-1.png","contentUrl":"https:\/\/static.purejewels.com\/wp-content\/uploads\/2020\/11\/Logo-PJ-New-1.png","width":150,"height":80,"caption":"PureJewels UK"},"image":{"@id":"https:\/\/www.purejewels.com\/#\/schema\/logo\/image\/"}}]}},"_links":{"self":[{"href":"https:\/\/www.purejewels.com\/tr\/wp-json\/wp\/v2\/product\/339335","targetHints":{"allow":["GET"]}}],"collection":[{"href":"https:\/\/www.purejewels.com\/tr\/wp-json\/wp\/v2\/product"}],"about":[{"href":"https:\/\/www.purejewels.com\/tr\/wp-json\/wp\/v2\/types\/product"}],"replies":[{"embeddable":true,"href":"https:\/\/www.purejewels.com\/tr\/wp-json\/wp\/v2\/comments?post=339335"}],"version-history":[{"count":3,"href":"https:\/\/www.purejewels.com\/tr\/wp-json\/wp\/v2\/product\/339335\/revisions"}],"predecessor-version":[{"id":384010,"href":"https:\/\/www.purejewels.com\/tr\/wp-json\/wp\/v2\/product\/339335\/revisions\/384010"}],"wp:featuredmedia":[{"embeddable":true,"href":"https:\/\/www.purejewels.com\/tr\/wp-json\/wp\/v2\/media\/421053"}],"wp:attachment":[{"href":"https:\/\/www.purejewels.com\/tr\/wp-json\/wp\/v2\/media?parent=339335"}],"wp:term":[{"taxonomy":"product_brand","embeddable":true,"href":"https:\/\/www.purejewels.com\/tr\/wp-json\/wp\/v2\/product_brand?post=339335"},{"taxonomy":"product_cat","embeddable":true,"href":"https:\/\/www.purejewels.com\/tr\/wp-json\/wp\/v2\/product_cat?post=339335"},{"taxonomy":"product_tag","embeddable":true,"href":"https:\/\/www.purejewels.com\/tr\/wp-json\/wp\/v2\/product_tag?post=339335"}],"curies":[{"name":"wp","href":"https:\/\/api.w.org\/{rel}","templated":true}]}}