{"id":339404,"date":"2022-10-11T12:43:19","date_gmt":"2022-10-11T11:43:19","guid":{"rendered":"https:\/\/www.purejewels.com\/?post_type=product&#038;p=339404"},"modified":"2024-04-28T09:59:11","modified_gmt":"2024-04-28T08:59:11","slug":"bayanlar-icin-22-ayar-altin-sari-altin-hizma-43553","status":"publish","type":"product","link":"https:\/\/www.purejewels.com\/tr\/product\/22ct-gold-yellow-gold-nose-ring-for-ladies-43553\/","title":{"rendered":"22 Ayar Alt\u0131n | Bayanlar i\u00e7in Sar\u0131 Alt\u0131n Burun Y\u00fcz\u00fc\u011f\u00fc"},"content":{"rendered":"<ul>\n<li>SKU: 46461<\/li>\n<li><b>Aral\u0131k Kimli\u011fi <\/b>YGNR042<\/li>\n<\/ul>","protected":false},"excerpt":{"rendered":"<table class=\"sh_desc\">\n<tbody>\n<tr>\n<td>Burun Pimi Tipi<\/td>\n<td>Sar\u0131 Alt\u0131n Burun Y\u00fcz\u00fc\u011f\u00fc<\/td>\n<\/tr>\n<tr>\n<td>SKU<\/td>\n<td>46461<\/td>\n<\/tr>\n<tr>\n<td>A\u011f\u0131rl\u0131k<\/td>\n<td>0,46 Gms<\/td>\n<\/tr>\n<tr>\n<td>\u00c7ap<\/td>\n<td>10,2 mm D\u0131\u015f \u00c7ap, 1,7 mm Kal\u0131nl\u0131k<\/td>\n<\/tr>\n<tr>\n<td>Metal<\/td>\n<td>22 Ayar Alt\u0131n<\/td>\n<\/tr>\n<tr>\n<td>\u00dccretler<\/td>\n<td>Teslimat ve KDV dahildir.<\/td>\n<\/tr>\n<tr>\n<td>Paketleme<\/td>\n<td>Bir sunum kutusu ile birlikte gelir.<\/td>\n<\/tr>\n<tr>\n<td>Daha Fazla Bilgi<\/td>\n<td>M\u00fcsaitlik durumu ve daha fazla resim i\u00e7in bizimle canl\u0131 sohbet edin<\/td>\n<\/tr>\n<\/tbody>\n<\/table>","protected":false},"featured_media":352488,"comment_status":"closed","ping_status":"closed","template":"","meta":{"_eb_attr":"","_crsspst_to_jayantr4sg-hostcom":false},"product_brand":[],"product_cat":[1793,1712,5342,1463,5338,1575,1574,5349],"product_tag":[],"class_list":{"0":"post-339404","1":"product","2":"type-product","3":"status-publish","4":"has-post-thumbnail","6":"product_cat-diwali-gifts","7":"product_cat-gold-nose-ring","8":"product_cat-jewellery-under-250","9":"product_cat-gold-nose-pins","10":"product_cat-shop-by-price","11":"product_cat-teenage-jewellery","12":"product_cat-womens-jewellery","13":"product_cat-yellow-gold-jewellery","15":"first","16":"outofstock","17":"taxable","18":"shipping-taxable","19":"product-type-simple","20":"add-to-wishlist-before_image"},"yoast_head":"<!-- This site is optimized with the Yoast SEO plugin v27.3 - https:\/\/yoast.com\/product\/yoast-seo-wordpress\/ -->\n<title>Buy 22ct Yellow Gold Nose Ring with stones online<\/title>\n<meta name=\"description\" content=\"This 22ct Yellow Gold Nose Ring is easy to wear. It has stones which make it perfect for special occasions. Order for free UK delivery.\" \/>\n<meta name=\"robots\" content=\"index, follow, max-snippet:-1, max-image-preview:large, max-video-preview:-1\" \/>\n<link rel=\"canonical\" href=\"https:\/\/www.purejewels.com\/tr\/urun\/bayanlar-icin-22-ayar-altin-sari-altin-hizma-43553\/\" \/>\n<meta property=\"og:locale\" content=\"tr_TR\" \/>\n<meta property=\"og:type\" content=\"article\" \/>\n<meta property=\"og:title\" content=\"Buy 22ct Yellow Gold Nose Ring with stones online\" \/>\n<meta property=\"og:description\" content=\"This 22ct Yellow Gold Nose Ring is easy to wear. It has stones which make it perfect for special occasions. Order for free UK delivery.\" \/>\n<meta property=\"og:url\" content=\"https:\/\/www.purejewels.com\/tr\/urun\/bayanlar-icin-22-ayar-altin-sari-altin-hizma-43553\/\" \/>\n<meta property=\"og:site_name\" content=\"PureJewels UK\" \/>\n<meta property=\"article:modified_time\" content=\"2024-04-28T08:59:11+00:00\" \/>\n<meta property=\"og:image\" content=\"https:\/\/www.purejewels.com\/wp-content\/uploads\/2022\/10\/HPM-NOSE-RING.png\" \/>\n\t<meta property=\"og:image:width\" content=\"1000\" \/>\n\t<meta property=\"og:image:height\" content=\"1000\" \/>\n\t<meta property=\"og:image:type\" content=\"image\/png\" \/>\n<meta name=\"twitter:card\" content=\"summary_large_image\" \/>\n<meta name=\"twitter:label1\" content=\"Tahmini okuma s\u00fcresi\" \/>\n\t<meta name=\"twitter:data1\" content=\"1 dakika\" \/>\n<script type=\"application\/ld+json\" class=\"yoast-schema-graph\">{\"@context\":\"https:\\\/\\\/schema.org\",\"@graph\":[{\"@type\":[\"WebPage\",\"ItemPage\"],\"@id\":\"https:\\\/\\\/www.purejewels.com\\\/product\\\/22ct-gold-yellow-gold-nose-ring-for-ladies-43553\\\/\",\"url\":\"https:\\\/\\\/www.purejewels.com\\\/product\\\/22ct-gold-yellow-gold-nose-ring-for-ladies-43553\\\/\",\"name\":\"Buy 22ct Yellow Gold Nose Ring with stones online\",\"isPartOf\":{\"@id\":\"https:\\\/\\\/www.purejewels.com\\\/#website\"},\"primaryImageOfPage\":{\"@id\":\"https:\\\/\\\/www.purejewels.com\\\/product\\\/22ct-gold-yellow-gold-nose-ring-for-ladies-43553\\\/#primaryimage\"},\"image\":{\"@id\":\"https:\\\/\\\/www.purejewels.com\\\/product\\\/22ct-gold-yellow-gold-nose-ring-for-ladies-43553\\\/#primaryimage\"},\"thumbnailUrl\":\"https:\\\/\\\/static.purejewels.com\\\/wp-content\\\/uploads\\\/2022\\\/10\\\/HPM-NOSE-RING.png\",\"datePublished\":\"2022-10-11T11:43:19+00:00\",\"dateModified\":\"2024-04-28T08:59:11+00:00\",\"description\":\"This 22ct Yellow Gold Nose Ring is easy to wear. It has stones which make it perfect for special occasions. Order for free UK delivery.\",\"breadcrumb\":{\"@id\":\"https:\\\/\\\/www.purejewels.com\\\/product\\\/22ct-gold-yellow-gold-nose-ring-for-ladies-43553\\\/#breadcrumb\"},\"inLanguage\":\"tr\",\"potentialAction\":[{\"@type\":\"ReadAction\",\"target\":[\"https:\\\/\\\/www.purejewels.com\\\/product\\\/22ct-gold-yellow-gold-nose-ring-for-ladies-43553\\\/\"]}]},{\"@type\":\"ImageObject\",\"inLanguage\":\"tr\",\"@id\":\"https:\\\/\\\/www.purejewels.com\\\/product\\\/22ct-gold-yellow-gold-nose-ring-for-ladies-43553\\\/#primaryimage\",\"url\":\"https:\\\/\\\/static.purejewels.com\\\/wp-content\\\/uploads\\\/2022\\\/10\\\/HPM-NOSE-RING.png\",\"contentUrl\":\"https:\\\/\\\/static.purejewels.com\\\/wp-content\\\/uploads\\\/2022\\\/10\\\/HPM-NOSE-RING.png\",\"width\":1000,\"height\":1000,\"caption\":\"Yellow Gold Nose Ring with CZ stones\"},{\"@type\":\"BreadcrumbList\",\"@id\":\"https:\\\/\\\/www.purejewels.com\\\/product\\\/22ct-gold-yellow-gold-nose-ring-for-ladies-43553\\\/#breadcrumb\",\"itemListElement\":[{\"@type\":\"ListItem\",\"position\":1,\"name\":\"Home\",\"item\":\"https:\\\/\\\/www.purejewels.com\\\/\"},{\"@type\":\"ListItem\",\"position\":2,\"name\":\"Shop\",\"item\":\"https:\\\/\\\/www.purejewels.com\\\/shop\\\/\"},{\"@type\":\"ListItem\",\"position\":3,\"name\":\"22ct Gold | Yellow Gold Nose Ring for Ladies\"}]},{\"@type\":\"WebSite\",\"@id\":\"https:\\\/\\\/www.purejewels.com\\\/#website\",\"url\":\"https:\\\/\\\/www.purejewels.com\\\/\",\"name\":\"PureJewels UK\",\"description\":\"Share the Love\",\"publisher\":{\"@id\":\"https:\\\/\\\/www.purejewels.com\\\/#organization\"},\"potentialAction\":[{\"@type\":\"SearchAction\",\"target\":{\"@type\":\"EntryPoint\",\"urlTemplate\":\"https:\\\/\\\/www.purejewels.com\\\/?s={search_term_string}\"},\"query-input\":{\"@type\":\"PropertyValueSpecification\",\"valueRequired\":true,\"valueName\":\"search_term_string\"}}],\"inLanguage\":\"tr\"},{\"@type\":\"Organization\",\"@id\":\"https:\\\/\\\/www.purejewels.com\\\/#organization\",\"name\":\"PureJewels UK\",\"url\":\"https:\\\/\\\/www.purejewels.com\\\/\",\"logo\":{\"@type\":\"ImageObject\",\"inLanguage\":\"tr\",\"@id\":\"https:\\\/\\\/www.purejewels.com\\\/#\\\/schema\\\/logo\\\/image\\\/\",\"url\":\"https:\\\/\\\/static.purejewels.com\\\/wp-content\\\/uploads\\\/2020\\\/11\\\/Logo-PJ-New-1.png\",\"contentUrl\":\"https:\\\/\\\/static.purejewels.com\\\/wp-content\\\/uploads\\\/2020\\\/11\\\/Logo-PJ-New-1.png\",\"width\":150,\"height\":80,\"caption\":\"PureJewels UK\"},\"image\":{\"@id\":\"https:\\\/\\\/www.purejewels.com\\\/#\\\/schema\\\/logo\\\/image\\\/\"}}]}<\/script>\n<!-- \/ Yoast SEO plugin. -->","yoast_head_json":{"title":"22 Ayar Sar\u0131 Alt\u0131n Ta\u015fl\u0131 Burun Y\u00fcz\u00fc\u011f\u00fc Online Sat\u0131n Al\u0131n","description":"Bu 22 Ayar Sar\u0131 Alt\u0131n Burun Y\u00fcz\u00fc\u011f\u00fcn\u00fcn tak\u0131lmas\u0131 kolayd\u0131r. \u00d6zel g\u00fcnler i\u00e7in m\u00fckemmel olmas\u0131n\u0131 sa\u011flayan ta\u015flara sahiptir. \u00dccretsiz \u0130ngiltere teslimat\u0131 i\u00e7in sipari\u015f verin.","robots":{"index":"index","follow":"follow","max-snippet":"max-snippet:-1","max-image-preview":"max-image-preview:large","max-video-preview":"max-video-preview:-1"},"canonical":"https:\/\/www.purejewels.com\/tr\/urun\/bayanlar-icin-22-ayar-altin-sari-altin-hizma-43553\/","og_locale":"tr_TR","og_type":"article","og_title":"Buy 22ct Yellow Gold Nose Ring with stones online","og_description":"This 22ct Yellow Gold Nose Ring is easy to wear. It has stones which make it perfect for special occasions. Order for free UK delivery.","og_url":"https:\/\/www.purejewels.com\/tr\/urun\/bayanlar-icin-22-ayar-altin-sari-altin-hizma-43553\/","og_site_name":"PureJewels UK","article_modified_time":"2024-04-28T08:59:11+00:00","og_image":[{"width":1000,"height":1000,"url":"https:\/\/www.purejewels.com\/wp-content\/uploads\/2022\/10\/HPM-NOSE-RING.png","type":"image\/png"}],"twitter_card":"summary_large_image","twitter_misc":{"Tahmini okuma s\u00fcresi":"1 dakika"},"schema":{"@context":"https:\/\/schema.org","@graph":[{"@type":["WebPage","ItemPage"],"@id":"https:\/\/www.purejewels.com\/product\/22ct-gold-yellow-gold-nose-ring-for-ladies-43553\/","url":"https:\/\/www.purejewels.com\/product\/22ct-gold-yellow-gold-nose-ring-for-ladies-43553\/","name":"22 Ayar Sar\u0131 Alt\u0131n Ta\u015fl\u0131 Burun Y\u00fcz\u00fc\u011f\u00fc Online Sat\u0131n Al\u0131n","isPartOf":{"@id":"https:\/\/www.purejewels.com\/#website"},"primaryImageOfPage":{"@id":"https:\/\/www.purejewels.com\/product\/22ct-gold-yellow-gold-nose-ring-for-ladies-43553\/#primaryimage"},"image":{"@id":"https:\/\/www.purejewels.com\/product\/22ct-gold-yellow-gold-nose-ring-for-ladies-43553\/#primaryimage"},"thumbnailUrl":"https:\/\/static.purejewels.com\/wp-content\/uploads\/2022\/10\/HPM-NOSE-RING.png","datePublished":"2022-10-11T11:43:19+00:00","dateModified":"2024-04-28T08:59:11+00:00","description":"Bu 22 Ayar Sar\u0131 Alt\u0131n Burun Y\u00fcz\u00fc\u011f\u00fcn\u00fcn tak\u0131lmas\u0131 kolayd\u0131r. \u00d6zel g\u00fcnler i\u00e7in m\u00fckemmel olmas\u0131n\u0131 sa\u011flayan ta\u015flara sahiptir. \u00dccretsiz \u0130ngiltere teslimat\u0131 i\u00e7in sipari\u015f verin.","breadcrumb":{"@id":"https:\/\/www.purejewels.com\/product\/22ct-gold-yellow-gold-nose-ring-for-ladies-43553\/#breadcrumb"},"inLanguage":"tr","potentialAction":[{"@type":"ReadAction","target":["https:\/\/www.purejewels.com\/product\/22ct-gold-yellow-gold-nose-ring-for-ladies-43553\/"]}]},{"@type":"ImageObject","inLanguage":"tr","@id":"https:\/\/www.purejewels.com\/product\/22ct-gold-yellow-gold-nose-ring-for-ladies-43553\/#primaryimage","url":"https:\/\/static.purejewels.com\/wp-content\/uploads\/2022\/10\/HPM-NOSE-RING.png","contentUrl":"https:\/\/static.purejewels.com\/wp-content\/uploads\/2022\/10\/HPM-NOSE-RING.png","width":1000,"height":1000,"caption":"Yellow Gold Nose Ring with CZ stones"},{"@type":"BreadcrumbList","@id":"https:\/\/www.purejewels.com\/product\/22ct-gold-yellow-gold-nose-ring-for-ladies-43553\/#breadcrumb","itemListElement":[{"@type":"ListItem","position":1,"name":"Home","item":"https:\/\/www.purejewels.com\/"},{"@type":"ListItem","position":2,"name":"Shop","item":"https:\/\/www.purejewels.com\/shop\/"},{"@type":"ListItem","position":3,"name":"22ct Gold | Yellow Gold Nose Ring for Ladies"}]},{"@type":"WebSite","@id":"https:\/\/www.purejewels.com\/#website","url":"https:\/\/www.purejewels.com\/","name":"PureJewels \u0130ngiltere","description":"Sevgiyi Payla\u015f\u0131n","publisher":{"@id":"https:\/\/www.purejewels.com\/#organization"},"potentialAction":[{"@type":"SearchAction","target":{"@type":"EntryPoint","urlTemplate":"https:\/\/www.purejewels.com\/?s={search_term_string}"},"query-input":{"@type":"PropertyValueSpecification","valueRequired":true,"valueName":"search_term_string"}}],"inLanguage":"tr"},{"@type":"Organization","@id":"https:\/\/www.purejewels.com\/#organization","name":"PureJewels \u0130ngiltere","url":"https:\/\/www.purejewels.com\/","logo":{"@type":"ImageObject","inLanguage":"tr","@id":"https:\/\/www.purejewels.com\/#\/schema\/logo\/image\/","url":"https:\/\/static.purejewels.com\/wp-content\/uploads\/2020\/11\/Logo-PJ-New-1.png","contentUrl":"https:\/\/static.purejewels.com\/wp-content\/uploads\/2020\/11\/Logo-PJ-New-1.png","width":150,"height":80,"caption":"PureJewels UK"},"image":{"@id":"https:\/\/www.purejewels.com\/#\/schema\/logo\/image\/"}}]}},"_links":{"self":[{"href":"https:\/\/www.purejewels.com\/tr\/wp-json\/wp\/v2\/product\/339404","targetHints":{"allow":["GET"]}}],"collection":[{"href":"https:\/\/www.purejewels.com\/tr\/wp-json\/wp\/v2\/product"}],"about":[{"href":"https:\/\/www.purejewels.com\/tr\/wp-json\/wp\/v2\/types\/product"}],"replies":[{"embeddable":true,"href":"https:\/\/www.purejewels.com\/tr\/wp-json\/wp\/v2\/comments?post=339404"}],"version-history":[{"count":0,"href":"https:\/\/www.purejewels.com\/tr\/wp-json\/wp\/v2\/product\/339404\/revisions"}],"wp:featuredmedia":[{"embeddable":true,"href":"https:\/\/www.purejewels.com\/tr\/wp-json\/wp\/v2\/media\/352488"}],"wp:attachment":[{"href":"https:\/\/www.purejewels.com\/tr\/wp-json\/wp\/v2\/media?parent=339404"}],"wp:term":[{"taxonomy":"product_brand","embeddable":true,"href":"https:\/\/www.purejewels.com\/tr\/wp-json\/wp\/v2\/product_brand?post=339404"},{"taxonomy":"product_cat","embeddable":true,"href":"https:\/\/www.purejewels.com\/tr\/wp-json\/wp\/v2\/product_cat?post=339404"},{"taxonomy":"product_tag","embeddable":true,"href":"https:\/\/www.purejewels.com\/tr\/wp-json\/wp\/v2\/product_tag?post=339404"}],"curies":[{"name":"wp","href":"https:\/\/api.w.org\/{rel}","templated":true}]}}