{"id":339453,"date":"2025-07-01T08:10:30","date_gmt":"2025-07-01T07:10:30","guid":{"rendered":"https:\/\/www.purejewels.com\/?post_type=product&#038;p=339453"},"modified":"2026-01-06T10:12:53","modified_gmt":"2026-01-06T10:12:53","slug":"22-ayar-altin-bilezikler-51157","status":"publish","type":"product","link":"https:\/\/www.purejewels.com\/tr\/product\/22kt-gold-bracelets-51157\/","title":{"rendered":"Klasik 22 Ayar Alt\u0131n Twist Link Zincir Bileklik"},"content":{"rendered":"<p data-start=\"510\" data-end=\"809\">Klasik cazibeyi ve zarif i\u015f\u00e7ili\u011fi b\u00fcnyesinde bar\u0131nd\u0131ran <strong data-start=\"565\" data-end=\"598\">22 Ayar Alt\u0131n Twist Link Bileklik<\/strong> sade bir incelik sergileyen narin, i\u00e7 i\u00e7e ge\u00e7mi\u015f b\u00fck\u00fclm\u00fc\u015f ba\u011flant\u0131lara sahiptir. Saf 22 ayar alt\u0131ndan g\u00fczel bir el i\u015f\u00e7ili\u011fiyle \u00fcretilen bu bileklik hafif ama dayan\u0131kl\u0131d\u0131r, rahatl\u0131k ve g\u00fcnl\u00fck \u015f\u0131kl\u0131k i\u00e7in tasarlanm\u0131\u015ft\u0131r.<\/p>\n<p data-start=\"811\" data-end=\"1051\">Zarif burgulu tasar\u0131m, her harekette \u0131\u015f\u0131\u011f\u0131 yakalayan ince bir doku katar. Sa\u011flam bir \u0131stakoz toka ve ayarlanabilir bir zincirle sabitlenen bu \u00e7ok y\u00f6nl\u00fc par\u00e7a, minimalist l\u00fcks\u00fc takdir eden kad\u0131nlar i\u00e7in m\u00fckemmeldir.<\/p>\n<p data-start=\"1053\" data-end=\"1195\">\u0130ster tek ba\u015f\u0131na ister di\u011fer favorilerinizle birlikte tak\u0131n, bu bileklik her yolculuk ve durum i\u00e7in zamans\u0131z bir yol arkada\u015f\u0131d\u0131r.<\/p>","protected":false},"excerpt":{"rendered":"<p>Zarafetin zamans\u0131z bir sembol\u00fc olan bu 22 ayar alt\u0131n burgu baklal\u0131 zincir bileklik, zarif, i\u00e7 i\u00e7e ge\u00e7mi\u015f baklalarla \u00fcretilmi\u015ftir. Hafif ve \u00e7ok y\u00f6nl\u00fc olan bu bilezik, g\u00fcnl\u00fck kullan\u0131m veya hediye i\u00e7in idealdir.<\/p>\n<p><strong>Malzeme:<\/strong>\u00a022 Ayar Alt\u0131n<strong><br \/>\nHallmark:\u00a0<\/strong>\u0130ngiliz Damgas\u0131<strong><br \/>\n<\/strong><strong>Br\u00fct A\u011f\u0131rl\u0131k: <\/strong>5.03 Gms<br \/>\n<strong>Uzunluk:<\/strong> 7 in\u00e7<br \/>\n<strong>SKU:<\/strong> 51157<\/p>\n<p><strong>Fiyat ve Teslimat<\/strong>: KDV ve teslimat \u00fccreti dahil<br \/>\n<a href=\"https:\/\/www.purejewels.com\/tr\/i%cc%87ade-poli%cc%87ti%cc%87kasi\/\">\u0130ade Politikas\u0131<\/a><\/p>","protected":false},"featured_media":403244,"comment_status":"closed","ping_status":"closed","template":"","meta":{"_eb_attr":"","_crsspst_to_jayantr4sg-hostcom":true},"product_brand":[],"product_cat":[1791,1559,6057,5676,1793,1324,1627,1229,5371,5344,1570,1569,1574,5349],"product_tag":[5634,1430],"class_list":{"0":"post-339453","1":"product","2":"type-product","3":"status-publish","4":"has-post-thumbnail","6":"product_cat-anniversary-gifts","7":"product_cat-birthday-gifts","8":"product_cat-chain-bracelet","9":"product_cat-chain-bracelets-for-ladies","10":"product_cat-diwali-gifts","11":"product_cat-gold-bracelet","12":"product_cat-ladies-bracelet","13":"product_cat-22ct-gold-jewellery","14":"product_cat-jewellery-for-hands","15":"product_cat-jewellery-under-750","16":"product_cat-mothers-day-gifts","17":"product_cat-valentine-day-gifts","18":"product_cat-womens-jewellery","19":"product_cat-yellow-gold-jewellery","20":"product_tag-22ct-gold-bracelet-for-ladies","21":"product_tag-diwali-gift","23":"first","24":"outofstock","25":"taxable","26":"shipping-taxable","27":"product-type-simple","28":"add-to-wishlist-before_image"},"yoast_head":"<!-- This site is optimized with the Yoast SEO plugin v27.5 - https:\/\/yoast.com\/product\/yoast-seo-wordpress\/ -->\n<title>22ct Gold Ladies Bracelets | Gold Bracelet<\/title>\n<meta name=\"description\" content=\"Gold Bracelets in UK | Chain Gold Bracelet is perfect for any occasion | Shop More collection from PureJewels.com | Free delivery across UK\" \/>\n<meta name=\"robots\" content=\"index, follow, max-snippet:-1, max-image-preview:large, max-video-preview:-1\" \/>\n<link rel=\"canonical\" href=\"https:\/\/www.purejewels.com\/tr\/urun\/22-ayar-altin-bilezikler-51157\/\" \/>\n<meta property=\"og:locale\" content=\"tr_TR\" \/>\n<meta property=\"og:type\" content=\"article\" \/>\n<meta property=\"og:title\" content=\"22ct Gold Ladies Bracelets | Gold Bracelet\" \/>\n<meta property=\"og:description\" content=\"Gold Bracelets in UK | Chain Gold Bracelet is perfect for any occasion | Shop More collection from PureJewels.com | Free delivery across UK\" \/>\n<meta property=\"og:url\" content=\"https:\/\/www.purejewels.com\/tr\/urun\/22-ayar-altin-bilezikler-51157\/\" \/>\n<meta property=\"og:site_name\" content=\"PureJewels UK\" \/>\n<meta property=\"article:modified_time\" content=\"2026-01-06T10:12:53+00:00\" \/>\n<meta property=\"og:image\" content=\"https:\/\/www.purejewels.com\/wp-content\/uploads\/2023\/08\/SKU-51157.jpg\" \/>\n\t<meta property=\"og:image:width\" content=\"1000\" \/>\n\t<meta property=\"og:image:height\" content=\"1000\" \/>\n\t<meta property=\"og:image:type\" content=\"image\/jpeg\" \/>\n<meta name=\"twitter:card\" content=\"summary_large_image\" \/>\n<meta name=\"twitter:label1\" content=\"Tahmini okuma s\u00fcresi\" \/>\n\t<meta name=\"twitter:data1\" content=\"1 dakika\" \/>\n<script type=\"application\/ld+json\" class=\"yoast-schema-graph\">{\"@context\":\"https:\\\/\\\/schema.org\",\"@graph\":[{\"@type\":[\"WebPage\",\"ItemPage\"],\"@id\":\"https:\\\/\\\/www.purejewels.com\\\/product\\\/22kt-gold-bracelets-51157\\\/\",\"url\":\"https:\\\/\\\/www.purejewels.com\\\/product\\\/22kt-gold-bracelets-51157\\\/\",\"name\":\"22ct Gold Ladies Bracelets | Gold Bracelet\",\"isPartOf\":{\"@id\":\"https:\\\/\\\/www.purejewels.com\\\/#website\"},\"primaryImageOfPage\":{\"@id\":\"https:\\\/\\\/www.purejewels.com\\\/product\\\/22kt-gold-bracelets-51157\\\/#primaryimage\"},\"image\":{\"@id\":\"https:\\\/\\\/www.purejewels.com\\\/product\\\/22kt-gold-bracelets-51157\\\/#primaryimage\"},\"thumbnailUrl\":\"https:\\\/\\\/static.purejewels.com\\\/wp-content\\\/uploads\\\/2023\\\/08\\\/SKU-51157.jpg\",\"datePublished\":\"2025-07-01T07:10:30+00:00\",\"dateModified\":\"2026-01-06T10:12:53+00:00\",\"description\":\"Gold Bracelets in UK | Chain Gold Bracelet is perfect for any occasion | Shop More collection from PureJewels.com | Free delivery across UK\",\"breadcrumb\":{\"@id\":\"https:\\\/\\\/www.purejewels.com\\\/product\\\/22kt-gold-bracelets-51157\\\/#breadcrumb\"},\"inLanguage\":\"tr\",\"potentialAction\":[{\"@type\":\"ReadAction\",\"target\":[\"https:\\\/\\\/www.purejewels.com\\\/product\\\/22kt-gold-bracelets-51157\\\/\"]}]},{\"@type\":\"ImageObject\",\"inLanguage\":\"tr\",\"@id\":\"https:\\\/\\\/www.purejewels.com\\\/product\\\/22kt-gold-bracelets-51157\\\/#primaryimage\",\"url\":\"https:\\\/\\\/static.purejewels.com\\\/wp-content\\\/uploads\\\/2023\\\/08\\\/SKU-51157.jpg\",\"contentUrl\":\"https:\\\/\\\/static.purejewels.com\\\/wp-content\\\/uploads\\\/2023\\\/08\\\/SKU-51157.jpg\",\"width\":1000,\"height\":1000,\"caption\":\"Classic 22ct Gold Twist Link Chain Bracelet\"},{\"@type\":\"BreadcrumbList\",\"@id\":\"https:\\\/\\\/www.purejewels.com\\\/product\\\/22kt-gold-bracelets-51157\\\/#breadcrumb\",\"itemListElement\":[{\"@type\":\"ListItem\",\"position\":1,\"name\":\"Home\",\"item\":\"https:\\\/\\\/www.purejewels.com\\\/\"},{\"@type\":\"ListItem\",\"position\":2,\"name\":\"Shop\",\"item\":\"https:\\\/\\\/www.purejewels.com\\\/shop\\\/\"},{\"@type\":\"ListItem\",\"position\":3,\"name\":\"Classic 22ct Gold Twist Link Chain Bracelet\"}]},{\"@type\":\"WebSite\",\"@id\":\"https:\\\/\\\/www.purejewels.com\\\/#website\",\"url\":\"https:\\\/\\\/www.purejewels.com\\\/\",\"name\":\"PureJewels UK\",\"description\":\"Share the Love\",\"publisher\":{\"@id\":\"https:\\\/\\\/www.purejewels.com\\\/#organization\"},\"potentialAction\":[{\"@type\":\"SearchAction\",\"target\":{\"@type\":\"EntryPoint\",\"urlTemplate\":\"https:\\\/\\\/www.purejewels.com\\\/?s={search_term_string}\"},\"query-input\":{\"@type\":\"PropertyValueSpecification\",\"valueRequired\":true,\"valueName\":\"search_term_string\"}}],\"inLanguage\":\"tr\"},{\"@type\":\"Organization\",\"@id\":\"https:\\\/\\\/www.purejewels.com\\\/#organization\",\"name\":\"PureJewels UK\",\"url\":\"https:\\\/\\\/www.purejewels.com\\\/\",\"logo\":{\"@type\":\"ImageObject\",\"inLanguage\":\"tr\",\"@id\":\"https:\\\/\\\/www.purejewels.com\\\/#\\\/schema\\\/logo\\\/image\\\/\",\"url\":\"https:\\\/\\\/static.purejewels.com\\\/wp-content\\\/uploads\\\/2020\\\/11\\\/Logo-PJ-New-1.png\",\"contentUrl\":\"https:\\\/\\\/static.purejewels.com\\\/wp-content\\\/uploads\\\/2020\\\/11\\\/Logo-PJ-New-1.png\",\"width\":150,\"height\":80,\"caption\":\"PureJewels UK\"},\"image\":{\"@id\":\"https:\\\/\\\/www.purejewels.com\\\/#\\\/schema\\\/logo\\\/image\\\/\"}}]}<\/script>\n<!-- \/ Yoast SEO plugin. -->","yoast_head_json":{"title":"22 Ayar Alt\u0131n Bayan Bilezikler | Alt\u0131n Bilezik","description":"\u0130ngiltere'de Alt\u0131n Bilezikler | Zincirli Alt\u0131n Bilezik her durum i\u00e7in m\u00fckemmeldir | PureJewels.com'dan daha fazla koleksiyon sat\u0131n al\u0131n | \u0130ngiltere genelinde \u00fccretsiz teslimat","robots":{"index":"index","follow":"follow","max-snippet":"max-snippet:-1","max-image-preview":"max-image-preview:large","max-video-preview":"max-video-preview:-1"},"canonical":"https:\/\/www.purejewels.com\/tr\/urun\/22-ayar-altin-bilezikler-51157\/","og_locale":"tr_TR","og_type":"article","og_title":"22ct Gold Ladies Bracelets | Gold Bracelet","og_description":"Gold Bracelets in UK | Chain Gold Bracelet is perfect for any occasion | Shop More collection from PureJewels.com | Free delivery across UK","og_url":"https:\/\/www.purejewels.com\/tr\/urun\/22-ayar-altin-bilezikler-51157\/","og_site_name":"PureJewels UK","article_modified_time":"2026-01-06T10:12:53+00:00","og_image":[{"width":1000,"height":1000,"url":"https:\/\/www.purejewels.com\/wp-content\/uploads\/2023\/08\/SKU-51157.jpg","type":"image\/jpeg"}],"twitter_card":"summary_large_image","twitter_misc":{"Tahmini okuma s\u00fcresi":"1 dakika"},"schema":{"@context":"https:\/\/schema.org","@graph":[{"@type":["WebPage","ItemPage"],"@id":"https:\/\/www.purejewels.com\/product\/22kt-gold-bracelets-51157\/","url":"https:\/\/www.purejewels.com\/product\/22kt-gold-bracelets-51157\/","name":"22 Ayar Alt\u0131n Bayan Bilezikler | Alt\u0131n Bilezik","isPartOf":{"@id":"https:\/\/www.purejewels.com\/#website"},"primaryImageOfPage":{"@id":"https:\/\/www.purejewels.com\/product\/22kt-gold-bracelets-51157\/#primaryimage"},"image":{"@id":"https:\/\/www.purejewels.com\/product\/22kt-gold-bracelets-51157\/#primaryimage"},"thumbnailUrl":"https:\/\/static.purejewels.com\/wp-content\/uploads\/2023\/08\/SKU-51157.jpg","datePublished":"2025-07-01T07:10:30+00:00","dateModified":"2026-01-06T10:12:53+00:00","description":"\u0130ngiltere'de Alt\u0131n Bilezikler | Zincirli Alt\u0131n Bilezik her durum i\u00e7in m\u00fckemmeldir | PureJewels.com'dan daha fazla koleksiyon sat\u0131n al\u0131n | \u0130ngiltere genelinde \u00fccretsiz teslimat","breadcrumb":{"@id":"https:\/\/www.purejewels.com\/product\/22kt-gold-bracelets-51157\/#breadcrumb"},"inLanguage":"tr","potentialAction":[{"@type":"ReadAction","target":["https:\/\/www.purejewels.com\/product\/22kt-gold-bracelets-51157\/"]}]},{"@type":"ImageObject","inLanguage":"tr","@id":"https:\/\/www.purejewels.com\/product\/22kt-gold-bracelets-51157\/#primaryimage","url":"https:\/\/static.purejewels.com\/wp-content\/uploads\/2023\/08\/SKU-51157.jpg","contentUrl":"https:\/\/static.purejewels.com\/wp-content\/uploads\/2023\/08\/SKU-51157.jpg","width":1000,"height":1000,"caption":"Classic 22ct Gold Twist Link Chain Bracelet"},{"@type":"BreadcrumbList","@id":"https:\/\/www.purejewels.com\/product\/22kt-gold-bracelets-51157\/#breadcrumb","itemListElement":[{"@type":"ListItem","position":1,"name":"Home","item":"https:\/\/www.purejewels.com\/"},{"@type":"ListItem","position":2,"name":"Shop","item":"https:\/\/www.purejewels.com\/shop\/"},{"@type":"ListItem","position":3,"name":"Classic 22ct Gold Twist Link Chain Bracelet"}]},{"@type":"WebSite","@id":"https:\/\/www.purejewels.com\/#website","url":"https:\/\/www.purejewels.com\/","name":"PureJewels \u0130ngiltere","description":"Sevgiyi Payla\u015f\u0131n","publisher":{"@id":"https:\/\/www.purejewels.com\/#organization"},"potentialAction":[{"@type":"SearchAction","target":{"@type":"EntryPoint","urlTemplate":"https:\/\/www.purejewels.com\/?s={search_term_string}"},"query-input":{"@type":"PropertyValueSpecification","valueRequired":true,"valueName":"search_term_string"}}],"inLanguage":"tr"},{"@type":"Organization","@id":"https:\/\/www.purejewels.com\/#organization","name":"PureJewels \u0130ngiltere","url":"https:\/\/www.purejewels.com\/","logo":{"@type":"ImageObject","inLanguage":"tr","@id":"https:\/\/www.purejewels.com\/#\/schema\/logo\/image\/","url":"https:\/\/static.purejewels.com\/wp-content\/uploads\/2020\/11\/Logo-PJ-New-1.png","contentUrl":"https:\/\/static.purejewels.com\/wp-content\/uploads\/2020\/11\/Logo-PJ-New-1.png","width":150,"height":80,"caption":"PureJewels UK"},"image":{"@id":"https:\/\/www.purejewels.com\/#\/schema\/logo\/image\/"}}]}},"_links":{"self":[{"href":"https:\/\/www.purejewels.com\/tr\/wp-json\/wp\/v2\/product\/339453","targetHints":{"allow":["GET"]}}],"collection":[{"href":"https:\/\/www.purejewels.com\/tr\/wp-json\/wp\/v2\/product"}],"about":[{"href":"https:\/\/www.purejewels.com\/tr\/wp-json\/wp\/v2\/types\/product"}],"replies":[{"embeddable":true,"href":"https:\/\/www.purejewels.com\/tr\/wp-json\/wp\/v2\/comments?post=339453"}],"version-history":[{"count":3,"href":"https:\/\/www.purejewels.com\/tr\/wp-json\/wp\/v2\/product\/339453\/revisions"}],"predecessor-version":[{"id":406291,"href":"https:\/\/www.purejewels.com\/tr\/wp-json\/wp\/v2\/product\/339453\/revisions\/406291"}],"wp:featuredmedia":[{"embeddable":true,"href":"https:\/\/www.purejewels.com\/tr\/wp-json\/wp\/v2\/media\/403244"}],"wp:attachment":[{"href":"https:\/\/www.purejewels.com\/tr\/wp-json\/wp\/v2\/media?parent=339453"}],"wp:term":[{"taxonomy":"product_brand","embeddable":true,"href":"https:\/\/www.purejewels.com\/tr\/wp-json\/wp\/v2\/product_brand?post=339453"},{"taxonomy":"product_cat","embeddable":true,"href":"https:\/\/www.purejewels.com\/tr\/wp-json\/wp\/v2\/product_cat?post=339453"},{"taxonomy":"product_tag","embeddable":true,"href":"https:\/\/www.purejewels.com\/tr\/wp-json\/wp\/v2\/product_tag?post=339453"}],"curies":[{"name":"wp","href":"https:\/\/api.w.org\/{rel}","templated":true}]}}