{"id":339457,"date":"2022-10-13T12:51:41","date_gmt":"2022-10-13T11:51:41","guid":{"rendered":"https:\/\/www.purejewels.com\/?post_type=product&#038;p=339457"},"modified":"2026-01-06T07:16:28","modified_gmt":"2026-01-06T07:16:28","slug":"bayanlar-icin-22-ayar-sari-altin-halhal-10-inc-42720","status":"publish","type":"product","link":"https:\/\/www.purejewels.com\/tr\/product\/22ct-yellow-gold-anklet-for-ladies-10-inches-42720\/","title":{"rendered":"Bayanlar \u0130\u00e7in 22 Ayar Sar\u0131 Alt\u0131n Halhal | 10 \u0130n\u00e7"},"content":{"rendered":"<p>Klasik g\u00fczelli\u011fi takdir eden modern kad\u0131nlar i\u00e7in tasarlanan 22 Ayar Sar\u0131 Alt\u0131n Halhal\u0131m\u0131z\u0131n zamans\u0131z zarafetinin keyfini \u00e7\u0131kar\u0131n. Bu halhal g\u00fcnl\u00fck kullan\u0131m i\u00e7in m\u00fckemmeldir ve her k\u0131yafete sofistike bir dokunu\u015f katar. Y\u00fcksek kaliteli 22 ayar sar\u0131 alt\u0131ndan \u00fcretilen ve Londra Assay Office taraf\u0131ndan damgalanan bu halhal, l\u00fcks ve stilin ger\u00e7ek bir sembol\u00fcd\u00fcr.<\/p>\n<p>10 in\u00e7 uzunlu\u011funda ve 3 gram a\u011f\u0131rl\u0131\u011f\u0131ndaki bu halhal, g\u00fcn boyu takmak i\u00e7in hafif ve rahatt\u0131r. Sunum kutusunda g\u00fczel bir \u015fekilde paketlenmi\u015f olarak gelir ve sevdi\u011finiz biri i\u00e7in ideal bir hediye veya kendiniz i\u00e7in \u00f6zel bir ikramd\u0131r.<\/p>\n<p>Stilinizi y\u00fckseltecek ve kendinizi ger\u00e7ekten \u00f6zel hissetmenizi sa\u011flayacak bu zarif m\u00fccevher par\u00e7as\u0131n\u0131 ka\u00e7\u0131rmay\u0131n. Bayanlar i\u00e7in 22 Ayar Sar\u0131 Alt\u0131n Halhal\u0131n\u0131z\u0131 bug\u00fcn online sipari\u015f edin!<\/p>","protected":false},"excerpt":{"rendered":"<table class=\"sh_desc\">\n<tbody>\n<tr>\n<td>Burun Pimi Tipi<\/td>\n<td>22 Ayar Sar\u0131 Alt\u0131n Halhal<\/td>\n<\/tr>\n<tr>\n<td>SKU<\/td>\n<td>42720<\/td>\n<\/tr>\n<tr>\n<td>A\u011f\u0131rl\u0131k<\/td>\n<td>3 Gms<\/td>\n<\/tr>\n<tr>\n<td>Uzunluk<\/td>\n<td>10 \u0130n\u00e7<\/td>\n<\/tr>\n<tr>\n<td>Hallmark<\/td>\n<td>Londra Tahlil Ofisi Taraf\u0131ndan Damgalanm\u0131\u015f 22 Ayar Alt\u0131n<\/td>\n<\/tr>\n<tr>\n<td>\u00dccretler<\/td>\n<td>Teslimat ve KDV Dahil<\/td>\n<\/tr>\n<tr>\n<td>Paketleme<\/td>\n<td>Sunum Kutusu ile Birlikte Gelir<\/td>\n<\/tr>\n<tr>\n<td>Daha Fazla Bilgi<\/td>\n<td>M\u00fcsaitlik durumu ve daha fazla resim i\u00e7in bizimle canl\u0131 sohbet edin<\/td>\n<\/tr>\n<\/tbody>\n<\/table>","protected":false},"featured_media":339458,"comment_status":"closed","ping_status":"closed","template":"","meta":{"_eb_attr":"","_crsspst_to_jayantr4sg-hostcom":false},"product_brand":[],"product_cat":[1760,1559,1793,1792,5344,5338,1574],"product_tag":[],"class_list":{"0":"post-339457","1":"product","2":"type-product","3":"status-publish","4":"has-post-thumbnail","6":"product_cat-gold-anklets","7":"product_cat-birthday-gifts","8":"product_cat-diwali-gifts","9":"product_cat-festival-gifts","10":"product_cat-jewellery-under-750","11":"product_cat-shop-by-price","12":"product_cat-womens-jewellery","14":"first","15":"outofstock","16":"taxable","17":"shipping-taxable","18":"product-type-simple","19":"add-to-wishlist-before_image"},"yoast_head":"<!-- This site is optimized with the Yoast SEO plugin v27.6 - https:\/\/yoast.com\/product\/yoast-seo-wordpress\/ -->\n<title>22ct Yellow Gold Anklet for Everyday Wear | Online UK<\/title>\n<meta name=\"description\" content=\"This 22ct Yellow Gold Anklet is the perfect accessory for everyday wear. Crafted from solid yellow gold, the anklet is classic and timeless.\" \/>\n<meta name=\"robots\" content=\"index, follow, max-snippet:-1, max-image-preview:large, max-video-preview:-1\" \/>\n<link rel=\"canonical\" href=\"https:\/\/www.purejewels.com\/tr\/urun\/bayanlar-icin-22-ayar-sari-altin-halhal-10-inc-42720\/\" \/>\n<meta property=\"og:locale\" content=\"tr_TR\" \/>\n<meta property=\"og:type\" content=\"article\" \/>\n<meta property=\"og:title\" content=\"22ct Yellow Gold Anklet for Everyday Wear | Online UK\" \/>\n<meta property=\"og:description\" content=\"This 22ct Yellow Gold Anklet is the perfect accessory for everyday wear. Crafted from solid yellow gold, the anklet is classic and timeless.\" \/>\n<meta property=\"og:url\" content=\"https:\/\/www.purejewels.com\/tr\/urun\/bayanlar-icin-22-ayar-sari-altin-halhal-10-inc-42720\/\" \/>\n<meta property=\"og:site_name\" content=\"PureJewels UK\" \/>\n<meta property=\"article:modified_time\" content=\"2026-01-06T07:16:28+00:00\" \/>\n<meta property=\"og:image\" content=\"https:\/\/www.purejewels.com\/wp-content\/uploads\/2022\/10\/42720-1.jpg\" \/>\n\t<meta property=\"og:image:width\" content=\"1000\" \/>\n\t<meta property=\"og:image:height\" content=\"1000\" \/>\n\t<meta property=\"og:image:type\" content=\"image\/jpeg\" \/>\n<meta name=\"twitter:card\" content=\"summary_large_image\" \/>\n<meta name=\"twitter:label1\" content=\"Tahmini okuma s\u00fcresi\" \/>\n\t<meta name=\"twitter:data1\" content=\"1 dakika\" \/>\n<script type=\"application\/ld+json\" class=\"yoast-schema-graph\">{\"@context\":\"https:\\\/\\\/schema.org\",\"@graph\":[{\"@type\":[\"WebPage\",\"ItemPage\"],\"@id\":\"https:\\\/\\\/www.purejewels.com\\\/product\\\/22ct-yellow-gold-anklet-for-ladies-10-inches-42720\\\/\",\"url\":\"https:\\\/\\\/www.purejewels.com\\\/product\\\/22ct-yellow-gold-anklet-for-ladies-10-inches-42720\\\/\",\"name\":\"22ct Yellow Gold Anklet for Everyday Wear | Online UK\",\"isPartOf\":{\"@id\":\"https:\\\/\\\/www.purejewels.com\\\/#website\"},\"primaryImageOfPage\":{\"@id\":\"https:\\\/\\\/www.purejewels.com\\\/product\\\/22ct-yellow-gold-anklet-for-ladies-10-inches-42720\\\/#primaryimage\"},\"image\":{\"@id\":\"https:\\\/\\\/www.purejewels.com\\\/product\\\/22ct-yellow-gold-anklet-for-ladies-10-inches-42720\\\/#primaryimage\"},\"thumbnailUrl\":\"https:\\\/\\\/static.purejewels.com\\\/wp-content\\\/uploads\\\/2022\\\/10\\\/42720-1.jpg\",\"datePublished\":\"2022-10-13T11:51:41+00:00\",\"dateModified\":\"2026-01-06T07:16:28+00:00\",\"description\":\"This 22ct Yellow Gold Anklet is the perfect accessory for everyday wear. Crafted from solid yellow gold, the anklet is classic and timeless.\",\"breadcrumb\":{\"@id\":\"https:\\\/\\\/www.purejewels.com\\\/product\\\/22ct-yellow-gold-anklet-for-ladies-10-inches-42720\\\/#breadcrumb\"},\"inLanguage\":\"tr\",\"potentialAction\":[{\"@type\":\"ReadAction\",\"target\":[\"https:\\\/\\\/www.purejewels.com\\\/product\\\/22ct-yellow-gold-anklet-for-ladies-10-inches-42720\\\/\"]}]},{\"@type\":\"ImageObject\",\"inLanguage\":\"tr\",\"@id\":\"https:\\\/\\\/www.purejewels.com\\\/product\\\/22ct-yellow-gold-anklet-for-ladies-10-inches-42720\\\/#primaryimage\",\"url\":\"https:\\\/\\\/static.purejewels.com\\\/wp-content\\\/uploads\\\/2022\\\/10\\\/42720-1.jpg\",\"contentUrl\":\"https:\\\/\\\/static.purejewels.com\\\/wp-content\\\/uploads\\\/2022\\\/10\\\/42720-1.jpg\",\"width\":1000,\"height\":1000,\"caption\":\"22ct Yellow Gold Anklet For Ladies | 10 Inches\"},{\"@type\":\"BreadcrumbList\",\"@id\":\"https:\\\/\\\/www.purejewels.com\\\/product\\\/22ct-yellow-gold-anklet-for-ladies-10-inches-42720\\\/#breadcrumb\",\"itemListElement\":[{\"@type\":\"ListItem\",\"position\":1,\"name\":\"Home\",\"item\":\"https:\\\/\\\/www.purejewels.com\\\/\"},{\"@type\":\"ListItem\",\"position\":2,\"name\":\"Shop\",\"item\":\"https:\\\/\\\/www.purejewels.com\\\/shop\\\/\"},{\"@type\":\"ListItem\",\"position\":3,\"name\":\"22ct Yellow Gold Anklet For Ladies | 10 Inches\"}]},{\"@type\":\"WebSite\",\"@id\":\"https:\\\/\\\/www.purejewels.com\\\/#website\",\"url\":\"https:\\\/\\\/www.purejewels.com\\\/\",\"name\":\"PureJewels UK\",\"description\":\"Share the Love\",\"publisher\":{\"@id\":\"https:\\\/\\\/www.purejewels.com\\\/#organization\"},\"potentialAction\":[{\"@type\":\"SearchAction\",\"target\":{\"@type\":\"EntryPoint\",\"urlTemplate\":\"https:\\\/\\\/www.purejewels.com\\\/?s={search_term_string}\"},\"query-input\":{\"@type\":\"PropertyValueSpecification\",\"valueRequired\":true,\"valueName\":\"search_term_string\"}}],\"inLanguage\":\"tr\"},{\"@type\":\"Organization\",\"@id\":\"https:\\\/\\\/www.purejewels.com\\\/#organization\",\"name\":\"PureJewels UK\",\"url\":\"https:\\\/\\\/www.purejewels.com\\\/\",\"logo\":{\"@type\":\"ImageObject\",\"inLanguage\":\"tr\",\"@id\":\"https:\\\/\\\/www.purejewels.com\\\/#\\\/schema\\\/logo\\\/image\\\/\",\"url\":\"https:\\\/\\\/static.purejewels.com\\\/wp-content\\\/uploads\\\/2020\\\/11\\\/Logo-PJ-New-1.png\",\"contentUrl\":\"https:\\\/\\\/static.purejewels.com\\\/wp-content\\\/uploads\\\/2020\\\/11\\\/Logo-PJ-New-1.png\",\"width\":150,\"height\":80,\"caption\":\"PureJewels UK\"},\"image\":{\"@id\":\"https:\\\/\\\/www.purejewels.com\\\/#\\\/schema\\\/logo\\\/image\\\/\"}}]}<\/script>\n<!-- \/ Yoast SEO plugin. -->","yoast_head_json":{"title":"G\u00fcnl\u00fck Giyim i\u00e7in 22 Ayar Sar\u0131 Alt\u0131n Halhal | Online UK","description":"Bu 22 Ayar Sar\u0131 Alt\u0131n Halhal, g\u00fcnl\u00fck kullan\u0131m i\u00e7in m\u00fckemmel bir aksesuard\u0131r. Som sar\u0131 alt\u0131ndan \u00fcretilen halhal, klasik ve zamans\u0131zd\u0131r.","robots":{"index":"index","follow":"follow","max-snippet":"max-snippet:-1","max-image-preview":"max-image-preview:large","max-video-preview":"max-video-preview:-1"},"canonical":"https:\/\/www.purejewels.com\/tr\/urun\/bayanlar-icin-22-ayar-sari-altin-halhal-10-inc-42720\/","og_locale":"tr_TR","og_type":"article","og_title":"22ct Yellow Gold Anklet for Everyday Wear | Online UK","og_description":"This 22ct Yellow Gold Anklet is the perfect accessory for everyday wear. Crafted from solid yellow gold, the anklet is classic and timeless.","og_url":"https:\/\/www.purejewels.com\/tr\/urun\/bayanlar-icin-22-ayar-sari-altin-halhal-10-inc-42720\/","og_site_name":"PureJewels UK","article_modified_time":"2026-01-06T07:16:28+00:00","og_image":[{"width":1000,"height":1000,"url":"https:\/\/www.purejewels.com\/wp-content\/uploads\/2022\/10\/42720-1.jpg","type":"image\/jpeg"}],"twitter_card":"summary_large_image","twitter_misc":{"Tahmini okuma s\u00fcresi":"1 dakika"},"schema":{"@context":"https:\/\/schema.org","@graph":[{"@type":["WebPage","ItemPage"],"@id":"https:\/\/www.purejewels.com\/product\/22ct-yellow-gold-anklet-for-ladies-10-inches-42720\/","url":"https:\/\/www.purejewels.com\/product\/22ct-yellow-gold-anklet-for-ladies-10-inches-42720\/","name":"G\u00fcnl\u00fck Giyim i\u00e7in 22 Ayar Sar\u0131 Alt\u0131n Halhal | Online UK","isPartOf":{"@id":"https:\/\/www.purejewels.com\/#website"},"primaryImageOfPage":{"@id":"https:\/\/www.purejewels.com\/product\/22ct-yellow-gold-anklet-for-ladies-10-inches-42720\/#primaryimage"},"image":{"@id":"https:\/\/www.purejewels.com\/product\/22ct-yellow-gold-anklet-for-ladies-10-inches-42720\/#primaryimage"},"thumbnailUrl":"https:\/\/static.purejewels.com\/wp-content\/uploads\/2022\/10\/42720-1.jpg","datePublished":"2022-10-13T11:51:41+00:00","dateModified":"2026-01-06T07:16:28+00:00","description":"Bu 22 Ayar Sar\u0131 Alt\u0131n Halhal, g\u00fcnl\u00fck kullan\u0131m i\u00e7in m\u00fckemmel bir aksesuard\u0131r. Som sar\u0131 alt\u0131ndan \u00fcretilen halhal, klasik ve zamans\u0131zd\u0131r.","breadcrumb":{"@id":"https:\/\/www.purejewels.com\/product\/22ct-yellow-gold-anklet-for-ladies-10-inches-42720\/#breadcrumb"},"inLanguage":"tr","potentialAction":[{"@type":"ReadAction","target":["https:\/\/www.purejewels.com\/product\/22ct-yellow-gold-anklet-for-ladies-10-inches-42720\/"]}]},{"@type":"ImageObject","inLanguage":"tr","@id":"https:\/\/www.purejewels.com\/product\/22ct-yellow-gold-anklet-for-ladies-10-inches-42720\/#primaryimage","url":"https:\/\/static.purejewels.com\/wp-content\/uploads\/2022\/10\/42720-1.jpg","contentUrl":"https:\/\/static.purejewels.com\/wp-content\/uploads\/2022\/10\/42720-1.jpg","width":1000,"height":1000,"caption":"22ct Yellow Gold Anklet For Ladies | 10 Inches"},{"@type":"BreadcrumbList","@id":"https:\/\/www.purejewels.com\/product\/22ct-yellow-gold-anklet-for-ladies-10-inches-42720\/#breadcrumb","itemListElement":[{"@type":"ListItem","position":1,"name":"Home","item":"https:\/\/www.purejewels.com\/"},{"@type":"ListItem","position":2,"name":"Shop","item":"https:\/\/www.purejewels.com\/shop\/"},{"@type":"ListItem","position":3,"name":"22ct Yellow Gold Anklet For Ladies | 10 Inches"}]},{"@type":"WebSite","@id":"https:\/\/www.purejewels.com\/#website","url":"https:\/\/www.purejewels.com\/","name":"PureJewels \u0130ngiltere","description":"Sevgiyi Payla\u015f\u0131n","publisher":{"@id":"https:\/\/www.purejewels.com\/#organization"},"potentialAction":[{"@type":"SearchAction","target":{"@type":"EntryPoint","urlTemplate":"https:\/\/www.purejewels.com\/?s={search_term_string}"},"query-input":{"@type":"PropertyValueSpecification","valueRequired":true,"valueName":"search_term_string"}}],"inLanguage":"tr"},{"@type":"Organization","@id":"https:\/\/www.purejewels.com\/#organization","name":"PureJewels \u0130ngiltere","url":"https:\/\/www.purejewels.com\/","logo":{"@type":"ImageObject","inLanguage":"tr","@id":"https:\/\/www.purejewels.com\/#\/schema\/logo\/image\/","url":"https:\/\/static.purejewels.com\/wp-content\/uploads\/2020\/11\/Logo-PJ-New-1.png","contentUrl":"https:\/\/static.purejewels.com\/wp-content\/uploads\/2020\/11\/Logo-PJ-New-1.png","width":150,"height":80,"caption":"PureJewels UK"},"image":{"@id":"https:\/\/www.purejewels.com\/#\/schema\/logo\/image\/"}}]}},"_links":{"self":[{"href":"https:\/\/www.purejewels.com\/tr\/wp-json\/wp\/v2\/product\/339457","targetHints":{"allow":["GET"]}}],"collection":[{"href":"https:\/\/www.purejewels.com\/tr\/wp-json\/wp\/v2\/product"}],"about":[{"href":"https:\/\/www.purejewels.com\/tr\/wp-json\/wp\/v2\/types\/product"}],"replies":[{"embeddable":true,"href":"https:\/\/www.purejewels.com\/tr\/wp-json\/wp\/v2\/comments?post=339457"}],"version-history":[{"count":1,"href":"https:\/\/www.purejewels.com\/tr\/wp-json\/wp\/v2\/product\/339457\/revisions"}],"predecessor-version":[{"id":420612,"href":"https:\/\/www.purejewels.com\/tr\/wp-json\/wp\/v2\/product\/339457\/revisions\/420612"}],"wp:featuredmedia":[{"embeddable":true,"href":"https:\/\/www.purejewels.com\/tr\/wp-json\/wp\/v2\/media\/339458"}],"wp:attachment":[{"href":"https:\/\/www.purejewels.com\/tr\/wp-json\/wp\/v2\/media?parent=339457"}],"wp:term":[{"taxonomy":"product_brand","embeddable":true,"href":"https:\/\/www.purejewels.com\/tr\/wp-json\/wp\/v2\/product_brand?post=339457"},{"taxonomy":"product_cat","embeddable":true,"href":"https:\/\/www.purejewels.com\/tr\/wp-json\/wp\/v2\/product_cat?post=339457"},{"taxonomy":"product_tag","embeddable":true,"href":"https:\/\/www.purejewels.com\/tr\/wp-json\/wp\/v2\/product_tag?post=339457"}],"curies":[{"name":"wp","href":"https:\/\/api.w.org\/{rel}","templated":true}]}}