{"id":339540,"date":"2022-10-14T13:12:15","date_gmt":"2022-10-14T12:12:15","guid":{"rendered":"https:\/\/www.purejewels.com\/?post_type=product&#038;p=339540"},"modified":"2026-04-03T22:00:16","modified_gmt":"2026-04-03T21:00:16","slug":"baird-co-yapimi-5gm-ince-lakshmi-altin-kulce","status":"publish","type":"product","link":"https:\/\/www.purejewels.com\/tr\/product\/baird-co-made-5gm-fine-lakshmi-gold-bar\/","title":{"rendered":"Baird &amp; Co. Yap\u0131m\u0131 5gm \u0130nce Lakshmi Alt\u0131n Bar"},"content":{"rendered":"<p>[vc_row][vc_column][vc_column_text]Baird &amp; Co. Made Fine Gold Bar[\/vc_column_text][\/vc_column][\/vc_row]<\/p>\n","protected":false},"excerpt":{"rendered":"<p>Baird &amp; Co. 5 graml\u0131k alt\u0131n k\u00fcl\u00e7e uluslararas\u0131 kabul g\u00f6rm\u00fc\u015f 999.9 standartlar\u0131na g\u00f6re \u00fcretilir ve Baird &amp; Co. i\u015fareti, a\u011f\u0131rl\u0131\u011f\u0131 ve inceli\u011fini ta\u015f\u0131r. K\u00fcl\u00e7eler m\u00fch\u00fcrl\u00fc, kurcalamaya dayan\u0131kl\u0131 ambalajlarda sunulur.<\/p>\n<ul id=\"skusDisplayContentListUL\">\n<li><strong>METAL<\/strong>\u00a0Alt\u0131n 999.9<\/li>\n<li><strong>\u00dcLKE<\/strong>\u00a0Birle\u015fik Krall\u0131k<\/li>\n<li><strong>A\u011eIRLIK <\/strong>5g<\/li>\n<\/ul>\n<p>&nbsp;<\/p>\n<p>&nbsp;<\/p>","protected":false},"featured_media":339542,"comment_status":"closed","ping_status":"closed","template":"","meta":{"_eb_attr":"","_crsspst_to_jayantr4sg-hostcom":false},"product_brand":[],"product_cat":[1482],"product_tag":[],"class_list":{"0":"post-339540","1":"product","2":"type-product","3":"status-publish","4":"has-post-thumbnail","6":"product_cat-uncategorized","8":"first","9":"onbackorder","10":"purchasable","11":"product-type-simple","12":"add-to-wishlist-before_image"},"yoast_head":"<!-- This site is optimized with the Yoast SEO plugin v27.3 - https:\/\/yoast.com\/product\/yoast-seo-wordpress\/ -->\n<title>Baird &amp; Co. Made 5gm Fine Lakshmi Gold Bar at best value<\/title>\n<meta name=\"description\" content=\"Buy a 5 gm fine Lakshmi Gold Bar at the best value online at PureJewels. All bars are made in the UK and supplied in sealed, tamper-resistant packaging.\" \/>\n<meta name=\"robots\" content=\"index, follow, max-snippet:-1, max-image-preview:large, max-video-preview:-1\" \/>\n<link rel=\"canonical\" href=\"https:\/\/www.purejewels.com\/tr\/urun\/baird-co-yapimi-5gm-ince-lakshmi-altin-kulce\/\" \/>\n<meta property=\"og:locale\" content=\"tr_TR\" \/>\n<meta property=\"og:type\" content=\"article\" \/>\n<meta property=\"og:title\" content=\"Baird &amp; Co. Made 5gm Fine Lakshmi Gold Bar at best value\" \/>\n<meta property=\"og:description\" content=\"Buy a 5 gm fine Lakshmi Gold Bar at the best value online at PureJewels. All bars are made in the UK and supplied in sealed, tamper-resistant packaging.\" \/>\n<meta property=\"og:url\" content=\"https:\/\/www.purejewels.com\/tr\/urun\/baird-co-yapimi-5gm-ince-lakshmi-altin-kulce\/\" \/>\n<meta property=\"og:site_name\" content=\"PureJewels UK\" \/>\n<meta property=\"article:modified_time\" content=\"2026-04-03T21:00:16+00:00\" \/>\n<meta property=\"og:image\" content=\"https:\/\/www.purejewels.com\/wp-content\/uploads\/2022\/10\/Lakshmi-Gold-Bar2.png\" \/>\n\t<meta property=\"og:image:width\" content=\"1000\" \/>\n\t<meta property=\"og:image:height\" content=\"1000\" \/>\n\t<meta property=\"og:image:type\" content=\"image\/png\" \/>\n<meta name=\"twitter:card\" content=\"summary_large_image\" \/>\n<script type=\"application\/ld+json\" class=\"yoast-schema-graph\">{\"@context\":\"https:\\\/\\\/schema.org\",\"@graph\":[{\"@type\":[\"WebPage\",\"ItemPage\"],\"@id\":\"https:\\\/\\\/www.purejewels.com\\\/product\\\/baird-co-made-5gm-fine-lakshmi-gold-bar\\\/\",\"url\":\"https:\\\/\\\/www.purejewels.com\\\/product\\\/baird-co-made-5gm-fine-lakshmi-gold-bar\\\/\",\"name\":\"Baird & Co. Made 5gm Fine Lakshmi Gold Bar at best value\",\"isPartOf\":{\"@id\":\"https:\\\/\\\/www.purejewels.com\\\/#website\"},\"primaryImageOfPage\":{\"@id\":\"https:\\\/\\\/www.purejewels.com\\\/product\\\/baird-co-made-5gm-fine-lakshmi-gold-bar\\\/#primaryimage\"},\"image\":{\"@id\":\"https:\\\/\\\/www.purejewels.com\\\/product\\\/baird-co-made-5gm-fine-lakshmi-gold-bar\\\/#primaryimage\"},\"thumbnailUrl\":\"https:\\\/\\\/static.purejewels.com\\\/wp-content\\\/uploads\\\/2022\\\/10\\\/Lakshmi-Gold-Bar2.png\",\"datePublished\":\"2022-10-14T12:12:15+00:00\",\"dateModified\":\"2026-04-03T21:00:16+00:00\",\"description\":\"Buy a 5 gm fine Lakshmi Gold Bar at the best value online at PureJewels. All bars are made in the UK and supplied in sealed, tamper-resistant packaging.\",\"breadcrumb\":{\"@id\":\"https:\\\/\\\/www.purejewels.com\\\/product\\\/baird-co-made-5gm-fine-lakshmi-gold-bar\\\/#breadcrumb\"},\"inLanguage\":\"tr\",\"potentialAction\":[{\"@type\":\"ReadAction\",\"target\":[\"https:\\\/\\\/www.purejewels.com\\\/product\\\/baird-co-made-5gm-fine-lakshmi-gold-bar\\\/\"]}]},{\"@type\":\"ImageObject\",\"inLanguage\":\"tr\",\"@id\":\"https:\\\/\\\/www.purejewels.com\\\/product\\\/baird-co-made-5gm-fine-lakshmi-gold-bar\\\/#primaryimage\",\"url\":\"https:\\\/\\\/static.purejewels.com\\\/wp-content\\\/uploads\\\/2022\\\/10\\\/Lakshmi-Gold-Bar2.png\",\"contentUrl\":\"https:\\\/\\\/static.purejewels.com\\\/wp-content\\\/uploads\\\/2022\\\/10\\\/Lakshmi-Gold-Bar2.png\",\"width\":1000,\"height\":1000},{\"@type\":\"BreadcrumbList\",\"@id\":\"https:\\\/\\\/www.purejewels.com\\\/product\\\/baird-co-made-5gm-fine-lakshmi-gold-bar\\\/#breadcrumb\",\"itemListElement\":[{\"@type\":\"ListItem\",\"position\":1,\"name\":\"Home\",\"item\":\"https:\\\/\\\/www.purejewels.com\\\/\"},{\"@type\":\"ListItem\",\"position\":2,\"name\":\"Shop\",\"item\":\"https:\\\/\\\/www.purejewels.com\\\/shop\\\/\"},{\"@type\":\"ListItem\",\"position\":3,\"name\":\"Baird &#038; Co. Made 5gm Fine Lakshmi Gold Bar\"}]},{\"@type\":\"WebSite\",\"@id\":\"https:\\\/\\\/www.purejewels.com\\\/#website\",\"url\":\"https:\\\/\\\/www.purejewels.com\\\/\",\"name\":\"PureJewels UK\",\"description\":\"Share the Love\",\"publisher\":{\"@id\":\"https:\\\/\\\/www.purejewels.com\\\/#organization\"},\"potentialAction\":[{\"@type\":\"SearchAction\",\"target\":{\"@type\":\"EntryPoint\",\"urlTemplate\":\"https:\\\/\\\/www.purejewels.com\\\/?s={search_term_string}\"},\"query-input\":{\"@type\":\"PropertyValueSpecification\",\"valueRequired\":true,\"valueName\":\"search_term_string\"}}],\"inLanguage\":\"tr\"},{\"@type\":\"Organization\",\"@id\":\"https:\\\/\\\/www.purejewels.com\\\/#organization\",\"name\":\"PureJewels UK\",\"url\":\"https:\\\/\\\/www.purejewels.com\\\/\",\"logo\":{\"@type\":\"ImageObject\",\"inLanguage\":\"tr\",\"@id\":\"https:\\\/\\\/www.purejewels.com\\\/#\\\/schema\\\/logo\\\/image\\\/\",\"url\":\"https:\\\/\\\/static.purejewels.com\\\/wp-content\\\/uploads\\\/2020\\\/11\\\/Logo-PJ-New-1.png\",\"contentUrl\":\"https:\\\/\\\/static.purejewels.com\\\/wp-content\\\/uploads\\\/2020\\\/11\\\/Logo-PJ-New-1.png\",\"width\":150,\"height\":80,\"caption\":\"PureJewels UK\"},\"image\":{\"@id\":\"https:\\\/\\\/www.purejewels.com\\\/#\\\/schema\\\/logo\\\/image\\\/\"}}]}<\/script>\n<!-- \/ Yoast SEO plugin. -->","yoast_head_json":{"title":"Baird &amp; Co. Yap\u0131m\u0131 5gm \u0130nce Lakshmi Alt\u0131n K\u00fcl\u00e7e en iyi de\u011ferde","description":"5 g ince Lakshmi Alt\u0131n K\u00fcl\u00e7eyi en iyi fiyatla PureJewels'ten online sat\u0131n al\u0131n. T\u00fcm k\u00fcl\u00e7eler Birle\u015fik Krall\u0131k'ta \u00fcretilir ve m\u00fch\u00fcrl\u00fc, kurcalamaya dayan\u0131kl\u0131 ambalajlarda sunulur.","robots":{"index":"index","follow":"follow","max-snippet":"max-snippet:-1","max-image-preview":"max-image-preview:large","max-video-preview":"max-video-preview:-1"},"canonical":"https:\/\/www.purejewels.com\/tr\/urun\/baird-co-yapimi-5gm-ince-lakshmi-altin-kulce\/","og_locale":"tr_TR","og_type":"article","og_title":"Baird & Co. Made 5gm Fine Lakshmi Gold Bar at best value","og_description":"Buy a 5 gm fine Lakshmi Gold Bar at the best value online at PureJewels. All bars are made in the UK and supplied in sealed, tamper-resistant packaging.","og_url":"https:\/\/www.purejewels.com\/tr\/urun\/baird-co-yapimi-5gm-ince-lakshmi-altin-kulce\/","og_site_name":"PureJewels UK","article_modified_time":"2026-04-03T21:00:16+00:00","og_image":[{"width":1000,"height":1000,"url":"https:\/\/www.purejewels.com\/wp-content\/uploads\/2022\/10\/Lakshmi-Gold-Bar2.png","type":"image\/png"}],"twitter_card":"summary_large_image","schema":{"@context":"https:\/\/schema.org","@graph":[{"@type":["WebPage","ItemPage"],"@id":"https:\/\/www.purejewels.com\/product\/baird-co-made-5gm-fine-lakshmi-gold-bar\/","url":"https:\/\/www.purejewels.com\/product\/baird-co-made-5gm-fine-lakshmi-gold-bar\/","name":"Baird &amp; Co. Yap\u0131m\u0131 5gm \u0130nce Lakshmi Alt\u0131n K\u00fcl\u00e7e en iyi de\u011ferde","isPartOf":{"@id":"https:\/\/www.purejewels.com\/#website"},"primaryImageOfPage":{"@id":"https:\/\/www.purejewels.com\/product\/baird-co-made-5gm-fine-lakshmi-gold-bar\/#primaryimage"},"image":{"@id":"https:\/\/www.purejewels.com\/product\/baird-co-made-5gm-fine-lakshmi-gold-bar\/#primaryimage"},"thumbnailUrl":"https:\/\/static.purejewels.com\/wp-content\/uploads\/2022\/10\/Lakshmi-Gold-Bar2.png","datePublished":"2022-10-14T12:12:15+00:00","dateModified":"2026-04-03T21:00:16+00:00","description":"5 g ince Lakshmi Alt\u0131n K\u00fcl\u00e7eyi en iyi fiyatla PureJewels'ten online sat\u0131n al\u0131n. T\u00fcm k\u00fcl\u00e7eler Birle\u015fik Krall\u0131k'ta \u00fcretilir ve m\u00fch\u00fcrl\u00fc, kurcalamaya dayan\u0131kl\u0131 ambalajlarda sunulur.","breadcrumb":{"@id":"https:\/\/www.purejewels.com\/product\/baird-co-made-5gm-fine-lakshmi-gold-bar\/#breadcrumb"},"inLanguage":"tr","potentialAction":[{"@type":"ReadAction","target":["https:\/\/www.purejewels.com\/product\/baird-co-made-5gm-fine-lakshmi-gold-bar\/"]}]},{"@type":"ImageObject","inLanguage":"tr","@id":"https:\/\/www.purejewels.com\/product\/baird-co-made-5gm-fine-lakshmi-gold-bar\/#primaryimage","url":"https:\/\/static.purejewels.com\/wp-content\/uploads\/2022\/10\/Lakshmi-Gold-Bar2.png","contentUrl":"https:\/\/static.purejewels.com\/wp-content\/uploads\/2022\/10\/Lakshmi-Gold-Bar2.png","width":1000,"height":1000},{"@type":"BreadcrumbList","@id":"https:\/\/www.purejewels.com\/product\/baird-co-made-5gm-fine-lakshmi-gold-bar\/#breadcrumb","itemListElement":[{"@type":"ListItem","position":1,"name":"Home","item":"https:\/\/www.purejewels.com\/"},{"@type":"ListItem","position":2,"name":"Shop","item":"https:\/\/www.purejewels.com\/shop\/"},{"@type":"ListItem","position":3,"name":"Baird &#038; Co. Made 5gm Fine Lakshmi Gold Bar"}]},{"@type":"WebSite","@id":"https:\/\/www.purejewels.com\/#website","url":"https:\/\/www.purejewels.com\/","name":"PureJewels \u0130ngiltere","description":"Sevgiyi Payla\u015f\u0131n","publisher":{"@id":"https:\/\/www.purejewels.com\/#organization"},"potentialAction":[{"@type":"SearchAction","target":{"@type":"EntryPoint","urlTemplate":"https:\/\/www.purejewels.com\/?s={search_term_string}"},"query-input":{"@type":"PropertyValueSpecification","valueRequired":true,"valueName":"search_term_string"}}],"inLanguage":"tr"},{"@type":"Organization","@id":"https:\/\/www.purejewels.com\/#organization","name":"PureJewels \u0130ngiltere","url":"https:\/\/www.purejewels.com\/","logo":{"@type":"ImageObject","inLanguage":"tr","@id":"https:\/\/www.purejewels.com\/#\/schema\/logo\/image\/","url":"https:\/\/static.purejewels.com\/wp-content\/uploads\/2020\/11\/Logo-PJ-New-1.png","contentUrl":"https:\/\/static.purejewels.com\/wp-content\/uploads\/2020\/11\/Logo-PJ-New-1.png","width":150,"height":80,"caption":"PureJewels UK"},"image":{"@id":"https:\/\/www.purejewels.com\/#\/schema\/logo\/image\/"}}]}},"_links":{"self":[{"href":"https:\/\/www.purejewels.com\/tr\/wp-json\/wp\/v2\/product\/339540","targetHints":{"allow":["GET"]}}],"collection":[{"href":"https:\/\/www.purejewels.com\/tr\/wp-json\/wp\/v2\/product"}],"about":[{"href":"https:\/\/www.purejewels.com\/tr\/wp-json\/wp\/v2\/types\/product"}],"replies":[{"embeddable":true,"href":"https:\/\/www.purejewels.com\/tr\/wp-json\/wp\/v2\/comments?post=339540"}],"version-history":[{"count":1,"href":"https:\/\/www.purejewels.com\/tr\/wp-json\/wp\/v2\/product\/339540\/revisions"}],"predecessor-version":[{"id":362173,"href":"https:\/\/www.purejewels.com\/tr\/wp-json\/wp\/v2\/product\/339540\/revisions\/362173"}],"wp:featuredmedia":[{"embeddable":true,"href":"https:\/\/www.purejewels.com\/tr\/wp-json\/wp\/v2\/media\/339542"}],"wp:attachment":[{"href":"https:\/\/www.purejewels.com\/tr\/wp-json\/wp\/v2\/media?parent=339540"}],"wp:term":[{"taxonomy":"product_brand","embeddable":true,"href":"https:\/\/www.purejewels.com\/tr\/wp-json\/wp\/v2\/product_brand?post=339540"},{"taxonomy":"product_cat","embeddable":true,"href":"https:\/\/www.purejewels.com\/tr\/wp-json\/wp\/v2\/product_cat?post=339540"},{"taxonomy":"product_tag","embeddable":true,"href":"https:\/\/www.purejewels.com\/tr\/wp-json\/wp\/v2\/product_tag?post=339540"}],"curies":[{"name":"wp","href":"https:\/\/api.w.org\/{rel}","templated":true}]}}