{"id":339564,"date":"2022-10-15T07:31:24","date_gmt":"2022-10-15T06:31:24","guid":{"rendered":"https:\/\/www.purejewels.com\/?post_type=product&#038;p=339564"},"modified":"2026-01-06T07:12:35","modified_gmt":"2026-01-06T07:12:35","slug":"22-ayar-altin-hint-gelin-tikka-jali-filigran-koleksiyonu-9322","status":"publish","type":"product","link":"https:\/\/www.purejewels.com\/tr\/product\/22ct-gold-indian-bridal-tikka-jali-filigree-collection-9322\/","title":{"rendered":"22 Ayar Alt\u0131n Hint Gelin Tikka | Jali Telkari Koleksiyonu"},"content":{"rendered":"<p>Kar\u015f\u0131n\u0131zda, geleneksel i\u015f\u00e7ili\u011fin ve modern zarafetin \u00f6z\u00fcn\u00fc yans\u0131tan bir ba\u015fyap\u0131t olan 22 Ayar Alt\u0131n Hint Gelin Tikkas\u0131. Yetenekli zanaatkarlar taraf\u0131ndan \u00f6zenle i\u015flenen bu zarif tikka, bir gelinin aln\u0131n\u0131 e\u015fsiz bir zarafet ve \u00e7ekicilikle s\u00fcslemek \u00fczere tasarlanm\u0131\u015ft\u0131r.<\/p>\n<p>En iyi 22 ayar alt\u0131ndan \u00fcretilen bu gelin tikkas\u0131, \u0131\u015f\u0131lt\u0131l\u0131 ve b\u00fcy\u00fcleyici bir cazibeye sahiptir. Karma\u015f\u0131k tasar\u0131m\u0131, Hint m\u00fccevher sanat\u0131n\u0131n zengin miras\u0131n\u0131 yans\u0131tan karma\u015f\u0131k motiflerin ve narin desenlerin bir kutlamas\u0131d\u0131r. Geleneksel unsurlar ile \u00e7a\u011fda\u015f esteti\u011fin uyumlu bir birle\u015fimini sunan tikka, hem klasik hem de modern gelin tak\u0131mlar\u0131n\u0131 m\u00fckemmel bir \u015fekilde tamamlayan zamans\u0131z bir aksesuard\u0131r.<\/p>\n<p>Tikka'n\u0131n \u0131\u015f\u0131lt\u0131l\u0131 de\u011ferli ta\u015flarla bezenmi\u015f merkezi kolye ucu, \u0131\u015f\u0131\u011f\u0131 zahmetsizce yakalay\u0131p yans\u0131tarak gelininizin \u0131\u015f\u0131lt\u0131s\u0131n\u0131 tamamlayan b\u00fcy\u00fcleyici bir renk oyunu yarat\u0131r.<\/p>\n<p>\u0130ster gelene\u011fi kucaklamak isteyen bir gelin, ister bir a\u00e7\u0131klama yapmak isteyen modern bir gelin olun, 22 Ayar Alt\u0131n Hint Gelin Tikka'm\u0131z zenginli\u011fin, zarafetin ve kal\u0131c\u0131 g\u00fczelli\u011fin sembol\u00fcd\u00fcr. A\u015fk hikayenizin \u00f6z\u00fcn\u00fc yans\u0131tan bu zarif tak\u0131 ile gelin k\u0131yafetinizi y\u00fcceltin ve \u00f6m\u00fcr boyu s\u00fcrecek an\u0131lar yarat\u0131n.<\/p>","protected":false},"excerpt":{"rendered":"<ul>\n<li>22 Ayar Alt\u0131n Hint Gelin Tikkas\u0131<\/li>\n<li>Antik Kaplama ile 22 Ayar Sar\u0131 Alt\u0131ndan \u00dcretilmi\u015ftir<\/li>\n<li>A\u011f\u0131rl\u0131k 6.5 g<\/li>\n<li>Sku 9322<\/li>\n<li>T\u00fcm fiyatlara KDV dahildir<\/li>\n<li>T\u00fcm \u00fcr\u00fcnlerimiz London Assay Office taraf\u0131ndan damgalanm\u0131\u015ft\u0131r<\/li>\n<li>T\u00fcm setler sunum kutusu ile birlikte gelir<\/li>\n<li>Teslimat Dahil<\/li>\n<li>Stok durumu ve stokta bulunan benzer tasar\u0131mlar\u0131n daha fazla g\u00f6r\u00fcnt\u00fcs\u00fc i\u00e7in bizimle canl\u0131 sohbet edin<\/li>\n<\/ul>","protected":false},"featured_media":339565,"comment_status":"closed","ping_status":"closed","template":"","meta":{"_eb_attr":"","_crsspst_to_jayantr4sg-hostcom":true},"product_brand":[],"product_cat":[1761,252],"product_tag":[1833],"class_list":{"0":"post-339564","1":"product","2":"type-product","3":"status-publish","4":"has-post-thumbnail","6":"product_cat-gold-bridal-tikka","7":"product_cat-jali-collections","8":"product_tag-gold-tikka","10":"first","11":"outofstock","12":"sale","13":"taxable","14":"shipping-taxable","15":"product-type-simple","16":"add-to-wishlist-before_image"},"yoast_head":"<!-- This site is optimized with the Yoast SEO plugin v27.6 - https:\/\/yoast.com\/product\/yoast-seo-wordpress\/ -->\n<title>22ct Gold Indian Bridal Tikka available online at Purejewels UK<\/title>\n<meta name=\"description\" content=\"Elevate your bridal look with our exquisite 22ct Gold Bridal Tikka. Handcrafted to perfection, this ornate piece seamlessly blends tradition and elegance.\" \/>\n<meta name=\"robots\" content=\"index, follow, max-snippet:-1, max-image-preview:large, max-video-preview:-1\" \/>\n<link rel=\"canonical\" href=\"https:\/\/www.purejewels.com\/tr\/urun\/22-ayar-altin-hint-gelin-tikka-jali-filigran-koleksiyonu-9322\/\" \/>\n<meta property=\"og:locale\" content=\"tr_TR\" \/>\n<meta property=\"og:type\" content=\"article\" \/>\n<meta property=\"og:title\" content=\"22ct Gold Indian Bridal Tikka available online at Purejewels UK\" \/>\n<meta property=\"og:description\" content=\"Elevate your bridal look with our exquisite 22ct Gold Bridal Tikka. Handcrafted to perfection, this ornate piece seamlessly blends tradition and elegance.\" \/>\n<meta property=\"og:url\" content=\"https:\/\/www.purejewels.com\/tr\/urun\/22-ayar-altin-hint-gelin-tikka-jali-filigran-koleksiyonu-9322\/\" \/>\n<meta property=\"og:site_name\" content=\"PureJewels UK\" \/>\n<meta property=\"article:modified_time\" content=\"2026-01-06T07:12:35+00:00\" \/>\n<meta property=\"og:image\" content=\"https:\/\/www.purejewels.com\/wp-content\/uploads\/2022\/10\/9322-1.jpg\" \/>\n\t<meta property=\"og:image:width\" content=\"1000\" \/>\n\t<meta property=\"og:image:height\" content=\"1000\" \/>\n\t<meta property=\"og:image:type\" content=\"image\/jpeg\" \/>\n<meta name=\"twitter:card\" content=\"summary_large_image\" \/>\n<meta name=\"twitter:label1\" content=\"Tahmini okuma s\u00fcresi\" \/>\n\t<meta name=\"twitter:data1\" content=\"1 dakika\" \/>\n<script type=\"application\/ld+json\" class=\"yoast-schema-graph\">{\"@context\":\"https:\\\/\\\/schema.org\",\"@graph\":[{\"@type\":[\"WebPage\",\"ItemPage\"],\"@id\":\"https:\\\/\\\/www.purejewels.com\\\/product\\\/22ct-gold-indian-bridal-tikka-jali-filigree-collection-9322\\\/\",\"url\":\"https:\\\/\\\/www.purejewels.com\\\/product\\\/22ct-gold-indian-bridal-tikka-jali-filigree-collection-9322\\\/\",\"name\":\"22ct Gold Indian Bridal Tikka available online at Purejewels UK\",\"isPartOf\":{\"@id\":\"https:\\\/\\\/www.purejewels.com\\\/#website\"},\"primaryImageOfPage\":{\"@id\":\"https:\\\/\\\/www.purejewels.com\\\/product\\\/22ct-gold-indian-bridal-tikka-jali-filigree-collection-9322\\\/#primaryimage\"},\"image\":{\"@id\":\"https:\\\/\\\/www.purejewels.com\\\/product\\\/22ct-gold-indian-bridal-tikka-jali-filigree-collection-9322\\\/#primaryimage\"},\"thumbnailUrl\":\"https:\\\/\\\/static.purejewels.com\\\/wp-content\\\/uploads\\\/2022\\\/10\\\/9322-1.jpg\",\"datePublished\":\"2022-10-15T06:31:24+00:00\",\"dateModified\":\"2026-01-06T07:12:35+00:00\",\"description\":\"Elevate your bridal look with our exquisite 22ct Gold Bridal Tikka. Handcrafted to perfection, this ornate piece seamlessly blends tradition and elegance.\",\"breadcrumb\":{\"@id\":\"https:\\\/\\\/www.purejewels.com\\\/product\\\/22ct-gold-indian-bridal-tikka-jali-filigree-collection-9322\\\/#breadcrumb\"},\"inLanguage\":\"tr\",\"potentialAction\":[{\"@type\":\"ReadAction\",\"target\":[\"https:\\\/\\\/www.purejewels.com\\\/product\\\/22ct-gold-indian-bridal-tikka-jali-filigree-collection-9322\\\/\"]}]},{\"@type\":\"ImageObject\",\"inLanguage\":\"tr\",\"@id\":\"https:\\\/\\\/www.purejewels.com\\\/product\\\/22ct-gold-indian-bridal-tikka-jali-filigree-collection-9322\\\/#primaryimage\",\"url\":\"https:\\\/\\\/static.purejewels.com\\\/wp-content\\\/uploads\\\/2022\\\/10\\\/9322-1.jpg\",\"contentUrl\":\"https:\\\/\\\/static.purejewels.com\\\/wp-content\\\/uploads\\\/2022\\\/10\\\/9322-1.jpg\",\"width\":1000,\"height\":1000,\"caption\":\"22ct Gold Indian Bridal Tikka | Jali Filigree Collection\"},{\"@type\":\"BreadcrumbList\",\"@id\":\"https:\\\/\\\/www.purejewels.com\\\/product\\\/22ct-gold-indian-bridal-tikka-jali-filigree-collection-9322\\\/#breadcrumb\",\"itemListElement\":[{\"@type\":\"ListItem\",\"position\":1,\"name\":\"Home\",\"item\":\"https:\\\/\\\/www.purejewels.com\\\/\"},{\"@type\":\"ListItem\",\"position\":2,\"name\":\"Shop\",\"item\":\"https:\\\/\\\/www.purejewels.com\\\/shop\\\/\"},{\"@type\":\"ListItem\",\"position\":3,\"name\":\"22ct Gold Indian Bridal Tikka | Jali Filigree Collection\"}]},{\"@type\":\"WebSite\",\"@id\":\"https:\\\/\\\/www.purejewels.com\\\/#website\",\"url\":\"https:\\\/\\\/www.purejewels.com\\\/\",\"name\":\"PureJewels UK\",\"description\":\"Share the Love\",\"publisher\":{\"@id\":\"https:\\\/\\\/www.purejewels.com\\\/#organization\"},\"potentialAction\":[{\"@type\":\"SearchAction\",\"target\":{\"@type\":\"EntryPoint\",\"urlTemplate\":\"https:\\\/\\\/www.purejewels.com\\\/?s={search_term_string}\"},\"query-input\":{\"@type\":\"PropertyValueSpecification\",\"valueRequired\":true,\"valueName\":\"search_term_string\"}}],\"inLanguage\":\"tr\"},{\"@type\":\"Organization\",\"@id\":\"https:\\\/\\\/www.purejewels.com\\\/#organization\",\"name\":\"PureJewels UK\",\"url\":\"https:\\\/\\\/www.purejewels.com\\\/\",\"logo\":{\"@type\":\"ImageObject\",\"inLanguage\":\"tr\",\"@id\":\"https:\\\/\\\/www.purejewels.com\\\/#\\\/schema\\\/logo\\\/image\\\/\",\"url\":\"https:\\\/\\\/static.purejewels.com\\\/wp-content\\\/uploads\\\/2020\\\/11\\\/Logo-PJ-New-1.png\",\"contentUrl\":\"https:\\\/\\\/static.purejewels.com\\\/wp-content\\\/uploads\\\/2020\\\/11\\\/Logo-PJ-New-1.png\",\"width\":150,\"height\":80,\"caption\":\"PureJewels UK\"},\"image\":{\"@id\":\"https:\\\/\\\/www.purejewels.com\\\/#\\\/schema\\\/logo\\\/image\\\/\"}}]}<\/script>\n<!-- \/ Yoast SEO plugin. -->","yoast_head_json":{"title":"22 Ayar Alt\u0131n Hint Gelin Tikkas\u0131 Purejewels UK'de online olarak mevcuttur","description":"Enfes 22 Ayar Alt\u0131n Gelin Tikka'm\u0131z ile gelin g\u00f6r\u00fcn\u00fcm\u00fcn\u00fcz\u00fc y\u00fckseltin. El i\u015f\u00e7ili\u011fiyle m\u00fckemmel hale getirilen bu s\u00fcsl\u00fc par\u00e7a, gelenek ve zarafeti kusursuz bir \u015fekilde harmanl\u0131yor.","robots":{"index":"index","follow":"follow","max-snippet":"max-snippet:-1","max-image-preview":"max-image-preview:large","max-video-preview":"max-video-preview:-1"},"canonical":"https:\/\/www.purejewels.com\/tr\/urun\/22-ayar-altin-hint-gelin-tikka-jali-filigran-koleksiyonu-9322\/","og_locale":"tr_TR","og_type":"article","og_title":"22ct Gold Indian Bridal Tikka available online at Purejewels UK","og_description":"Elevate your bridal look with our exquisite 22ct Gold Bridal Tikka. Handcrafted to perfection, this ornate piece seamlessly blends tradition and elegance.","og_url":"https:\/\/www.purejewels.com\/tr\/urun\/22-ayar-altin-hint-gelin-tikka-jali-filigran-koleksiyonu-9322\/","og_site_name":"PureJewels UK","article_modified_time":"2026-01-06T07:12:35+00:00","og_image":[{"width":1000,"height":1000,"url":"https:\/\/www.purejewels.com\/wp-content\/uploads\/2022\/10\/9322-1.jpg","type":"image\/jpeg"}],"twitter_card":"summary_large_image","twitter_misc":{"Tahmini okuma s\u00fcresi":"1 dakika"},"schema":{"@context":"https:\/\/schema.org","@graph":[{"@type":["WebPage","ItemPage"],"@id":"https:\/\/www.purejewels.com\/product\/22ct-gold-indian-bridal-tikka-jali-filigree-collection-9322\/","url":"https:\/\/www.purejewels.com\/product\/22ct-gold-indian-bridal-tikka-jali-filigree-collection-9322\/","name":"22 Ayar Alt\u0131n Hint Gelin Tikkas\u0131 Purejewels UK'de online olarak mevcuttur","isPartOf":{"@id":"https:\/\/www.purejewels.com\/#website"},"primaryImageOfPage":{"@id":"https:\/\/www.purejewels.com\/product\/22ct-gold-indian-bridal-tikka-jali-filigree-collection-9322\/#primaryimage"},"image":{"@id":"https:\/\/www.purejewels.com\/product\/22ct-gold-indian-bridal-tikka-jali-filigree-collection-9322\/#primaryimage"},"thumbnailUrl":"https:\/\/static.purejewels.com\/wp-content\/uploads\/2022\/10\/9322-1.jpg","datePublished":"2022-10-15T06:31:24+00:00","dateModified":"2026-01-06T07:12:35+00:00","description":"Enfes 22 Ayar Alt\u0131n Gelin Tikka'm\u0131z ile gelin g\u00f6r\u00fcn\u00fcm\u00fcn\u00fcz\u00fc y\u00fckseltin. El i\u015f\u00e7ili\u011fiyle m\u00fckemmel hale getirilen bu s\u00fcsl\u00fc par\u00e7a, gelenek ve zarafeti kusursuz bir \u015fekilde harmanl\u0131yor.","breadcrumb":{"@id":"https:\/\/www.purejewels.com\/product\/22ct-gold-indian-bridal-tikka-jali-filigree-collection-9322\/#breadcrumb"},"inLanguage":"tr","potentialAction":[{"@type":"ReadAction","target":["https:\/\/www.purejewels.com\/product\/22ct-gold-indian-bridal-tikka-jali-filigree-collection-9322\/"]}]},{"@type":"ImageObject","inLanguage":"tr","@id":"https:\/\/www.purejewels.com\/product\/22ct-gold-indian-bridal-tikka-jali-filigree-collection-9322\/#primaryimage","url":"https:\/\/static.purejewels.com\/wp-content\/uploads\/2022\/10\/9322-1.jpg","contentUrl":"https:\/\/static.purejewels.com\/wp-content\/uploads\/2022\/10\/9322-1.jpg","width":1000,"height":1000,"caption":"22ct Gold Indian Bridal Tikka | Jali Filigree Collection"},{"@type":"BreadcrumbList","@id":"https:\/\/www.purejewels.com\/product\/22ct-gold-indian-bridal-tikka-jali-filigree-collection-9322\/#breadcrumb","itemListElement":[{"@type":"ListItem","position":1,"name":"Home","item":"https:\/\/www.purejewels.com\/"},{"@type":"ListItem","position":2,"name":"Shop","item":"https:\/\/www.purejewels.com\/shop\/"},{"@type":"ListItem","position":3,"name":"22ct Gold Indian Bridal Tikka | Jali Filigree Collection"}]},{"@type":"WebSite","@id":"https:\/\/www.purejewels.com\/#website","url":"https:\/\/www.purejewels.com\/","name":"PureJewels \u0130ngiltere","description":"Sevgiyi Payla\u015f\u0131n","publisher":{"@id":"https:\/\/www.purejewels.com\/#organization"},"potentialAction":[{"@type":"SearchAction","target":{"@type":"EntryPoint","urlTemplate":"https:\/\/www.purejewels.com\/?s={search_term_string}"},"query-input":{"@type":"PropertyValueSpecification","valueRequired":true,"valueName":"search_term_string"}}],"inLanguage":"tr"},{"@type":"Organization","@id":"https:\/\/www.purejewels.com\/#organization","name":"PureJewels \u0130ngiltere","url":"https:\/\/www.purejewels.com\/","logo":{"@type":"ImageObject","inLanguage":"tr","@id":"https:\/\/www.purejewels.com\/#\/schema\/logo\/image\/","url":"https:\/\/static.purejewels.com\/wp-content\/uploads\/2020\/11\/Logo-PJ-New-1.png","contentUrl":"https:\/\/static.purejewels.com\/wp-content\/uploads\/2020\/11\/Logo-PJ-New-1.png","width":150,"height":80,"caption":"PureJewels UK"},"image":{"@id":"https:\/\/www.purejewels.com\/#\/schema\/logo\/image\/"}}]}},"_links":{"self":[{"href":"https:\/\/www.purejewels.com\/tr\/wp-json\/wp\/v2\/product\/339564","targetHints":{"allow":["GET"]}}],"collection":[{"href":"https:\/\/www.purejewels.com\/tr\/wp-json\/wp\/v2\/product"}],"about":[{"href":"https:\/\/www.purejewels.com\/tr\/wp-json\/wp\/v2\/types\/product"}],"replies":[{"embeddable":true,"href":"https:\/\/www.purejewels.com\/tr\/wp-json\/wp\/v2\/comments?post=339564"}],"version-history":[{"count":1,"href":"https:\/\/www.purejewels.com\/tr\/wp-json\/wp\/v2\/product\/339564\/revisions"}],"predecessor-version":[{"id":363287,"href":"https:\/\/www.purejewels.com\/tr\/wp-json\/wp\/v2\/product\/339564\/revisions\/363287"}],"wp:featuredmedia":[{"embeddable":true,"href":"https:\/\/www.purejewels.com\/tr\/wp-json\/wp\/v2\/media\/339565"}],"wp:attachment":[{"href":"https:\/\/www.purejewels.com\/tr\/wp-json\/wp\/v2\/media?parent=339564"}],"wp:term":[{"taxonomy":"product_brand","embeddable":true,"href":"https:\/\/www.purejewels.com\/tr\/wp-json\/wp\/v2\/product_brand?post=339564"},{"taxonomy":"product_cat","embeddable":true,"href":"https:\/\/www.purejewels.com\/tr\/wp-json\/wp\/v2\/product_cat?post=339564"},{"taxonomy":"product_tag","embeddable":true,"href":"https:\/\/www.purejewels.com\/tr\/wp-json\/wp\/v2\/product_tag?post=339564"}],"curies":[{"name":"wp","href":"https:\/\/api.w.org\/{rel}","templated":true}]}}