{"id":339576,"date":"2022-10-15T08:05:35","date_gmt":"2022-10-15T07:05:35","guid":{"rendered":"https:\/\/www.purejewels.com\/?post_type=product&#038;p=339576"},"modified":"2024-09-13T04:57:14","modified_gmt":"2024-09-13T03:57:14","slug":"bayanlar-icin-22-ayar-altin-boncuk-zincir-18-inc-3-mm-inci-zincir-43104","status":"publish","type":"product","link":"https:\/\/www.purejewels.com\/tr\/product\/22ct-gold-bead-chain-for-ladies-18-inches-3-5mm-pearl-chain-43104\/","title":{"rendered":"Bayanlar i\u00e7in 22 Ayar Alt\u0131n Boncuk Zincir | 18 \u0130n\u00e7 | 3,5 mm | \u0130nci Zincir"},"content":{"rendered":"<ul>\n<li>A\u011f\u0131rl\u0131k 9,9 gms<\/li>\n<li>SKU. 43104<\/li>\n<li>Uzunluk. 18\u2033 \u0130n\u00e7<\/li>\n<\/ul>","protected":false},"excerpt":{"rendered":"<ul>\n<li>22 Ayar Alt\u0131n \u0130nci Zincir<\/li>\n<li>A\u011f\u0131rl\u0131k 9,9 gms<\/li>\n<li>SKU. 43104<\/li>\n<li>Uzunluk. 18\u2033 \u0130n\u00e7<\/li>\n<li>T\u00fcm \u00fcr\u00fcnlerimiz London Assay Office taraf\u0131ndan damgalanm\u0131\u015ft\u0131r<\/li>\n<li>T\u00fcm setler sunum kutusu ile birlikte gelir<\/li>\n<li>Teslimat Dahil<\/li>\n<li>T\u00fcm fiyatlara KDV dahildir<\/li>\n<li>\u00dcr\u00fcn\u00fcn videosunu g\u00f6rmek i\u00e7in bize ula\u015f\u0131n \/ bizimle sohbet edin<\/li>\n<\/ul>","protected":false},"featured_media":339577,"comment_status":"closed","ping_status":"closed","template":"","meta":{"_eb_attr":"","_crsspst_to_jayantr4sg-hostcom":false},"product_brand":[],"product_cat":[5014,1791,1559,1793,1792,1790,1475,1773,5456,5338,1573,1574],"product_tag":[3990,65,1430],"class_list":{"0":"post-339576","1":"product","2":"type-product","3":"status-publish","4":"has-post-thumbnail","6":"product_cat-18-inch-ladies-chain","7":"product_cat-anniversary-gifts","8":"product_cat-birthday-gifts","9":"product_cat-diwali-gifts","10":"product_cat-festival-gifts","11":"product_cat-for-whom-when","12":"product_cat-gold-chains","13":"product_cat-ladies-chains","14":"product_cat-pearl-collection","15":"product_cat-shop-by-price","16":"product_cat-wedding-gifts","17":"product_cat-womens-jewellery","18":"product_tag-22-carat-gold-chain","19":"product_tag-chains","20":"product_tag-diwali-gift","22":"first","23":"outofstock","24":"taxable","25":"shipping-taxable","26":"product-type-simple","27":"add-to-wishlist-before_image"},"yoast_head":"<!-- This site is optimized with the Yoast SEO plugin v27.6 - https:\/\/yoast.com\/product\/yoast-seo-wordpress\/ -->\n<title>22ct Gold Bead Pearl Chain in ladies | 18 Inches | online UK<\/title>\n<meta name=\"robots\" content=\"index, follow, max-snippet:-1, max-image-preview:large, max-video-preview:-1\" \/>\n<link rel=\"canonical\" href=\"https:\/\/www.purejewels.com\/tr\/urun\/bayanlar-icin-22-ayar-altin-boncuk-zincir-18-inc-3-mm-inci-zincir-43104\/\" \/>\n<meta property=\"og:locale\" content=\"tr_TR\" \/>\n<meta property=\"og:type\" content=\"article\" \/>\n<meta property=\"og:title\" content=\"22ct Gold Bead Pearl Chain in ladies | 18 Inches | online UK\" \/>\n<meta property=\"og:description\" content=\"22 Carat Gold Pearl Chain  Wt. 9.9 gms  SKU. 43104  Length. 18\u2033 Inches  All our products are hallmarked by London Assay Office  All sets comes with presentation Box  Delivery Included  All prices include VAT  Contact us \/ chat with us to see video of product\" \/>\n<meta property=\"og:url\" content=\"https:\/\/www.purejewels.com\/tr\/urun\/bayanlar-icin-22-ayar-altin-boncuk-zincir-18-inc-3-mm-inci-zincir-43104\/\" \/>\n<meta property=\"og:site_name\" content=\"PureJewels UK\" \/>\n<meta property=\"article:modified_time\" content=\"2024-09-13T03:57:14+00:00\" \/>\n<meta property=\"og:image\" content=\"https:\/\/www.purejewels.com\/wp-content\/uploads\/2022\/10\/43104-1.jpg\" \/>\n\t<meta property=\"og:image:width\" content=\"1000\" \/>\n\t<meta property=\"og:image:height\" content=\"1000\" \/>\n\t<meta property=\"og:image:type\" content=\"image\/jpeg\" \/>\n<meta name=\"twitter:card\" content=\"summary_large_image\" \/>\n<script type=\"application\/ld+json\" class=\"yoast-schema-graph\">{\"@context\":\"https:\\\/\\\/schema.org\",\"@graph\":[{\"@type\":[\"WebPage\",\"ItemPage\"],\"@id\":\"https:\\\/\\\/www.purejewels.com\\\/product\\\/22ct-gold-bead-chain-for-ladies-18-inches-3-5mm-pearl-chain-43104\\\/\",\"url\":\"https:\\\/\\\/www.purejewels.com\\\/product\\\/22ct-gold-bead-chain-for-ladies-18-inches-3-5mm-pearl-chain-43104\\\/\",\"name\":\"22ct Gold Bead Pearl Chain in ladies | 18 Inches | online UK\",\"isPartOf\":{\"@id\":\"https:\\\/\\\/www.purejewels.com\\\/#website\"},\"primaryImageOfPage\":{\"@id\":\"https:\\\/\\\/www.purejewels.com\\\/product\\\/22ct-gold-bead-chain-for-ladies-18-inches-3-5mm-pearl-chain-43104\\\/#primaryimage\"},\"image\":{\"@id\":\"https:\\\/\\\/www.purejewels.com\\\/product\\\/22ct-gold-bead-chain-for-ladies-18-inches-3-5mm-pearl-chain-43104\\\/#primaryimage\"},\"thumbnailUrl\":\"https:\\\/\\\/static.purejewels.com\\\/wp-content\\\/uploads\\\/2022\\\/10\\\/43104-1.jpg\",\"datePublished\":\"2022-10-15T07:05:35+00:00\",\"dateModified\":\"2024-09-13T03:57:14+00:00\",\"breadcrumb\":{\"@id\":\"https:\\\/\\\/www.purejewels.com\\\/product\\\/22ct-gold-bead-chain-for-ladies-18-inches-3-5mm-pearl-chain-43104\\\/#breadcrumb\"},\"inLanguage\":\"tr\",\"potentialAction\":[{\"@type\":\"ReadAction\",\"target\":[\"https:\\\/\\\/www.purejewels.com\\\/product\\\/22ct-gold-bead-chain-for-ladies-18-inches-3-5mm-pearl-chain-43104\\\/\"]}]},{\"@type\":\"ImageObject\",\"inLanguage\":\"tr\",\"@id\":\"https:\\\/\\\/www.purejewels.com\\\/product\\\/22ct-gold-bead-chain-for-ladies-18-inches-3-5mm-pearl-chain-43104\\\/#primaryimage\",\"url\":\"https:\\\/\\\/static.purejewels.com\\\/wp-content\\\/uploads\\\/2022\\\/10\\\/43104-1.jpg\",\"contentUrl\":\"https:\\\/\\\/static.purejewels.com\\\/wp-content\\\/uploads\\\/2022\\\/10\\\/43104-1.jpg\",\"width\":1000,\"height\":1000,\"caption\":\"22ct Gold Bead Chain for Ladies | 18 Inches | 3.5mm | Pearl Chain\"},{\"@type\":\"BreadcrumbList\",\"@id\":\"https:\\\/\\\/www.purejewels.com\\\/product\\\/22ct-gold-bead-chain-for-ladies-18-inches-3-5mm-pearl-chain-43104\\\/#breadcrumb\",\"itemListElement\":[{\"@type\":\"ListItem\",\"position\":1,\"name\":\"Home\",\"item\":\"https:\\\/\\\/www.purejewels.com\\\/\"},{\"@type\":\"ListItem\",\"position\":2,\"name\":\"Shop\",\"item\":\"https:\\\/\\\/www.purejewels.com\\\/shop\\\/\"},{\"@type\":\"ListItem\",\"position\":3,\"name\":\"22ct Gold Bead Chain for Ladies | 18 Inches | 3.5mm | Pearl Chain\"}]},{\"@type\":\"WebSite\",\"@id\":\"https:\\\/\\\/www.purejewels.com\\\/#website\",\"url\":\"https:\\\/\\\/www.purejewels.com\\\/\",\"name\":\"PureJewels UK\",\"description\":\"Share the Love\",\"publisher\":{\"@id\":\"https:\\\/\\\/www.purejewels.com\\\/#organization\"},\"potentialAction\":[{\"@type\":\"SearchAction\",\"target\":{\"@type\":\"EntryPoint\",\"urlTemplate\":\"https:\\\/\\\/www.purejewels.com\\\/?s={search_term_string}\"},\"query-input\":{\"@type\":\"PropertyValueSpecification\",\"valueRequired\":true,\"valueName\":\"search_term_string\"}}],\"inLanguage\":\"tr\"},{\"@type\":\"Organization\",\"@id\":\"https:\\\/\\\/www.purejewels.com\\\/#organization\",\"name\":\"PureJewels UK\",\"url\":\"https:\\\/\\\/www.purejewels.com\\\/\",\"logo\":{\"@type\":\"ImageObject\",\"inLanguage\":\"tr\",\"@id\":\"https:\\\/\\\/www.purejewels.com\\\/#\\\/schema\\\/logo\\\/image\\\/\",\"url\":\"https:\\\/\\\/static.purejewels.com\\\/wp-content\\\/uploads\\\/2020\\\/11\\\/Logo-PJ-New-1.png\",\"contentUrl\":\"https:\\\/\\\/static.purejewels.com\\\/wp-content\\\/uploads\\\/2020\\\/11\\\/Logo-PJ-New-1.png\",\"width\":150,\"height\":80,\"caption\":\"PureJewels UK\"},\"image\":{\"@id\":\"https:\\\/\\\/www.purejewels.com\\\/#\\\/schema\\\/logo\\\/image\\\/\"}}]}<\/script>\n<!-- \/ Yoast SEO plugin. -->","yoast_head_json":{"title":"Bayanlarda 22 Ayar Alt\u0131n Boncuklu \u0130nci Zincir | 18 \u0130n\u00e7 | online \u0130ngiltere","robots":{"index":"index","follow":"follow","max-snippet":"max-snippet:-1","max-image-preview":"max-image-preview:large","max-video-preview":"max-video-preview:-1"},"canonical":"https:\/\/www.purejewels.com\/tr\/urun\/bayanlar-icin-22-ayar-altin-boncuk-zincir-18-inc-3-mm-inci-zincir-43104\/","og_locale":"tr_TR","og_type":"article","og_title":"22ct Gold Bead Pearl Chain in ladies | 18 Inches | online UK","og_description":"22 Carat Gold Pearl Chain  Wt. 9.9 gms  SKU. 43104  Length. 18\u2033 Inches  All our products are hallmarked by London Assay Office  All sets comes with presentation Box  Delivery Included  All prices include VAT  Contact us \/ chat with us to see video of product","og_url":"https:\/\/www.purejewels.com\/tr\/urun\/bayanlar-icin-22-ayar-altin-boncuk-zincir-18-inc-3-mm-inci-zincir-43104\/","og_site_name":"PureJewels UK","article_modified_time":"2024-09-13T03:57:14+00:00","og_image":[{"width":1000,"height":1000,"url":"https:\/\/www.purejewels.com\/wp-content\/uploads\/2022\/10\/43104-1.jpg","type":"image\/jpeg"}],"twitter_card":"summary_large_image","schema":{"@context":"https:\/\/schema.org","@graph":[{"@type":["WebPage","ItemPage"],"@id":"https:\/\/www.purejewels.com\/product\/22ct-gold-bead-chain-for-ladies-18-inches-3-5mm-pearl-chain-43104\/","url":"https:\/\/www.purejewels.com\/product\/22ct-gold-bead-chain-for-ladies-18-inches-3-5mm-pearl-chain-43104\/","name":"Bayanlarda 22 Ayar Alt\u0131n Boncuklu \u0130nci Zincir | 18 \u0130n\u00e7 | online \u0130ngiltere","isPartOf":{"@id":"https:\/\/www.purejewels.com\/#website"},"primaryImageOfPage":{"@id":"https:\/\/www.purejewels.com\/product\/22ct-gold-bead-chain-for-ladies-18-inches-3-5mm-pearl-chain-43104\/#primaryimage"},"image":{"@id":"https:\/\/www.purejewels.com\/product\/22ct-gold-bead-chain-for-ladies-18-inches-3-5mm-pearl-chain-43104\/#primaryimage"},"thumbnailUrl":"https:\/\/static.purejewels.com\/wp-content\/uploads\/2022\/10\/43104-1.jpg","datePublished":"2022-10-15T07:05:35+00:00","dateModified":"2024-09-13T03:57:14+00:00","breadcrumb":{"@id":"https:\/\/www.purejewels.com\/product\/22ct-gold-bead-chain-for-ladies-18-inches-3-5mm-pearl-chain-43104\/#breadcrumb"},"inLanguage":"tr","potentialAction":[{"@type":"ReadAction","target":["https:\/\/www.purejewels.com\/product\/22ct-gold-bead-chain-for-ladies-18-inches-3-5mm-pearl-chain-43104\/"]}]},{"@type":"ImageObject","inLanguage":"tr","@id":"https:\/\/www.purejewels.com\/product\/22ct-gold-bead-chain-for-ladies-18-inches-3-5mm-pearl-chain-43104\/#primaryimage","url":"https:\/\/static.purejewels.com\/wp-content\/uploads\/2022\/10\/43104-1.jpg","contentUrl":"https:\/\/static.purejewels.com\/wp-content\/uploads\/2022\/10\/43104-1.jpg","width":1000,"height":1000,"caption":"22ct Gold Bead Chain for Ladies | 18 Inches | 3.5mm | Pearl Chain"},{"@type":"BreadcrumbList","@id":"https:\/\/www.purejewels.com\/product\/22ct-gold-bead-chain-for-ladies-18-inches-3-5mm-pearl-chain-43104\/#breadcrumb","itemListElement":[{"@type":"ListItem","position":1,"name":"Home","item":"https:\/\/www.purejewels.com\/"},{"@type":"ListItem","position":2,"name":"Shop","item":"https:\/\/www.purejewels.com\/shop\/"},{"@type":"ListItem","position":3,"name":"22ct Gold Bead Chain for Ladies | 18 Inches | 3.5mm | Pearl Chain"}]},{"@type":"WebSite","@id":"https:\/\/www.purejewels.com\/#website","url":"https:\/\/www.purejewels.com\/","name":"PureJewels \u0130ngiltere","description":"Sevgiyi Payla\u015f\u0131n","publisher":{"@id":"https:\/\/www.purejewels.com\/#organization"},"potentialAction":[{"@type":"SearchAction","target":{"@type":"EntryPoint","urlTemplate":"https:\/\/www.purejewels.com\/?s={search_term_string}"},"query-input":{"@type":"PropertyValueSpecification","valueRequired":true,"valueName":"search_term_string"}}],"inLanguage":"tr"},{"@type":"Organization","@id":"https:\/\/www.purejewels.com\/#organization","name":"PureJewels \u0130ngiltere","url":"https:\/\/www.purejewels.com\/","logo":{"@type":"ImageObject","inLanguage":"tr","@id":"https:\/\/www.purejewels.com\/#\/schema\/logo\/image\/","url":"https:\/\/static.purejewels.com\/wp-content\/uploads\/2020\/11\/Logo-PJ-New-1.png","contentUrl":"https:\/\/static.purejewels.com\/wp-content\/uploads\/2020\/11\/Logo-PJ-New-1.png","width":150,"height":80,"caption":"PureJewels UK"},"image":{"@id":"https:\/\/www.purejewels.com\/#\/schema\/logo\/image\/"}}]}},"_links":{"self":[{"href":"https:\/\/www.purejewels.com\/tr\/wp-json\/wp\/v2\/product\/339576","targetHints":{"allow":["GET"]}}],"collection":[{"href":"https:\/\/www.purejewels.com\/tr\/wp-json\/wp\/v2\/product"}],"about":[{"href":"https:\/\/www.purejewels.com\/tr\/wp-json\/wp\/v2\/types\/product"}],"replies":[{"embeddable":true,"href":"https:\/\/www.purejewels.com\/tr\/wp-json\/wp\/v2\/comments?post=339576"}],"version-history":[{"count":1,"href":"https:\/\/www.purejewels.com\/tr\/wp-json\/wp\/v2\/product\/339576\/revisions"}],"predecessor-version":[{"id":371896,"href":"https:\/\/www.purejewels.com\/tr\/wp-json\/wp\/v2\/product\/339576\/revisions\/371896"}],"wp:featuredmedia":[{"embeddable":true,"href":"https:\/\/www.purejewels.com\/tr\/wp-json\/wp\/v2\/media\/339577"}],"wp:attachment":[{"href":"https:\/\/www.purejewels.com\/tr\/wp-json\/wp\/v2\/media?parent=339576"}],"wp:term":[{"taxonomy":"product_brand","embeddable":true,"href":"https:\/\/www.purejewels.com\/tr\/wp-json\/wp\/v2\/product_brand?post=339576"},{"taxonomy":"product_cat","embeddable":true,"href":"https:\/\/www.purejewels.com\/tr\/wp-json\/wp\/v2\/product_cat?post=339576"},{"taxonomy":"product_tag","embeddable":true,"href":"https:\/\/www.purejewels.com\/tr\/wp-json\/wp\/v2\/product_tag?post=339576"}],"curies":[{"name":"wp","href":"https:\/\/api.w.org\/{rel}","templated":true}]}}