{"id":339661,"date":"2022-10-16T04:52:06","date_gmt":"2022-10-16T03:52:06","guid":{"rendered":"https:\/\/www.purejewels.com\/?post_type=product&#038;p=339661"},"modified":"2026-01-07T06:13:07","modified_gmt":"2026-01-07T06:13:07","slug":"baylar-icin-22-ayar-altin-yuzuk-48066","status":"publish","type":"product","link":"https:\/\/www.purejewels.com\/tr\/product\/22ct-gold-ring-for-gents-48066\/","title":{"rendered":"Erkekler i\u00e7in 22 Ayar Alt\u0131n Signet Y\u00fcz\u00fck | Kaz\u0131nabilir"},"content":{"rendered":"<p>Erkekler i\u00e7in zarif 22 ayar alt\u0131n m\u00fch\u00fcr y\u00fcz\u00fc\u011f\u00fcm\u00fczle tan\u0131\u015f\u0131n; zarafet ve sofistikeli\u011fi yans\u0131tan zamans\u0131z bir m\u00fccevher par\u00e7as\u0131. Bu \u00e7arp\u0131c\u0131 y\u00fcz\u00fck en kaliteli alt\u0131nla \u00fcretilmi\u015ftir, 11 gram a\u011f\u0131rl\u0131\u011f\u0131ndad\u0131r ve T beden olarak mevcuttur. Klasik m\u00fch\u00fcr tasar\u0131m\u0131, ba\u015f harfleri, bir monogram veya \u00f6zel bir mesajla kaz\u0131mak i\u00e7in m\u00fckemmeldir, bu da onu ger\u00e7ekten ki\u015fiselle\u015ftirilmi\u015f bir par\u00e7a haline getirir.<\/p>\n<p>\u00dcr\u00fcnlerimizin her biri Londra Assay Ofisi taraf\u0131ndan damgalanarak alt\u0131n\u0131n orijinalli\u011fini ve kalitesini garanti eder. L\u00fcks bir kutuda g\u00fczel bir \u015fekilde sunulan y\u00fcz\u00fck, sevdikleriniz i\u00e7in ideal bir hediye veya kendiniz i\u00e7in \u00f6zel bir ikramd\u0131r.<\/p>\n<p>\u0130ster benzersiz bir Asya alyans\u0131 ister g\u00fcnl\u00fck kullan\u0131m i\u00e7in iddial\u0131 bir par\u00e7a ar\u0131yor olun, bu alt\u0131n m\u00fch\u00fcr y\u00fcz\u00fck m\u00fckemmel bir se\u00e7imdir. Erkek m\u00fccevher koleksiyonumuzu ke\u015ffetmek ve m\u00fckemmel par\u00e7an\u0131z\u0131 bulmak i\u00e7in bug\u00fcn bize ula\u015f\u0131n.<\/p>","protected":false},"excerpt":{"rendered":"<ul>\n<li>Erkekler i\u00e7in 22 Ayar Alt\u0131n Y\u00fcz\u00fck<\/li>\n<li>A\u011f\u0131rl\u0131k 11 gms<\/li>\n<li>Y\u00fcz\u00fck \u00d6l\u00e7\u00fcs\u00fc T<\/li>\n<li><span id=\"urn:enhancement-b80a25bb\" class=\"textannotation\">SKU<\/span>. 48066<\/li>\n<li>Olabilir\u00a0<span id=\"urn:enhancement-c1b7fb96\" class=\"textannotation\">sipari\u015f \u00fczerine<\/span>\u00a0parmak \u00f6l\u00e7\u00fcn\u00fcze g\u00f6re<\/li>\n<li>B\u00fct\u00fcn\u00a0<span id=\"urn:enhancement-48edcf47\" class=\"textannotation\">\u00fcr\u00fcnler<\/span>\u00a0Londra taraf\u0131ndan damgalanm\u0131\u015ft\u0131r\u00a0<span id=\"urn:enhancement-452a3ce\" class=\"textannotation\">Tahlil Ofisi<\/span><\/li>\n<li>Sunum ile Birlikte Gelir\u00a0<span id=\"urn:enhancement-ac5abee4\" class=\"textannotation\">Kutu<\/span><\/li>\n<li>Teslimat Dahil<\/li>\n<li>T\u00fcm fiyatlara KDV dahildir<\/li>\n<li>Benzer Asya d\u00fc\u011f\u00fcnlerini ke\u015ffetmek i\u00e7in bize ula\u015f\u0131n\u00a0<span id=\"urn:enhancement-1162a1de\" class=\"textannotation\">halkalar<\/span><\/li>\n<\/ul>","protected":false},"featured_media":360433,"comment_status":"closed","ping_status":"closed","template":"","meta":{"_eb_attr":"","_crsspst_to_jayantr4sg-hostcom":false},"product_brand":[],"product_cat":[6123,1784,1229,1235,5906,5927,6120],"product_tag":[64],"class_list":{"0":"post-339661","1":"product","2":"type-product","3":"status-publish","4":"has-post-thumbnail","6":"product_cat-engraving","7":"product_cat-gents-rings","8":"product_cat-22ct-gold-jewellery","9":"product_cat-gold-rings","10":"product_cat-personalised-jewellery","11":"product_cat-personalised-ring","12":"product_cat-shop-by-style","13":"product_tag-rings","15":"first","16":"outofstock","17":"taxable","18":"shipping-taxable","19":"product-type-simple","20":"add-to-wishlist-before_image"},"yoast_head":"<!-- This site is optimized with the Yoast SEO plugin v27.3 - https:\/\/yoast.com\/product\/yoast-seo-wordpress\/ -->\n<title>Signet Ring in 22ct Gold for Men | Size T at PureJewels UK<\/title>\n<meta name=\"description\" content=\"Browse our exquisite Signet Ring collection for men, crafted with meticulous attention to detail in luxurious 22ct gold. Available in all sizes.\" \/>\n<meta name=\"robots\" content=\"index, follow, max-snippet:-1, max-image-preview:large, max-video-preview:-1\" \/>\n<link rel=\"canonical\" href=\"https:\/\/www.purejewels.com\/tr\/urun\/baylar-icin-22-ayar-altin-yuzuk-48066\/\" \/>\n<meta property=\"og:locale\" content=\"tr_TR\" \/>\n<meta property=\"og:type\" content=\"article\" \/>\n<meta property=\"og:title\" content=\"Signet Ring in 22ct Gold for Men | Size T at PureJewels UK\" \/>\n<meta property=\"og:description\" content=\"Browse our exquisite Signet Ring collection for men, crafted with meticulous attention to detail in luxurious 22ct gold. Available in all sizes.\" \/>\n<meta property=\"og:url\" content=\"https:\/\/www.purejewels.com\/tr\/urun\/baylar-icin-22-ayar-altin-yuzuk-48066\/\" \/>\n<meta property=\"og:site_name\" content=\"PureJewels UK\" \/>\n<meta property=\"article:modified_time\" content=\"2026-01-07T06:13:07+00:00\" \/>\n<meta property=\"og:image\" content=\"https:\/\/www.purejewels.com\/wp-content\/uploads\/2022\/10\/IMG_3433.jpg\" \/>\n\t<meta property=\"og:image:width\" content=\"1\" \/>\n\t<meta property=\"og:image:height\" content=\"1\" \/>\n\t<meta property=\"og:image:type\" content=\"image\/jpeg\" \/>\n<meta name=\"twitter:card\" content=\"summary_large_image\" \/>\n<meta name=\"twitter:label1\" content=\"Tahmini okuma s\u00fcresi\" \/>\n\t<meta name=\"twitter:data1\" content=\"1 dakika\" \/>\n<script type=\"application\/ld+json\" class=\"yoast-schema-graph\">{\"@context\":\"https:\\\/\\\/schema.org\",\"@graph\":[{\"@type\":[\"WebPage\",\"ItemPage\"],\"@id\":\"https:\\\/\\\/www.purejewels.com\\\/product\\\/22ct-gold-ring-for-gents-48066\\\/\",\"url\":\"https:\\\/\\\/www.purejewels.com\\\/product\\\/22ct-gold-ring-for-gents-48066\\\/\",\"name\":\"Signet Ring in 22ct Gold for Men | Size T at PureJewels UK\",\"isPartOf\":{\"@id\":\"https:\\\/\\\/www.purejewels.com\\\/#website\"},\"primaryImageOfPage\":{\"@id\":\"https:\\\/\\\/www.purejewels.com\\\/product\\\/22ct-gold-ring-for-gents-48066\\\/#primaryimage\"},\"image\":{\"@id\":\"https:\\\/\\\/www.purejewels.com\\\/product\\\/22ct-gold-ring-for-gents-48066\\\/#primaryimage\"},\"thumbnailUrl\":\"https:\\\/\\\/static.purejewels.com\\\/wp-content\\\/uploads\\\/2022\\\/10\\\/IMG_3433.jpg\",\"datePublished\":\"2022-10-16T03:52:06+00:00\",\"dateModified\":\"2026-01-07T06:13:07+00:00\",\"description\":\"Browse our exquisite Signet Ring collection for men, crafted with meticulous attention to detail in luxurious 22ct gold. Available in all sizes.\",\"breadcrumb\":{\"@id\":\"https:\\\/\\\/www.purejewels.com\\\/product\\\/22ct-gold-ring-for-gents-48066\\\/#breadcrumb\"},\"inLanguage\":\"tr\",\"potentialAction\":[{\"@type\":\"ReadAction\",\"target\":[\"https:\\\/\\\/www.purejewels.com\\\/product\\\/22ct-gold-ring-for-gents-48066\\\/\"]}]},{\"@type\":\"ImageObject\",\"inLanguage\":\"tr\",\"@id\":\"https:\\\/\\\/www.purejewels.com\\\/product\\\/22ct-gold-ring-for-gents-48066\\\/#primaryimage\",\"url\":\"https:\\\/\\\/static.purejewels.com\\\/wp-content\\\/uploads\\\/2022\\\/10\\\/IMG_3433.jpg\",\"contentUrl\":\"https:\\\/\\\/static.purejewels.com\\\/wp-content\\\/uploads\\\/2022\\\/10\\\/IMG_3433.jpg\",\"caption\":\"22ct Gold Signet Ring\"},{\"@type\":\"BreadcrumbList\",\"@id\":\"https:\\\/\\\/www.purejewels.com\\\/product\\\/22ct-gold-ring-for-gents-48066\\\/#breadcrumb\",\"itemListElement\":[{\"@type\":\"ListItem\",\"position\":1,\"name\":\"Home\",\"item\":\"https:\\\/\\\/www.purejewels.com\\\/\"},{\"@type\":\"ListItem\",\"position\":2,\"name\":\"Shop\",\"item\":\"https:\\\/\\\/www.purejewels.com\\\/shop\\\/\"},{\"@type\":\"ListItem\",\"position\":3,\"name\":\"22ct Gold Signet Ring for Gents | Engravable\"}]},{\"@type\":\"WebSite\",\"@id\":\"https:\\\/\\\/www.purejewels.com\\\/#website\",\"url\":\"https:\\\/\\\/www.purejewels.com\\\/\",\"name\":\"PureJewels UK\",\"description\":\"Share the Love\",\"publisher\":{\"@id\":\"https:\\\/\\\/www.purejewels.com\\\/#organization\"},\"potentialAction\":[{\"@type\":\"SearchAction\",\"target\":{\"@type\":\"EntryPoint\",\"urlTemplate\":\"https:\\\/\\\/www.purejewels.com\\\/?s={search_term_string}\"},\"query-input\":{\"@type\":\"PropertyValueSpecification\",\"valueRequired\":true,\"valueName\":\"search_term_string\"}}],\"inLanguage\":\"tr\"},{\"@type\":\"Organization\",\"@id\":\"https:\\\/\\\/www.purejewels.com\\\/#organization\",\"name\":\"PureJewels UK\",\"url\":\"https:\\\/\\\/www.purejewels.com\\\/\",\"logo\":{\"@type\":\"ImageObject\",\"inLanguage\":\"tr\",\"@id\":\"https:\\\/\\\/www.purejewels.com\\\/#\\\/schema\\\/logo\\\/image\\\/\",\"url\":\"https:\\\/\\\/static.purejewels.com\\\/wp-content\\\/uploads\\\/2020\\\/11\\\/Logo-PJ-New-1.png\",\"contentUrl\":\"https:\\\/\\\/static.purejewels.com\\\/wp-content\\\/uploads\\\/2020\\\/11\\\/Logo-PJ-New-1.png\",\"width\":150,\"height\":80,\"caption\":\"PureJewels UK\"},\"image\":{\"@id\":\"https:\\\/\\\/www.purejewels.com\\\/#\\\/schema\\\/logo\\\/image\\\/\"}}]}<\/script>\n<!-- \/ Yoast SEO plugin. -->","yoast_head_json":{"title":"Erkekler i\u00e7in 22 Ayar Alt\u0131ndan Signet Y\u00fcz\u00fck | T Beden PureJewels UK'de","description":"L\u00fcks 22 ayar alt\u0131ndan detaylara titizlikle \u00f6zen g\u00f6sterilerek haz\u0131rlanm\u0131\u015f erkekler i\u00e7in zarif Signet Y\u00fcz\u00fck koleksiyonumuza g\u00f6z at\u0131n. T\u00fcm boyutlarda mevcuttur.","robots":{"index":"index","follow":"follow","max-snippet":"max-snippet:-1","max-image-preview":"max-image-preview:large","max-video-preview":"max-video-preview:-1"},"canonical":"https:\/\/www.purejewels.com\/tr\/urun\/baylar-icin-22-ayar-altin-yuzuk-48066\/","og_locale":"tr_TR","og_type":"article","og_title":"Signet Ring in 22ct Gold for Men | Size T at PureJewels UK","og_description":"Browse our exquisite Signet Ring collection for men, crafted with meticulous attention to detail in luxurious 22ct gold. Available in all sizes.","og_url":"https:\/\/www.purejewels.com\/tr\/urun\/baylar-icin-22-ayar-altin-yuzuk-48066\/","og_site_name":"PureJewels UK","article_modified_time":"2026-01-07T06:13:07+00:00","og_image":[{"url":"https:\/\/www.purejewels.com\/wp-content\/uploads\/2022\/10\/IMG_3433.jpg","width":1,"height":1,"type":"image\/jpeg"}],"twitter_card":"summary_large_image","twitter_misc":{"Tahmini okuma s\u00fcresi":"1 dakika"},"schema":{"@context":"https:\/\/schema.org","@graph":[{"@type":["WebPage","ItemPage"],"@id":"https:\/\/www.purejewels.com\/product\/22ct-gold-ring-for-gents-48066\/","url":"https:\/\/www.purejewels.com\/product\/22ct-gold-ring-for-gents-48066\/","name":"Erkekler i\u00e7in 22 Ayar Alt\u0131ndan Signet Y\u00fcz\u00fck | T Beden PureJewels UK'de","isPartOf":{"@id":"https:\/\/www.purejewels.com\/#website"},"primaryImageOfPage":{"@id":"https:\/\/www.purejewels.com\/product\/22ct-gold-ring-for-gents-48066\/#primaryimage"},"image":{"@id":"https:\/\/www.purejewels.com\/product\/22ct-gold-ring-for-gents-48066\/#primaryimage"},"thumbnailUrl":"https:\/\/static.purejewels.com\/wp-content\/uploads\/2022\/10\/IMG_3433.jpg","datePublished":"2022-10-16T03:52:06+00:00","dateModified":"2026-01-07T06:13:07+00:00","description":"L\u00fcks 22 ayar alt\u0131ndan detaylara titizlikle \u00f6zen g\u00f6sterilerek haz\u0131rlanm\u0131\u015f erkekler i\u00e7in zarif Signet Y\u00fcz\u00fck koleksiyonumuza g\u00f6z at\u0131n. T\u00fcm boyutlarda mevcuttur.","breadcrumb":{"@id":"https:\/\/www.purejewels.com\/product\/22ct-gold-ring-for-gents-48066\/#breadcrumb"},"inLanguage":"tr","potentialAction":[{"@type":"ReadAction","target":["https:\/\/www.purejewels.com\/product\/22ct-gold-ring-for-gents-48066\/"]}]},{"@type":"ImageObject","inLanguage":"tr","@id":"https:\/\/www.purejewels.com\/product\/22ct-gold-ring-for-gents-48066\/#primaryimage","url":"https:\/\/static.purejewels.com\/wp-content\/uploads\/2022\/10\/IMG_3433.jpg","contentUrl":"https:\/\/static.purejewels.com\/wp-content\/uploads\/2022\/10\/IMG_3433.jpg","caption":"22ct Gold Signet Ring"},{"@type":"BreadcrumbList","@id":"https:\/\/www.purejewels.com\/product\/22ct-gold-ring-for-gents-48066\/#breadcrumb","itemListElement":[{"@type":"ListItem","position":1,"name":"Home","item":"https:\/\/www.purejewels.com\/"},{"@type":"ListItem","position":2,"name":"Shop","item":"https:\/\/www.purejewels.com\/shop\/"},{"@type":"ListItem","position":3,"name":"22ct Gold Signet Ring for Gents | Engravable"}]},{"@type":"WebSite","@id":"https:\/\/www.purejewels.com\/#website","url":"https:\/\/www.purejewels.com\/","name":"PureJewels \u0130ngiltere","description":"Sevgiyi Payla\u015f\u0131n","publisher":{"@id":"https:\/\/www.purejewels.com\/#organization"},"potentialAction":[{"@type":"SearchAction","target":{"@type":"EntryPoint","urlTemplate":"https:\/\/www.purejewels.com\/?s={search_term_string}"},"query-input":{"@type":"PropertyValueSpecification","valueRequired":true,"valueName":"search_term_string"}}],"inLanguage":"tr"},{"@type":"Organization","@id":"https:\/\/www.purejewels.com\/#organization","name":"PureJewels \u0130ngiltere","url":"https:\/\/www.purejewels.com\/","logo":{"@type":"ImageObject","inLanguage":"tr","@id":"https:\/\/www.purejewels.com\/#\/schema\/logo\/image\/","url":"https:\/\/static.purejewels.com\/wp-content\/uploads\/2020\/11\/Logo-PJ-New-1.png","contentUrl":"https:\/\/static.purejewels.com\/wp-content\/uploads\/2020\/11\/Logo-PJ-New-1.png","width":150,"height":80,"caption":"PureJewels UK"},"image":{"@id":"https:\/\/www.purejewels.com\/#\/schema\/logo\/image\/"}}]}},"_links":{"self":[{"href":"https:\/\/www.purejewels.com\/tr\/wp-json\/wp\/v2\/product\/339661","targetHints":{"allow":["GET"]}}],"collection":[{"href":"https:\/\/www.purejewels.com\/tr\/wp-json\/wp\/v2\/product"}],"about":[{"href":"https:\/\/www.purejewels.com\/tr\/wp-json\/wp\/v2\/types\/product"}],"replies":[{"embeddable":true,"href":"https:\/\/www.purejewels.com\/tr\/wp-json\/wp\/v2\/comments?post=339661"}],"version-history":[{"count":3,"href":"https:\/\/www.purejewels.com\/tr\/wp-json\/wp\/v2\/product\/339661\/revisions"}],"predecessor-version":[{"id":421000,"href":"https:\/\/www.purejewels.com\/tr\/wp-json\/wp\/v2\/product\/339661\/revisions\/421000"}],"wp:featuredmedia":[{"embeddable":true,"href":"https:\/\/www.purejewels.com\/tr\/wp-json\/wp\/v2\/media\/360433"}],"wp:attachment":[{"href":"https:\/\/www.purejewels.com\/tr\/wp-json\/wp\/v2\/media?parent=339661"}],"wp:term":[{"taxonomy":"product_brand","embeddable":true,"href":"https:\/\/www.purejewels.com\/tr\/wp-json\/wp\/v2\/product_brand?post=339661"},{"taxonomy":"product_cat","embeddable":true,"href":"https:\/\/www.purejewels.com\/tr\/wp-json\/wp\/v2\/product_cat?post=339661"},{"taxonomy":"product_tag","embeddable":true,"href":"https:\/\/www.purejewels.com\/tr\/wp-json\/wp\/v2\/product_tag?post=339661"}],"curies":[{"name":"wp","href":"https:\/\/api.w.org\/{rel}","templated":true}]}}