{"id":339705,"date":"2022-10-17T06:22:57","date_gmt":"2022-10-17T05:22:57","guid":{"rendered":"https:\/\/www.purejewels.com\/?post_type=product&#038;p=339705"},"modified":"2026-02-18T10:33:49","modified_gmt":"2026-02-18T10:33:49","slug":"sari-altin-burun-ignesi-43195","status":"publish","type":"product","link":"https:\/\/www.purejewels.com\/tr\/product\/yellow-gold-nose-pin-43195\/","title":{"rendered":"18 Ayar Alt\u0131n | Sar\u0131 Alt\u0131n Burun \u0130\u011fnesi | 5mm Kal\u0131n"},"content":{"rendered":"<p><strong>Tasar\u0131m<\/strong><\/p>\n<p>Bu zarif burun pimi, \u00e7i\u00e7ek motifinde d\u00fczenlenmi\u015f 5 mm'lik parlak CZ ta\u015flardan olu\u015fan bir k\u00fcme ile dikkat \u00e7ekiyor. Dairesel \u015fekli, her hareketle \u0131\u015f\u0131\u011f\u0131 yakalayan yumu\u015fak ve parlak bir \u0131\u015f\u0131lt\u0131 yarat\u0131yor. Kompakt boyutu, parlak ama zarif bir g\u00f6r\u00fcn\u00fcm tercih edenler i\u00e7in ideal bir se\u00e7imdir.<\/p>\n<p><strong>Zanaatkarl\u0131k<\/strong><\/p>\n<p>18 ayar sar\u0131 alt\u0131ndan el i\u015f\u00e7ili\u011fi ile \u00fcretilen mont\u00fcr, her bir ta\u015f\u0131 sabitlemek ve parlakl\u0131\u011f\u0131n\u0131 art\u0131rmak i\u00e7in hassas bir \u015fekilde \u015fekillendirilmi\u015ftir. Cilal\u0131 \u00e7er\u00e7eve, CZ ta\u015flar\u0131n\u0131n berrakl\u0131\u011f\u0131n\u0131 tamamlayarak s\u0131cakl\u0131k ve derinlik katar. Her burun pimi, safl\u0131\u011f\u0131 ve PureJewels i\u015f\u00e7ili\u011finin y\u00fcksek standartlar\u0131n\u0131 garanti eden Birle\u015fik Krall\u0131k'ta damgalanm\u0131\u015ft\u0131r.<\/p>\n<p><strong>\u015eekillendirme &amp; Hediyele\u015fme<\/strong><\/p>\n<p>\u00c7ok y\u00f6nl\u00fc ve zarif olan bu k\u00fcpe, hem geleneksel hem de \u00e7a\u011fda\u015f m\u00fccevherlerle m\u00fckemmel bir uyum sa\u011flar. G\u00fcnl\u00fck kullan\u0131m, kutlamalar ve do\u011fum g\u00fcnleri veya ki\u015fisel d\u00f6n\u00fcm noktalar\u0131nda hediye etmek i\u00e7in ideal olan bu k\u00fcpe, her tarza zahmetsiz bir \u0131\u015f\u0131lt\u0131 katar.<\/p>","protected":false},"excerpt":{"rendered":"<p>Parlak 18 ayar sar\u0131 alt\u0131n burun piercingi, cilal\u0131 \u00e7i\u00e7ek desenli \u00e7er\u00e7eveye yerle\u015ftirilmi\u015f 5 mm'lik CZ ta\u015flardan olu\u015fan bir k\u00fcme ile s\u00fcslenmi\u015ftir. \u0130ngiltere'de damgalanm\u0131\u015ft\u0131r.<\/p>\n<table class=\"sh_desc\" style=\"width: 100%; height: 355px;\">\n<tbody>\n<tr style=\"height: 27px;\">\n<td style=\"height: 27px;\">Burun Pimi Tipi<\/td>\n<td style=\"height: 27px;\">CZ Ta\u015fl\u0131 Burun Pimi Saplamas\u0131<\/td>\n<\/tr>\n<tr style=\"height: 27px;\">\n<td style=\"height: 27px;\">SKU<\/td>\n<td style=\"height: 27px;\">43195<\/td>\n<\/tr>\n<tr style=\"height: 27px;\">\n<td style=\"height: 27px;\">A\u011f\u0131rl\u0131k<\/td>\n<td style=\"height: 27px;\">0.2 Gms<\/td>\n<\/tr>\n<tr style=\"height: 27px;\">\n<td style=\"height: 27px;\">Metal<\/td>\n<td style=\"height: 27px;\">18 Ayar Alt\u0131n<\/td>\n<\/tr>\n<tr style=\"height: 139px;\">\n<td style=\"height: 139px;\">Boyut<\/td>\n<td style=\"height: 139px;\">\n<ul>\n<li>Sap Uzunlu\u011fu: 6mm (yakla\u015f\u0131k)<\/li>\n<li>Ayar \u00e7ap\u0131: 5 mm (yakla\u015f\u0131k)<\/li>\n<li>Sap Kal\u0131nl\u0131\u011f\u0131: 0,6 mm (yakla\u015f\u0131k)<\/li>\n<li>T\u00fcp Kal\u0131nl\u0131\u011f\u0131: 0,9 mm (yakla\u015f\u0131k)<\/li>\n<\/ul>\n<\/td>\n<\/tr>\n<tr style=\"height: 27px;\">\n<td style=\"height: 27px;\">\u00dccretler<\/td>\n<td style=\"height: 27px;\">Teslimat ve KDV Dahil<\/td>\n<\/tr>\n<tr style=\"height: 27px;\">\n<td style=\"height: 27px;\">Paketleme<\/td>\n<td style=\"height: 27px;\">Sunum Kutusu ile Birlikte Gelir<\/td>\n<\/tr>\n<tr style=\"height: 27px;\">\n<td style=\"height: 27px;\">Daha Fazla Bilgi<\/td>\n<td style=\"height: 27px;\">M\u00fcsaitlik durumu ve daha fazla resim i\u00e7in bizimle canl\u0131 sohbet edin<\/p>\n<p>Daha fazla ke\u015ffedin Burun i\u011fneleri<\/td>\n<\/tr>\n<\/tbody>\n<\/table>","protected":false},"featured_media":345425,"comment_status":"closed","ping_status":"closed","template":"","meta":{"_eb_attr":"","_crsspst_to_jayantr4sg-hostcom":false},"product_brand":[],"product_cat":[5679,1711,5342,5942,1574],"product_tag":[],"class_list":{"0":"post-339705","1":"product","2":"type-product","3":"status-publish","4":"has-post-thumbnail","6":"product_cat-18ct-gold-jewellery","7":"product_cat-gold-nose-studs","8":"product_cat-jewellery-under-250","9":"product_cat-nose-jewellery","10":"product_cat-womens-jewellery","12":"first","13":"instock","14":"taxable","15":"shipping-taxable","16":"purchasable","17":"product-type-simple","18":"add-to-wishlist-before_image"},"yoast_head":"<!-- This site is optimized with the Yoast SEO plugin v27.6 - https:\/\/yoast.com\/product\/yoast-seo-wordpress\/ -->\n<title>18ct Gold | CZ Nose Pin Stud | 5mm Thick | Purejewels<\/title>\n<meta name=\"description\" content=\"Shop the 18ct Yellow Gold CZ Cluster Nose Stud at PureJewels UK. Featuring a 5mm cluster of brilliant CZ stones set in a warm gold frame.\" \/>\n<meta name=\"robots\" content=\"index, follow, max-snippet:-1, max-image-preview:large, max-video-preview:-1\" \/>\n<link rel=\"canonical\" href=\"https:\/\/www.purejewels.com\/tr\/urun\/sari-altin-burun-ignesi-43195\/\" \/>\n<meta property=\"og:locale\" content=\"tr_TR\" \/>\n<meta property=\"og:type\" content=\"article\" \/>\n<meta property=\"og:title\" content=\"18ct Gold | CZ Nose Pin Stud | 5mm Thick | Purejewels\" \/>\n<meta property=\"og:description\" content=\"Shop the 18ct Yellow Gold CZ Cluster Nose Stud at PureJewels UK. Featuring a 5mm cluster of brilliant CZ stones set in a warm gold frame.\" \/>\n<meta property=\"og:url\" content=\"https:\/\/www.purejewels.com\/tr\/urun\/sari-altin-burun-ignesi-43195\/\" \/>\n<meta property=\"og:site_name\" content=\"PureJewels UK\" \/>\n<meta property=\"article:modified_time\" content=\"2026-02-18T10:33:49+00:00\" \/>\n<meta property=\"og:image\" content=\"https:\/\/static.purejewels.com\/wp-content\/uploads\/2022\/10\/43195.jpg\" \/>\n\t<meta property=\"og:image:width\" content=\"1\" \/>\n\t<meta property=\"og:image:height\" content=\"1\" \/>\n\t<meta property=\"og:image:type\" content=\"image\/jpeg\" \/>\n<meta name=\"twitter:card\" content=\"summary_large_image\" \/>\n<meta name=\"twitter:label1\" content=\"Tahmini okuma s\u00fcresi\" \/>\n\t<meta name=\"twitter:data1\" content=\"1 dakika\" \/>\n<script type=\"application\/ld+json\" class=\"yoast-schema-graph\">{\"@context\":\"https:\\\/\\\/schema.org\",\"@graph\":[{\"@type\":[\"WebPage\",\"ItemPage\"],\"@id\":\"https:\\\/\\\/www.purejewels.com\\\/product\\\/yellow-gold-nose-pin-43195\\\/\",\"url\":\"https:\\\/\\\/www.purejewels.com\\\/product\\\/yellow-gold-nose-pin-43195\\\/\",\"name\":\"18ct Gold | CZ Nose Pin Stud | 5mm Thick | Purejewels\",\"isPartOf\":{\"@id\":\"https:\\\/\\\/www.purejewels.com\\\/#website\"},\"primaryImageOfPage\":{\"@id\":\"https:\\\/\\\/www.purejewels.com\\\/product\\\/yellow-gold-nose-pin-43195\\\/#primaryimage\"},\"image\":{\"@id\":\"https:\\\/\\\/www.purejewels.com\\\/product\\\/yellow-gold-nose-pin-43195\\\/#primaryimage\"},\"thumbnailUrl\":\"https:\\\/\\\/static.purejewels.com\\\/wp-content\\\/uploads\\\/2022\\\/10\\\/43195.jpg\",\"datePublished\":\"2022-10-17T05:22:57+00:00\",\"dateModified\":\"2026-02-18T10:33:49+00:00\",\"description\":\"Shop the 18ct Yellow Gold CZ Cluster Nose Stud at PureJewels UK. Featuring a 5mm cluster of brilliant CZ stones set in a warm gold frame.\",\"breadcrumb\":{\"@id\":\"https:\\\/\\\/www.purejewels.com\\\/product\\\/yellow-gold-nose-pin-43195\\\/#breadcrumb\"},\"inLanguage\":\"tr\",\"potentialAction\":[{\"@type\":\"ReadAction\",\"target\":[\"https:\\\/\\\/www.purejewels.com\\\/product\\\/yellow-gold-nose-pin-43195\\\/\"]}]},{\"@type\":\"ImageObject\",\"inLanguage\":\"tr\",\"@id\":\"https:\\\/\\\/www.purejewels.com\\\/product\\\/yellow-gold-nose-pin-43195\\\/#primaryimage\",\"url\":\"https:\\\/\\\/static.purejewels.com\\\/wp-content\\\/uploads\\\/2022\\\/10\\\/43195.jpg\",\"contentUrl\":\"https:\\\/\\\/static.purejewels.com\\\/wp-content\\\/uploads\\\/2022\\\/10\\\/43195.jpg\",\"caption\":\"18 carat | Gold CZ Nose Pin Stud | 2.5 mm Thick\"},{\"@type\":\"BreadcrumbList\",\"@id\":\"https:\\\/\\\/www.purejewels.com\\\/product\\\/yellow-gold-nose-pin-43195\\\/#breadcrumb\",\"itemListElement\":[{\"@type\":\"ListItem\",\"position\":1,\"name\":\"Home\",\"item\":\"https:\\\/\\\/www.purejewels.com\\\/\"},{\"@type\":\"ListItem\",\"position\":2,\"name\":\"Shop\",\"item\":\"https:\\\/\\\/www.purejewels.com\\\/shop\\\/\"},{\"@type\":\"ListItem\",\"position\":3,\"name\":\"18ct Gold | Yellow Gold Nose Pin | 5mm Thick\"}]},{\"@type\":\"WebSite\",\"@id\":\"https:\\\/\\\/www.purejewels.com\\\/#website\",\"url\":\"https:\\\/\\\/www.purejewels.com\\\/\",\"name\":\"PureJewels UK\",\"description\":\"Share the Love\",\"publisher\":{\"@id\":\"https:\\\/\\\/www.purejewels.com\\\/#organization\"},\"potentialAction\":[{\"@type\":\"SearchAction\",\"target\":{\"@type\":\"EntryPoint\",\"urlTemplate\":\"https:\\\/\\\/www.purejewels.com\\\/?s={search_term_string}\"},\"query-input\":{\"@type\":\"PropertyValueSpecification\",\"valueRequired\":true,\"valueName\":\"search_term_string\"}}],\"inLanguage\":\"tr\"},{\"@type\":\"Organization\",\"@id\":\"https:\\\/\\\/www.purejewels.com\\\/#organization\",\"name\":\"PureJewels UK\",\"url\":\"https:\\\/\\\/www.purejewels.com\\\/\",\"logo\":{\"@type\":\"ImageObject\",\"inLanguage\":\"tr\",\"@id\":\"https:\\\/\\\/www.purejewels.com\\\/#\\\/schema\\\/logo\\\/image\\\/\",\"url\":\"https:\\\/\\\/static.purejewels.com\\\/wp-content\\\/uploads\\\/2020\\\/11\\\/Logo-PJ-New-1.png\",\"contentUrl\":\"https:\\\/\\\/static.purejewels.com\\\/wp-content\\\/uploads\\\/2020\\\/11\\\/Logo-PJ-New-1.png\",\"width\":150,\"height\":80,\"caption\":\"PureJewels UK\"},\"image\":{\"@id\":\"https:\\\/\\\/www.purejewels.com\\\/#\\\/schema\\\/logo\\\/image\\\/\"}}]}<\/script>\n<!-- \/ Yoast SEO plugin. -->","yoast_head_json":{"title":"18 Ayar Alt\u0131n | CZ Burun \u0130\u011fnesi Saplama | 5mm Kal\u0131n | Purejewels","description":"PureJewels UK'de 18 ayar sar\u0131 alt\u0131n CZ k\u00fcme burun piercingini sat\u0131n al\u0131n. S\u0131cak alt\u0131n \u00e7er\u00e7eveye yerle\u015ftirilmi\u015f 5 mm'lik parlak CZ ta\u015flardan olu\u015fan bir k\u00fcme ile dikkat \u00e7eker.","robots":{"index":"index","follow":"follow","max-snippet":"max-snippet:-1","max-image-preview":"max-image-preview:large","max-video-preview":"max-video-preview:-1"},"canonical":"https:\/\/www.purejewels.com\/tr\/urun\/sari-altin-burun-ignesi-43195\/","og_locale":"tr_TR","og_type":"article","og_title":"18ct Gold | CZ Nose Pin Stud | 5mm Thick | Purejewels","og_description":"Shop the 18ct Yellow Gold CZ Cluster Nose Stud at PureJewels UK. Featuring a 5mm cluster of brilliant CZ stones set in a warm gold frame.","og_url":"https:\/\/www.purejewels.com\/tr\/urun\/sari-altin-burun-ignesi-43195\/","og_site_name":"PureJewels UK","article_modified_time":"2026-02-18T10:33:49+00:00","og_image":[{"url":"https:\/\/static.purejewels.com\/wp-content\/uploads\/2022\/10\/43195.jpg","width":1,"height":1,"type":"image\/jpeg"}],"twitter_card":"summary_large_image","twitter_misc":{"Tahmini okuma s\u00fcresi":"1 dakika"},"schema":{"@context":"https:\/\/schema.org","@graph":[{"@type":["WebPage","ItemPage"],"@id":"https:\/\/www.purejewels.com\/product\/yellow-gold-nose-pin-43195\/","url":"https:\/\/www.purejewels.com\/product\/yellow-gold-nose-pin-43195\/","name":"18 Ayar Alt\u0131n | CZ Burun \u0130\u011fnesi Saplama | 5mm Kal\u0131n | Purejewels","isPartOf":{"@id":"https:\/\/www.purejewels.com\/#website"},"primaryImageOfPage":{"@id":"https:\/\/www.purejewels.com\/product\/yellow-gold-nose-pin-43195\/#primaryimage"},"image":{"@id":"https:\/\/www.purejewels.com\/product\/yellow-gold-nose-pin-43195\/#primaryimage"},"thumbnailUrl":"https:\/\/static.purejewels.com\/wp-content\/uploads\/2022\/10\/43195.jpg","datePublished":"2022-10-17T05:22:57+00:00","dateModified":"2026-02-18T10:33:49+00:00","description":"PureJewels UK'de 18 ayar sar\u0131 alt\u0131n CZ k\u00fcme burun piercingini sat\u0131n al\u0131n. S\u0131cak alt\u0131n \u00e7er\u00e7eveye yerle\u015ftirilmi\u015f 5 mm'lik parlak CZ ta\u015flardan olu\u015fan bir k\u00fcme ile dikkat \u00e7eker.","breadcrumb":{"@id":"https:\/\/www.purejewels.com\/product\/yellow-gold-nose-pin-43195\/#breadcrumb"},"inLanguage":"tr","potentialAction":[{"@type":"ReadAction","target":["https:\/\/www.purejewels.com\/product\/yellow-gold-nose-pin-43195\/"]}]},{"@type":"ImageObject","inLanguage":"tr","@id":"https:\/\/www.purejewels.com\/product\/yellow-gold-nose-pin-43195\/#primaryimage","url":"https:\/\/static.purejewels.com\/wp-content\/uploads\/2022\/10\/43195.jpg","contentUrl":"https:\/\/static.purejewels.com\/wp-content\/uploads\/2022\/10\/43195.jpg","caption":"18 carat | Gold CZ Nose Pin Stud | 2.5 mm Thick"},{"@type":"BreadcrumbList","@id":"https:\/\/www.purejewels.com\/product\/yellow-gold-nose-pin-43195\/#breadcrumb","itemListElement":[{"@type":"ListItem","position":1,"name":"Home","item":"https:\/\/www.purejewels.com\/"},{"@type":"ListItem","position":2,"name":"Shop","item":"https:\/\/www.purejewels.com\/shop\/"},{"@type":"ListItem","position":3,"name":"18ct Gold | Yellow Gold Nose Pin | 5mm Thick"}]},{"@type":"WebSite","@id":"https:\/\/www.purejewels.com\/#website","url":"https:\/\/www.purejewels.com\/","name":"PureJewels \u0130ngiltere","description":"Sevgiyi Payla\u015f\u0131n","publisher":{"@id":"https:\/\/www.purejewels.com\/#organization"},"potentialAction":[{"@type":"SearchAction","target":{"@type":"EntryPoint","urlTemplate":"https:\/\/www.purejewels.com\/?s={search_term_string}"},"query-input":{"@type":"PropertyValueSpecification","valueRequired":true,"valueName":"search_term_string"}}],"inLanguage":"tr"},{"@type":"Organization","@id":"https:\/\/www.purejewels.com\/#organization","name":"PureJewels \u0130ngiltere","url":"https:\/\/www.purejewels.com\/","logo":{"@type":"ImageObject","inLanguage":"tr","@id":"https:\/\/www.purejewels.com\/#\/schema\/logo\/image\/","url":"https:\/\/static.purejewels.com\/wp-content\/uploads\/2020\/11\/Logo-PJ-New-1.png","contentUrl":"https:\/\/static.purejewels.com\/wp-content\/uploads\/2020\/11\/Logo-PJ-New-1.png","width":150,"height":80,"caption":"PureJewels UK"},"image":{"@id":"https:\/\/www.purejewels.com\/#\/schema\/logo\/image\/"}}]}},"_links":{"self":[{"href":"https:\/\/www.purejewels.com\/tr\/wp-json\/wp\/v2\/product\/339705","targetHints":{"allow":["GET"]}}],"collection":[{"href":"https:\/\/www.purejewels.com\/tr\/wp-json\/wp\/v2\/product"}],"about":[{"href":"https:\/\/www.purejewels.com\/tr\/wp-json\/wp\/v2\/types\/product"}],"replies":[{"embeddable":true,"href":"https:\/\/www.purejewels.com\/tr\/wp-json\/wp\/v2\/comments?post=339705"}],"version-history":[{"count":3,"href":"https:\/\/www.purejewels.com\/tr\/wp-json\/wp\/v2\/product\/339705\/revisions"}],"predecessor-version":[{"id":422620,"href":"https:\/\/www.purejewels.com\/tr\/wp-json\/wp\/v2\/product\/339705\/revisions\/422620"}],"wp:featuredmedia":[{"embeddable":true,"href":"https:\/\/www.purejewels.com\/tr\/wp-json\/wp\/v2\/media\/345425"}],"wp:attachment":[{"href":"https:\/\/www.purejewels.com\/tr\/wp-json\/wp\/v2\/media?parent=339705"}],"wp:term":[{"taxonomy":"product_brand","embeddable":true,"href":"https:\/\/www.purejewels.com\/tr\/wp-json\/wp\/v2\/product_brand?post=339705"},{"taxonomy":"product_cat","embeddable":true,"href":"https:\/\/www.purejewels.com\/tr\/wp-json\/wp\/v2\/product_cat?post=339705"},{"taxonomy":"product_tag","embeddable":true,"href":"https:\/\/www.purejewels.com\/tr\/wp-json\/wp\/v2\/product_tag?post=339705"}],"curies":[{"name":"wp","href":"https:\/\/api.w.org\/{rel}","templated":true}]}}